{"id":27724,"date":"2017-04-24T14:25:45","date_gmt":"2017-04-24T14:25:45","guid":{"rendered":"https:\/\/www.urlaubcornwall.de\/blog\/?page_id=27724"},"modified":"2024-05-29T15:08:50","modified_gmt":"2024-05-29T15:08:50","slug":"ein-luxus-landhotel-cheltenham-cotswolds","status":"publish","type":"page","link":"https:\/\/www.urlaubcornwall.de\/blog\/ein-luxus-landhotel-cheltenham-cotswolds\/","title":{"rendered":"Ein Luxus-Landhotel in Cheltenham &#8211; Die sch\u00f6nsten Hotels in den Cotswolds"},"content":{"rendered":"<p><a href=\"https:\/\/www.urlaubcornwall.de\/blog\/wp-content\/uploads\/2016\/10\/urlaub-cheltenham.jpg\"><img loading=\"lazy\" src=\"https:\/\/www.urlaubcornwall.de\/blog\/wp-content\/uploads\/2016\/10\/urlaub-cheltenham.jpg\" alt=\"-cheltenham\" width=\"745\" height=\"431\" class=\"alignnone size-full wp-image-25113\" srcset=\"https:\/\/www.urlaubcornwall.de\/blog\/wp-content\/uploads\/2016\/10\/urlaub-cheltenham.jpg 745w, https:\/\/www.urlaubcornwall.de\/blog\/wp-content\/uploads\/2016\/10\/urlaub-cheltenham-300x174.jpg 300w\" sizes=\"(max-width: 745px) 100vw, 745px\" \/><\/a><\/p>\n<p style=\"text-align: left;\">Am Stadtrand der Regency Stadt Cheltenham gelegen, ist <a href=\"https:\/\/www.booking.com\/hotel\/gb\/the-greenway.html?aid=1320750&amp;no_rooms=1&amp;group_adults=2&amp;room1=A%2CA\">The Greenway ein luxuri\u00f6ses elisabethanisches Herrenhaushotel und Spa<\/a> des 16. Jahrhunderts.<\/p>\n<p style=\"text-align: left;\">Das Hotel mit 21 Zimmern, seinem warmen \u00c4u\u00dferen aus <a href=\"https:\/\/www.urlaubcornwall.de\/blog\/urlaub-reisen-von-den-cotswolds-und-dem-land-shakespeares\/\">Cotswold<\/a> Gestein, liefert das Bild englischen l\u00e4ndlichen Charmes; die acht Ar herrlichen Grundst\u00fccks bieten Blick \u00fcber die sich dahin schwingenden Cotswold Hills.<\/p>\n<p style=\"text-align: left;\">Luxuri\u00f6se Zimmer, hervorragender Service, Spa mit Wassertherapiebecken, Mineralbecken und Au\u00dfen Hot Tub, das preisgekr\u00f6nte Restaurant, sowie die entspannende Lounge und Bar mit offenen Steinfeuerstellen bieten sich allesamt perfekt dazu an, nach einem Renntag bei Cheltenham mit einem Cocktail und Kanapees zu entspannen. S\u00e4mtliche Zimmer sind makellost eingerichtet mit einer einzigartigen Mischung an traditionellem Landherrenhausstil und stilvollem Boutiquedekor.<\/p>\n<p style=\"text-align: left;\">Die individuell geschaffenen R\u00e4ume haben originale Holzm\u00f6bel und lebendige Stoffe, die, zusammen gesehen, das Gef\u00fchl eines pr\u00e4chtigen Zuhauses vom Zuhause vermitteln und somit sicherstellen, dass Ihre Erfahrung im Greenway eine von ultimativem Komfort und Luxus ist.<\/p>\n<p style=\"text-align: center;\"><a class=\"tidycta\" href=\"https:\/\/www.booking.com\/hotel\/gb\/the-greenway.html?aid=1320750&amp;no_rooms=1&amp;group_adults=2&amp;room1=A%2CA\" rel=\"nofollow\">Verf\u00fcgbarkeit pr\u00fcfen<\/a><\/p>\n<p style=\"text-align: center;\"><a href=\"https:\/\/www.urlaubcornwall.de\/rundreisenservice.php\"><strong>Unser Rundreisenservice<\/strong><\/a><\/p>\n<p style=\"text-align: center;\">Das beste an unseren Touren ist, dass Sie \u00fcberhaupt nicht eingeschr\u00e4nkt sind.Sie reisen vielleicht g\u00fcnstig, doch das bedeutet nicht, dass Sie nicht eine besondere Nacht in einer Luxusunterkunft oder einem Schlosshotel verbringen k\u00f6nnen.<\/p>\n\n<p style=\"text-align: center;\"><a class=\"tidycta\" href=\"https:\/\/www.urlaubcornwall.de\/anfrage.php?tourcode=Rundreise S\u00fcdengland\">S\u00fcdengland Rundreise Anfrage<\/a><\/p>\n","protected":false},"excerpt":{"rendered":"<p>Am Stadtrand der Regency Stadt Cheltenham gelegen, ist The Greenway ein luxuri\u00f6ses elisabethanisches Herrenhaushotel und Spa des 16. Jahrhunderts. Das Hotel mit 21 Zimmern, seinem warmen \u00c4u\u00dferen aus Cotswold Gestein, liefert das Bild englischen l\u00e4ndlichen Charmes; die acht Ar herrlichen Grundst\u00fccks bieten Blick \u00fcber die sich dahin schwingenden Cotswold Hills. Luxuri\u00f6se Zimmer, hervorragender Service, Spa [&hellip;]<\/p>\n","protected":false},"author":1,"featured_media":0,"parent":0,"menu_order":0,"comment_status":"closed","ping_status":"closed","template":"single-four.php","meta":[],"acf":[],"yoast_head":"<!-- This site is optimized with the Yoast SEO plugin v19.4 - https:\/\/yoast.com\/wordpress\/plugins\/seo\/ -->\n<title>Ein Luxus-Landhotel in Cheltenham - Die sch\u00f6nsten Hotels in den Cotswolds - Urlaub &amp; Reisen<\/title>\n<meta name=\"robots\" content=\"index, follow, max-snippet:-1, max-image-preview:large, max-video-preview:-1\" \/>\n<link rel=\"canonical\" href=\"https:\/\/www.urlaubcornwall.de\/blog\/ein-luxus-landhotel-cheltenham-cotswolds\/\" \/>\n<meta property=\"og:locale\" content=\"en_US\" \/>\n<meta property=\"og:type\" content=\"article\" \/>\n<meta property=\"og:title\" content=\"Ein Luxus-Landhotel in Cheltenham - Die sch\u00f6nsten Hotels in den Cotswolds - Urlaub &amp; Reisen\" \/>\n<meta property=\"og:description\" content=\"Am Stadtrand der Regency Stadt Cheltenham gelegen, ist The Greenway ein luxuri\u00f6ses elisabethanisches Herrenhaushotel und Spa des 16. Jahrhunderts. Das Hotel mit 21 Zimmern, seinem warmen \u00c4u\u00dferen aus Cotswold Gestein, liefert das Bild englischen l\u00e4ndlichen Charmes; die acht Ar herrlichen Grundst\u00fccks bieten Blick \u00fcber die sich dahin schwingenden Cotswold Hills. Luxuri\u00f6se Zimmer, hervorragender Service, Spa [&hellip;]\" \/>\n<meta property=\"og:url\" content=\"https:\/\/www.urlaubcornwall.de\/blog\/ein-luxus-landhotel-cheltenham-cotswolds\/\" \/>\n<meta property=\"og:site_name\" content=\"Urlaub &amp; Reisen\" \/>\n<meta property=\"article:modified_time\" content=\"2024-05-29T15:08:50+00:00\" \/>\n<meta property=\"og:image\" content=\"https:\/\/www.urlaubcornwall.de\/blog\/wp-content\/uploads\/2016\/10\/urlaub-cheltenham.jpg\" \/>\n<meta name=\"twitter:card\" content=\"summary\" \/>\n<meta name=\"twitter:label1\" content=\"Est. reading time\" \/>\n\t<meta name=\"twitter:data1\" content=\"1 minute\" \/>\n<script type=\"application\/ld+json\" class=\"yoast-schema-graph\">{\"@context\":\"https:\/\/schema.org\",\"@graph\":[{\"@type\":\"WebSite\",\"@id\":\"https:\/\/www.urlaubcornwall.de\/blog\/#website\",\"url\":\"https:\/\/www.urlaubcornwall.de\/blog\/\",\"name\":\"Urlaub &amp; Reisen\",\"description\":\"Urlaub, Reisen, Cornwall und S\u00fcdengland: eine perfekte Kombination\",\"potentialAction\":[{\"@type\":\"SearchAction\",\"target\":{\"@type\":\"EntryPoint\",\"urlTemplate\":\"https:\/\/www.urlaubcornwall.de\/blog\/?s={search_term_string}\"},\"query-input\":\"required name=search_term_string\"}],\"inLanguage\":\"en-US\"},{\"@type\":\"WebPage\",\"@id\":\"https:\/\/www.urlaubcornwall.de\/blog\/ein-luxus-landhotel-cheltenham-cotswolds\/\",\"url\":\"https:\/\/www.urlaubcornwall.de\/blog\/ein-luxus-landhotel-cheltenham-cotswolds\/\",\"name\":\"Ein Luxus-Landhotel in Cheltenham - Die sch\u00f6nsten Hotels in den Cotswolds - Urlaub &amp; Reisen\",\"isPartOf\":{\"@id\":\"https:\/\/www.urlaubcornwall.de\/blog\/#website\"},\"datePublished\":\"2017-04-24T14:25:45+00:00\",\"dateModified\":\"2024-05-29T15:08:50+00:00\",\"breadcrumb\":{\"@id\":\"https:\/\/www.urlaubcornwall.de\/blog\/ein-luxus-landhotel-cheltenham-cotswolds\/#breadcrumb\"},\"inLanguage\":\"en-US\",\"potentialAction\":[{\"@type\":\"ReadAction\",\"target\":[\"https:\/\/www.urlaubcornwall.de\/blog\/ein-luxus-landhotel-cheltenham-cotswolds\/\"]}]},{\"@type\":\"BreadcrumbList\",\"@id\":\"https:\/\/www.urlaubcornwall.de\/blog\/ein-luxus-landhotel-cheltenham-cotswolds\/#breadcrumb\",\"itemListElement\":[{\"@type\":\"ListItem\",\"position\":1,\"name\":\"Home\",\"item\":\"https:\/\/www.urlaubcornwall.de\/blog\/\"},{\"@type\":\"ListItem\",\"position\":2,\"name\":\"Ein Luxus-Landhotel in Cheltenham &#8211; Die sch\u00f6nsten Hotels in den Cotswolds\"}]}]}<\/script>\n<!-- \/ Yoast SEO plugin. -->","yoast_head_json":{"title":"Ein Luxus-Landhotel in Cheltenham - Die sch\u00f6nsten Hotels in den Cotswolds - Urlaub &amp; Reisen","robots":{"index":"index","follow":"follow","max-snippet":"max-snippet:-1","max-image-preview":"max-image-preview:large","max-video-preview":"max-video-preview:-1"},"canonical":"https:\/\/www.urlaubcornwall.de\/blog\/ein-luxus-landhotel-cheltenham-cotswolds\/","og_locale":"en_US","og_type":"article","og_title":"Ein Luxus-Landhotel in Cheltenham - Die sch\u00f6nsten Hotels in den Cotswolds - Urlaub &amp; Reisen","og_description":"Am Stadtrand der Regency Stadt Cheltenham gelegen, ist The Greenway ein luxuri\u00f6ses elisabethanisches Herrenhaushotel und Spa des 16. Jahrhunderts. Das Hotel mit 21 Zimmern, seinem warmen \u00c4u\u00dferen aus Cotswold Gestein, liefert das Bild englischen l\u00e4ndlichen Charmes; die acht Ar herrlichen Grundst\u00fccks bieten Blick \u00fcber die sich dahin schwingenden Cotswold Hills. Luxuri\u00f6se Zimmer, hervorragender Service, Spa [&hellip;]","og_url":"https:\/\/www.urlaubcornwall.de\/blog\/ein-luxus-landhotel-cheltenham-cotswolds\/","og_site_name":"Urlaub &amp; Reisen","article_modified_time":"2024-05-29T15:08:50+00:00","og_image":[{"url":"https:\/\/www.urlaubcornwall.de\/blog\/wp-content\/uploads\/2016\/10\/urlaub-cheltenham.jpg"}],"twitter_card":"summary","twitter_misc":{"Est. reading time":"1 minute"},"schema":{"@context":"https:\/\/schema.org","@graph":[{"@type":"WebSite","@id":"https:\/\/www.urlaubcornwall.de\/blog\/#website","url":"https:\/\/www.urlaubcornwall.de\/blog\/","name":"Urlaub &amp; Reisen","description":"Urlaub, Reisen, Cornwall und S\u00fcdengland: eine perfekte Kombination","potentialAction":[{"@type":"SearchAction","target":{"@type":"EntryPoint","urlTemplate":"https:\/\/www.urlaubcornwall.de\/blog\/?s={search_term_string}"},"query-input":"required name=search_term_string"}],"inLanguage":"en-US"},{"@type":"WebPage","@id":"https:\/\/www.urlaubcornwall.de\/blog\/ein-luxus-landhotel-cheltenham-cotswolds\/","url":"https:\/\/www.urlaubcornwall.de\/blog\/ein-luxus-landhotel-cheltenham-cotswolds\/","name":"Ein Luxus-Landhotel in Cheltenham - Die sch\u00f6nsten Hotels in den Cotswolds - Urlaub &amp; Reisen","isPartOf":{"@id":"https:\/\/www.urlaubcornwall.de\/blog\/#website"},"datePublished":"2017-04-24T14:25:45+00:00","dateModified":"2024-05-29T15:08:50+00:00","breadcrumb":{"@id":"https:\/\/www.urlaubcornwall.de\/blog\/ein-luxus-landhotel-cheltenham-cotswolds\/#breadcrumb"},"inLanguage":"en-US","potentialAction":[{"@type":"ReadAction","target":["https:\/\/www.urlaubcornwall.de\/blog\/ein-luxus-landhotel-cheltenham-cotswolds\/"]}]},{"@type":"BreadcrumbList","@id":"https:\/\/www.urlaubcornwall.de\/blog\/ein-luxus-landhotel-cheltenham-cotswolds\/#breadcrumb","itemListElement":[{"@type":"ListItem","position":1,"name":"Home","item":"https:\/\/www.urlaubcornwall.de\/blog\/"},{"@type":"ListItem","position":2,"name":"Ein Luxus-Landhotel in Cheltenham &#8211; Die sch\u00f6nsten Hotels in den Cotswolds"}]}]}},"_links":{"self":[{"href":"https:\/\/www.urlaubcornwall.de\/blog\/wp-json\/wp\/v2\/pages\/27724"}],"collection":[{"href":"https:\/\/www.urlaubcornwall.de\/blog\/wp-json\/wp\/v2\/pages"}],"about":[{"href":"https:\/\/www.urlaubcornwall.de\/blog\/wp-json\/wp\/v2\/types\/page"}],"author":[{"embeddable":true,"href":"https:\/\/www.urlaubcornwall.de\/blog\/wp-json\/wp\/v2\/users\/1"}],"replies":[{"embeddable":true,"href":"https:\/\/www.urlaubcornwall.de\/blog\/wp-json\/wp\/v2\/comments?post=27724"}],"version-history":[{"count":12,"href":"https:\/\/www.urlaubcornwall.de\/blog\/wp-json\/wp\/v2\/pages\/27724\/revisions"}],"predecessor-version":[{"id":50722,"href":"https:\/\/www.urlaubcornwall.de\/blog\/wp-json\/wp\/v2\/pages\/27724\/revisions\/50722"}],"wp:attachment":[{"href":"https:\/\/www.urlaubcornwall.de\/blog\/wp-json\/wp\/v2\/media?parent=27724"}],"curies":[{"name":"wp","href":"https:\/\/api.w.org\/{rel}","templated":true}]}}