{"id":27714,"date":"2017-04-24T14:16:05","date_gmt":"2017-04-24T14:16:05","guid":{"rendered":"https:\/\/www.urlaubcornwall.de\/blog\/?page_id=27714"},"modified":"2024-05-29T15:00:57","modified_gmt":"2024-05-29T15:00:57","slug":"brockencote-hall-ein-luxus-landhotel-worcestershire","status":"publish","type":"page","link":"https:\/\/www.urlaubcornwall.de\/blog\/brockencote-hall-ein-luxus-landhotel-worcestershire\/","title":{"rendered":"Brockencote Hall, ein Luxus-Landhotel in Worcestershire"},"content":{"rendered":"<p><strong>Hotel in Worcestershire<\/strong> &#8211; Brockencote Hall Hotel ist ein friedvolles luxuri\u00f6ses Urlaubsdomizil, versteckt gelegen in einer der feinsten und geschichtstr\u00e4chtigsten Landschaften Worcestershires.<\/p>\n<p style=\"text-align: center;\">Dieses renovierte viktorianische Land-Herrenhaushotel befindet sich innerhalb von 70 Ar h\u00fcbscher Parkanlage mit malerischem See, Tennisplatz und restauriertem Taubenschlag. Die idyllische Lage, Luxusr\u00e4ume, hervorragender Service, preisgekr\u00f6ntes Restaurant mit Landblick machen es zum idealen Hotel, um die <a href=\"https:\/\/www.urlaubcornwall.de\/blog\/urlaub-reisen-von-den-cotswolds-und-dem-land-shakespeares\/\">Malvern Hills<\/a> zu erkunden, sowie das nahe gelegene Stratford- upon-Avon.<\/p>\n<p style=\"text-align: center;\">Brockencote Halls 21 Zimmer sind allesamt elegant ausgestattet mit Luxuseinrichtungsgegenst\u00e4nden und Pl\u00fcsch und repr\u00e4sentieren perfekt die Landgutspracht des Hotels. Die Zimmer sind ger\u00e4umig, licht und luftig mit herrlichem Blick \u00fcber das Grundst\u00fcck und die dahinter liegende Landschaft Worcestershires.<\/p>\n<p style=\"text-align: center;\"><a class=\"tidycta\" href=\"https:\/\/www.booking.com\/hotel\/gb\/the-greenway.de.html?aid=1320750&amp;amp;no_rooms=1&amp;amp;group_adults=2&amp;amp;room1=A%2CA\"rel=\"nofollow\">Verf\u00fcgbarkeit pr\u00fcfen<\/a><\/p>\n<p><img loading=\"lazy\" class=\"aligncenter size-full wp-image-24598\" src=\"https:\/\/www.urlaubcornwall.de\/blog\/wp-content\/uploads\/2016\/06\/urlaub-und-gro\u00dfbritannien_logo_final.jpg\" alt=\"\" width=\"746\" height=\"361\" srcset=\"https:\/\/www.urlaubcornwall.de\/blog\/wp-content\/uploads\/2016\/06\/urlaub-und-gro\u00dfbritannien_logo_final.jpg 746w, https:\/\/www.urlaubcornwall.de\/blog\/wp-content\/uploads\/2016\/06\/urlaub-und-gro\u00dfbritannien_logo_final-300x145.jpg 300w\" sizes=\"(max-width: 746px) 100vw, 746px\" \/><\/p>\n<p style=\"text-align: center;\"><a href=\"https:\/\/www.urlaubcornwall.de\/rundreisenservice.php\"><strong>Unser Rundreisenservice<\/strong><\/a><\/p>\n<p style=\"text-align: center;\">Das beste an unseren Touren ist, dass Sie \u00fcberhaupt nicht eingeschr\u00e4nkt sind.Sie reisen vielleicht g\u00fcnstig, doch das bedeutet nicht, dass Sie nicht eine besondere Nacht in einer Luxusunterkunft oder einem Schlosshotel verbringen k\u00f6nnen.<\/p>\n<p style=\"text-align: center;\"><strong>In welchem Hotel werde ich untergebracht sein?<\/strong><\/p>\n<p style=\"text-align: center;\">In jeder Region des UK, die Sie vielleicht besuchen m\u00f6chten, haben wir uns zusammengeschlossen mit Unterkunftsprovidern, jedem Budget entsprechend. Die Hotels, die wir w\u00e4hlen, sind sorgsam handverlesen bez\u00fcglich des Standards der Unterkunft, dem Service, Kundenbewertungen, der Lage und des Preises.<\/p>\n<p style=\"text-align: center;\"><a class=\"tidycta\" href=\"http:\/\/www.urlaubcornwall.de\/anfrage.php?tourcode=Rundreise S\u00fcdengland\">S\u00fcdengland Rundreise Anfrage<\/a><\/p>\n","protected":false},"excerpt":{"rendered":"<p>Hotel in Worcestershire &#8211; Brockencote Hall Hotel ist ein friedvolles luxuri\u00f6ses Urlaubsdomizil, versteckt gelegen in einer der feinsten und geschichtstr\u00e4chtigsten Landschaften Worcestershires. Dieses renovierte viktorianische Land-Herrenhaushotel befindet sich innerhalb von 70 Ar h\u00fcbscher Parkanlage mit malerischem See, Tennisplatz und restauriertem Taubenschlag. Die idyllische Lage, Luxusr\u00e4ume, hervorragender Service, preisgekr\u00f6ntes Restaurant mit Landblick machen es zum idealen [&hellip;]<\/p>\n","protected":false},"author":1,"featured_media":0,"parent":0,"menu_order":0,"comment_status":"closed","ping_status":"closed","template":"single-four.php","meta":[],"acf":[],"yoast_head":"<!-- This site is optimized with the Yoast SEO plugin v19.4 - https:\/\/yoast.com\/wordpress\/plugins\/seo\/ -->\n<title>Brockencote Hall, ein Luxus-Landhotel in Worcestershire - Urlaub &amp; Reisen<\/title>\n<meta name=\"robots\" content=\"index, follow, max-snippet:-1, max-image-preview:large, max-video-preview:-1\" \/>\n<link rel=\"canonical\" href=\"https:\/\/www.urlaubcornwall.de\/blog\/brockencote-hall-ein-luxus-landhotel-worcestershire\/\" \/>\n<meta property=\"og:locale\" content=\"en_US\" \/>\n<meta property=\"og:type\" content=\"article\" \/>\n<meta property=\"og:title\" content=\"Brockencote Hall, ein Luxus-Landhotel in Worcestershire - Urlaub &amp; Reisen\" \/>\n<meta property=\"og:description\" content=\"Hotel in Worcestershire &#8211; Brockencote Hall Hotel ist ein friedvolles luxuri\u00f6ses Urlaubsdomizil, versteckt gelegen in einer der feinsten und geschichtstr\u00e4chtigsten Landschaften Worcestershires. Dieses renovierte viktorianische Land-Herrenhaushotel befindet sich innerhalb von 70 Ar h\u00fcbscher Parkanlage mit malerischem See, Tennisplatz und restauriertem Taubenschlag. Die idyllische Lage, Luxusr\u00e4ume, hervorragender Service, preisgekr\u00f6ntes Restaurant mit Landblick machen es zum idealen [&hellip;]\" \/>\n<meta property=\"og:url\" content=\"https:\/\/www.urlaubcornwall.de\/blog\/brockencote-hall-ein-luxus-landhotel-worcestershire\/\" \/>\n<meta property=\"og:site_name\" content=\"Urlaub &amp; Reisen\" \/>\n<meta property=\"article:modified_time\" content=\"2024-05-29T15:00:57+00:00\" \/>\n<meta name=\"twitter:card\" content=\"summary\" \/>\n<meta name=\"twitter:label1\" content=\"Est. reading time\" \/>\n\t<meta name=\"twitter:data1\" content=\"2 minutes\" \/>\n<script type=\"application\/ld+json\" class=\"yoast-schema-graph\">{\"@context\":\"https:\/\/schema.org\",\"@graph\":[{\"@type\":\"WebSite\",\"@id\":\"https:\/\/www.urlaubcornwall.de\/blog\/#website\",\"url\":\"https:\/\/www.urlaubcornwall.de\/blog\/\",\"name\":\"Urlaub &amp; Reisen\",\"description\":\"Urlaub, Reisen, Cornwall und S\u00fcdengland: eine perfekte Kombination\",\"potentialAction\":[{\"@type\":\"SearchAction\",\"target\":{\"@type\":\"EntryPoint\",\"urlTemplate\":\"https:\/\/www.urlaubcornwall.de\/blog\/?s={search_term_string}\"},\"query-input\":\"required name=search_term_string\"}],\"inLanguage\":\"en-US\"},{\"@type\":\"WebPage\",\"@id\":\"https:\/\/www.urlaubcornwall.de\/blog\/brockencote-hall-ein-luxus-landhotel-worcestershire\/\",\"url\":\"https:\/\/www.urlaubcornwall.de\/blog\/brockencote-hall-ein-luxus-landhotel-worcestershire\/\",\"name\":\"Brockencote Hall, ein Luxus-Landhotel in Worcestershire - Urlaub &amp; Reisen\",\"isPartOf\":{\"@id\":\"https:\/\/www.urlaubcornwall.de\/blog\/#website\"},\"datePublished\":\"2017-04-24T14:16:05+00:00\",\"dateModified\":\"2024-05-29T15:00:57+00:00\",\"breadcrumb\":{\"@id\":\"https:\/\/www.urlaubcornwall.de\/blog\/brockencote-hall-ein-luxus-landhotel-worcestershire\/#breadcrumb\"},\"inLanguage\":\"en-US\",\"potentialAction\":[{\"@type\":\"ReadAction\",\"target\":[\"https:\/\/www.urlaubcornwall.de\/blog\/brockencote-hall-ein-luxus-landhotel-worcestershire\/\"]}]},{\"@type\":\"BreadcrumbList\",\"@id\":\"https:\/\/www.urlaubcornwall.de\/blog\/brockencote-hall-ein-luxus-landhotel-worcestershire\/#breadcrumb\",\"itemListElement\":[{\"@type\":\"ListItem\",\"position\":1,\"name\":\"Home\",\"item\":\"https:\/\/www.urlaubcornwall.de\/blog\/\"},{\"@type\":\"ListItem\",\"position\":2,\"name\":\"Brockencote Hall, ein Luxus-Landhotel in Worcestershire\"}]}]}<\/script>\n<!-- \/ Yoast SEO plugin. -->","yoast_head_json":{"title":"Brockencote Hall, ein Luxus-Landhotel in Worcestershire - Urlaub &amp; Reisen","robots":{"index":"index","follow":"follow","max-snippet":"max-snippet:-1","max-image-preview":"max-image-preview:large","max-video-preview":"max-video-preview:-1"},"canonical":"https:\/\/www.urlaubcornwall.de\/blog\/brockencote-hall-ein-luxus-landhotel-worcestershire\/","og_locale":"en_US","og_type":"article","og_title":"Brockencote Hall, ein Luxus-Landhotel in Worcestershire - Urlaub &amp; Reisen","og_description":"Hotel in Worcestershire &#8211; Brockencote Hall Hotel ist ein friedvolles luxuri\u00f6ses Urlaubsdomizil, versteckt gelegen in einer der feinsten und geschichtstr\u00e4chtigsten Landschaften Worcestershires. Dieses renovierte viktorianische Land-Herrenhaushotel befindet sich innerhalb von 70 Ar h\u00fcbscher Parkanlage mit malerischem See, Tennisplatz und restauriertem Taubenschlag. Die idyllische Lage, Luxusr\u00e4ume, hervorragender Service, preisgekr\u00f6ntes Restaurant mit Landblick machen es zum idealen [&hellip;]","og_url":"https:\/\/www.urlaubcornwall.de\/blog\/brockencote-hall-ein-luxus-landhotel-worcestershire\/","og_site_name":"Urlaub &amp; Reisen","article_modified_time":"2024-05-29T15:00:57+00:00","twitter_card":"summary","twitter_misc":{"Est. reading time":"2 minutes"},"schema":{"@context":"https:\/\/schema.org","@graph":[{"@type":"WebSite","@id":"https:\/\/www.urlaubcornwall.de\/blog\/#website","url":"https:\/\/www.urlaubcornwall.de\/blog\/","name":"Urlaub &amp; Reisen","description":"Urlaub, Reisen, Cornwall und S\u00fcdengland: eine perfekte Kombination","potentialAction":[{"@type":"SearchAction","target":{"@type":"EntryPoint","urlTemplate":"https:\/\/www.urlaubcornwall.de\/blog\/?s={search_term_string}"},"query-input":"required name=search_term_string"}],"inLanguage":"en-US"},{"@type":"WebPage","@id":"https:\/\/www.urlaubcornwall.de\/blog\/brockencote-hall-ein-luxus-landhotel-worcestershire\/","url":"https:\/\/www.urlaubcornwall.de\/blog\/brockencote-hall-ein-luxus-landhotel-worcestershire\/","name":"Brockencote Hall, ein Luxus-Landhotel in Worcestershire - Urlaub &amp; Reisen","isPartOf":{"@id":"https:\/\/www.urlaubcornwall.de\/blog\/#website"},"datePublished":"2017-04-24T14:16:05+00:00","dateModified":"2024-05-29T15:00:57+00:00","breadcrumb":{"@id":"https:\/\/www.urlaubcornwall.de\/blog\/brockencote-hall-ein-luxus-landhotel-worcestershire\/#breadcrumb"},"inLanguage":"en-US","potentialAction":[{"@type":"ReadAction","target":["https:\/\/www.urlaubcornwall.de\/blog\/brockencote-hall-ein-luxus-landhotel-worcestershire\/"]}]},{"@type":"BreadcrumbList","@id":"https:\/\/www.urlaubcornwall.de\/blog\/brockencote-hall-ein-luxus-landhotel-worcestershire\/#breadcrumb","itemListElement":[{"@type":"ListItem","position":1,"name":"Home","item":"https:\/\/www.urlaubcornwall.de\/blog\/"},{"@type":"ListItem","position":2,"name":"Brockencote Hall, ein Luxus-Landhotel in Worcestershire"}]}]}},"_links":{"self":[{"href":"https:\/\/www.urlaubcornwall.de\/blog\/wp-json\/wp\/v2\/pages\/27714"}],"collection":[{"href":"https:\/\/www.urlaubcornwall.de\/blog\/wp-json\/wp\/v2\/pages"}],"about":[{"href":"https:\/\/www.urlaubcornwall.de\/blog\/wp-json\/wp\/v2\/types\/page"}],"author":[{"embeddable":true,"href":"https:\/\/www.urlaubcornwall.de\/blog\/wp-json\/wp\/v2\/users\/1"}],"replies":[{"embeddable":true,"href":"https:\/\/www.urlaubcornwall.de\/blog\/wp-json\/wp\/v2\/comments?post=27714"}],"version-history":[{"count":7,"href":"https:\/\/www.urlaubcornwall.de\/blog\/wp-json\/wp\/v2\/pages\/27714\/revisions"}],"predecessor-version":[{"id":29257,"href":"https:\/\/www.urlaubcornwall.de\/blog\/wp-json\/wp\/v2\/pages\/27714\/revisions\/29257"}],"wp:attachment":[{"href":"https:\/\/www.urlaubcornwall.de\/blog\/wp-json\/wp\/v2\/media?parent=27714"}],"curies":[{"name":"wp","href":"https:\/\/api.w.org\/{rel}","templated":true}]}}