{"id":27702,"date":"2017-04-24T13:44:50","date_gmt":"2017-04-24T13:44:50","guid":{"rendered":"https:\/\/www.urlaubcornwall.de\/blog\/?page_id=27702"},"modified":"2024-05-29T15:09:32","modified_gmt":"2024-05-29T15:09:32","slug":"boutique-hotel-stratford-upon-avon-cotswolds","status":"publish","type":"page","link":"https:\/\/www.urlaubcornwall.de\/blog\/boutique-hotel-stratford-upon-avon-cotswolds\/","title":{"rendered":"Luxus Boutique-Hotel Stratford-Upon-Avon, Cotswolds"},"content":{"rendered":"<p style=\"text-align: center;\">Im Herzen des historischen Stratford-upon-Avon gelegen, direkt gegen\u00fcber des weltbekannten Royal Shakespeare Company Theaters, ist The Arden Hotel ein elegantes und anspruchsvolles Boutique Hotel mit 45 R\u00e4umen in der Geburtsstadt von William Shakespeare. Die unvergleichbare Stadtzentrumslage, die es Ihnen erm\u00f6glicht, jede Attraktion zu Fu\u00df zu erreichen, der private Parkplatz, sowie Blick \u00fcber das Royal Shakespeare Theater und den Fluss Avon hinweg, spielen allesamt eine eigene Rolle, doch die Kombination all dieser Elemente machen das Arden Hotel zu einem derart einzigartigen Urlaubsdomizil.<\/p>\n<p style=\"text-align: center;\">Die 45 herrlichen R\u00e4ume und Suiten des Arden Hotels verbinden zeitgen\u00f6ssisches Design mit zeitlosem Luxus. Die Bannbreite an Unterkunftsm\u00f6glichkeiten stellt sicher, dass jedem Verlangen entsprochen wird. Die Zimmer sind ger\u00e4umig, licht und luftig; manche haben herrlichen Blick \u00fcber das Grundst\u00fcck hinweg, RSC und den River Avon.<\/p>\n<p style=\"text-align: center;\">Die Waterside Brasserie des Arden Hotels entz\u00fcckt Feinschmecker mit einem au\u00dfergew\u00f6hnlichen Speiseerlebnis in stilvoller Umgebung, mit schlanker Champagner Bar und Speisem\u00f6glichkeit auf der Terrasse bei jedem Wetter mit Blick \u00fcber den River Avon und das Royal Shakespeare Theater.<\/p>\n<p style=\"text-align: center;\"><a class=\"tidycta\" href=\"https:\/\/www.booking.com\/hotel\/gb\/the-arden-stratford.de.html?aid=1320750&amp;no_rooms=1&amp;group_adults=2&amp;room1=A%2CA\" rel=\"nofollow\">Verf\u00fcgbarkeit pr\u00fcfen<\/a><\/p>\n<p><img loading=\"lazy\" class=\"aligncenter size-full wp-image-24598\" src=\"https:\/\/www.urlaubcornwall.de\/blog\/wp-content\/uploads\/2016\/06\/urlaub-und-gro\u00dfbritannien_logo_final.jpg\" alt=\"\" width=\"746\" height=\"361\" srcset=\"https:\/\/www.urlaubcornwall.de\/blog\/wp-content\/uploads\/2016\/06\/urlaub-und-gro\u00dfbritannien_logo_final.jpg 746w, https:\/\/www.urlaubcornwall.de\/blog\/wp-content\/uploads\/2016\/06\/urlaub-und-gro\u00dfbritannien_logo_final-300x145.jpg 300w\" sizes=\"(max-width: 746px) 100vw, 746px\" \/><\/p>\n<p style=\"text-align: center;\"><a href=\"https:\/\/www.urlaubcornwall.de\/rundreisenservice.php\"><strong>Unser Rundreisenservice<\/strong><\/a><\/p>\n<p style=\"text-align: center;\">Das beste an unseren Touren ist, dass Sie \u00fcberhaupt nicht eingeschr\u00e4nkt sind.Sie reisen vielleicht g\u00fcnstig, doch das bedeutet nicht, dass Sie nicht eine besondere Nacht in einer Luxusunterkunft oder einem Schlosshotel verbringen k\u00f6nnen.<\/p>\n<p style=\"text-align: center;\"><strong>In welchem Hotel werde ich untergebracht sein?<\/strong><\/p>\n<p style=\"text-align: center;\">In jeder Region des UK, die Sie vielleicht besuchen m\u00f6chten, haben wir uns zusammengeschlossen mit Unterkunftsprovidern, jedem Budget entsprechend. Die Hotels, die wir w\u00e4hlen, sind sorgsam handverlesen bez\u00fcglich des Standards der Unterkunft, dem Service, Kundenbewertungen, der Lage und des Preises.<\/p>\n<p style=\"text-align: center;\"><a class=\"tidycta\" href=\"http:\/\/www.urlaubcornwall.de\/anfrage.php?tourcode=Rundreise S\u00fcdengland\">S\u00fcdengland Rundreise Anfrage<\/a><\/p>\n","protected":false},"excerpt":{"rendered":"<p>Im Herzen des historischen Stratford-upon-Avon gelegen, direkt gegen\u00fcber des weltbekannten Royal Shakespeare Company Theaters, ist The Arden Hotel ein elegantes und anspruchsvolles Boutique Hotel mit 45 R\u00e4umen in der Geburtsstadt von William Shakespeare. Die unvergleichbare Stadtzentrumslage, die es Ihnen erm\u00f6glicht, jede Attraktion zu Fu\u00df zu erreichen, der private Parkplatz, sowie Blick \u00fcber das Royal Shakespeare [&hellip;]<\/p>\n","protected":false},"author":1,"featured_media":0,"parent":0,"menu_order":0,"comment_status":"closed","ping_status":"closed","template":"single-four.php","meta":[],"acf":[],"yoast_head":"<!-- This site is optimized with the Yoast SEO plugin v19.4 - https:\/\/yoast.com\/wordpress\/plugins\/seo\/ -->\n<title>Luxus Boutique-Hotel Stratford-Upon-Avon, Cotswolds - Urlaub &amp; Reisen<\/title>\n<meta name=\"robots\" content=\"index, follow, max-snippet:-1, max-image-preview:large, max-video-preview:-1\" \/>\n<link rel=\"canonical\" href=\"https:\/\/www.urlaubcornwall.de\/blog\/boutique-hotel-stratford-upon-avon-cotswolds\/\" \/>\n<meta property=\"og:locale\" content=\"en_US\" \/>\n<meta property=\"og:type\" content=\"article\" \/>\n<meta property=\"og:title\" content=\"Luxus Boutique-Hotel Stratford-Upon-Avon, Cotswolds - Urlaub &amp; Reisen\" \/>\n<meta property=\"og:description\" content=\"Im Herzen des historischen Stratford-upon-Avon gelegen, direkt gegen\u00fcber des weltbekannten Royal Shakespeare Company Theaters, ist The Arden Hotel ein elegantes und anspruchsvolles Boutique Hotel mit 45 R\u00e4umen in der Geburtsstadt von William Shakespeare. Die unvergleichbare Stadtzentrumslage, die es Ihnen erm\u00f6glicht, jede Attraktion zu Fu\u00df zu erreichen, der private Parkplatz, sowie Blick \u00fcber das Royal Shakespeare [&hellip;]\" \/>\n<meta property=\"og:url\" content=\"https:\/\/www.urlaubcornwall.de\/blog\/boutique-hotel-stratford-upon-avon-cotswolds\/\" \/>\n<meta property=\"og:site_name\" content=\"Urlaub &amp; Reisen\" \/>\n<meta property=\"article:modified_time\" content=\"2024-05-29T15:09:32+00:00\" \/>\n<meta name=\"twitter:card\" content=\"summary\" \/>\n<meta name=\"twitter:label1\" content=\"Est. reading time\" \/>\n\t<meta name=\"twitter:data1\" content=\"2 minutes\" \/>\n<script type=\"application\/ld+json\" class=\"yoast-schema-graph\">{\"@context\":\"https:\/\/schema.org\",\"@graph\":[{\"@type\":\"WebSite\",\"@id\":\"https:\/\/www.urlaubcornwall.de\/blog\/#website\",\"url\":\"https:\/\/www.urlaubcornwall.de\/blog\/\",\"name\":\"Urlaub &amp; Reisen\",\"description\":\"Urlaub, Reisen, Cornwall und S\u00fcdengland: eine perfekte Kombination\",\"potentialAction\":[{\"@type\":\"SearchAction\",\"target\":{\"@type\":\"EntryPoint\",\"urlTemplate\":\"https:\/\/www.urlaubcornwall.de\/blog\/?s={search_term_string}\"},\"query-input\":\"required name=search_term_string\"}],\"inLanguage\":\"en-US\"},{\"@type\":\"WebPage\",\"@id\":\"https:\/\/www.urlaubcornwall.de\/blog\/boutique-hotel-stratford-upon-avon-cotswolds\/\",\"url\":\"https:\/\/www.urlaubcornwall.de\/blog\/boutique-hotel-stratford-upon-avon-cotswolds\/\",\"name\":\"Luxus Boutique-Hotel Stratford-Upon-Avon, Cotswolds - Urlaub &amp; Reisen\",\"isPartOf\":{\"@id\":\"https:\/\/www.urlaubcornwall.de\/blog\/#website\"},\"datePublished\":\"2017-04-24T13:44:50+00:00\",\"dateModified\":\"2024-05-29T15:09:32+00:00\",\"breadcrumb\":{\"@id\":\"https:\/\/www.urlaubcornwall.de\/blog\/boutique-hotel-stratford-upon-avon-cotswolds\/#breadcrumb\"},\"inLanguage\":\"en-US\",\"potentialAction\":[{\"@type\":\"ReadAction\",\"target\":[\"https:\/\/www.urlaubcornwall.de\/blog\/boutique-hotel-stratford-upon-avon-cotswolds\/\"]}]},{\"@type\":\"BreadcrumbList\",\"@id\":\"https:\/\/www.urlaubcornwall.de\/blog\/boutique-hotel-stratford-upon-avon-cotswolds\/#breadcrumb\",\"itemListElement\":[{\"@type\":\"ListItem\",\"position\":1,\"name\":\"Home\",\"item\":\"https:\/\/www.urlaubcornwall.de\/blog\/\"},{\"@type\":\"ListItem\",\"position\":2,\"name\":\"Luxus Boutique-Hotel Stratford-Upon-Avon, Cotswolds\"}]}]}<\/script>\n<!-- \/ Yoast SEO plugin. -->","yoast_head_json":{"title":"Luxus Boutique-Hotel Stratford-Upon-Avon, Cotswolds - Urlaub &amp; Reisen","robots":{"index":"index","follow":"follow","max-snippet":"max-snippet:-1","max-image-preview":"max-image-preview:large","max-video-preview":"max-video-preview:-1"},"canonical":"https:\/\/www.urlaubcornwall.de\/blog\/boutique-hotel-stratford-upon-avon-cotswolds\/","og_locale":"en_US","og_type":"article","og_title":"Luxus Boutique-Hotel Stratford-Upon-Avon, Cotswolds - Urlaub &amp; Reisen","og_description":"Im Herzen des historischen Stratford-upon-Avon gelegen, direkt gegen\u00fcber des weltbekannten Royal Shakespeare Company Theaters, ist The Arden Hotel ein elegantes und anspruchsvolles Boutique Hotel mit 45 R\u00e4umen in der Geburtsstadt von William Shakespeare. Die unvergleichbare Stadtzentrumslage, die es Ihnen erm\u00f6glicht, jede Attraktion zu Fu\u00df zu erreichen, der private Parkplatz, sowie Blick \u00fcber das Royal Shakespeare [&hellip;]","og_url":"https:\/\/www.urlaubcornwall.de\/blog\/boutique-hotel-stratford-upon-avon-cotswolds\/","og_site_name":"Urlaub &amp; Reisen","article_modified_time":"2024-05-29T15:09:32+00:00","twitter_card":"summary","twitter_misc":{"Est. reading time":"2 minutes"},"schema":{"@context":"https:\/\/schema.org","@graph":[{"@type":"WebSite","@id":"https:\/\/www.urlaubcornwall.de\/blog\/#website","url":"https:\/\/www.urlaubcornwall.de\/blog\/","name":"Urlaub &amp; Reisen","description":"Urlaub, Reisen, Cornwall und S\u00fcdengland: eine perfekte Kombination","potentialAction":[{"@type":"SearchAction","target":{"@type":"EntryPoint","urlTemplate":"https:\/\/www.urlaubcornwall.de\/blog\/?s={search_term_string}"},"query-input":"required name=search_term_string"}],"inLanguage":"en-US"},{"@type":"WebPage","@id":"https:\/\/www.urlaubcornwall.de\/blog\/boutique-hotel-stratford-upon-avon-cotswolds\/","url":"https:\/\/www.urlaubcornwall.de\/blog\/boutique-hotel-stratford-upon-avon-cotswolds\/","name":"Luxus Boutique-Hotel Stratford-Upon-Avon, Cotswolds - Urlaub &amp; Reisen","isPartOf":{"@id":"https:\/\/www.urlaubcornwall.de\/blog\/#website"},"datePublished":"2017-04-24T13:44:50+00:00","dateModified":"2024-05-29T15:09:32+00:00","breadcrumb":{"@id":"https:\/\/www.urlaubcornwall.de\/blog\/boutique-hotel-stratford-upon-avon-cotswolds\/#breadcrumb"},"inLanguage":"en-US","potentialAction":[{"@type":"ReadAction","target":["https:\/\/www.urlaubcornwall.de\/blog\/boutique-hotel-stratford-upon-avon-cotswolds\/"]}]},{"@type":"BreadcrumbList","@id":"https:\/\/www.urlaubcornwall.de\/blog\/boutique-hotel-stratford-upon-avon-cotswolds\/#breadcrumb","itemListElement":[{"@type":"ListItem","position":1,"name":"Home","item":"https:\/\/www.urlaubcornwall.de\/blog\/"},{"@type":"ListItem","position":2,"name":"Luxus Boutique-Hotel Stratford-Upon-Avon, Cotswolds"}]}]}},"_links":{"self":[{"href":"https:\/\/www.urlaubcornwall.de\/blog\/wp-json\/wp\/v2\/pages\/27702"}],"collection":[{"href":"https:\/\/www.urlaubcornwall.de\/blog\/wp-json\/wp\/v2\/pages"}],"about":[{"href":"https:\/\/www.urlaubcornwall.de\/blog\/wp-json\/wp\/v2\/types\/page"}],"author":[{"embeddable":true,"href":"https:\/\/www.urlaubcornwall.de\/blog\/wp-json\/wp\/v2\/users\/1"}],"replies":[{"embeddable":true,"href":"https:\/\/www.urlaubcornwall.de\/blog\/wp-json\/wp\/v2\/comments?post=27702"}],"version-history":[{"count":8,"href":"https:\/\/www.urlaubcornwall.de\/blog\/wp-json\/wp\/v2\/pages\/27702\/revisions"}],"predecessor-version":[{"id":27747,"href":"https:\/\/www.urlaubcornwall.de\/blog\/wp-json\/wp\/v2\/pages\/27702\/revisions\/27747"}],"wp:attachment":[{"href":"https:\/\/www.urlaubcornwall.de\/blog\/wp-json\/wp\/v2\/media?parent=27702"}],"curies":[{"name":"wp","href":"https:\/\/api.w.org\/{rel}","templated":true}]}}