{"id":27690,"date":"2017-04-24T13:32:35","date_gmt":"2017-04-24T13:32:35","guid":{"rendered":"https:\/\/www.urlaubcornwall.de\/blog\/?page_id=27690"},"modified":"2024-05-30T12:22:34","modified_gmt":"2024-05-30T12:22:34","slug":"luxus-boutique-hotel-chipping-campden-cotswolds","status":"publish","type":"page","link":"https:\/\/www.urlaubcornwall.de\/blog\/luxus-boutique-hotel-chipping-campden-cotswolds\/","title":{"rendered":"Luxushotel in Chipping Campden, Cotswolds"},"content":{"rendered":"<p><a href=\"https:\/\/www.urlaubcornwall.de\/blog\/wp-content\/uploads\/2024\/03\/cotswolds-cottage-1.jpg\"><img loading=\"lazy\" src=\"https:\/\/www.urlaubcornwall.de\/blog\/wp-content\/uploads\/2024\/03\/cotswolds-cottage-1.jpg\" alt=\"\" width=\"750\" height=\"563\" class=\"alignnone size-full wp-image-47965\" srcset=\"https:\/\/www.urlaubcornwall.de\/blog\/wp-content\/uploads\/2024\/03\/cotswolds-cottage-1.jpg 750w, https:\/\/www.urlaubcornwall.de\/blog\/wp-content\/uploads\/2024\/03\/cotswolds-cottage-1-300x225.jpg 300w\" sizes=\"(max-width: 750px) 100vw, 750px\" \/><\/a><br \/>\nLuxushotel in Cotswolds &#8211; The Kings Hotel ist ein charmantes Stadthaus des 18. Jahrhunderts mit unverwechselbarer und stilvoller Unterkunft. Einf\u00fchlsame und sorgsame Renovation f\u00fchrte dazu, dass Sie nun all den modernen Komfort heutiger Zeit, den Sie brauchen, genie\u00dfen k\u00f6nnen und dennoch den Charakter und die Geschichte eines Steingeb\u00e4udes der Cotswolds aufsaugen k\u00f6nnen. Eingeschmiegt ins Herz des malerischen Chipping Campden, mit eigenem privaten Parkplatz, ist dies der perfekte Ort, um die <a href=\"https:\/\/www.urlaubcornwall.de\/blog\/urlaub-reisen-von-den-cotswolds-und-dem-land-shakespeares\/\">Sch\u00f6nheit der Cotswolds<\/a> zu erleben.<\/p>\n<p>Die herrliche Cotswold Lage, Boutique R\u00e4ume, gem\u00fctliche Atmosph\u00e4re und hervorragender Service machen es zum idealen Hotel, um den Cotswold Way zu erwandern und das nahe gelegene Stratford-upon-Avon zu besuchen. Die vierzehn R\u00e4ume des Haupthauses sind allesamt herrlich individuell und wurden designt mit R\u00fccksichtnahme auf den traditionellen Cotswold Charme mit modernem Hauch. Die f\u00fcnf Cottager\u00e4ume abseits des Haupthauses, sind auf h\u00f6chstem Standard ausgestattet mit wundersch\u00f6ner Einrichtung und gro\u00dfz\u00fcgigen Badezimmern.<\/p>\n<p style=\"text-align: center;\"><a class=\"tidycta\" href=\"https:\/\/www.booking.com\/hotel\/gb\/the-kingsarmshotel.de.html?aid=1320750&amp;no_rooms=1&amp;group_adults=2&amp;room1=A%2CA\" rel=\"nofollow\">Verf\u00fcgbarkeit pr\u00fcfen<\/a><\/p>\n<p style=\"text-align: center;\"><strong>Suche Hotels in den Cotswolds<\/strong><\/p>\n<p><ins class=\"bookingaff\" data-aid=\"1705378\" data-target_aid=\"1705378\" data-prod=\"map\" data-width=\"100%\" data-height=\"590\" data-lang=\"ualng\" data-dest_id=\"0\" data-dest_type=\"landmark\" data-latitude=\"52.049655\" data-longitude=\"-1.7832211\" data-landmark_name=\"Chipping Campden Hotels und B&amp;Bs\" data-mwhsb=\"1\"><br \/>\n    <!-- Anything inside will go away once widget is loaded. --><br \/>\n        <a href=\"\/\/www.booking.com?aid=1705378\" rel=\"nofollow\">Booking.com<\/a><br \/>\n<\/ins><br \/>\n<script type=\"text\/javascript\">\n    (function(d, sc, u) {\n      var s = d.createElement(sc), p = d.getElementsByTagName(sc)[0];\n      s.type = 'text\/javascript';\n      s.async = true;\n      s.src = u + '?v=' + (+new Date());\n      p.parentNode.insertBefore(s,p);\n      })(document, 'script', '\/\/aff.bstatic.com\/static\/affiliate_base\/js\/flexiproduct.js');\n<\/script><\/p>\n<p style=\"text-align: center;\"><a href=\"https:\/\/www.urlaubcornwall.de\/rundreisenservice.php\"><strong>Unser Rundreisenservice<\/strong><\/a><\/p>\n<div class=\"snippet\"> <a class=\"featured-item\" href=\"https:\/\/www.urlaubcornwall.de\/ferienhaeuser.php\"> <span class=\"image-holder\" style=\"background-image: url(' https:\/\/www.urlaubcornwall.de\/blog\/wp-content\/uploads\/2018\/12\/ferienhaus-cornwall-mit-hund.jpg ');\"><\/span> <span class=\"featured-content\"> \n<h2 class=\"featured-title\">Ferienh\u00e4user in England, Schottland &#038; Wales<\/h2>\n<p class=\"featured-body\">Bei uns finden Sie Ferienh\u00e4user in Gro\u00dfbritannien zum Verlieben; so einfach ist das! UrlaubCornwall.de hat eine einzigartige Sammlung pers\u00f6nlich inspizierter Ferienh\u00e4user und Ferienwohnungen&#8230;.<\/p><\/span> <span class=\"featured-link-holder\"> <span class=\"featured-extra-info\"> \n<p>F\u00fcr Paare, Familien &#038; Gruppen<\/p>\n<\/span> \n<p class=\"featured-link\">DETAILS<\/p>\n<\/span> <\/a><\/div>\n<div class=\"snippet\"> <a class=\"featured-item\" href=\" https:\/\/www.urlaubcornwall.de\/rundreisen\/grossbritannien.php\"> <span class=\"image-holder\" style=\"background-image: url(' https:\/\/www.urlaubcornwall.de\/blog\/wp-content\/uploads\/2018\/11\/rundreise-cornwall.jpg ');\"><\/span> <span class=\"featured-content\"> \n<h2 class=\"featured-title\">Individuelle Rundreise in Gro\u00dfbritannien<\/h2>\n<p class=\"featured-body\">Mit Sitz im Vereinten K\u00f6nigreich und einer Reiseleidenschaft haben wir uns darin spezialisiert, individuelle Rundreisen f\u00fcr Paare, Familien oder Gruppen zusammenzustellen&#8230;.<\/p>\n<\/span> <span class=\"featured-link-holder\"> <span class=\"featured-extra-info\"> \n<p>Urlaub im eigenen Schritttempo<\/p>\n<\/span> \n<p class=\"featured-link\">DETAILS<\/p>\n<\/span> <\/a><\/div>\n","protected":false},"excerpt":{"rendered":"<p>Luxushotel in Cotswolds &#8211; The Kings Hotel ist ein charmantes Stadthaus des 18. Jahrhunderts mit unverwechselbarer und stilvoller Unterkunft. Einf\u00fchlsame und sorgsame Renovation f\u00fchrte dazu, dass Sie nun all den modernen Komfort heutiger Zeit, den Sie brauchen, genie\u00dfen k\u00f6nnen und dennoch den Charakter und die Geschichte eines Steingeb\u00e4udes der Cotswolds aufsaugen k\u00f6nnen. Eingeschmiegt ins Herz [&hellip;]<\/p>\n","protected":false},"author":1,"featured_media":0,"parent":0,"menu_order":0,"comment_status":"closed","ping_status":"closed","template":"single-four.php","meta":[],"acf":[],"yoast_head":"<!-- This site is optimized with the Yoast SEO plugin v19.4 - https:\/\/yoast.com\/wordpress\/plugins\/seo\/ -->\n<title>Luxushotel in Chipping Campden, Cotswolds - Urlaub &amp; Reisen<\/title>\n<meta name=\"robots\" content=\"index, follow, max-snippet:-1, max-image-preview:large, max-video-preview:-1\" \/>\n<link rel=\"canonical\" href=\"https:\/\/www.urlaubcornwall.de\/blog\/luxus-boutique-hotel-chipping-campden-cotswolds\/\" \/>\n<meta property=\"og:locale\" content=\"en_US\" \/>\n<meta property=\"og:type\" content=\"article\" \/>\n<meta property=\"og:title\" content=\"Luxushotel in Chipping Campden, Cotswolds - Urlaub &amp; Reisen\" \/>\n<meta property=\"og:description\" content=\"Luxushotel in Cotswolds &#8211; The Kings Hotel ist ein charmantes Stadthaus des 18. Jahrhunderts mit unverwechselbarer und stilvoller Unterkunft. Einf\u00fchlsame und sorgsame Renovation f\u00fchrte dazu, dass Sie nun all den modernen Komfort heutiger Zeit, den Sie brauchen, genie\u00dfen k\u00f6nnen und dennoch den Charakter und die Geschichte eines Steingeb\u00e4udes der Cotswolds aufsaugen k\u00f6nnen. Eingeschmiegt ins Herz [&hellip;]\" \/>\n<meta property=\"og:url\" content=\"https:\/\/www.urlaubcornwall.de\/blog\/luxus-boutique-hotel-chipping-campden-cotswolds\/\" \/>\n<meta property=\"og:site_name\" content=\"Urlaub &amp; Reisen\" \/>\n<meta property=\"article:modified_time\" content=\"2024-05-30T12:22:34+00:00\" \/>\n<meta property=\"og:image\" content=\"https:\/\/www.urlaubcornwall.de\/blog\/wp-content\/uploads\/2024\/03\/cotswolds-cottage-1.jpg\" \/>\n<meta name=\"twitter:card\" content=\"summary\" \/>\n<meta name=\"twitter:label1\" content=\"Est. reading time\" \/>\n\t<meta name=\"twitter:data1\" content=\"2 minutes\" \/>\n<script type=\"application\/ld+json\" class=\"yoast-schema-graph\">{\"@context\":\"https:\/\/schema.org\",\"@graph\":[{\"@type\":\"WebSite\",\"@id\":\"https:\/\/www.urlaubcornwall.de\/blog\/#website\",\"url\":\"https:\/\/www.urlaubcornwall.de\/blog\/\",\"name\":\"Urlaub &amp; Reisen\",\"description\":\"Urlaub, Reisen, Cornwall und S\u00fcdengland: eine perfekte Kombination\",\"potentialAction\":[{\"@type\":\"SearchAction\",\"target\":{\"@type\":\"EntryPoint\",\"urlTemplate\":\"https:\/\/www.urlaubcornwall.de\/blog\/?s={search_term_string}\"},\"query-input\":\"required name=search_term_string\"}],\"inLanguage\":\"en-US\"},{\"@type\":\"WebPage\",\"@id\":\"https:\/\/www.urlaubcornwall.de\/blog\/luxus-boutique-hotel-chipping-campden-cotswolds\/\",\"url\":\"https:\/\/www.urlaubcornwall.de\/blog\/luxus-boutique-hotel-chipping-campden-cotswolds\/\",\"name\":\"Luxushotel in Chipping Campden, Cotswolds - Urlaub &amp; Reisen\",\"isPartOf\":{\"@id\":\"https:\/\/www.urlaubcornwall.de\/blog\/#website\"},\"datePublished\":\"2017-04-24T13:32:35+00:00\",\"dateModified\":\"2024-05-30T12:22:34+00:00\",\"breadcrumb\":{\"@id\":\"https:\/\/www.urlaubcornwall.de\/blog\/luxus-boutique-hotel-chipping-campden-cotswolds\/#breadcrumb\"},\"inLanguage\":\"en-US\",\"potentialAction\":[{\"@type\":\"ReadAction\",\"target\":[\"https:\/\/www.urlaubcornwall.de\/blog\/luxus-boutique-hotel-chipping-campden-cotswolds\/\"]}]},{\"@type\":\"BreadcrumbList\",\"@id\":\"https:\/\/www.urlaubcornwall.de\/blog\/luxus-boutique-hotel-chipping-campden-cotswolds\/#breadcrumb\",\"itemListElement\":[{\"@type\":\"ListItem\",\"position\":1,\"name\":\"Home\",\"item\":\"https:\/\/www.urlaubcornwall.de\/blog\/\"},{\"@type\":\"ListItem\",\"position\":2,\"name\":\"Luxushotel in Chipping Campden, Cotswolds\"}]}]}<\/script>\n<!-- \/ Yoast SEO plugin. -->","yoast_head_json":{"title":"Luxushotel in Chipping Campden, Cotswolds - Urlaub &amp; Reisen","robots":{"index":"index","follow":"follow","max-snippet":"max-snippet:-1","max-image-preview":"max-image-preview:large","max-video-preview":"max-video-preview:-1"},"canonical":"https:\/\/www.urlaubcornwall.de\/blog\/luxus-boutique-hotel-chipping-campden-cotswolds\/","og_locale":"en_US","og_type":"article","og_title":"Luxushotel in Chipping Campden, Cotswolds - Urlaub &amp; Reisen","og_description":"Luxushotel in Cotswolds &#8211; The Kings Hotel ist ein charmantes Stadthaus des 18. Jahrhunderts mit unverwechselbarer und stilvoller Unterkunft. Einf\u00fchlsame und sorgsame Renovation f\u00fchrte dazu, dass Sie nun all den modernen Komfort heutiger Zeit, den Sie brauchen, genie\u00dfen k\u00f6nnen und dennoch den Charakter und die Geschichte eines Steingeb\u00e4udes der Cotswolds aufsaugen k\u00f6nnen. Eingeschmiegt ins Herz [&hellip;]","og_url":"https:\/\/www.urlaubcornwall.de\/blog\/luxus-boutique-hotel-chipping-campden-cotswolds\/","og_site_name":"Urlaub &amp; Reisen","article_modified_time":"2024-05-30T12:22:34+00:00","og_image":[{"url":"https:\/\/www.urlaubcornwall.de\/blog\/wp-content\/uploads\/2024\/03\/cotswolds-cottage-1.jpg"}],"twitter_card":"summary","twitter_misc":{"Est. reading time":"2 minutes"},"schema":{"@context":"https:\/\/schema.org","@graph":[{"@type":"WebSite","@id":"https:\/\/www.urlaubcornwall.de\/blog\/#website","url":"https:\/\/www.urlaubcornwall.de\/blog\/","name":"Urlaub &amp; Reisen","description":"Urlaub, Reisen, Cornwall und S\u00fcdengland: eine perfekte Kombination","potentialAction":[{"@type":"SearchAction","target":{"@type":"EntryPoint","urlTemplate":"https:\/\/www.urlaubcornwall.de\/blog\/?s={search_term_string}"},"query-input":"required name=search_term_string"}],"inLanguage":"en-US"},{"@type":"WebPage","@id":"https:\/\/www.urlaubcornwall.de\/blog\/luxus-boutique-hotel-chipping-campden-cotswolds\/","url":"https:\/\/www.urlaubcornwall.de\/blog\/luxus-boutique-hotel-chipping-campden-cotswolds\/","name":"Luxushotel in Chipping Campden, Cotswolds - Urlaub &amp; Reisen","isPartOf":{"@id":"https:\/\/www.urlaubcornwall.de\/blog\/#website"},"datePublished":"2017-04-24T13:32:35+00:00","dateModified":"2024-05-30T12:22:34+00:00","breadcrumb":{"@id":"https:\/\/www.urlaubcornwall.de\/blog\/luxus-boutique-hotel-chipping-campden-cotswolds\/#breadcrumb"},"inLanguage":"en-US","potentialAction":[{"@type":"ReadAction","target":["https:\/\/www.urlaubcornwall.de\/blog\/luxus-boutique-hotel-chipping-campden-cotswolds\/"]}]},{"@type":"BreadcrumbList","@id":"https:\/\/www.urlaubcornwall.de\/blog\/luxus-boutique-hotel-chipping-campden-cotswolds\/#breadcrumb","itemListElement":[{"@type":"ListItem","position":1,"name":"Home","item":"https:\/\/www.urlaubcornwall.de\/blog\/"},{"@type":"ListItem","position":2,"name":"Luxushotel in Chipping Campden, Cotswolds"}]}]}},"_links":{"self":[{"href":"https:\/\/www.urlaubcornwall.de\/blog\/wp-json\/wp\/v2\/pages\/27690"}],"collection":[{"href":"https:\/\/www.urlaubcornwall.de\/blog\/wp-json\/wp\/v2\/pages"}],"about":[{"href":"https:\/\/www.urlaubcornwall.de\/blog\/wp-json\/wp\/v2\/types\/page"}],"author":[{"embeddable":true,"href":"https:\/\/www.urlaubcornwall.de\/blog\/wp-json\/wp\/v2\/users\/1"}],"replies":[{"embeddable":true,"href":"https:\/\/www.urlaubcornwall.de\/blog\/wp-json\/wp\/v2\/comments?post=27690"}],"version-history":[{"count":13,"href":"https:\/\/www.urlaubcornwall.de\/blog\/wp-json\/wp\/v2\/pages\/27690\/revisions"}],"predecessor-version":[{"id":51015,"href":"https:\/\/www.urlaubcornwall.de\/blog\/wp-json\/wp\/v2\/pages\/27690\/revisions\/51015"}],"wp:attachment":[{"href":"https:\/\/www.urlaubcornwall.de\/blog\/wp-json\/wp\/v2\/media?parent=27690"}],"curies":[{"name":"wp","href":"https:\/\/api.w.org\/{rel}","templated":true}]}}