{"id":27676,"date":"2017-04-24T13:11:04","date_gmt":"2017-04-24T13:11:04","guid":{"rendered":"https:\/\/www.urlaubcornwall.de\/blog\/?page_id=27676"},"modified":"2024-05-29T15:12:32","modified_gmt":"2024-05-29T15:12:32","slug":"luxus-landhaushotel-devon-rundreise-suedengland","status":"publish","type":"page","link":"https:\/\/www.urlaubcornwall.de\/blog\/luxus-landhaushotel-devon-rundreise-suedengland\/","title":{"rendered":"Luxus-Landhaus Hotel Devon &#8211; 4 Sterne Buckland Tout-Saints"},"content":{"rendered":"<p><a href=\"https:\/\/www.urlaubcornwall.de\/blog\/wp-content\/uploads\/2016\/06\/Dartmouth-hafen.jpg\"><img loading=\"lazy\" src=\"https:\/\/www.urlaubcornwall.de\/blog\/wp-content\/uploads\/2016\/06\/Dartmouth-hafen.jpg\" alt=\"Urlaub Dartmouth hafen hotels\" width=\"744\" height=\"437\" class=\"alignnone size-full wp-image-24499\" srcset=\"https:\/\/www.urlaubcornwall.de\/blog\/wp-content\/uploads\/2016\/06\/Dartmouth-hafen.jpg 744w, https:\/\/www.urlaubcornwall.de\/blog\/wp-content\/uploads\/2016\/06\/Dartmouth-hafen-300x176.jpg 300w\" sizes=\"(max-width: 744px) 100vw, 744px\" \/><\/a><\/p>\n<p><strong>Landhaushotel in Devon<\/strong>&#8211; Das Buckland Tout-Saints Luxus-Landhaushotel befindet sich in Kingsbridge in den herrlichen <a href=\"https:\/\/www.urlaubcornwall.de\/reiseziel\/devon.php\">South Hams von Devon<\/a>, umgeben von 1,82 Hektar wundersch\u00f6n gepflegter G\u00e4rten und Waldgebiets. Dieses herrliche William &amp; Mary Herrenhaus befindet sich in entz\u00fcckend abgeschiedener Lage, ideal f\u00fcr wahrhaft entspannenden Urlaub.<\/p>\n<p>Mit wundersch\u00f6nen R\u00e4umen, preisgekr\u00f6nter K\u00fcche, einer durch und durch geruhsamen Ausstrahlung und der N\u00e4he zur meilenweiten idyllischen K\u00fcste Devons machen Buckland Tout-Saints zu einer derart einzigartigen Urlaubsidylle.<\/p>\n<p>Ob Sie nun das Flair eines Luxus-Landhaushotels suchen oder eine eher zeitgen\u00f6ssische Unterkunft, so entsprechen die 16 R\u00e4ume jedem Geschmack. Die 8 urspr\u00fcnglichen R\u00e4ume und 2 luxuri\u00f6sen Suiten wurden entsprechend eines traditionellen Landhausstils Devons modernisiert. Viele davon haben Himmelbetten, sowie eine durchgehend wundersch\u00f6n koordinierte Inneneinrichtung. Die 6 neuen R\u00e4ume sind allesamt in einem auffallend modernen Stil ausgestattet.<\/p>\n<p style=\"text-align: center;\"><a class=\"tidycta\" href=\"https:\/\/www.booking.com\/hotel\/gb\/bucklandtout-saints.en.html?aid=1320750&#038;no_rooms=1&#038;group_adults=2\"rel=\"sponsored\">Anfrage \/ Buchung<\/a><\/p>\n<p>Das beste an unseren Touren ist, dass Sie \u00fcberhaupt nicht eingeschr\u00e4nkt sind.Sie reisen vielleicht g\u00fcnstig, doch das bedeutet nicht, dass Sie nicht eine besondere Nacht in einer Luxusunterkunft oder einem Schlosshotel verbringen k\u00f6nnen.<br \/>\n<strong>In welchem Hotel werde ich untergebracht sein?<\/strong><\/p>\n<p>In jeder Region des UK, die Sie vielleicht besuchen m\u00f6chten, haben wir uns zusammengeschlossen mit Unterkunftsprovidern, jedem Budget entsprechend. Die Hotels, die wir w\u00e4hlen, sind sorgsam handverlesen bez\u00fcglich des Standards der Unterkunft, dem Service, Kundenbewertungen, der Lage und des Preises.<\/p>\n<p style=\"text-align: center;\"><a href=\"https:\/\/www.urlaubcornwall.de\/rundreisenservice.php\"><strong>Unser Rundreisenservice<\/strong><\/a><\/p>\n","protected":false},"excerpt":{"rendered":"<p>Landhaushotel in Devon&#8211; Das Buckland Tout-Saints Luxus-Landhaushotel befindet sich in Kingsbridge in den herrlichen South Hams von Devon, umgeben von 1,82 Hektar wundersch\u00f6n gepflegter G\u00e4rten und Waldgebiets. Dieses herrliche William &amp; Mary Herrenhaus befindet sich in entz\u00fcckend abgeschiedener Lage, ideal f\u00fcr wahrhaft entspannenden Urlaub. Mit wundersch\u00f6nen R\u00e4umen, preisgekr\u00f6nter K\u00fcche, einer durch und durch geruhsamen Ausstrahlung [&hellip;]<\/p>\n","protected":false},"author":1,"featured_media":0,"parent":0,"menu_order":0,"comment_status":"closed","ping_status":"closed","template":"single-four.php","meta":[],"acf":[],"yoast_head":"<!-- This site is optimized with the Yoast SEO plugin v19.4 - https:\/\/yoast.com\/wordpress\/plugins\/seo\/ -->\n<title>Luxus-Landhaus Hotel Devon - 4 Sterne Buckland Tout-Saints - Urlaub &amp; Reisen<\/title>\n<meta name=\"robots\" content=\"index, follow, max-snippet:-1, max-image-preview:large, max-video-preview:-1\" \/>\n<link rel=\"canonical\" href=\"https:\/\/www.urlaubcornwall.de\/blog\/luxus-landhaushotel-devon-rundreise-suedengland\/\" \/>\n<meta property=\"og:locale\" content=\"en_US\" \/>\n<meta property=\"og:type\" content=\"article\" \/>\n<meta property=\"og:title\" content=\"Luxus-Landhaus Hotel Devon - 4 Sterne Buckland Tout-Saints - Urlaub &amp; Reisen\" \/>\n<meta property=\"og:description\" content=\"Landhaushotel in Devon&#8211; Das Buckland Tout-Saints Luxus-Landhaushotel befindet sich in Kingsbridge in den herrlichen South Hams von Devon, umgeben von 1,82 Hektar wundersch\u00f6n gepflegter G\u00e4rten und Waldgebiets. Dieses herrliche William &amp; Mary Herrenhaus befindet sich in entz\u00fcckend abgeschiedener Lage, ideal f\u00fcr wahrhaft entspannenden Urlaub. Mit wundersch\u00f6nen R\u00e4umen, preisgekr\u00f6nter K\u00fcche, einer durch und durch geruhsamen Ausstrahlung [&hellip;]\" \/>\n<meta property=\"og:url\" content=\"https:\/\/www.urlaubcornwall.de\/blog\/luxus-landhaushotel-devon-rundreise-suedengland\/\" \/>\n<meta property=\"og:site_name\" content=\"Urlaub &amp; Reisen\" \/>\n<meta property=\"article:modified_time\" content=\"2024-05-29T15:12:32+00:00\" \/>\n<meta property=\"og:image\" content=\"https:\/\/www.urlaubcornwall.de\/blog\/wp-content\/uploads\/2016\/06\/Dartmouth-hafen.jpg\" \/>\n<meta name=\"twitter:card\" content=\"summary\" \/>\n<meta name=\"twitter:label1\" content=\"Est. reading time\" \/>\n\t<meta name=\"twitter:data1\" content=\"1 minute\" \/>\n<script type=\"application\/ld+json\" class=\"yoast-schema-graph\">{\"@context\":\"https:\/\/schema.org\",\"@graph\":[{\"@type\":\"WebSite\",\"@id\":\"https:\/\/www.urlaubcornwall.de\/blog\/#website\",\"url\":\"https:\/\/www.urlaubcornwall.de\/blog\/\",\"name\":\"Urlaub &amp; Reisen\",\"description\":\"Urlaub, Reisen, Cornwall und S\u00fcdengland: eine perfekte Kombination\",\"potentialAction\":[{\"@type\":\"SearchAction\",\"target\":{\"@type\":\"EntryPoint\",\"urlTemplate\":\"https:\/\/www.urlaubcornwall.de\/blog\/?s={search_term_string}\"},\"query-input\":\"required name=search_term_string\"}],\"inLanguage\":\"en-US\"},{\"@type\":\"WebPage\",\"@id\":\"https:\/\/www.urlaubcornwall.de\/blog\/luxus-landhaushotel-devon-rundreise-suedengland\/\",\"url\":\"https:\/\/www.urlaubcornwall.de\/blog\/luxus-landhaushotel-devon-rundreise-suedengland\/\",\"name\":\"Luxus-Landhaus Hotel Devon - 4 Sterne Buckland Tout-Saints - Urlaub &amp; Reisen\",\"isPartOf\":{\"@id\":\"https:\/\/www.urlaubcornwall.de\/blog\/#website\"},\"datePublished\":\"2017-04-24T13:11:04+00:00\",\"dateModified\":\"2024-05-29T15:12:32+00:00\",\"breadcrumb\":{\"@id\":\"https:\/\/www.urlaubcornwall.de\/blog\/luxus-landhaushotel-devon-rundreise-suedengland\/#breadcrumb\"},\"inLanguage\":\"en-US\",\"potentialAction\":[{\"@type\":\"ReadAction\",\"target\":[\"https:\/\/www.urlaubcornwall.de\/blog\/luxus-landhaushotel-devon-rundreise-suedengland\/\"]}]},{\"@type\":\"BreadcrumbList\",\"@id\":\"https:\/\/www.urlaubcornwall.de\/blog\/luxus-landhaushotel-devon-rundreise-suedengland\/#breadcrumb\",\"itemListElement\":[{\"@type\":\"ListItem\",\"position\":1,\"name\":\"Home\",\"item\":\"https:\/\/www.urlaubcornwall.de\/blog\/\"},{\"@type\":\"ListItem\",\"position\":2,\"name\":\"Luxus-Landhaus Hotel Devon &#8211; 4 Sterne Buckland Tout-Saints\"}]}]}<\/script>\n<!-- \/ Yoast SEO plugin. -->","yoast_head_json":{"title":"Luxus-Landhaus Hotel Devon - 4 Sterne Buckland Tout-Saints - Urlaub &amp; Reisen","robots":{"index":"index","follow":"follow","max-snippet":"max-snippet:-1","max-image-preview":"max-image-preview:large","max-video-preview":"max-video-preview:-1"},"canonical":"https:\/\/www.urlaubcornwall.de\/blog\/luxus-landhaushotel-devon-rundreise-suedengland\/","og_locale":"en_US","og_type":"article","og_title":"Luxus-Landhaus Hotel Devon - 4 Sterne Buckland Tout-Saints - Urlaub &amp; Reisen","og_description":"Landhaushotel in Devon&#8211; Das Buckland Tout-Saints Luxus-Landhaushotel befindet sich in Kingsbridge in den herrlichen South Hams von Devon, umgeben von 1,82 Hektar wundersch\u00f6n gepflegter G\u00e4rten und Waldgebiets. Dieses herrliche William &amp; Mary Herrenhaus befindet sich in entz\u00fcckend abgeschiedener Lage, ideal f\u00fcr wahrhaft entspannenden Urlaub. Mit wundersch\u00f6nen R\u00e4umen, preisgekr\u00f6nter K\u00fcche, einer durch und durch geruhsamen Ausstrahlung [&hellip;]","og_url":"https:\/\/www.urlaubcornwall.de\/blog\/luxus-landhaushotel-devon-rundreise-suedengland\/","og_site_name":"Urlaub &amp; Reisen","article_modified_time":"2024-05-29T15:12:32+00:00","og_image":[{"url":"https:\/\/www.urlaubcornwall.de\/blog\/wp-content\/uploads\/2016\/06\/Dartmouth-hafen.jpg"}],"twitter_card":"summary","twitter_misc":{"Est. reading time":"1 minute"},"schema":{"@context":"https:\/\/schema.org","@graph":[{"@type":"WebSite","@id":"https:\/\/www.urlaubcornwall.de\/blog\/#website","url":"https:\/\/www.urlaubcornwall.de\/blog\/","name":"Urlaub &amp; Reisen","description":"Urlaub, Reisen, Cornwall und S\u00fcdengland: eine perfekte Kombination","potentialAction":[{"@type":"SearchAction","target":{"@type":"EntryPoint","urlTemplate":"https:\/\/www.urlaubcornwall.de\/blog\/?s={search_term_string}"},"query-input":"required name=search_term_string"}],"inLanguage":"en-US"},{"@type":"WebPage","@id":"https:\/\/www.urlaubcornwall.de\/blog\/luxus-landhaushotel-devon-rundreise-suedengland\/","url":"https:\/\/www.urlaubcornwall.de\/blog\/luxus-landhaushotel-devon-rundreise-suedengland\/","name":"Luxus-Landhaus Hotel Devon - 4 Sterne Buckland Tout-Saints - Urlaub &amp; Reisen","isPartOf":{"@id":"https:\/\/www.urlaubcornwall.de\/blog\/#website"},"datePublished":"2017-04-24T13:11:04+00:00","dateModified":"2024-05-29T15:12:32+00:00","breadcrumb":{"@id":"https:\/\/www.urlaubcornwall.de\/blog\/luxus-landhaushotel-devon-rundreise-suedengland\/#breadcrumb"},"inLanguage":"en-US","potentialAction":[{"@type":"ReadAction","target":["https:\/\/www.urlaubcornwall.de\/blog\/luxus-landhaushotel-devon-rundreise-suedengland\/"]}]},{"@type":"BreadcrumbList","@id":"https:\/\/www.urlaubcornwall.de\/blog\/luxus-landhaushotel-devon-rundreise-suedengland\/#breadcrumb","itemListElement":[{"@type":"ListItem","position":1,"name":"Home","item":"https:\/\/www.urlaubcornwall.de\/blog\/"},{"@type":"ListItem","position":2,"name":"Luxus-Landhaus Hotel Devon &#8211; 4 Sterne Buckland Tout-Saints"}]}]}},"_links":{"self":[{"href":"https:\/\/www.urlaubcornwall.de\/blog\/wp-json\/wp\/v2\/pages\/27676"}],"collection":[{"href":"https:\/\/www.urlaubcornwall.de\/blog\/wp-json\/wp\/v2\/pages"}],"about":[{"href":"https:\/\/www.urlaubcornwall.de\/blog\/wp-json\/wp\/v2\/types\/page"}],"author":[{"embeddable":true,"href":"https:\/\/www.urlaubcornwall.de\/blog\/wp-json\/wp\/v2\/users\/1"}],"replies":[{"embeddable":true,"href":"https:\/\/www.urlaubcornwall.de\/blog\/wp-json\/wp\/v2\/comments?post=27676"}],"version-history":[{"count":8,"href":"https:\/\/www.urlaubcornwall.de\/blog\/wp-json\/wp\/v2\/pages\/27676\/revisions"}],"predecessor-version":[{"id":50725,"href":"https:\/\/www.urlaubcornwall.de\/blog\/wp-json\/wp\/v2\/pages\/27676\/revisions\/50725"}],"wp:attachment":[{"href":"https:\/\/www.urlaubcornwall.de\/blog\/wp-json\/wp\/v2\/media?parent=27676"}],"curies":[{"name":"wp","href":"https:\/\/api.w.org\/{rel}","templated":true}]}}