{"id":27665,"date":"2017-04-24T12:56:41","date_gmt":"2017-04-24T12:56:41","guid":{"rendered":"https:\/\/www.urlaubcornwall.de\/blog\/?page_id=27665"},"modified":"2024-05-29T15:12:55","modified_gmt":"2024-05-29T15:12:55","slug":"luxus-herrenhaushotel-suedengland-warwick","status":"publish","type":"page","link":"https:\/\/www.urlaubcornwall.de\/blog\/luxus-herrenhaushotel-suedengland-warwick\/","title":{"rendered":"Luxus Herrenhaus Hotel in S\u00fcdengland &#8211; Warwick"},"content":{"rendered":"<p><a href=\"https:\/\/www.urlaubcornwall.de\/blog\/wp-content\/uploads\/2024\/03\/warwick-shcloss.jpg\"><img loading=\"lazy\" src=\"https:\/\/www.urlaubcornwall.de\/blog\/wp-content\/uploads\/2024\/03\/warwick-shcloss.jpg\" alt=\"warwick schloss\" width=\"750\" height=\"500\" class=\"alignnone size-full wp-image-47821\" srcset=\"https:\/\/www.urlaubcornwall.de\/blog\/wp-content\/uploads\/2024\/03\/warwick-shcloss.jpg 750w, https:\/\/www.urlaubcornwall.de\/blog\/wp-content\/uploads\/2024\/03\/warwick-shcloss-300x200.jpg 300w\" sizes=\"(max-width: 750px) 100vw, 750px\" \/><\/a><br \/>\n<strong>Landhaushotel in Warwickshire<\/strong> &#8211; Dieses herrliche Herrenhaushotel in Leamington Spa mit seinen wundervollen 31 Zimmern, befindet sich innerhalb eines Grundst\u00fccks von 10 Ar und ist Inbegriff eines quintessentiellen englischen Landhaushotels. Eleganz und Stil sind personifiziert, das Mallory Court Hotel &amp; Spa hat einen Stammbaum und eine Geschichte, die schon seit langem in Verbindung gebracht wird mit gro\u00dfartiger Hotelf\u00fchrung. G\u00e4ste verlieben sich sofort in Mallory und kommen Mal f\u00fcr Mal wieder.<\/p>\n<p>Als eines der Top 200 Hotels des Landes, besticht Mallory seine G\u00e4ste mit Luxusunterkunft, atemberaubendem Grundst\u00fcck, unaufdringlichem Service und einfach hervorragender K\u00fcche im Herzen von Warwickshire. Das pr\u00e4chtige Haupthaus im Lutyens Stil und feines Speiserestaurant bieten eine Alternative zur von Art-Deko inspirierter Brasserie.<\/p>\n<p>Mallorys zwanzig Zimmer im Haupthaus, zusammengesetzt aus elf Knight\u2019s Suite R\u00e4umen und zw\u00f6lf brandneuen Superior-R\u00e4umen innerhalb des Spa-Anbaus (ab April 2017) sind eine perfekte Mischung aus traditionellem Landhauscharme, zeitgen\u00f6ssischem Stil und entspannendem Genuss.<\/p>\n<p style=\"text-align: center;\"><a class=\"tidycta\" href=\"https:\/\/www.booking.com\/hotel\/gb\/mallory-court.de.html?aid=1320750&amp;no_rooms=1&amp;group_adults=2&amp;room1=A%2CA\"rel=\"nofollow\">Verf\u00fcgbarkeit pr\u00fcfen<\/a><\/p>\n<p><img loading=\"lazy\" class=\"aligncenter size-full wp-image-24598\" src=\"https:\/\/www.urlaubcornwall.de\/blog\/wp-content\/uploads\/2016\/06\/urlaub-und-gro\u00dfbritannien_logo_final.jpg\" alt=\"\" width=\"746\" height=\"361\" srcset=\"https:\/\/www.urlaubcornwall.de\/blog\/wp-content\/uploads\/2016\/06\/urlaub-und-gro\u00dfbritannien_logo_final.jpg 746w, https:\/\/www.urlaubcornwall.de\/blog\/wp-content\/uploads\/2016\/06\/urlaub-und-gro\u00dfbritannien_logo_final-300x145.jpg 300w\" sizes=\"(max-width: 746px) 100vw, 746px\" \/><\/p>\n<p style=\"text-align: center;\"><a href=\"https:\/\/www.urlaubcornwall.de\/rundreisenservice.php\"><strong>Unser Rundreisenservice<\/strong><\/a><\/p>\n<p style=\"text-align: center;\">Das beste an unseren Touren ist, dass Sie \u00fcberhaupt nicht eingeschr\u00e4nkt sind.Sie reisen vielleicht g\u00fcnstig, doch das bedeutet nicht, dass Sie nicht eine besondere Nacht in einer Luxusunterkunft oder einem Schlosshotel verbringen k\u00f6nnen.<\/p>\n<p style=\"text-align: center;\"><strong>In welchem Hotel werde ich untergebracht sein?<\/strong><\/p>\n<p style=\"text-align: center;\">In jeder Region des UK, die Sie vielleicht besuchen m\u00f6chten, haben wir uns zusammengeschlossen mit Unterkunftsprovidern, jedem Budget entsprechend. Die Hotels, die wir w\u00e4hlen, sind sorgsam handverlesen bez\u00fcglich des Standards der Unterkunft, dem Service, Kundenbewertungen, der Lage und des Preises.<\/p>\n<p style=\"text-align: center;\"><a class=\"tidycta\" href=\"http:\/\/www.urlaubcornwall.de\/anfrage.php?tourcode=Rundreise S\u00fcdengland\">S\u00fcdengland Rundreise Anfrage<\/a><\/p>\n","protected":false},"excerpt":{"rendered":"<p>Landhaushotel in Warwickshire &#8211; Dieses herrliche Herrenhaushotel in Leamington Spa mit seinen wundervollen 31 Zimmern, befindet sich innerhalb eines Grundst\u00fccks von 10 Ar und ist Inbegriff eines quintessentiellen englischen Landhaushotels. Eleganz und Stil sind personifiziert, das Mallory Court Hotel &amp; Spa hat einen Stammbaum und eine Geschichte, die schon seit langem in Verbindung gebracht wird [&hellip;]<\/p>\n","protected":false},"author":1,"featured_media":0,"parent":0,"menu_order":0,"comment_status":"closed","ping_status":"closed","template":"single-four.php","meta":[],"acf":[],"yoast_head":"<!-- This site is optimized with the Yoast SEO plugin v19.4 - https:\/\/yoast.com\/wordpress\/plugins\/seo\/ -->\n<title>Luxus Herrenhaus Hotel in S\u00fcdengland - Warwick - Urlaub &amp; Reisen<\/title>\n<meta name=\"robots\" content=\"index, follow, max-snippet:-1, max-image-preview:large, max-video-preview:-1\" \/>\n<link rel=\"canonical\" href=\"https:\/\/www.urlaubcornwall.de\/blog\/luxus-herrenhaushotel-suedengland-warwick\/\" \/>\n<meta property=\"og:locale\" content=\"en_US\" \/>\n<meta property=\"og:type\" content=\"article\" \/>\n<meta property=\"og:title\" content=\"Luxus Herrenhaus Hotel in S\u00fcdengland - Warwick - Urlaub &amp; Reisen\" \/>\n<meta property=\"og:description\" content=\"Landhaushotel in Warwickshire &#8211; Dieses herrliche Herrenhaushotel in Leamington Spa mit seinen wundervollen 31 Zimmern, befindet sich innerhalb eines Grundst\u00fccks von 10 Ar und ist Inbegriff eines quintessentiellen englischen Landhaushotels. Eleganz und Stil sind personifiziert, das Mallory Court Hotel &amp; Spa hat einen Stammbaum und eine Geschichte, die schon seit langem in Verbindung gebracht wird [&hellip;]\" \/>\n<meta property=\"og:url\" content=\"https:\/\/www.urlaubcornwall.de\/blog\/luxus-herrenhaushotel-suedengland-warwick\/\" \/>\n<meta property=\"og:site_name\" content=\"Urlaub &amp; Reisen\" \/>\n<meta property=\"article:modified_time\" content=\"2024-05-29T15:12:55+00:00\" \/>\n<meta property=\"og:image\" content=\"https:\/\/www.urlaubcornwall.de\/blog\/wp-content\/uploads\/2024\/03\/warwick-shcloss.jpg\" \/>\n<meta name=\"twitter:card\" content=\"summary\" \/>\n<meta name=\"twitter:label1\" content=\"Est. reading time\" \/>\n\t<meta name=\"twitter:data1\" content=\"2 minutes\" \/>\n<script type=\"application\/ld+json\" class=\"yoast-schema-graph\">{\"@context\":\"https:\/\/schema.org\",\"@graph\":[{\"@type\":\"WebSite\",\"@id\":\"https:\/\/www.urlaubcornwall.de\/blog\/#website\",\"url\":\"https:\/\/www.urlaubcornwall.de\/blog\/\",\"name\":\"Urlaub &amp; Reisen\",\"description\":\"Urlaub, Reisen, Cornwall und S\u00fcdengland: eine perfekte Kombination\",\"potentialAction\":[{\"@type\":\"SearchAction\",\"target\":{\"@type\":\"EntryPoint\",\"urlTemplate\":\"https:\/\/www.urlaubcornwall.de\/blog\/?s={search_term_string}\"},\"query-input\":\"required name=search_term_string\"}],\"inLanguage\":\"en-US\"},{\"@type\":\"WebPage\",\"@id\":\"https:\/\/www.urlaubcornwall.de\/blog\/luxus-herrenhaushotel-suedengland-warwick\/\",\"url\":\"https:\/\/www.urlaubcornwall.de\/blog\/luxus-herrenhaushotel-suedengland-warwick\/\",\"name\":\"Luxus Herrenhaus Hotel in S\u00fcdengland - Warwick - Urlaub &amp; Reisen\",\"isPartOf\":{\"@id\":\"https:\/\/www.urlaubcornwall.de\/blog\/#website\"},\"datePublished\":\"2017-04-24T12:56:41+00:00\",\"dateModified\":\"2024-05-29T15:12:55+00:00\",\"breadcrumb\":{\"@id\":\"https:\/\/www.urlaubcornwall.de\/blog\/luxus-herrenhaushotel-suedengland-warwick\/#breadcrumb\"},\"inLanguage\":\"en-US\",\"potentialAction\":[{\"@type\":\"ReadAction\",\"target\":[\"https:\/\/www.urlaubcornwall.de\/blog\/luxus-herrenhaushotel-suedengland-warwick\/\"]}]},{\"@type\":\"BreadcrumbList\",\"@id\":\"https:\/\/www.urlaubcornwall.de\/blog\/luxus-herrenhaushotel-suedengland-warwick\/#breadcrumb\",\"itemListElement\":[{\"@type\":\"ListItem\",\"position\":1,\"name\":\"Home\",\"item\":\"https:\/\/www.urlaubcornwall.de\/blog\/\"},{\"@type\":\"ListItem\",\"position\":2,\"name\":\"Luxus Herrenhaus Hotel in S\u00fcdengland &#8211; Warwick\"}]}]}<\/script>\n<!-- \/ Yoast SEO plugin. -->","yoast_head_json":{"title":"Luxus Herrenhaus Hotel in S\u00fcdengland - Warwick - Urlaub &amp; Reisen","robots":{"index":"index","follow":"follow","max-snippet":"max-snippet:-1","max-image-preview":"max-image-preview:large","max-video-preview":"max-video-preview:-1"},"canonical":"https:\/\/www.urlaubcornwall.de\/blog\/luxus-herrenhaushotel-suedengland-warwick\/","og_locale":"en_US","og_type":"article","og_title":"Luxus Herrenhaus Hotel in S\u00fcdengland - Warwick - Urlaub &amp; Reisen","og_description":"Landhaushotel in Warwickshire &#8211; Dieses herrliche Herrenhaushotel in Leamington Spa mit seinen wundervollen 31 Zimmern, befindet sich innerhalb eines Grundst\u00fccks von 10 Ar und ist Inbegriff eines quintessentiellen englischen Landhaushotels. Eleganz und Stil sind personifiziert, das Mallory Court Hotel &amp; Spa hat einen Stammbaum und eine Geschichte, die schon seit langem in Verbindung gebracht wird [&hellip;]","og_url":"https:\/\/www.urlaubcornwall.de\/blog\/luxus-herrenhaushotel-suedengland-warwick\/","og_site_name":"Urlaub &amp; Reisen","article_modified_time":"2024-05-29T15:12:55+00:00","og_image":[{"url":"https:\/\/www.urlaubcornwall.de\/blog\/wp-content\/uploads\/2024\/03\/warwick-shcloss.jpg"}],"twitter_card":"summary","twitter_misc":{"Est. reading time":"2 minutes"},"schema":{"@context":"https:\/\/schema.org","@graph":[{"@type":"WebSite","@id":"https:\/\/www.urlaubcornwall.de\/blog\/#website","url":"https:\/\/www.urlaubcornwall.de\/blog\/","name":"Urlaub &amp; Reisen","description":"Urlaub, Reisen, Cornwall und S\u00fcdengland: eine perfekte Kombination","potentialAction":[{"@type":"SearchAction","target":{"@type":"EntryPoint","urlTemplate":"https:\/\/www.urlaubcornwall.de\/blog\/?s={search_term_string}"},"query-input":"required name=search_term_string"}],"inLanguage":"en-US"},{"@type":"WebPage","@id":"https:\/\/www.urlaubcornwall.de\/blog\/luxus-herrenhaushotel-suedengland-warwick\/","url":"https:\/\/www.urlaubcornwall.de\/blog\/luxus-herrenhaushotel-suedengland-warwick\/","name":"Luxus Herrenhaus Hotel in S\u00fcdengland - Warwick - Urlaub &amp; Reisen","isPartOf":{"@id":"https:\/\/www.urlaubcornwall.de\/blog\/#website"},"datePublished":"2017-04-24T12:56:41+00:00","dateModified":"2024-05-29T15:12:55+00:00","breadcrumb":{"@id":"https:\/\/www.urlaubcornwall.de\/blog\/luxus-herrenhaushotel-suedengland-warwick\/#breadcrumb"},"inLanguage":"en-US","potentialAction":[{"@type":"ReadAction","target":["https:\/\/www.urlaubcornwall.de\/blog\/luxus-herrenhaushotel-suedengland-warwick\/"]}]},{"@type":"BreadcrumbList","@id":"https:\/\/www.urlaubcornwall.de\/blog\/luxus-herrenhaushotel-suedengland-warwick\/#breadcrumb","itemListElement":[{"@type":"ListItem","position":1,"name":"Home","item":"https:\/\/www.urlaubcornwall.de\/blog\/"},{"@type":"ListItem","position":2,"name":"Luxus Herrenhaus Hotel in S\u00fcdengland &#8211; Warwick"}]}]}},"_links":{"self":[{"href":"https:\/\/www.urlaubcornwall.de\/blog\/wp-json\/wp\/v2\/pages\/27665"}],"collection":[{"href":"https:\/\/www.urlaubcornwall.de\/blog\/wp-json\/wp\/v2\/pages"}],"about":[{"href":"https:\/\/www.urlaubcornwall.de\/blog\/wp-json\/wp\/v2\/types\/page"}],"author":[{"embeddable":true,"href":"https:\/\/www.urlaubcornwall.de\/blog\/wp-json\/wp\/v2\/users\/1"}],"replies":[{"embeddable":true,"href":"https:\/\/www.urlaubcornwall.de\/blog\/wp-json\/wp\/v2\/comments?post=27665"}],"version-history":[{"count":9,"href":"https:\/\/www.urlaubcornwall.de\/blog\/wp-json\/wp\/v2\/pages\/27665\/revisions"}],"predecessor-version":[{"id":50726,"href":"https:\/\/www.urlaubcornwall.de\/blog\/wp-json\/wp\/v2\/pages\/27665\/revisions\/50726"}],"wp:attachment":[{"href":"https:\/\/www.urlaubcornwall.de\/blog\/wp-json\/wp\/v2\/media?parent=27665"}],"curies":[{"name":"wp","href":"https:\/\/api.w.org\/{rel}","templated":true}]}}