{"id":27378,"date":"2017-04-11T14:40:17","date_gmt":"2017-04-11T14:40:17","guid":{"rendered":"https:\/\/www.urlaubcornwall.de\/blog\/?page_id=27378"},"modified":"2024-05-27T23:16:55","modified_gmt":"2024-05-27T23:16:55","slug":"urlaub-new-forest-hampshire-der-new-forest-hat-jedermann-etwas-zu-bieten","status":"publish","type":"page","link":"https:\/\/www.urlaubcornwall.de\/blog\/urlaub-new-forest-hampshire-der-new-forest-hat-jedermann-etwas-zu-bieten\/","title":{"rendered":"Urlaub New Forest, Hampshire &#8211; Der New Forest hat jedermann etwas zu bieten!"},"content":{"rendered":"<p><img loading=\"lazy\" class=\"aligncenter size-full wp-image-19849\" src=\"https:\/\/www.urlaubcornwall.de\/blog\/wp-content\/uploads\/2015\/08\/New-Forest-hampshire.jpg\" alt=\"urlaub New Forest hampshire\" width=\"748\" height=\"388\"\/><\/p>\n<p>Der New Forest bedeckt einen gro\u00dfen Teil von <a href=\"https:\/\/www.urlaubcornwall.de\/reiseziel\/hampshire.php\">S\u00fcdwest Hampshire<\/a>, es ist eine Haupttouristenattraktion und ein Gebiet der Tier- und Landschaftserhaltung. Es deckt ein Gebiet von 571 Quadratkilometer mit wundersch\u00f6ner Landschaft, h\u00fcbschen D\u00f6rfern, G\u00e4rten, Museen, Str\u00e4nden und mehr als 1500 St\u00fcck Wild und 3000 Ponys, die hier weiden.<\/p>\n<p>Der New Forest hat jedermann etwas zu bieten, von den h\u00fcbschen Exbury Gardens, die bekannt sind f\u00fcr ihre Rhododendren, Beaulieu Abbey und das National Motor Museum, Buckler\u2019s Hard, ein einzigartiges Dorf am Fluss Beaulieu River, das im 18. und 19. Jahrhundert f\u00fcr den Schiffsbau wichtig war, bis <a href=\"https:\/\/www.urlaubcornwall.de\/ferienhaeuser-fewos\/eng\/hampshire\/lymington.html\">Lymington<\/a> an der K\u00fcste, ein entz\u00fcckender Hafen, der bei Jachtbesitzern und zum Betreiben von Wassersport beliebt ist.<\/p>\n<p>Es gibt Bustouren mit offenem Oberdeck, die drei verschiedene Routen durch den Wald nehmen und Ihnen erm\u00f6glichen, alles zu sehen, was die Gegend zu bieten hat. Radfahrend l\u00e4sst sich der New Forest ebenfalls gut erkunden auf kilometerlangen Strecken abseits der Stra\u00dfe und auf Niedergeschwindigkeitsstra\u00dfen. Es gibt zahlreiche gut ausgeschilderte Wanderpfade mit Strecken unterschiedlicher L\u00e4nge; einige sind geeignet f\u00fcr Rollst\u00fchle und Kinderw\u00e4gen.<\/p>\n<p>Das ganze Jahr \u00fcber hat der New Forest dem Besucher eine Vielzahl zu bieten, und die unterschiedlichen Jahreszeiten verleihen der wundersch\u00f6nen Landschaft eine Vielfalt an Farben.<\/p>\n<p><a class=\"tidycta\" href=\"https:\/\/www.urlaubcornwall.de\/ferienhaeuser-fewos\/eng\/hampshire\/hampshire.html\">Suche Ferienh\u00e4user Hampshire<\/a><\/p>\n<div class=\"snippet\"> <a class=\"featured-item\" href=\"https:\/\/www.urlaubcornwall.de\/ferienhaeuser\/suedengland.php\"> <span class=\"image-holder\" style=\"background-image: url('https:\/\/www.urlaubcornwall.de\/blog\/wp-content\/uploads\/2024\/03\/ferienhaus-england-cornwall.jpg');\"><\/span> <span class=\"featured-content\"> \n<h2 class=\"featured-title\">Ferienh\u00e4user in S\u00fcdengland<\/h2>\n<p class=\"featured-body\">Bei uns finden Sie Ferienh\u00e4user zum Verlieben &#8211; so einfach ist das! Dank seiner langen Geschichte, der reizvollen Landschaften und seinen vielen Attraktionen ist S\u00fcdengland ein wahres Mekka f\u00fcr Urlauber&#8230;..<\/p><\/span> <span class=\"featured-link-holder\"> <span class=\"featured-extra-info\"> \n<p>Pers\u00f6nlich inspizierter Ferienh\u00e4user<\/p>\n<\/span> \n<p class=\"featured-link\">DETAILS<\/p>\n<\/span> <\/a><\/div>\n<p style=\"text-align: center;\">Wir bieten eine fantastische Auswahl an Rundreisen mit den beliebtesten Attraktionen und St\u00e4dten in <a href=\"http:\/\/www.urlaubcornwall.de\/reiseziel\/cornwall.php\">Cornwall<\/a>, <a href=\"https:\/\/www.urlaubcornwall.de\/blog\/rundreisen-england-wales\/\">England<\/a>, <a href=\"https:\/\/www.urlaubcornwall.de\/blog\/rundreisen-schottland\/\">Schottland,<\/a> <a href=\"https:\/\/www.urlaubcornwall.de\/blog\/rundreisen-england-wales\/\">Wales<\/a> und <a href=\"https:\/\/www.urlaubcornwall.de\/blog\/rundreisen-irland\/\">Irland.<\/a><\/p>\n","protected":false},"excerpt":{"rendered":"<p>Der New Forest bedeckt einen gro\u00dfen Teil von S\u00fcdwest Hampshire, es ist eine Haupttouristenattraktion und ein Gebiet der Tier- und Landschaftserhaltung. Es deckt ein Gebiet von 571 Quadratkilometer mit wundersch\u00f6ner Landschaft, h\u00fcbschen D\u00f6rfern, G\u00e4rten, Museen, Str\u00e4nden und mehr als 1500 St\u00fcck Wild und 3000 Ponys, die hier weiden. Der New Forest hat jedermann etwas zu [&hellip;]<\/p>\n","protected":false},"author":1,"featured_media":0,"parent":0,"menu_order":0,"comment_status":"closed","ping_status":"closed","template":"single-four.php","meta":[],"acf":[],"yoast_head":"<!-- This site is optimized with the Yoast SEO plugin v19.4 - https:\/\/yoast.com\/wordpress\/plugins\/seo\/ -->\n<title>Urlaub New Forest, Hampshire - Der New Forest hat jedermann etwas zu bieten! - Urlaub &amp; Reisen<\/title>\n<meta name=\"robots\" content=\"index, follow, max-snippet:-1, max-image-preview:large, max-video-preview:-1\" \/>\n<link rel=\"canonical\" href=\"https:\/\/www.urlaubcornwall.de\/blog\/urlaub-new-forest-hampshire-der-new-forest-hat-jedermann-etwas-zu-bieten\/\" \/>\n<meta property=\"og:locale\" content=\"en_US\" \/>\n<meta property=\"og:type\" content=\"article\" \/>\n<meta property=\"og:title\" content=\"Urlaub New Forest, Hampshire - Der New Forest hat jedermann etwas zu bieten! - Urlaub &amp; Reisen\" \/>\n<meta property=\"og:description\" content=\"Der New Forest bedeckt einen gro\u00dfen Teil von S\u00fcdwest Hampshire, es ist eine Haupttouristenattraktion und ein Gebiet der Tier- und Landschaftserhaltung. Es deckt ein Gebiet von 571 Quadratkilometer mit wundersch\u00f6ner Landschaft, h\u00fcbschen D\u00f6rfern, G\u00e4rten, Museen, Str\u00e4nden und mehr als 1500 St\u00fcck Wild und 3000 Ponys, die hier weiden. Der New Forest hat jedermann etwas zu [&hellip;]\" \/>\n<meta property=\"og:url\" content=\"https:\/\/www.urlaubcornwall.de\/blog\/urlaub-new-forest-hampshire-der-new-forest-hat-jedermann-etwas-zu-bieten\/\" \/>\n<meta property=\"og:site_name\" content=\"Urlaub &amp; Reisen\" \/>\n<meta property=\"article:modified_time\" content=\"2024-05-27T23:16:55+00:00\" \/>\n<meta property=\"og:image\" content=\"https:\/\/www.urlaubcornwall.de\/blog\/wp-content\/uploads\/2015\/08\/New-Forest-hampshire.jpg\" \/>\n<meta name=\"twitter:card\" content=\"summary\" \/>\n<meta name=\"twitter:label1\" content=\"Est. reading time\" \/>\n\t<meta name=\"twitter:data1\" content=\"2 minutes\" \/>\n<script type=\"application\/ld+json\" class=\"yoast-schema-graph\">{\"@context\":\"https:\/\/schema.org\",\"@graph\":[{\"@type\":\"WebSite\",\"@id\":\"https:\/\/www.urlaubcornwall.de\/blog\/#website\",\"url\":\"https:\/\/www.urlaubcornwall.de\/blog\/\",\"name\":\"Urlaub &amp; Reisen\",\"description\":\"Urlaub, Reisen, Cornwall und S\u00fcdengland: eine perfekte Kombination\",\"potentialAction\":[{\"@type\":\"SearchAction\",\"target\":{\"@type\":\"EntryPoint\",\"urlTemplate\":\"https:\/\/www.urlaubcornwall.de\/blog\/?s={search_term_string}\"},\"query-input\":\"required name=search_term_string\"}],\"inLanguage\":\"en-US\"},{\"@type\":\"WebPage\",\"@id\":\"https:\/\/www.urlaubcornwall.de\/blog\/urlaub-new-forest-hampshire-der-new-forest-hat-jedermann-etwas-zu-bieten\/\",\"url\":\"https:\/\/www.urlaubcornwall.de\/blog\/urlaub-new-forest-hampshire-der-new-forest-hat-jedermann-etwas-zu-bieten\/\",\"name\":\"Urlaub New Forest, Hampshire - Der New Forest hat jedermann etwas zu bieten! - Urlaub &amp; Reisen\",\"isPartOf\":{\"@id\":\"https:\/\/www.urlaubcornwall.de\/blog\/#website\"},\"datePublished\":\"2017-04-11T14:40:17+00:00\",\"dateModified\":\"2024-05-27T23:16:55+00:00\",\"breadcrumb\":{\"@id\":\"https:\/\/www.urlaubcornwall.de\/blog\/urlaub-new-forest-hampshire-der-new-forest-hat-jedermann-etwas-zu-bieten\/#breadcrumb\"},\"inLanguage\":\"en-US\",\"potentialAction\":[{\"@type\":\"ReadAction\",\"target\":[\"https:\/\/www.urlaubcornwall.de\/blog\/urlaub-new-forest-hampshire-der-new-forest-hat-jedermann-etwas-zu-bieten\/\"]}]},{\"@type\":\"BreadcrumbList\",\"@id\":\"https:\/\/www.urlaubcornwall.de\/blog\/urlaub-new-forest-hampshire-der-new-forest-hat-jedermann-etwas-zu-bieten\/#breadcrumb\",\"itemListElement\":[{\"@type\":\"ListItem\",\"position\":1,\"name\":\"Home\",\"item\":\"https:\/\/www.urlaubcornwall.de\/blog\/\"},{\"@type\":\"ListItem\",\"position\":2,\"name\":\"Urlaub New Forest, Hampshire &#8211; Der New Forest hat jedermann etwas zu bieten!\"}]}]}<\/script>\n<!-- \/ Yoast SEO plugin. -->","yoast_head_json":{"title":"Urlaub New Forest, Hampshire - Der New Forest hat jedermann etwas zu bieten! - Urlaub &amp; Reisen","robots":{"index":"index","follow":"follow","max-snippet":"max-snippet:-1","max-image-preview":"max-image-preview:large","max-video-preview":"max-video-preview:-1"},"canonical":"https:\/\/www.urlaubcornwall.de\/blog\/urlaub-new-forest-hampshire-der-new-forest-hat-jedermann-etwas-zu-bieten\/","og_locale":"en_US","og_type":"article","og_title":"Urlaub New Forest, Hampshire - Der New Forest hat jedermann etwas zu bieten! - Urlaub &amp; Reisen","og_description":"Der New Forest bedeckt einen gro\u00dfen Teil von S\u00fcdwest Hampshire, es ist eine Haupttouristenattraktion und ein Gebiet der Tier- und Landschaftserhaltung. Es deckt ein Gebiet von 571 Quadratkilometer mit wundersch\u00f6ner Landschaft, h\u00fcbschen D\u00f6rfern, G\u00e4rten, Museen, Str\u00e4nden und mehr als 1500 St\u00fcck Wild und 3000 Ponys, die hier weiden. Der New Forest hat jedermann etwas zu [&hellip;]","og_url":"https:\/\/www.urlaubcornwall.de\/blog\/urlaub-new-forest-hampshire-der-new-forest-hat-jedermann-etwas-zu-bieten\/","og_site_name":"Urlaub &amp; Reisen","article_modified_time":"2024-05-27T23:16:55+00:00","og_image":[{"url":"https:\/\/www.urlaubcornwall.de\/blog\/wp-content\/uploads\/2015\/08\/New-Forest-hampshire.jpg"}],"twitter_card":"summary","twitter_misc":{"Est. reading time":"2 minutes"},"schema":{"@context":"https:\/\/schema.org","@graph":[{"@type":"WebSite","@id":"https:\/\/www.urlaubcornwall.de\/blog\/#website","url":"https:\/\/www.urlaubcornwall.de\/blog\/","name":"Urlaub &amp; Reisen","description":"Urlaub, Reisen, Cornwall und S\u00fcdengland: eine perfekte Kombination","potentialAction":[{"@type":"SearchAction","target":{"@type":"EntryPoint","urlTemplate":"https:\/\/www.urlaubcornwall.de\/blog\/?s={search_term_string}"},"query-input":"required name=search_term_string"}],"inLanguage":"en-US"},{"@type":"WebPage","@id":"https:\/\/www.urlaubcornwall.de\/blog\/urlaub-new-forest-hampshire-der-new-forest-hat-jedermann-etwas-zu-bieten\/","url":"https:\/\/www.urlaubcornwall.de\/blog\/urlaub-new-forest-hampshire-der-new-forest-hat-jedermann-etwas-zu-bieten\/","name":"Urlaub New Forest, Hampshire - Der New Forest hat jedermann etwas zu bieten! - Urlaub &amp; Reisen","isPartOf":{"@id":"https:\/\/www.urlaubcornwall.de\/blog\/#website"},"datePublished":"2017-04-11T14:40:17+00:00","dateModified":"2024-05-27T23:16:55+00:00","breadcrumb":{"@id":"https:\/\/www.urlaubcornwall.de\/blog\/urlaub-new-forest-hampshire-der-new-forest-hat-jedermann-etwas-zu-bieten\/#breadcrumb"},"inLanguage":"en-US","potentialAction":[{"@type":"ReadAction","target":["https:\/\/www.urlaubcornwall.de\/blog\/urlaub-new-forest-hampshire-der-new-forest-hat-jedermann-etwas-zu-bieten\/"]}]},{"@type":"BreadcrumbList","@id":"https:\/\/www.urlaubcornwall.de\/blog\/urlaub-new-forest-hampshire-der-new-forest-hat-jedermann-etwas-zu-bieten\/#breadcrumb","itemListElement":[{"@type":"ListItem","position":1,"name":"Home","item":"https:\/\/www.urlaubcornwall.de\/blog\/"},{"@type":"ListItem","position":2,"name":"Urlaub New Forest, Hampshire &#8211; Der New Forest hat jedermann etwas zu bieten!"}]}]}},"_links":{"self":[{"href":"https:\/\/www.urlaubcornwall.de\/blog\/wp-json\/wp\/v2\/pages\/27378"}],"collection":[{"href":"https:\/\/www.urlaubcornwall.de\/blog\/wp-json\/wp\/v2\/pages"}],"about":[{"href":"https:\/\/www.urlaubcornwall.de\/blog\/wp-json\/wp\/v2\/types\/page"}],"author":[{"embeddable":true,"href":"https:\/\/www.urlaubcornwall.de\/blog\/wp-json\/wp\/v2\/users\/1"}],"replies":[{"embeddable":true,"href":"https:\/\/www.urlaubcornwall.de\/blog\/wp-json\/wp\/v2\/comments?post=27378"}],"version-history":[{"count":12,"href":"https:\/\/www.urlaubcornwall.de\/blog\/wp-json\/wp\/v2\/pages\/27378\/revisions"}],"predecessor-version":[{"id":50298,"href":"https:\/\/www.urlaubcornwall.de\/blog\/wp-json\/wp\/v2\/pages\/27378\/revisions\/50298"}],"wp:attachment":[{"href":"https:\/\/www.urlaubcornwall.de\/blog\/wp-json\/wp\/v2\/media?parent=27378"}],"curies":[{"name":"wp","href":"https:\/\/api.w.org\/{rel}","templated":true}]}}