{"id":27282,"date":"2017-03-23T10:01:44","date_gmt":"2017-03-23T10:01:44","guid":{"rendered":"https:\/\/www.urlaubcornwall.de\/blog\/?page_id=27282"},"modified":"2019-04-08T15:18:07","modified_gmt":"2019-04-08T15:18:07","slug":"reisemoeglichkeiten-zu-den-wunderschoenen-inseln-schottlands","status":"publish","type":"page","link":"https:\/\/www.urlaubcornwall.de\/blog\/reisemoeglichkeiten-zu-den-wunderschoenen-inseln-schottlands\/","title":{"rendered":"Reisem\u00f6glichkeiten zu den wundersch\u00f6nen Inseln Schottlands"},"content":{"rendered":"<p style=\"text-align: center;\"><img loading=\"lazy\" class=\"aligncenter size-full wp-image-25475\" src=\"https:\/\/www.urlaubcornwall.de\/blog\/wp-content\/uploads\/2016\/11\/lewis-harris-urlaub-schottland.jpg\" alt=\"anresise-insel-schottland\" height=\"380\" width=\"745\" srcset=\"https:\/\/www.urlaubcornwall.de\/blog\/wp-content\/uploads\/2016\/11\/lewis-harris-urlaub-schottland.jpg 745w, https:\/\/www.urlaubcornwall.de\/blog\/wp-content\/uploads\/2016\/11\/lewis-harris-urlaub-schottland-300x153.jpg 300w\" sizes=\"(max-width: 745px) 100vw, 745px\" \/><\/p>\n<p style=\"text-align: center;\"><strong>Anreise nach der Schottischen Inseln<\/strong><\/p>\n<p style=\"text-align: center;\">F\u00fcr die Bev\u00f6lkerung der <a href=\"https:\/\/www.urlaubcornwall.de\/reiseziel\/schottland.php\">schottischen Inseln<\/a> sind die F\u00e4hren Rettungslinie; sie sind auch eine gro\u00dfartige M\u00f6glichkeit, um Schottland zu erkunden. Caledonian MacBrayne, bekannt als CalMac, betreibt s\u00e4mtliche F\u00e4hrstationen im Firth of Clyde und zu den Inneren und \u00c4u\u00dferen Hebriden. Die H\u00e4fen auf dem Festland sind Oban und Kennacraig in Argyll, sowie Mallaig und Ullapool in den Highlands.<\/p>\n<p style=\"text-align: center;\"><strong>Die F\u00e4hren laufen mehr als 20 Ziele an.<\/strong><\/p>\n<table width=\"745\">\n<tbody>\n<tr>\n<td width=\"141\">Arran<\/td>\n<td width=\"184\">Eigg<\/td>\n<td width=\"164\">Muck&nbsp;<\/td>\n<\/tr>\n<tr>\n<td>Barra<\/td>\n<td>Eriskay<\/td>\n<td>Mull<\/td>\n<\/tr>\n<tr>\n<td>Benbecula<\/td>\n<td>Gigha<\/td>\n<td>Raasy<\/td>\n<\/tr>\n<tr>\n<td>Berneray<\/td>\n<td>Harris<\/td>\n<td>Rum<\/td>\n<\/tr>\n<tr>\n<td>Bute<\/td>\n<td>Iona<\/td>\n<td>Skye<\/td>\n<\/tr>\n<tr>\n<td>Canna<\/td>\n<td>Islay &amp; Jura<\/td>\n<td>Tiree<\/td>\n<\/tr>\n<tr>\n<td>Coll<\/td>\n<td>Kintyre &amp; Campbeltown<\/td>\n<td>North Uist&nbsp;<\/td>\n<\/tr>\n<tr>\n<td>Colonsay<\/td>\n<td>Lewis<\/td>\n<td>South Uist<\/td>\n<\/tr>\n<tr>\n<td>Cumbrae<\/td>\n<td>Lismore<\/td>\n<td>&nbsp;<\/td>\n<\/tr>\n<tr>\n<td>Cowal &amp; Dunoon<\/td>\n<td>Morvern &amp; Ardnamuchan<\/td>\n<td>&nbsp;<\/td>\n<\/tr>\n<\/tbody>\n<\/table>\n<p style=\"text-align: center;\">Wenn Sie das Auto mitnehmen, so ist es am besten, im Voraus Tickets zu buchen, doch Fu\u00dfpassagiere k\u00f6nnen in der Regel Tickets am Reisetag kaufen.<\/p>\n<p style=\"text-align: center;\">Die Argyll Ferries betreiben einen regelm\u00e4\u00dfigen F\u00e4hrservice von Dunoon nach Gourock, was zudem kombiniert werden kann mit einem Zugticket nach Glasgow Central.<\/p>\n<p style=\"text-align: center;\"><strong>F\u00e4hren nach Orkney &amp; Shetland<\/strong><\/p>\n<p style=\"text-align: center;\">Es gibt nachts Autof\u00e4hren von Aberdeen nach Lerwick in Shetland, alle zwei Tage h\u00e4lt die F\u00e4hre auch bei Kirkwall in Orkney.<\/p>\n<p style=\"text-align: center;\">Es gibt auch eine Autof\u00e4hre von Gills Bay bei John O\u2019 Groats nach South Ronaldsay in Orkney. Im Sommer gibt es zudem eine Passagierf\u00e4hre von John O\u2019 Groats nach South Ronaldsay. Am besten buchen Sie diese im Voraus.<br \/>\nShetland und Orkney haben jeweils ihre eigenen F\u00e4hren, die zwischen den Inseln verkehren.<\/p>\n<p style=\"text-align: center;\"><strong>Mit dem Flugzeug<\/strong><\/p>\n<p style=\"text-align: center;\">Zwischen Schottlands Haupt- und Regionalflugh\u00e4fen zu fliegen, ist m\u00f6glicherweise die schnellste Art und Weise, herumzureisen, besonders dann, wenn Sie die Inseln besuchen.<\/p>\n<p style=\"text-align: center;\">Neben den Hauptflugh\u00e4fen von Glasgow, Edinburgh, Aberdeen und Prestwick gibt es Flugh\u00e4fen bei Kirkwall, Islay, Stornoway, Tiree, Oban, Coll, Inverness, Campbeltown, Wick, Dundee, Perth, Sumbergh, Westray, Benbecula, Barra, Stronsay und North Ronaldsay, sowie Lerwick.<\/p>\n<h1 style=\"text-align: center;\"><strong>Bei uns finden Sie Ferienh\u00e4user zum Verlieben \u2013 so einfach ist das!<\/strong><\/h1>\n<p style=\"text-align: center;\">UrlaubCornwall verf\u00fcgt Ferienh\u00e4user und Ferienwohnungen f\u00fcr Ihren <a href=\"https:\/\/www.urlaubcornwall.de\/reiseziel\/schottland.php\">Urlaub in Schottland<\/a>. Unterk\u00fcnfte der Spitzenklasse f\u00fcr 2 Personen, Familien und Gruppen mit 4, 6, 8, 10 oder 12 G\u00e4sten.<\/p>\n<h1 style=\"text-align: center;\"><strong>&nbsp;<\/strong><\/h1>\n<p style=\"text-align: center;\"><a class=\"tidycta\" href=\"https:\/\/www.urlaubcornwall.de\/ferienhaeuser\/schottland.php\">Suche Ferienh\u00e4user Schottland<\/a><\/p>\n<p style=\"text-align: center;\">UrlaubCornwall.de hat eine einzigartige Sammlung <a href=\"https:\/\/www.urlaubcornwall.de\/ferienhaeuser.php\">pers\u00f6nlich inspizierter Ferienh\u00e4user und Ferienwohnungen<\/a> in Schottland und nun auch im gesamten Gro\u00dfbritannien.<\/p>\n<p style=\"text-align: center;\">UrlaubCornwall.de hat seinen Firmensitz in Cornwall in S\u00fcdwestengland und bietet Kunden im Deutsch sprechenden Europa Hilfe im Erstellen der perfekten Urlaubserfahrung hier. Wir haben ein Team Deutsch sprechender Experten, so dass wir eine <a href=\"https:\/\/www.urlaubcornwall.de\/rundreisen\/grossbritannien.php\">individuelle Urlaub in Gro\u00dfbritannien<\/a>.<\/p>\n","protected":false},"excerpt":{"rendered":"<p>Anreise nach der Schottischen Inseln F\u00fcr die Bev\u00f6lkerung der schottischen Inseln sind die F\u00e4hren Rettungslinie; sie sind auch eine gro\u00dfartige M\u00f6glichkeit, um Schottland zu erkunden. Caledonian MacBrayne, bekannt als CalMac, betreibt s\u00e4mtliche F\u00e4hrstationen im Firth of Clyde und zu den Inneren und \u00c4u\u00dferen Hebriden. Die H\u00e4fen auf dem Festland sind Oban und Kennacraig in Argyll, [&hellip;]<\/p>\n","protected":false},"author":1,"featured_media":0,"parent":0,"menu_order":0,"comment_status":"closed","ping_status":"closed","template":"single-four.php","meta":[],"acf":[],"yoast_head":"<!-- This site is optimized with the Yoast SEO plugin v19.4 - https:\/\/yoast.com\/wordpress\/plugins\/seo\/ -->\n<title>Reisem\u00f6glichkeiten zu den wundersch\u00f6nen Inseln Schottlands - Urlaub &amp; Reisen<\/title>\n<meta name=\"robots\" content=\"index, follow, max-snippet:-1, max-image-preview:large, max-video-preview:-1\" \/>\n<link rel=\"canonical\" href=\"https:\/\/www.urlaubcornwall.de\/blog\/reisemoeglichkeiten-zu-den-wunderschoenen-inseln-schottlands\/\" \/>\n<meta property=\"og:locale\" content=\"en_US\" \/>\n<meta property=\"og:type\" content=\"article\" \/>\n<meta property=\"og:title\" content=\"Reisem\u00f6glichkeiten zu den wundersch\u00f6nen Inseln Schottlands - Urlaub &amp; Reisen\" \/>\n<meta property=\"og:description\" content=\"Anreise nach der Schottischen Inseln F\u00fcr die Bev\u00f6lkerung der schottischen Inseln sind die F\u00e4hren Rettungslinie; sie sind auch eine gro\u00dfartige M\u00f6glichkeit, um Schottland zu erkunden. Caledonian MacBrayne, bekannt als CalMac, betreibt s\u00e4mtliche F\u00e4hrstationen im Firth of Clyde und zu den Inneren und \u00c4u\u00dferen Hebriden. Die H\u00e4fen auf dem Festland sind Oban und Kennacraig in Argyll, [&hellip;]\" \/>\n<meta property=\"og:url\" content=\"https:\/\/www.urlaubcornwall.de\/blog\/reisemoeglichkeiten-zu-den-wunderschoenen-inseln-schottlands\/\" \/>\n<meta property=\"og:site_name\" content=\"Urlaub &amp; Reisen\" \/>\n<meta property=\"article:modified_time\" content=\"2019-04-08T15:18:07+00:00\" \/>\n<meta property=\"og:image\" content=\"https:\/\/www.urlaubcornwall.de\/blog\/wp-content\/uploads\/2016\/11\/lewis-harris-urlaub-schottland.jpg\" \/>\n<meta name=\"twitter:card\" content=\"summary\" \/>\n<meta name=\"twitter:label1\" content=\"Est. reading time\" \/>\n\t<meta name=\"twitter:data1\" content=\"2 minutes\" \/>\n<script type=\"application\/ld+json\" class=\"yoast-schema-graph\">{\"@context\":\"https:\/\/schema.org\",\"@graph\":[{\"@type\":\"WebSite\",\"@id\":\"https:\/\/www.urlaubcornwall.de\/blog\/#website\",\"url\":\"https:\/\/www.urlaubcornwall.de\/blog\/\",\"name\":\"Urlaub &amp; Reisen\",\"description\":\"Urlaub, Reisen, Cornwall und S\u00fcdengland: eine perfekte Kombination\",\"potentialAction\":[{\"@type\":\"SearchAction\",\"target\":{\"@type\":\"EntryPoint\",\"urlTemplate\":\"https:\/\/www.urlaubcornwall.de\/blog\/?s={search_term_string}\"},\"query-input\":\"required name=search_term_string\"}],\"inLanguage\":\"en-US\"},{\"@type\":\"WebPage\",\"@id\":\"https:\/\/www.urlaubcornwall.de\/blog\/reisemoeglichkeiten-zu-den-wunderschoenen-inseln-schottlands\/\",\"url\":\"https:\/\/www.urlaubcornwall.de\/blog\/reisemoeglichkeiten-zu-den-wunderschoenen-inseln-schottlands\/\",\"name\":\"Reisem\u00f6glichkeiten zu den wundersch\u00f6nen Inseln Schottlands - Urlaub &amp; Reisen\",\"isPartOf\":{\"@id\":\"https:\/\/www.urlaubcornwall.de\/blog\/#website\"},\"datePublished\":\"2017-03-23T10:01:44+00:00\",\"dateModified\":\"2019-04-08T15:18:07+00:00\",\"breadcrumb\":{\"@id\":\"https:\/\/www.urlaubcornwall.de\/blog\/reisemoeglichkeiten-zu-den-wunderschoenen-inseln-schottlands\/#breadcrumb\"},\"inLanguage\":\"en-US\",\"potentialAction\":[{\"@type\":\"ReadAction\",\"target\":[\"https:\/\/www.urlaubcornwall.de\/blog\/reisemoeglichkeiten-zu-den-wunderschoenen-inseln-schottlands\/\"]}]},{\"@type\":\"BreadcrumbList\",\"@id\":\"https:\/\/www.urlaubcornwall.de\/blog\/reisemoeglichkeiten-zu-den-wunderschoenen-inseln-schottlands\/#breadcrumb\",\"itemListElement\":[{\"@type\":\"ListItem\",\"position\":1,\"name\":\"Home\",\"item\":\"https:\/\/www.urlaubcornwall.de\/blog\/\"},{\"@type\":\"ListItem\",\"position\":2,\"name\":\"Reisem\u00f6glichkeiten zu den wundersch\u00f6nen Inseln Schottlands\"}]}]}<\/script>\n<!-- \/ Yoast SEO plugin. -->","yoast_head_json":{"title":"Reisem\u00f6glichkeiten zu den wundersch\u00f6nen Inseln Schottlands - Urlaub &amp; Reisen","robots":{"index":"index","follow":"follow","max-snippet":"max-snippet:-1","max-image-preview":"max-image-preview:large","max-video-preview":"max-video-preview:-1"},"canonical":"https:\/\/www.urlaubcornwall.de\/blog\/reisemoeglichkeiten-zu-den-wunderschoenen-inseln-schottlands\/","og_locale":"en_US","og_type":"article","og_title":"Reisem\u00f6glichkeiten zu den wundersch\u00f6nen Inseln Schottlands - Urlaub &amp; Reisen","og_description":"Anreise nach der Schottischen Inseln F\u00fcr die Bev\u00f6lkerung der schottischen Inseln sind die F\u00e4hren Rettungslinie; sie sind auch eine gro\u00dfartige M\u00f6glichkeit, um Schottland zu erkunden. Caledonian MacBrayne, bekannt als CalMac, betreibt s\u00e4mtliche F\u00e4hrstationen im Firth of Clyde und zu den Inneren und \u00c4u\u00dferen Hebriden. Die H\u00e4fen auf dem Festland sind Oban und Kennacraig in Argyll, [&hellip;]","og_url":"https:\/\/www.urlaubcornwall.de\/blog\/reisemoeglichkeiten-zu-den-wunderschoenen-inseln-schottlands\/","og_site_name":"Urlaub &amp; Reisen","article_modified_time":"2019-04-08T15:18:07+00:00","og_image":[{"url":"https:\/\/www.urlaubcornwall.de\/blog\/wp-content\/uploads\/2016\/11\/lewis-harris-urlaub-schottland.jpg"}],"twitter_card":"summary","twitter_misc":{"Est. reading time":"2 minutes"},"schema":{"@context":"https:\/\/schema.org","@graph":[{"@type":"WebSite","@id":"https:\/\/www.urlaubcornwall.de\/blog\/#website","url":"https:\/\/www.urlaubcornwall.de\/blog\/","name":"Urlaub &amp; Reisen","description":"Urlaub, Reisen, Cornwall und S\u00fcdengland: eine perfekte Kombination","potentialAction":[{"@type":"SearchAction","target":{"@type":"EntryPoint","urlTemplate":"https:\/\/www.urlaubcornwall.de\/blog\/?s={search_term_string}"},"query-input":"required name=search_term_string"}],"inLanguage":"en-US"},{"@type":"WebPage","@id":"https:\/\/www.urlaubcornwall.de\/blog\/reisemoeglichkeiten-zu-den-wunderschoenen-inseln-schottlands\/","url":"https:\/\/www.urlaubcornwall.de\/blog\/reisemoeglichkeiten-zu-den-wunderschoenen-inseln-schottlands\/","name":"Reisem\u00f6glichkeiten zu den wundersch\u00f6nen Inseln Schottlands - Urlaub &amp; Reisen","isPartOf":{"@id":"https:\/\/www.urlaubcornwall.de\/blog\/#website"},"datePublished":"2017-03-23T10:01:44+00:00","dateModified":"2019-04-08T15:18:07+00:00","breadcrumb":{"@id":"https:\/\/www.urlaubcornwall.de\/blog\/reisemoeglichkeiten-zu-den-wunderschoenen-inseln-schottlands\/#breadcrumb"},"inLanguage":"en-US","potentialAction":[{"@type":"ReadAction","target":["https:\/\/www.urlaubcornwall.de\/blog\/reisemoeglichkeiten-zu-den-wunderschoenen-inseln-schottlands\/"]}]},{"@type":"BreadcrumbList","@id":"https:\/\/www.urlaubcornwall.de\/blog\/reisemoeglichkeiten-zu-den-wunderschoenen-inseln-schottlands\/#breadcrumb","itemListElement":[{"@type":"ListItem","position":1,"name":"Home","item":"https:\/\/www.urlaubcornwall.de\/blog\/"},{"@type":"ListItem","position":2,"name":"Reisem\u00f6glichkeiten zu den wundersch\u00f6nen Inseln Schottlands"}]}]}},"_links":{"self":[{"href":"https:\/\/www.urlaubcornwall.de\/blog\/wp-json\/wp\/v2\/pages\/27282"}],"collection":[{"href":"https:\/\/www.urlaubcornwall.de\/blog\/wp-json\/wp\/v2\/pages"}],"about":[{"href":"https:\/\/www.urlaubcornwall.de\/blog\/wp-json\/wp\/v2\/types\/page"}],"author":[{"embeddable":true,"href":"https:\/\/www.urlaubcornwall.de\/blog\/wp-json\/wp\/v2\/users\/1"}],"replies":[{"embeddable":true,"href":"https:\/\/www.urlaubcornwall.de\/blog\/wp-json\/wp\/v2\/comments?post=27282"}],"version-history":[{"count":5,"href":"https:\/\/www.urlaubcornwall.de\/blog\/wp-json\/wp\/v2\/pages\/27282\/revisions"}],"predecessor-version":[{"id":37532,"href":"https:\/\/www.urlaubcornwall.de\/blog\/wp-json\/wp\/v2\/pages\/27282\/revisions\/37532"}],"wp:attachment":[{"href":"https:\/\/www.urlaubcornwall.de\/blog\/wp-json\/wp\/v2\/media?parent=27282"}],"curies":[{"name":"wp","href":"https:\/\/api.w.org\/{rel}","templated":true}]}}