{"id":27279,"date":"2017-03-23T08:57:05","date_gmt":"2017-03-23T08:57:05","guid":{"rendered":"https:\/\/www.urlaubcornwall.de\/blog\/?page_id=27279"},"modified":"2024-04-15T14:17:17","modified_gmt":"2024-04-15T14:17:17","slug":"anreise-nach-schottland","status":"publish","type":"page","link":"https:\/\/www.urlaubcornwall.de\/blog\/anreise-nach-schottland\/","title":{"rendered":"Anreise nach Schottland"},"content":{"rendered":"<p><img loading=\"lazy\" class=\"aligncenter size-full wp-image-25422\" src=\"https:\/\/www.urlaubcornwall.de\/blog\/wp-content\/uploads\/2016\/11\/trossachs-urlaub-schottland.jpg\" alt=\"anreise nach schottland\" height=\"379\" width=\"746\" srcset=\"https:\/\/www.urlaubcornwall.de\/blog\/wp-content\/uploads\/2016\/11\/trossachs-urlaub-schottland.jpg 746w, https:\/\/www.urlaubcornwall.de\/blog\/wp-content\/uploads\/2016\/11\/trossachs-urlaub-schottland-300x152.jpg 300w\" sizes=\"(max-width: 746px) 100vw, 746px\" \/><br \/>\nEs k\u00f6nnte nicht leichter sein, nach <a href=\"https:\/\/www.urlaubcornwall.de\/reiseziel\/schottland.php\">Schottland<\/a> zu kommen als mit Direktfl\u00fcgen von zahlreichen Flugh\u00e4fen in Deutschland, \u00d6sterreich und der Schweiz aus. Es gibt auch eine regelm\u00e4\u00dfige F\u00e4hrverbindung nach Newcastle, und innerhalb von eineinhalb Stunden befinden Sie sich auf der Fahrt \u00fcber die Grenze nach Schottland, um dann Ihren Urlaub oder Ihre Rundreise zu beginnen.<\/p>\n<p><strong>Direktfl\u00fcge nach Schottland<\/strong><\/p>\n<table width=\"745\">\n<tbody>\n<tr>\n<td width=\"209\">D\u00fcsseldorf nach Glasgow<\/td>\n<td width=\"164\">Frankfurt nach Edinburgh<\/td>\n<td width=\"164\">Wien nach Edinburgh<\/td>\n<\/tr>\n<tr>\n<td>Berlin Sch\u00f6nefeld nach Glasgow<\/td>\n<td>Bremen nach Edinburgh<\/td>\n<td>Basel nach Edinburgh<\/td>\n<\/tr>\n<tr>\n<td>M\u00fcnchen nach Glasgow<\/td>\n<td>Genf nach Edinburgh<\/td>\n<td>Frankfurt nach Aberdeen<\/td>\n<\/tr>\n<\/tbody>\n<\/table>\n<p><strong>Zug &amp; Flugzeug<\/strong><\/p>\n<p>Sie k\u00f6nnen auch von Berlin Sch\u00f6nefeld oder D\u00fcsseldorf aus nach Newcastle fliegen und dann eine regelm\u00e4\u00dfige Zugverbindung nach Edinburgh nehmen.<\/p>\n<p><strong>F\u00e4hre<\/strong><\/p>\n<p>Mit dem eigenen Auto zu reisen, ist eine beliebte M\u00f6glichkeit, um nach Schottland zu kommen; Newcastle ist der n\u00e4chst gelegene F\u00e4hrhafen auf dem Festland Europas nach Schottland; er befindet sich 120km von der schottischen Grenze entfernt. F\u00e4hren kommen hier t\u00e4glich von Ijmuiden, Amsterdam aus an. Dies liegt ideal, lediglich 141km von der deutschen Grenze entfernt, 241km von D\u00fcsseldorf, 257km vom Rheintal, 289km von K\u00f6ln und 402km von Hannover.<\/p>\n<div class=\"snippet\"> <a class=\"featured-item\" href=\" https:\/\/www.urlaubcornwall.de\/ferienhaeuser\/schottland.php\"> <span class=\"image-holder\" style=\"background-image: url(' https:\/\/www.urlaubcornwall.de\/blog\/wp-content\/uploads\/2019\/01\/urlaub-schottland-highlands.jpg ');\"><\/span> <span class=\"featured-content\"> \n<h2 class=\"featured-title\">Bei uns finden Sie Ferienh\u00e4user in Schottland zum Verlieben!<\/h2>\n<p class=\"featured-body\">Untenstehend finden Sie eine Auswahl an Ferienh\u00e4usern in Schottland. Hier finden Sie pers\u00f6nlich inspizierte Cottages entlang der schottischen K\u00fcste, in den schottischen Highlands und auf den Inseln&#8230;..<\/p>\n<\/span> <span class=\"featured-link-holder\"> <span class=\"featured-extra-info\"> \n<p>F\u00fcr Paare, Familien &#038; Gruppen<\/p>\n<\/span> \n<p class=\"featured-link\">DETAILS<\/p>\n<\/span> <\/a><\/div>\n<div class=\"snippet\"> <a class=\"featured-item\" href=\" https:\/\/www.urlaubcornwall.de\/blog\/rundreisen-schottland\/\"> <span class=\"image-holder\" style=\"background-image: url(' https:\/\/www.urlaubcornwall.de\/blog\/wp-content\/uploads\/2019\/01\/rundreise-schottland.jpg ');\"><\/span> <span class=\"featured-content\"> \n<h2 class=\"featured-title\">Rundreise durch Schottland: mit dem Auto bereisen <\/h2>\n<p class=\"featured-body\">Urlaub in Schottland haben etwas f\u00fcr jeden Geschmack zu bieten \u2013 herrliche Sonnenunterg\u00e4nge \u00fcber magischen Inseln, wundersch\u00f6ne und dramatische K\u00fcstenstriche, tiefe, verborgene T\u00e4ler und eine unglaubliche Landschaft&#8230;<\/p>\n<\/span> <span class=\"featured-link-holder\"> <span class=\"featured-extra-info\"> \n<p>Ready Made Touren<\/p>\n<\/span> \n<p class=\"featured-link\">DETAILS<\/p>\n<\/span> <\/a><\/div>\n<p>UrlaubCornwall.de hat seinen Firmensitz in Cornwall in S\u00fcdwestengland und bietet Kunden im Deutsch sprechenden Europa Hilfe im Erstellen der perfekten Urlaubserfahrung hier. Wir haben <a href=\"http:\/\/www.urlaubcornwall.de\/rundreisenservice.php\">ein Team Deutsch sprechender Experten<\/a>, so dass wir eine individuelle Urlaub in Gro\u00dfbritannien.<\/p>\n","protected":false},"excerpt":{"rendered":"<p>Es k\u00f6nnte nicht leichter sein, nach Schottland zu kommen als mit Direktfl\u00fcgen von zahlreichen Flugh\u00e4fen in Deutschland, \u00d6sterreich und der Schweiz aus. Es gibt auch eine regelm\u00e4\u00dfige F\u00e4hrverbindung nach Newcastle, und innerhalb von eineinhalb Stunden befinden Sie sich auf der Fahrt \u00fcber die Grenze nach Schottland, um dann Ihren Urlaub oder Ihre Rundreise zu beginnen. [&hellip;]<\/p>\n","protected":false},"author":1,"featured_media":0,"parent":0,"menu_order":0,"comment_status":"closed","ping_status":"closed","template":"single-four.php","meta":[],"acf":[],"yoast_head":"<!-- This site is optimized with the Yoast SEO plugin v19.4 - https:\/\/yoast.com\/wordpress\/plugins\/seo\/ -->\n<title>Anreise nach Schottland - Urlaub &amp; Reisen<\/title>\n<meta name=\"robots\" content=\"index, follow, max-snippet:-1, max-image-preview:large, max-video-preview:-1\" \/>\n<link rel=\"canonical\" href=\"https:\/\/www.urlaubcornwall.de\/blog\/anreise-nach-schottland\/\" \/>\n<meta property=\"og:locale\" content=\"en_US\" \/>\n<meta property=\"og:type\" content=\"article\" \/>\n<meta property=\"og:title\" content=\"Anreise nach Schottland - Urlaub &amp; Reisen\" \/>\n<meta property=\"og:description\" content=\"Es k\u00f6nnte nicht leichter sein, nach Schottland zu kommen als mit Direktfl\u00fcgen von zahlreichen Flugh\u00e4fen in Deutschland, \u00d6sterreich und der Schweiz aus. Es gibt auch eine regelm\u00e4\u00dfige F\u00e4hrverbindung nach Newcastle, und innerhalb von eineinhalb Stunden befinden Sie sich auf der Fahrt \u00fcber die Grenze nach Schottland, um dann Ihren Urlaub oder Ihre Rundreise zu beginnen. [&hellip;]\" \/>\n<meta property=\"og:url\" content=\"https:\/\/www.urlaubcornwall.de\/blog\/anreise-nach-schottland\/\" \/>\n<meta property=\"og:site_name\" content=\"Urlaub &amp; Reisen\" \/>\n<meta property=\"article:modified_time\" content=\"2024-04-15T14:17:17+00:00\" \/>\n<meta property=\"og:image\" content=\"https:\/\/www.urlaubcornwall.de\/blog\/wp-content\/uploads\/2016\/11\/trossachs-urlaub-schottland.jpg\" \/>\n<meta name=\"twitter:card\" content=\"summary\" \/>\n<meta name=\"twitter:label1\" content=\"Est. reading time\" \/>\n\t<meta name=\"twitter:data1\" content=\"2 minutes\" \/>\n<script type=\"application\/ld+json\" class=\"yoast-schema-graph\">{\"@context\":\"https:\/\/schema.org\",\"@graph\":[{\"@type\":\"WebSite\",\"@id\":\"https:\/\/www.urlaubcornwall.de\/blog\/#website\",\"url\":\"https:\/\/www.urlaubcornwall.de\/blog\/\",\"name\":\"Urlaub &amp; Reisen\",\"description\":\"Urlaub, Reisen, Cornwall und S\u00fcdengland: eine perfekte Kombination\",\"potentialAction\":[{\"@type\":\"SearchAction\",\"target\":{\"@type\":\"EntryPoint\",\"urlTemplate\":\"https:\/\/www.urlaubcornwall.de\/blog\/?s={search_term_string}\"},\"query-input\":\"required name=search_term_string\"}],\"inLanguage\":\"en-US\"},{\"@type\":\"WebPage\",\"@id\":\"https:\/\/www.urlaubcornwall.de\/blog\/anreise-nach-schottland\/\",\"url\":\"https:\/\/www.urlaubcornwall.de\/blog\/anreise-nach-schottland\/\",\"name\":\"Anreise nach Schottland - Urlaub &amp; Reisen\",\"isPartOf\":{\"@id\":\"https:\/\/www.urlaubcornwall.de\/blog\/#website\"},\"datePublished\":\"2017-03-23T08:57:05+00:00\",\"dateModified\":\"2024-04-15T14:17:17+00:00\",\"breadcrumb\":{\"@id\":\"https:\/\/www.urlaubcornwall.de\/blog\/anreise-nach-schottland\/#breadcrumb\"},\"inLanguage\":\"en-US\",\"potentialAction\":[{\"@type\":\"ReadAction\",\"target\":[\"https:\/\/www.urlaubcornwall.de\/blog\/anreise-nach-schottland\/\"]}]},{\"@type\":\"BreadcrumbList\",\"@id\":\"https:\/\/www.urlaubcornwall.de\/blog\/anreise-nach-schottland\/#breadcrumb\",\"itemListElement\":[{\"@type\":\"ListItem\",\"position\":1,\"name\":\"Home\",\"item\":\"https:\/\/www.urlaubcornwall.de\/blog\/\"},{\"@type\":\"ListItem\",\"position\":2,\"name\":\"Anreise nach Schottland\"}]}]}<\/script>\n<!-- \/ Yoast SEO plugin. -->","yoast_head_json":{"title":"Anreise nach Schottland - Urlaub &amp; Reisen","robots":{"index":"index","follow":"follow","max-snippet":"max-snippet:-1","max-image-preview":"max-image-preview:large","max-video-preview":"max-video-preview:-1"},"canonical":"https:\/\/www.urlaubcornwall.de\/blog\/anreise-nach-schottland\/","og_locale":"en_US","og_type":"article","og_title":"Anreise nach Schottland - Urlaub &amp; Reisen","og_description":"Es k\u00f6nnte nicht leichter sein, nach Schottland zu kommen als mit Direktfl\u00fcgen von zahlreichen Flugh\u00e4fen in Deutschland, \u00d6sterreich und der Schweiz aus. Es gibt auch eine regelm\u00e4\u00dfige F\u00e4hrverbindung nach Newcastle, und innerhalb von eineinhalb Stunden befinden Sie sich auf der Fahrt \u00fcber die Grenze nach Schottland, um dann Ihren Urlaub oder Ihre Rundreise zu beginnen. [&hellip;]","og_url":"https:\/\/www.urlaubcornwall.de\/blog\/anreise-nach-schottland\/","og_site_name":"Urlaub &amp; Reisen","article_modified_time":"2024-04-15T14:17:17+00:00","og_image":[{"url":"https:\/\/www.urlaubcornwall.de\/blog\/wp-content\/uploads\/2016\/11\/trossachs-urlaub-schottland.jpg"}],"twitter_card":"summary","twitter_misc":{"Est. reading time":"2 minutes"},"schema":{"@context":"https:\/\/schema.org","@graph":[{"@type":"WebSite","@id":"https:\/\/www.urlaubcornwall.de\/blog\/#website","url":"https:\/\/www.urlaubcornwall.de\/blog\/","name":"Urlaub &amp; Reisen","description":"Urlaub, Reisen, Cornwall und S\u00fcdengland: eine perfekte Kombination","potentialAction":[{"@type":"SearchAction","target":{"@type":"EntryPoint","urlTemplate":"https:\/\/www.urlaubcornwall.de\/blog\/?s={search_term_string}"},"query-input":"required name=search_term_string"}],"inLanguage":"en-US"},{"@type":"WebPage","@id":"https:\/\/www.urlaubcornwall.de\/blog\/anreise-nach-schottland\/","url":"https:\/\/www.urlaubcornwall.de\/blog\/anreise-nach-schottland\/","name":"Anreise nach Schottland - Urlaub &amp; Reisen","isPartOf":{"@id":"https:\/\/www.urlaubcornwall.de\/blog\/#website"},"datePublished":"2017-03-23T08:57:05+00:00","dateModified":"2024-04-15T14:17:17+00:00","breadcrumb":{"@id":"https:\/\/www.urlaubcornwall.de\/blog\/anreise-nach-schottland\/#breadcrumb"},"inLanguage":"en-US","potentialAction":[{"@type":"ReadAction","target":["https:\/\/www.urlaubcornwall.de\/blog\/anreise-nach-schottland\/"]}]},{"@type":"BreadcrumbList","@id":"https:\/\/www.urlaubcornwall.de\/blog\/anreise-nach-schottland\/#breadcrumb","itemListElement":[{"@type":"ListItem","position":1,"name":"Home","item":"https:\/\/www.urlaubcornwall.de\/blog\/"},{"@type":"ListItem","position":2,"name":"Anreise nach Schottland"}]}]}},"_links":{"self":[{"href":"https:\/\/www.urlaubcornwall.de\/blog\/wp-json\/wp\/v2\/pages\/27279"}],"collection":[{"href":"https:\/\/www.urlaubcornwall.de\/blog\/wp-json\/wp\/v2\/pages"}],"about":[{"href":"https:\/\/www.urlaubcornwall.de\/blog\/wp-json\/wp\/v2\/types\/page"}],"author":[{"embeddable":true,"href":"https:\/\/www.urlaubcornwall.de\/blog\/wp-json\/wp\/v2\/users\/1"}],"replies":[{"embeddable":true,"href":"https:\/\/www.urlaubcornwall.de\/blog\/wp-json\/wp\/v2\/comments?post=27279"}],"version-history":[{"count":5,"href":"https:\/\/www.urlaubcornwall.de\/blog\/wp-json\/wp\/v2\/pages\/27279\/revisions"}],"predecessor-version":[{"id":49511,"href":"https:\/\/www.urlaubcornwall.de\/blog\/wp-json\/wp\/v2\/pages\/27279\/revisions\/49511"}],"wp:attachment":[{"href":"https:\/\/www.urlaubcornwall.de\/blog\/wp-json\/wp\/v2\/media?parent=27279"}],"curies":[{"name":"wp","href":"https:\/\/api.w.org\/{rel}","templated":true}]}}