{"id":27065,"date":"2017-03-20T11:43:05","date_gmt":"2017-03-20T11:43:05","guid":{"rendered":"https:\/\/www.urlaubcornwall.de\/blog\/?page_id=27065"},"modified":"2024-05-29T15:14:12","modified_gmt":"2024-05-29T15:14:12","slug":"schottlands-beste-und-wunderschoenste-gaerten-unsere-top-10","status":"publish","type":"page","link":"https:\/\/www.urlaubcornwall.de\/blog\/schottlands-beste-und-wunderschoenste-gaerten-unsere-top-10\/","title":{"rendered":"Schottlands beste und wundersch\u00f6nste G\u00e4rten &#8211; unsere Top 10"},"content":{"rendered":"<p><a href=\"https:\/\/www.urlaubcornwall.de\/blog\/wp-content\/uploads\/2024\/03\/mottisfont-abbey-garten-rose.jpg\"><img loading=\"lazy\" src=\"https:\/\/www.urlaubcornwall.de\/blog\/wp-content\/uploads\/2024\/03\/mottisfont-abbey-garten-rose.jpg\" alt=\"garten rose\" width=\"747\" height=\"395\" class=\"alignnone size-full wp-image-47911\" srcset=\"https:\/\/www.urlaubcornwall.de\/blog\/wp-content\/uploads\/2024\/03\/mottisfont-abbey-garten-rose.jpg 747w, https:\/\/www.urlaubcornwall.de\/blog\/wp-content\/uploads\/2024\/03\/mottisfont-abbey-garten-rose-300x159.jpg 300w\" sizes=\"(max-width: 747px) 100vw, 747px\" \/><\/a><\/p>\n<p>Schottland ist bekannt f\u00fcr seine G\u00e4rten, und hier sind lediglich ein paar davon, die Sie w\u00e4hrend Ihres <a href=\"https:\/\/www.urlaubcornwall.de\/reiseziel\/schottland.php\">Urlaubs in Schottland<\/a> nicht verpassen sollten.<\/p>\n<p><strong>1 &#8211;<\/strong> Logan \u2013 Bei Stranraer in <a href=\"https:\/\/www.urlaubcornwall.de\/ferienhaeuser-fewos\/sco\/suedschottland\/dumfries.html\">Dumfries<\/a> &amp; Galloway, Logan Botanic Garden ist der exotischste Garten des Landes. Er hat eine bemerkenswerte Sammlung ungew\u00f6hnlicher und wundersch\u00f6ner Pflanzen, die in diesem Paradies eines jeden G\u00e4rtners gedeihen, gew\u00e4rmt vom Golfstrom. Ge\u00f6ffnet von Mitte M\u00e4rz bis Ende Oktober, zudem jeden Sonntag im Februar zum schottischen Schneegl\u00f6ckchenfestival.<\/p>\n<p><strong>2 \u2013<\/strong> Dawyck \u2013 In den schottischen Borders bei <a href=\"https:\/\/www.urlaubcornwall.de\/ferienhaeuser-fewos\/sco\/suedschottland\/peebles.html\">Peebles<\/a> befindet sich der Botanische Garten Dawyck, der Schottlands feinste Baumsammlung beherbergt, einschlie\u00dflich einige von Britanniens \u00e4ltesten und h\u00f6chsten B\u00e4umen. Der Garten ist ge\u00f6ffnet vom 1. Februar bis Ende November, und die verschiedenen Jahreszeiten \u00fcber gibt es stets eine erstaunliche Schau, von Schneegl\u00f6ckchen und Sternhyazinthen im Fr\u00fchling, Mohnblumen des Himalaya, Rhododendren, Azaleen bis hin zu wundervollen Herbstfarben.<\/p>\n<p><strong>3 \u2013<\/strong> Inverewe Garden &amp; Estate \u2013 das ganze Jahr \u00fcber ge\u00f6ffnet, ist der Inverewe Garten in Wester Ross einer der wundersch\u00f6nsten Orte Schottlands. Dieser 20 Hektar gro\u00dfe Garten an den Ufern des Loch Ewe wurde in den 1860ern aus dem Felsen heraus geschaffen. Die nordatlantische Str\u00f6mung gestattet es exotischen Pflanzen aus der ganzen Welt, an einem Ort zu gedeihen, der n\u00f6rdlicher als Moskau liegt. Unter den zahlreichen Pflanzen werden Sie die himalayischen Rhododendren entdecken und eine gro\u00dfe Sammlung an neuseel\u00e4ndischen Pflanzen. Im Zentrum des Gartens befindet sich Inverewe House, das 2016 zum ersten Mal der \u00d6ffentlichkeit zug\u00e4nglich gemacht wurde. Eine zweist\u00fcndige Autofahrt von Inverness aus entlang der Stra\u00dfe nach Inverewe f\u00fchrt Sie durch einige der spektakul\u00e4rsten Landschaften, die die <a href=\"https:\/\/www.urlaubcornwall.de\/ferienhaeuser-fewos\/sco\/nordschottland\/nordschottland.html\">Schottischen Highlands<\/a> zu bieten haben.<\/p>\n<p><strong>4 \u2013<\/strong> Der K\u00f6niglich Botanische Garten, Edinburgh \u2013 lediglich1,6 km vom <a href=\"https:\/\/www.urlaubcornwall.de\/blog\/reisetipps-fuer-edinburgh-unsere-top-10-sie-sie-sehen-und-erleben-sollten\/\">Zentrum Edinburghs<\/a> entfernt, ist der Royal Botanic Garden einer der feinsten der Welt und der zweit\u00e4lteste Britanniens, 1670 gegr\u00fcndet. Britanniens \u00e4ltester Botanischer Garten befindet sich an der Universit\u00e4t von Oxford und wurde 1621gegr\u00fcndet. Der Royal Botanic Garden hat 10 herrliche Gew\u00e4chsh\u00e4user, jedes mit unterschiedlicher klimatischer Zone, die mehr als 3000 exotische Pflanzen aus der ganzen Welt beherbergen. Er ist das ganze Jahr \u00fcber ge\u00f6ffnet und hat ein beliebtes Veranstaltungsprogramm und f\u00fcr die gesamte Familie etwas zu bieten.<\/p>\n<p><strong>5 \u2013<\/strong> Culzean Castle &amp; Country Park \u2013 auf dramatischen Klippen gelegen mit Blick \u00fcber den Firth of Clyde, wird das Culzean Castle seit dem 14. Jahrhundert mit der Kennedy Familie in Verbindung gebracht. Dieses herrliche, 260 Hektar umfassende Gut, wurde vom 10. Earl of Cassillis in opulentem Stil erbaut, um von seinem Reichtum und Status zu zeugen. Der Park ist mit Koniferen und Birken bepflanzt, die sich der sandigen K\u00fcste entlang verstreut befinden; es gibt einen wundervollen formellen Garten, ein Kamelienhaus, Gew\u00e4chshaus mit Obst, abgeschiedene Teiche und Schluchten. Die Parkanlage ist das ganze Jahr \u00fcber ge\u00f6ffnet und die Burg von Ende M\u00e4rz bis Ende Oktober.<\/p>\n<div class=\"snippet\"> <a class=\"featured-item\" href=\" https:\/\/www.urlaubcornwall.de\/ferienhaeuser\/schottland.php\"> <span class=\"image-holder\" style=\"background-image: url(' https:\/\/www.urlaubcornwall.de\/blog\/wp-content\/uploads\/2019\/01\/urlaub-schottland-highlands-1.jpg ');\"><\/span> <span class=\"featured-content\"> \n<h2 class=\"featured-title\">Bei uns finden Sie Ferienh\u00e4user in Schottland zum Verlieben!<\/h2>\n<p class=\"featured-body\">Untenstehend finden Sie eine Auswahl an Ferienh\u00e4usern in Schottland. Hier finden Sie pers\u00f6nlich inspizierte Cottages entlang der schottischen K\u00fcste, in den schottischen Highlands und auf den Inseln&#8230;..<\/p>\n<\/span> <span class=\"featured-link-holder\"> <span class=\"featured-extra-info\"> \n<p>F\u00fcr Paare, Familien &#038; Gruppen<\/p>\n<\/span> \n<p class=\"featured-link\">DETAILS<\/p>\n<\/span> <\/a><\/div>\n<p><strong>6 \u2013<\/strong> Edzell Castle &amp; Garden \u2013 bei Brechin in Angus ist dieser wundersch\u00f6ne Mauergarten bei Edzell eine von Schottlands einzigartigen Sehensw\u00fcrdigkeiten. Edzell war das Zuhause der Lindsay Familie, und der Garten wurde 1604 von Sir David Lindsay geschaffen. Mary, die K\u00f6nigin der Schotten, war 1562 hier, sowie ihr Sohn James VI. Der Garten ist vom 1. April &#8211; 30. September ge\u00f6ffnet, doch ist am besten im fr\u00fchen Juli, wenn die Beetpflanzen bl\u00fchen.<\/p>\n<p><strong>7 \u2013<\/strong> Benmore \u2013 In atemberaubender Bergeslage, lediglich 11km n\u00f6rdlich von Dunoon am Tor zum <a href=\"https:\/\/www.urlaubcornwall.de\/blog\/top-10-wunderschoene-schottische-lochs-urlaubstipps-schottland\/\">Loch Lomond<\/a> und dem Trossachs Nationalpark, befindet sich der Botanische Garten Benmore. Er beherbergt eine weltbekannte Sammlung an Pflanzen, einschlie\u00dflich mehr als 300 Arten Rhododendren. Der Eingang zum Garten befindet sich an einer Allee von 150 Jahre alten riesigen Rotholzb\u00e4umen, und es gibt einen dramatischen Aussichtspunkt auf 140m H\u00f6he mit Blick \u00fcber die Berge und Holy Loch. Die G\u00e4rten sind vom 1. M\u00e4rz bis 31.Oktober ge\u00f6ffnet.<\/p>\n<p><strong>8 \u2013<\/strong> Cambo Gardens \u2013 Dieser ikonische viktorianische Mauergarten von Cambo befindet sich in der Grafschaft Fife. Das ganze Jahr \u00fcber ge\u00f6ffnet, hat dieses Gartenparadies einen traditionellen viktorianischen Garten mit Buchshecken, with box hedges, Flieder und Rosen, einen Strom, der hinunter zum Meer verl\u00e4uft und Waldwanderwege. Er gilt als einer der besten Mauerg\u00e4rten Schottlands und bietet dem Besucher die Jahreszeiten \u00fcber immer irgendetwas.<\/p>\n<p><strong>9 \u2013<\/strong> Cluny House Gardens \u2013 Im Herzen Schottlands gelegen mit Blick \u00fcber das malerische Strathtay Tal, wurde dieser 2,4 Hektar gro\u00dfe Waldlandgarten in den 1950ern erbaut. Hier sehen Sie Britanniens breiteste Konifere, die 11m Umfang um den Stamm herum misst. Der Garten ist voller Tierleben, einschlie\u00dflich roter Eichh\u00f6rnchen, die t\u00e4glich um 9 Uhr kommen, um gef\u00fcttert zu werden. Es gibt Wild und Hasen und eine breite Vielfalt an V\u00f6geln in diesem organischen Garten.<\/p>\n<p><strong>10 \u2013<\/strong> Drummond Gardens &#8211; bei <a href=\"https:\/\/www.urlaubcornwall.de\/ferienhaeuser-fewos\/sco\/zentralschottland\/crieff.html\">Crieff in Perthshire<\/a> ist Drummond Gardens einer von Schottlands wichtigsten formellen G\u00e4rten und einer der feinsten Europas. Der Garten wurde erstmals im 17. Jahrhundert ausgelegt und 1842 von K\u00f6nigin Victoria besucht. Der Garten wurde in den 1950ern neu bepflanzt, indem die urspr\u00fcnglichen Elemente beibehalten wurden. Drummond Gardens, der im Film \u2018Rob Roy\u2019 in Erscheinung tritt, ist ge\u00f6ffnet vom 1. Mai bis 31. Oktober; die Burg jedoch ist der \u00d6ffentlichkeit nicht zug\u00e4nglich.<\/p>\n<div class=\"snippet\"> <a class=\"featured-item\" href=\" https:\/\/www.urlaubcornwall.de\/blog\/rundreisen-schottland\/\"> <span class=\"image-holder\" style=\"background-image: url(' https:\/\/www.urlaubcornwall.de\/blog\/wp-content\/uploads\/2019\/01\/urlaub-schottland-highlands.jpg ');\"><\/span> <span class=\"featured-content\"> \n<h2 class=\"featured-title\">Rundreise durch Schottland: mit dem Auto bereisen <\/h2>\n<p class=\"featured-body\">Urlaub in Schottland haben etwas f\u00fcr jeden Geschmack zu bieten \u2013 herrliche Sonnenunterg\u00e4nge \u00fcber magischen Inseln, wundersch\u00f6ne und dramatische K\u00fcstenstriche, tiefe, verborgene T\u00e4ler und eine unglaubliche Landschaft&#8230;<\/p>\n<\/span> <span class=\"featured-link-holder\"> <span class=\"featured-extra-info\"> \n<p>Ready Made Touren<\/p>\n<\/span> \n<p class=\"featured-link\">DETAILS<\/p>\n<\/span> <\/a><\/div>\n","protected":false},"excerpt":{"rendered":"<p>Schottland ist bekannt f\u00fcr seine G\u00e4rten, und hier sind lediglich ein paar davon, die Sie w\u00e4hrend Ihres Urlaubs in Schottland nicht verpassen sollten. 1 &#8211; Logan \u2013 Bei Stranraer in Dumfries &amp; Galloway, Logan Botanic Garden ist der exotischste Garten des Landes. Er hat eine bemerkenswerte Sammlung ungew\u00f6hnlicher und wundersch\u00f6ner Pflanzen, die in diesem Paradies [&hellip;]<\/p>\n","protected":false},"author":1,"featured_media":0,"parent":0,"menu_order":0,"comment_status":"closed","ping_status":"closed","template":"single-four.php","meta":[],"acf":[],"yoast_head":"<!-- This site is optimized with the Yoast SEO plugin v19.4 - https:\/\/yoast.com\/wordpress\/plugins\/seo\/ -->\n<title>Schottlands beste und wundersch\u00f6nste G\u00e4rten - unsere Top 10 - Urlaub &amp; Reisen<\/title>\n<meta name=\"robots\" content=\"index, follow, max-snippet:-1, max-image-preview:large, max-video-preview:-1\" \/>\n<link rel=\"canonical\" href=\"https:\/\/www.urlaubcornwall.de\/blog\/schottlands-beste-und-wunderschoenste-gaerten-unsere-top-10\/\" \/>\n<meta property=\"og:locale\" content=\"en_US\" \/>\n<meta property=\"og:type\" content=\"article\" \/>\n<meta property=\"og:title\" content=\"Schottlands beste und wundersch\u00f6nste G\u00e4rten - unsere Top 10 - Urlaub &amp; Reisen\" \/>\n<meta property=\"og:description\" content=\"Schottland ist bekannt f\u00fcr seine G\u00e4rten, und hier sind lediglich ein paar davon, die Sie w\u00e4hrend Ihres Urlaubs in Schottland nicht verpassen sollten. 1 &#8211; Logan \u2013 Bei Stranraer in Dumfries &amp; Galloway, Logan Botanic Garden ist der exotischste Garten des Landes. Er hat eine bemerkenswerte Sammlung ungew\u00f6hnlicher und wundersch\u00f6ner Pflanzen, die in diesem Paradies [&hellip;]\" \/>\n<meta property=\"og:url\" content=\"https:\/\/www.urlaubcornwall.de\/blog\/schottlands-beste-und-wunderschoenste-gaerten-unsere-top-10\/\" \/>\n<meta property=\"og:site_name\" content=\"Urlaub &amp; Reisen\" \/>\n<meta property=\"article:modified_time\" content=\"2024-05-29T15:14:12+00:00\" \/>\n<meta property=\"og:image\" content=\"https:\/\/www.urlaubcornwall.de\/blog\/wp-content\/uploads\/2024\/03\/mottisfont-abbey-garten-rose.jpg\" \/>\n<meta name=\"twitter:card\" content=\"summary\" \/>\n<meta name=\"twitter:label1\" content=\"Est. reading time\" \/>\n\t<meta name=\"twitter:data1\" content=\"5 minutes\" \/>\n<script type=\"application\/ld+json\" class=\"yoast-schema-graph\">{\"@context\":\"https:\/\/schema.org\",\"@graph\":[{\"@type\":\"WebSite\",\"@id\":\"https:\/\/www.urlaubcornwall.de\/blog\/#website\",\"url\":\"https:\/\/www.urlaubcornwall.de\/blog\/\",\"name\":\"Urlaub &amp; Reisen\",\"description\":\"Urlaub, Reisen, Cornwall und S\u00fcdengland: eine perfekte Kombination\",\"potentialAction\":[{\"@type\":\"SearchAction\",\"target\":{\"@type\":\"EntryPoint\",\"urlTemplate\":\"https:\/\/www.urlaubcornwall.de\/blog\/?s={search_term_string}\"},\"query-input\":\"required name=search_term_string\"}],\"inLanguage\":\"en-US\"},{\"@type\":\"WebPage\",\"@id\":\"https:\/\/www.urlaubcornwall.de\/blog\/schottlands-beste-und-wunderschoenste-gaerten-unsere-top-10\/\",\"url\":\"https:\/\/www.urlaubcornwall.de\/blog\/schottlands-beste-und-wunderschoenste-gaerten-unsere-top-10\/\",\"name\":\"Schottlands beste und wundersch\u00f6nste G\u00e4rten - unsere Top 10 - Urlaub &amp; Reisen\",\"isPartOf\":{\"@id\":\"https:\/\/www.urlaubcornwall.de\/blog\/#website\"},\"datePublished\":\"2017-03-20T11:43:05+00:00\",\"dateModified\":\"2024-05-29T15:14:12+00:00\",\"breadcrumb\":{\"@id\":\"https:\/\/www.urlaubcornwall.de\/blog\/schottlands-beste-und-wunderschoenste-gaerten-unsere-top-10\/#breadcrumb\"},\"inLanguage\":\"en-US\",\"potentialAction\":[{\"@type\":\"ReadAction\",\"target\":[\"https:\/\/www.urlaubcornwall.de\/blog\/schottlands-beste-und-wunderschoenste-gaerten-unsere-top-10\/\"]}]},{\"@type\":\"BreadcrumbList\",\"@id\":\"https:\/\/www.urlaubcornwall.de\/blog\/schottlands-beste-und-wunderschoenste-gaerten-unsere-top-10\/#breadcrumb\",\"itemListElement\":[{\"@type\":\"ListItem\",\"position\":1,\"name\":\"Home\",\"item\":\"https:\/\/www.urlaubcornwall.de\/blog\/\"},{\"@type\":\"ListItem\",\"position\":2,\"name\":\"Schottlands beste und wundersch\u00f6nste G\u00e4rten &#8211; unsere Top 10\"}]}]}<\/script>\n<!-- \/ Yoast SEO plugin. -->","yoast_head_json":{"title":"Schottlands beste und wundersch\u00f6nste G\u00e4rten - unsere Top 10 - Urlaub &amp; Reisen","robots":{"index":"index","follow":"follow","max-snippet":"max-snippet:-1","max-image-preview":"max-image-preview:large","max-video-preview":"max-video-preview:-1"},"canonical":"https:\/\/www.urlaubcornwall.de\/blog\/schottlands-beste-und-wunderschoenste-gaerten-unsere-top-10\/","og_locale":"en_US","og_type":"article","og_title":"Schottlands beste und wundersch\u00f6nste G\u00e4rten - unsere Top 10 - Urlaub &amp; Reisen","og_description":"Schottland ist bekannt f\u00fcr seine G\u00e4rten, und hier sind lediglich ein paar davon, die Sie w\u00e4hrend Ihres Urlaubs in Schottland nicht verpassen sollten. 1 &#8211; Logan \u2013 Bei Stranraer in Dumfries &amp; Galloway, Logan Botanic Garden ist der exotischste Garten des Landes. Er hat eine bemerkenswerte Sammlung ungew\u00f6hnlicher und wundersch\u00f6ner Pflanzen, die in diesem Paradies [&hellip;]","og_url":"https:\/\/www.urlaubcornwall.de\/blog\/schottlands-beste-und-wunderschoenste-gaerten-unsere-top-10\/","og_site_name":"Urlaub &amp; Reisen","article_modified_time":"2024-05-29T15:14:12+00:00","og_image":[{"url":"https:\/\/www.urlaubcornwall.de\/blog\/wp-content\/uploads\/2024\/03\/mottisfont-abbey-garten-rose.jpg"}],"twitter_card":"summary","twitter_misc":{"Est. reading time":"5 minutes"},"schema":{"@context":"https:\/\/schema.org","@graph":[{"@type":"WebSite","@id":"https:\/\/www.urlaubcornwall.de\/blog\/#website","url":"https:\/\/www.urlaubcornwall.de\/blog\/","name":"Urlaub &amp; Reisen","description":"Urlaub, Reisen, Cornwall und S\u00fcdengland: eine perfekte Kombination","potentialAction":[{"@type":"SearchAction","target":{"@type":"EntryPoint","urlTemplate":"https:\/\/www.urlaubcornwall.de\/blog\/?s={search_term_string}"},"query-input":"required name=search_term_string"}],"inLanguage":"en-US"},{"@type":"WebPage","@id":"https:\/\/www.urlaubcornwall.de\/blog\/schottlands-beste-und-wunderschoenste-gaerten-unsere-top-10\/","url":"https:\/\/www.urlaubcornwall.de\/blog\/schottlands-beste-und-wunderschoenste-gaerten-unsere-top-10\/","name":"Schottlands beste und wundersch\u00f6nste G\u00e4rten - unsere Top 10 - Urlaub &amp; Reisen","isPartOf":{"@id":"https:\/\/www.urlaubcornwall.de\/blog\/#website"},"datePublished":"2017-03-20T11:43:05+00:00","dateModified":"2024-05-29T15:14:12+00:00","breadcrumb":{"@id":"https:\/\/www.urlaubcornwall.de\/blog\/schottlands-beste-und-wunderschoenste-gaerten-unsere-top-10\/#breadcrumb"},"inLanguage":"en-US","potentialAction":[{"@type":"ReadAction","target":["https:\/\/www.urlaubcornwall.de\/blog\/schottlands-beste-und-wunderschoenste-gaerten-unsere-top-10\/"]}]},{"@type":"BreadcrumbList","@id":"https:\/\/www.urlaubcornwall.de\/blog\/schottlands-beste-und-wunderschoenste-gaerten-unsere-top-10\/#breadcrumb","itemListElement":[{"@type":"ListItem","position":1,"name":"Home","item":"https:\/\/www.urlaubcornwall.de\/blog\/"},{"@type":"ListItem","position":2,"name":"Schottlands beste und wundersch\u00f6nste G\u00e4rten &#8211; unsere Top 10"}]}]}},"_links":{"self":[{"href":"https:\/\/www.urlaubcornwall.de\/blog\/wp-json\/wp\/v2\/pages\/27065"}],"collection":[{"href":"https:\/\/www.urlaubcornwall.de\/blog\/wp-json\/wp\/v2\/pages"}],"about":[{"href":"https:\/\/www.urlaubcornwall.de\/blog\/wp-json\/wp\/v2\/types\/page"}],"author":[{"embeddable":true,"href":"https:\/\/www.urlaubcornwall.de\/blog\/wp-json\/wp\/v2\/users\/1"}],"replies":[{"embeddable":true,"href":"https:\/\/www.urlaubcornwall.de\/blog\/wp-json\/wp\/v2\/comments?post=27065"}],"version-history":[{"count":13,"href":"https:\/\/www.urlaubcornwall.de\/blog\/wp-json\/wp\/v2\/pages\/27065\/revisions"}],"predecessor-version":[{"id":50727,"href":"https:\/\/www.urlaubcornwall.de\/blog\/wp-json\/wp\/v2\/pages\/27065\/revisions\/50727"}],"wp:attachment":[{"href":"https:\/\/www.urlaubcornwall.de\/blog\/wp-json\/wp\/v2\/media?parent=27065"}],"curies":[{"name":"wp","href":"https:\/\/api.w.org\/{rel}","templated":true}]}}