{"id":27054,"date":"2017-03-19T16:34:52","date_gmt":"2017-03-19T16:34:52","guid":{"rendered":"https:\/\/www.urlaubcornwall.de\/blog\/?page_id=27054"},"modified":"2026-01-06T14:12:34","modified_gmt":"2026-01-06T14:12:34","slug":"die-besten-historischen-herrenhaeuser-schloesser-und-burgen-schottland-unsere-top-10","status":"publish","type":"page","link":"https:\/\/www.urlaubcornwall.de\/blog\/die-besten-historischen-herrenhaeuser-schloesser-und-burgen-schottland-unsere-top-10\/","title":{"rendered":"Die besten historischen Herrenh\u00e4user, Schl\u00f6sser und Burgen in Schottland \u2013 unsere Top 10"},"content":{"rendered":"<p><img loading=\"lazy\" class=\"aligncenter size-full wp-image-27055\" src=\"https:\/\/www.urlaubcornwall.de\/blog\/wp-content\/uploads\/2017\/03\/schloss-edinburgh-schottland.jpg\" alt=\"Schloss Edinburgh Schottland\" width=\"749\" height=\"418\"\/><\/p>\n<p>Schottland ist besonders bekannt f\u00fcr seine Burgen; sie geh\u00f6ren zur Landschaft wie die Lochs und Berge. Schottlands Burgen z\u00e4hlen zu den ikonischsten der Welt, und einst soll es nahezu 3000 gegeben haben. Hier sind lediglich ein paar, die Sie w\u00e4hrend Ihres <a href=\"https:\/\/www.urlaubcornwall.de\/reiseziel\/schottland.php\">Urlaubs in Schottland<\/a> nicht verpassen sollten.<\/p>\n<p>1- Edinburgh Castle \u2013 Wenn Sie die Hauptstadt Schottlands besuchen, sollten Sie das <a href=\"https:\/\/www.urlaubcornwall.de\/ferienhaeuser-fewos\/sco\/zentralschottland\/edinburgh.html\">Edinburgh<\/a> Castle nicht verpassen. Es befindet sich auf einem erloschenen Vulkan oberhalb der Stadt. Dies ist einfach die ber\u00fchmteste und ikonischste Burg Schottlands. Sie ist das ganze Jahr \u00fcber ge\u00f6ffnet, und hier k\u00f6nnen Sie die Kronjuwelen Schottlands sehen, den Stein des Schicksals und Mogs Men, das ber\u00fchmte Gewehr des 15. Jahrhunderts, das t\u00e4glich um 13 Uhr feuert.<\/p>\n<p>2- Inveraray Castle \u2013 an den Ufern von Loch Fyne gelegen, bilden die Burg Inveraray und die <a href=\"https:\/\/www.urlaubcornwall.de\/blog\/schottlands-beste-und-wunderschoenste-gaerten-unsere-top-10\/\">G\u00e4rten<\/a> eines von Schottlands feinsten Herrenh\u00e4usern. Als das Zuhause der Herzoge von Argyll hat dieses M\u00e4rchenschloss eine wundervolle Innenausstattung mit feinen Wandbeh\u00e4ngen, M\u00f6beln, Geschirr, Silber und einer erstaunlichen Sammlung an 1300 Teilen einer Waffenkammer, einschlie\u00dflich Schwerter aus der Schlacht von Culloden. Es gibt wundersch\u00f6n gepflegte G\u00e4rten und Spazierwege durch die herrliche Argyll Landschaft. Es ist ge\u00f6ffnet vom 1. April \u2013 31. Oktober.<\/p>\n<p>3- Stirling Castle \u2013 Die Burg bei Stirling war historisch gesehen die wichtigste, bevorzugt von den Stewart K\u00f6nigen und K\u00f6niginnen, und Mary, die K\u00f6nigin der Schotten, wurde 1543 hier gekr\u00f6nt. Heute erwecken kost\u00fcmierte Schauspieler die Geschichte dieser herrlichen Burg zum Leben, und von den Terrassen aus haben Sie herrlichen Blick \u00fcber die Landschaft. Stirling Castle ist das ganze Jahr \u00fcber ge\u00f6ffnet.<\/p>\n<p>4 -Glamis Castle \u2013 das Kindheitszuhause Ihrer K\u00f6niglichen Hoheit, der Mutter der K\u00f6nigin. Seit 1372 ist Glamis Castle das Zuhause der Earls of Strathmore. Es ist die Kulisse f\u00fcr Shakespeares \u2018MacBeth\u2019. Es befindet sich in wundersch\u00f6ner Landschaft 19km von Dundee entfernt und ist tief verankert in der Geschichte. Glamis Castle und seine wundersch\u00f6nen G\u00e4rten sind vom 1. April bis Ende Oktober ge\u00f6ffnet; s\u00e4mtliche Touren durch das Schloss sind gef\u00fchrte Touren und geben Ihnen die Chance, die Geschichten und Legenden, die mit der Burg in Verbindung gebracht werden, zu erfahren.<\/p>\n<p>5 \u2013 Balmoral Castle \u2013 Balmoral Castle ist seit 1852, als Prinz Albert es f\u00fcr K\u00f6nigin Victoria kaufte, das schottische Zuhause der K\u00f6niglichen Familie. K\u00f6nigin Victoria beschrieb Balmoral als ihr \u2018geliebtes Paradies in den Highlands\u2019. Heute k\u00f6nnen Besucher die Burg besuchen und durch die G\u00e4rten und das Grundst\u00fcck spazieren, wenn die K\u00f6nigliche Familie nicht residiert, normalerweise sind die \u00d6ffnungszeiten vom 1. April \u2013 31. Juli.<\/p>\n<div class=\"snippet\"> <a class=\"featured-item\" href=\" https:\/\/www.urlaubcornwall.de\/ferienhaeuser\/schottland.php\"> <span class=\"image-holder\" style=\"background-image: url(' https:\/\/www.urlaubcornwall.de\/blog\/wp-content\/uploads\/2019\/01\/urlaub-schottland-highlands-1.jpg ');\"><\/span> <span class=\"featured-content\"> \n<h2 class=\"featured-title\">Bei uns finden Sie Ferienh\u00e4user in Schottland zum Verlieben!<\/h2>\n<p class=\"featured-body\">Untenstehend finden Sie eine Auswahl an Ferienh\u00e4usern in Schottland. Hier finden Sie pers\u00f6nlich inspizierte Cottages entlang der schottischen K\u00fcste, in den schottischen Highlands und auf den Inseln&#8230;..<\/p>\n<\/span> <span class=\"featured-link-holder\"> <span class=\"featured-extra-info\"> \n<p>F\u00fcr Paare, Familien &#038; Gruppen<\/p>\n<\/span> \n<p class=\"featured-link\">DETAILS<\/p>\n<\/span> <\/a><\/div>\n<p>6 \u2013 Braemar Castle \u2013 es befindet sich in herrlicher Lage des Caringorms Nationalparks, und diese Burg des 17. Jahrhunderts hat all das, was eine Burg haben sollte; Zinnen, Wendeltreppen und ein Verlie\u00df. Es ist das Zuhause des Chief des Clan Farquharson und eingerichtet mit M\u00f6beln, Erinnerungsst\u00fccken und pers\u00f6nlichem Besitz des Clans. Der Eintritt zur Burg befindet sich eine steile Steintreppe empor, also nicht geeignet f\u00fcr jene, die in ihrer Beweglichkeit eingeschr\u00e4nkt sind. Braemar ist bekannt f\u00fcr das Braemar Gathering \u2013 die ber\u00fchmtesten und besten Highland Games, die jeden 1. Samstag im September vor Ihrer K\u00f6niglichen Hoheit, der Queen, stattfinden. Die Burg ist an diesem Tag nicht ge\u00f6ffnet.<\/p>\n<p>7 \u2013 Brodie Castle \u2013 bei Forres in Moray gelegen, wurde diese herrliche Burg 1567 von Clan Brodie erbaut und blieb deren Sitz, bis sie 1980 vom National Trust \u00fcbernommen wurde. Brodie Castle wurde inzwischen sorgsam renoviert und verf\u00fcgt \u00fcber eine hervorragende Kunstsammlung und herrliche Bibliothek; im Fr\u00fchling befindet sich auf dem Grundst\u00fcck eine spektakul\u00e4re Ansammlung an Narzissen. Das Grundst\u00fcck ist das gesamte Jahr \u00fcber ge\u00f6ffnet, und die Burg vom 1. April bis 31. Oktober.<\/p>\n<p><script async src=\"https:\/\/pagead2.googlesyndication.com\/pagead\/js\/adsbygoogle.js?client=ca-pub-3901089389175725\"\n     crossorigin=\"anonymous\"><\/script><br \/>\n<!-- New UC --><br \/>\n<ins class=\"adsbygoogle\"\n     style=\"display:block\"\n     data-ad-client=\"ca-pub-3901089389175725\"\n     data-ad-slot=\"8080314818\"\n     data-ad-format=\"auto\"\n     data-full-width-responsive=\"true\"><\/ins><br \/>\n<script>\n     (adsbygoogle = window.adsbygoogle || []).push({});\n<\/script><\/p>\n<p><a href=\"https:\/\/www.urlaubcornwall.de\/blog\/wp-content\/uploads\/2024\/03\/Eilean-Donan-schloss-Schottland.jpg\"><img loading=\"lazy\" src=\"https:\/\/www.urlaubcornwall.de\/blog\/wp-content\/uploads\/2024\/03\/Eilean-Donan-schloss-Schottland.jpg\" alt=\"Eilean Donan schloss, Schottland\" width=\"750\" height=\"500\" class=\"alignnone size-full wp-image-48016\" srcset=\"https:\/\/www.urlaubcornwall.de\/blog\/wp-content\/uploads\/2024\/03\/Eilean-Donan-schloss-Schottland.jpg 750w, https:\/\/www.urlaubcornwall.de\/blog\/wp-content\/uploads\/2024\/03\/Eilean-Donan-schloss-Schottland-300x200.jpg 300w\" sizes=\"(max-width: 750px) 100vw, 750px\" \/><\/a><\/p>\n<p>8 \u2013 Eilean Donan Castle \u2013 Romantisch gelegen am Loch Duich auf seiner eigenen kleinen Insel mit Blick \u00fcber die <a href=\"https:\/\/www.urlaubcornwall.de\/ferienhaeuser-fewos\/sco\/schottische-inseln\/isle-of-skye.html\">Isle of Skye<\/a>, ist Eilean Donan Castle das am besten wiedererkennbare und fotografierte Schloss Schottlands. Seit dem 13. Jahrhundert gab es hier an dieser Stelle eine Burg; 1719 wurde die Burg von einem englischen Kriegsschiff zerst\u00f6rt und lag mehr als 200 Jahre lang in Ruinen, bevor sie 1932 restauriert wurde. Sie ist nun der \u00d6ffentlichkeit zug\u00e4nglich vom 1. Februar bis zum 30. Dezember und ist eine der meist besuchten und wichtigsten Attraktionen der Schottischen Highlands.<\/p>\n<p>9 \u2013 Floors Castle \u2013 Floors Castle ist Schottlands gr\u00f6\u00dftes bewohntes Schloss, <a href=\"https:\/\/www.urlaubcornwall.de\/ferienhaeuser-fewos\/sco\/suedschottland\/suedschottland.html\">in den Borders<\/a> gelegen mit Blick \u00fcber den Fluss Tweed und die Cheviot Hills. Das Schloss hat eine feine Sammlung an Tapisserie, Porzellan und feiner Kunst. Es wurde 1721 f\u00fcr den 1. Duke of Roxburgh erbaut, und die Familie lebt noch heute hier. Die G\u00e4rten und das Grundst\u00fcck sind herrlich, und der viktorianische Kr\u00e4utergarten ist ein besonders feines Beispiel. Floors Castle ist von Mitte April bis Ende Oktober ge\u00f6ffnet, und die G\u00e4rten sind das ganze Jahr \u00fcber ge\u00f6ffnet.<\/p>\n<p>10 \u2013 Cawdor Castle \u2013 Diese romantische Highland Burg war das fiktive Zuhause des Thane of Cawdor in Shakespeares \u2018MacBeth\u2019. Die Burg reicht zur\u00fcck ins 14. Jahrhundert, als sie von der Cawdor Familie erbaut wurde und geh\u00f6rt noch heute der Familie. Sie ist gef\u00fcllt mit wundersch\u00f6nen M\u00f6beln, feinen Portraits, faszinierenden Objekten und erstaunlicher Tapisserie. Es gibt 3 wundersch\u00f6ne G\u00e4rten zu erkunden, den Mauergarten, der ins Jahr 1600 zur\u00fcck reicht, der Blumengarten und der Wildgarten. Burg und Grundst\u00fcck sind vom 1. Mai an den ganzen Sommer \u00fcber ge\u00f6ffnet.<\/p>\n<div class=\"snippet\"> <a class=\"featured-item\" href=\" https:\/\/www.urlaubcornwall.de\/blog\/rundreisen-schottland\/\"> <span class=\"image-holder\" style=\"background-image: url(' https:\/\/www.urlaubcornwall.de\/blog\/wp-content\/uploads\/2019\/01\/rundreise-schottland.jpg ');\"><\/span> <span class=\"featured-content\"> \n<h2 class=\"featured-title\">Rundreise durch Schottland: mit dem Auto bereisen <\/h2>\n<p class=\"featured-body\">Urlaub in Schottland haben etwas f\u00fcr jeden Geschmack zu bieten \u2013 herrliche Sonnenunterg\u00e4nge \u00fcber magischen Inseln, wundersch\u00f6ne und dramatische K\u00fcstenstriche, tiefe, verborgene T\u00e4ler und eine unglaubliche Landschaft&#8230;<\/p>\n<\/span> <span class=\"featured-link-holder\"> <span class=\"featured-extra-info\"> \n<p>Ready Made Touren<\/p>\n<\/span> \n<p class=\"featured-link\">DETAILS<\/p>\n<\/span> <\/a><\/div>\n<p>UrlaubCornwall.de hat seinen Firmensitz in Cornwall in S\u00fcdwestengland und bietet Kunden im Deutsch sprechenden Europa Hilfe im Erstellen der perfekten Urlaubserfahrung hier. Wir haben ein Team Deutsch sprechender Experten, so dass wir eine <a href=\"https:\/\/www.urlaubcornwall.de\/rundreisen\/grossbritannien.php\">individuelle Urlaub in Gro\u00dfbritannien<\/a>.<\/p>\n","protected":false},"excerpt":{"rendered":"<p>Schottland ist besonders bekannt f\u00fcr seine Burgen; sie geh\u00f6ren zur Landschaft wie die Lochs und Berge. Schottlands Burgen z\u00e4hlen zu den ikonischsten der Welt, und einst soll es nahezu 3000 gegeben haben. Hier sind lediglich ein paar, die Sie w\u00e4hrend Ihres Urlaubs in Schottland nicht verpassen sollten. 1- Edinburgh Castle \u2013 Wenn Sie die Hauptstadt [&hellip;]<\/p>\n","protected":false},"author":1,"featured_media":0,"parent":0,"menu_order":0,"comment_status":"closed","ping_status":"closed","template":"single-four.php","meta":[],"acf":[],"yoast_head":"<!-- This site is optimized with the Yoast SEO plugin v19.4 - https:\/\/yoast.com\/wordpress\/plugins\/seo\/ -->\n<title>Die besten historischen Herrenh\u00e4user, Schl\u00f6sser und Burgen in Schottland \u2013 unsere Top 10 - Urlaub &amp; Reisen<\/title>\n<meta name=\"robots\" content=\"index, follow, max-snippet:-1, max-image-preview:large, max-video-preview:-1\" \/>\n<link rel=\"canonical\" href=\"https:\/\/www.urlaubcornwall.de\/blog\/die-besten-historischen-herrenhaeuser-schloesser-und-burgen-schottland-unsere-top-10\/\" \/>\n<meta property=\"og:locale\" content=\"en_US\" \/>\n<meta property=\"og:type\" content=\"article\" \/>\n<meta property=\"og:title\" content=\"Die besten historischen Herrenh\u00e4user, Schl\u00f6sser und Burgen in Schottland \u2013 unsere Top 10 - Urlaub &amp; Reisen\" \/>\n<meta property=\"og:description\" content=\"Schottland ist besonders bekannt f\u00fcr seine Burgen; sie geh\u00f6ren zur Landschaft wie die Lochs und Berge. Schottlands Burgen z\u00e4hlen zu den ikonischsten der Welt, und einst soll es nahezu 3000 gegeben haben. Hier sind lediglich ein paar, die Sie w\u00e4hrend Ihres Urlaubs in Schottland nicht verpassen sollten. 1- Edinburgh Castle \u2013 Wenn Sie die Hauptstadt [&hellip;]\" \/>\n<meta property=\"og:url\" content=\"https:\/\/www.urlaubcornwall.de\/blog\/die-besten-historischen-herrenhaeuser-schloesser-und-burgen-schottland-unsere-top-10\/\" \/>\n<meta property=\"og:site_name\" content=\"Urlaub &amp; Reisen\" \/>\n<meta property=\"article:modified_time\" content=\"2026-01-06T14:12:34+00:00\" \/>\n<meta property=\"og:image\" content=\"https:\/\/www.urlaubcornwall.de\/blog\/wp-content\/uploads\/2017\/03\/schloss-edinburgh-schottland.jpg\" \/>\n<meta name=\"twitter:card\" content=\"summary\" \/>\n<meta name=\"twitter:label1\" content=\"Est. reading time\" \/>\n\t<meta name=\"twitter:data1\" content=\"5 minutes\" \/>\n<script type=\"application\/ld+json\" class=\"yoast-schema-graph\">{\"@context\":\"https:\/\/schema.org\",\"@graph\":[{\"@type\":\"WebSite\",\"@id\":\"https:\/\/www.urlaubcornwall.de\/blog\/#website\",\"url\":\"https:\/\/www.urlaubcornwall.de\/blog\/\",\"name\":\"Urlaub &amp; Reisen\",\"description\":\"Urlaub, Reisen, Cornwall und S\u00fcdengland: eine perfekte Kombination\",\"potentialAction\":[{\"@type\":\"SearchAction\",\"target\":{\"@type\":\"EntryPoint\",\"urlTemplate\":\"https:\/\/www.urlaubcornwall.de\/blog\/?s={search_term_string}\"},\"query-input\":\"required name=search_term_string\"}],\"inLanguage\":\"en-US\"},{\"@type\":\"WebPage\",\"@id\":\"https:\/\/www.urlaubcornwall.de\/blog\/die-besten-historischen-herrenhaeuser-schloesser-und-burgen-schottland-unsere-top-10\/\",\"url\":\"https:\/\/www.urlaubcornwall.de\/blog\/die-besten-historischen-herrenhaeuser-schloesser-und-burgen-schottland-unsere-top-10\/\",\"name\":\"Die besten historischen Herrenh\u00e4user, Schl\u00f6sser und Burgen in Schottland \u2013 unsere Top 10 - Urlaub &amp; Reisen\",\"isPartOf\":{\"@id\":\"https:\/\/www.urlaubcornwall.de\/blog\/#website\"},\"datePublished\":\"2017-03-19T16:34:52+00:00\",\"dateModified\":\"2026-01-06T14:12:34+00:00\",\"breadcrumb\":{\"@id\":\"https:\/\/www.urlaubcornwall.de\/blog\/die-besten-historischen-herrenhaeuser-schloesser-und-burgen-schottland-unsere-top-10\/#breadcrumb\"},\"inLanguage\":\"en-US\",\"potentialAction\":[{\"@type\":\"ReadAction\",\"target\":[\"https:\/\/www.urlaubcornwall.de\/blog\/die-besten-historischen-herrenhaeuser-schloesser-und-burgen-schottland-unsere-top-10\/\"]}]},{\"@type\":\"BreadcrumbList\",\"@id\":\"https:\/\/www.urlaubcornwall.de\/blog\/die-besten-historischen-herrenhaeuser-schloesser-und-burgen-schottland-unsere-top-10\/#breadcrumb\",\"itemListElement\":[{\"@type\":\"ListItem\",\"position\":1,\"name\":\"Home\",\"item\":\"https:\/\/www.urlaubcornwall.de\/blog\/\"},{\"@type\":\"ListItem\",\"position\":2,\"name\":\"Die besten historischen Herrenh\u00e4user, Schl\u00f6sser und Burgen in Schottland \u2013 unsere Top 10\"}]}]}<\/script>\n<!-- \/ Yoast SEO plugin. -->","yoast_head_json":{"title":"Die besten historischen Herrenh\u00e4user, Schl\u00f6sser und Burgen in Schottland \u2013 unsere Top 10 - Urlaub &amp; Reisen","robots":{"index":"index","follow":"follow","max-snippet":"max-snippet:-1","max-image-preview":"max-image-preview:large","max-video-preview":"max-video-preview:-1"},"canonical":"https:\/\/www.urlaubcornwall.de\/blog\/die-besten-historischen-herrenhaeuser-schloesser-und-burgen-schottland-unsere-top-10\/","og_locale":"en_US","og_type":"article","og_title":"Die besten historischen Herrenh\u00e4user, Schl\u00f6sser und Burgen in Schottland \u2013 unsere Top 10 - Urlaub &amp; Reisen","og_description":"Schottland ist besonders bekannt f\u00fcr seine Burgen; sie geh\u00f6ren zur Landschaft wie die Lochs und Berge. Schottlands Burgen z\u00e4hlen zu den ikonischsten der Welt, und einst soll es nahezu 3000 gegeben haben. Hier sind lediglich ein paar, die Sie w\u00e4hrend Ihres Urlaubs in Schottland nicht verpassen sollten. 1- Edinburgh Castle \u2013 Wenn Sie die Hauptstadt [&hellip;]","og_url":"https:\/\/www.urlaubcornwall.de\/blog\/die-besten-historischen-herrenhaeuser-schloesser-und-burgen-schottland-unsere-top-10\/","og_site_name":"Urlaub &amp; Reisen","article_modified_time":"2026-01-06T14:12:34+00:00","og_image":[{"url":"https:\/\/www.urlaubcornwall.de\/blog\/wp-content\/uploads\/2017\/03\/schloss-edinburgh-schottland.jpg"}],"twitter_card":"summary","twitter_misc":{"Est. reading time":"5 minutes"},"schema":{"@context":"https:\/\/schema.org","@graph":[{"@type":"WebSite","@id":"https:\/\/www.urlaubcornwall.de\/blog\/#website","url":"https:\/\/www.urlaubcornwall.de\/blog\/","name":"Urlaub &amp; Reisen","description":"Urlaub, Reisen, Cornwall und S\u00fcdengland: eine perfekte Kombination","potentialAction":[{"@type":"SearchAction","target":{"@type":"EntryPoint","urlTemplate":"https:\/\/www.urlaubcornwall.de\/blog\/?s={search_term_string}"},"query-input":"required name=search_term_string"}],"inLanguage":"en-US"},{"@type":"WebPage","@id":"https:\/\/www.urlaubcornwall.de\/blog\/die-besten-historischen-herrenhaeuser-schloesser-und-burgen-schottland-unsere-top-10\/","url":"https:\/\/www.urlaubcornwall.de\/blog\/die-besten-historischen-herrenhaeuser-schloesser-und-burgen-schottland-unsere-top-10\/","name":"Die besten historischen Herrenh\u00e4user, Schl\u00f6sser und Burgen in Schottland \u2013 unsere Top 10 - Urlaub &amp; Reisen","isPartOf":{"@id":"https:\/\/www.urlaubcornwall.de\/blog\/#website"},"datePublished":"2017-03-19T16:34:52+00:00","dateModified":"2026-01-06T14:12:34+00:00","breadcrumb":{"@id":"https:\/\/www.urlaubcornwall.de\/blog\/die-besten-historischen-herrenhaeuser-schloesser-und-burgen-schottland-unsere-top-10\/#breadcrumb"},"inLanguage":"en-US","potentialAction":[{"@type":"ReadAction","target":["https:\/\/www.urlaubcornwall.de\/blog\/die-besten-historischen-herrenhaeuser-schloesser-und-burgen-schottland-unsere-top-10\/"]}]},{"@type":"BreadcrumbList","@id":"https:\/\/www.urlaubcornwall.de\/blog\/die-besten-historischen-herrenhaeuser-schloesser-und-burgen-schottland-unsere-top-10\/#breadcrumb","itemListElement":[{"@type":"ListItem","position":1,"name":"Home","item":"https:\/\/www.urlaubcornwall.de\/blog\/"},{"@type":"ListItem","position":2,"name":"Die besten historischen Herrenh\u00e4user, Schl\u00f6sser und Burgen in Schottland \u2013 unsere Top 10"}]}]}},"_links":{"self":[{"href":"https:\/\/www.urlaubcornwall.de\/blog\/wp-json\/wp\/v2\/pages\/27054"}],"collection":[{"href":"https:\/\/www.urlaubcornwall.de\/blog\/wp-json\/wp\/v2\/pages"}],"about":[{"href":"https:\/\/www.urlaubcornwall.de\/blog\/wp-json\/wp\/v2\/types\/page"}],"author":[{"embeddable":true,"href":"https:\/\/www.urlaubcornwall.de\/blog\/wp-json\/wp\/v2\/users\/1"}],"replies":[{"embeddable":true,"href":"https:\/\/www.urlaubcornwall.de\/blog\/wp-json\/wp\/v2\/comments?post=27054"}],"version-history":[{"count":13,"href":"https:\/\/www.urlaubcornwall.de\/blog\/wp-json\/wp\/v2\/pages\/27054\/revisions"}],"predecessor-version":[{"id":51965,"href":"https:\/\/www.urlaubcornwall.de\/blog\/wp-json\/wp\/v2\/pages\/27054\/revisions\/51965"}],"wp:attachment":[{"href":"https:\/\/www.urlaubcornwall.de\/blog\/wp-json\/wp\/v2\/media?parent=27054"}],"curies":[{"name":"wp","href":"https:\/\/api.w.org\/{rel}","templated":true}]}}