{"id":26392,"date":"2017-02-09T15:55:07","date_gmt":"2017-02-09T15:55:07","guid":{"rendered":"https:\/\/www.urlaubcornwall.de\/blog\/?page_id=26392"},"modified":"2024-04-16T09:59:09","modified_gmt":"2024-04-16T09:59:09","slug":"preisknueller-fuer-einen-guenstigen-sommerurlaub-cornwall","status":"publish","type":"page","link":"https:\/\/www.urlaubcornwall.de\/blog\/preisknueller-fuer-einen-guenstigen-sommerurlaub-cornwall\/","title":{"rendered":"Preiskn\u00fcller f\u00fcr einen g\u00fcnstigen Sommerurlaub in Cornwall!"},"content":{"rendered":"<p><img loading=\"lazy\" class=\"aligncenter size-full wp-image-42244\" src=\"https:\/\/www.urlaubcornwall.de\/blog\/wp-content\/uploads\/2021\/08\/lantic-Bay_rame_halbinsel_edit.jpg\" alt=\"lantic Bay_rame_halbinsel_edit\" width=\"747\" height=\"545 srcset=\"https:\/\/www.urlaubcornwall.de\/blog\/wp-content\/uploads\/2021\/08\/lantic-Bay_rame_halbinsel_edit.jpg 747w, https:\/\/www.urlaubcornwall.de\/blog\/wp-content\/uploads\/2021\/08\/lantic-Bay_rame_halbinsel_edit-300x219.jpg 300w\" sizes=\"(max-width: 747px) 100vw, 747px\" \/><\/p>\n<p>Kann man preisg\u00fcnstig Ferien in Cornwall im Juli und August machen? Ja, das ist jetzt m\u00f6glich! Obwohl Cornwall insbesondere im Sommer zu den beliebtesten Urlaubszielen geh\u00f6rt, k\u00f6nnen wir Ihnen jetzt eine ganz besondere Gelegenheit anbieten, den \u00e4u\u00dfesten S\u00fcdwesten Englands zu der begehrtesten Jahreszeit pers\u00f6nlich zu entdecken.<\/p>\n<p><strong>Alternativen zu einem Hotel<\/strong> &#8211; Es gibt in Cornwall viele wundersch\u00f6ne Cottages und Ferienh\u00e4user, die anstelle eines Hotels eine perfekte Option f\u00fcr Familien und Paare darstellen. Sie bieten flexible Unterkunft und darunter finden Sie viele tierfreundliche H\u00e4user in den beliebtesten Urlaubsorten.<\/p>\n<p style=\"text-align: center;\"><a class=\"tidycta\" href=\"https:\/\/www.urlaubcornwall.de\/ferienhaeuser-fewos\/cornwall.html\">Suche Ferienh\u00e4user Cornwall <\/a><\/p>\n<div class=\"snippet\"> <a class=\"featured-item\" href=\"https:\/\/www.urlaubcornwall.de\/ferienhaeuser\/cornwall.php\"> <span class=\"image-holder\" style=\"background-image: url('https:\/\/www.urlaubcornwall.de\/blog\/wp-content\/uploads\/2018\/12\/ferienhaus-cornwall-mit-hund.jpg ');\"><\/span> <span class=\"featured-content\"> \n<h2 class=\"featured-title\">Ferienh\u00e4user in Cornwall zum Verlieben!<\/h2>\n<p class=\"featured-body\">Cornwall besitzt mehr K\u00fcstenlinien als jede andere Grafschaft und bietet einige der besten Str\u00e4nde, K\u00fcstenwanderwege und Klippenlandschaften, die man \u00fcberhaupt finden kann&#8230;.<\/p><\/span> <span class=\"featured-link-holder\"> <span class=\"featured-extra-info\"> \n<p>F\u00fcr Paare, Familien &#038; Gruppen<\/p>\n<\/span> \n<p class=\"featured-link\">DETAILS<\/p>\n<\/span> <\/a><\/div>\n<p><strong>G\u00fcnstige Hotels &#038; Last Minute Angebote<\/strong> &#8211; Doch es gibt viele <a href=\"https:\/\/www.urlaubcornwall.de\/hotels.php\">Hotels<\/a>, die f\u00fcr Reisende mit kleinerem Budget geeignet sind. UrlaubCornwall hat seinen Sitz in Cornwall, und wir suchen Pl\u00e4tze, die weniger bekannt sind, dennoch ein gro\u00dfartiges Preis-Leistungsverh\u00e4ltnis bieten.<\/p>\n<p><ins class=\"bookingaff\" data-aid=\"2191148\" data-target_aid=\"2191148\" data-prod=\"map\" data-width=\"100%\" data-height=\"590\" data-lang=\"ualng\" data-dest_id=\"0\" data-dest_type=\"landmark\" data-latitude=\"50.2660471\" data-longitude=\"-5.0527125\" data-mwhsb=\"0\" data-address=\"Cornwall, UK\"><br \/>\n    <!-- Anything inside will go away once widget is loaded. --><br \/>\n        <a href=\"\/\/www.booking.com?aid=2191148\" rel=\"nofollow\">Booking.com<\/a><br \/>\n<\/ins><br \/>\n<script type=\"text\/javascript\">\n    (function(d, sc, u) {\n      var s = d.createElement(sc), p = d.getElementsByTagName(sc)[0];\n      s.type = 'text\/javascript';\n      s.async = true;\n      s.src = u + '?v=' + (+new Date());\n      p.parentNode.insertBefore(s,p);\n      })(document, 'script', '\/\/aff.bstatic.com\/static\/affiliate_base\/js\/flexiproduct.js');\n<\/script><\/p>\n<p style=\"text-align: center;\"><b><a class=\"tidycta\" href=\"https:\/\/www.urlaubcornwall.de\/hotels.php\">Suche Hotels in Cornwall<\/a><\/b><\/p>\n<p><a href=\"http:\/\/www.urlaubcornwall.de\/\">UrlaubCornwall.de<\/a> ist ein in Cornwall ans\u00e4ssiges Unternehmen k\u00f6nnen wir uns mit 20 Jahren Erfahrung in der Organisation von Rundreisen durch S\u00fcdwest und S\u00fcdengland r\u00fchmen. Um Cornwall in Ihre Rundreise durch S\u00fcdengland mit einzugliedern, stellen Sie Ihre <a href=\"http:\/\/www.urlaubcornwall.de\/anfrage.php\">Anfrage<\/a> hier oder w\u00e4hlen Sie ein Ferienhaus aus unserer besten Auswahl handverlesener und inspizierter H\u00e4user aus.<\/p>\n","protected":false},"excerpt":{"rendered":"","protected":false},"author":1,"featured_media":0,"parent":0,"menu_order":0,"comment_status":"closed","ping_status":"closed","template":"single-four.php","meta":[],"acf":[],"yoast_head":"<!-- This site is optimized with the Yoast SEO plugin v19.4 - https:\/\/yoast.com\/wordpress\/plugins\/seo\/ -->\n<title>Preiskn\u00fcller f\u00fcr einen g\u00fcnstigen Sommerurlaub in Cornwall! - Urlaub &amp; Reisen<\/title>\n<meta name=\"robots\" content=\"index, follow, max-snippet:-1, max-image-preview:large, max-video-preview:-1\" \/>\n<link rel=\"canonical\" href=\"https:\/\/www.urlaubcornwall.de\/blog\/preisknueller-fuer-einen-guenstigen-sommerurlaub-cornwall\/\" \/>\n<meta property=\"og:locale\" content=\"en_US\" \/>\n<meta property=\"og:type\" content=\"article\" \/>\n<meta property=\"og:title\" content=\"Preiskn\u00fcller f\u00fcr einen g\u00fcnstigen Sommerurlaub in Cornwall! - Urlaub &amp; Reisen\" \/>\n<meta property=\"og:url\" content=\"https:\/\/www.urlaubcornwall.de\/blog\/preisknueller-fuer-einen-guenstigen-sommerurlaub-cornwall\/\" \/>\n<meta property=\"og:site_name\" content=\"Urlaub &amp; Reisen\" \/>\n<meta property=\"article:modified_time\" content=\"2024-04-16T09:59:09+00:00\" \/>\n<meta property=\"og:image\" content=\"https:\/\/www.urlaubcornwall.de\/blog\/wp-content\/uploads\/2021\/08\/lantic-Bay_rame_halbinsel_edit.jpg\" \/>\n<meta name=\"twitter:card\" content=\"summary\" \/>\n<meta name=\"twitter:label1\" content=\"Est. reading time\" \/>\n\t<meta name=\"twitter:data1\" content=\"2 minutes\" \/>\n<script type=\"application\/ld+json\" class=\"yoast-schema-graph\">{\"@context\":\"https:\/\/schema.org\",\"@graph\":[{\"@type\":\"WebSite\",\"@id\":\"https:\/\/www.urlaubcornwall.de\/blog\/#website\",\"url\":\"https:\/\/www.urlaubcornwall.de\/blog\/\",\"name\":\"Urlaub &amp; Reisen\",\"description\":\"Urlaub, Reisen, Cornwall und S\u00fcdengland: eine perfekte Kombination\",\"potentialAction\":[{\"@type\":\"SearchAction\",\"target\":{\"@type\":\"EntryPoint\",\"urlTemplate\":\"https:\/\/www.urlaubcornwall.de\/blog\/?s={search_term_string}\"},\"query-input\":\"required name=search_term_string\"}],\"inLanguage\":\"en-US\"},{\"@type\":\"WebPage\",\"@id\":\"https:\/\/www.urlaubcornwall.de\/blog\/preisknueller-fuer-einen-guenstigen-sommerurlaub-cornwall\/\",\"url\":\"https:\/\/www.urlaubcornwall.de\/blog\/preisknueller-fuer-einen-guenstigen-sommerurlaub-cornwall\/\",\"name\":\"Preiskn\u00fcller f\u00fcr einen g\u00fcnstigen Sommerurlaub in Cornwall! - Urlaub &amp; Reisen\",\"isPartOf\":{\"@id\":\"https:\/\/www.urlaubcornwall.de\/blog\/#website\"},\"datePublished\":\"2017-02-09T15:55:07+00:00\",\"dateModified\":\"2024-04-16T09:59:09+00:00\",\"breadcrumb\":{\"@id\":\"https:\/\/www.urlaubcornwall.de\/blog\/preisknueller-fuer-einen-guenstigen-sommerurlaub-cornwall\/#breadcrumb\"},\"inLanguage\":\"en-US\",\"potentialAction\":[{\"@type\":\"ReadAction\",\"target\":[\"https:\/\/www.urlaubcornwall.de\/blog\/preisknueller-fuer-einen-guenstigen-sommerurlaub-cornwall\/\"]}]},{\"@type\":\"BreadcrumbList\",\"@id\":\"https:\/\/www.urlaubcornwall.de\/blog\/preisknueller-fuer-einen-guenstigen-sommerurlaub-cornwall\/#breadcrumb\",\"itemListElement\":[{\"@type\":\"ListItem\",\"position\":1,\"name\":\"Home\",\"item\":\"https:\/\/www.urlaubcornwall.de\/blog\/\"},{\"@type\":\"ListItem\",\"position\":2,\"name\":\"Preiskn\u00fcller f\u00fcr einen g\u00fcnstigen Sommerurlaub in Cornwall!\"}]}]}<\/script>\n<!-- \/ Yoast SEO plugin. -->","yoast_head_json":{"title":"Preiskn\u00fcller f\u00fcr einen g\u00fcnstigen Sommerurlaub in Cornwall! - Urlaub &amp; Reisen","robots":{"index":"index","follow":"follow","max-snippet":"max-snippet:-1","max-image-preview":"max-image-preview:large","max-video-preview":"max-video-preview:-1"},"canonical":"https:\/\/www.urlaubcornwall.de\/blog\/preisknueller-fuer-einen-guenstigen-sommerurlaub-cornwall\/","og_locale":"en_US","og_type":"article","og_title":"Preiskn\u00fcller f\u00fcr einen g\u00fcnstigen Sommerurlaub in Cornwall! - Urlaub &amp; Reisen","og_url":"https:\/\/www.urlaubcornwall.de\/blog\/preisknueller-fuer-einen-guenstigen-sommerurlaub-cornwall\/","og_site_name":"Urlaub &amp; Reisen","article_modified_time":"2024-04-16T09:59:09+00:00","og_image":[{"url":"https:\/\/www.urlaubcornwall.de\/blog\/wp-content\/uploads\/2021\/08\/lantic-Bay_rame_halbinsel_edit.jpg"}],"twitter_card":"summary","twitter_misc":{"Est. reading time":"2 minutes"},"schema":{"@context":"https:\/\/schema.org","@graph":[{"@type":"WebSite","@id":"https:\/\/www.urlaubcornwall.de\/blog\/#website","url":"https:\/\/www.urlaubcornwall.de\/blog\/","name":"Urlaub &amp; Reisen","description":"Urlaub, Reisen, Cornwall und S\u00fcdengland: eine perfekte Kombination","potentialAction":[{"@type":"SearchAction","target":{"@type":"EntryPoint","urlTemplate":"https:\/\/www.urlaubcornwall.de\/blog\/?s={search_term_string}"},"query-input":"required name=search_term_string"}],"inLanguage":"en-US"},{"@type":"WebPage","@id":"https:\/\/www.urlaubcornwall.de\/blog\/preisknueller-fuer-einen-guenstigen-sommerurlaub-cornwall\/","url":"https:\/\/www.urlaubcornwall.de\/blog\/preisknueller-fuer-einen-guenstigen-sommerurlaub-cornwall\/","name":"Preiskn\u00fcller f\u00fcr einen g\u00fcnstigen Sommerurlaub in Cornwall! - Urlaub &amp; Reisen","isPartOf":{"@id":"https:\/\/www.urlaubcornwall.de\/blog\/#website"},"datePublished":"2017-02-09T15:55:07+00:00","dateModified":"2024-04-16T09:59:09+00:00","breadcrumb":{"@id":"https:\/\/www.urlaubcornwall.de\/blog\/preisknueller-fuer-einen-guenstigen-sommerurlaub-cornwall\/#breadcrumb"},"inLanguage":"en-US","potentialAction":[{"@type":"ReadAction","target":["https:\/\/www.urlaubcornwall.de\/blog\/preisknueller-fuer-einen-guenstigen-sommerurlaub-cornwall\/"]}]},{"@type":"BreadcrumbList","@id":"https:\/\/www.urlaubcornwall.de\/blog\/preisknueller-fuer-einen-guenstigen-sommerurlaub-cornwall\/#breadcrumb","itemListElement":[{"@type":"ListItem","position":1,"name":"Home","item":"https:\/\/www.urlaubcornwall.de\/blog\/"},{"@type":"ListItem","position":2,"name":"Preiskn\u00fcller f\u00fcr einen g\u00fcnstigen Sommerurlaub in Cornwall!"}]}]}},"_links":{"self":[{"href":"https:\/\/www.urlaubcornwall.de\/blog\/wp-json\/wp\/v2\/pages\/26392"}],"collection":[{"href":"https:\/\/www.urlaubcornwall.de\/blog\/wp-json\/wp\/v2\/pages"}],"about":[{"href":"https:\/\/www.urlaubcornwall.de\/blog\/wp-json\/wp\/v2\/types\/page"}],"author":[{"embeddable":true,"href":"https:\/\/www.urlaubcornwall.de\/blog\/wp-json\/wp\/v2\/users\/1"}],"replies":[{"embeddable":true,"href":"https:\/\/www.urlaubcornwall.de\/blog\/wp-json\/wp\/v2\/comments?post=26392"}],"version-history":[{"count":40,"href":"https:\/\/www.urlaubcornwall.de\/blog\/wp-json\/wp\/v2\/pages\/26392\/revisions"}],"predecessor-version":[{"id":49854,"href":"https:\/\/www.urlaubcornwall.de\/blog\/wp-json\/wp\/v2\/pages\/26392\/revisions\/49854"}],"wp:attachment":[{"href":"https:\/\/www.urlaubcornwall.de\/blog\/wp-json\/wp\/v2\/media?parent=26392"}],"curies":[{"name":"wp","href":"https:\/\/api.w.org\/{rel}","templated":true}]}}