{"id":26383,"date":"2017-02-09T15:30:18","date_gmt":"2017-02-09T15:30:18","guid":{"rendered":"https:\/\/www.urlaubcornwall.de\/blog\/?page_id=26383"},"modified":"2024-04-16T09:56:23","modified_gmt":"2024-04-16T09:56:23","slug":"paket-von-3-4-oder-7-naechten-inkl-direktfluege-von-frankfurthahn","status":"publish","type":"page","link":"https:\/\/www.urlaubcornwall.de\/blog\/paket-von-3-4-oder-7-naechten-inkl-direktfluege-von-frankfurthahn\/","title":{"rendered":"Paket von 3, 4 oder 7 N\u00e4chten inkl. Direktfl\u00fcge von Stuttgart &#038; D\u00fcsseldorf"},"content":{"rendered":"<p><img loading=\"lazy\" class=\"aligncenter size-full wp-image-26384\" src=\"https:\/\/www.urlaubcornwall.de\/blog\/wp-content\/uploads\/2017\/02\/Paket-von-3-4-oder-7-N\u00e4chten-inkl.-Direktfl\u00fcge-von-Frankfurt.jpg\" alt=\"Paket von 3, 4 oder 7 N\u00e4chten inkl. Direktfl\u00fcge von Frankfurt\" width=\"748\" height=\"376\"\/><\/p>\n<p>Entdecken Sie Cornwall &#8211; Tr\u00e4umen Sie nicht auch davon, Cornwall einmal mit Mu\u00dfe zu entdecken? Dann ist dieser Trip genau das Richtige f\u00fcr Sie! Bei nur einer Flugzeit von 90 Minuten kommen Sie bereits in Newquay im Herzen Cornwalls an. Entdecken Sie gro\u00dfartige Klippen, atemberaubende K\u00fcsten, historische H\u00e4fen, ber\u00fcchtigte Schmugglerorte wie Fowey, herrliche G\u00e4rten, eindrucksvolle Landh\u00e4user und romantische Landschaften, die Cornwall zu einem einzigartigen Urlaubsziel machen.<\/p>\n<p>Erfreuen Sie sich am Charme Ihres Hotels &amp; Ferienhauser in einem typischen englischen Badeort oder genie\u00dfen Sie in vollen Z\u00fcgen ein modern-luxuri\u00f6s ausgestattes Hotel, das keine W\u00fcnsche offen l\u00e4sst. Wir haben das passende Reisepaket f\u00fcr jedes Budget \u2013 von 3-Sterne Unterk\u00fcnfte bis zu den besten Hotels, die Cornwall zu bieten hat.<\/p>\n<div class=\"snippet\"> <a class=\"featured-item\" href=\" https:\/\/www.urlaubcornwall.de\/rundreisen\/cornwall-suedengland.php\"> <span class=\"image-holder\" style=\"background-image: url(' https:\/\/www.urlaubcornwall.de\/blog\/wp-content\/uploads\/2018\/11\/rundreise-cornwall.jpg ');\"><\/span> <span class=\"featured-content\"> \n<h2 class=\"featured-title\">Individuelle Rundreise in Cornwall &#038; S\u00fcdengland<\/h2>\n<p class=\"featured-body\"> Bei dieser Cornwall Rundreise entdecken Sie die H\u00f6hepunkte S\u00fcdenglands. Kultur, Geschichte, Landschaft und heutiges Leben werden Sie hierbei kennenlernen&#8230;<\/p>\n<\/span> <span class=\"featured-link-holder\"> <span class=\"featured-extra-info\"> \n<p>Urlaub im eigenen Schritttempo<\/p>\n<\/span> \n<p class=\"featured-link\">DETAILS<\/p>\n<\/span> <\/a><\/div>\n<div class=\"snippet\"> <a class=\"featured-item\" href=\"https:\/\/www.urlaubcornwall.de\/ferienhaeuser\/cornwall.php\"> <span class=\"image-holder\" style=\"background-image: url(' <img class=\"aligncenter size-full wp-image-49843\" src=\"https:\/\/www.urlaubcornwall.de\/blog\/wp-content\/uploads\/2018\/12\/ferienhaus-cornwall-mit-hund.jpg');\"><\/span> <span class=\"featured-content\"> \n<h2 class=\"featured-title\">Ferienh\u00e4user in Cornwall zum Verlieben!<\/h2>\n<p class=\"featured-body\">Cornwall besitzt mehr K\u00fcstenlinien als jede andere Grafschaft und bietet einige der besten Str\u00e4nde, K\u00fcstenwanderwege und Klippenlandschaften, die man \u00fcberhaupt finden kann&#8230;.<\/p><\/span> <span class=\"featured-link-holder\"> <span class=\"featured-extra-info\"> \n<p>F\u00fcr Paare, Familien &#038; Gruppen<\/p>\n<\/span> \n<p class=\"featured-link\">DETAILS<\/p>\n<\/span> <\/a><\/div>\n","protected":false},"excerpt":{"rendered":"<p>Entdecken Sie Cornwall &#8211; Tr\u00e4umen Sie nicht auch davon, Cornwall einmal mit Mu\u00dfe zu entdecken? Dann ist dieser Trip genau das Richtige f\u00fcr Sie! Bei nur einer Flugzeit von 90 Minuten kommen Sie bereits in Newquay im Herzen Cornwalls an. Entdecken Sie gro\u00dfartige Klippen, atemberaubende K\u00fcsten, historische H\u00e4fen, ber\u00fcchtigte Schmugglerorte wie Fowey, herrliche G\u00e4rten, eindrucksvolle [&hellip;]<\/p>\n","protected":false},"author":1,"featured_media":0,"parent":0,"menu_order":0,"comment_status":"closed","ping_status":"closed","template":"single-four.php","meta":[],"acf":[],"yoast_head":"<!-- This site is optimized with the Yoast SEO plugin v19.4 - https:\/\/yoast.com\/wordpress\/plugins\/seo\/ -->\n<title>Paket von 3, 4 oder 7 N\u00e4chten inkl. Direktfl\u00fcge von Stuttgart &amp; D\u00fcsseldorf - Urlaub &amp; Reisen<\/title>\n<meta name=\"robots\" content=\"index, follow, max-snippet:-1, max-image-preview:large, max-video-preview:-1\" \/>\n<link rel=\"canonical\" href=\"https:\/\/www.urlaubcornwall.de\/blog\/paket-von-3-4-oder-7-naechten-inkl-direktfluege-von-frankfurthahn\/\" \/>\n<meta property=\"og:locale\" content=\"en_US\" \/>\n<meta property=\"og:type\" content=\"article\" \/>\n<meta property=\"og:title\" content=\"Paket von 3, 4 oder 7 N\u00e4chten inkl. Direktfl\u00fcge von Stuttgart &amp; D\u00fcsseldorf - Urlaub &amp; Reisen\" \/>\n<meta property=\"og:description\" content=\"Entdecken Sie Cornwall &#8211; Tr\u00e4umen Sie nicht auch davon, Cornwall einmal mit Mu\u00dfe zu entdecken? Dann ist dieser Trip genau das Richtige f\u00fcr Sie! Bei nur einer Flugzeit von 90 Minuten kommen Sie bereits in Newquay im Herzen Cornwalls an. Entdecken Sie gro\u00dfartige Klippen, atemberaubende K\u00fcsten, historische H\u00e4fen, ber\u00fcchtigte Schmugglerorte wie Fowey, herrliche G\u00e4rten, eindrucksvolle [&hellip;]\" \/>\n<meta property=\"og:url\" content=\"https:\/\/www.urlaubcornwall.de\/blog\/paket-von-3-4-oder-7-naechten-inkl-direktfluege-von-frankfurthahn\/\" \/>\n<meta property=\"og:site_name\" content=\"Urlaub &amp; Reisen\" \/>\n<meta property=\"article:modified_time\" content=\"2024-04-16T09:56:23+00:00\" \/>\n<meta property=\"og:image\" content=\"https:\/\/www.urlaubcornwall.de\/blog\/wp-content\/uploads\/2018\/12\/ferienhaus-cornwall-mit-hund.jpg');\" \/>\n<meta name=\"twitter:card\" content=\"summary\" \/>\n<meta name=\"twitter:label1\" content=\"Est. reading time\" \/>\n\t<meta name=\"twitter:data1\" content=\"1 minute\" \/>\n<script type=\"application\/ld+json\" class=\"yoast-schema-graph\">{\"@context\":\"https:\/\/schema.org\",\"@graph\":[{\"@type\":\"WebSite\",\"@id\":\"https:\/\/www.urlaubcornwall.de\/blog\/#website\",\"url\":\"https:\/\/www.urlaubcornwall.de\/blog\/\",\"name\":\"Urlaub &amp; Reisen\",\"description\":\"Urlaub, Reisen, Cornwall und S\u00fcdengland: eine perfekte Kombination\",\"potentialAction\":[{\"@type\":\"SearchAction\",\"target\":{\"@type\":\"EntryPoint\",\"urlTemplate\":\"https:\/\/www.urlaubcornwall.de\/blog\/?s={search_term_string}\"},\"query-input\":\"required name=search_term_string\"}],\"inLanguage\":\"en-US\"},{\"@type\":\"WebPage\",\"@id\":\"https:\/\/www.urlaubcornwall.de\/blog\/paket-von-3-4-oder-7-naechten-inkl-direktfluege-von-frankfurthahn\/\",\"url\":\"https:\/\/www.urlaubcornwall.de\/blog\/paket-von-3-4-oder-7-naechten-inkl-direktfluege-von-frankfurthahn\/\",\"name\":\"Paket von 3, 4 oder 7 N\u00e4chten inkl. Direktfl\u00fcge von Stuttgart & D\u00fcsseldorf - Urlaub &amp; Reisen\",\"isPartOf\":{\"@id\":\"https:\/\/www.urlaubcornwall.de\/blog\/#website\"},\"datePublished\":\"2017-02-09T15:30:18+00:00\",\"dateModified\":\"2024-04-16T09:56:23+00:00\",\"breadcrumb\":{\"@id\":\"https:\/\/www.urlaubcornwall.de\/blog\/paket-von-3-4-oder-7-naechten-inkl-direktfluege-von-frankfurthahn\/#breadcrumb\"},\"inLanguage\":\"en-US\",\"potentialAction\":[{\"@type\":\"ReadAction\",\"target\":[\"https:\/\/www.urlaubcornwall.de\/blog\/paket-von-3-4-oder-7-naechten-inkl-direktfluege-von-frankfurthahn\/\"]}]},{\"@type\":\"BreadcrumbList\",\"@id\":\"https:\/\/www.urlaubcornwall.de\/blog\/paket-von-3-4-oder-7-naechten-inkl-direktfluege-von-frankfurthahn\/#breadcrumb\",\"itemListElement\":[{\"@type\":\"ListItem\",\"position\":1,\"name\":\"Home\",\"item\":\"https:\/\/www.urlaubcornwall.de\/blog\/\"},{\"@type\":\"ListItem\",\"position\":2,\"name\":\"Paket von 3, 4 oder 7 N\u00e4chten inkl. Direktfl\u00fcge von Stuttgart &#038; D\u00fcsseldorf\"}]}]}<\/script>\n<!-- \/ Yoast SEO plugin. -->","yoast_head_json":{"title":"Paket von 3, 4 oder 7 N\u00e4chten inkl. Direktfl\u00fcge von Stuttgart & D\u00fcsseldorf - Urlaub &amp; Reisen","robots":{"index":"index","follow":"follow","max-snippet":"max-snippet:-1","max-image-preview":"max-image-preview:large","max-video-preview":"max-video-preview:-1"},"canonical":"https:\/\/www.urlaubcornwall.de\/blog\/paket-von-3-4-oder-7-naechten-inkl-direktfluege-von-frankfurthahn\/","og_locale":"en_US","og_type":"article","og_title":"Paket von 3, 4 oder 7 N\u00e4chten inkl. Direktfl\u00fcge von Stuttgart & D\u00fcsseldorf - Urlaub &amp; Reisen","og_description":"Entdecken Sie Cornwall &#8211; Tr\u00e4umen Sie nicht auch davon, Cornwall einmal mit Mu\u00dfe zu entdecken? Dann ist dieser Trip genau das Richtige f\u00fcr Sie! Bei nur einer Flugzeit von 90 Minuten kommen Sie bereits in Newquay im Herzen Cornwalls an. Entdecken Sie gro\u00dfartige Klippen, atemberaubende K\u00fcsten, historische H\u00e4fen, ber\u00fcchtigte Schmugglerorte wie Fowey, herrliche G\u00e4rten, eindrucksvolle [&hellip;]","og_url":"https:\/\/www.urlaubcornwall.de\/blog\/paket-von-3-4-oder-7-naechten-inkl-direktfluege-von-frankfurthahn\/","og_site_name":"Urlaub &amp; Reisen","article_modified_time":"2024-04-16T09:56:23+00:00","og_image":[{"url":"https:\/\/www.urlaubcornwall.de\/blog\/wp-content\/uploads\/2018\/12\/ferienhaus-cornwall-mit-hund.jpg');"}],"twitter_card":"summary","twitter_misc":{"Est. reading time":"1 minute"},"schema":{"@context":"https:\/\/schema.org","@graph":[{"@type":"WebSite","@id":"https:\/\/www.urlaubcornwall.de\/blog\/#website","url":"https:\/\/www.urlaubcornwall.de\/blog\/","name":"Urlaub &amp; Reisen","description":"Urlaub, Reisen, Cornwall und S\u00fcdengland: eine perfekte Kombination","potentialAction":[{"@type":"SearchAction","target":{"@type":"EntryPoint","urlTemplate":"https:\/\/www.urlaubcornwall.de\/blog\/?s={search_term_string}"},"query-input":"required name=search_term_string"}],"inLanguage":"en-US"},{"@type":"WebPage","@id":"https:\/\/www.urlaubcornwall.de\/blog\/paket-von-3-4-oder-7-naechten-inkl-direktfluege-von-frankfurthahn\/","url":"https:\/\/www.urlaubcornwall.de\/blog\/paket-von-3-4-oder-7-naechten-inkl-direktfluege-von-frankfurthahn\/","name":"Paket von 3, 4 oder 7 N\u00e4chten inkl. Direktfl\u00fcge von Stuttgart & D\u00fcsseldorf - Urlaub &amp; Reisen","isPartOf":{"@id":"https:\/\/www.urlaubcornwall.de\/blog\/#website"},"datePublished":"2017-02-09T15:30:18+00:00","dateModified":"2024-04-16T09:56:23+00:00","breadcrumb":{"@id":"https:\/\/www.urlaubcornwall.de\/blog\/paket-von-3-4-oder-7-naechten-inkl-direktfluege-von-frankfurthahn\/#breadcrumb"},"inLanguage":"en-US","potentialAction":[{"@type":"ReadAction","target":["https:\/\/www.urlaubcornwall.de\/blog\/paket-von-3-4-oder-7-naechten-inkl-direktfluege-von-frankfurthahn\/"]}]},{"@type":"BreadcrumbList","@id":"https:\/\/www.urlaubcornwall.de\/blog\/paket-von-3-4-oder-7-naechten-inkl-direktfluege-von-frankfurthahn\/#breadcrumb","itemListElement":[{"@type":"ListItem","position":1,"name":"Home","item":"https:\/\/www.urlaubcornwall.de\/blog\/"},{"@type":"ListItem","position":2,"name":"Paket von 3, 4 oder 7 N\u00e4chten inkl. Direktfl\u00fcge von Stuttgart &#038; D\u00fcsseldorf"}]}]}},"_links":{"self":[{"href":"https:\/\/www.urlaubcornwall.de\/blog\/wp-json\/wp\/v2\/pages\/26383"}],"collection":[{"href":"https:\/\/www.urlaubcornwall.de\/blog\/wp-json\/wp\/v2\/pages"}],"about":[{"href":"https:\/\/www.urlaubcornwall.de\/blog\/wp-json\/wp\/v2\/types\/page"}],"author":[{"embeddable":true,"href":"https:\/\/www.urlaubcornwall.de\/blog\/wp-json\/wp\/v2\/users\/1"}],"replies":[{"embeddable":true,"href":"https:\/\/www.urlaubcornwall.de\/blog\/wp-json\/wp\/v2\/comments?post=26383"}],"version-history":[{"count":16,"href":"https:\/\/www.urlaubcornwall.de\/blog\/wp-json\/wp\/v2\/pages\/26383\/revisions"}],"predecessor-version":[{"id":49852,"href":"https:\/\/www.urlaubcornwall.de\/blog\/wp-json\/wp\/v2\/pages\/26383\/revisions\/49852"}],"wp:attachment":[{"href":"https:\/\/www.urlaubcornwall.de\/blog\/wp-json\/wp\/v2\/media?parent=26383"}],"curies":[{"name":"wp","href":"https:\/\/api.w.org\/{rel}","templated":true}]}}