{"id":26373,"date":"2017-02-03T14:40:25","date_gmt":"2017-02-03T14:40:25","guid":{"rendered":"https:\/\/www.urlaubcornwall.de\/blog\/?page_id=26373"},"modified":"2026-01-06T14:03:52","modified_gmt":"2026-01-06T14:03:52","slug":"beliebte-reiseziele-isle-wight","status":"publish","type":"page","link":"https:\/\/www.urlaubcornwall.de\/blog\/beliebte-reiseziele-isle-wight\/","title":{"rendered":"Beliebte Reiseziele auf die Isle of Wight"},"content":{"rendered":"<p><a href=\"https:\/\/www.urlaubcornwall.de\/blog\/wp-content\/uploads\/2024\/03\/needles_isles-of-wight.jpg\"><img loading=\"lazy\" src=\"https:\/\/www.urlaubcornwall.de\/blog\/wp-content\/uploads\/2024\/03\/needles_isles-of-wight.jpg\" alt=\"needles_isles of wight\" width=\"750\" height=\"500\" class=\"alignnone size-full wp-image-47925\" srcset=\"https:\/\/www.urlaubcornwall.de\/blog\/wp-content\/uploads\/2024\/03\/needles_isles-of-wight.jpg 750w, https:\/\/www.urlaubcornwall.de\/blog\/wp-content\/uploads\/2024\/03\/needles_isles-of-wight-300x200.jpg 300w\" sizes=\"(max-width: 750px) 100vw, 750px\" \/><\/a><\/p>\n<p>Die Isle of Wight ist eine Insel vor der <a href=\"https:\/\/www.urlaubcornwall.de\/reiseziel\/suedkueste-england.php\">S\u00fcdk\u00fcste England<\/a>. UrlaubCornwall empfiehlt Ferienh\u00e4user, die Ihnen die gr\u00f6\u00dfte Auswahl an handverlesenen Unterk\u00fcnften f\u00fcr Selbstverpfleger in dieser <a href=\"https:\/\/www.urlaubcornwall.de\/\">wundersch\u00f6nen Region Gro\u00dfbritanniens<\/a> offeriert und somit Familien und Paaren eine flexible Option f\u00fcr ihren Urlaub in Insel Wight bietet.<\/p>\n<p><strong>Unsere beliebtesten Urlaubsorte<\/strong><\/p>\n<p><strong>Bembridge<\/strong> \u2013 Am \u00f6stlichsten Punkt der Isle of Wight befindet sich <a href=\"https:\/\/www.urlaubcornwall.de\/ferienhaeuser-fewos\/bembridge.html\">Bembridge<\/a>. Sein Hafen ist sehr beliebt zum Segeln, und die 3 Str\u00e4nde, Lane End, the Ledge und Bembridge Beach, haben gro\u00dfartige Felspools und bieten herrlichen Meeresblick. Besuchen Sie die Bembridge Windm\u00fchle; dieses ikonische Bauwerk ist die einzig erhaltene Windm\u00fchle der Insel und heutzutage im Besitz des National Trust.<\/p>\n<p><img class=\"aligncenter size-full wp-image-48209\" src=\"https:\/\/www.urlaubcornwall.de\/blog\/wp-content\/uploads\/2024\/03\/wight-strand.jpg\" alt=\"wight strand\" width=\"750\" srcset=\"https:\/\/www.urlaubcornwall.de\/blog\/wp-content\/uploads\/2024\/03\/wight-strand.jpg 750w, https:\/\/www.urlaubcornwall.de\/blog\/wp-content\/uploads\/2024\/03\/wight-strand-300x200.jpg 300w\" sizes=\"(max-width: 750px) 100vw, 750px\" \/><\/p>\n<p><strong>Brighstone<\/strong> \u2013 An der S\u00fcdwestk\u00fcste liegt <a href=\"https:\/\/www.urlaubcornwall.de\/ferienhaeuser-fewos\/brighstone.html\">Brighstone<\/a>, ein h\u00fcbsches Dorf mit reetgedeckten H\u00e4usern, die aus \u00f6rtlich vorhandenem Gestein erbaut wurden. Im Zentrum des Dorfes befindet sich \u2018North Row\u2019, eine Reihe attraktiver traditioneller Cottages, die im Besitz des National Trust sind. Sie beherbergen die Brighstone Bibliothek und das Dorfmuseum. Das umfangreiche Netzwerk an Fu\u00df- und Reitwegen der Gegend ist gro\u00dfartig f\u00fcr Wanderer, Radfahrer und Reiter.<\/p>\n<p><strong>Brading<\/strong> \u2013 Dies ist eine der \u00e4ltesten <a href=\"https:\/\/www.urlaubcornwall.de\/ferienhaeuser-fewos\/isle-of-wight.html\">St\u00e4dte der Insel<\/a> und in der Geschichte tief verankert. Besuchen Sie das Nunwell House samt G\u00e4rten, das eines der wundersch\u00f6nen historischen H\u00e4user der Isle of Wight ist, mit feinen G\u00e4rten und Blick \u00fcber den Solent. Im Westen der Stadt befindet sich die Brading Roman Villa mit ihrem preisgekr\u00f6nten Besucherzentrum und Museum, das einen einzigartigen Einblick ins r\u00f6mische Leben in Britannien gew\u00e4hrt.<\/p>\n<p><strong>Cowes und East Cowes<\/strong> &#8211; <a href=\"https:\/\/www.urlaubcornwall.de\/ferienhaeuser-fewos\/cowes.html\">Cowes<\/a> ist Gastgeber der Cowes Week, der \u00e4ltesten und gr\u00f6\u00dften Segelregatta der Welt. Das ganze Jahr \u00fcber ist Cowes ein lebendiger und anspruchsvoller Ferienort mit einer Vielzahl an Gesch\u00e4ften, Caf\u00e9s, Bars, Restaurants und Kunstgalerien, die die engen Stra\u00dfen umgeben. Auto- und Passagierf\u00e4hren \u00fcberqueren den Solent von <a href=\"https:\/\/www.urlaubcornwall.de\/ferienhaeuser-fewos\/east-cowes.html\">East Cowes<\/a> aus bis nach Southampton.<\/p>\n<p><strong>Freshwater<\/strong> \u2013 Das <a href=\"https:\/\/www.urlaubcornwall.de\/ferienhaeuser-fewos\/freshwater.html\">Dorf Freshwater<\/a> hat eine hufeisenf\u00f6rmige Bucht mit Kalkgesteinsklippen im Hintergrund, die Photographen der Isle of Wight magnetisch anziehen. Freshwater Bay hat einen fantastischen Kieselstrand, der vom K\u00fcstenpfad aus leicht zug\u00e4nglich ist. Tennyson Down ist benannt nach dem ber\u00fchmten einheimischen viktorianischen Schriftsteller und Dichter, Alfred, Lord Tennyson. Von hier aus ergibt sich eine der besten Aussichten der Isle of Wight hin\u00fcber zu den Needles Felsen und dem Leuchtturm.<\/p>\n<div class=\"snippet\"> <a class=\"featured-item\" href=\" https:\/\/www.urlaubcornwall.de\/ferienhaeuser-fewos\/isle-of-wight.html\"> <span class=\"image-holder\" style=\"background-image: url('https:\/\/www.urlaubcornwall.de\/blog\/wp-content\/uploads\/2018\/11\/landhaus-cornwall-1.jpg');\"><\/span> <span class=\"featured-content\"> \n<h2 class=\"featured-title\">Ferienh\u00e4user Isle of Wight am Meer<\/h2>\n<p class=\"featured-body\">Bei uns finden Sie Ferienh\u00e4user zum Verlieben &#8211; so einfach ist das! Hier finden sie 150 pers\u00f6nlich inspizierten Ferienh\u00e4user &#038; Ferienwohnungen f\u00fcr Ihren Urlaub in Isle of Wight&#8230;..<\/p>\n<\/span> <span class=\"featured-link-holder\"> <span class=\"featured-extra-info\"> \n<p> F\u00fcr Paare, Familien &#038; Gruppen<\/p>\n<\/span> \n<p class=\"featured-link\">DETAILS<\/p>\n<\/span> <\/a><\/div>\n<p><strong>Godshill<\/strong> \u2013 Das quintessentielle englische <a href=\"https:\/\/www.urlaubcornwall.de\/ferienhaeuser-fewos\/godshill.html\">Dorf Godshill<\/a> ist eines der h\u00fcbschesten auf der Isle of Wight mit seinen charmanten reetgedeckten Cottages, der mittelalterlichen Kirche und der sich dahinwindenden Hauptstra\u00dfe, die umrahmt wird von traditionellen Teeh\u00e4usern und interessanten Gesch\u00e4ften, die vor Ort hergestellte Kunsthandwerke und Erzeugnisse verkaufen.<\/p>\n<p><strong>Newport<\/strong> \u2013 die <a href=\"https:\/\/www.urlaubcornwall.de\/ferienhaeuser-fewos\/newport.html\">Hauptstadt der Isle of Wight ist Newport<\/a>, und sie befindet sich im Zentrum der Insel. Diese historische Stadt hat eine Menge zu bieten; sie eignet sich herrlich zum Einkaufen, und es gibt einen Wochenmarkt. Innerhalb begehbarer Entfernung der Stadt befinden sich das Museum zur Inselgeschichte, das Quay Arts Centre und die Newport Roman Villa.<\/p>\n<p><strong>Ryde<\/strong> \u2013 Ryde ist die gr\u00f6\u00dfte Stadt auf der Isle of Wight und wird h\u00e4ufig beschrieben als \u2018Tor zur Insel\u2019 aufgrund ihrer Hovercraft \u2013 und Passagierf\u00e4hrverbindungen zum Festland S\u00fcdenglands. Es gibt in <a href=\"https:\/\/www.urlaubcornwall.de\/ferienhaeuser-fewos\/ryde.html\">Ryde<\/a> jede Menge zu tun, mit den Sandstr\u00e4nden, Esplanaden, dem Vergn\u00fcgungspark, Gesch\u00e4ften, Restaurants und Caf\u00e9s. Ryde ist auch Gastgeber vieler Festivals und Veranstaltungen, die auf der Insel stattfinden, von der Scooter Rally, der International Classic Car Show bis hin zu einem der \u00e4ltesten Karnevalsumz\u00fcgen des UK.<\/p>\n<p><script async src=\"https:\/\/pagead2.googlesyndication.com\/pagead\/js\/adsbygoogle.js?client=ca-pub-3901089389175725\"\n     crossorigin=\"anonymous\"><\/script><br \/>\n<!-- New UC --><br \/>\n<ins class=\"adsbygoogle\"\n     style=\"display:block\"\n     data-ad-client=\"ca-pub-3901089389175725\"\n     data-ad-slot=\"8080314818\"\n     data-ad-format=\"auto\"\n     data-full-width-responsive=\"true\"><\/ins><br \/>\n<script>\n     (adsbygoogle = window.adsbygoogle || []).push({});\n<\/script><\/p>\n<p><strong>Sandown<\/strong> \u2013 An der S\u00fcdk\u00fcste der <a href=\"https:\/\/www.urlaubcornwall.de\/ferienhaeuser-fewos\/isle-of-wight.html\">Isle of Wight<\/a> befindet sich Sandown, das in einer wundersch\u00f6nen gesch\u00fctzten Bucht liegt und bekannt ist aufgrund seiner langen goldenen Sandabschnitte und dem traditionellen britischen Pier. Die Esplanaden erstrecken sich entlang des Strandes, wo er auf den Yaverland Beach trifft, der als einer der besten Str\u00e4nde der Isle of Wight gilt. Sandown Bay ist hervorragend zum Fossiliengraben, mit einer der h\u00f6chsten Konzentration an Dinosaurierfossilien der gesamten Welt.<\/p>\n<p><strong>Seaview<\/strong> \u2013 Das <a href=\"https:\/\/www.urlaubcornwall.de\/ferienhaeuser-fewos\/seaview.html\">wundersch\u00f6ne K\u00fcstendorf Seaview<\/a> befindet sich am \u00f6stlichen Ende der Insel bei Ryde. Dieser Urlaubsort, der in edwardianische Zeiten zur\u00fcckreicht, bietet Blick direkt \u00fcber den Solent nach Portsmouth und den Spinnaker Tower und ist ein beliebter Ort zum Segeln und f\u00fcr Wassersportarten.<\/p>\n<p><strong>Shanklin<\/strong> &#8211; <a href=\"https:\/\/www.urlaubcornwall.de\/ferienhaeuser-fewos\/shanklin.html\">Shanklin<\/a> ist ein charmanter Badeort mit einem langen, sicheren Sandstrand, an dem Sie entspannen, eine Strandh\u00fctte mieten oder eine der zahlreichen Wassersportarten, die angeboten werden, ausprobieren k\u00f6nnen. Entlang der Esplanade gibt es traditionelle Badespiele, Am\u00fcsements, Caf\u00e9s, Kneipen, Hotels und Restaurants. Die nahe gelegenen Rylstone G\u00e4rten sind ein ruhiges und h\u00fcbsches Pl\u00e4tzchen, um den Sonnenschein zu genie\u00dfen. Die bekannte Shanklin Chine ist eine Schlucht mit seltenen Pflanzen und einem herrlichen Wasserfall. Von hier aus k\u00f6nnen Wanderer weiter durch Old Shanklin gehen mit seinen charmanten reetgedeckten Cottages und dem K\u00fcstenpfad folgen ins Dorf Luccombe, das ungef\u00e4hr 1,6km entfernt ist. Wenn Sie sich das lange Zur\u00fcckklettern zutrauen, so k\u00f6nnen Sie die 300 unebenen Stufen hinunter zum unber\u00fchrten Strand Luccombe Chine nehmen.<\/p>\n<p><strong>St Helens<\/strong> \u2013 Das <a href=\"https:\/\/www.urlaubcornwall.de\/ferienhaeuser-fewos\/st-helens.html\">Dorf St Helens<\/a> befindet sich an der Ostk\u00fcste der Isle of Wight zwischen Seaview und Bembridge. Es ist bekannt f\u00fcr seine Gr\u00fcnanlage, die das Zentrum des Dorfes darstellt und eine der gr\u00f6\u00dften Englands sein soll. Am Rande des Dorfes ist St Helens\u2019 Duver. Hier finden Sie Sandstr\u00e4nde, Felspools, Sandd\u00fcnen und K\u00fcstenw\u00e4lder. Das Gebiet, das einst ein viktorianischer Golfplatz war, wird heute vom National Trust gemanagt und ist ein faszinierender Ort, um nach Tierleben und Wasserv\u00f6geln Ausschau zu halten.<\/p>\n<p><img loading=\"lazy\" class=\"aligncenter size-full wp-image-50195\" src=\"https:\/\/www.urlaubcornwall.de\/blog\/wp-content\/uploads\/2024\/05\/ventnor.jpg\" alt=\"ventnor\" width=\"750\" height=\"563\" srcset=\"https:\/\/www.urlaubcornwall.de\/blog\/wp-content\/uploads\/2024\/05\/ventnor.jpg 750w, https:\/\/www.urlaubcornwall.de\/blog\/wp-content\/uploads\/2024\/05\/ventnor-300x225.jpg 300w\" sizes=\"(max-width: 750px) 100vw, 750px\" \/><\/p>\n<p><strong>Ventnor<\/strong> &#8211; An der <a href=\"https:\/\/www.urlaubcornwall.de\/ferienhaeuser-fewos\/ventnor.html\">S\u00fcdk\u00fcste der Isle of Wight ist Ventnor<\/a>, das zu viktorianischen Zeiten als Kurort entwickelt wurde aufgrund seines einzigartigen Mikroklimas. Die Stadt liegt hinter St Boniface Down, das mit 240m der h\u00f6chste Punkt der Isle of Wight ist. Der Sand- und Kieselstrand eignet sich gro\u00dfartig zum Sonnenbaden und Schwimmen, und die Strandh\u00fctten, die hinten am Strand aufgereiht sind, sind umgebaute viktorianische \u2018Bademaschinen\u2019, die mitsamt Liegest\u00fchlen gemietet werden k\u00f6nnen. Machen Sie eine Busfahrt mit offenem Oberdeck um die Stadt herum, um die spektakul\u00e4re Landschaft zu genie\u00dfen. Sie k\u00f6nnen auch einen Bus von Ventor aus nehmen zu s\u00e4mtlichen weiteren St\u00e4dten der Insel.<\/p>\n<p><strong>Yarmouth<\/strong> \u2013 An der M\u00fcndung des Flusses Yar im Nordwesten der Isle of Wight gelegen, befindet sich der <a href=\"https:\/\/www.urlaubcornwall.de\/ferienhaeuser-fewos\/yarmouth.html\">historische Hafen Yarmouth<\/a>. Hier k\u00f6nnen Sie die Auto- und Passagierf\u00e4hre nach Lymington im New Forest nehmen. Yarmouth verf\u00fcgt \u00fcber eine der \u00e4ltesten Architekturen auf der Insel, einschlie\u00dflich dem Yarmouth Castle. Diese Burg des 16. Jahrhunderts eignet sich hervorragend, um ein Picknick zu genie\u00dfen und den herrlichen Blick \u00fcber den Solent zu bewundern. Fort Victoria Country Park befindet sich einen kurzen Spaziergang von Yarmouth entfernt und stellt bei jedem Wetter einen herrlichen Familienausflugstag dar. Die Burg ist umgeben von einem Landschaftspark mit mehr als 20 Hektar Wald samt eines Steinstrandes, den es zu erkunden gibt. Der K\u00fcstenpfad der Insel f\u00fchrt durch den Wald und bringt Sie zu einem Aussichtspunkt mit fabelhaftem Blick \u00fcber den Solent bis hin zum Hurst Castle bei Milford on Sea.<\/p>\n","protected":false},"excerpt":{"rendered":"<p>Die Isle of Wight ist eine Insel vor der S\u00fcdk\u00fcste England. UrlaubCornwall empfiehlt Ferienh\u00e4user, die Ihnen die gr\u00f6\u00dfte Auswahl an handverlesenen Unterk\u00fcnften f\u00fcr Selbstverpfleger in dieser wundersch\u00f6nen Region Gro\u00dfbritanniens offeriert und somit Familien und Paaren eine flexible Option f\u00fcr ihren Urlaub in Insel Wight bietet. Unsere beliebtesten Urlaubsorte Bembridge \u2013 Am \u00f6stlichsten Punkt der Isle [&hellip;]<\/p>\n","protected":false},"author":1,"featured_media":0,"parent":0,"menu_order":0,"comment_status":"closed","ping_status":"closed","template":"single-four.php","meta":[],"acf":[],"yoast_head":"<!-- This site is optimized with the Yoast SEO plugin v19.4 - https:\/\/yoast.com\/wordpress\/plugins\/seo\/ -->\n<title>Beliebte Reiseziele auf die Isle of Wight - Urlaub &amp; Reisen<\/title>\n<meta name=\"robots\" content=\"index, follow, max-snippet:-1, max-image-preview:large, max-video-preview:-1\" \/>\n<link rel=\"canonical\" href=\"https:\/\/www.urlaubcornwall.de\/blog\/beliebte-reiseziele-isle-wight\/\" \/>\n<meta property=\"og:locale\" content=\"en_US\" \/>\n<meta property=\"og:type\" content=\"article\" \/>\n<meta property=\"og:title\" content=\"Beliebte Reiseziele auf die Isle of Wight - Urlaub &amp; Reisen\" \/>\n<meta property=\"og:description\" content=\"Die Isle of Wight ist eine Insel vor der S\u00fcdk\u00fcste England. UrlaubCornwall empfiehlt Ferienh\u00e4user, die Ihnen die gr\u00f6\u00dfte Auswahl an handverlesenen Unterk\u00fcnften f\u00fcr Selbstverpfleger in dieser wundersch\u00f6nen Region Gro\u00dfbritanniens offeriert und somit Familien und Paaren eine flexible Option f\u00fcr ihren Urlaub in Insel Wight bietet. Unsere beliebtesten Urlaubsorte Bembridge \u2013 Am \u00f6stlichsten Punkt der Isle [&hellip;]\" \/>\n<meta property=\"og:url\" content=\"https:\/\/www.urlaubcornwall.de\/blog\/beliebte-reiseziele-isle-wight\/\" \/>\n<meta property=\"og:site_name\" content=\"Urlaub &amp; Reisen\" \/>\n<meta property=\"article:modified_time\" content=\"2026-01-06T14:03:52+00:00\" \/>\n<meta property=\"og:image\" content=\"https:\/\/www.urlaubcornwall.de\/blog\/wp-content\/uploads\/2024\/03\/needles_isles-of-wight.jpg\" \/>\n<meta name=\"twitter:card\" content=\"summary\" \/>\n<meta name=\"twitter:label1\" content=\"Est. reading time\" \/>\n\t<meta name=\"twitter:data1\" content=\"6 minutes\" \/>\n<script type=\"application\/ld+json\" class=\"yoast-schema-graph\">{\"@context\":\"https:\/\/schema.org\",\"@graph\":[{\"@type\":\"WebSite\",\"@id\":\"https:\/\/www.urlaubcornwall.de\/blog\/#website\",\"url\":\"https:\/\/www.urlaubcornwall.de\/blog\/\",\"name\":\"Urlaub &amp; Reisen\",\"description\":\"Urlaub, Reisen, Cornwall und S\u00fcdengland: eine perfekte Kombination\",\"potentialAction\":[{\"@type\":\"SearchAction\",\"target\":{\"@type\":\"EntryPoint\",\"urlTemplate\":\"https:\/\/www.urlaubcornwall.de\/blog\/?s={search_term_string}\"},\"query-input\":\"required name=search_term_string\"}],\"inLanguage\":\"en-US\"},{\"@type\":\"WebPage\",\"@id\":\"https:\/\/www.urlaubcornwall.de\/blog\/beliebte-reiseziele-isle-wight\/\",\"url\":\"https:\/\/www.urlaubcornwall.de\/blog\/beliebte-reiseziele-isle-wight\/\",\"name\":\"Beliebte Reiseziele auf die Isle of Wight - Urlaub &amp; Reisen\",\"isPartOf\":{\"@id\":\"https:\/\/www.urlaubcornwall.de\/blog\/#website\"},\"datePublished\":\"2017-02-03T14:40:25+00:00\",\"dateModified\":\"2026-01-06T14:03:52+00:00\",\"breadcrumb\":{\"@id\":\"https:\/\/www.urlaubcornwall.de\/blog\/beliebte-reiseziele-isle-wight\/#breadcrumb\"},\"inLanguage\":\"en-US\",\"potentialAction\":[{\"@type\":\"ReadAction\",\"target\":[\"https:\/\/www.urlaubcornwall.de\/blog\/beliebte-reiseziele-isle-wight\/\"]}]},{\"@type\":\"BreadcrumbList\",\"@id\":\"https:\/\/www.urlaubcornwall.de\/blog\/beliebte-reiseziele-isle-wight\/#breadcrumb\",\"itemListElement\":[{\"@type\":\"ListItem\",\"position\":1,\"name\":\"Home\",\"item\":\"https:\/\/www.urlaubcornwall.de\/blog\/\"},{\"@type\":\"ListItem\",\"position\":2,\"name\":\"Beliebte Reiseziele auf die Isle of Wight\"}]}]}<\/script>\n<!-- \/ Yoast SEO plugin. -->","yoast_head_json":{"title":"Beliebte Reiseziele auf die Isle of Wight - Urlaub &amp; Reisen","robots":{"index":"index","follow":"follow","max-snippet":"max-snippet:-1","max-image-preview":"max-image-preview:large","max-video-preview":"max-video-preview:-1"},"canonical":"https:\/\/www.urlaubcornwall.de\/blog\/beliebte-reiseziele-isle-wight\/","og_locale":"en_US","og_type":"article","og_title":"Beliebte Reiseziele auf die Isle of Wight - Urlaub &amp; Reisen","og_description":"Die Isle of Wight ist eine Insel vor der S\u00fcdk\u00fcste England. UrlaubCornwall empfiehlt Ferienh\u00e4user, die Ihnen die gr\u00f6\u00dfte Auswahl an handverlesenen Unterk\u00fcnften f\u00fcr Selbstverpfleger in dieser wundersch\u00f6nen Region Gro\u00dfbritanniens offeriert und somit Familien und Paaren eine flexible Option f\u00fcr ihren Urlaub in Insel Wight bietet. Unsere beliebtesten Urlaubsorte Bembridge \u2013 Am \u00f6stlichsten Punkt der Isle [&hellip;]","og_url":"https:\/\/www.urlaubcornwall.de\/blog\/beliebte-reiseziele-isle-wight\/","og_site_name":"Urlaub &amp; Reisen","article_modified_time":"2026-01-06T14:03:52+00:00","og_image":[{"url":"https:\/\/www.urlaubcornwall.de\/blog\/wp-content\/uploads\/2024\/03\/needles_isles-of-wight.jpg"}],"twitter_card":"summary","twitter_misc":{"Est. reading time":"6 minutes"},"schema":{"@context":"https:\/\/schema.org","@graph":[{"@type":"WebSite","@id":"https:\/\/www.urlaubcornwall.de\/blog\/#website","url":"https:\/\/www.urlaubcornwall.de\/blog\/","name":"Urlaub &amp; Reisen","description":"Urlaub, Reisen, Cornwall und S\u00fcdengland: eine perfekte Kombination","potentialAction":[{"@type":"SearchAction","target":{"@type":"EntryPoint","urlTemplate":"https:\/\/www.urlaubcornwall.de\/blog\/?s={search_term_string}"},"query-input":"required name=search_term_string"}],"inLanguage":"en-US"},{"@type":"WebPage","@id":"https:\/\/www.urlaubcornwall.de\/blog\/beliebte-reiseziele-isle-wight\/","url":"https:\/\/www.urlaubcornwall.de\/blog\/beliebte-reiseziele-isle-wight\/","name":"Beliebte Reiseziele auf die Isle of Wight - Urlaub &amp; Reisen","isPartOf":{"@id":"https:\/\/www.urlaubcornwall.de\/blog\/#website"},"datePublished":"2017-02-03T14:40:25+00:00","dateModified":"2026-01-06T14:03:52+00:00","breadcrumb":{"@id":"https:\/\/www.urlaubcornwall.de\/blog\/beliebte-reiseziele-isle-wight\/#breadcrumb"},"inLanguage":"en-US","potentialAction":[{"@type":"ReadAction","target":["https:\/\/www.urlaubcornwall.de\/blog\/beliebte-reiseziele-isle-wight\/"]}]},{"@type":"BreadcrumbList","@id":"https:\/\/www.urlaubcornwall.de\/blog\/beliebte-reiseziele-isle-wight\/#breadcrumb","itemListElement":[{"@type":"ListItem","position":1,"name":"Home","item":"https:\/\/www.urlaubcornwall.de\/blog\/"},{"@type":"ListItem","position":2,"name":"Beliebte Reiseziele auf die Isle of Wight"}]}]}},"_links":{"self":[{"href":"https:\/\/www.urlaubcornwall.de\/blog\/wp-json\/wp\/v2\/pages\/26373"}],"collection":[{"href":"https:\/\/www.urlaubcornwall.de\/blog\/wp-json\/wp\/v2\/pages"}],"about":[{"href":"https:\/\/www.urlaubcornwall.de\/blog\/wp-json\/wp\/v2\/types\/page"}],"author":[{"embeddable":true,"href":"https:\/\/www.urlaubcornwall.de\/blog\/wp-json\/wp\/v2\/users\/1"}],"replies":[{"embeddable":true,"href":"https:\/\/www.urlaubcornwall.de\/blog\/wp-json\/wp\/v2\/comments?post=26373"}],"version-history":[{"count":11,"href":"https:\/\/www.urlaubcornwall.de\/blog\/wp-json\/wp\/v2\/pages\/26373\/revisions"}],"predecessor-version":[{"id":51958,"href":"https:\/\/www.urlaubcornwall.de\/blog\/wp-json\/wp\/v2\/pages\/26373\/revisions\/51958"}],"wp:attachment":[{"href":"https:\/\/www.urlaubcornwall.de\/blog\/wp-json\/wp\/v2\/media?parent=26373"}],"curies":[{"name":"wp","href":"https:\/\/api.w.org\/{rel}","templated":true}]}}