{"id":26094,"date":"2016-12-30T14:59:03","date_gmt":"2016-12-30T14:59:03","guid":{"rendered":"https:\/\/www.urlaubcornwall.de\/blog\/?page_id=26094"},"modified":"2024-05-29T14:53:04","modified_gmt":"2024-05-29T14:53:04","slug":"ferienhaeuser-und-ferienwohnungen-in-leeds-west-yorkshire","status":"publish","type":"page","link":"https:\/\/www.urlaubcornwall.de\/blog\/ferienhaeuser-und-ferienwohnungen-in-leeds-west-yorkshire\/","title":{"rendered":"Ferienh\u00e4user und Ferienwohnungen in Leeds, West Yorkshire"},"content":{"rendered":"<p><strong>Bei uns finden Sie Ferienh\u00e4user zum Verlieben \u2013 so einfach ist das!<\/strong><br \/>\nUrlaubCornwall verf\u00fcgt Ferienh\u00e4user und Ferienwohnungen in Leeds f\u00fcr Ihren <a href=\"https:\/\/www.urlaubcornwall.de\/blog\/urlaub-reisen-durch-nordengland\/\">Urlaub in Nord England<\/a>. Unterk\u00fcnfte der Spitzenklasse f\u00fcr 2 Personen, Familien und Gruppen mit 4, 6, 8, 10 oder 12 G\u00e4sten.<\/p>\n<p style=\"text-align: center;\"><a class=\"tidycta\" href=\"https:\/\/www.urlaubcornwall.de\/ferienhaeuser-fewos\/eng\/yorkshire\/yorkshire.html\">Suche Ferienh\u00e4user Yorkshire<\/a><\/p>\n","protected":false},"excerpt":{"rendered":"<p>Bei uns finden Sie Ferienh\u00e4user zum Verlieben \u2013 so einfach ist das! UrlaubCornwall verf\u00fcgt Ferienh\u00e4user und Ferienwohnungen in Leeds f\u00fcr Ihren Urlaub in Nord England. Unterk\u00fcnfte der Spitzenklasse f\u00fcr 2 Personen, Familien und Gruppen mit 4, 6, 8, 10 oder 12 G\u00e4sten. Suche Ferienh\u00e4user Yorkshire<\/p>\n","protected":false},"author":1,"featured_media":0,"parent":0,"menu_order":0,"comment_status":"closed","ping_status":"closed","template":"single-four.php","meta":[],"acf":[],"yoast_head":"<!-- This site is optimized with the Yoast SEO plugin v19.4 - https:\/\/yoast.com\/wordpress\/plugins\/seo\/ -->\n<title>Ferienh\u00e4user und Ferienwohnungen in Leeds, West Yorkshire - Urlaub &amp; Reisen<\/title>\n<meta name=\"robots\" content=\"index, follow, max-snippet:-1, max-image-preview:large, max-video-preview:-1\" \/>\n<link rel=\"canonical\" href=\"https:\/\/www.urlaubcornwall.de\/blog\/ferienhaeuser-und-ferienwohnungen-in-leeds-west-yorkshire\/\" \/>\n<meta property=\"og:locale\" content=\"en_US\" \/>\n<meta property=\"og:type\" content=\"article\" \/>\n<meta property=\"og:title\" content=\"Ferienh\u00e4user und Ferienwohnungen in Leeds, West Yorkshire - Urlaub &amp; Reisen\" \/>\n<meta property=\"og:description\" content=\"Bei uns finden Sie Ferienh\u00e4user zum Verlieben \u2013 so einfach ist das! UrlaubCornwall verf\u00fcgt Ferienh\u00e4user und Ferienwohnungen in Leeds f\u00fcr Ihren Urlaub in Nord England. Unterk\u00fcnfte der Spitzenklasse f\u00fcr 2 Personen, Familien und Gruppen mit 4, 6, 8, 10 oder 12 G\u00e4sten. Suche Ferienh\u00e4user Yorkshire\" \/>\n<meta property=\"og:url\" content=\"https:\/\/www.urlaubcornwall.de\/blog\/ferienhaeuser-und-ferienwohnungen-in-leeds-west-yorkshire\/\" \/>\n<meta property=\"og:site_name\" content=\"Urlaub &amp; Reisen\" \/>\n<meta property=\"article:modified_time\" content=\"2024-05-29T14:53:04+00:00\" \/>\n<meta name=\"twitter:card\" content=\"summary\" \/>\n<meta name=\"twitter:label1\" content=\"Est. reading time\" \/>\n\t<meta name=\"twitter:data1\" content=\"1 minute\" \/>\n<script type=\"application\/ld+json\" class=\"yoast-schema-graph\">{\"@context\":\"https:\/\/schema.org\",\"@graph\":[{\"@type\":\"WebSite\",\"@id\":\"https:\/\/www.urlaubcornwall.de\/blog\/#website\",\"url\":\"https:\/\/www.urlaubcornwall.de\/blog\/\",\"name\":\"Urlaub &amp; Reisen\",\"description\":\"Urlaub, Reisen, Cornwall und S\u00fcdengland: eine perfekte Kombination\",\"potentialAction\":[{\"@type\":\"SearchAction\",\"target\":{\"@type\":\"EntryPoint\",\"urlTemplate\":\"https:\/\/www.urlaubcornwall.de\/blog\/?s={search_term_string}\"},\"query-input\":\"required name=search_term_string\"}],\"inLanguage\":\"en-US\"},{\"@type\":\"WebPage\",\"@id\":\"https:\/\/www.urlaubcornwall.de\/blog\/ferienhaeuser-und-ferienwohnungen-in-leeds-west-yorkshire\/\",\"url\":\"https:\/\/www.urlaubcornwall.de\/blog\/ferienhaeuser-und-ferienwohnungen-in-leeds-west-yorkshire\/\",\"name\":\"Ferienh\u00e4user und Ferienwohnungen in Leeds, West Yorkshire - Urlaub &amp; Reisen\",\"isPartOf\":{\"@id\":\"https:\/\/www.urlaubcornwall.de\/blog\/#website\"},\"datePublished\":\"2016-12-30T14:59:03+00:00\",\"dateModified\":\"2024-05-29T14:53:04+00:00\",\"breadcrumb\":{\"@id\":\"https:\/\/www.urlaubcornwall.de\/blog\/ferienhaeuser-und-ferienwohnungen-in-leeds-west-yorkshire\/#breadcrumb\"},\"inLanguage\":\"en-US\",\"potentialAction\":[{\"@type\":\"ReadAction\",\"target\":[\"https:\/\/www.urlaubcornwall.de\/blog\/ferienhaeuser-und-ferienwohnungen-in-leeds-west-yorkshire\/\"]}]},{\"@type\":\"BreadcrumbList\",\"@id\":\"https:\/\/www.urlaubcornwall.de\/blog\/ferienhaeuser-und-ferienwohnungen-in-leeds-west-yorkshire\/#breadcrumb\",\"itemListElement\":[{\"@type\":\"ListItem\",\"position\":1,\"name\":\"Home\",\"item\":\"https:\/\/www.urlaubcornwall.de\/blog\/\"},{\"@type\":\"ListItem\",\"position\":2,\"name\":\"Ferienh\u00e4user und Ferienwohnungen in Leeds, West Yorkshire\"}]}]}<\/script>\n<!-- \/ Yoast SEO plugin. -->","yoast_head_json":{"title":"Ferienh\u00e4user und Ferienwohnungen in Leeds, West Yorkshire - Urlaub &amp; Reisen","robots":{"index":"index","follow":"follow","max-snippet":"max-snippet:-1","max-image-preview":"max-image-preview:large","max-video-preview":"max-video-preview:-1"},"canonical":"https:\/\/www.urlaubcornwall.de\/blog\/ferienhaeuser-und-ferienwohnungen-in-leeds-west-yorkshire\/","og_locale":"en_US","og_type":"article","og_title":"Ferienh\u00e4user und Ferienwohnungen in Leeds, West Yorkshire - Urlaub &amp; Reisen","og_description":"Bei uns finden Sie Ferienh\u00e4user zum Verlieben \u2013 so einfach ist das! UrlaubCornwall verf\u00fcgt Ferienh\u00e4user und Ferienwohnungen in Leeds f\u00fcr Ihren Urlaub in Nord England. Unterk\u00fcnfte der Spitzenklasse f\u00fcr 2 Personen, Familien und Gruppen mit 4, 6, 8, 10 oder 12 G\u00e4sten. Suche Ferienh\u00e4user Yorkshire","og_url":"https:\/\/www.urlaubcornwall.de\/blog\/ferienhaeuser-und-ferienwohnungen-in-leeds-west-yorkshire\/","og_site_name":"Urlaub &amp; Reisen","article_modified_time":"2024-05-29T14:53:04+00:00","twitter_card":"summary","twitter_misc":{"Est. reading time":"1 minute"},"schema":{"@context":"https:\/\/schema.org","@graph":[{"@type":"WebSite","@id":"https:\/\/www.urlaubcornwall.de\/blog\/#website","url":"https:\/\/www.urlaubcornwall.de\/blog\/","name":"Urlaub &amp; Reisen","description":"Urlaub, Reisen, Cornwall und S\u00fcdengland: eine perfekte Kombination","potentialAction":[{"@type":"SearchAction","target":{"@type":"EntryPoint","urlTemplate":"https:\/\/www.urlaubcornwall.de\/blog\/?s={search_term_string}"},"query-input":"required name=search_term_string"}],"inLanguage":"en-US"},{"@type":"WebPage","@id":"https:\/\/www.urlaubcornwall.de\/blog\/ferienhaeuser-und-ferienwohnungen-in-leeds-west-yorkshire\/","url":"https:\/\/www.urlaubcornwall.de\/blog\/ferienhaeuser-und-ferienwohnungen-in-leeds-west-yorkshire\/","name":"Ferienh\u00e4user und Ferienwohnungen in Leeds, West Yorkshire - Urlaub &amp; Reisen","isPartOf":{"@id":"https:\/\/www.urlaubcornwall.de\/blog\/#website"},"datePublished":"2016-12-30T14:59:03+00:00","dateModified":"2024-05-29T14:53:04+00:00","breadcrumb":{"@id":"https:\/\/www.urlaubcornwall.de\/blog\/ferienhaeuser-und-ferienwohnungen-in-leeds-west-yorkshire\/#breadcrumb"},"inLanguage":"en-US","potentialAction":[{"@type":"ReadAction","target":["https:\/\/www.urlaubcornwall.de\/blog\/ferienhaeuser-und-ferienwohnungen-in-leeds-west-yorkshire\/"]}]},{"@type":"BreadcrumbList","@id":"https:\/\/www.urlaubcornwall.de\/blog\/ferienhaeuser-und-ferienwohnungen-in-leeds-west-yorkshire\/#breadcrumb","itemListElement":[{"@type":"ListItem","position":1,"name":"Home","item":"https:\/\/www.urlaubcornwall.de\/blog\/"},{"@type":"ListItem","position":2,"name":"Ferienh\u00e4user und Ferienwohnungen in Leeds, West Yorkshire"}]}]}},"_links":{"self":[{"href":"https:\/\/www.urlaubcornwall.de\/blog\/wp-json\/wp\/v2\/pages\/26094"}],"collection":[{"href":"https:\/\/www.urlaubcornwall.de\/blog\/wp-json\/wp\/v2\/pages"}],"about":[{"href":"https:\/\/www.urlaubcornwall.de\/blog\/wp-json\/wp\/v2\/types\/page"}],"author":[{"embeddable":true,"href":"https:\/\/www.urlaubcornwall.de\/blog\/wp-json\/wp\/v2\/users\/1"}],"replies":[{"embeddable":true,"href":"https:\/\/www.urlaubcornwall.de\/blog\/wp-json\/wp\/v2\/comments?post=26094"}],"version-history":[{"count":5,"href":"https:\/\/www.urlaubcornwall.de\/blog\/wp-json\/wp\/v2\/pages\/26094\/revisions"}],"predecessor-version":[{"id":50714,"href":"https:\/\/www.urlaubcornwall.de\/blog\/wp-json\/wp\/v2\/pages\/26094\/revisions\/50714"}],"wp:attachment":[{"href":"https:\/\/www.urlaubcornwall.de\/blog\/wp-json\/wp\/v2\/media?parent=26094"}],"curies":[{"name":"wp","href":"https:\/\/api.w.org\/{rel}","templated":true}]}}