{"id":25833,"date":"2016-12-14T14:42:45","date_gmt":"2016-12-14T14:42:45","guid":{"rendered":"https:\/\/www.urlaubcornwall.de\/blog\/?page_id=25833"},"modified":"2020-07-03T13:20:28","modified_gmt":"2020-07-03T13:20:28","slug":"beliebte-urlaubsorte-in-wales-nordkueste-weskueste-und-suedwales","status":"publish","type":"page","link":"https:\/\/www.urlaubcornwall.de\/blog\/beliebte-urlaubsorte-in-wales-nordkueste-weskueste-und-suedwales\/","title":{"rendered":"Beliebte Urlaubsorte in Wales: Nordk\u00fcste, Wesk\u00fcste und S\u00fcdwales"},"content":{"rendered":"<p style=\"text-align: center;\"><img loading=\"lazy\" class=\"aligncenter size-full wp-image-25548\" src=\"https:\/\/www.urlaubcornwall.de\/blog\/wp-content\/uploads\/2016\/11\/Schloss-cardiff-urlaub.jpg\" alt=\"schloss cardiff Sehensw\u00fcrdigkeiten\" height=\"360\" width=\"745\" srcset=\"https:\/\/www.urlaubcornwall.de\/blog\/wp-content\/uploads\/2016\/11\/Schloss-cardiff-urlaub.jpg 745w, https:\/\/www.urlaubcornwall.de\/blog\/wp-content\/uploads\/2016\/11\/Schloss-cardiff-urlaub-300x145.jpg 300w\" sizes=\"(max-width: 745px) 100vw, 745px\" \/><\/p>\n<p>Urlaub in Wales &#8211; Entdecken Sie die Mythen und Legenden. Wales hat jedoch mehr zu bieten als Berge; es verf\u00fcgt \u00fcber 1207 Kilometer K\u00fcste mit 100 Str\u00e4nden und wirkt bisweilen mediterran, da die laue Luft des Golfstroms diesen Teil Britanniens zuerst erreicht.<\/p>\n<h1 style=\"text-align: center;\"><strong>Bei uns finden Sie Ferienh\u00e4user zum Verlieben \u2013 so einfach ist das!<\/strong><\/h1>\n<p style=\"text-align: center;\">UrlaubCornwall verf\u00fcgt Ferienh\u00e4user und Ferienwohnungen f\u00fcr Ihren <a href=\"https:\/\/www.urlaubcornwall.de\/reiseziel\/wales.php\">Urlaub in Wales<\/a>. Unterk\u00fcnfte der Spitzenklasse f\u00fcr 2 Personen, Familien und Gruppen mit 4, 6, 8, 10 oder 12 G\u00e4sten.<\/p>\n<p style=\"text-align: center;\"><a class=\"tidycta\" href=\"https:\/\/www.urlaubcornwall.de\/ferienhaeuser\/wales.php\">Suche Ferienh\u00e4user in Wales &gt;&gt;<\/a><\/p>\n<table width=\"485\">\n<tbody>\n<tr>\n<td width=\"105\"><a href=\"https:\/\/www.urlaubcornwall.de\/ferienhaeuser-fewos\/wal\/westwales\/aberaeron.html\">Aberaeron<\/a><\/td>\n<td width=\"117\"><a href=\"https:\/\/www.urlaubcornwall.de\/ferienhaeuser-fewos\/wal\/westwales\/westwales-am-meer.html\">Colwyn Bay<\/a><\/td>\n<td width=\"157\"><a href=\"https:\/\/www.urlaubcornwall.de\/ferienhaeuser-fewos\/wal\/westwales\/new-quay-am-meer.html\">New Quay<\/a><\/td>\n<td width=\"106\"><a href=\"https:\/\/www.urlaubcornwall.de\/ferienhaeuser-fewos\/wal\/nordwales\/snowdonia-national-park.html\">Snowdonia<\/a><\/td>\n<\/tr>\n<tr>\n<td><a href=\"https:\/\/www.urlaubcornwall.de\/ferienhaeuser-fewos\/wal\/suedwales\/abergavenny.html\">Abergavenney<\/a><\/td>\n<td><a href=\"https:\/\/www.urlaubcornwall.de\/ferienhaeuser-fewos\/wal\/mittelwales\/crickhowell.html\">Crickhowell<\/a><\/td>\n<td><a href=\"https:\/\/www.urlaubcornwall.de\/ferienhaeuser-fewos\/wal\/westwales\/westwales.html\">Pembroke Nationalpark<\/a><\/td>\n<td><a href=\"https:\/\/www.urlaubcornwall.de\/ferienhaeuser-fewos\/wal\/suedwales\/suedwales-am-meer.html\">Swansea<\/a><\/td>\n<\/tr>\n<tr>\n<td><a href=\"https:\/\/www.urlaubcornwall.de\/blog\/ferienhaeuser-und-ferienwohnungen-in-barmouth-wales-am-meer\/\">Barmouth<\/a><\/td>\n<td><a href=\"https:\/\/www.urlaubcornwall.de\/ferienhaeuser-fewos\/wal\/suedwales\/suedwales-am-meer.html\">Gower Halbinsel<\/a><\/td>\n<td><a href=\"https:\/\/www.urlaubcornwall.de\/ferienhaeuser-fewos\/wal\/suedwales\/penarth.html\">Penarth<\/a><\/td>\n<td><a href=\"https:\/\/www.urlaubcornwall.de\/ferienhaeuser-fewos\/wal\/westwales\/tenby.html\">Tenby<\/a><\/td>\n<\/tr>\n<tr>\n<td><a href=\"https:\/\/www.urlaubcornwall.de\/ferienhaeuser-fewos\/wal\/mittelwales\/mittelwales.html\">Brecon Beacons<\/a><\/td>\n<td><a href=\"https:\/\/www.urlaubcornwall.de\/ferienhaeuser-fewos\/wal\/mittelwales\/hay-on-wye.html\">Hay on Wye<\/a><\/td>\n<td><a href=\"https:\/\/www.urlaubcornwall.de\/ferienhaeuser-fewos\/wal\/suedwales\/porthcawl.html\">Porthcawl<\/a><\/td>\n<td><a href=\"https:\/\/www.urlaubcornwall.de\/ferienhaeuser-fewos\/eng\/herefordshire\/ross-on-wye.html\">Usk<\/a><\/td>\n<\/tr>\n<tr>\n<td><a href=\"https:\/\/www.urlaubcornwall.de\/ferienhaeuser-fewos\/wal\/nordwales\/caernarfon.html\">Caernarfon<\/a><\/td>\n<td><a href=\"https:\/\/www.urlaubcornwall.de\/ferienhaeuser-fewos\/wal\/nordwales\/llanberis.html\">Llanberis<\/a><\/td>\n<td><a href=\"https:\/\/www.urlaubcornwall.de\/ferienhaeuser-fewos\/wal\/nordwales\/porthmadog.html\">Porthmadog<\/a><\/td>\n<td><a href=\"https:\/\/www.urlaubcornwall.de\/ferienhaeuser\/wales.php\">Whitesands Bay<\/a><\/td>\n<\/tr>\n<tr>\n<td><a href=\"https:\/\/www.urlaubcornwall.de\/ferienhaeuser-fewos\/wal\/suedwales\/suedwales.html\">Cardiff<\/a><\/td>\n<td><a href=\"https:\/\/www.urlaubcornwall.de\/blog\/ferienhaeuser-und-ferienwohnungen-in-llandudno-nordkueste-wales\/\">Llandudno<\/a><\/td>\n<td><a href=\"https:\/\/www.urlaubcornwall.de\/blog\/ferienhaeuser-und-ferienwohnungen-portmeirion-nord-wales\/\">Portmeirion<\/a><\/td>\n<td>&nbsp;<a href=\"https:\/\/www.urlaubcornwall.de\/ferienhaeuser-fewos\/eng\/herefordshire\/ross-on-wye.html\">Wye Valley<\/a><\/td>\n<\/tr>\n<tr>\n<td><a href=\"https:\/\/www.urlaubcornwall.de\/ferienhaeuser-fewos\/wal\/suedwales\/suedwales.html\">Cardigan Bay<\/a><\/td>\n<td><a href=\"https:\/\/www.urlaubcornwall.de\/ferienhaeuser-fewos\/wal\/nordwales\/llangollen.html\">Llangollen<\/a><\/td>\n<td><a href=\"https:\/\/www.urlaubcornwall.de\/ferienhaeuser-fewos\/eng\/herefordshire\/ross-on-wye.html\">Ross on Wye<\/a><\/td>\n<td>&nbsp;<\/td>\n<\/tr>\n<tr>\n<td><a href=\"https:\/\/www.urlaubcornwall.de\/ferienhaeuser-fewos\/wal\/suedwales\/chepstow.html\">Chepstow<\/a><\/td>\n<td><a href=\"https:\/\/www.urlaubcornwall.de\/ferienhaeuser-fewos\/wal\/suedwales\/suedwales.html\">Mumbles<\/a><\/td>\n<td><a href=\"https:\/\/www.urlaubcornwall.de\/ferienhaeuser-fewos\/wal\/westwales\/st-davids.html\">St Davids<\/a><\/td>\n<td>&nbsp;<\/td>\n<\/tr>\n<\/tbody>\n<\/table>\n\n<p style=\"text-align: center;\"><img loading=\"lazy\" class=\"aligncenter size-full wp-image-24598\" src=\"https:\/\/www.urlaubcornwall.de\/blog\/wp-content\/uploads\/2016\/06\/urlaub-und-gro\u00dfbritannien_logo_final.jpg\" alt=\"\" height=\"361\" width=\"746\" srcset=\"https:\/\/www.urlaubcornwall.de\/blog\/wp-content\/uploads\/2016\/06\/urlaub-und-gro\u00dfbritannien_logo_final.jpg 746w, https:\/\/www.urlaubcornwall.de\/blog\/wp-content\/uploads\/2016\/06\/urlaub-und-gro\u00dfbritannien_logo_final-300x145.jpg 300w\" sizes=\"(max-width: 746px) 100vw, 746px\" \/><\/p>\n<p style=\"text-align: center;\">UrlaubCornwall.de hat eine einzigartige Sammlung pers\u00f6nlich inspizierter Ferienh\u00e4user und Ferienwohnungen in Wales, <a href=\"https:\/\/www.urlaubcornwall.de\/ferienhaueser\/suedengland.php\">S\u00fcdengland<\/a> und nun auch im gesamten Gro\u00dfbritannien.<\/p>\n<p style=\"text-align: center;\">UrlaubCornwall.de hat seinen Firmensitz in Cornwall in S\u00fcdwestengland und bietet Kunden im Deutsch sprechenden Europa Hilfe im Erstellen der perfekten Urlaubserfahrung hier. Wir haben <a href=\"http:\/\/www.urlaubcornwall.de\/rundreisenservice.php\">ein Team Deutsch sprechender Experten<\/a>, so dass wir eine individuelle Urlaub in England &amp; Wales.<\/p>\n","protected":false},"excerpt":{"rendered":"<p>Urlaub in Wales &#8211; Entdecken Sie die Mythen und Legenden. Wales hat jedoch mehr zu bieten als Berge; es verf\u00fcgt \u00fcber 1207 Kilometer K\u00fcste mit 100 Str\u00e4nden und wirkt bisweilen mediterran, da die laue Luft des Golfstroms diesen Teil Britanniens zuerst erreicht. Bei uns finden Sie Ferienh\u00e4user zum Verlieben \u2013 so einfach ist das! UrlaubCornwall [&hellip;]<\/p>\n","protected":false},"author":1,"featured_media":0,"parent":0,"menu_order":0,"comment_status":"closed","ping_status":"closed","template":"single-four.php","meta":[],"acf":[],"yoast_head":"<!-- This site is optimized with the Yoast SEO plugin v19.4 - https:\/\/yoast.com\/wordpress\/plugins\/seo\/ -->\n<title>Beliebte Urlaubsorte in Wales: Nordk\u00fcste, Wesk\u00fcste und S\u00fcdwales - Urlaub &amp; Reisen<\/title>\n<meta name=\"robots\" content=\"index, follow, max-snippet:-1, max-image-preview:large, max-video-preview:-1\" \/>\n<link rel=\"canonical\" href=\"https:\/\/www.urlaubcornwall.de\/blog\/beliebte-urlaubsorte-in-wales-nordkueste-weskueste-und-suedwales\/\" \/>\n<meta property=\"og:locale\" content=\"en_US\" \/>\n<meta property=\"og:type\" content=\"article\" \/>\n<meta property=\"og:title\" content=\"Beliebte Urlaubsorte in Wales: Nordk\u00fcste, Wesk\u00fcste und S\u00fcdwales - Urlaub &amp; Reisen\" \/>\n<meta property=\"og:description\" content=\"Urlaub in Wales &#8211; Entdecken Sie die Mythen und Legenden. Wales hat jedoch mehr zu bieten als Berge; es verf\u00fcgt \u00fcber 1207 Kilometer K\u00fcste mit 100 Str\u00e4nden und wirkt bisweilen mediterran, da die laue Luft des Golfstroms diesen Teil Britanniens zuerst erreicht. Bei uns finden Sie Ferienh\u00e4user zum Verlieben \u2013 so einfach ist das! UrlaubCornwall [&hellip;]\" \/>\n<meta property=\"og:url\" content=\"https:\/\/www.urlaubcornwall.de\/blog\/beliebte-urlaubsorte-in-wales-nordkueste-weskueste-und-suedwales\/\" \/>\n<meta property=\"og:site_name\" content=\"Urlaub &amp; Reisen\" \/>\n<meta property=\"article:modified_time\" content=\"2020-07-03T13:20:28+00:00\" \/>\n<meta property=\"og:image\" content=\"https:\/\/www.urlaubcornwall.de\/blog\/wp-content\/uploads\/2016\/11\/Schloss-cardiff-urlaub.jpg\" \/>\n<meta name=\"twitter:card\" content=\"summary\" \/>\n<meta name=\"twitter:label1\" content=\"Est. reading time\" \/>\n\t<meta name=\"twitter:data1\" content=\"1 minute\" \/>\n<script type=\"application\/ld+json\" class=\"yoast-schema-graph\">{\"@context\":\"https:\/\/schema.org\",\"@graph\":[{\"@type\":\"WebSite\",\"@id\":\"https:\/\/www.urlaubcornwall.de\/blog\/#website\",\"url\":\"https:\/\/www.urlaubcornwall.de\/blog\/\",\"name\":\"Urlaub &amp; Reisen\",\"description\":\"Urlaub, Reisen, Cornwall und S\u00fcdengland: eine perfekte Kombination\",\"potentialAction\":[{\"@type\":\"SearchAction\",\"target\":{\"@type\":\"EntryPoint\",\"urlTemplate\":\"https:\/\/www.urlaubcornwall.de\/blog\/?s={search_term_string}\"},\"query-input\":\"required name=search_term_string\"}],\"inLanguage\":\"en-US\"},{\"@type\":\"WebPage\",\"@id\":\"https:\/\/www.urlaubcornwall.de\/blog\/beliebte-urlaubsorte-in-wales-nordkueste-weskueste-und-suedwales\/\",\"url\":\"https:\/\/www.urlaubcornwall.de\/blog\/beliebte-urlaubsorte-in-wales-nordkueste-weskueste-und-suedwales\/\",\"name\":\"Beliebte Urlaubsorte in Wales: Nordk\u00fcste, Wesk\u00fcste und S\u00fcdwales - Urlaub &amp; Reisen\",\"isPartOf\":{\"@id\":\"https:\/\/www.urlaubcornwall.de\/blog\/#website\"},\"datePublished\":\"2016-12-14T14:42:45+00:00\",\"dateModified\":\"2020-07-03T13:20:28+00:00\",\"breadcrumb\":{\"@id\":\"https:\/\/www.urlaubcornwall.de\/blog\/beliebte-urlaubsorte-in-wales-nordkueste-weskueste-und-suedwales\/#breadcrumb\"},\"inLanguage\":\"en-US\",\"potentialAction\":[{\"@type\":\"ReadAction\",\"target\":[\"https:\/\/www.urlaubcornwall.de\/blog\/beliebte-urlaubsorte-in-wales-nordkueste-weskueste-und-suedwales\/\"]}]},{\"@type\":\"BreadcrumbList\",\"@id\":\"https:\/\/www.urlaubcornwall.de\/blog\/beliebte-urlaubsorte-in-wales-nordkueste-weskueste-und-suedwales\/#breadcrumb\",\"itemListElement\":[{\"@type\":\"ListItem\",\"position\":1,\"name\":\"Home\",\"item\":\"https:\/\/www.urlaubcornwall.de\/blog\/\"},{\"@type\":\"ListItem\",\"position\":2,\"name\":\"Beliebte Urlaubsorte in Wales: Nordk\u00fcste, Wesk\u00fcste und S\u00fcdwales\"}]}]}<\/script>\n<!-- \/ Yoast SEO plugin. -->","yoast_head_json":{"title":"Beliebte Urlaubsorte in Wales: Nordk\u00fcste, Wesk\u00fcste und S\u00fcdwales - Urlaub &amp; Reisen","robots":{"index":"index","follow":"follow","max-snippet":"max-snippet:-1","max-image-preview":"max-image-preview:large","max-video-preview":"max-video-preview:-1"},"canonical":"https:\/\/www.urlaubcornwall.de\/blog\/beliebte-urlaubsorte-in-wales-nordkueste-weskueste-und-suedwales\/","og_locale":"en_US","og_type":"article","og_title":"Beliebte Urlaubsorte in Wales: Nordk\u00fcste, Wesk\u00fcste und S\u00fcdwales - Urlaub &amp; Reisen","og_description":"Urlaub in Wales &#8211; Entdecken Sie die Mythen und Legenden. Wales hat jedoch mehr zu bieten als Berge; es verf\u00fcgt \u00fcber 1207 Kilometer K\u00fcste mit 100 Str\u00e4nden und wirkt bisweilen mediterran, da die laue Luft des Golfstroms diesen Teil Britanniens zuerst erreicht. Bei uns finden Sie Ferienh\u00e4user zum Verlieben \u2013 so einfach ist das! UrlaubCornwall [&hellip;]","og_url":"https:\/\/www.urlaubcornwall.de\/blog\/beliebte-urlaubsorte-in-wales-nordkueste-weskueste-und-suedwales\/","og_site_name":"Urlaub &amp; Reisen","article_modified_time":"2020-07-03T13:20:28+00:00","og_image":[{"url":"https:\/\/www.urlaubcornwall.de\/blog\/wp-content\/uploads\/2016\/11\/Schloss-cardiff-urlaub.jpg"}],"twitter_card":"summary","twitter_misc":{"Est. reading time":"1 minute"},"schema":{"@context":"https:\/\/schema.org","@graph":[{"@type":"WebSite","@id":"https:\/\/www.urlaubcornwall.de\/blog\/#website","url":"https:\/\/www.urlaubcornwall.de\/blog\/","name":"Urlaub &amp; Reisen","description":"Urlaub, Reisen, Cornwall und S\u00fcdengland: eine perfekte Kombination","potentialAction":[{"@type":"SearchAction","target":{"@type":"EntryPoint","urlTemplate":"https:\/\/www.urlaubcornwall.de\/blog\/?s={search_term_string}"},"query-input":"required name=search_term_string"}],"inLanguage":"en-US"},{"@type":"WebPage","@id":"https:\/\/www.urlaubcornwall.de\/blog\/beliebte-urlaubsorte-in-wales-nordkueste-weskueste-und-suedwales\/","url":"https:\/\/www.urlaubcornwall.de\/blog\/beliebte-urlaubsorte-in-wales-nordkueste-weskueste-und-suedwales\/","name":"Beliebte Urlaubsorte in Wales: Nordk\u00fcste, Wesk\u00fcste und S\u00fcdwales - Urlaub &amp; Reisen","isPartOf":{"@id":"https:\/\/www.urlaubcornwall.de\/blog\/#website"},"datePublished":"2016-12-14T14:42:45+00:00","dateModified":"2020-07-03T13:20:28+00:00","breadcrumb":{"@id":"https:\/\/www.urlaubcornwall.de\/blog\/beliebte-urlaubsorte-in-wales-nordkueste-weskueste-und-suedwales\/#breadcrumb"},"inLanguage":"en-US","potentialAction":[{"@type":"ReadAction","target":["https:\/\/www.urlaubcornwall.de\/blog\/beliebte-urlaubsorte-in-wales-nordkueste-weskueste-und-suedwales\/"]}]},{"@type":"BreadcrumbList","@id":"https:\/\/www.urlaubcornwall.de\/blog\/beliebte-urlaubsorte-in-wales-nordkueste-weskueste-und-suedwales\/#breadcrumb","itemListElement":[{"@type":"ListItem","position":1,"name":"Home","item":"https:\/\/www.urlaubcornwall.de\/blog\/"},{"@type":"ListItem","position":2,"name":"Beliebte Urlaubsorte in Wales: Nordk\u00fcste, Wesk\u00fcste und S\u00fcdwales"}]}]}},"_links":{"self":[{"href":"https:\/\/www.urlaubcornwall.de\/blog\/wp-json\/wp\/v2\/pages\/25833"}],"collection":[{"href":"https:\/\/www.urlaubcornwall.de\/blog\/wp-json\/wp\/v2\/pages"}],"about":[{"href":"https:\/\/www.urlaubcornwall.de\/blog\/wp-json\/wp\/v2\/types\/page"}],"author":[{"embeddable":true,"href":"https:\/\/www.urlaubcornwall.de\/blog\/wp-json\/wp\/v2\/users\/1"}],"replies":[{"embeddable":true,"href":"https:\/\/www.urlaubcornwall.de\/blog\/wp-json\/wp\/v2\/comments?post=25833"}],"version-history":[{"count":9,"href":"https:\/\/www.urlaubcornwall.de\/blog\/wp-json\/wp\/v2\/pages\/25833\/revisions"}],"predecessor-version":[{"id":40497,"href":"https:\/\/www.urlaubcornwall.de\/blog\/wp-json\/wp\/v2\/pages\/25833\/revisions\/40497"}],"wp:attachment":[{"href":"https:\/\/www.urlaubcornwall.de\/blog\/wp-json\/wp\/v2\/media?parent=25833"}],"curies":[{"name":"wp","href":"https:\/\/api.w.org\/{rel}","templated":true}]}}