{"id":25723,"date":"2016-12-04T12:11:27","date_gmt":"2016-12-04T12:11:27","guid":{"rendered":"https:\/\/www.urlaubcornwall.de\/blog\/?page_id=25723"},"modified":"2019-10-14T11:06:22","modified_gmt":"2019-10-14T11:06:22","slug":"ferienhaeuser-und-ferienwohnungen-auf-isle-of-skye","status":"publish","type":"page","link":"https:\/\/www.urlaubcornwall.de\/blog\/ferienhaeuser-und-ferienwohnungen-auf-isle-of-skye\/","title":{"rendered":"Ferienh\u00e4user und Ferienwohnungen auf Isle of Skye &#8211; Die Sch\u00f6nsten D\u00f6rfer und St\u00e4dte"},"content":{"rendered":"<p style=\"text-align: center;\"><img loading=\"lazy\" class=\"aligncenter size-large wp-image-25724\" src=\"https:\/\/www.urlaubcornwall.de\/blog\/wp-content\/uploads\/2016\/12\/urlaub-skye.jpg\" alt=\"urlaub-skye\" width=\"748\" height=\"372\"\/><\/p>\n<h1 style=\"text-align: center;\"><strong>Bei uns finden Sie Ferienh\u00e4user zum Verlieben \u2013 so einfach ist das!<\/strong><\/h1>\n<p>UrlaubCornwall verf\u00fcgt Ferienh\u00e4user und Ferienwohnungen in Isle of Skye f\u00fcr Ihren <a href=\"https:\/\/www.urlaubcornwall.de\/blog\/urlaub-insel-skye-sehenswuerdigkeiten-geschichte-und-unterkunft\/\">Urlaub in Schottland<\/a>. Unterk\u00fcnfte der Spitzenklasse f\u00fcr 2 Personen, Familien und Gruppen mit 4, 6, 8, 10 oder 12 G\u00e4sten.<\/p>\n<p style=\"text-align: center;\"><a class=\"plain\" href=\"https:\/\/www.urlaubcornwall.de\/ferienhaeuser-fewos\/sco\/schottische-inseln\/ardvasar.html\">Ardvasar<\/a><\/p>\n<p style=\"text-align: center;\"><a class=\"plain\" href=\"https:\/\/www.urlaubcornwall.de\/ferienhaeuser-fewos\/sco\/schottische-inseln\/glendale.html\">Glendale<\/a><\/p>\n<p style=\"text-align: center;\"><a class=\"plain\" href=\"https:\/\/www.urlaubcornwall.de\/ferienhaeuser-fewos\/sco\/schottische-inseln\/portree.html\">Portree<\/a><\/p>\n<p style=\"text-align: center;\"><a class=\"plain\" href=\"https:\/\/www.urlaubcornwall.de\/ferienhaeuser-fewos\/sco\/schottische-inseln\/lower-milovaig.html\">Lower Milovaig<\/a><\/p>\n<p style=\"text-align: center;\"><a class=\"plain\" href=\"https:\/\/www.urlaubcornwall.de\/ferienhaeuser-fewos\/sco\/schottische-inseln\/uig.html\">Uig<\/a><\/p>\n<p style=\"text-align: center;\"><a class=\"tidycta\" href=\"https:\/\/www.urlaubcornwall.de\/ferienhaeuser-fewos\/sco\/nordhighlands-und-inseln\/isle-of-skye.html\">Suche Ferienh\u00e4user auf Insel Skye<\/a><\/p>\n<p>UrlaubCornwall.de hat eine einzigartige Sammlung <a href=\"https:\/\/www.urlaubcornwall.de\/ferienhaeuser\/schottland.php\">pers\u00f6nlich inspizierter Ferienh\u00e4user und Ferienwohnungen in Schottland<\/a> und nun auch im gesamten Gro\u00dfbritannien.<\/p>\n","protected":false},"excerpt":{"rendered":"<p>Bei uns finden Sie Ferienh\u00e4user zum Verlieben \u2013 so einfach ist das! UrlaubCornwall verf\u00fcgt Ferienh\u00e4user und Ferienwohnungen in Isle of Skye f\u00fcr Ihren Urlaub in Schottland. Unterk\u00fcnfte der Spitzenklasse f\u00fcr 2 Personen, Familien und Gruppen mit 4, 6, 8, 10 oder 12 G\u00e4sten. Ardvasar Glendale Portree Lower Milovaig Uig Suche Ferienh\u00e4user auf Insel Skye UrlaubCornwall.de [&hellip;]<\/p>\n","protected":false},"author":1,"featured_media":0,"parent":0,"menu_order":0,"comment_status":"closed","ping_status":"closed","template":"single-four.php","meta":[],"acf":[],"yoast_head":"<!-- This site is optimized with the Yoast SEO plugin v19.4 - https:\/\/yoast.com\/wordpress\/plugins\/seo\/ -->\n<title>Ferienh\u00e4user und Ferienwohnungen auf Isle of Skye - Die Sch\u00f6nsten D\u00f6rfer und St\u00e4dte - Urlaub &amp; Reisen<\/title>\n<meta name=\"robots\" content=\"index, follow, max-snippet:-1, max-image-preview:large, max-video-preview:-1\" \/>\n<link rel=\"canonical\" href=\"https:\/\/www.urlaubcornwall.de\/blog\/ferienhaeuser-und-ferienwohnungen-auf-isle-of-skye\/\" \/>\n<meta property=\"og:locale\" content=\"en_US\" \/>\n<meta property=\"og:type\" content=\"article\" \/>\n<meta property=\"og:title\" content=\"Ferienh\u00e4user und Ferienwohnungen auf Isle of Skye - Die Sch\u00f6nsten D\u00f6rfer und St\u00e4dte - Urlaub &amp; Reisen\" \/>\n<meta property=\"og:description\" content=\"Bei uns finden Sie Ferienh\u00e4user zum Verlieben \u2013 so einfach ist das! UrlaubCornwall verf\u00fcgt Ferienh\u00e4user und Ferienwohnungen in Isle of Skye f\u00fcr Ihren Urlaub in Schottland. Unterk\u00fcnfte der Spitzenklasse f\u00fcr 2 Personen, Familien und Gruppen mit 4, 6, 8, 10 oder 12 G\u00e4sten. Ardvasar Glendale Portree Lower Milovaig Uig Suche Ferienh\u00e4user auf Insel Skye UrlaubCornwall.de [&hellip;]\" \/>\n<meta property=\"og:url\" content=\"https:\/\/www.urlaubcornwall.de\/blog\/ferienhaeuser-und-ferienwohnungen-auf-isle-of-skye\/\" \/>\n<meta property=\"og:site_name\" content=\"Urlaub &amp; Reisen\" \/>\n<meta property=\"article:modified_time\" content=\"2019-10-14T11:06:22+00:00\" \/>\n<meta property=\"og:image\" content=\"https:\/\/www.urlaubcornwall.de\/blog\/wp-content\/uploads\/2016\/12\/urlaub-skye.jpg\" \/>\n<meta name=\"twitter:card\" content=\"summary\" \/>\n<script type=\"application\/ld+json\" class=\"yoast-schema-graph\">{\"@context\":\"https:\/\/schema.org\",\"@graph\":[{\"@type\":\"WebSite\",\"@id\":\"https:\/\/www.urlaubcornwall.de\/blog\/#website\",\"url\":\"https:\/\/www.urlaubcornwall.de\/blog\/\",\"name\":\"Urlaub &amp; Reisen\",\"description\":\"Urlaub, Reisen, Cornwall und S\u00fcdengland: eine perfekte Kombination\",\"potentialAction\":[{\"@type\":\"SearchAction\",\"target\":{\"@type\":\"EntryPoint\",\"urlTemplate\":\"https:\/\/www.urlaubcornwall.de\/blog\/?s={search_term_string}\"},\"query-input\":\"required name=search_term_string\"}],\"inLanguage\":\"en-US\"},{\"@type\":\"WebPage\",\"@id\":\"https:\/\/www.urlaubcornwall.de\/blog\/ferienhaeuser-und-ferienwohnungen-auf-isle-of-skye\/\",\"url\":\"https:\/\/www.urlaubcornwall.de\/blog\/ferienhaeuser-und-ferienwohnungen-auf-isle-of-skye\/\",\"name\":\"Ferienh\u00e4user und Ferienwohnungen auf Isle of Skye - Die Sch\u00f6nsten D\u00f6rfer und St\u00e4dte - Urlaub &amp; Reisen\",\"isPartOf\":{\"@id\":\"https:\/\/www.urlaubcornwall.de\/blog\/#website\"},\"datePublished\":\"2016-12-04T12:11:27+00:00\",\"dateModified\":\"2019-10-14T11:06:22+00:00\",\"breadcrumb\":{\"@id\":\"https:\/\/www.urlaubcornwall.de\/blog\/ferienhaeuser-und-ferienwohnungen-auf-isle-of-skye\/#breadcrumb\"},\"inLanguage\":\"en-US\",\"potentialAction\":[{\"@type\":\"ReadAction\",\"target\":[\"https:\/\/www.urlaubcornwall.de\/blog\/ferienhaeuser-und-ferienwohnungen-auf-isle-of-skye\/\"]}]},{\"@type\":\"BreadcrumbList\",\"@id\":\"https:\/\/www.urlaubcornwall.de\/blog\/ferienhaeuser-und-ferienwohnungen-auf-isle-of-skye\/#breadcrumb\",\"itemListElement\":[{\"@type\":\"ListItem\",\"position\":1,\"name\":\"Home\",\"item\":\"https:\/\/www.urlaubcornwall.de\/blog\/\"},{\"@type\":\"ListItem\",\"position\":2,\"name\":\"Ferienh\u00e4user und Ferienwohnungen auf Isle of Skye &#8211; Die Sch\u00f6nsten D\u00f6rfer und St\u00e4dte\"}]}]}<\/script>\n<!-- \/ Yoast SEO plugin. -->","yoast_head_json":{"title":"Ferienh\u00e4user und Ferienwohnungen auf Isle of Skye - Die Sch\u00f6nsten D\u00f6rfer und St\u00e4dte - Urlaub &amp; Reisen","robots":{"index":"index","follow":"follow","max-snippet":"max-snippet:-1","max-image-preview":"max-image-preview:large","max-video-preview":"max-video-preview:-1"},"canonical":"https:\/\/www.urlaubcornwall.de\/blog\/ferienhaeuser-und-ferienwohnungen-auf-isle-of-skye\/","og_locale":"en_US","og_type":"article","og_title":"Ferienh\u00e4user und Ferienwohnungen auf Isle of Skye - Die Sch\u00f6nsten D\u00f6rfer und St\u00e4dte - Urlaub &amp; Reisen","og_description":"Bei uns finden Sie Ferienh\u00e4user zum Verlieben \u2013 so einfach ist das! UrlaubCornwall verf\u00fcgt Ferienh\u00e4user und Ferienwohnungen in Isle of Skye f\u00fcr Ihren Urlaub in Schottland. Unterk\u00fcnfte der Spitzenklasse f\u00fcr 2 Personen, Familien und Gruppen mit 4, 6, 8, 10 oder 12 G\u00e4sten. Ardvasar Glendale Portree Lower Milovaig Uig Suche Ferienh\u00e4user auf Insel Skye UrlaubCornwall.de [&hellip;]","og_url":"https:\/\/www.urlaubcornwall.de\/blog\/ferienhaeuser-und-ferienwohnungen-auf-isle-of-skye\/","og_site_name":"Urlaub &amp; Reisen","article_modified_time":"2019-10-14T11:06:22+00:00","og_image":[{"url":"https:\/\/www.urlaubcornwall.de\/blog\/wp-content\/uploads\/2016\/12\/urlaub-skye.jpg"}],"twitter_card":"summary","schema":{"@context":"https:\/\/schema.org","@graph":[{"@type":"WebSite","@id":"https:\/\/www.urlaubcornwall.de\/blog\/#website","url":"https:\/\/www.urlaubcornwall.de\/blog\/","name":"Urlaub &amp; Reisen","description":"Urlaub, Reisen, Cornwall und S\u00fcdengland: eine perfekte Kombination","potentialAction":[{"@type":"SearchAction","target":{"@type":"EntryPoint","urlTemplate":"https:\/\/www.urlaubcornwall.de\/blog\/?s={search_term_string}"},"query-input":"required name=search_term_string"}],"inLanguage":"en-US"},{"@type":"WebPage","@id":"https:\/\/www.urlaubcornwall.de\/blog\/ferienhaeuser-und-ferienwohnungen-auf-isle-of-skye\/","url":"https:\/\/www.urlaubcornwall.de\/blog\/ferienhaeuser-und-ferienwohnungen-auf-isle-of-skye\/","name":"Ferienh\u00e4user und Ferienwohnungen auf Isle of Skye - Die Sch\u00f6nsten D\u00f6rfer und St\u00e4dte - Urlaub &amp; Reisen","isPartOf":{"@id":"https:\/\/www.urlaubcornwall.de\/blog\/#website"},"datePublished":"2016-12-04T12:11:27+00:00","dateModified":"2019-10-14T11:06:22+00:00","breadcrumb":{"@id":"https:\/\/www.urlaubcornwall.de\/blog\/ferienhaeuser-und-ferienwohnungen-auf-isle-of-skye\/#breadcrumb"},"inLanguage":"en-US","potentialAction":[{"@type":"ReadAction","target":["https:\/\/www.urlaubcornwall.de\/blog\/ferienhaeuser-und-ferienwohnungen-auf-isle-of-skye\/"]}]},{"@type":"BreadcrumbList","@id":"https:\/\/www.urlaubcornwall.de\/blog\/ferienhaeuser-und-ferienwohnungen-auf-isle-of-skye\/#breadcrumb","itemListElement":[{"@type":"ListItem","position":1,"name":"Home","item":"https:\/\/www.urlaubcornwall.de\/blog\/"},{"@type":"ListItem","position":2,"name":"Ferienh\u00e4user und Ferienwohnungen auf Isle of Skye &#8211; Die Sch\u00f6nsten D\u00f6rfer und St\u00e4dte"}]}]}},"_links":{"self":[{"href":"https:\/\/www.urlaubcornwall.de\/blog\/wp-json\/wp\/v2\/pages\/25723"}],"collection":[{"href":"https:\/\/www.urlaubcornwall.de\/blog\/wp-json\/wp\/v2\/pages"}],"about":[{"href":"https:\/\/www.urlaubcornwall.de\/blog\/wp-json\/wp\/v2\/types\/page"}],"author":[{"embeddable":true,"href":"https:\/\/www.urlaubcornwall.de\/blog\/wp-json\/wp\/v2\/users\/1"}],"replies":[{"embeddable":true,"href":"https:\/\/www.urlaubcornwall.de\/blog\/wp-json\/wp\/v2\/comments?post=25723"}],"version-history":[{"count":13,"href":"https:\/\/www.urlaubcornwall.de\/blog\/wp-json\/wp\/v2\/pages\/25723\/revisions"}],"predecessor-version":[{"id":38800,"href":"https:\/\/www.urlaubcornwall.de\/blog\/wp-json\/wp\/v2\/pages\/25723\/revisions\/38800"}],"wp:attachment":[{"href":"https:\/\/www.urlaubcornwall.de\/blog\/wp-json\/wp\/v2\/media?parent=25723"}],"curies":[{"name":"wp","href":"https:\/\/api.w.org\/{rel}","templated":true}]}}