{"id":25593,"date":"2016-11-29T14:47:24","date_gmt":"2016-11-29T14:47:24","guid":{"rendered":"https:\/\/www.urlaubcornwall.de\/blog\/?page_id=25593"},"modified":"2024-05-29T14:26:42","modified_gmt":"2024-05-29T14:26:42","slug":"urlaub-wye-valley-das-vale-of-usk-sehenswuerdigkeiten-und-unterkunft","status":"publish","type":"page","link":"https:\/\/www.urlaubcornwall.de\/blog\/urlaub-wye-valley-das-vale-of-usk-sehenswuerdigkeiten-und-unterkunft\/","title":{"rendered":"Urlaub Wye Valley &#038; das Vale of Usk: Sehensw\u00fcrdigkeiten und Unterkunft"},"content":{"rendered":"<p><a href=\"https:\/\/www.urlaubcornwall.de\/blog\/wp-content\/uploads\/2024\/02\/looe-river.jpg\"><img loading=\"lazy\" src=\"https:\/\/www.urlaubcornwall.de\/blog\/wp-content\/uploads\/2024\/02\/looe-river.jpg\" alt=\"\" width=\"750\" height=\"501\" class=\"alignnone size-full wp-image-47422\" srcset=\"https:\/\/www.urlaubcornwall.de\/blog\/wp-content\/uploads\/2024\/02\/looe-river.jpg 750w, https:\/\/www.urlaubcornwall.de\/blog\/wp-content\/uploads\/2024\/02\/looe-river-300x200.jpg 300w\" sizes=\"(max-width: 750px) 100vw, 750px\" \/><\/a><\/p>\n<p>Die <a href=\"https:\/\/www.urlaubcornwall.de\/ferienhaeuser-fewos\/eng\/herefordshire\/hay-on-wye.html\">T\u00e4ler Wye<\/a> und <a href=\"https:\/\/www.urlaubcornwall.de\/ferienhaeuser-fewos\/wal\/suedwales\/usk.html\">Usk<\/a> haben dramatische Landschaften, wundersch\u00f6ne W\u00e4lder und Flusslandschaften. Wanderer, Radfahrer, Kanufahrer, sowie K\u00fcnstler und Dichter lieben diese Gegend; sie hat J M W Turner und William Wordsworth inspiriert.<\/p>\n<p><strong>Tintern Abbey:<\/strong> wurde 1131 von Zisterzienserm\u00f6nchen erbaut und im 13. Jahrhundert von Roger Bigod, dem Lord von Chepstow Castle wiedererrichtet. Diese anmutige und wundersch\u00f6ne Abtei befindet sich an den Ufern des Flusses Wye und zieht seit Hunderten von Jahren Besucher an. Die Ruinen von Tintern Abbey sind eine der sch\u00f6nsten und romantischsten Britanniens, ein hervorragendes Beispiel kunstvoller gotischer Architektur.<\/p>\n<p><strong>Chepstow:<\/strong> ist eine ideale Ausgangsbasis, um das Wye Valley zu erkunden. Chepstow Castle, das sich auf einem Felsen oberhalb des Flusses Wye befindet, wurde direkt nach der Schlacht von Hastings erbaut; sie war eine der ersten aus Stein erbauten Burgen Britanniens. Die Holzt\u00fcren von Chepstow Castle sind mehr als 800 Jahre alt und die \u00e4ltesten Burgt\u00fcren Europas. Chepstow hei\u00dft so viel wie \u2018Marktplatz\u2019 in Altenglisch, und heute hat die Stadt gro\u00dfartige Gesch\u00e4fte in den georgianischen und viktorianischen Geb\u00e4uden. Die Old Wye Bridge ist eine Regency-Stra\u00dfenbr\u00fccke, die seit 1816 Verkehr von Chepstow nach Gloucestershire bringt, gestaltet aus anmutig gew\u00f6lbtem Gusseisen, \u00fcberspannt sie die weltweit am meisten von den Gezeiten abh\u00e4ngigen Flussabschnitte; zwischen Ebbe und Flut kann der Wasserspiegel des Flusses Wye 15m fallen.<\/p>\n<p><script async src=\"https:\/\/pagead2.googlesyndication.com\/pagead\/js\/adsbygoogle.js?client=ca-pub-3901089389175725\"\n     crossorigin=\"anonymous\"><\/script><br \/>\n<!-- New UC --><br \/>\n<ins class=\"adsbygoogle\"\n     style=\"display:block\"\n     data-ad-client=\"ca-pub-3901089389175725\"\n     data-ad-slot=\"8080314818\"\n     data-ad-format=\"auto\"\n     data-full-width-responsive=\"true\"><\/ins><br \/>\n<script>\n     (adsbygoogle = window.adsbygoogle || []).push({});\n<\/script><\/p>\n<p><strong>Abergavenny Speisefestival:<\/strong> Jeden September findet in der Marktstadt Abergavenny das gr\u00f6\u00dfte Speisefestival in <a href=\"https:\/\/www.urlaubcornwall.de\/blog\/besuchen-sie-wales-entdecken-sie-die-mythen-und-legenden\/\">Wales<\/a> statt. Es gibt mehr als 200 Marktst\u00e4nde, Geschmacksproben, Kochkurse und Vorf\u00fchrungen bekannter K\u00f6che. Auf dem Grundst\u00fcck von Abergavenny Castle findet Livemusik und Unterhaltung statt, was der Stadt eine wahrhaftige Festatmosph\u00e4re verleiht und die Chance bietet, das Beste an Speis und Trank zu kaufen und zu probieren, das Wales zu bieten hat.<\/p>\n<p><strong>Usk:<\/strong> Die historische Stadt Usk liegt angeschmiegt an die sanften Monmouthshire Hills am Fluss Usk. Usk ist tief verankert in der Geschichte mit den Ruinen einer normannischen Burg und Geb\u00e4uden des 17. Jahrhunderts, die die gepflasterten Stra\u00dfen s\u00e4umen. Diese entz\u00fcckende Stadt hat viele Antiquit\u00e4tenl\u00e4den, Caf\u00e9s und Restaurants und sch\u00f6ne Spazierwege entlang des Flusses. Der Fluss Usk ist einer der bestgeeigneten Fl\u00fcsse in Wales, um Lachse zu angeln.<\/p>\n<p><strong>Dewstow G\u00e4rten:<\/strong> Die Dewstow G\u00e4rten wurden urspr\u00fcnglich um 1895 herum erbaut, doch lagen sie in den 1940ern und 1950ern begraben, bis sie im Jahre 2000 wiederentdeckt wurden. Die G\u00e4rten haben ein Labyrinth unterirdischer Grotten, Tunnel und versunkener Farng\u00e4rten. Diese au\u00dfergew\u00f6hnlichen und exzentrischen G\u00e4rten wurden restauriert und haben Teiche, einen Felsgarten, Gew\u00e4chsh\u00e4user und einen alpinen Garten. Diese einzigartigen G\u00e4rten sind vom 1. April bis Ende Oktober ge\u00f6ffnet. Sie sind w\u00e4hrend eines Urlaubs in Monmouthshire absolut eines Besuches wert.<\/p>\n<p style=\"text-align: center;\">UrlaubCornwall verf\u00fcgt Ferienh\u00e4user und Ferienwohnungen f\u00fcr Ihren <a href=\"https:\/\/www.urlaubcornwall.de\/reiseziel\/wales.php\">Urlaub in Wales<\/a>. Unterk\u00fcnfte der Spitzenklasse f\u00fcr 2 Personen, Familien und Gruppen mit 4, 6, 8, 10 oder 12 G\u00e4sten.<\/p>\n<h1 style=\"text-align: center;\"><strong>Bei uns finden Sie Ferienh\u00e4user zum Verlieben \u2013 so einfach ist das!<\/strong><\/h1>\n<p style=\"text-align: center;\"><a class=\"tidycta\" href=\"https:\/\/www.urlaubcornwall.de\/ferienhaeuser\/wales.php\">Suche Ferienh\u00e4user in Wales<\/a><\/p>\n<p style=\"text-align: center;\">UrlaubCornwall.de hat eine einzigartige Sammlung pers\u00f6nlich inspizierter Ferienh\u00e4user und Ferienwohnungen in Wales, <a href=\"https:\/\/www.urlaubcornwall.de\/ferienhaueser\/suedengland.php\">S\u00fcdengland<\/a> und nun auch im gesamten Gro\u00dfbritannien.<\/p>\n<p style=\"text-align: center;\">UrlaubCornwall.de hat seinen Firmensitz in Cornwall in S\u00fcdwestengland und bietet Kunden im Deutsch sprechenden Europa Hilfe im Erstellen der perfekten Urlaubserfahrung hier. Wir haben <a href=\"http:\/\/www.urlaubcornwall.de\/rundreisenservice.php\">ein Team Deutsch sprechender Experten<\/a>, so dass wir eine individuelle Urlaub in England &amp; Wales.<\/p>\n","protected":false},"excerpt":{"rendered":"<p>Die T\u00e4ler Wye und Usk haben dramatische Landschaften, wundersch\u00f6ne W\u00e4lder und Flusslandschaften. Wanderer, Radfahrer, Kanufahrer, sowie K\u00fcnstler und Dichter lieben diese Gegend; sie hat J M W Turner und William Wordsworth inspiriert. Tintern Abbey: wurde 1131 von Zisterzienserm\u00f6nchen erbaut und im 13. Jahrhundert von Roger Bigod, dem Lord von Chepstow Castle wiedererrichtet. Diese anmutige und [&hellip;]<\/p>\n","protected":false},"author":1,"featured_media":0,"parent":0,"menu_order":0,"comment_status":"closed","ping_status":"closed","template":"single-four.php","meta":[],"acf":[],"yoast_head":"<!-- This site is optimized with the Yoast SEO plugin v19.4 - https:\/\/yoast.com\/wordpress\/plugins\/seo\/ -->\n<title>Urlaub Wye Valley &amp; das Vale of Usk: Sehensw\u00fcrdigkeiten und Unterkunft - Urlaub &amp; Reisen<\/title>\n<meta name=\"robots\" content=\"index, follow, max-snippet:-1, max-image-preview:large, max-video-preview:-1\" \/>\n<link rel=\"canonical\" href=\"https:\/\/www.urlaubcornwall.de\/blog\/urlaub-wye-valley-das-vale-of-usk-sehenswuerdigkeiten-und-unterkunft\/\" \/>\n<meta property=\"og:locale\" content=\"en_US\" \/>\n<meta property=\"og:type\" content=\"article\" \/>\n<meta property=\"og:title\" content=\"Urlaub Wye Valley &amp; das Vale of Usk: Sehensw\u00fcrdigkeiten und Unterkunft - Urlaub &amp; Reisen\" \/>\n<meta property=\"og:description\" content=\"Die T\u00e4ler Wye und Usk haben dramatische Landschaften, wundersch\u00f6ne W\u00e4lder und Flusslandschaften. Wanderer, Radfahrer, Kanufahrer, sowie K\u00fcnstler und Dichter lieben diese Gegend; sie hat J M W Turner und William Wordsworth inspiriert. Tintern Abbey: wurde 1131 von Zisterzienserm\u00f6nchen erbaut und im 13. Jahrhundert von Roger Bigod, dem Lord von Chepstow Castle wiedererrichtet. Diese anmutige und [&hellip;]\" \/>\n<meta property=\"og:url\" content=\"https:\/\/www.urlaubcornwall.de\/blog\/urlaub-wye-valley-das-vale-of-usk-sehenswuerdigkeiten-und-unterkunft\/\" \/>\n<meta property=\"og:site_name\" content=\"Urlaub &amp; Reisen\" \/>\n<meta property=\"article:modified_time\" content=\"2024-05-29T14:26:42+00:00\" \/>\n<meta property=\"og:image\" content=\"https:\/\/www.urlaubcornwall.de\/blog\/wp-content\/uploads\/2024\/02\/looe-river.jpg\" \/>\n<meta name=\"twitter:card\" content=\"summary\" \/>\n<meta name=\"twitter:label1\" content=\"Est. reading time\" \/>\n\t<meta name=\"twitter:data1\" content=\"3 minutes\" \/>\n<script type=\"application\/ld+json\" class=\"yoast-schema-graph\">{\"@context\":\"https:\/\/schema.org\",\"@graph\":[{\"@type\":\"WebSite\",\"@id\":\"https:\/\/www.urlaubcornwall.de\/blog\/#website\",\"url\":\"https:\/\/www.urlaubcornwall.de\/blog\/\",\"name\":\"Urlaub &amp; Reisen\",\"description\":\"Urlaub, Reisen, Cornwall und S\u00fcdengland: eine perfekte Kombination\",\"potentialAction\":[{\"@type\":\"SearchAction\",\"target\":{\"@type\":\"EntryPoint\",\"urlTemplate\":\"https:\/\/www.urlaubcornwall.de\/blog\/?s={search_term_string}\"},\"query-input\":\"required name=search_term_string\"}],\"inLanguage\":\"en-US\"},{\"@type\":\"WebPage\",\"@id\":\"https:\/\/www.urlaubcornwall.de\/blog\/urlaub-wye-valley-das-vale-of-usk-sehenswuerdigkeiten-und-unterkunft\/\",\"url\":\"https:\/\/www.urlaubcornwall.de\/blog\/urlaub-wye-valley-das-vale-of-usk-sehenswuerdigkeiten-und-unterkunft\/\",\"name\":\"Urlaub Wye Valley & das Vale of Usk: Sehensw\u00fcrdigkeiten und Unterkunft - Urlaub &amp; Reisen\",\"isPartOf\":{\"@id\":\"https:\/\/www.urlaubcornwall.de\/blog\/#website\"},\"datePublished\":\"2016-11-29T14:47:24+00:00\",\"dateModified\":\"2024-05-29T14:26:42+00:00\",\"breadcrumb\":{\"@id\":\"https:\/\/www.urlaubcornwall.de\/blog\/urlaub-wye-valley-das-vale-of-usk-sehenswuerdigkeiten-und-unterkunft\/#breadcrumb\"},\"inLanguage\":\"en-US\",\"potentialAction\":[{\"@type\":\"ReadAction\",\"target\":[\"https:\/\/www.urlaubcornwall.de\/blog\/urlaub-wye-valley-das-vale-of-usk-sehenswuerdigkeiten-und-unterkunft\/\"]}]},{\"@type\":\"BreadcrumbList\",\"@id\":\"https:\/\/www.urlaubcornwall.de\/blog\/urlaub-wye-valley-das-vale-of-usk-sehenswuerdigkeiten-und-unterkunft\/#breadcrumb\",\"itemListElement\":[{\"@type\":\"ListItem\",\"position\":1,\"name\":\"Home\",\"item\":\"https:\/\/www.urlaubcornwall.de\/blog\/\"},{\"@type\":\"ListItem\",\"position\":2,\"name\":\"Urlaub Wye Valley &#038; das Vale of Usk: Sehensw\u00fcrdigkeiten und Unterkunft\"}]}]}<\/script>\n<!-- \/ Yoast SEO plugin. -->","yoast_head_json":{"title":"Urlaub Wye Valley & das Vale of Usk: Sehensw\u00fcrdigkeiten und Unterkunft - Urlaub &amp; Reisen","robots":{"index":"index","follow":"follow","max-snippet":"max-snippet:-1","max-image-preview":"max-image-preview:large","max-video-preview":"max-video-preview:-1"},"canonical":"https:\/\/www.urlaubcornwall.de\/blog\/urlaub-wye-valley-das-vale-of-usk-sehenswuerdigkeiten-und-unterkunft\/","og_locale":"en_US","og_type":"article","og_title":"Urlaub Wye Valley & das Vale of Usk: Sehensw\u00fcrdigkeiten und Unterkunft - Urlaub &amp; Reisen","og_description":"Die T\u00e4ler Wye und Usk haben dramatische Landschaften, wundersch\u00f6ne W\u00e4lder und Flusslandschaften. Wanderer, Radfahrer, Kanufahrer, sowie K\u00fcnstler und Dichter lieben diese Gegend; sie hat J M W Turner und William Wordsworth inspiriert. Tintern Abbey: wurde 1131 von Zisterzienserm\u00f6nchen erbaut und im 13. Jahrhundert von Roger Bigod, dem Lord von Chepstow Castle wiedererrichtet. Diese anmutige und [&hellip;]","og_url":"https:\/\/www.urlaubcornwall.de\/blog\/urlaub-wye-valley-das-vale-of-usk-sehenswuerdigkeiten-und-unterkunft\/","og_site_name":"Urlaub &amp; Reisen","article_modified_time":"2024-05-29T14:26:42+00:00","og_image":[{"url":"https:\/\/www.urlaubcornwall.de\/blog\/wp-content\/uploads\/2024\/02\/looe-river.jpg"}],"twitter_card":"summary","twitter_misc":{"Est. reading time":"3 minutes"},"schema":{"@context":"https:\/\/schema.org","@graph":[{"@type":"WebSite","@id":"https:\/\/www.urlaubcornwall.de\/blog\/#website","url":"https:\/\/www.urlaubcornwall.de\/blog\/","name":"Urlaub &amp; Reisen","description":"Urlaub, Reisen, Cornwall und S\u00fcdengland: eine perfekte Kombination","potentialAction":[{"@type":"SearchAction","target":{"@type":"EntryPoint","urlTemplate":"https:\/\/www.urlaubcornwall.de\/blog\/?s={search_term_string}"},"query-input":"required name=search_term_string"}],"inLanguage":"en-US"},{"@type":"WebPage","@id":"https:\/\/www.urlaubcornwall.de\/blog\/urlaub-wye-valley-das-vale-of-usk-sehenswuerdigkeiten-und-unterkunft\/","url":"https:\/\/www.urlaubcornwall.de\/blog\/urlaub-wye-valley-das-vale-of-usk-sehenswuerdigkeiten-und-unterkunft\/","name":"Urlaub Wye Valley & das Vale of Usk: Sehensw\u00fcrdigkeiten und Unterkunft - Urlaub &amp; Reisen","isPartOf":{"@id":"https:\/\/www.urlaubcornwall.de\/blog\/#website"},"datePublished":"2016-11-29T14:47:24+00:00","dateModified":"2024-05-29T14:26:42+00:00","breadcrumb":{"@id":"https:\/\/www.urlaubcornwall.de\/blog\/urlaub-wye-valley-das-vale-of-usk-sehenswuerdigkeiten-und-unterkunft\/#breadcrumb"},"inLanguage":"en-US","potentialAction":[{"@type":"ReadAction","target":["https:\/\/www.urlaubcornwall.de\/blog\/urlaub-wye-valley-das-vale-of-usk-sehenswuerdigkeiten-und-unterkunft\/"]}]},{"@type":"BreadcrumbList","@id":"https:\/\/www.urlaubcornwall.de\/blog\/urlaub-wye-valley-das-vale-of-usk-sehenswuerdigkeiten-und-unterkunft\/#breadcrumb","itemListElement":[{"@type":"ListItem","position":1,"name":"Home","item":"https:\/\/www.urlaubcornwall.de\/blog\/"},{"@type":"ListItem","position":2,"name":"Urlaub Wye Valley &#038; das Vale of Usk: Sehensw\u00fcrdigkeiten und Unterkunft"}]}]}},"_links":{"self":[{"href":"https:\/\/www.urlaubcornwall.de\/blog\/wp-json\/wp\/v2\/pages\/25593"}],"collection":[{"href":"https:\/\/www.urlaubcornwall.de\/blog\/wp-json\/wp\/v2\/pages"}],"about":[{"href":"https:\/\/www.urlaubcornwall.de\/blog\/wp-json\/wp\/v2\/types\/page"}],"author":[{"embeddable":true,"href":"https:\/\/www.urlaubcornwall.de\/blog\/wp-json\/wp\/v2\/users\/1"}],"replies":[{"embeddable":true,"href":"https:\/\/www.urlaubcornwall.de\/blog\/wp-json\/wp\/v2\/comments?post=25593"}],"version-history":[{"count":7,"href":"https:\/\/www.urlaubcornwall.de\/blog\/wp-json\/wp\/v2\/pages\/25593\/revisions"}],"predecessor-version":[{"id":50698,"href":"https:\/\/www.urlaubcornwall.de\/blog\/wp-json\/wp\/v2\/pages\/25593\/revisions\/50698"}],"wp:attachment":[{"href":"https:\/\/www.urlaubcornwall.de\/blog\/wp-json\/wp\/v2\/media?parent=25593"}],"curies":[{"name":"wp","href":"https:\/\/api.w.org\/{rel}","templated":true}]}}