{"id":25584,"date":"2016-11-29T11:46:03","date_gmt":"2016-11-29T11:46:03","guid":{"rendered":"https:\/\/www.urlaubcornwall.de\/blog\/?page_id=25584"},"modified":"2024-05-29T14:29:23","modified_gmt":"2024-05-29T14:29:23","slug":"die-taeler-von-suedwales-sehenswuerdigkeiten-geschichte-und-unterkunft","status":"publish","type":"page","link":"https:\/\/www.urlaubcornwall.de\/blog\/die-taeler-von-suedwales-sehenswuerdigkeiten-geschichte-und-unterkunft\/","title":{"rendered":"Die T\u00e4ler von S\u00fcdwales: Sehensw\u00fcrdigkeiten, Geschichte und Unterkunft"},"content":{"rendered":"<p><a href=\"https:\/\/www.urlaubcornwall.de\/blog\/wp-content\/uploads\/2024\/03\/Brecon-Beacons-1.jpg\"><img loading=\"lazy\" src=\"https:\/\/www.urlaubcornwall.de\/blog\/wp-content\/uploads\/2024\/03\/Brecon-Beacons-1.jpg\" alt=\"Brecon Beacons\" width=\"750\" height=\"500\" class=\"alignnone size-full wp-image-47957\" srcset=\"https:\/\/www.urlaubcornwall.de\/blog\/wp-content\/uploads\/2024\/03\/Brecon-Beacons-1.jpg 750w, https:\/\/www.urlaubcornwall.de\/blog\/wp-content\/uploads\/2024\/03\/Brecon-Beacons-1-300x200.jpg 300w\" sizes=\"(max-width: 750px) 100vw, 750px\" \/><\/a><\/p>\n<p>Die <a href=\"https:\/\/www.urlaubcornwall.de\/ferienhaeuser-fewos\/wal\/suedwales\/suedwales.html\">South Wales Valleys<\/a> eignen sich perfekt zum Wandern und Mountainbiken, Sie k\u00f6nnen auch mit dem Kajak fahren und in der wundersch\u00f6nen Landschaft klettern. Die T\u00e4ler haben eine einzigartige Geschichte, und Sie k\u00f6nnen in einem der zahlreichen Museen und Besucherattraktionen mehr erfahren zum industriellen Erbe.<\/p>\n<p><strong>Big Pit Bergbaumuseum:<\/strong> Bei Blaenavon ist Big Pit, das Nationale Bergbaumuseum von <a href=\"https:\/\/www.urlaubcornwall.de\/reiseziel\/wales.php\">Wales<\/a>. Es war ein Kohlebergwerk, bis es 1980 geschlossen wurde und ist seit 1983 Museum. Das Highlight eines Besuches ist eine einst\u00fcndige Untertagetour, gef\u00fchrt von ehemaligen Bergarbeitern. Sie werden im Grubenk\u00e4fig hinunter gebracht, um dann durch die Untertagewege zu gehen, die von Generationen an Bergarbeitern geschaffen wurden. Obertage k\u00f6nnen Sie die Zechengeb\u00e4ude erkunden, das Kurbelmotorenhaus, die Schmiede und die Zechenb\u00e4der, wo Sie die Geschichte der Kohle und deren Abbau aus der Tiefe erfahren k\u00f6nnen. Mit seinen M\u00f6glichkeiten, jede Altersstufe zu bilden und zu unterhalten, ist ein Besuch des Big Pit ein gro\u00dfartiger Familienausflug. Es ist das ganze Jahr \u00fcber t\u00e4glich ge\u00f6ffnet.<\/p>\n<p style=\"text-align: center;\"><a class=\"tidycta\" href=\"https:\/\/www.urlaubcornwall.de\/ferienhaeuser-fewos\/wal\/suedwales\/suedwales.html\">Suche Ferienh\u00e4user in Wales<\/a><\/p>\n<p><strong>Afan Forest Park:<\/strong> in Neath hat 6 Mountainbikestrecken in den H\u00fcgeln, es gibt auch einen unten entlang f\u00fchrenden Radweg entlang des Tales, der sich gro\u00dfartig f\u00fcr Familien eignet. Der Pfad, der 36km lang ist, hat zahlreiche Picknick- und Erfrischungspunkte entlang des Weges. Afan Forest Park hat auch 14 Rundwanderwege, die unterschiedlich sind und von 1,5km bis 16km reichen. Wenn Sie etwas Aufregendes suchen, machen Sie eine 4&#215;4 Safari durch die bewaldeten Berge und tiefen T\u00e4ler; entlang des Weges werden Sie das Beste des einheimischen Tierlebens , der Landschaft und der Geschichte vor Ort erfahren. Nach der Safari haben Sie die Chance, Tontauben zu schie\u00dfen, Quad zu fahren oder &nbsp;Paintball zu spielen.<\/p>\n<p><strong>Cyfarthfa Castle:<\/strong> ist in der Stadt Merthyr Tydfil, es wurde 1824 von William Crawshay II erbaut, als Merthyr w\u00e4hrend der Industriellen Revolution der Mittelpunkt der Eisenproduktion war. Es befindet sich innerhalb von 65ha Parklandschaft mit formellen G\u00e4rten, einem See, einem Kinderspielplatz und einer Modelleisenbahn. &nbsp;Cyfarthfa Castle beherbergt heute ein spektakul\u00e4res Museum und eine Kunstgalerie. Die Burg, Museum und der Park sind das ganze Jahr \u00fcber ge\u00f6ffnet, au\u00dfer an Weihnachten.<\/p>\n<p><strong>Penderyn Brennerei:<\/strong> Im Dorf Penderyn am Rande der Brecon Beacons Bergkette befindet sich die einzige Whiskybrennerei von Wales. Eine der kleinsten Brennereien der Welt, ist Penderyn eine beliebte Touristenattraktion. Besucher k\u00f6nnen eine gef\u00fchrte Tour machen und den Prozess der Brennens und der Abf\u00fcllung des Single Malt Whiskys sehen und dann den Whisky probieren.<\/p>\n<p style=\"text-align: left;\">UrlaubCornwall verf\u00fcgt Ferienh\u00e4user und Ferienwohnungen f\u00fcr Ihren <a href=\"https:\/\/www.urlaubcornwall.de\/reiseziel\/wales.php\">Urlaub in Wales<\/a>. Unterk\u00fcnfte der Spitzenklasse f\u00fcr 2 Personen, Familien und Gruppen mit 4, 6, 8, 10 oder 12 G\u00e4sten.<\/p>\n<p style=\"text-align: left;\">UrlaubCornwall.de hat eine einzigartige Sammlung pers\u00f6nlich inspizierter <a href=\"https:\/\/www.urlaubcornwall.de\/ferienhaeuser\/wales.php\">Ferienh\u00e4user und Ferienwohnungen in Wales<\/a>, <a href=\"https:\/\/www.urlaubcornwall.de\/ferienhaueser\/suedengland.php\">S\u00fcdengland<\/a> und nun auch im gesamten Gro\u00dfbritannien.<\/p>\n<p style=\"text-align: left;\">UrlaubCornwall.de hat seinen Firmensitz in Cornwall in S\u00fcdwestengland und bietet Kunden im Deutsch sprechenden Europa Hilfe im Erstellen der perfekten Urlaubserfahrung hier. Wir haben <a href=\"http:\/\/www.urlaubcornwall.de\/rundreisenservice.php\">ein Team Deutsch sprechender Experten<\/a>, so dass wir eine individuelle Urlaub in England &amp; Wales.<\/p>\n","protected":false},"excerpt":{"rendered":"<p>Die South Wales Valleys eignen sich perfekt zum Wandern und Mountainbiken, Sie k\u00f6nnen auch mit dem Kajak fahren und in der wundersch\u00f6nen Landschaft klettern. Die T\u00e4ler haben eine einzigartige Geschichte, und Sie k\u00f6nnen in einem der zahlreichen Museen und Besucherattraktionen mehr erfahren zum industriellen Erbe. Big Pit Bergbaumuseum: Bei Blaenavon ist Big Pit, das Nationale [&hellip;]<\/p>\n","protected":false},"author":1,"featured_media":0,"parent":0,"menu_order":0,"comment_status":"closed","ping_status":"closed","template":"single-four.php","meta":[],"acf":[],"yoast_head":"<!-- This site is optimized with the Yoast SEO plugin v19.4 - https:\/\/yoast.com\/wordpress\/plugins\/seo\/ -->\n<title>Die T\u00e4ler von S\u00fcdwales: Sehensw\u00fcrdigkeiten, Geschichte und Unterkunft - Urlaub &amp; Reisen<\/title>\n<meta name=\"robots\" content=\"index, follow, max-snippet:-1, max-image-preview:large, max-video-preview:-1\" \/>\n<link rel=\"canonical\" href=\"https:\/\/www.urlaubcornwall.de\/blog\/die-taeler-von-suedwales-sehenswuerdigkeiten-geschichte-und-unterkunft\/\" \/>\n<meta property=\"og:locale\" content=\"en_US\" \/>\n<meta property=\"og:type\" content=\"article\" \/>\n<meta property=\"og:title\" content=\"Die T\u00e4ler von S\u00fcdwales: Sehensw\u00fcrdigkeiten, Geschichte und Unterkunft - Urlaub &amp; Reisen\" \/>\n<meta property=\"og:description\" content=\"Die South Wales Valleys eignen sich perfekt zum Wandern und Mountainbiken, Sie k\u00f6nnen auch mit dem Kajak fahren und in der wundersch\u00f6nen Landschaft klettern. Die T\u00e4ler haben eine einzigartige Geschichte, und Sie k\u00f6nnen in einem der zahlreichen Museen und Besucherattraktionen mehr erfahren zum industriellen Erbe. Big Pit Bergbaumuseum: Bei Blaenavon ist Big Pit, das Nationale [&hellip;]\" \/>\n<meta property=\"og:url\" content=\"https:\/\/www.urlaubcornwall.de\/blog\/die-taeler-von-suedwales-sehenswuerdigkeiten-geschichte-und-unterkunft\/\" \/>\n<meta property=\"og:site_name\" content=\"Urlaub &amp; Reisen\" \/>\n<meta property=\"article:modified_time\" content=\"2024-05-29T14:29:23+00:00\" \/>\n<meta property=\"og:image\" content=\"https:\/\/www.urlaubcornwall.de\/blog\/wp-content\/uploads\/2024\/03\/Brecon-Beacons-1.jpg\" \/>\n<meta name=\"twitter:card\" content=\"summary\" \/>\n<meta name=\"twitter:label1\" content=\"Est. reading time\" \/>\n\t<meta name=\"twitter:data1\" content=\"3 minutes\" \/>\n<script type=\"application\/ld+json\" class=\"yoast-schema-graph\">{\"@context\":\"https:\/\/schema.org\",\"@graph\":[{\"@type\":\"WebSite\",\"@id\":\"https:\/\/www.urlaubcornwall.de\/blog\/#website\",\"url\":\"https:\/\/www.urlaubcornwall.de\/blog\/\",\"name\":\"Urlaub &amp; Reisen\",\"description\":\"Urlaub, Reisen, Cornwall und S\u00fcdengland: eine perfekte Kombination\",\"potentialAction\":[{\"@type\":\"SearchAction\",\"target\":{\"@type\":\"EntryPoint\",\"urlTemplate\":\"https:\/\/www.urlaubcornwall.de\/blog\/?s={search_term_string}\"},\"query-input\":\"required name=search_term_string\"}],\"inLanguage\":\"en-US\"},{\"@type\":\"WebPage\",\"@id\":\"https:\/\/www.urlaubcornwall.de\/blog\/die-taeler-von-suedwales-sehenswuerdigkeiten-geschichte-und-unterkunft\/\",\"url\":\"https:\/\/www.urlaubcornwall.de\/blog\/die-taeler-von-suedwales-sehenswuerdigkeiten-geschichte-und-unterkunft\/\",\"name\":\"Die T\u00e4ler von S\u00fcdwales: Sehensw\u00fcrdigkeiten, Geschichte und Unterkunft - Urlaub &amp; Reisen\",\"isPartOf\":{\"@id\":\"https:\/\/www.urlaubcornwall.de\/blog\/#website\"},\"datePublished\":\"2016-11-29T11:46:03+00:00\",\"dateModified\":\"2024-05-29T14:29:23+00:00\",\"breadcrumb\":{\"@id\":\"https:\/\/www.urlaubcornwall.de\/blog\/die-taeler-von-suedwales-sehenswuerdigkeiten-geschichte-und-unterkunft\/#breadcrumb\"},\"inLanguage\":\"en-US\",\"potentialAction\":[{\"@type\":\"ReadAction\",\"target\":[\"https:\/\/www.urlaubcornwall.de\/blog\/die-taeler-von-suedwales-sehenswuerdigkeiten-geschichte-und-unterkunft\/\"]}]},{\"@type\":\"BreadcrumbList\",\"@id\":\"https:\/\/www.urlaubcornwall.de\/blog\/die-taeler-von-suedwales-sehenswuerdigkeiten-geschichte-und-unterkunft\/#breadcrumb\",\"itemListElement\":[{\"@type\":\"ListItem\",\"position\":1,\"name\":\"Home\",\"item\":\"https:\/\/www.urlaubcornwall.de\/blog\/\"},{\"@type\":\"ListItem\",\"position\":2,\"name\":\"Die T\u00e4ler von S\u00fcdwales: Sehensw\u00fcrdigkeiten, Geschichte und Unterkunft\"}]}]}<\/script>\n<!-- \/ Yoast SEO plugin. -->","yoast_head_json":{"title":"Die T\u00e4ler von S\u00fcdwales: Sehensw\u00fcrdigkeiten, Geschichte und Unterkunft - Urlaub &amp; Reisen","robots":{"index":"index","follow":"follow","max-snippet":"max-snippet:-1","max-image-preview":"max-image-preview:large","max-video-preview":"max-video-preview:-1"},"canonical":"https:\/\/www.urlaubcornwall.de\/blog\/die-taeler-von-suedwales-sehenswuerdigkeiten-geschichte-und-unterkunft\/","og_locale":"en_US","og_type":"article","og_title":"Die T\u00e4ler von S\u00fcdwales: Sehensw\u00fcrdigkeiten, Geschichte und Unterkunft - Urlaub &amp; Reisen","og_description":"Die South Wales Valleys eignen sich perfekt zum Wandern und Mountainbiken, Sie k\u00f6nnen auch mit dem Kajak fahren und in der wundersch\u00f6nen Landschaft klettern. Die T\u00e4ler haben eine einzigartige Geschichte, und Sie k\u00f6nnen in einem der zahlreichen Museen und Besucherattraktionen mehr erfahren zum industriellen Erbe. Big Pit Bergbaumuseum: Bei Blaenavon ist Big Pit, das Nationale [&hellip;]","og_url":"https:\/\/www.urlaubcornwall.de\/blog\/die-taeler-von-suedwales-sehenswuerdigkeiten-geschichte-und-unterkunft\/","og_site_name":"Urlaub &amp; Reisen","article_modified_time":"2024-05-29T14:29:23+00:00","og_image":[{"url":"https:\/\/www.urlaubcornwall.de\/blog\/wp-content\/uploads\/2024\/03\/Brecon-Beacons-1.jpg"}],"twitter_card":"summary","twitter_misc":{"Est. reading time":"3 minutes"},"schema":{"@context":"https:\/\/schema.org","@graph":[{"@type":"WebSite","@id":"https:\/\/www.urlaubcornwall.de\/blog\/#website","url":"https:\/\/www.urlaubcornwall.de\/blog\/","name":"Urlaub &amp; Reisen","description":"Urlaub, Reisen, Cornwall und S\u00fcdengland: eine perfekte Kombination","potentialAction":[{"@type":"SearchAction","target":{"@type":"EntryPoint","urlTemplate":"https:\/\/www.urlaubcornwall.de\/blog\/?s={search_term_string}"},"query-input":"required name=search_term_string"}],"inLanguage":"en-US"},{"@type":"WebPage","@id":"https:\/\/www.urlaubcornwall.de\/blog\/die-taeler-von-suedwales-sehenswuerdigkeiten-geschichte-und-unterkunft\/","url":"https:\/\/www.urlaubcornwall.de\/blog\/die-taeler-von-suedwales-sehenswuerdigkeiten-geschichte-und-unterkunft\/","name":"Die T\u00e4ler von S\u00fcdwales: Sehensw\u00fcrdigkeiten, Geschichte und Unterkunft - Urlaub &amp; Reisen","isPartOf":{"@id":"https:\/\/www.urlaubcornwall.de\/blog\/#website"},"datePublished":"2016-11-29T11:46:03+00:00","dateModified":"2024-05-29T14:29:23+00:00","breadcrumb":{"@id":"https:\/\/www.urlaubcornwall.de\/blog\/die-taeler-von-suedwales-sehenswuerdigkeiten-geschichte-und-unterkunft\/#breadcrumb"},"inLanguage":"en-US","potentialAction":[{"@type":"ReadAction","target":["https:\/\/www.urlaubcornwall.de\/blog\/die-taeler-von-suedwales-sehenswuerdigkeiten-geschichte-und-unterkunft\/"]}]},{"@type":"BreadcrumbList","@id":"https:\/\/www.urlaubcornwall.de\/blog\/die-taeler-von-suedwales-sehenswuerdigkeiten-geschichte-und-unterkunft\/#breadcrumb","itemListElement":[{"@type":"ListItem","position":1,"name":"Home","item":"https:\/\/www.urlaubcornwall.de\/blog\/"},{"@type":"ListItem","position":2,"name":"Die T\u00e4ler von S\u00fcdwales: Sehensw\u00fcrdigkeiten, Geschichte und Unterkunft"}]}]}},"_links":{"self":[{"href":"https:\/\/www.urlaubcornwall.de\/blog\/wp-json\/wp\/v2\/pages\/25584"}],"collection":[{"href":"https:\/\/www.urlaubcornwall.de\/blog\/wp-json\/wp\/v2\/pages"}],"about":[{"href":"https:\/\/www.urlaubcornwall.de\/blog\/wp-json\/wp\/v2\/types\/page"}],"author":[{"embeddable":true,"href":"https:\/\/www.urlaubcornwall.de\/blog\/wp-json\/wp\/v2\/users\/1"}],"replies":[{"embeddable":true,"href":"https:\/\/www.urlaubcornwall.de\/blog\/wp-json\/wp\/v2\/comments?post=25584"}],"version-history":[{"count":9,"href":"https:\/\/www.urlaubcornwall.de\/blog\/wp-json\/wp\/v2\/pages\/25584\/revisions"}],"predecessor-version":[{"id":50700,"href":"https:\/\/www.urlaubcornwall.de\/blog\/wp-json\/wp\/v2\/pages\/25584\/revisions\/50700"}],"wp:attachment":[{"href":"https:\/\/www.urlaubcornwall.de\/blog\/wp-json\/wp\/v2\/media?parent=25584"}],"curies":[{"name":"wp","href":"https:\/\/api.w.org\/{rel}","templated":true}]}}