{"id":25573,"date":"2016-11-29T10:25:27","date_gmt":"2016-11-29T10:25:27","guid":{"rendered":"https:\/\/www.urlaubcornwall.de\/blog\/?page_id=25573"},"modified":"2024-05-29T14:31:54","modified_gmt":"2024-05-29T14:31:54","slug":"sehenswuerdigkeiten-nordost-wales-es-gibt-hier-das-ganze-jahr-ueber-etwas-zu-sehen","status":"publish","type":"page","link":"https:\/\/www.urlaubcornwall.de\/blog\/sehenswuerdigkeiten-nordost-wales-es-gibt-hier-das-ganze-jahr-ueber-etwas-zu-sehen\/","title":{"rendered":"Sehensw\u00fcrdigkeiten Nordost Wales: es gibt hier das ganze Jahr \u00fcber etwas zu sehen."},"content":{"rendered":"<p>Nordostwales ist ein herrlicher Teil des Landes mit s<a href=\"https:\/\/www.urlaubcornwall.de\/reiseziel\/wales.php\">pektakul\u00e4rer Landschaft, H\u00fcgeln, heidebedecktem Moorland und wundersch\u00f6nen Str\u00e4nden<\/a>. Das Gebiet ist voller Geschichte mit H\u00fcgelfestungen aus der Eisenzeit und herrlichen Burgen; es gibt hier das ganze Jahr \u00fcber etwas zu sehen.<\/p>\n<p><a href=\"https:\/\/www.urlaubcornwall.de\/blog\/wp-content\/uploads\/2024\/03\/Pontcysyllte-Aqueduct.jpg\"><img loading=\"lazy\" src=\"https:\/\/www.urlaubcornwall.de\/blog\/wp-content\/uploads\/2024\/03\/Pontcysyllte-Aqueduct.jpg\" alt=\"Pontcysyllte-Aqueduct\" width=\"750\" height=\"510\" class=\"alignnone size-full wp-image-48053\" srcset=\"https:\/\/www.urlaubcornwall.de\/blog\/wp-content\/uploads\/2024\/03\/Pontcysyllte-Aqueduct.jpg 750w, https:\/\/www.urlaubcornwall.de\/blog\/wp-content\/uploads\/2024\/03\/Pontcysyllte-Aqueduct-300x204.jpg 300w\" sizes=\"(max-width: 750px) 100vw, 750px\" \/><\/a><\/p>\n<p><strong>Pontcysyllte Aqu\u00e4dukt:<\/strong> Der \u2018Kanal in den Wolken\u2019 wurde 1805 von Thomas Telford und William Jessop erbaut, um den Ellesmere Kanal durch das Tal des Flusses Dee zu bringen. Das gusseiserne Aqu\u00e4dukt ist auf 19 S\u00e4ulen errichtet, 30m \u00fcber dem Fluss Dee an der walisisch-englischen Grenze.&nbsp; Sie k\u00f6nnen hin\u00fcber spazieren oder eine Bootsfahrt machen; es gibt einen herrlichen Blick vom Aqu\u00e4dukt aus auf den Fluss und die Landschaft.<\/p>\n<p><strong>Llangollen:<\/strong> ist ein h\u00fcbscher <a href=\"https:\/\/www.urlaubcornwall.de\/blog\/besuchen-sie-wales-entdecken-sie-die-mythen-und-legenden\/\">Urlaubsort im Binnenland von Wales<\/a>, gesch\u00fctzt gelegen in einem Tal an den Ufern des Flusses Dee und ist bekannt f\u00fcr sein \u2018International Musical Eisteddfod\u2019 \u2013 ein j\u00e4hrliches Sommerfest voller Gesang und Tanz, das seit seiner Gr\u00fcndung 1947 Menschen aus der ganzen Welt anzieht.<\/p>\n<p>Die aus dem 14. Jahrhundert stammende Br\u00fccke in Llangollen, die den Fluss Dee \u00fcberspannt, wird als eines der \u2018Wunder von Wales\u2019 beschrieben.<\/p>\n<p>Dinas Bran Castle, eine herrliche, sich in Ruinen befindende Burg, die im 13. Jahrhundert erbaut wurde, blickt \u00fcber die Stadt; der Blick \u00fcber &nbsp;Llangollen und die Landschaft der Umgebung ist des steilen Aufstiegs wert.<\/p>\n<p>Valle Crucis Abbey ist eine romantische, von B\u00e4umen umrahmte Ruine, eine der sch\u00f6nsten in Wales. Sie wurde 1201 von Zisterzienserm\u00f6nchen gegr\u00fcndet und war die zweitreichste Abtei in Wales; sie war bis zur Aufl\u00f6sung der Kl\u00f6ster 1537 bewohnt.<\/p>\n<p>Genie\u00dfen Sie eine Pferdekutschenfahrt entlang des Llangollen Kanals; der Kanal, der von Thomas Telford&nbsp; 1805 erbaut wurde, wurde dazu benutzt, Schiefer von den Steinbr\u00fcchen in die St\u00e4dte nach England zu bringen. Die gem\u00fctliche Fahrt entlang des Kanals gestattet Ihnen, die wundersch\u00f6ne Landschaft der Gegend zu genie\u00dfen.<\/p>\n<p>Plas Newydd ist ein herrliches Haus mit schwarzen und wei\u00dfen Holzbalken am Rande der Stadt, das von 1780-1829 das Zuhause der gastfreundlichen \u2018Ladies of Llangollen\u2019 war. Lady Eleanor Butler und Miss Sarah Ponsonby waren in der gesamten Regency Gesellschaft bekannt und hie\u00dfen viele ber\u00fchmte Menschen in ihrem Haus willkommen, einschlie\u00dflich William Wordsworth und den Duke of Wellington.<\/p>\n<p><strong>Offa\u2019s Dyke Pfad:<\/strong> Offa\u2019s Dyke folgt 285km lang der englisch\/walisischen Grenze; der Pfad wurde geschaffen, um der Linie zu folgen, die im 8. Jahrhundert von K\u00f6nig Offa als Grenzlinie seines Reiches geschaffen wurde. Im Nordosten von Wales windet sich der Pfad entlang unterhalb des Eglwyseg Mountain, \u00fcberquert das Moorgebiet von Cyrn-y-Brain und folgt dann den Prestatyn H\u00fcgeln hinunter in die Stadt Prestatyn.<\/p>\n<div class=\"snippet\"> <a class=\"featured-item\" href=\" https:\/\/www.urlaubcornwall.de\/ferienhaeuser\/wales.php\"> <span class=\"image-holder\" style=\"background-image: url(' https:\/\/www.urlaubcornwall.de\/blog\/wp-content\/uploads\/2018\/12\/busreisen-wales-england.jpg');\"><\/span> <span class=\"featured-content\"> \n<h2 class=\"featured-title\">Bei uns finden Sie Ferienh\u00e4user in Wales zum Verlieben!<\/h2>\n<p class=\"featured-body\">Untenstehend finden Sie eine Auswahl an Selbstversorger-Ferienh\u00e4usern in Wales. Hier finden Sie handverlesene, pers\u00f6nlich inspizierte Cottages entlang der walisischen K\u00fcste&#8230;..<\/p>\n<\/span> <span class=\"featured-link-holder\"> <span class=\"featured-extra-info\"> \n<p>F\u00fcr Paare, Familien &#038; Gruppen<\/p>\n<\/span> \n<p class=\"featured-link\">DETAILS<\/p>\n<\/span> <\/a><\/div>\n<p style=\"text-align: center;\">UrlaubCornwall.de hat eine einzigartige Sammlung pers\u00f6nlich inspizierter Ferienh\u00e4user und Ferienwohnungen in Wales, <a href=\"https:\/\/www.urlaubcornwall.de\/ferienhaueser\/suedengland.php\">S\u00fcdengland<\/a> und nun auch im gesamten Gro\u00dfbritannien.<\/p>\n","protected":false},"excerpt":{"rendered":"<p>Nordostwales ist ein herrlicher Teil des Landes mit spektakul\u00e4rer Landschaft, H\u00fcgeln, heidebedecktem Moorland und wundersch\u00f6nen Str\u00e4nden. Das Gebiet ist voller Geschichte mit H\u00fcgelfestungen aus der Eisenzeit und herrlichen Burgen; es gibt hier das ganze Jahr \u00fcber etwas zu sehen. Pontcysyllte Aqu\u00e4dukt: Der \u2018Kanal in den Wolken\u2019 wurde 1805 von Thomas Telford und William Jessop erbaut, [&hellip;]<\/p>\n","protected":false},"author":1,"featured_media":0,"parent":0,"menu_order":0,"comment_status":"closed","ping_status":"closed","template":"single-four.php","meta":[],"acf":[],"yoast_head":"<!-- This site is optimized with the Yoast SEO plugin v19.4 - https:\/\/yoast.com\/wordpress\/plugins\/seo\/ -->\n<title>Sehensw\u00fcrdigkeiten Nordost Wales: es gibt hier das ganze Jahr \u00fcber etwas zu sehen. - Urlaub &amp; Reisen<\/title>\n<meta name=\"robots\" content=\"index, follow, max-snippet:-1, max-image-preview:large, max-video-preview:-1\" \/>\n<link rel=\"canonical\" href=\"https:\/\/www.urlaubcornwall.de\/blog\/sehenswuerdigkeiten-nordost-wales-es-gibt-hier-das-ganze-jahr-ueber-etwas-zu-sehen\/\" \/>\n<meta property=\"og:locale\" content=\"en_US\" \/>\n<meta property=\"og:type\" content=\"article\" \/>\n<meta property=\"og:title\" content=\"Sehensw\u00fcrdigkeiten Nordost Wales: es gibt hier das ganze Jahr \u00fcber etwas zu sehen. - Urlaub &amp; Reisen\" \/>\n<meta property=\"og:description\" content=\"Nordostwales ist ein herrlicher Teil des Landes mit spektakul\u00e4rer Landschaft, H\u00fcgeln, heidebedecktem Moorland und wundersch\u00f6nen Str\u00e4nden. Das Gebiet ist voller Geschichte mit H\u00fcgelfestungen aus der Eisenzeit und herrlichen Burgen; es gibt hier das ganze Jahr \u00fcber etwas zu sehen. Pontcysyllte Aqu\u00e4dukt: Der \u2018Kanal in den Wolken\u2019 wurde 1805 von Thomas Telford und William Jessop erbaut, [&hellip;]\" \/>\n<meta property=\"og:url\" content=\"https:\/\/www.urlaubcornwall.de\/blog\/sehenswuerdigkeiten-nordost-wales-es-gibt-hier-das-ganze-jahr-ueber-etwas-zu-sehen\/\" \/>\n<meta property=\"og:site_name\" content=\"Urlaub &amp; Reisen\" \/>\n<meta property=\"article:modified_time\" content=\"2024-05-29T14:31:54+00:00\" \/>\n<meta property=\"og:image\" content=\"https:\/\/www.urlaubcornwall.de\/blog\/wp-content\/uploads\/2024\/03\/Pontcysyllte-Aqueduct.jpg\" \/>\n<meta name=\"twitter:card\" content=\"summary\" \/>\n<meta name=\"twitter:label1\" content=\"Est. reading time\" \/>\n\t<meta name=\"twitter:data1\" content=\"3 minutes\" \/>\n<script type=\"application\/ld+json\" class=\"yoast-schema-graph\">{\"@context\":\"https:\/\/schema.org\",\"@graph\":[{\"@type\":\"WebSite\",\"@id\":\"https:\/\/www.urlaubcornwall.de\/blog\/#website\",\"url\":\"https:\/\/www.urlaubcornwall.de\/blog\/\",\"name\":\"Urlaub &amp; Reisen\",\"description\":\"Urlaub, Reisen, Cornwall und S\u00fcdengland: eine perfekte Kombination\",\"potentialAction\":[{\"@type\":\"SearchAction\",\"target\":{\"@type\":\"EntryPoint\",\"urlTemplate\":\"https:\/\/www.urlaubcornwall.de\/blog\/?s={search_term_string}\"},\"query-input\":\"required name=search_term_string\"}],\"inLanguage\":\"en-US\"},{\"@type\":\"WebPage\",\"@id\":\"https:\/\/www.urlaubcornwall.de\/blog\/sehenswuerdigkeiten-nordost-wales-es-gibt-hier-das-ganze-jahr-ueber-etwas-zu-sehen\/\",\"url\":\"https:\/\/www.urlaubcornwall.de\/blog\/sehenswuerdigkeiten-nordost-wales-es-gibt-hier-das-ganze-jahr-ueber-etwas-zu-sehen\/\",\"name\":\"Sehensw\u00fcrdigkeiten Nordost Wales: es gibt hier das ganze Jahr \u00fcber etwas zu sehen. - Urlaub &amp; Reisen\",\"isPartOf\":{\"@id\":\"https:\/\/www.urlaubcornwall.de\/blog\/#website\"},\"datePublished\":\"2016-11-29T10:25:27+00:00\",\"dateModified\":\"2024-05-29T14:31:54+00:00\",\"breadcrumb\":{\"@id\":\"https:\/\/www.urlaubcornwall.de\/blog\/sehenswuerdigkeiten-nordost-wales-es-gibt-hier-das-ganze-jahr-ueber-etwas-zu-sehen\/#breadcrumb\"},\"inLanguage\":\"en-US\",\"potentialAction\":[{\"@type\":\"ReadAction\",\"target\":[\"https:\/\/www.urlaubcornwall.de\/blog\/sehenswuerdigkeiten-nordost-wales-es-gibt-hier-das-ganze-jahr-ueber-etwas-zu-sehen\/\"]}]},{\"@type\":\"BreadcrumbList\",\"@id\":\"https:\/\/www.urlaubcornwall.de\/blog\/sehenswuerdigkeiten-nordost-wales-es-gibt-hier-das-ganze-jahr-ueber-etwas-zu-sehen\/#breadcrumb\",\"itemListElement\":[{\"@type\":\"ListItem\",\"position\":1,\"name\":\"Home\",\"item\":\"https:\/\/www.urlaubcornwall.de\/blog\/\"},{\"@type\":\"ListItem\",\"position\":2,\"name\":\"Sehensw\u00fcrdigkeiten Nordost Wales: es gibt hier das ganze Jahr \u00fcber etwas zu sehen.\"}]}]}<\/script>\n<!-- \/ Yoast SEO plugin. -->","yoast_head_json":{"title":"Sehensw\u00fcrdigkeiten Nordost Wales: es gibt hier das ganze Jahr \u00fcber etwas zu sehen. - Urlaub &amp; Reisen","robots":{"index":"index","follow":"follow","max-snippet":"max-snippet:-1","max-image-preview":"max-image-preview:large","max-video-preview":"max-video-preview:-1"},"canonical":"https:\/\/www.urlaubcornwall.de\/blog\/sehenswuerdigkeiten-nordost-wales-es-gibt-hier-das-ganze-jahr-ueber-etwas-zu-sehen\/","og_locale":"en_US","og_type":"article","og_title":"Sehensw\u00fcrdigkeiten Nordost Wales: es gibt hier das ganze Jahr \u00fcber etwas zu sehen. - Urlaub &amp; Reisen","og_description":"Nordostwales ist ein herrlicher Teil des Landes mit spektakul\u00e4rer Landschaft, H\u00fcgeln, heidebedecktem Moorland und wundersch\u00f6nen Str\u00e4nden. Das Gebiet ist voller Geschichte mit H\u00fcgelfestungen aus der Eisenzeit und herrlichen Burgen; es gibt hier das ganze Jahr \u00fcber etwas zu sehen. Pontcysyllte Aqu\u00e4dukt: Der \u2018Kanal in den Wolken\u2019 wurde 1805 von Thomas Telford und William Jessop erbaut, [&hellip;]","og_url":"https:\/\/www.urlaubcornwall.de\/blog\/sehenswuerdigkeiten-nordost-wales-es-gibt-hier-das-ganze-jahr-ueber-etwas-zu-sehen\/","og_site_name":"Urlaub &amp; Reisen","article_modified_time":"2024-05-29T14:31:54+00:00","og_image":[{"url":"https:\/\/www.urlaubcornwall.de\/blog\/wp-content\/uploads\/2024\/03\/Pontcysyllte-Aqueduct.jpg"}],"twitter_card":"summary","twitter_misc":{"Est. reading time":"3 minutes"},"schema":{"@context":"https:\/\/schema.org","@graph":[{"@type":"WebSite","@id":"https:\/\/www.urlaubcornwall.de\/blog\/#website","url":"https:\/\/www.urlaubcornwall.de\/blog\/","name":"Urlaub &amp; Reisen","description":"Urlaub, Reisen, Cornwall und S\u00fcdengland: eine perfekte Kombination","potentialAction":[{"@type":"SearchAction","target":{"@type":"EntryPoint","urlTemplate":"https:\/\/www.urlaubcornwall.de\/blog\/?s={search_term_string}"},"query-input":"required name=search_term_string"}],"inLanguage":"en-US"},{"@type":"WebPage","@id":"https:\/\/www.urlaubcornwall.de\/blog\/sehenswuerdigkeiten-nordost-wales-es-gibt-hier-das-ganze-jahr-ueber-etwas-zu-sehen\/","url":"https:\/\/www.urlaubcornwall.de\/blog\/sehenswuerdigkeiten-nordost-wales-es-gibt-hier-das-ganze-jahr-ueber-etwas-zu-sehen\/","name":"Sehensw\u00fcrdigkeiten Nordost Wales: es gibt hier das ganze Jahr \u00fcber etwas zu sehen. - Urlaub &amp; Reisen","isPartOf":{"@id":"https:\/\/www.urlaubcornwall.de\/blog\/#website"},"datePublished":"2016-11-29T10:25:27+00:00","dateModified":"2024-05-29T14:31:54+00:00","breadcrumb":{"@id":"https:\/\/www.urlaubcornwall.de\/blog\/sehenswuerdigkeiten-nordost-wales-es-gibt-hier-das-ganze-jahr-ueber-etwas-zu-sehen\/#breadcrumb"},"inLanguage":"en-US","potentialAction":[{"@type":"ReadAction","target":["https:\/\/www.urlaubcornwall.de\/blog\/sehenswuerdigkeiten-nordost-wales-es-gibt-hier-das-ganze-jahr-ueber-etwas-zu-sehen\/"]}]},{"@type":"BreadcrumbList","@id":"https:\/\/www.urlaubcornwall.de\/blog\/sehenswuerdigkeiten-nordost-wales-es-gibt-hier-das-ganze-jahr-ueber-etwas-zu-sehen\/#breadcrumb","itemListElement":[{"@type":"ListItem","position":1,"name":"Home","item":"https:\/\/www.urlaubcornwall.de\/blog\/"},{"@type":"ListItem","position":2,"name":"Sehensw\u00fcrdigkeiten Nordost Wales: es gibt hier das ganze Jahr \u00fcber etwas zu sehen."}]}]}},"_links":{"self":[{"href":"https:\/\/www.urlaubcornwall.de\/blog\/wp-json\/wp\/v2\/pages\/25573"}],"collection":[{"href":"https:\/\/www.urlaubcornwall.de\/blog\/wp-json\/wp\/v2\/pages"}],"about":[{"href":"https:\/\/www.urlaubcornwall.de\/blog\/wp-json\/wp\/v2\/types\/page"}],"author":[{"embeddable":true,"href":"https:\/\/www.urlaubcornwall.de\/blog\/wp-json\/wp\/v2\/users\/1"}],"replies":[{"embeddable":true,"href":"https:\/\/www.urlaubcornwall.de\/blog\/wp-json\/wp\/v2\/comments?post=25573"}],"version-history":[{"count":6,"href":"https:\/\/www.urlaubcornwall.de\/blog\/wp-json\/wp\/v2\/pages\/25573\/revisions"}],"predecessor-version":[{"id":50702,"href":"https:\/\/www.urlaubcornwall.de\/blog\/wp-json\/wp\/v2\/pages\/25573\/revisions\/50702"}],"wp:attachment":[{"href":"https:\/\/www.urlaubcornwall.de\/blog\/wp-json\/wp\/v2\/media?parent=25573"}],"curies":[{"name":"wp","href":"https:\/\/api.w.org\/{rel}","templated":true}]}}