{"id":25567,"date":"2016-11-28T17:00:31","date_gmt":"2016-11-28T17:00:31","guid":{"rendered":"https:\/\/www.urlaubcornwall.de\/blog\/?page_id=25567"},"modified":"2024-04-02T11:12:15","modified_gmt":"2024-04-02T11:12:15","slug":"urlaub-llandudno-und-colwyn-bay-nordkueste-wales-sehenswuerdigkeiten-und-unterkunft","status":"publish","type":"page","link":"https:\/\/www.urlaubcornwall.de\/blog\/urlaub-llandudno-und-colwyn-bay-nordkueste-wales-sehenswuerdigkeiten-und-unterkunft\/","title":{"rendered":"Urlaub Llandudno und Colwyn Bay, Nordk\u00fcste Wales: Sehensw\u00fcrdigkeiten und Unterkunft"},"content":{"rendered":"<p><img loading=\"lazy\" class=\"aligncenter size-full wp-image-48177\" src=\"https:\/\/www.urlaubcornwall.de\/blog\/wp-content\/uploads\/2024\/03\/Llandudno-urlaub-rundreise.jpg\" alt=\"Llandudno urlaub rundreise\" width=\"750\" height=\"449\" srcset=\"https:\/\/www.urlaubcornwall.de\/blog\/wp-content\/uploads\/2024\/03\/Llandudno-urlaub-rundreise.jpg 750w, https:\/\/www.urlaubcornwall.de\/blog\/wp-content\/uploads\/2024\/03\/Llandudno-urlaub-rundreise-300x180.jpg 300w\" sizes=\"(max-width: 750px) 100vw, 750px\" \/><\/p>\n<p>Llandudno an der <a href=\"https:\/\/www.urlaubcornwall.de\/reiseziel\/wales.php\">Nordk\u00fcste von Wales<\/a> ist seit viktorianischen Zeiten bei Urlaubern beliebt. <a href=\"https:\/\/www.urlaubcornwall.de\/ferienhaeuser-fewos\/wal\/nordwales\/llandudno.html\">Llandudno hat sich seine viktorianische und edwardianische Pracht erhalten<\/a>, der Strand ist eine lange, gesch\u00fctzte Bucht mit einer breiten Promenade im Hintergrund. Das viktorianische Pier, das sich 700m ins Meer erstreckt, ist das l\u00e4ngste in Wales und eines der feinsten des Gro\u00dfbritannien. Hier gibt es Shops, Restaurants und Unterhaltung auf dem Pier; es ist auch m\u00f6glich, Angelruten zu mieten und Erlaubnis zu kaufen, um vom Pier aus zu angeln.<\/p>\n<p>Seilbahnen bringen Sie hinauf zum Gipfel des Great Orme; die Landzunge oberhalb von Llandudno ist 206m hoch, und von hier aus haben Sie spektakul\u00e4ren Blick nach Anglesey, Snowdonia und Puffin Island. Der Great Orme Country Park hat ein Besucherzentrum, wo Sie die alte Geschichte kennenlernen k\u00f6nnen, sowie das reiche und vielf\u00e4ltige Tierleben der Gegend, die ausgezeichnet wurde als \u2018besonderes Gebiet der Konservierung und St\u00e4tte besonderen wissenschaftlichen Interesses und Kulturerbek\u00fcste\u2019.<\/p>\n<p style=\"text-align: center;\"><a class=\"tidycta\" href=\"https:\/\/www.urlaubcornwall.de\/ferienhaeuser-fewos\/wal\/nordwales\/llandudno.html\">Suche Ferienh\u00e4user in Llandudno<\/a><\/p>\n<p><strong>Colwyn Bay:<\/strong> erstreckt sich 4,8km von Rhos on Sea. Der Sandstrand ist mit einer blauen Flagge ausgezeichnet und sicher zum Schwimmen; es gibt ein Wassersportzentrum, wo Sie Segeln lernen k\u00f6nnen, Windsurfen und Schnellbootfahren.<\/p>\n<p><strong>Bodnant Garten:<\/strong> Der Bodnant Garten befindet sich am Fu\u00dfe der H\u00fcgel von Snowdonia und ist einer der feinsten G\u00e4rten des UK. Es gibt 32 Hektar formeller Terrassen mit verschiedenen Pflanzensammlungen und Gartenbaustilen aus der ganzen Welt. Im Jahre 1874 vom viktorianischen Unternehmer Henry Cochin gegr\u00fcndet und nun im Besitz des National Trust, ist Bodnant besonders bekannt f\u00fcr seine Rhododendren, Azaleen, Kamelien und seinen herrlichen Goldregenbogen. Der Garten ist das ganze Jahr \u00fcber ge\u00f6ffnet.<\/p>\n<p><script async src=\"https:\/\/pagead2.googlesyndication.com\/pagead\/js\/adsbygoogle.js?client=ca-pub-3901089389175725\"\n     crossorigin=\"anonymous\"><\/script><br \/>\n<!-- New UC --><br \/>\n<ins class=\"adsbygoogle\"\n     style=\"display:block\"\n     data-ad-client=\"ca-pub-3901089389175725\"\n     data-ad-slot=\"8080314818\"\n     data-ad-format=\"auto\"\n     data-full-width-responsive=\"true\"><\/ins><br \/>\n<script>\n     (adsbygoogle = window.adsbygoogle || []).push({});\n<\/script><\/p>\n<p><strong>Conwy H\u00e4ngebr\u00fccke:<\/strong> Die Conwy H\u00e4ngebr\u00fccke wurde in den 1820ern von Thomas Telford designt, um sie an Conwy Castle anzupassen; diese anmutige Br\u00fccke, die 99,5m lang ist, \u00fcberquert den Fluss Conwy neben Conwy Castle. Die Br\u00fccke befindet sich nun im Besitz des National Trust, sie ist das ganze Jahr \u00fcber bei jeder Wetterlage ge\u00f6ffnet, jedoch nur f\u00fcr Fu\u00dfg\u00e4nger. Es gibt ein wundersch\u00f6n restauriertes winziges Z\u00f6llnerhaus mit herrlichem Blick \u00fcber die Conwy Flussm\u00fcndung.<\/p>\n<p><img loading=\"lazy\" class=\"aligncenter size-full wp-image-25569\" src=\"https:\/\/www.urlaubcornwall.de\/blog\/wp-content\/uploads\/2016\/11\/Conwy-Burg.jpg\" alt=\"Conwy burg\" height=\"400\" width=\"746\" srcset=\"https:\/\/www.urlaubcornwall.de\/blog\/wp-content\/uploads\/2016\/11\/Conwy-Burg.jpg 746w, https:\/\/www.urlaubcornwall.de\/blog\/wp-content\/uploads\/2016\/11\/Conwy-Burg-300x161.jpg 300w\" sizes=\"(max-width: 746px) 100vw, 746px\" \/><\/p>\n<p><strong>Conwy Castle:<\/strong> K\u00f6nig Edwards I herrliche Burg aus dem 13. Jahrhundert dominiert die kleine Stadt Conwy; die Burg hat 8 T\u00fcrme mit atemberaubendem Blick \u00fcber die Conwy Flussm\u00fcndung und hinunter in die Stadt. Die Festung ist eine Weltkulturerbest\u00e4tte, und Conwy ist wahrscheinlich die besterhaltene mittelalterliche befestigte Stadt Britanniens. Die Burg ist das ganze Jahr \u00fcber ge\u00f6ffnet.<\/p>\n<p style=\"text-align: center;\">UrlaubCornwall verf\u00fcgt Ferienh\u00e4user und Ferienwohnungen f\u00fcr Ihren <a href=\"https:\/\/www.urlaubcornwall.de\/reiseziel\/wales.php\">Urlaub in Wales<\/a>. Unterk\u00fcnfte der Spitzenklasse f\u00fcr 2 Personen, Familien und Gruppen mit 4, 6, 8, 10 oder 12 G\u00e4sten.<\/p>\n<h1 style=\"text-align: center;\"><strong>Bei uns finden Sie Ferienh\u00e4user zum Verlieben \u2013 so einfach ist das!<\/strong><\/h1>\n<p style=\"text-align: center;\"><a class=\"tidycta\" href=\"https:\/\/www.urlaubcornwall.de\/ferienhaeuser-fewos\/wal\/wales.html\">Suche Ferienh\u00e4user in Wales &gt;&gt;<\/a><\/p>\n<p style=\"text-align: center;\">UrlaubCornwall.de hat eine einzigartige Sammlung pers\u00f6nlich inspizierter <a href=\"https:\/\/www.urlaubcornwall.de\/ferienhaeuser\/wales.php\">Ferienh\u00e4user und Ferienwohnungen in Wales<\/a>, <a href=\"https:\/\/www.urlaubcornwall.de\/ferienhaueser\/suedengland.php\">S\u00fcdengland<\/a> und nun auch im gesamten Gro\u00dfbritannien.<\/p>\n<p style=\"text-align: center;\">UrlaubCornwall.de hat seinen Firmensitz in Cornwall in S\u00fcdwestengland und bietet Kunden im Deutsch sprechenden Europa Hilfe im Erstellen der perfekten Urlaubserfahrung hier. Wir haben <a href=\"http:\/\/www.urlaubcornwall.de\/rundreisenservice.php\">ein Team Deutsch sprechender Experten<\/a>, so dass wir eine individuelle Urlaub in England &amp; Wales.<\/p>\n","protected":false},"excerpt":{"rendered":"<p>Llandudno an der Nordk\u00fcste von Wales ist seit viktorianischen Zeiten bei Urlaubern beliebt. Llandudno hat sich seine viktorianische und edwardianische Pracht erhalten, der Strand ist eine lange, gesch\u00fctzte Bucht mit einer breiten Promenade im Hintergrund. Das viktorianische Pier, das sich 700m ins Meer erstreckt, ist das l\u00e4ngste in Wales und eines der feinsten des Gro\u00dfbritannien. [&hellip;]<\/p>\n","protected":false},"author":1,"featured_media":0,"parent":0,"menu_order":0,"comment_status":"closed","ping_status":"closed","template":"single-four.php","meta":[],"acf":[],"yoast_head":"<!-- This site is optimized with the Yoast SEO plugin v19.4 - https:\/\/yoast.com\/wordpress\/plugins\/seo\/ -->\n<title>Urlaub Llandudno und Colwyn Bay, Nordk\u00fcste Wales: Sehensw\u00fcrdigkeiten und Unterkunft - Urlaub &amp; Reisen<\/title>\n<meta name=\"robots\" content=\"index, follow, max-snippet:-1, max-image-preview:large, max-video-preview:-1\" \/>\n<link rel=\"canonical\" href=\"https:\/\/www.urlaubcornwall.de\/blog\/urlaub-llandudno-und-colwyn-bay-nordkueste-wales-sehenswuerdigkeiten-und-unterkunft\/\" \/>\n<meta property=\"og:locale\" content=\"en_US\" \/>\n<meta property=\"og:type\" content=\"article\" \/>\n<meta property=\"og:title\" content=\"Urlaub Llandudno und Colwyn Bay, Nordk\u00fcste Wales: Sehensw\u00fcrdigkeiten und Unterkunft - Urlaub &amp; Reisen\" \/>\n<meta property=\"og:description\" content=\"Llandudno an der Nordk\u00fcste von Wales ist seit viktorianischen Zeiten bei Urlaubern beliebt. Llandudno hat sich seine viktorianische und edwardianische Pracht erhalten, der Strand ist eine lange, gesch\u00fctzte Bucht mit einer breiten Promenade im Hintergrund. Das viktorianische Pier, das sich 700m ins Meer erstreckt, ist das l\u00e4ngste in Wales und eines der feinsten des Gro\u00dfbritannien. [&hellip;]\" \/>\n<meta property=\"og:url\" content=\"https:\/\/www.urlaubcornwall.de\/blog\/urlaub-llandudno-und-colwyn-bay-nordkueste-wales-sehenswuerdigkeiten-und-unterkunft\/\" \/>\n<meta property=\"og:site_name\" content=\"Urlaub &amp; Reisen\" \/>\n<meta property=\"article:modified_time\" content=\"2024-04-02T11:12:15+00:00\" \/>\n<meta property=\"og:image\" content=\"https:\/\/www.urlaubcornwall.de\/blog\/wp-content\/uploads\/2024\/03\/Llandudno-urlaub-rundreise.jpg\" \/>\n<meta name=\"twitter:card\" content=\"summary\" \/>\n<meta name=\"twitter:label1\" content=\"Est. reading time\" \/>\n\t<meta name=\"twitter:data1\" content=\"3 minutes\" \/>\n<script type=\"application\/ld+json\" class=\"yoast-schema-graph\">{\"@context\":\"https:\/\/schema.org\",\"@graph\":[{\"@type\":\"WebSite\",\"@id\":\"https:\/\/www.urlaubcornwall.de\/blog\/#website\",\"url\":\"https:\/\/www.urlaubcornwall.de\/blog\/\",\"name\":\"Urlaub &amp; Reisen\",\"description\":\"Urlaub, Reisen, Cornwall und S\u00fcdengland: eine perfekte Kombination\",\"potentialAction\":[{\"@type\":\"SearchAction\",\"target\":{\"@type\":\"EntryPoint\",\"urlTemplate\":\"https:\/\/www.urlaubcornwall.de\/blog\/?s={search_term_string}\"},\"query-input\":\"required name=search_term_string\"}],\"inLanguage\":\"en-US\"},{\"@type\":\"WebPage\",\"@id\":\"https:\/\/www.urlaubcornwall.de\/blog\/urlaub-llandudno-und-colwyn-bay-nordkueste-wales-sehenswuerdigkeiten-und-unterkunft\/\",\"url\":\"https:\/\/www.urlaubcornwall.de\/blog\/urlaub-llandudno-und-colwyn-bay-nordkueste-wales-sehenswuerdigkeiten-und-unterkunft\/\",\"name\":\"Urlaub Llandudno und Colwyn Bay, Nordk\u00fcste Wales: Sehensw\u00fcrdigkeiten und Unterkunft - Urlaub &amp; Reisen\",\"isPartOf\":{\"@id\":\"https:\/\/www.urlaubcornwall.de\/blog\/#website\"},\"datePublished\":\"2016-11-28T17:00:31+00:00\",\"dateModified\":\"2024-04-02T11:12:15+00:00\",\"breadcrumb\":{\"@id\":\"https:\/\/www.urlaubcornwall.de\/blog\/urlaub-llandudno-und-colwyn-bay-nordkueste-wales-sehenswuerdigkeiten-und-unterkunft\/#breadcrumb\"},\"inLanguage\":\"en-US\",\"potentialAction\":[{\"@type\":\"ReadAction\",\"target\":[\"https:\/\/www.urlaubcornwall.de\/blog\/urlaub-llandudno-und-colwyn-bay-nordkueste-wales-sehenswuerdigkeiten-und-unterkunft\/\"]}]},{\"@type\":\"BreadcrumbList\",\"@id\":\"https:\/\/www.urlaubcornwall.de\/blog\/urlaub-llandudno-und-colwyn-bay-nordkueste-wales-sehenswuerdigkeiten-und-unterkunft\/#breadcrumb\",\"itemListElement\":[{\"@type\":\"ListItem\",\"position\":1,\"name\":\"Home\",\"item\":\"https:\/\/www.urlaubcornwall.de\/blog\/\"},{\"@type\":\"ListItem\",\"position\":2,\"name\":\"Urlaub Llandudno und Colwyn Bay, Nordk\u00fcste Wales: Sehensw\u00fcrdigkeiten und Unterkunft\"}]}]}<\/script>\n<!-- \/ Yoast SEO plugin. -->","yoast_head_json":{"title":"Urlaub Llandudno und Colwyn Bay, Nordk\u00fcste Wales: Sehensw\u00fcrdigkeiten und Unterkunft - Urlaub &amp; Reisen","robots":{"index":"index","follow":"follow","max-snippet":"max-snippet:-1","max-image-preview":"max-image-preview:large","max-video-preview":"max-video-preview:-1"},"canonical":"https:\/\/www.urlaubcornwall.de\/blog\/urlaub-llandudno-und-colwyn-bay-nordkueste-wales-sehenswuerdigkeiten-und-unterkunft\/","og_locale":"en_US","og_type":"article","og_title":"Urlaub Llandudno und Colwyn Bay, Nordk\u00fcste Wales: Sehensw\u00fcrdigkeiten und Unterkunft - Urlaub &amp; Reisen","og_description":"Llandudno an der Nordk\u00fcste von Wales ist seit viktorianischen Zeiten bei Urlaubern beliebt. Llandudno hat sich seine viktorianische und edwardianische Pracht erhalten, der Strand ist eine lange, gesch\u00fctzte Bucht mit einer breiten Promenade im Hintergrund. Das viktorianische Pier, das sich 700m ins Meer erstreckt, ist das l\u00e4ngste in Wales und eines der feinsten des Gro\u00dfbritannien. [&hellip;]","og_url":"https:\/\/www.urlaubcornwall.de\/blog\/urlaub-llandudno-und-colwyn-bay-nordkueste-wales-sehenswuerdigkeiten-und-unterkunft\/","og_site_name":"Urlaub &amp; Reisen","article_modified_time":"2024-04-02T11:12:15+00:00","og_image":[{"url":"https:\/\/www.urlaubcornwall.de\/blog\/wp-content\/uploads\/2024\/03\/Llandudno-urlaub-rundreise.jpg"}],"twitter_card":"summary","twitter_misc":{"Est. reading time":"3 minutes"},"schema":{"@context":"https:\/\/schema.org","@graph":[{"@type":"WebSite","@id":"https:\/\/www.urlaubcornwall.de\/blog\/#website","url":"https:\/\/www.urlaubcornwall.de\/blog\/","name":"Urlaub &amp; Reisen","description":"Urlaub, Reisen, Cornwall und S\u00fcdengland: eine perfekte Kombination","potentialAction":[{"@type":"SearchAction","target":{"@type":"EntryPoint","urlTemplate":"https:\/\/www.urlaubcornwall.de\/blog\/?s={search_term_string}"},"query-input":"required name=search_term_string"}],"inLanguage":"en-US"},{"@type":"WebPage","@id":"https:\/\/www.urlaubcornwall.de\/blog\/urlaub-llandudno-und-colwyn-bay-nordkueste-wales-sehenswuerdigkeiten-und-unterkunft\/","url":"https:\/\/www.urlaubcornwall.de\/blog\/urlaub-llandudno-und-colwyn-bay-nordkueste-wales-sehenswuerdigkeiten-und-unterkunft\/","name":"Urlaub Llandudno und Colwyn Bay, Nordk\u00fcste Wales: Sehensw\u00fcrdigkeiten und Unterkunft - Urlaub &amp; Reisen","isPartOf":{"@id":"https:\/\/www.urlaubcornwall.de\/blog\/#website"},"datePublished":"2016-11-28T17:00:31+00:00","dateModified":"2024-04-02T11:12:15+00:00","breadcrumb":{"@id":"https:\/\/www.urlaubcornwall.de\/blog\/urlaub-llandudno-und-colwyn-bay-nordkueste-wales-sehenswuerdigkeiten-und-unterkunft\/#breadcrumb"},"inLanguage":"en-US","potentialAction":[{"@type":"ReadAction","target":["https:\/\/www.urlaubcornwall.de\/blog\/urlaub-llandudno-und-colwyn-bay-nordkueste-wales-sehenswuerdigkeiten-und-unterkunft\/"]}]},{"@type":"BreadcrumbList","@id":"https:\/\/www.urlaubcornwall.de\/blog\/urlaub-llandudno-und-colwyn-bay-nordkueste-wales-sehenswuerdigkeiten-und-unterkunft\/#breadcrumb","itemListElement":[{"@type":"ListItem","position":1,"name":"Home","item":"https:\/\/www.urlaubcornwall.de\/blog\/"},{"@type":"ListItem","position":2,"name":"Urlaub Llandudno und Colwyn Bay, Nordk\u00fcste Wales: Sehensw\u00fcrdigkeiten und Unterkunft"}]}]}},"_links":{"self":[{"href":"https:\/\/www.urlaubcornwall.de\/blog\/wp-json\/wp\/v2\/pages\/25567"}],"collection":[{"href":"https:\/\/www.urlaubcornwall.de\/blog\/wp-json\/wp\/v2\/pages"}],"about":[{"href":"https:\/\/www.urlaubcornwall.de\/blog\/wp-json\/wp\/v2\/types\/page"}],"author":[{"embeddable":true,"href":"https:\/\/www.urlaubcornwall.de\/blog\/wp-json\/wp\/v2\/users\/1"}],"replies":[{"embeddable":true,"href":"https:\/\/www.urlaubcornwall.de\/blog\/wp-json\/wp\/v2\/comments?post=25567"}],"version-history":[{"count":8,"href":"https:\/\/www.urlaubcornwall.de\/blog\/wp-json\/wp\/v2\/pages\/25567\/revisions"}],"predecessor-version":[{"id":48580,"href":"https:\/\/www.urlaubcornwall.de\/blog\/wp-json\/wp\/v2\/pages\/25567\/revisions\/48580"}],"wp:attachment":[{"href":"https:\/\/www.urlaubcornwall.de\/blog\/wp-json\/wp\/v2\/media?parent=25567"}],"curies":[{"name":"wp","href":"https:\/\/api.w.org\/{rel}","templated":true}]}}