{"id":25561,"date":"2016-11-28T16:15:10","date_gmt":"2016-11-28T16:15:10","guid":{"rendered":"https:\/\/www.urlaubcornwall.de\/blog\/?page_id=25561"},"modified":"2024-05-29T13:56:48","modified_gmt":"2024-05-29T13:56:48","slug":"25561-2","status":"publish","type":"page","link":"https:\/\/www.urlaubcornwall.de\/blog\/25561-2\/","title":{"rendered":"Urlaub in Glamorgan, S\u00fcdwales: Sehensw\u00fcrdigkeiten, Geschichte und Unterkunft"},"content":{"rendered":"<p><a href=\"https:\/\/www.urlaubcornwall.de\/blog\/wp-content\/uploads\/2024\/03\/gower-halbinsel-wales-1.jpg\"><img loading=\"lazy\" src=\"https:\/\/www.urlaubcornwall.de\/blog\/wp-content\/uploads\/2024\/03\/gower-halbinsel-wales-1.jpg\" alt=\"gower halbinsel wales\" width=\"750\" height=\"500\" class=\"alignnone size-full wp-image-47959\" srcset=\"https:\/\/www.urlaubcornwall.de\/blog\/wp-content\/uploads\/2024\/03\/gower-halbinsel-wales-1.jpg 750w, https:\/\/www.urlaubcornwall.de\/blog\/wp-content\/uploads\/2024\/03\/gower-halbinsel-wales-1-300x200.jpg 300w\" sizes=\"(max-width: 750px) 100vw, 750px\" \/><\/a><\/p>\n<p>Dieses Gebiet von Wales, das nahe an der <a href=\"https:\/\/www.urlaubcornwall.de\/blog\/urlaub-in-cardiff-sehenswuerdigkeiten-geschichte-und-unterkunft\/\">Hauptstadt Cardiff<\/a> liegt, hat eine herrliche K\u00fcstenlandschaft mit wilden Klippen und gr\u00fcnen H\u00fcgeln im Hintergrund. Die <a href=\"https:\/\/www.urlaubcornwall.de\/ferienhaeuser-fewos\/wal\/suedwales\/suedwales.html\">Glamorgan Heritage Coast<\/a> verl\u00e4uft 22,5km von West Aberthaw&nbsp; zum beliebten Urlaubort Porthcawl. Der K\u00fcstenpfad f\u00fchrt an einigen der unber\u00fchrtesten Str\u00e4nde entlang.<\/p>\n<p><strong>Llantwit Major:<\/strong> ist ein malerisches, aus Stein erbautes Dorf und eines der sch\u00f6nsten im Vale of Glamorgan. Der walisische Name des Dorfes ist Llanilltud Fawr, benannt nach St Illtyd, der im 5. Jahrhundert von der Bretagne kam und ein Kloster gr\u00fcndete. Das Kloster ist mittlerweile verschwunden, doch die Pfarrkirche von St Illtyd ist eine der \u00e4ltesten in <a href=\"https:\/\/www.urlaubcornwall.de\/blog\/besuchen-sie-wales-entdecken-sie-die-mythen-und-legenden\/\">Wales<\/a> und reicht zur\u00fcck ins 13. Jahrhundert. Das Dorf liegt an einem Bach, der hinunter flie\u00dft zum Meer. Der Sand- und Kieselstrand hat jede Menge Felspools zum Erkunden und ist einer der feinsten Str\u00e4nde in Wales, an dem Fossilien gefunden werden k\u00f6nnen.<\/p>\n<p><script async src=\"https:\/\/pagead2.googlesyndication.com\/pagead\/js\/adsbygoogle.js?client=ca-pub-3901089389175725\"\n     crossorigin=\"anonymous\"><\/script><br \/>\n<!-- New UC --><br \/>\n<ins class=\"adsbygoogle\"\n     style=\"display:block\"\n     data-ad-client=\"ca-pub-3901089389175725\"\n     data-ad-slot=\"8080314818\"\n     data-ad-format=\"auto\"\n     data-full-width-responsive=\"true\"><\/ins><br \/>\n<script>\n     (adsbygoogle = window.adsbygoogle || []).push({});\n<\/script><\/p>\n<p><strong>Bryngarw Country Park:<\/strong> Bryngarw Country Park befindet sich innerhalb von 48ha an den Ufern des Flusses Gawr bei Bridgend. Er eignet sich hervorragend als Familienausflugsziel mit Waldgebiet, formellen G\u00e4rten und &nbsp;exotischen B\u00e4umen. Es gibt drei verschiedene Pfade; einen Waldpfad von 1,2km durch das wundersch\u00f6ne Waldgebiet, das voller Blumen und Waldv\u00f6gel ist, einen Wiesenpfad von 0,8 km durch offene Wiesen voller Wildblumen und einen Flusspfad entlang des schnell flie\u00dfenden Flusses Gawr.&nbsp; Es gibt auch einen 13km langen Radweg vom Bryngarw Country Park nach Blaengarw, der sich perfekt f\u00fcr Familien eignet, da er verkehrsfrei ist. Es gibt auch einen Kinderspielplatz und einen Grill- und Picknickbereich.<\/p>\n<p><strong>Nash Point Leuchtturm:<\/strong> ist ein ikonisches historisches Geb\u00e4ude aus dem 19. Jahrhundert und war der zuletzt bemannte Leuchtturm in Wales; das Licht wurde 1998 automatisiert. Der Leuchtturm ist der \u00d6ffentlichkeit zug\u00e4nglich, und es ist auch m\u00f6glich, hier zu heiraten. Nash Point Leuchtturm ist ein ausgezeichneter Ort, von dem aus Sie eine Klippenwanderung unternehmen k\u00f6nnen mit dramatischem Blick der K\u00fcste entlang.<\/p>\n<p><strong>Ogmore Castle:<\/strong> Die Ruinen der Ogmore Burg aus dem 12. Jahrhundert liegen idyllisch an den Ufern des Flusses Ewenny und des Flusses Ogmore. Bei Ebbe k\u00f6nnen Sie den Fluss \u00fcberqueren \u00fcber die 52 riesigen Trittsteine hinweg hin zur Burg. Im nahe gelegenen Dorf Ogmore -by -Sea befindet sich einer der eindrucksvollsten Str\u00e4nde der Gegend am Glamorgan K\u00fcstenpfad; es ist ein herrlicher Strand zum Wandern, mit dem Hund zu spazieren und zum Surfen. Gehen Sie zum Dorf Merthyr Mawr mit seinen h\u00fcbschen reetgedeckten H\u00e4usern und seiner sch\u00f6nen Kirche aus dem 19. Jahrhundert; vor dem Dorf befinden sich die Sandd\u00fcnen von Merthyr Mawr. Diese Sandd\u00fcnen, die die zweith\u00f6chsten Europas sind, lieferten den Hintergrund zum Film \u2018Lawrence of Arabia\u2019.<\/p>\n<p style=\"text-align: center;\">UrlaubCornwall verf\u00fcgt Ferienh\u00e4user und Ferienwohnungen f\u00fcr Ihren <a href=\"https:\/\/www.urlaubcornwall.de\/reiseziel\/wales.php\">Urlaub in Wales<\/a>. Unterk\u00fcnfte der Spitzenklasse f\u00fcr 2 Personen, Familien und Gruppen mit 4, 6, 8, 10 oder 12 G\u00e4sten.<\/p>\n<h1 style=\"text-align: center;\"><strong>Bei uns finden Sie Ferienh\u00e4user zum Verlieben \u2013 so einfach ist das!<\/strong><\/h1>\n<p style=\"text-align: center;\"><a class=\"tidycta\" href=\"https:\/\/www.urlaubcornwall.de\/ferienhaeuser-fewos\/wal\/suedwales\/suedwales.html\">Suche Ferienh\u00e4user in Wales <\/a><\/p>\n<p style=\"text-align: center;\">UrlaubCornwall.de hat eine einzigartige Sammlung pers\u00f6nlich inspizierter <a href=\"https:\/\/www.urlaubcornwall.de\/ferienhaeuser\/wales.php\">Ferienh\u00e4user und Ferienwohnungen in Wales<\/a>, <a href=\"https:\/\/www.urlaubcornwall.de\/ferienhaueser\/suedengland.php\">S\u00fcdengland<\/a> und nun auch im gesamten Gro\u00dfbritannien.<\/p>\n<p style=\"text-align: center;\">UrlaubCornwall.de hat seinen Firmensitz in Cornwall in S\u00fcdwestengland und bietet Kunden im Deutsch sprechenden Europa Hilfe im Erstellen der perfekten Urlaubserfahrung hier. Wir haben <a href=\"http:\/\/www.urlaubcornwall.de\/rundreisenservice.php\">ein Team Deutsch sprechender Experten<\/a>, so dass wir eine individuelle Urlaub in England &amp; Wales.<\/p>\n","protected":false},"excerpt":{"rendered":"<p>Dieses Gebiet von Wales, das nahe an der Hauptstadt Cardiff liegt, hat eine herrliche K\u00fcstenlandschaft mit wilden Klippen und gr\u00fcnen H\u00fcgeln im Hintergrund. Die Glamorgan Heritage Coast verl\u00e4uft 22,5km von West Aberthaw&nbsp; zum beliebten Urlaubort Porthcawl. Der K\u00fcstenpfad f\u00fchrt an einigen der unber\u00fchrtesten Str\u00e4nde entlang. Llantwit Major: ist ein malerisches, aus Stein erbautes Dorf und [&hellip;]<\/p>\n","protected":false},"author":1,"featured_media":0,"parent":0,"menu_order":0,"comment_status":"closed","ping_status":"closed","template":"single-four.php","meta":[],"acf":[],"yoast_head":"<!-- This site is optimized with the Yoast SEO plugin v19.4 - https:\/\/yoast.com\/wordpress\/plugins\/seo\/ -->\n<title>Urlaub in Glamorgan, S\u00fcdwales: Sehensw\u00fcrdigkeiten, Geschichte und Unterkunft - Urlaub &amp; Reisen<\/title>\n<meta name=\"robots\" content=\"index, follow, max-snippet:-1, max-image-preview:large, max-video-preview:-1\" \/>\n<link rel=\"canonical\" href=\"https:\/\/www.urlaubcornwall.de\/blog\/25561-2\/\" \/>\n<meta property=\"og:locale\" content=\"en_US\" \/>\n<meta property=\"og:type\" content=\"article\" \/>\n<meta property=\"og:title\" content=\"Urlaub in Glamorgan, S\u00fcdwales: Sehensw\u00fcrdigkeiten, Geschichte und Unterkunft - Urlaub &amp; Reisen\" \/>\n<meta property=\"og:description\" content=\"Dieses Gebiet von Wales, das nahe an der Hauptstadt Cardiff liegt, hat eine herrliche K\u00fcstenlandschaft mit wilden Klippen und gr\u00fcnen H\u00fcgeln im Hintergrund. Die Glamorgan Heritage Coast verl\u00e4uft 22,5km von West Aberthaw&nbsp; zum beliebten Urlaubort Porthcawl. Der K\u00fcstenpfad f\u00fchrt an einigen der unber\u00fchrtesten Str\u00e4nde entlang. Llantwit Major: ist ein malerisches, aus Stein erbautes Dorf und [&hellip;]\" \/>\n<meta property=\"og:url\" content=\"https:\/\/www.urlaubcornwall.de\/blog\/25561-2\/\" \/>\n<meta property=\"og:site_name\" content=\"Urlaub &amp; Reisen\" \/>\n<meta property=\"article:modified_time\" content=\"2024-05-29T13:56:48+00:00\" \/>\n<meta property=\"og:image\" content=\"https:\/\/www.urlaubcornwall.de\/blog\/wp-content\/uploads\/2024\/03\/gower-halbinsel-wales-1.jpg\" \/>\n<meta name=\"twitter:card\" content=\"summary\" \/>\n<meta name=\"twitter:label1\" content=\"Est. reading time\" \/>\n\t<meta name=\"twitter:data1\" content=\"3 minutes\" \/>\n<script type=\"application\/ld+json\" class=\"yoast-schema-graph\">{\"@context\":\"https:\/\/schema.org\",\"@graph\":[{\"@type\":\"WebSite\",\"@id\":\"https:\/\/www.urlaubcornwall.de\/blog\/#website\",\"url\":\"https:\/\/www.urlaubcornwall.de\/blog\/\",\"name\":\"Urlaub &amp; Reisen\",\"description\":\"Urlaub, Reisen, Cornwall und S\u00fcdengland: eine perfekte Kombination\",\"potentialAction\":[{\"@type\":\"SearchAction\",\"target\":{\"@type\":\"EntryPoint\",\"urlTemplate\":\"https:\/\/www.urlaubcornwall.de\/blog\/?s={search_term_string}\"},\"query-input\":\"required name=search_term_string\"}],\"inLanguage\":\"en-US\"},{\"@type\":\"WebPage\",\"@id\":\"https:\/\/www.urlaubcornwall.de\/blog\/25561-2\/\",\"url\":\"https:\/\/www.urlaubcornwall.de\/blog\/25561-2\/\",\"name\":\"Urlaub in Glamorgan, S\u00fcdwales: Sehensw\u00fcrdigkeiten, Geschichte und Unterkunft - Urlaub &amp; Reisen\",\"isPartOf\":{\"@id\":\"https:\/\/www.urlaubcornwall.de\/blog\/#website\"},\"datePublished\":\"2016-11-28T16:15:10+00:00\",\"dateModified\":\"2024-05-29T13:56:48+00:00\",\"breadcrumb\":{\"@id\":\"https:\/\/www.urlaubcornwall.de\/blog\/25561-2\/#breadcrumb\"},\"inLanguage\":\"en-US\",\"potentialAction\":[{\"@type\":\"ReadAction\",\"target\":[\"https:\/\/www.urlaubcornwall.de\/blog\/25561-2\/\"]}]},{\"@type\":\"BreadcrumbList\",\"@id\":\"https:\/\/www.urlaubcornwall.de\/blog\/25561-2\/#breadcrumb\",\"itemListElement\":[{\"@type\":\"ListItem\",\"position\":1,\"name\":\"Home\",\"item\":\"https:\/\/www.urlaubcornwall.de\/blog\/\"},{\"@type\":\"ListItem\",\"position\":2,\"name\":\"Urlaub in Glamorgan, S\u00fcdwales: Sehensw\u00fcrdigkeiten, Geschichte und Unterkunft\"}]}]}<\/script>\n<!-- \/ Yoast SEO plugin. -->","yoast_head_json":{"title":"Urlaub in Glamorgan, S\u00fcdwales: Sehensw\u00fcrdigkeiten, Geschichte und Unterkunft - Urlaub &amp; Reisen","robots":{"index":"index","follow":"follow","max-snippet":"max-snippet:-1","max-image-preview":"max-image-preview:large","max-video-preview":"max-video-preview:-1"},"canonical":"https:\/\/www.urlaubcornwall.de\/blog\/25561-2\/","og_locale":"en_US","og_type":"article","og_title":"Urlaub in Glamorgan, S\u00fcdwales: Sehensw\u00fcrdigkeiten, Geschichte und Unterkunft - Urlaub &amp; Reisen","og_description":"Dieses Gebiet von Wales, das nahe an der Hauptstadt Cardiff liegt, hat eine herrliche K\u00fcstenlandschaft mit wilden Klippen und gr\u00fcnen H\u00fcgeln im Hintergrund. Die Glamorgan Heritage Coast verl\u00e4uft 22,5km von West Aberthaw&nbsp; zum beliebten Urlaubort Porthcawl. Der K\u00fcstenpfad f\u00fchrt an einigen der unber\u00fchrtesten Str\u00e4nde entlang. Llantwit Major: ist ein malerisches, aus Stein erbautes Dorf und [&hellip;]","og_url":"https:\/\/www.urlaubcornwall.de\/blog\/25561-2\/","og_site_name":"Urlaub &amp; Reisen","article_modified_time":"2024-05-29T13:56:48+00:00","og_image":[{"url":"https:\/\/www.urlaubcornwall.de\/blog\/wp-content\/uploads\/2024\/03\/gower-halbinsel-wales-1.jpg"}],"twitter_card":"summary","twitter_misc":{"Est. reading time":"3 minutes"},"schema":{"@context":"https:\/\/schema.org","@graph":[{"@type":"WebSite","@id":"https:\/\/www.urlaubcornwall.de\/blog\/#website","url":"https:\/\/www.urlaubcornwall.de\/blog\/","name":"Urlaub &amp; Reisen","description":"Urlaub, Reisen, Cornwall und S\u00fcdengland: eine perfekte Kombination","potentialAction":[{"@type":"SearchAction","target":{"@type":"EntryPoint","urlTemplate":"https:\/\/www.urlaubcornwall.de\/blog\/?s={search_term_string}"},"query-input":"required name=search_term_string"}],"inLanguage":"en-US"},{"@type":"WebPage","@id":"https:\/\/www.urlaubcornwall.de\/blog\/25561-2\/","url":"https:\/\/www.urlaubcornwall.de\/blog\/25561-2\/","name":"Urlaub in Glamorgan, S\u00fcdwales: Sehensw\u00fcrdigkeiten, Geschichte und Unterkunft - Urlaub &amp; Reisen","isPartOf":{"@id":"https:\/\/www.urlaubcornwall.de\/blog\/#website"},"datePublished":"2016-11-28T16:15:10+00:00","dateModified":"2024-05-29T13:56:48+00:00","breadcrumb":{"@id":"https:\/\/www.urlaubcornwall.de\/blog\/25561-2\/#breadcrumb"},"inLanguage":"en-US","potentialAction":[{"@type":"ReadAction","target":["https:\/\/www.urlaubcornwall.de\/blog\/25561-2\/"]}]},{"@type":"BreadcrumbList","@id":"https:\/\/www.urlaubcornwall.de\/blog\/25561-2\/#breadcrumb","itemListElement":[{"@type":"ListItem","position":1,"name":"Home","item":"https:\/\/www.urlaubcornwall.de\/blog\/"},{"@type":"ListItem","position":2,"name":"Urlaub in Glamorgan, S\u00fcdwales: Sehensw\u00fcrdigkeiten, Geschichte und Unterkunft"}]}]}},"_links":{"self":[{"href":"https:\/\/www.urlaubcornwall.de\/blog\/wp-json\/wp\/v2\/pages\/25561"}],"collection":[{"href":"https:\/\/www.urlaubcornwall.de\/blog\/wp-json\/wp\/v2\/pages"}],"about":[{"href":"https:\/\/www.urlaubcornwall.de\/blog\/wp-json\/wp\/v2\/types\/page"}],"author":[{"embeddable":true,"href":"https:\/\/www.urlaubcornwall.de\/blog\/wp-json\/wp\/v2\/users\/1"}],"replies":[{"embeddable":true,"href":"https:\/\/www.urlaubcornwall.de\/blog\/wp-json\/wp\/v2\/comments?post=25561"}],"version-history":[{"count":8,"href":"https:\/\/www.urlaubcornwall.de\/blog\/wp-json\/wp\/v2\/pages\/25561\/revisions"}],"predecessor-version":[{"id":50677,"href":"https:\/\/www.urlaubcornwall.de\/blog\/wp-json\/wp\/v2\/pages\/25561\/revisions\/50677"}],"wp:attachment":[{"href":"https:\/\/www.urlaubcornwall.de\/blog\/wp-json\/wp\/v2\/media?parent=25561"}],"curies":[{"name":"wp","href":"https:\/\/api.w.org\/{rel}","templated":true}]}}