{"id":25557,"date":"2016-11-28T15:57:16","date_gmt":"2016-11-28T15:57:16","guid":{"rendered":"https:\/\/www.urlaubcornwall.de\/blog\/?page_id=25557"},"modified":"2024-05-29T14:01:24","modified_gmt":"2024-05-29T14:01:24","slug":"urlaub-ceredigion-mid-wales-sehenswuerdigkeiten-geschichte-und-unterkunft","status":"publish","type":"page","link":"https:\/\/www.urlaubcornwall.de\/blog\/urlaub-ceredigion-mid-wales-sehenswuerdigkeiten-geschichte-und-unterkunft\/","title":{"rendered":"Urlaub Ceredigion, Mittel-Wales: Sehensw\u00fcrdigkeiten, Geschichte und Unterkunft"},"content":{"rendered":"<p><a href=\"https:\/\/www.urlaubcornwall.de\/blog\/wp-content\/uploads\/2024\/03\/aberaeron.jpg\"><img loading=\"lazy\" src=\"https:\/\/www.urlaubcornwall.de\/blog\/wp-content\/uploads\/2024\/03\/aberaeron.jpg\" alt=\"aberaeron\" width=\"750\" height=\"374\" class=\"alignnone size-full wp-image-48186\" srcset=\"https:\/\/www.urlaubcornwall.de\/blog\/wp-content\/uploads\/2024\/03\/aberaeron.jpg 750w, https:\/\/www.urlaubcornwall.de\/blog\/wp-content\/uploads\/2024\/03\/aberaeron-300x150.jpg 300w\" sizes=\"(max-width: 750px) 100vw, 750px\" \/><\/a><br \/>\nAberaeron \u00a9 Crown copyright (2013) Visit Wales<\/p>\n<p>Die K\u00fcste von Ceredigion ist wundersch\u00f6n mit preisgekr\u00f6nten Str\u00e4nden und malerischen H\u00e4fen; sie inspirierte Dylan Thomas dazu, einige seiner besten Werke zu schreiben. Hinter der K\u00fcste befinden sich die Cambrian Mountains, die reich an Naturleben und Legenden sind und eine faszinierende Landschaft haben.<\/p>\n<p><strong><a href=\"https:\/\/www.urlaubcornwall.de\/ferienhaeuser-fewos\/wal\/westwales\/aberaeron.html\">Aberaeron<\/a>:<\/strong>&nbsp; soll die h\u00fcbscheste Stadt an der <a href=\"https:\/\/www.urlaubcornwall.de\/blog\/besuchen-sie-wales-entdecken-sie-die-mythen-und-legenden\/\">K\u00fcste von Wales<\/a> sein, sie wurde im 18. Jahrhundert vom Pfarrer Alban Gwynne um einen gro\u00dfen und weitr\u00e4umigen Hafen herum designt. Die wundersch\u00f6nen Regency H\u00e4user, die alle in kontrastierenden Pastellt\u00f6nen gestrichen sind, verleihen den Hafenstra\u00dfen von Aberaeron ein mediterranes Gef\u00fchl. Die Stadt hat ihren Besuchern eine Menge zu bieten mit zahlreichen sch\u00f6nen Caf\u00e9s, Shops und Restaurants; es gibt Bootsfahrten vom Hafen aus entlang der K\u00fcste, um Cardigan Bay zu erkunden.<\/p>\n<p><script async src=\"https:\/\/pagead2.googlesyndication.com\/pagead\/js\/adsbygoogle.js?client=ca-pub-3901089389175725\"\n     crossorigin=\"anonymous\"><\/script><br \/>\n<!-- New UC --><br \/>\n<ins class=\"adsbygoogle\"\n     style=\"display:block\"\n     data-ad-client=\"ca-pub-3901089389175725\"\n     data-ad-slot=\"8080314818\"\n     data-ad-format=\"auto\"\n     data-full-width-responsive=\"true\"><\/ins><br \/>\n<script>\n     (adsbygoogle = window.adsbygoogle || []).push({});\n<\/script><\/p>\n<p><strong>Llanerchaeron:<\/strong> ist ein elegantes georgianisches Herrenhaus am Fluss Aeron, 3km von der Stadt Aberaeron entfernt. Es wurde in den 1790ern von John Nash erbaut, der auch den Buckingham Palast und den Brighton Pavillion designte. Das Haus befindet sich nun im Besitz des National Trust und ist das ganze Jahr \u00fcber ge\u00f6ffnet; es eignet sich hervorragend als Familienausflugsziel.<\/p>\n<p><strong><a href=\"https:\/\/www.urlaubcornwall.de\/ferienhaeuser-fewos\/wal\/westwales\/aberystwyth.html\">Aberystwyth<\/a>:<\/strong> ist der Hauptbadeort von Westwales, im Zentrum der <a href=\"https:\/\/www.urlaubcornwall.de\/ferienhaeuser-fewos\/wal\/westwales\/cardigan.html\">Cardigan Bay<\/a> gelegen, verbindet diese Universit\u00e4tsstadt die Attraktionen eines Badeorts mit Geschichte, die ins Eisenalter zur\u00fcckreicht. Die H\u00fcgelfestung von Pen Dinas hat Blick \u00fcber die Stadt mit den Ruinen einer der zahlreichen Burgen, die K\u00f6nig Edward I in Wales errichtete. Sie &nbsp;thront auf einer Landzunge s\u00fcdlich des Piers. Eine viktorianische Seilbahn steigt den Constitution Hill am Nordende der Promenade hinauf. Sie ist die l\u00e4ngste elektrische Klippenbahn Britanniens; der Blick vom 131m hoch gelegenen Gipfel ist herrlich und erstreckt sich bis hin nach Snowdonia im Norden und den Preseli Hills im S\u00fcden.<\/p>\n<p><strong>Devil\u2019s Bridge Wasserf\u00e4lle:<\/strong> Hier sind drei Br\u00fccken aufeinander gebaut, und dies macht diese dramatische bewaldete Schlucht des Flusses Mynach zu einem der gr\u00f6\u00dften landschaftlichen Highlights von Wales. Die erste Br\u00fccke wurde im 12. Jahrhundert von den M\u00f6nchen der nahe gelegenen Abtei errichtet; die zweite Br\u00fccke besteht aus Stein und die dritte aus Eisen. Der spektakul\u00e4re Wasserfall st\u00fcrzt 90m hinunter in den Fluss Rheidol. Sie k\u00f6nnen mit der Dampfeisenbahn von &nbsp;Aberystwyth zur Devil\u2019s Bridge reisen, auf der Vale of Rheidol Steam Railway; der Bahnhof befindet sich einen 4min\u00fctigen Spaziergang von den Wasserf\u00e4llen entfernt.<\/p>\n<p style=\"text-align: center;\">UrlaubCornwall verf\u00fcgt Ferienh\u00e4user und Ferienwohnungen f\u00fcr Ihren <a href=\"https:\/\/www.urlaubcornwall.de\/reiseziel\/wales.php\">Urlaub in Wales<\/a>. Unterk\u00fcnfte der Spitzenklasse f\u00fcr 2 Personen, Familien und Gruppen mit 4, 6, 8, 10 oder 12 G\u00e4sten.<\/p>\n<h1 style=\"text-align: center;\"><strong>Bei uns finden Sie Ferienh\u00e4user zum Verlieben \u2013 so einfach ist das!<\/strong><\/h1>\n<p style=\"text-align: center;\"><a class=\"tidycta\" href=\"https:\/\/www.urlaubcornwall.de\/ferienhaeuser-fewos\/wal\/mittelwales\/mittelwales.html\">Suche Ferienh\u00e4user in Wales &gt;&gt;<\/a><\/p>\n<p style=\"text-align: center;\">UrlaubCornwall.de hat eine einzigartige Sammlung pers\u00f6nlich inspizierter Ferienh\u00e4user und Ferienwohnungen in Wales, <a href=\"https:\/\/www.urlaubcornwall.de\/ferienhaueser\/suedengland.php\">S\u00fcdengland<\/a> und nun auch im gesamten Gro\u00dfbritannien.<\/p>\n<p style=\"text-align: center;\">UrlaubCornwall.de hat seinen Firmensitz in Cornwall in S\u00fcdwestengland und bietet Kunden im Deutsch sprechenden Europa Hilfe im Erstellen der perfekten Urlaubserfahrung hier. Wir haben <a href=\"http:\/\/www.urlaubcornwall.de\/rundreisenservice.php\">ein Team Deutsch sprechender Experten<\/a>, so dass wir eine individuelle Urlaub in England &amp; Wales.<\/p>\n","protected":false},"excerpt":{"rendered":"<p>Aberaeron \u00a9 Crown copyright (2013) Visit Wales Die K\u00fcste von Ceredigion ist wundersch\u00f6n mit preisgekr\u00f6nten Str\u00e4nden und malerischen H\u00e4fen; sie inspirierte Dylan Thomas dazu, einige seiner besten Werke zu schreiben. Hinter der K\u00fcste befinden sich die Cambrian Mountains, die reich an Naturleben und Legenden sind und eine faszinierende Landschaft haben. Aberaeron:&nbsp; soll die h\u00fcbscheste Stadt [&hellip;]<\/p>\n","protected":false},"author":1,"featured_media":0,"parent":0,"menu_order":0,"comment_status":"closed","ping_status":"closed","template":"single-four.php","meta":[],"acf":[],"yoast_head":"<!-- This site is optimized with the Yoast SEO plugin v19.4 - https:\/\/yoast.com\/wordpress\/plugins\/seo\/ -->\n<title>Urlaub Ceredigion, Mittel-Wales: Sehensw\u00fcrdigkeiten, Geschichte und Unterkunft - Urlaub &amp; Reisen<\/title>\n<meta name=\"robots\" content=\"index, follow, max-snippet:-1, max-image-preview:large, max-video-preview:-1\" \/>\n<link rel=\"canonical\" href=\"https:\/\/www.urlaubcornwall.de\/blog\/urlaub-ceredigion-mid-wales-sehenswuerdigkeiten-geschichte-und-unterkunft\/\" \/>\n<meta property=\"og:locale\" content=\"en_US\" \/>\n<meta property=\"og:type\" content=\"article\" \/>\n<meta property=\"og:title\" content=\"Urlaub Ceredigion, Mittel-Wales: Sehensw\u00fcrdigkeiten, Geschichte und Unterkunft - Urlaub &amp; Reisen\" \/>\n<meta property=\"og:description\" content=\"Aberaeron \u00a9 Crown copyright (2013) Visit Wales Die K\u00fcste von Ceredigion ist wundersch\u00f6n mit preisgekr\u00f6nten Str\u00e4nden und malerischen H\u00e4fen; sie inspirierte Dylan Thomas dazu, einige seiner besten Werke zu schreiben. Hinter der K\u00fcste befinden sich die Cambrian Mountains, die reich an Naturleben und Legenden sind und eine faszinierende Landschaft haben. Aberaeron:&nbsp; soll die h\u00fcbscheste Stadt [&hellip;]\" \/>\n<meta property=\"og:url\" content=\"https:\/\/www.urlaubcornwall.de\/blog\/urlaub-ceredigion-mid-wales-sehenswuerdigkeiten-geschichte-und-unterkunft\/\" \/>\n<meta property=\"og:site_name\" content=\"Urlaub &amp; Reisen\" \/>\n<meta property=\"article:modified_time\" content=\"2024-05-29T14:01:24+00:00\" \/>\n<meta property=\"og:image\" content=\"https:\/\/www.urlaubcornwall.de\/blog\/wp-content\/uploads\/2024\/03\/aberaeron.jpg\" \/>\n<meta name=\"twitter:card\" content=\"summary\" \/>\n<meta name=\"twitter:label1\" content=\"Est. reading time\" \/>\n\t<meta name=\"twitter:data1\" content=\"3 minutes\" \/>\n<script type=\"application\/ld+json\" class=\"yoast-schema-graph\">{\"@context\":\"https:\/\/schema.org\",\"@graph\":[{\"@type\":\"WebSite\",\"@id\":\"https:\/\/www.urlaubcornwall.de\/blog\/#website\",\"url\":\"https:\/\/www.urlaubcornwall.de\/blog\/\",\"name\":\"Urlaub &amp; Reisen\",\"description\":\"Urlaub, Reisen, Cornwall und S\u00fcdengland: eine perfekte Kombination\",\"potentialAction\":[{\"@type\":\"SearchAction\",\"target\":{\"@type\":\"EntryPoint\",\"urlTemplate\":\"https:\/\/www.urlaubcornwall.de\/blog\/?s={search_term_string}\"},\"query-input\":\"required name=search_term_string\"}],\"inLanguage\":\"en-US\"},{\"@type\":\"WebPage\",\"@id\":\"https:\/\/www.urlaubcornwall.de\/blog\/urlaub-ceredigion-mid-wales-sehenswuerdigkeiten-geschichte-und-unterkunft\/\",\"url\":\"https:\/\/www.urlaubcornwall.de\/blog\/urlaub-ceredigion-mid-wales-sehenswuerdigkeiten-geschichte-und-unterkunft\/\",\"name\":\"Urlaub Ceredigion, Mittel-Wales: Sehensw\u00fcrdigkeiten, Geschichte und Unterkunft - Urlaub &amp; Reisen\",\"isPartOf\":{\"@id\":\"https:\/\/www.urlaubcornwall.de\/blog\/#website\"},\"datePublished\":\"2016-11-28T15:57:16+00:00\",\"dateModified\":\"2024-05-29T14:01:24+00:00\",\"breadcrumb\":{\"@id\":\"https:\/\/www.urlaubcornwall.de\/blog\/urlaub-ceredigion-mid-wales-sehenswuerdigkeiten-geschichte-und-unterkunft\/#breadcrumb\"},\"inLanguage\":\"en-US\",\"potentialAction\":[{\"@type\":\"ReadAction\",\"target\":[\"https:\/\/www.urlaubcornwall.de\/blog\/urlaub-ceredigion-mid-wales-sehenswuerdigkeiten-geschichte-und-unterkunft\/\"]}]},{\"@type\":\"BreadcrumbList\",\"@id\":\"https:\/\/www.urlaubcornwall.de\/blog\/urlaub-ceredigion-mid-wales-sehenswuerdigkeiten-geschichte-und-unterkunft\/#breadcrumb\",\"itemListElement\":[{\"@type\":\"ListItem\",\"position\":1,\"name\":\"Home\",\"item\":\"https:\/\/www.urlaubcornwall.de\/blog\/\"},{\"@type\":\"ListItem\",\"position\":2,\"name\":\"Urlaub Ceredigion, Mittel-Wales: Sehensw\u00fcrdigkeiten, Geschichte und Unterkunft\"}]}]}<\/script>\n<!-- \/ Yoast SEO plugin. -->","yoast_head_json":{"title":"Urlaub Ceredigion, Mittel-Wales: Sehensw\u00fcrdigkeiten, Geschichte und Unterkunft - Urlaub &amp; Reisen","robots":{"index":"index","follow":"follow","max-snippet":"max-snippet:-1","max-image-preview":"max-image-preview:large","max-video-preview":"max-video-preview:-1"},"canonical":"https:\/\/www.urlaubcornwall.de\/blog\/urlaub-ceredigion-mid-wales-sehenswuerdigkeiten-geschichte-und-unterkunft\/","og_locale":"en_US","og_type":"article","og_title":"Urlaub Ceredigion, Mittel-Wales: Sehensw\u00fcrdigkeiten, Geschichte und Unterkunft - Urlaub &amp; Reisen","og_description":"Aberaeron \u00a9 Crown copyright (2013) Visit Wales Die K\u00fcste von Ceredigion ist wundersch\u00f6n mit preisgekr\u00f6nten Str\u00e4nden und malerischen H\u00e4fen; sie inspirierte Dylan Thomas dazu, einige seiner besten Werke zu schreiben. Hinter der K\u00fcste befinden sich die Cambrian Mountains, die reich an Naturleben und Legenden sind und eine faszinierende Landschaft haben. Aberaeron:&nbsp; soll die h\u00fcbscheste Stadt [&hellip;]","og_url":"https:\/\/www.urlaubcornwall.de\/blog\/urlaub-ceredigion-mid-wales-sehenswuerdigkeiten-geschichte-und-unterkunft\/","og_site_name":"Urlaub &amp; Reisen","article_modified_time":"2024-05-29T14:01:24+00:00","og_image":[{"url":"https:\/\/www.urlaubcornwall.de\/blog\/wp-content\/uploads\/2024\/03\/aberaeron.jpg"}],"twitter_card":"summary","twitter_misc":{"Est. reading time":"3 minutes"},"schema":{"@context":"https:\/\/schema.org","@graph":[{"@type":"WebSite","@id":"https:\/\/www.urlaubcornwall.de\/blog\/#website","url":"https:\/\/www.urlaubcornwall.de\/blog\/","name":"Urlaub &amp; Reisen","description":"Urlaub, Reisen, Cornwall und S\u00fcdengland: eine perfekte Kombination","potentialAction":[{"@type":"SearchAction","target":{"@type":"EntryPoint","urlTemplate":"https:\/\/www.urlaubcornwall.de\/blog\/?s={search_term_string}"},"query-input":"required name=search_term_string"}],"inLanguage":"en-US"},{"@type":"WebPage","@id":"https:\/\/www.urlaubcornwall.de\/blog\/urlaub-ceredigion-mid-wales-sehenswuerdigkeiten-geschichte-und-unterkunft\/","url":"https:\/\/www.urlaubcornwall.de\/blog\/urlaub-ceredigion-mid-wales-sehenswuerdigkeiten-geschichte-und-unterkunft\/","name":"Urlaub Ceredigion, Mittel-Wales: Sehensw\u00fcrdigkeiten, Geschichte und Unterkunft - Urlaub &amp; Reisen","isPartOf":{"@id":"https:\/\/www.urlaubcornwall.de\/blog\/#website"},"datePublished":"2016-11-28T15:57:16+00:00","dateModified":"2024-05-29T14:01:24+00:00","breadcrumb":{"@id":"https:\/\/www.urlaubcornwall.de\/blog\/urlaub-ceredigion-mid-wales-sehenswuerdigkeiten-geschichte-und-unterkunft\/#breadcrumb"},"inLanguage":"en-US","potentialAction":[{"@type":"ReadAction","target":["https:\/\/www.urlaubcornwall.de\/blog\/urlaub-ceredigion-mid-wales-sehenswuerdigkeiten-geschichte-und-unterkunft\/"]}]},{"@type":"BreadcrumbList","@id":"https:\/\/www.urlaubcornwall.de\/blog\/urlaub-ceredigion-mid-wales-sehenswuerdigkeiten-geschichte-und-unterkunft\/#breadcrumb","itemListElement":[{"@type":"ListItem","position":1,"name":"Home","item":"https:\/\/www.urlaubcornwall.de\/blog\/"},{"@type":"ListItem","position":2,"name":"Urlaub Ceredigion, Mittel-Wales: Sehensw\u00fcrdigkeiten, Geschichte und Unterkunft"}]}]}},"_links":{"self":[{"href":"https:\/\/www.urlaubcornwall.de\/blog\/wp-json\/wp\/v2\/pages\/25557"}],"collection":[{"href":"https:\/\/www.urlaubcornwall.de\/blog\/wp-json\/wp\/v2\/pages"}],"about":[{"href":"https:\/\/www.urlaubcornwall.de\/blog\/wp-json\/wp\/v2\/types\/page"}],"author":[{"embeddable":true,"href":"https:\/\/www.urlaubcornwall.de\/blog\/wp-json\/wp\/v2\/users\/1"}],"replies":[{"embeddable":true,"href":"https:\/\/www.urlaubcornwall.de\/blog\/wp-json\/wp\/v2\/comments?post=25557"}],"version-history":[{"count":9,"href":"https:\/\/www.urlaubcornwall.de\/blog\/wp-json\/wp\/v2\/pages\/25557\/revisions"}],"predecessor-version":[{"id":50678,"href":"https:\/\/www.urlaubcornwall.de\/blog\/wp-json\/wp\/v2\/pages\/25557\/revisions\/50678"}],"wp:attachment":[{"href":"https:\/\/www.urlaubcornwall.de\/blog\/wp-json\/wp\/v2\/media?parent=25557"}],"curies":[{"name":"wp","href":"https:\/\/api.w.org\/{rel}","templated":true}]}}