{"id":25552,"date":"2016-11-28T15:40:56","date_gmt":"2016-11-28T15:40:56","guid":{"rendered":"https:\/\/www.urlaubcornwall.de\/blog\/?page_id=25552"},"modified":"2024-05-29T14:03:22","modified_gmt":"2024-05-29T14:03:22","slug":"urlaub-in-carmarthenshire-carmarthen-bay-suedwales-sehenswuerdigkeiten-geschichte-und-unterkunft","status":"publish","type":"page","link":"https:\/\/www.urlaubcornwall.de\/blog\/urlaub-in-carmarthenshire-carmarthen-bay-suedwales-sehenswuerdigkeiten-geschichte-und-unterkunft\/","title":{"rendered":"Urlaub in Carmarthenshire &#038; Carmarthen Bay, S\u00fcdwales: Sehensw\u00fcrdigkeiten und Unterkunft"},"content":{"rendered":"<p><a href=\"https:\/\/www.urlaubcornwall.de\/blog\/wp-content\/uploads\/2024\/05\/Carmarthen-Bay.jpg\"><img loading=\"lazy\" src=\"https:\/\/www.urlaubcornwall.de\/blog\/wp-content\/uploads\/2024\/05\/Carmarthen-Bay.jpg\" alt=\"Carmarthen Bay\" width=\"750\" height=\"500\" class=\"alignnone size-full wp-image-50679\" srcset=\"https:\/\/www.urlaubcornwall.de\/blog\/wp-content\/uploads\/2024\/05\/Carmarthen-Bay.jpg 750w, https:\/\/www.urlaubcornwall.de\/blog\/wp-content\/uploads\/2024\/05\/Carmarthen-Bay-300x200.jpg 300w\" sizes=\"(max-width: 750px) 100vw, 750px\" \/><\/a><\/p>\n<p>Carmarthenshire erstreckt sich von der Carmarthen Bay im S\u00fcden hin zum westlichen Rand der Brecon Beacons im Norden. Die Landschaft ist satt und gr\u00fcn mit Bergen, alten W\u00e4ldern und goldenen Sandstr\u00e4nden. Tief verankert in Mythen und Legenden, soll hier Merlin, der Zauberer, geboren sein.<\/p>\n<p><strong>Nationale Botanische G\u00e4rten von Wales:<\/strong> Der nationale botanische Garten von <a href=\"https:\/\/www.urlaubcornwall.de\/reiseziel\/wales.php\">Wales<\/a> befindet sich innerhalb von 226ha der wundersch\u00f6nen Carmarthenshire Landschaft bei Llanarthne.&nbsp; Hier ist eine Reihe von Themeng\u00e4rten und das Great Glasshouse \u2013 das weltgr\u00f6\u00dfte einsp\u00e4nnige Gew\u00e4chshaus ist der Zentralpunkt des Gartens. Der Garten von Wales ist das ganze Jahr \u00fcber ge\u00f6ffnet, au\u00dfer an Weihnachten, und hat jedermann etwas zu bieten. Es ist eine familienfreundliche Attraktion mit mehr als 8000 Pflanzenarten, Mittelmeerlandschaften, japanischen G\u00e4rten, Wasserf\u00e4llen, Flussspazierwegen, Spielpl\u00e4tzen und ein Schmetterlingshaus sind lediglich ein paar Dinge des Angebots.<\/p>\n<p><strong>Pendine Sands:<\/strong> Die 11km festen, harten Flachstrandes am kleinen Dorf Pendine in der Carmarthen Bay wurden ber\u00fchmt als Ort, an dem zwischen 1924 und 1927 vier Landgeschwindigkeitsaufzeichnungen gemacht wurden. Im Jahre 2000 wurde hier der Rekord einer elektrischen Landgeschwindigkeitsaufzeichnung von 220 Stundenkilometern gemacht.<\/p>\n<p><strong>Dylan Thomas Bootshaus:<\/strong> Auf den Klippen mit Blick \u00fcber den Fluss Taf befindet sich dieses restaurierte h\u00f6lzerne Bootshaus, wo Dylan Thomas die letzten vier Jahre seines Lebens verbrachte. Hier hat er einige seiner gr\u00f6\u00dften Werke geschrieben, einschlie\u00dflich \u2018Under Milk Wood\u2019. Das Bootshaus, wo er mit seiner Frau und den Kindern von 1949-1953 lebte, ist das ganze Jahr \u00fcber der \u00d6ffentlichkeit zug\u00e4nglich; von der Terrasse aus ergibt sich ein wundervoller Blick \u00fcber den Fluss, der Paradies ist f\u00fcr V\u00f6gel und Tierleben. Das Bootshaus befindet sich einen 10min\u00fctigen Spaziergang vom Dorf Laugharne entfernt, wo Dylan Thomas auf dem Friedhof begraben ist.<\/p>\n<p><strong>Dolaucothi Goldbergwerke:<\/strong> Diese einzigartigen Goldminen, die vom National Trust gemanagt werden, befinden sich inmitten von bewaldeten H\u00fcgeln im Cothi Valley bei Llanwrda. Vor 2000 Jahren haben die R\u00f6mer hier Goldbergbau betrieben, und der Bergbau wurde bis ins Jahr 1938 fortgef\u00fchrt. Gef\u00fchrte Touren bringen Sie Untertage, doch Sie m\u00fcssen gr\u00f6\u00dfer als 95cm sein, und da es steile Abh\u00e4nge gibt, ist vern\u00fcnftiges Schuhwerk erforderlich. Es gibt auch Obertagetouren der r\u00f6mischen Arch\u00e4ologie; Sie k\u00f6nnen nach Gold sch\u00fcrfen und im Laden walisischen Goldschmuck kaufen.<\/p>\n<p><strong>Kidwelly Castle:<\/strong> Die eindrucksvolle Burg Kidwelly reicht zur\u00fcck ins 12. Jahrhundert, so gut erhalten und vollst\u00e4ndig ist sie eine der besten Burgen von Wales. Wenn Sie Kidwelly Castle im fr\u00fchen Morgennebel sehen, ist es sehr atmosph\u00e4risch und mystisch.&nbsp; Direkt vor dem Torhaus befindet sich eine Gedenkst\u00e4tte f\u00fcr Prinzessin Gwenllian, eine walisische Kriegsprinzessin, die 1136 in der Schlacht fiel. Die Burg ist das ganze Jahr ge\u00f6ffnet und angeleinte Hunde sind willkommen.<\/p>\n<p style=\"text-align: center;\">UrlaubCornwall verf\u00fcgt Ferienh\u00e4user und Ferienwohnungen f\u00fcr Ihren <a href=\"https:\/\/www.urlaubcornwall.de\/reiseziel\/wales.php\">Urlaub in Wales<\/a>. Unterk\u00fcnfte der Spitzenklasse f\u00fcr 2 Personen, Familien und Gruppen mit 4, 6, 8, 10 oder 12 G\u00e4sten.<\/p>\n<h1 style=\"text-align: center;\"><strong>Bei uns finden Sie Ferienh\u00e4user zum Verlieben \u2013 so einfach ist das!<\/strong><\/h1>\n<p style=\"text-align: center;\"><a class=\"tidycta\" href=\"https:\/\/www.urlaubcornwall.de\/ferienhaeuser-fewos\/wal\/suedwales\/suedwales.html\">Suche Ferienh\u00e4user in S\u00fcdwales<\/a><\/p>\n<p style=\"text-align: center;\">UrlaubCornwall.de hat seinen Firmensitz in Cornwall in S\u00fcdwestengland und bietet Kunden im Deutsch sprechenden Europa Hilfe im Erstellen der perfekten Urlaubserfahrung hier. Wir haben <a href=\"http:\/\/www.urlaubcornwall.de\/rundreisenservice.php\">ein Team Deutsch sprechender Experten<\/a>, so dass wir eine individuelle Urlaub in England &amp; Wales.<\/p>\n","protected":false},"excerpt":{"rendered":"<p>Carmarthenshire erstreckt sich von der Carmarthen Bay im S\u00fcden hin zum westlichen Rand der Brecon Beacons im Norden. Die Landschaft ist satt und gr\u00fcn mit Bergen, alten W\u00e4ldern und goldenen Sandstr\u00e4nden. Tief verankert in Mythen und Legenden, soll hier Merlin, der Zauberer, geboren sein. Nationale Botanische G\u00e4rten von Wales: Der nationale botanische Garten von Wales [&hellip;]<\/p>\n","protected":false},"author":1,"featured_media":0,"parent":0,"menu_order":0,"comment_status":"closed","ping_status":"closed","template":"single-four.php","meta":[],"acf":[],"yoast_head":"<!-- This site is optimized with the Yoast SEO plugin v19.4 - https:\/\/yoast.com\/wordpress\/plugins\/seo\/ -->\n<title>Urlaub in Carmarthenshire &amp; Carmarthen Bay, S\u00fcdwales: Sehensw\u00fcrdigkeiten und Unterkunft - Urlaub &amp; Reisen<\/title>\n<meta name=\"robots\" content=\"index, follow, max-snippet:-1, max-image-preview:large, max-video-preview:-1\" \/>\n<link rel=\"canonical\" href=\"https:\/\/www.urlaubcornwall.de\/blog\/urlaub-in-carmarthenshire-carmarthen-bay-suedwales-sehenswuerdigkeiten-geschichte-und-unterkunft\/\" \/>\n<meta property=\"og:locale\" content=\"en_US\" \/>\n<meta property=\"og:type\" content=\"article\" \/>\n<meta property=\"og:title\" content=\"Urlaub in Carmarthenshire &amp; Carmarthen Bay, S\u00fcdwales: Sehensw\u00fcrdigkeiten und Unterkunft - Urlaub &amp; Reisen\" \/>\n<meta property=\"og:description\" content=\"Carmarthenshire erstreckt sich von der Carmarthen Bay im S\u00fcden hin zum westlichen Rand der Brecon Beacons im Norden. Die Landschaft ist satt und gr\u00fcn mit Bergen, alten W\u00e4ldern und goldenen Sandstr\u00e4nden. Tief verankert in Mythen und Legenden, soll hier Merlin, der Zauberer, geboren sein. Nationale Botanische G\u00e4rten von Wales: Der nationale botanische Garten von Wales [&hellip;]\" \/>\n<meta property=\"og:url\" content=\"https:\/\/www.urlaubcornwall.de\/blog\/urlaub-in-carmarthenshire-carmarthen-bay-suedwales-sehenswuerdigkeiten-geschichte-und-unterkunft\/\" \/>\n<meta property=\"og:site_name\" content=\"Urlaub &amp; Reisen\" \/>\n<meta property=\"article:modified_time\" content=\"2024-05-29T14:03:22+00:00\" \/>\n<meta property=\"og:image\" content=\"https:\/\/www.urlaubcornwall.de\/blog\/wp-content\/uploads\/2024\/05\/Carmarthen-Bay.jpg\" \/>\n<meta name=\"twitter:card\" content=\"summary\" \/>\n<meta name=\"twitter:label1\" content=\"Est. reading time\" \/>\n\t<meta name=\"twitter:data1\" content=\"3 minutes\" \/>\n<script type=\"application\/ld+json\" class=\"yoast-schema-graph\">{\"@context\":\"https:\/\/schema.org\",\"@graph\":[{\"@type\":\"WebSite\",\"@id\":\"https:\/\/www.urlaubcornwall.de\/blog\/#website\",\"url\":\"https:\/\/www.urlaubcornwall.de\/blog\/\",\"name\":\"Urlaub &amp; Reisen\",\"description\":\"Urlaub, Reisen, Cornwall und S\u00fcdengland: eine perfekte Kombination\",\"potentialAction\":[{\"@type\":\"SearchAction\",\"target\":{\"@type\":\"EntryPoint\",\"urlTemplate\":\"https:\/\/www.urlaubcornwall.de\/blog\/?s={search_term_string}\"},\"query-input\":\"required name=search_term_string\"}],\"inLanguage\":\"en-US\"},{\"@type\":\"WebPage\",\"@id\":\"https:\/\/www.urlaubcornwall.de\/blog\/urlaub-in-carmarthenshire-carmarthen-bay-suedwales-sehenswuerdigkeiten-geschichte-und-unterkunft\/\",\"url\":\"https:\/\/www.urlaubcornwall.de\/blog\/urlaub-in-carmarthenshire-carmarthen-bay-suedwales-sehenswuerdigkeiten-geschichte-und-unterkunft\/\",\"name\":\"Urlaub in Carmarthenshire & Carmarthen Bay, S\u00fcdwales: Sehensw\u00fcrdigkeiten und Unterkunft - Urlaub &amp; Reisen\",\"isPartOf\":{\"@id\":\"https:\/\/www.urlaubcornwall.de\/blog\/#website\"},\"datePublished\":\"2016-11-28T15:40:56+00:00\",\"dateModified\":\"2024-05-29T14:03:22+00:00\",\"breadcrumb\":{\"@id\":\"https:\/\/www.urlaubcornwall.de\/blog\/urlaub-in-carmarthenshire-carmarthen-bay-suedwales-sehenswuerdigkeiten-geschichte-und-unterkunft\/#breadcrumb\"},\"inLanguage\":\"en-US\",\"potentialAction\":[{\"@type\":\"ReadAction\",\"target\":[\"https:\/\/www.urlaubcornwall.de\/blog\/urlaub-in-carmarthenshire-carmarthen-bay-suedwales-sehenswuerdigkeiten-geschichte-und-unterkunft\/\"]}]},{\"@type\":\"BreadcrumbList\",\"@id\":\"https:\/\/www.urlaubcornwall.de\/blog\/urlaub-in-carmarthenshire-carmarthen-bay-suedwales-sehenswuerdigkeiten-geschichte-und-unterkunft\/#breadcrumb\",\"itemListElement\":[{\"@type\":\"ListItem\",\"position\":1,\"name\":\"Home\",\"item\":\"https:\/\/www.urlaubcornwall.de\/blog\/\"},{\"@type\":\"ListItem\",\"position\":2,\"name\":\"Urlaub in Carmarthenshire &#038; Carmarthen Bay, S\u00fcdwales: Sehensw\u00fcrdigkeiten und Unterkunft\"}]}]}<\/script>\n<!-- \/ Yoast SEO plugin. -->","yoast_head_json":{"title":"Urlaub in Carmarthenshire & Carmarthen Bay, S\u00fcdwales: Sehensw\u00fcrdigkeiten und Unterkunft - Urlaub &amp; Reisen","robots":{"index":"index","follow":"follow","max-snippet":"max-snippet:-1","max-image-preview":"max-image-preview:large","max-video-preview":"max-video-preview:-1"},"canonical":"https:\/\/www.urlaubcornwall.de\/blog\/urlaub-in-carmarthenshire-carmarthen-bay-suedwales-sehenswuerdigkeiten-geschichte-und-unterkunft\/","og_locale":"en_US","og_type":"article","og_title":"Urlaub in Carmarthenshire & Carmarthen Bay, S\u00fcdwales: Sehensw\u00fcrdigkeiten und Unterkunft - Urlaub &amp; Reisen","og_description":"Carmarthenshire erstreckt sich von der Carmarthen Bay im S\u00fcden hin zum westlichen Rand der Brecon Beacons im Norden. Die Landschaft ist satt und gr\u00fcn mit Bergen, alten W\u00e4ldern und goldenen Sandstr\u00e4nden. Tief verankert in Mythen und Legenden, soll hier Merlin, der Zauberer, geboren sein. Nationale Botanische G\u00e4rten von Wales: Der nationale botanische Garten von Wales [&hellip;]","og_url":"https:\/\/www.urlaubcornwall.de\/blog\/urlaub-in-carmarthenshire-carmarthen-bay-suedwales-sehenswuerdigkeiten-geschichte-und-unterkunft\/","og_site_name":"Urlaub &amp; Reisen","article_modified_time":"2024-05-29T14:03:22+00:00","og_image":[{"url":"https:\/\/www.urlaubcornwall.de\/blog\/wp-content\/uploads\/2024\/05\/Carmarthen-Bay.jpg"}],"twitter_card":"summary","twitter_misc":{"Est. reading time":"3 minutes"},"schema":{"@context":"https:\/\/schema.org","@graph":[{"@type":"WebSite","@id":"https:\/\/www.urlaubcornwall.de\/blog\/#website","url":"https:\/\/www.urlaubcornwall.de\/blog\/","name":"Urlaub &amp; Reisen","description":"Urlaub, Reisen, Cornwall und S\u00fcdengland: eine perfekte Kombination","potentialAction":[{"@type":"SearchAction","target":{"@type":"EntryPoint","urlTemplate":"https:\/\/www.urlaubcornwall.de\/blog\/?s={search_term_string}"},"query-input":"required name=search_term_string"}],"inLanguage":"en-US"},{"@type":"WebPage","@id":"https:\/\/www.urlaubcornwall.de\/blog\/urlaub-in-carmarthenshire-carmarthen-bay-suedwales-sehenswuerdigkeiten-geschichte-und-unterkunft\/","url":"https:\/\/www.urlaubcornwall.de\/blog\/urlaub-in-carmarthenshire-carmarthen-bay-suedwales-sehenswuerdigkeiten-geschichte-und-unterkunft\/","name":"Urlaub in Carmarthenshire & Carmarthen Bay, S\u00fcdwales: Sehensw\u00fcrdigkeiten und Unterkunft - Urlaub &amp; Reisen","isPartOf":{"@id":"https:\/\/www.urlaubcornwall.de\/blog\/#website"},"datePublished":"2016-11-28T15:40:56+00:00","dateModified":"2024-05-29T14:03:22+00:00","breadcrumb":{"@id":"https:\/\/www.urlaubcornwall.de\/blog\/urlaub-in-carmarthenshire-carmarthen-bay-suedwales-sehenswuerdigkeiten-geschichte-und-unterkunft\/#breadcrumb"},"inLanguage":"en-US","potentialAction":[{"@type":"ReadAction","target":["https:\/\/www.urlaubcornwall.de\/blog\/urlaub-in-carmarthenshire-carmarthen-bay-suedwales-sehenswuerdigkeiten-geschichte-und-unterkunft\/"]}]},{"@type":"BreadcrumbList","@id":"https:\/\/www.urlaubcornwall.de\/blog\/urlaub-in-carmarthenshire-carmarthen-bay-suedwales-sehenswuerdigkeiten-geschichte-und-unterkunft\/#breadcrumb","itemListElement":[{"@type":"ListItem","position":1,"name":"Home","item":"https:\/\/www.urlaubcornwall.de\/blog\/"},{"@type":"ListItem","position":2,"name":"Urlaub in Carmarthenshire &#038; Carmarthen Bay, S\u00fcdwales: Sehensw\u00fcrdigkeiten und Unterkunft"}]}]}},"_links":{"self":[{"href":"https:\/\/www.urlaubcornwall.de\/blog\/wp-json\/wp\/v2\/pages\/25552"}],"collection":[{"href":"https:\/\/www.urlaubcornwall.de\/blog\/wp-json\/wp\/v2\/pages"}],"about":[{"href":"https:\/\/www.urlaubcornwall.de\/blog\/wp-json\/wp\/v2\/types\/page"}],"author":[{"embeddable":true,"href":"https:\/\/www.urlaubcornwall.de\/blog\/wp-json\/wp\/v2\/users\/1"}],"replies":[{"embeddable":true,"href":"https:\/\/www.urlaubcornwall.de\/blog\/wp-json\/wp\/v2\/comments?post=25552"}],"version-history":[{"count":8,"href":"https:\/\/www.urlaubcornwall.de\/blog\/wp-json\/wp\/v2\/pages\/25552\/revisions"}],"predecessor-version":[{"id":50680,"href":"https:\/\/www.urlaubcornwall.de\/blog\/wp-json\/wp\/v2\/pages\/25552\/revisions\/50680"}],"wp:attachment":[{"href":"https:\/\/www.urlaubcornwall.de\/blog\/wp-json\/wp\/v2\/media?parent=25552"}],"curies":[{"name":"wp","href":"https:\/\/api.w.org\/{rel}","templated":true}]}}