{"id":25546,"date":"2016-11-28T14:28:52","date_gmt":"2016-11-28T14:28:52","guid":{"rendered":"https:\/\/www.urlaubcornwall.de\/blog\/?page_id=25546"},"modified":"2024-05-29T14:03:39","modified_gmt":"2024-05-29T14:03:39","slug":"urlaub-in-cardiff-sehenswuerdigkeiten-geschichte-und-unterkunft","status":"publish","type":"page","link":"https:\/\/www.urlaubcornwall.de\/blog\/urlaub-in-cardiff-sehenswuerdigkeiten-geschichte-und-unterkunft\/","title":{"rendered":"Urlaub in Cardiff: Sehensw\u00fcrdigkeiten, Geschichte und Unterkunft"},"content":{"rendered":"<p><img loading=\"lazy\" class=\"aligncenter size-full wp-image-25548\" src=\"https:\/\/www.urlaubcornwall.de\/blog\/wp-content\/uploads\/2016\/11\/Schloss-cardiff-urlaub.jpg\" alt=\"schloss cardiff Sehensw\u00fcrdigkeiten\" height=\"360\" width=\"748\" srcset=\"https:\/\/www.urlaubcornwall.de\/blog\/wp-content\/uploads\/2016\/11\/Schloss-cardiff-urlaub.jpg 745w, https:\/\/www.urlaubcornwall.de\/blog\/wp-content\/uploads\/2016\/11\/Schloss-cardiff-urlaub-300x145.jpg 300w\" sizes=\"(max-width: 748px) 100vw, 748px\" \/><\/p>\n<p>Cardiff ist erst seit 1955 die Hauptstadt von <a href=\"https:\/\/www.urlaubcornwall.de\/reiseziel\/wales.php\">Wales<\/a>, und entwickelte sich zu einer internationalen Kultur- und Handelsstadt, die spektakul\u00e4re Einkaufsm\u00f6glichkeiten bietet, Museen, Speisem\u00f6glichkeiten und Unterhaltung.<\/p>\n<p><strong>Cardiff Castle:<\/strong> ist eine von Wales f\u00fchrenden Attraktionen; Im Herzen der Stadt gelegen, hat es wundersch\u00f6ne Parkanlagen, m\u00e4rchenhafte T\u00fcrme und innerhalb der Mauern eine mehr als 2000 j\u00e4hrige Geschichte. Die Burg ist 7 Tage der Woche das ganze Jahr \u00fcber ge\u00f6ffnet, au\u00dfer am Weihnachtstag. Es gibt gef\u00fchrte Touren durch die opulenten R\u00e4ume, die reich und \u00fcppig geschm\u00fcckt sind.<\/p>\n<p><strong>Nationalmuseum Cardiff:<\/strong> Im Stadtzentrum gelegen, ist das Nationalmuseum Cardiff das Zuhause von Wales nationaler Kunst, Naturgeschichte, arch\u00e4ologischen und &nbsp;geologischen Sammlungen. Die Kunstsammlung ist eine von &nbsp;Europas feinsten und hat eine der besten Sammlungen impressionistischer Kunst. Das Museum hat jedem etwas zu bieten; es ist t\u00e4glich, au\u00dfer montags ge\u00f6ffnet, wenngleich es an Feiertagsmontagen ge\u00f6ffnet hat.<\/p>\n<p><script async src=\"https:\/\/pagead2.googlesyndication.com\/pagead\/js\/adsbygoogle.js?client=ca-pub-3901089389175725\"\n     crossorigin=\"anonymous\"><\/script><br \/>\n<!-- New UC --><br \/>\n<ins class=\"adsbygoogle\"\n     style=\"display:block\"\n     data-ad-client=\"ca-pub-3901089389175725\"\n     data-ad-slot=\"8080314818\"\n     data-ad-format=\"auto\"\n     data-full-width-responsive=\"true\"><\/ins><br \/>\n<script>\n     (adsbygoogle = window.adsbygoogle || []).push({});\n<\/script><\/p>\n<p><strong>Principality Stadium:<\/strong> Die Sportarena, bekannt als das Principality Stadium ist ein bemerkenswertes, ikonisches Stadium in der Stadtmitte. Internationaler Fu\u00dfball und Rugby werden hier gespielt, und es finden hier auch Musikkonzerte statt. Gef\u00fchrte Touren des Principality Stadiums sind selbst an einem Spieltag erh\u00e4ltlich, dann ist es eine \u2018Minitour\u2019.<\/p>\n<p><strong>St Fagans Nationalgeschichtsmuseum:<\/strong> St Fagans ist ein h\u00fcbsches Dorf mit reetgedeckten Cottages und das Zuhause des Nationalgeschichtsmuseums. Das Museum befindet sich auf dem wundersch\u00f6nen Grundst\u00fcck des St Fagans Castle, eines elisabethanischen Herrenhauses. Es gibt dort mehr als 40 Geb\u00e4ude, von einem Dorf aus der Eisenzeit bis hin zu einer Reihe von H\u00e4usern der Eisenarbeiter, die &nbsp;haargenau wieder erbaut wurden. Der Eintritt zu dieser beliebten Geschichtsattraktion ist frei. Hier k\u00f6nnen Sie Handwerkern dabei zusehen, wie sie traditionelles Handwerk demonstrieren und Einblick bekommen in das reiche Erbe und die Kultur von Wales.<\/p>\n<p><strong>Caerphilly:<\/strong> ist bestbekannt f\u00fcr seinen wei\u00dfen, kr\u00fcmeligen K\u00e4se, der urspr\u00fcnglich hier hergestellt wurde; das Caerphilly Cheese Festival findet im Sommer statt, wenn die Stadt zum Leben erweckt wird mit Unterhaltungsk\u00fcnstlern, Musik, Tanz, einem traditionellen Rummel, Volkstanz, Feuerspucker, Falknerei und vielem mehr. Dies alles findet im Schatten des Caerphilly Castle statt, dass das gr\u00f6\u00dfte in Wales ist und nach dem Windsor Castle an zweiter Stelle steht. Die Burg, die sich \u00fcber 12,2ha erstreckt, wurde \u00fcber einen Zeitraum von 58 Jahren errichtet, begonnen im Jahre 1268, und mit seinen riesigen Torh\u00e4usern und Wasserverteidigungsanlagen ist sie selbst heute beeindruckend.<\/p>\n<p><strong>Dyffryn G\u00e4rten:<\/strong> Die National Trust G\u00e4rten bei Dyffryn befinden sich 12km von Cardiff entfernt im Vale of Glamorgan. Sie sind ein au\u00dfergew\u00f6hnliches Beispiel eines edwardianischen Gartens, ein Garten f\u00fcr s\u00e4mtliche Jahreszeiten, ist er einer der besten in Wales. Hier gibt es intime Gartenr\u00e4ume, formelle Rasenfl\u00e4chen und ein umfangreiches Arboretum. Im Kr\u00e4utergarten-Wintergarten, befindet sich eine eindrucksvolle Sammlung seltener Kakteen und Orchideen. Dryffryn House, ein herrliches viktorianisches Herrenhaus hat Blick \u00fcber die G\u00e4rten; es ist teilweise restauriert und unm\u00f6bliert. Haus und Garten sind das ganze Jahr \u00fcber ge\u00f6ffnet, und angeleinte Hunde sind willkommen.<\/p>\n<p style=\"text-align: center;\">UrlaubCornwall verf\u00fcgt Ferienh\u00e4user und Ferienwohnungen in Cardiff f\u00fcr Ihren <a href=\"https:\/\/www.urlaubcornwall.de\/reiseziel\/wales.php\">Urlaub in Wales<\/a>. Unterk\u00fcnfte der Spitzenklasse f\u00fcr 2 Personen, Familien und Gruppen mit 4, 6, 8, 10 oder 12 G\u00e4sten.<\/p>\n<h1 style=\"text-align: center;\"><strong>Bei uns finden Sie Ferienh\u00e4user zum Verlieben \u2013 so einfach ist das!<\/strong><\/h1>\n<p style=\"text-align: center;\"><a class=\"tidycta\" href=\"https:\/\/www.urlaubcornwall.de\/ferienhaeuser-fewos\/wal\/suedwales\/suedwales.html\">Ferienh\u00e4user Cardiff &#038; S\u00fcdwales<\/a><\/p>\n<p style=\"text-align: center;\">UrlaubCornwall.de hat seinen Firmensitz in Cornwall in S\u00fcdwestengland und bietet Kunden im Deutsch sprechenden Europa Hilfe im Erstellen der perfekten Urlaubserfahrung hier. Wir haben <a href=\"http:\/\/www.urlaubcornwall.de\/rundreisenservice.php\">ein Team Deutsch sprechender Experten<\/a>, so dass wir eine individuelle Urlaub in England &amp; Wales.<\/p>\n","protected":false},"excerpt":{"rendered":"<p>Cardiff ist erst seit 1955 die Hauptstadt von Wales, und entwickelte sich zu einer internationalen Kultur- und Handelsstadt, die spektakul\u00e4re Einkaufsm\u00f6glichkeiten bietet, Museen, Speisem\u00f6glichkeiten und Unterhaltung. Cardiff Castle: ist eine von Wales f\u00fchrenden Attraktionen; Im Herzen der Stadt gelegen, hat es wundersch\u00f6ne Parkanlagen, m\u00e4rchenhafte T\u00fcrme und innerhalb der Mauern eine mehr als 2000 j\u00e4hrige Geschichte. [&hellip;]<\/p>\n","protected":false},"author":1,"featured_media":0,"parent":0,"menu_order":0,"comment_status":"closed","ping_status":"closed","template":"single-four.php","meta":[],"acf":[],"yoast_head":"<!-- This site is optimized with the Yoast SEO plugin v19.4 - https:\/\/yoast.com\/wordpress\/plugins\/seo\/ -->\n<title>Urlaub in Cardiff: Sehensw\u00fcrdigkeiten, Geschichte und Unterkunft - Urlaub &amp; Reisen<\/title>\n<meta name=\"robots\" content=\"index, follow, max-snippet:-1, max-image-preview:large, max-video-preview:-1\" \/>\n<link rel=\"canonical\" href=\"https:\/\/www.urlaubcornwall.de\/blog\/urlaub-in-cardiff-sehenswuerdigkeiten-geschichte-und-unterkunft\/\" \/>\n<meta property=\"og:locale\" content=\"en_US\" \/>\n<meta property=\"og:type\" content=\"article\" \/>\n<meta property=\"og:title\" content=\"Urlaub in Cardiff: Sehensw\u00fcrdigkeiten, Geschichte und Unterkunft - Urlaub &amp; Reisen\" \/>\n<meta property=\"og:description\" content=\"Cardiff ist erst seit 1955 die Hauptstadt von Wales, und entwickelte sich zu einer internationalen Kultur- und Handelsstadt, die spektakul\u00e4re Einkaufsm\u00f6glichkeiten bietet, Museen, Speisem\u00f6glichkeiten und Unterhaltung. Cardiff Castle: ist eine von Wales f\u00fchrenden Attraktionen; Im Herzen der Stadt gelegen, hat es wundersch\u00f6ne Parkanlagen, m\u00e4rchenhafte T\u00fcrme und innerhalb der Mauern eine mehr als 2000 j\u00e4hrige Geschichte. [&hellip;]\" \/>\n<meta property=\"og:url\" content=\"https:\/\/www.urlaubcornwall.de\/blog\/urlaub-in-cardiff-sehenswuerdigkeiten-geschichte-und-unterkunft\/\" \/>\n<meta property=\"og:site_name\" content=\"Urlaub &amp; Reisen\" \/>\n<meta property=\"article:modified_time\" content=\"2024-05-29T14:03:39+00:00\" \/>\n<meta property=\"og:image\" content=\"https:\/\/www.urlaubcornwall.de\/blog\/wp-content\/uploads\/2016\/11\/Schloss-cardiff-urlaub.jpg\" \/>\n<meta name=\"twitter:card\" content=\"summary\" \/>\n<meta name=\"twitter:label1\" content=\"Est. reading time\" \/>\n\t<meta name=\"twitter:data1\" content=\"3 minutes\" \/>\n<script type=\"application\/ld+json\" class=\"yoast-schema-graph\">{\"@context\":\"https:\/\/schema.org\",\"@graph\":[{\"@type\":\"WebSite\",\"@id\":\"https:\/\/www.urlaubcornwall.de\/blog\/#website\",\"url\":\"https:\/\/www.urlaubcornwall.de\/blog\/\",\"name\":\"Urlaub &amp; Reisen\",\"description\":\"Urlaub, Reisen, Cornwall und S\u00fcdengland: eine perfekte Kombination\",\"potentialAction\":[{\"@type\":\"SearchAction\",\"target\":{\"@type\":\"EntryPoint\",\"urlTemplate\":\"https:\/\/www.urlaubcornwall.de\/blog\/?s={search_term_string}\"},\"query-input\":\"required name=search_term_string\"}],\"inLanguage\":\"en-US\"},{\"@type\":\"WebPage\",\"@id\":\"https:\/\/www.urlaubcornwall.de\/blog\/urlaub-in-cardiff-sehenswuerdigkeiten-geschichte-und-unterkunft\/\",\"url\":\"https:\/\/www.urlaubcornwall.de\/blog\/urlaub-in-cardiff-sehenswuerdigkeiten-geschichte-und-unterkunft\/\",\"name\":\"Urlaub in Cardiff: Sehensw\u00fcrdigkeiten, Geschichte und Unterkunft - Urlaub &amp; Reisen\",\"isPartOf\":{\"@id\":\"https:\/\/www.urlaubcornwall.de\/blog\/#website\"},\"datePublished\":\"2016-11-28T14:28:52+00:00\",\"dateModified\":\"2024-05-29T14:03:39+00:00\",\"breadcrumb\":{\"@id\":\"https:\/\/www.urlaubcornwall.de\/blog\/urlaub-in-cardiff-sehenswuerdigkeiten-geschichte-und-unterkunft\/#breadcrumb\"},\"inLanguage\":\"en-US\",\"potentialAction\":[{\"@type\":\"ReadAction\",\"target\":[\"https:\/\/www.urlaubcornwall.de\/blog\/urlaub-in-cardiff-sehenswuerdigkeiten-geschichte-und-unterkunft\/\"]}]},{\"@type\":\"BreadcrumbList\",\"@id\":\"https:\/\/www.urlaubcornwall.de\/blog\/urlaub-in-cardiff-sehenswuerdigkeiten-geschichte-und-unterkunft\/#breadcrumb\",\"itemListElement\":[{\"@type\":\"ListItem\",\"position\":1,\"name\":\"Home\",\"item\":\"https:\/\/www.urlaubcornwall.de\/blog\/\"},{\"@type\":\"ListItem\",\"position\":2,\"name\":\"Urlaub in Cardiff: Sehensw\u00fcrdigkeiten, Geschichte und Unterkunft\"}]}]}<\/script>\n<!-- \/ Yoast SEO plugin. -->","yoast_head_json":{"title":"Urlaub in Cardiff: Sehensw\u00fcrdigkeiten, Geschichte und Unterkunft - Urlaub &amp; Reisen","robots":{"index":"index","follow":"follow","max-snippet":"max-snippet:-1","max-image-preview":"max-image-preview:large","max-video-preview":"max-video-preview:-1"},"canonical":"https:\/\/www.urlaubcornwall.de\/blog\/urlaub-in-cardiff-sehenswuerdigkeiten-geschichte-und-unterkunft\/","og_locale":"en_US","og_type":"article","og_title":"Urlaub in Cardiff: Sehensw\u00fcrdigkeiten, Geschichte und Unterkunft - Urlaub &amp; Reisen","og_description":"Cardiff ist erst seit 1955 die Hauptstadt von Wales, und entwickelte sich zu einer internationalen Kultur- und Handelsstadt, die spektakul\u00e4re Einkaufsm\u00f6glichkeiten bietet, Museen, Speisem\u00f6glichkeiten und Unterhaltung. Cardiff Castle: ist eine von Wales f\u00fchrenden Attraktionen; Im Herzen der Stadt gelegen, hat es wundersch\u00f6ne Parkanlagen, m\u00e4rchenhafte T\u00fcrme und innerhalb der Mauern eine mehr als 2000 j\u00e4hrige Geschichte. [&hellip;]","og_url":"https:\/\/www.urlaubcornwall.de\/blog\/urlaub-in-cardiff-sehenswuerdigkeiten-geschichte-und-unterkunft\/","og_site_name":"Urlaub &amp; Reisen","article_modified_time":"2024-05-29T14:03:39+00:00","og_image":[{"url":"https:\/\/www.urlaubcornwall.de\/blog\/wp-content\/uploads\/2016\/11\/Schloss-cardiff-urlaub.jpg"}],"twitter_card":"summary","twitter_misc":{"Est. reading time":"3 minutes"},"schema":{"@context":"https:\/\/schema.org","@graph":[{"@type":"WebSite","@id":"https:\/\/www.urlaubcornwall.de\/blog\/#website","url":"https:\/\/www.urlaubcornwall.de\/blog\/","name":"Urlaub &amp; Reisen","description":"Urlaub, Reisen, Cornwall und S\u00fcdengland: eine perfekte Kombination","potentialAction":[{"@type":"SearchAction","target":{"@type":"EntryPoint","urlTemplate":"https:\/\/www.urlaubcornwall.de\/blog\/?s={search_term_string}"},"query-input":"required name=search_term_string"}],"inLanguage":"en-US"},{"@type":"WebPage","@id":"https:\/\/www.urlaubcornwall.de\/blog\/urlaub-in-cardiff-sehenswuerdigkeiten-geschichte-und-unterkunft\/","url":"https:\/\/www.urlaubcornwall.de\/blog\/urlaub-in-cardiff-sehenswuerdigkeiten-geschichte-und-unterkunft\/","name":"Urlaub in Cardiff: Sehensw\u00fcrdigkeiten, Geschichte und Unterkunft - Urlaub &amp; Reisen","isPartOf":{"@id":"https:\/\/www.urlaubcornwall.de\/blog\/#website"},"datePublished":"2016-11-28T14:28:52+00:00","dateModified":"2024-05-29T14:03:39+00:00","breadcrumb":{"@id":"https:\/\/www.urlaubcornwall.de\/blog\/urlaub-in-cardiff-sehenswuerdigkeiten-geschichte-und-unterkunft\/#breadcrumb"},"inLanguage":"en-US","potentialAction":[{"@type":"ReadAction","target":["https:\/\/www.urlaubcornwall.de\/blog\/urlaub-in-cardiff-sehenswuerdigkeiten-geschichte-und-unterkunft\/"]}]},{"@type":"BreadcrumbList","@id":"https:\/\/www.urlaubcornwall.de\/blog\/urlaub-in-cardiff-sehenswuerdigkeiten-geschichte-und-unterkunft\/#breadcrumb","itemListElement":[{"@type":"ListItem","position":1,"name":"Home","item":"https:\/\/www.urlaubcornwall.de\/blog\/"},{"@type":"ListItem","position":2,"name":"Urlaub in Cardiff: Sehensw\u00fcrdigkeiten, Geschichte und Unterkunft"}]}]}},"_links":{"self":[{"href":"https:\/\/www.urlaubcornwall.de\/blog\/wp-json\/wp\/v2\/pages\/25546"}],"collection":[{"href":"https:\/\/www.urlaubcornwall.de\/blog\/wp-json\/wp\/v2\/pages"}],"about":[{"href":"https:\/\/www.urlaubcornwall.de\/blog\/wp-json\/wp\/v2\/types\/page"}],"author":[{"embeddable":true,"href":"https:\/\/www.urlaubcornwall.de\/blog\/wp-json\/wp\/v2\/users\/1"}],"replies":[{"embeddable":true,"href":"https:\/\/www.urlaubcornwall.de\/blog\/wp-json\/wp\/v2\/comments?post=25546"}],"version-history":[{"count":10,"href":"https:\/\/www.urlaubcornwall.de\/blog\/wp-json\/wp\/v2\/pages\/25546\/revisions"}],"predecessor-version":[{"id":50681,"href":"https:\/\/www.urlaubcornwall.de\/blog\/wp-json\/wp\/v2\/pages\/25546\/revisions\/50681"}],"wp:attachment":[{"href":"https:\/\/www.urlaubcornwall.de\/blog\/wp-json\/wp\/v2\/media?parent=25546"}],"curies":[{"name":"wp","href":"https:\/\/api.w.org\/{rel}","templated":true}]}}