{"id":25482,"date":"2016-11-20T12:11:03","date_gmt":"2016-11-20T12:11:03","guid":{"rendered":"https:\/\/www.urlaubcornwall.de\/blog\/?page_id=25482"},"modified":"2024-05-29T14:05:42","modified_gmt":"2024-05-29T14:05:42","slug":"urlaub-insel-mull-sehenswuerdigkeiten-geschichte-und-unterkunft","status":"publish","type":"page","link":"https:\/\/www.urlaubcornwall.de\/blog\/urlaub-insel-mull-sehenswuerdigkeiten-geschichte-und-unterkunft\/","title":{"rendered":"Urlaub Insel Mull: Sehensw\u00fcrdigkeiten, Geschichte und Unterkunft"},"content":{"rendered":"<p><a href=\"https:\/\/www.urlaubcornwall.de\/blog\/wp-content\/uploads\/2024\/05\/mull-schottland_new.jpg\"><img loading=\"lazy\" src=\"https:\/\/www.urlaubcornwall.de\/blog\/wp-content\/uploads\/2024\/05\/mull-schottland_new.jpg\" alt=\"insel schottland\" width=\"750\" height=\"500\" class=\"alignnone size-full wp-image-50355\" srcset=\"https:\/\/www.urlaubcornwall.de\/blog\/wp-content\/uploads\/2024\/05\/mull-schottland_new.jpg 750w, https:\/\/www.urlaubcornwall.de\/blog\/wp-content\/uploads\/2024\/05\/mull-schottland_new-300x200.jpg 300w\" sizes=\"(max-width: 750px) 100vw, 750px\" \/><\/a><\/p>\n<p>Mull ist die zweitgr\u00f6\u00dfte Insel der Inneren Hebriden und die am besten zu erreichende. Es gibt drei F\u00e4hrverbindungen, die nach Mull f\u00fchren, die beliebteste ist die Route von Oban auf dem Festland nach Craignure. Sie k\u00f6nnen auch von Lochaline auf der Morvern Halbinsel nach Fishnish reisen oder von Kilchoan nach Tobermory. Mull ist eine gro\u00dfartige Insel, um V\u00f6gel zu beobachten; es gibt auch Robben, Delfine, Wale, Riesenhaie in den Gew\u00e4ssern, die die Insel umgeben. Neben Rotwild und Damwild, ist Mull auch Lebensraum f\u00fcr den eurasischen Otter.<\/p>\n<p><strong>Tobermory:<\/strong> ist die Hauptstadt auf Mull, es ist eine h\u00fcbsche Stadt mit hellget\u00fcnchten H\u00e4usern und Hotels. Tobermory war im 18. Jahrhundert ein Fischerdorf und ist heute aufgrund seines wundervollen nat\u00fcrlichen Hafens bei Jachtsbesitzern beliebt.<\/p>\n<p><strong>Duart Castle:<\/strong> ist eine majest\u00e4tische Burg, die die Klippen von Mull besch\u00fctzt. Es ist das Zuhause des MacLean Klans und heute eine der letzten Klanburgen Schottlands, die sich im Privatbesitz befinden. &nbsp;Duart Castle ist von April- Oktober ge\u00f6ffnet. Neben den herrlichen R\u00e4umen ist der Blick von der Burg \u00fcber den Sound of Mull atemberaubend.<\/p>\n<p><script async src=\"https:\/\/pagead2.googlesyndication.com\/pagead\/js\/adsbygoogle.js?client=ca-pub-3901089389175725\"\n     crossorigin=\"anonymous\"><\/script><br \/>\n<!-- New UC --><br \/>\n<ins class=\"adsbygoogle\"\n     style=\"display:block\"\n     data-ad-client=\"ca-pub-3901089389175725\"\n     data-ad-slot=\"8080314818\"\n     data-ad-format=\"auto\"\n     data-full-width-responsive=\"true\"><\/ins><br \/>\n<script>\n     (adsbygoogle = window.adsbygoogle || []).push({});\n<\/script><\/p>\n<p><strong>Calgary:<\/strong> Das winzige Dorf Calgary befindet sich an der h\u00fcbschesten Bucht auf Mull; es ist einer der besten Str\u00e4nde Schottlands und mit seinen niederen Sandd\u00fcnen und dem Grasland im Hintergrund im Sommer sehr beliebt.<\/p>\n<p><strong>Iona:<\/strong> ist eine winzige Insel vor der S\u00fcdwestk\u00fcste von Mull. Sie ist nur 2,4km breit und 4,8km lang und hat eine Bev\u00f6lkerung von ungef\u00e4hr 120 Menschen. Ungeachtet ihrer Gr\u00f6\u00dfe hat sie einen besonderen Platz im Herzen der Menschen, da gesagt wird, sie sei die \u201cWiege der Christenheit\u201d in Schottland. Hierher kam St Columba von Irland und gr\u00fcndete 563 sein Kloster. Diese wundersch\u00f6ne Insel hat wei\u00dfe Sandstr\u00e4nde und zahlreiche interessante Orte, die es zu besuchen gilt. Es gibt von Mull aus eine Passagierf\u00e4hre hin\u00fcber nach Iona oder Bootsfahrten von Oban aus.<\/p>\n<p><a href=\"https:\/\/www.urlaubcornwall.de\/blog\/wp-content\/uploads\/2024\/05\/staffa-reisen-schottland.jpg\"><img loading=\"lazy\" src=\"https:\/\/www.urlaubcornwall.de\/blog\/wp-content\/uploads\/2024\/05\/staffa-reisen-schottland.jpg\" alt=\"staffa and fingal\" width=\"746\" height=\"390\" class=\"alignnone size-full wp-image-50682\" srcset=\"https:\/\/www.urlaubcornwall.de\/blog\/wp-content\/uploads\/2024\/05\/staffa-reisen-schottland.jpg 746w, https:\/\/www.urlaubcornwall.de\/blog\/wp-content\/uploads\/2024\/05\/staffa-reisen-schottland-300x157.jpg 300w\" sizes=\"(max-width: 746px) 100vw, 746px\" \/><\/a><\/p>\n<p><strong>Staffa:<\/strong> ist eine au\u00dferordentliche Insel, unber\u00fchrt und unbewohnt, bestbekannt f\u00fcr ihre Basalts\u00e4ulen und &nbsp;spektakul\u00e4re Schluchten, die bekannteste davon Fingal\u2019s Cave. Staffa war bis in die 1770er unbekannt, als sie von Sir Joseph Banks entdeckt wurde, einem britischen Naturforscher und Botaniker w\u00e4hrend einer Expedition nach Island. Sie wurde w\u00e4hrend des 19. Jahrhunderts beliebt und sah viele ber\u00fchmte Besucher, einschlie\u00dflich K\u00f6nigin Viktoria und Prinz Albert, die Dichter und Schriftsteller Keats, Wordsworth, Tennyson und Sir Walter Scott. Sie wurde unsterblich gemacht durch ein ber\u00fchmtes Gem\u00e4lde von J M W Turner und in Mendelssohns \u2018Hebrides Overture \u2018, die er schrieb, nachdem er 1829 Staffa und die Fingal\u2019s Cave besucht hatte. Es gibt Bootsfahrten von Oban nach Staffa.<\/p>\n<h1 style=\"text-align: center;\"><strong>Bei uns finden Sie Ferienh\u00e4user zum Verlieben \u2013 so einfach ist das!<\/strong><\/h1>\n<p style=\"text-align: center;\">UrlaubCornwall verf\u00fcgt Ferienh\u00e4user und Ferienwohnungen&nbsp; f\u00fcr Ihren <a href=\"https:\/\/www.urlaubcornwall.de\/reiseziel\/schottland.php\">Urlaub in Schottland<\/a>. Unterk\u00fcnfte der Spitzenklasse f\u00fcr 2 Personen, Familien und Gruppen mit 4, 6, 8, 10 oder 12 G\u00e4sten.<\/p>\n<p style=\"text-align: center;\"><a class=\"tidycta\" href=\"https:\/\/www.urlaubcornwall.de\/ferienhaeuser\/schottland.php\">Suche Ferienh\u00e4user in Schottland<\/a><\/p>\n<p style=\"text-align: center;\">UrlaubCornwall.de hat eine einzigartige Sammlung pers\u00f6nlich inspizierter <a href=\"https:\/\/www.urlaubcornwall.de\/ferienhaeuser\/schottland.php\">Ferienh\u00e4user und Ferienwohnungen in Schottland<\/a> und nun auch im gesamten Gro\u00dfbritannien.<\/p>\n","protected":false},"excerpt":{"rendered":"<p>Mull ist die zweitgr\u00f6\u00dfte Insel der Inneren Hebriden und die am besten zu erreichende. Es gibt drei F\u00e4hrverbindungen, die nach Mull f\u00fchren, die beliebteste ist die Route von Oban auf dem Festland nach Craignure. Sie k\u00f6nnen auch von Lochaline auf der Morvern Halbinsel nach Fishnish reisen oder von Kilchoan nach Tobermory. Mull ist eine gro\u00dfartige [&hellip;]<\/p>\n","protected":false},"author":1,"featured_media":0,"parent":0,"menu_order":0,"comment_status":"closed","ping_status":"closed","template":"single-four.php","meta":[],"acf":[],"yoast_head":"<!-- This site is optimized with the Yoast SEO plugin v19.4 - https:\/\/yoast.com\/wordpress\/plugins\/seo\/ -->\n<title>Urlaub Insel Mull: Sehensw\u00fcrdigkeiten, Geschichte und Unterkunft - Urlaub &amp; Reisen<\/title>\n<meta name=\"robots\" content=\"index, follow, max-snippet:-1, max-image-preview:large, max-video-preview:-1\" \/>\n<link rel=\"canonical\" href=\"https:\/\/www.urlaubcornwall.de\/blog\/urlaub-insel-mull-sehenswuerdigkeiten-geschichte-und-unterkunft\/\" \/>\n<meta property=\"og:locale\" content=\"en_US\" \/>\n<meta property=\"og:type\" content=\"article\" \/>\n<meta property=\"og:title\" content=\"Urlaub Insel Mull: Sehensw\u00fcrdigkeiten, Geschichte und Unterkunft - Urlaub &amp; Reisen\" \/>\n<meta property=\"og:description\" content=\"Mull ist die zweitgr\u00f6\u00dfte Insel der Inneren Hebriden und die am besten zu erreichende. Es gibt drei F\u00e4hrverbindungen, die nach Mull f\u00fchren, die beliebteste ist die Route von Oban auf dem Festland nach Craignure. Sie k\u00f6nnen auch von Lochaline auf der Morvern Halbinsel nach Fishnish reisen oder von Kilchoan nach Tobermory. Mull ist eine gro\u00dfartige [&hellip;]\" \/>\n<meta property=\"og:url\" content=\"https:\/\/www.urlaubcornwall.de\/blog\/urlaub-insel-mull-sehenswuerdigkeiten-geschichte-und-unterkunft\/\" \/>\n<meta property=\"og:site_name\" content=\"Urlaub &amp; Reisen\" \/>\n<meta property=\"article:modified_time\" content=\"2024-05-29T14:05:42+00:00\" \/>\n<meta property=\"og:image\" content=\"https:\/\/www.urlaubcornwall.de\/blog\/wp-content\/uploads\/2024\/05\/mull-schottland_new.jpg\" \/>\n<meta name=\"twitter:card\" content=\"summary\" \/>\n<meta name=\"twitter:label1\" content=\"Est. reading time\" \/>\n\t<meta name=\"twitter:data1\" content=\"3 minutes\" \/>\n<script type=\"application\/ld+json\" class=\"yoast-schema-graph\">{\"@context\":\"https:\/\/schema.org\",\"@graph\":[{\"@type\":\"WebSite\",\"@id\":\"https:\/\/www.urlaubcornwall.de\/blog\/#website\",\"url\":\"https:\/\/www.urlaubcornwall.de\/blog\/\",\"name\":\"Urlaub &amp; Reisen\",\"description\":\"Urlaub, Reisen, Cornwall und S\u00fcdengland: eine perfekte Kombination\",\"potentialAction\":[{\"@type\":\"SearchAction\",\"target\":{\"@type\":\"EntryPoint\",\"urlTemplate\":\"https:\/\/www.urlaubcornwall.de\/blog\/?s={search_term_string}\"},\"query-input\":\"required name=search_term_string\"}],\"inLanguage\":\"en-US\"},{\"@type\":\"WebPage\",\"@id\":\"https:\/\/www.urlaubcornwall.de\/blog\/urlaub-insel-mull-sehenswuerdigkeiten-geschichte-und-unterkunft\/\",\"url\":\"https:\/\/www.urlaubcornwall.de\/blog\/urlaub-insel-mull-sehenswuerdigkeiten-geschichte-und-unterkunft\/\",\"name\":\"Urlaub Insel Mull: Sehensw\u00fcrdigkeiten, Geschichte und Unterkunft - Urlaub &amp; Reisen\",\"isPartOf\":{\"@id\":\"https:\/\/www.urlaubcornwall.de\/blog\/#website\"},\"datePublished\":\"2016-11-20T12:11:03+00:00\",\"dateModified\":\"2024-05-29T14:05:42+00:00\",\"breadcrumb\":{\"@id\":\"https:\/\/www.urlaubcornwall.de\/blog\/urlaub-insel-mull-sehenswuerdigkeiten-geschichte-und-unterkunft\/#breadcrumb\"},\"inLanguage\":\"en-US\",\"potentialAction\":[{\"@type\":\"ReadAction\",\"target\":[\"https:\/\/www.urlaubcornwall.de\/blog\/urlaub-insel-mull-sehenswuerdigkeiten-geschichte-und-unterkunft\/\"]}]},{\"@type\":\"BreadcrumbList\",\"@id\":\"https:\/\/www.urlaubcornwall.de\/blog\/urlaub-insel-mull-sehenswuerdigkeiten-geschichte-und-unterkunft\/#breadcrumb\",\"itemListElement\":[{\"@type\":\"ListItem\",\"position\":1,\"name\":\"Home\",\"item\":\"https:\/\/www.urlaubcornwall.de\/blog\/\"},{\"@type\":\"ListItem\",\"position\":2,\"name\":\"Urlaub Insel Mull: Sehensw\u00fcrdigkeiten, Geschichte und Unterkunft\"}]}]}<\/script>\n<!-- \/ Yoast SEO plugin. -->","yoast_head_json":{"title":"Urlaub Insel Mull: Sehensw\u00fcrdigkeiten, Geschichte und Unterkunft - Urlaub &amp; Reisen","robots":{"index":"index","follow":"follow","max-snippet":"max-snippet:-1","max-image-preview":"max-image-preview:large","max-video-preview":"max-video-preview:-1"},"canonical":"https:\/\/www.urlaubcornwall.de\/blog\/urlaub-insel-mull-sehenswuerdigkeiten-geschichte-und-unterkunft\/","og_locale":"en_US","og_type":"article","og_title":"Urlaub Insel Mull: Sehensw\u00fcrdigkeiten, Geschichte und Unterkunft - Urlaub &amp; Reisen","og_description":"Mull ist die zweitgr\u00f6\u00dfte Insel der Inneren Hebriden und die am besten zu erreichende. Es gibt drei F\u00e4hrverbindungen, die nach Mull f\u00fchren, die beliebteste ist die Route von Oban auf dem Festland nach Craignure. Sie k\u00f6nnen auch von Lochaline auf der Morvern Halbinsel nach Fishnish reisen oder von Kilchoan nach Tobermory. Mull ist eine gro\u00dfartige [&hellip;]","og_url":"https:\/\/www.urlaubcornwall.de\/blog\/urlaub-insel-mull-sehenswuerdigkeiten-geschichte-und-unterkunft\/","og_site_name":"Urlaub &amp; Reisen","article_modified_time":"2024-05-29T14:05:42+00:00","og_image":[{"url":"https:\/\/www.urlaubcornwall.de\/blog\/wp-content\/uploads\/2024\/05\/mull-schottland_new.jpg"}],"twitter_card":"summary","twitter_misc":{"Est. reading time":"3 minutes"},"schema":{"@context":"https:\/\/schema.org","@graph":[{"@type":"WebSite","@id":"https:\/\/www.urlaubcornwall.de\/blog\/#website","url":"https:\/\/www.urlaubcornwall.de\/blog\/","name":"Urlaub &amp; Reisen","description":"Urlaub, Reisen, Cornwall und S\u00fcdengland: eine perfekte Kombination","potentialAction":[{"@type":"SearchAction","target":{"@type":"EntryPoint","urlTemplate":"https:\/\/www.urlaubcornwall.de\/blog\/?s={search_term_string}"},"query-input":"required name=search_term_string"}],"inLanguage":"en-US"},{"@type":"WebPage","@id":"https:\/\/www.urlaubcornwall.de\/blog\/urlaub-insel-mull-sehenswuerdigkeiten-geschichte-und-unterkunft\/","url":"https:\/\/www.urlaubcornwall.de\/blog\/urlaub-insel-mull-sehenswuerdigkeiten-geschichte-und-unterkunft\/","name":"Urlaub Insel Mull: Sehensw\u00fcrdigkeiten, Geschichte und Unterkunft - Urlaub &amp; Reisen","isPartOf":{"@id":"https:\/\/www.urlaubcornwall.de\/blog\/#website"},"datePublished":"2016-11-20T12:11:03+00:00","dateModified":"2024-05-29T14:05:42+00:00","breadcrumb":{"@id":"https:\/\/www.urlaubcornwall.de\/blog\/urlaub-insel-mull-sehenswuerdigkeiten-geschichte-und-unterkunft\/#breadcrumb"},"inLanguage":"en-US","potentialAction":[{"@type":"ReadAction","target":["https:\/\/www.urlaubcornwall.de\/blog\/urlaub-insel-mull-sehenswuerdigkeiten-geschichte-und-unterkunft\/"]}]},{"@type":"BreadcrumbList","@id":"https:\/\/www.urlaubcornwall.de\/blog\/urlaub-insel-mull-sehenswuerdigkeiten-geschichte-und-unterkunft\/#breadcrumb","itemListElement":[{"@type":"ListItem","position":1,"name":"Home","item":"https:\/\/www.urlaubcornwall.de\/blog\/"},{"@type":"ListItem","position":2,"name":"Urlaub Insel Mull: Sehensw\u00fcrdigkeiten, Geschichte und Unterkunft"}]}]}},"_links":{"self":[{"href":"https:\/\/www.urlaubcornwall.de\/blog\/wp-json\/wp\/v2\/pages\/25482"}],"collection":[{"href":"https:\/\/www.urlaubcornwall.de\/blog\/wp-json\/wp\/v2\/pages"}],"about":[{"href":"https:\/\/www.urlaubcornwall.de\/blog\/wp-json\/wp\/v2\/types\/page"}],"author":[{"embeddable":true,"href":"https:\/\/www.urlaubcornwall.de\/blog\/wp-json\/wp\/v2\/users\/1"}],"replies":[{"embeddable":true,"href":"https:\/\/www.urlaubcornwall.de\/blog\/wp-json\/wp\/v2\/comments?post=25482"}],"version-history":[{"count":13,"href":"https:\/\/www.urlaubcornwall.de\/blog\/wp-json\/wp\/v2\/pages\/25482\/revisions"}],"predecessor-version":[{"id":50683,"href":"https:\/\/www.urlaubcornwall.de\/blog\/wp-json\/wp\/v2\/pages\/25482\/revisions\/50683"}],"wp:attachment":[{"href":"https:\/\/www.urlaubcornwall.de\/blog\/wp-json\/wp\/v2\/media?parent=25482"}],"curies":[{"name":"wp","href":"https:\/\/api.w.org\/{rel}","templated":true}]}}