{"id":25474,"date":"2016-11-19T17:10:54","date_gmt":"2016-11-19T17:10:54","guid":{"rendered":"https:\/\/www.urlaubcornwall.de\/blog\/?page_id=25474"},"modified":"2024-05-29T14:07:29","modified_gmt":"2024-05-29T14:07:29","slug":"urlaub-lewis-und-harris-inseln-sehenswuerdigkeiten-geschichte-und-unterkunft","status":"publish","type":"page","link":"https:\/\/www.urlaubcornwall.de\/blog\/urlaub-lewis-und-harris-inseln-sehenswuerdigkeiten-geschichte-und-unterkunft\/","title":{"rendered":"Urlaub Hebriden-Inseln: Lewis und Harris"},"content":{"rendered":"<p><a href=\"https:\/\/www.urlaubcornwall.de\/blog\/wp-content\/uploads\/2024\/05\/Hebrides.jpg\"><img loading=\"lazy\" src=\"https:\/\/www.urlaubcornwall.de\/blog\/wp-content\/uploads\/2024\/05\/Hebrides.jpg\" alt=\"Hebrides\" width=\"750\" height=\"500\" class=\"alignnone size-full wp-image-50684\" srcset=\"https:\/\/www.urlaubcornwall.de\/blog\/wp-content\/uploads\/2024\/05\/Hebrides.jpg 750w, https:\/\/www.urlaubcornwall.de\/blog\/wp-content\/uploads\/2024\/05\/Hebrides-300x200.jpg 300w\" sizes=\"(max-width: 750px) 100vw, 750px\" \/><\/a><\/p>\n<h3 class=\"r\">Urlaub auf den \u00c4u\u00dferen Hebriden<\/h3>\n<p>Lewis und Harris bilden eine einzige Insel in den \u00c4u\u00dferen Hebriden und gemeinsam mit Uists, Benbecula und Barra liefern sie einen 241km langen Sturmfang f\u00fcr die Inneren Hebriden und die westlichen Highlands. <a href=\"https:\/\/www.urlaubcornwall.de\/ferienhaeuser-fewos\/unterkunft\/Holiday\/76142-2-bedroom-log-cabin-in-stornoway---ca224.html\">Stornoway auf Lewis<\/a> mit seinem nat\u00fcrlichen Hafen ist das Haupttor zur Insel; t\u00e4glich verkehren Autof\u00e4hren von Ullapool auf dem Festland, und der Flughafen bei der Stadt bietet regelm\u00e4\u00dfige Fl\u00fcge von Aberdeen, Edinburgh, Glasgow, Inverness und Benbecula. &nbsp;Die <a href=\"https:\/\/www.urlaubcornwall.de\/ferienhaeuser-fewos\/sco\/schottische-inseln\/manish.html\">Hauptstadt auf Harris ist Tarbert<\/a>, und von hier aus verkehren t\u00e4glich F\u00e4hren nach Uig auf der Insel Skye. Sonntags haben die meisten Gesch\u00e4fte und L\u00e4den geschlossen, da die Bev\u00f6lkerung von Lewis und Harris streng religi\u00f6s glauben, dass Sonntag ein Ruhetag ist.<\/p>\n<p><strong>Sehensw\u00fcrdigkeiten, Geschichte und Unterkunft<\/strong><\/p>\n<p><strong>Str\u00e4nde:<\/strong> Das Meer um die Inseln herum ist kalt, doch die Str\u00e4nde mit wei\u00dfem Sand z\u00e4hlen zu den besten des &nbsp;UK. Luskentyre Sands ist einer der gr\u00f6\u00dften und spektakul\u00e4rsten Str\u00e4nde auf Harris. Als einer der besten Str\u00e4nde des UK verf\u00fcgt er \u00fcber kilometerlangen wei\u00dfen Sand und herrlich t\u00fcrkisfarbenes Wasser. Garry Beach auf Lewis mit seinem goldenen Sand befindet sich im Dorf Tolsta. Hier k\u00f6nnen Sie den Tolsta Heritage Trail entlang spazieren, der 16km der K\u00fcste entlang f\u00fchrt hin zum Dorf Ness.<\/p>\n<p><script async src=\"https:\/\/pagead2.googlesyndication.com\/pagead\/js\/adsbygoogle.js?client=ca-pub-3901089389175725\"\n     crossorigin=\"anonymous\"><\/script><br \/>\n<!-- New UC --><br \/>\n<ins class=\"adsbygoogle\"\n     style=\"display:block\"\n     data-ad-client=\"ca-pub-3901089389175725\"\n     data-ad-slot=\"8080314818\"\n     data-ad-format=\"auto\"\n     data-full-width-responsive=\"true\"><\/ins><br \/>\n<script>\n     (adsbygoogle = window.adsbygoogle || []).push({});\n<\/script><\/p>\n<p><strong>Tweed:<\/strong> Harris Tweed ist in der ganzen Welt bekannt aufgrund seiner Qualit\u00e4t. Weber arbeiten von zu Hause aus, um den Tweed herzustellen, nicht nur in Harris, sondern auch in Lewis und den anderen Inseln der \u00c4u\u00dferen Hebriden. Der Tweed wird stets mit traditionellen Methoden von Hand gearbeitet.<\/p>\n<p><strong>Calanais Steinkreise:<\/strong> Einer der gro\u00dfartigen Sehensw\u00fcrdigkeiten von Lewis und des UK ist der Steinkreis bei Callanish (oder Calanais, gem\u00e4\u00df der g\u00e4lischen Version). Die Steinformation h\u00e4lt sogar mit der von Stonehenge mit; in ihrer wundersch\u00f6nen Lage hat sie magische Qualit\u00e4t. Das Besucherzentrum hat interaktive Ausstellungsst\u00fccke, die die Geschichte dieser erstaunlichen, 5000 Jahre alten Steine erz\u00e4hlen.<\/p>\n<p><strong>Wandern und Radfahren:<\/strong> Harris und Lewis sind herrlich zum Wandern; es gibt gen\u00fcgend Routen f\u00fcr jedermann, von Routen, die lediglich eine Stunde dauern bis hin zu jenen von 6-7 Stunden; tragen Sie unbedingt Bergwanderschuhe. Die Hebridean Way Cycling Route ist eine 297km lange Route, die die 10 Inseln im Archipel von Vatersay im S\u00fcden bis hin zum Butt of Lewis im Norden durchquert.<\/p>\n<p><strong>St Kilda:<\/strong> Machen Sie eine Bootsfahrt nach St Kilda. Dieses isolierte Archipel vulkanischen Gesteins befindet sich 66km von Benbecula entfernt und ist der abgelegenste Teil der Britischen Inseln. St Kilda war bis in die 1930er bewohnt, doch das harte Leben in derart abgelegenem Ort, Armut und Hungersnot veranlassten die schwindende Bev\u00f6lkerung, die Insel zu verlassen und aufs Festland zu ziehen. Heute befindet sich St Kilda im Besitz des National Trust f\u00fcr Schottland, ist ein wichtiges Vogelbrutgebiet und hat die gr\u00f6\u00dfte Population an Papageientauchern des UK. Sie k\u00f6nnen das verlassene Dorf besuchen und Folklore und Geschichten des Lebens auf St Kilda kennenlernen.<\/p>\n<p>UrlaubCornwall verf\u00fcgt Ferienh\u00e4user und Ferienwohnungen&nbsp; f\u00fcr Ihren <a href=\"https:\/\/www.urlaubcornwall.de\/reiseziel\/schottland.php\">Urlaub in Schottland<\/a>. Unterk\u00fcnfte der Spitzenklasse f\u00fcr 2 Personen, Familien und Gruppen mit 4, 6, 8, 10 oder 12 G\u00e4sten.<\/p>\n<h1 style=\"text-align: center;\"><strong>Bei uns finden Sie Ferienh\u00e4user zum Verlieben \u2013 so einfach ist das!<\/strong><\/h1>\n<p style=\"text-align: center;\"><a class=\"tidycta\" href=\"https:\/\/www.urlaubcornwall.de\/ferienhaeuser-fewos\/sco\/nordhighlands-und-inseln\/nordhighlands-und-inseln.html\">Suche Ferienh\u00e4user in Schottland<\/a><\/p>\n<p>UrlaubCornwall.de hat eine einzigartige Sammlung <a href=\"https:\/\/www.urlaubcornwall.de\/ferienhaeuser\/schottland.php\">pers\u00f6nlich inspizierter Ferienh\u00e4user und Ferienwohnungen in Schottland<\/a> und nun auch im gesamten Gro\u00dfbritannien.<\/p>\n","protected":false},"excerpt":{"rendered":"<p>Urlaub auf den \u00c4u\u00dferen Hebriden Lewis und Harris bilden eine einzige Insel in den \u00c4u\u00dferen Hebriden und gemeinsam mit Uists, Benbecula und Barra liefern sie einen 241km langen Sturmfang f\u00fcr die Inneren Hebriden und die westlichen Highlands. Stornoway auf Lewis mit seinem nat\u00fcrlichen Hafen ist das Haupttor zur Insel; t\u00e4glich verkehren Autof\u00e4hren von Ullapool auf [&hellip;]<\/p>\n","protected":false},"author":1,"featured_media":0,"parent":0,"menu_order":0,"comment_status":"closed","ping_status":"closed","template":"single-four.php","meta":[],"acf":[],"yoast_head":"<!-- This site is optimized with the Yoast SEO plugin v19.4 - https:\/\/yoast.com\/wordpress\/plugins\/seo\/ -->\n<title>Urlaub Hebriden-Inseln: Lewis und Harris - Urlaub &amp; Reisen<\/title>\n<meta name=\"robots\" content=\"index, follow, max-snippet:-1, max-image-preview:large, max-video-preview:-1\" \/>\n<link rel=\"canonical\" href=\"https:\/\/www.urlaubcornwall.de\/blog\/urlaub-lewis-und-harris-inseln-sehenswuerdigkeiten-geschichte-und-unterkunft\/\" \/>\n<meta property=\"og:locale\" content=\"en_US\" \/>\n<meta property=\"og:type\" content=\"article\" \/>\n<meta property=\"og:title\" content=\"Urlaub Hebriden-Inseln: Lewis und Harris - Urlaub &amp; Reisen\" \/>\n<meta property=\"og:description\" content=\"Urlaub auf den \u00c4u\u00dferen Hebriden Lewis und Harris bilden eine einzige Insel in den \u00c4u\u00dferen Hebriden und gemeinsam mit Uists, Benbecula und Barra liefern sie einen 241km langen Sturmfang f\u00fcr die Inneren Hebriden und die westlichen Highlands. Stornoway auf Lewis mit seinem nat\u00fcrlichen Hafen ist das Haupttor zur Insel; t\u00e4glich verkehren Autof\u00e4hren von Ullapool auf [&hellip;]\" \/>\n<meta property=\"og:url\" content=\"https:\/\/www.urlaubcornwall.de\/blog\/urlaub-lewis-und-harris-inseln-sehenswuerdigkeiten-geschichte-und-unterkunft\/\" \/>\n<meta property=\"og:site_name\" content=\"Urlaub &amp; Reisen\" \/>\n<meta property=\"article:modified_time\" content=\"2024-05-29T14:07:29+00:00\" \/>\n<meta property=\"og:image\" content=\"https:\/\/www.urlaubcornwall.de\/blog\/wp-content\/uploads\/2024\/05\/Hebrides.jpg\" \/>\n<meta name=\"twitter:card\" content=\"summary\" \/>\n<meta name=\"twitter:label1\" content=\"Est. reading time\" \/>\n\t<meta name=\"twitter:data1\" content=\"3 minutes\" \/>\n<script type=\"application\/ld+json\" class=\"yoast-schema-graph\">{\"@context\":\"https:\/\/schema.org\",\"@graph\":[{\"@type\":\"WebSite\",\"@id\":\"https:\/\/www.urlaubcornwall.de\/blog\/#website\",\"url\":\"https:\/\/www.urlaubcornwall.de\/blog\/\",\"name\":\"Urlaub &amp; Reisen\",\"description\":\"Urlaub, Reisen, Cornwall und S\u00fcdengland: eine perfekte Kombination\",\"potentialAction\":[{\"@type\":\"SearchAction\",\"target\":{\"@type\":\"EntryPoint\",\"urlTemplate\":\"https:\/\/www.urlaubcornwall.de\/blog\/?s={search_term_string}\"},\"query-input\":\"required name=search_term_string\"}],\"inLanguage\":\"en-US\"},{\"@type\":\"WebPage\",\"@id\":\"https:\/\/www.urlaubcornwall.de\/blog\/urlaub-lewis-und-harris-inseln-sehenswuerdigkeiten-geschichte-und-unterkunft\/\",\"url\":\"https:\/\/www.urlaubcornwall.de\/blog\/urlaub-lewis-und-harris-inseln-sehenswuerdigkeiten-geschichte-und-unterkunft\/\",\"name\":\"Urlaub Hebriden-Inseln: Lewis und Harris - Urlaub &amp; Reisen\",\"isPartOf\":{\"@id\":\"https:\/\/www.urlaubcornwall.de\/blog\/#website\"},\"datePublished\":\"2016-11-19T17:10:54+00:00\",\"dateModified\":\"2024-05-29T14:07:29+00:00\",\"breadcrumb\":{\"@id\":\"https:\/\/www.urlaubcornwall.de\/blog\/urlaub-lewis-und-harris-inseln-sehenswuerdigkeiten-geschichte-und-unterkunft\/#breadcrumb\"},\"inLanguage\":\"en-US\",\"potentialAction\":[{\"@type\":\"ReadAction\",\"target\":[\"https:\/\/www.urlaubcornwall.de\/blog\/urlaub-lewis-und-harris-inseln-sehenswuerdigkeiten-geschichte-und-unterkunft\/\"]}]},{\"@type\":\"BreadcrumbList\",\"@id\":\"https:\/\/www.urlaubcornwall.de\/blog\/urlaub-lewis-und-harris-inseln-sehenswuerdigkeiten-geschichte-und-unterkunft\/#breadcrumb\",\"itemListElement\":[{\"@type\":\"ListItem\",\"position\":1,\"name\":\"Home\",\"item\":\"https:\/\/www.urlaubcornwall.de\/blog\/\"},{\"@type\":\"ListItem\",\"position\":2,\"name\":\"Urlaub Hebriden-Inseln: Lewis und Harris\"}]}]}<\/script>\n<!-- \/ Yoast SEO plugin. -->","yoast_head_json":{"title":"Urlaub Hebriden-Inseln: Lewis und Harris - Urlaub &amp; Reisen","robots":{"index":"index","follow":"follow","max-snippet":"max-snippet:-1","max-image-preview":"max-image-preview:large","max-video-preview":"max-video-preview:-1"},"canonical":"https:\/\/www.urlaubcornwall.de\/blog\/urlaub-lewis-und-harris-inseln-sehenswuerdigkeiten-geschichte-und-unterkunft\/","og_locale":"en_US","og_type":"article","og_title":"Urlaub Hebriden-Inseln: Lewis und Harris - Urlaub &amp; Reisen","og_description":"Urlaub auf den \u00c4u\u00dferen Hebriden Lewis und Harris bilden eine einzige Insel in den \u00c4u\u00dferen Hebriden und gemeinsam mit Uists, Benbecula und Barra liefern sie einen 241km langen Sturmfang f\u00fcr die Inneren Hebriden und die westlichen Highlands. Stornoway auf Lewis mit seinem nat\u00fcrlichen Hafen ist das Haupttor zur Insel; t\u00e4glich verkehren Autof\u00e4hren von Ullapool auf [&hellip;]","og_url":"https:\/\/www.urlaubcornwall.de\/blog\/urlaub-lewis-und-harris-inseln-sehenswuerdigkeiten-geschichte-und-unterkunft\/","og_site_name":"Urlaub &amp; Reisen","article_modified_time":"2024-05-29T14:07:29+00:00","og_image":[{"url":"https:\/\/www.urlaubcornwall.de\/blog\/wp-content\/uploads\/2024\/05\/Hebrides.jpg"}],"twitter_card":"summary","twitter_misc":{"Est. reading time":"3 minutes"},"schema":{"@context":"https:\/\/schema.org","@graph":[{"@type":"WebSite","@id":"https:\/\/www.urlaubcornwall.de\/blog\/#website","url":"https:\/\/www.urlaubcornwall.de\/blog\/","name":"Urlaub &amp; Reisen","description":"Urlaub, Reisen, Cornwall und S\u00fcdengland: eine perfekte Kombination","potentialAction":[{"@type":"SearchAction","target":{"@type":"EntryPoint","urlTemplate":"https:\/\/www.urlaubcornwall.de\/blog\/?s={search_term_string}"},"query-input":"required name=search_term_string"}],"inLanguage":"en-US"},{"@type":"WebPage","@id":"https:\/\/www.urlaubcornwall.de\/blog\/urlaub-lewis-und-harris-inseln-sehenswuerdigkeiten-geschichte-und-unterkunft\/","url":"https:\/\/www.urlaubcornwall.de\/blog\/urlaub-lewis-und-harris-inseln-sehenswuerdigkeiten-geschichte-und-unterkunft\/","name":"Urlaub Hebriden-Inseln: Lewis und Harris - Urlaub &amp; Reisen","isPartOf":{"@id":"https:\/\/www.urlaubcornwall.de\/blog\/#website"},"datePublished":"2016-11-19T17:10:54+00:00","dateModified":"2024-05-29T14:07:29+00:00","breadcrumb":{"@id":"https:\/\/www.urlaubcornwall.de\/blog\/urlaub-lewis-und-harris-inseln-sehenswuerdigkeiten-geschichte-und-unterkunft\/#breadcrumb"},"inLanguage":"en-US","potentialAction":[{"@type":"ReadAction","target":["https:\/\/www.urlaubcornwall.de\/blog\/urlaub-lewis-und-harris-inseln-sehenswuerdigkeiten-geschichte-und-unterkunft\/"]}]},{"@type":"BreadcrumbList","@id":"https:\/\/www.urlaubcornwall.de\/blog\/urlaub-lewis-und-harris-inseln-sehenswuerdigkeiten-geschichte-und-unterkunft\/#breadcrumb","itemListElement":[{"@type":"ListItem","position":1,"name":"Home","item":"https:\/\/www.urlaubcornwall.de\/blog\/"},{"@type":"ListItem","position":2,"name":"Urlaub Hebriden-Inseln: Lewis und Harris"}]}]}},"_links":{"self":[{"href":"https:\/\/www.urlaubcornwall.de\/blog\/wp-json\/wp\/v2\/pages\/25474"}],"collection":[{"href":"https:\/\/www.urlaubcornwall.de\/blog\/wp-json\/wp\/v2\/pages"}],"about":[{"href":"https:\/\/www.urlaubcornwall.de\/blog\/wp-json\/wp\/v2\/types\/page"}],"author":[{"embeddable":true,"href":"https:\/\/www.urlaubcornwall.de\/blog\/wp-json\/wp\/v2\/users\/1"}],"replies":[{"embeddable":true,"href":"https:\/\/www.urlaubcornwall.de\/blog\/wp-json\/wp\/v2\/comments?post=25474"}],"version-history":[{"count":12,"href":"https:\/\/www.urlaubcornwall.de\/blog\/wp-json\/wp\/v2\/pages\/25474\/revisions"}],"predecessor-version":[{"id":50685,"href":"https:\/\/www.urlaubcornwall.de\/blog\/wp-json\/wp\/v2\/pages\/25474\/revisions\/50685"}],"wp:attachment":[{"href":"https:\/\/www.urlaubcornwall.de\/blog\/wp-json\/wp\/v2\/media?parent=25474"}],"curies":[{"name":"wp","href":"https:\/\/api.w.org\/{rel}","templated":true}]}}