{"id":25469,"date":"2016-11-19T16:55:48","date_gmt":"2016-11-19T16:55:48","guid":{"rendered":"https:\/\/www.urlaubcornwall.de\/blog\/?page_id=25469"},"modified":"2024-05-29T14:12:34","modified_gmt":"2024-05-29T14:12:34","slug":"urlaub-insel-jura-sehenswuerdigkeiten-geschichte-und-unterkunft","status":"publish","type":"page","link":"https:\/\/www.urlaubcornwall.de\/blog\/urlaub-insel-jura-sehenswuerdigkeiten-geschichte-und-unterkunft\/","title":{"rendered":"Urlaub Insel Jura: Sehensw\u00fcrdigkeiten, Geschichte und Unterkunft"},"content":{"rendered":"<p><a href=\"https:\/\/www.urlaubcornwall.de\/blog\/wp-content\/uploads\/2024\/03\/schottland-highlands.jpg\"><img loading=\"lazy\" src=\"https:\/\/www.urlaubcornwall.de\/blog\/wp-content\/uploads\/2024\/03\/schottland-highlands.jpg\" alt=\"schottland highlands\" width=\"750\" height=\"563\" class=\"alignnone size-full wp-image-47903\" srcset=\"https:\/\/www.urlaubcornwall.de\/blog\/wp-content\/uploads\/2024\/03\/schottland-highlands.jpg 750w, https:\/\/www.urlaubcornwall.de\/blog\/wp-content\/uploads\/2024\/03\/schottland-highlands-300x225.jpg 300w\" sizes=\"(max-width: 750px) 100vw, 750px\" \/><\/a><br \/>\nDie Isle of Jura erreichen Sie mittels einer 5 min\u00fctigen F\u00e4hr\u00fcberquerung von Port Askaig auf Islay aus.&nbsp; Juras 367 Quadratkilometer bestehen haupts\u00e4chlich aus Gestein, Moorgebiet und Torfmooren. Diese wundersch\u00f6ne, ungez\u00e4hmte Insel ist einer der <a href=\"https:\/\/www.urlaubcornwall.de\/reiseziel\/schottland.php\">wildesten Orte Schottlands<\/a> und hat eine Bev\u00f6lkerung von lediglich 200 Menschen, deren Anzahl bei weitem \u00fcbertroffen wird von den 5000 wilden Hirschen, die auf der Insel leben.<\/p>\n<p><strong>Paps of Jura:<\/strong> Die Skyline von Jura dominierend, gibt es drei konische Berge, die als die Paps of Jura bekannt sind. Der h\u00f6chste der drei ist \u2018Beinn an Oir\u2019 \u2013 der Berg des Goldes mit 785m H\u00f6he. Es gibt verschiedene Routen hinauf zum Gipfel, und von der Spitze aus bietet sich an einem klaren Tag ein herrlicher Blick in alle Richtungen.<\/p>\n<p><strong>Craighouse:<\/strong> ist die Hauptstadt der Insel, und hier finden Sie den Inselladen, Hotel, Caf\u00e9, Tankstelle und Brennerei. Sie befindet sich im s\u00fcd\u00f6stlichen Teil der Insel, welcher satt und gr\u00fcn ist, wo Rhododendren und Palmen wachsen; in starkem Kontrast zum Rest der Insel. Die Mehrheit der Bev\u00f6lkerung lebt um Craighouse herum; es gibt ein paar verstreut liegende Cottages der K\u00fcste entlang, eines davon im fernen Norden der Insel ist das abgelegene Bauernhaus Barnhill, wo George Orwell lebte, als er \u2018Animal Farm\u2019 und \u20181984\u2019 schrieb.<\/p>\n<p><strong>Der Corryvreckan Whirlpool:<\/strong> befindet sich vor der Nordk\u00fcste zwischen Jura und der unbewohnten Insel Scarba. Es ist einer der gr\u00f6\u00dften, st\u00e4ndig vorhandenen Whirlpools der Welt und einer der gef\u00e4hrlichsten Wasserabschnitte der Britischen Inseln. Es gibt Bootsfahrten, die Sie durch den Golf von Corryvreckan in der N\u00e4he des Whirlpools bringen, um Wale, Delfine und V\u00f6gel entlang dieser wundersch\u00f6nen K\u00fcstenstrecke zu beobachten.<\/p>\n<p><strong>Die Brennerei der Isle of Jura:<\/strong> wurde urspr\u00fcnglich 1810 gegr\u00fcndet, fiel sp\u00e4ter jedoch in Verfall und wurde in den 1960ern wieder zum Leben erweckt. Heute produziert sie eine Bannbreite an klassischen Malt Whiskys der Weltklasse; die Brennerei ist f\u00fcr Touren und Geschmacksproben ge\u00f6ffnet.<\/p>\n<h1 style=\"text-align: center;\"><strong>Bei uns finden Sie Ferienh\u00e4user zum Verlieben \u2013 so einfach ist das!<\/strong><\/h1>\n<p style=\"text-align: center;\">UrlaubCornwall verf\u00fcgt Ferienh\u00e4user und Ferienwohnungen&nbsp; f\u00fcr Ihren <a href=\"https:\/\/www.urlaubcornwall.de\/reiseziel\/schottland.php\">Urlaub in Schottland<\/a>. Unterk\u00fcnfte der Spitzenklasse f\u00fcr 2 Personen, Familien und Gruppen mit 4, 6, 8, 10 oder 12 G\u00e4sten.<\/p>\n<p style=\"text-align: center;\"><a class=\"tidycta\" href=\"https:\/\/www.urlaubcornwall.de\/ferienhaeuser\/schottland.php\">Suche Ferienh\u00e4user in Schottland<\/a><\/p>\n<p style=\"text-align: center;\">UrlaubCornwall.de hat eine einzigartige Sammlung pers\u00f6nlich inspizierter <a href=\"https:\/\/www.urlaubcornwall.de\/ferienhaeuser\/schottland.php\">Ferienh\u00e4user und Ferienwohnungen in Schottland<\/a> und nun auch im gesamten Gro\u00dfbritannien.<\/p>\n<p style=\"text-align: center;\">UrlaubCornwall.de hat seinen Firmensitz in Cornwall in S\u00fcdwestengland und bietet Kunden im Deutsch sprechenden Europa Hilfe im Erstellen der perfekten Urlaubserfahrung hier. Wir haben ein Team Deutsch sprechender Experten, so dass wir eine <a href=\"https:\/\/www.urlaubcornwall.de\/rundreisen\/grossbritannien.php\">individuelle Urlaub in Gro\u00dfbritannien<\/a>.<\/p>\n","protected":false},"excerpt":{"rendered":"<p>Die Isle of Jura erreichen Sie mittels einer 5 min\u00fctigen F\u00e4hr\u00fcberquerung von Port Askaig auf Islay aus.&nbsp; Juras 367 Quadratkilometer bestehen haupts\u00e4chlich aus Gestein, Moorgebiet und Torfmooren. Diese wundersch\u00f6ne, ungez\u00e4hmte Insel ist einer der wildesten Orte Schottlands und hat eine Bev\u00f6lkerung von lediglich 200 Menschen, deren Anzahl bei weitem \u00fcbertroffen wird von den 5000 wilden [&hellip;]<\/p>\n","protected":false},"author":1,"featured_media":0,"parent":0,"menu_order":0,"comment_status":"closed","ping_status":"closed","template":"single-four.php","meta":[],"acf":[],"yoast_head":"<!-- This site is optimized with the Yoast SEO plugin v19.4 - https:\/\/yoast.com\/wordpress\/plugins\/seo\/ -->\n<title>Urlaub Insel Jura: Sehensw\u00fcrdigkeiten, Geschichte und Unterkunft - Urlaub &amp; Reisen<\/title>\n<meta name=\"robots\" content=\"index, follow, max-snippet:-1, max-image-preview:large, max-video-preview:-1\" \/>\n<link rel=\"canonical\" href=\"https:\/\/www.urlaubcornwall.de\/blog\/urlaub-insel-jura-sehenswuerdigkeiten-geschichte-und-unterkunft\/\" \/>\n<meta property=\"og:locale\" content=\"en_US\" \/>\n<meta property=\"og:type\" content=\"article\" \/>\n<meta property=\"og:title\" content=\"Urlaub Insel Jura: Sehensw\u00fcrdigkeiten, Geschichte und Unterkunft - Urlaub &amp; Reisen\" \/>\n<meta property=\"og:description\" content=\"Die Isle of Jura erreichen Sie mittels einer 5 min\u00fctigen F\u00e4hr\u00fcberquerung von Port Askaig auf Islay aus.&nbsp; Juras 367 Quadratkilometer bestehen haupts\u00e4chlich aus Gestein, Moorgebiet und Torfmooren. Diese wundersch\u00f6ne, ungez\u00e4hmte Insel ist einer der wildesten Orte Schottlands und hat eine Bev\u00f6lkerung von lediglich 200 Menschen, deren Anzahl bei weitem \u00fcbertroffen wird von den 5000 wilden [&hellip;]\" \/>\n<meta property=\"og:url\" content=\"https:\/\/www.urlaubcornwall.de\/blog\/urlaub-insel-jura-sehenswuerdigkeiten-geschichte-und-unterkunft\/\" \/>\n<meta property=\"og:site_name\" content=\"Urlaub &amp; Reisen\" \/>\n<meta property=\"article:modified_time\" content=\"2024-05-29T14:12:34+00:00\" \/>\n<meta property=\"og:image\" content=\"https:\/\/www.urlaubcornwall.de\/blog\/wp-content\/uploads\/2024\/03\/schottland-highlands.jpg\" \/>\n<meta name=\"twitter:card\" content=\"summary\" \/>\n<meta name=\"twitter:label1\" content=\"Est. reading time\" \/>\n\t<meta name=\"twitter:data1\" content=\"3 minutes\" \/>\n<script type=\"application\/ld+json\" class=\"yoast-schema-graph\">{\"@context\":\"https:\/\/schema.org\",\"@graph\":[{\"@type\":\"WebSite\",\"@id\":\"https:\/\/www.urlaubcornwall.de\/blog\/#website\",\"url\":\"https:\/\/www.urlaubcornwall.de\/blog\/\",\"name\":\"Urlaub &amp; Reisen\",\"description\":\"Urlaub, Reisen, Cornwall und S\u00fcdengland: eine perfekte Kombination\",\"potentialAction\":[{\"@type\":\"SearchAction\",\"target\":{\"@type\":\"EntryPoint\",\"urlTemplate\":\"https:\/\/www.urlaubcornwall.de\/blog\/?s={search_term_string}\"},\"query-input\":\"required name=search_term_string\"}],\"inLanguage\":\"en-US\"},{\"@type\":\"WebPage\",\"@id\":\"https:\/\/www.urlaubcornwall.de\/blog\/urlaub-insel-jura-sehenswuerdigkeiten-geschichte-und-unterkunft\/\",\"url\":\"https:\/\/www.urlaubcornwall.de\/blog\/urlaub-insel-jura-sehenswuerdigkeiten-geschichte-und-unterkunft\/\",\"name\":\"Urlaub Insel Jura: Sehensw\u00fcrdigkeiten, Geschichte und Unterkunft - Urlaub &amp; Reisen\",\"isPartOf\":{\"@id\":\"https:\/\/www.urlaubcornwall.de\/blog\/#website\"},\"datePublished\":\"2016-11-19T16:55:48+00:00\",\"dateModified\":\"2024-05-29T14:12:34+00:00\",\"breadcrumb\":{\"@id\":\"https:\/\/www.urlaubcornwall.de\/blog\/urlaub-insel-jura-sehenswuerdigkeiten-geschichte-und-unterkunft\/#breadcrumb\"},\"inLanguage\":\"en-US\",\"potentialAction\":[{\"@type\":\"ReadAction\",\"target\":[\"https:\/\/www.urlaubcornwall.de\/blog\/urlaub-insel-jura-sehenswuerdigkeiten-geschichte-und-unterkunft\/\"]}]},{\"@type\":\"BreadcrumbList\",\"@id\":\"https:\/\/www.urlaubcornwall.de\/blog\/urlaub-insel-jura-sehenswuerdigkeiten-geschichte-und-unterkunft\/#breadcrumb\",\"itemListElement\":[{\"@type\":\"ListItem\",\"position\":1,\"name\":\"Home\",\"item\":\"https:\/\/www.urlaubcornwall.de\/blog\/\"},{\"@type\":\"ListItem\",\"position\":2,\"name\":\"Urlaub Insel Jura: Sehensw\u00fcrdigkeiten, Geschichte und Unterkunft\"}]}]}<\/script>\n<!-- \/ Yoast SEO plugin. -->","yoast_head_json":{"title":"Urlaub Insel Jura: Sehensw\u00fcrdigkeiten, Geschichte und Unterkunft - Urlaub &amp; Reisen","robots":{"index":"index","follow":"follow","max-snippet":"max-snippet:-1","max-image-preview":"max-image-preview:large","max-video-preview":"max-video-preview:-1"},"canonical":"https:\/\/www.urlaubcornwall.de\/blog\/urlaub-insel-jura-sehenswuerdigkeiten-geschichte-und-unterkunft\/","og_locale":"en_US","og_type":"article","og_title":"Urlaub Insel Jura: Sehensw\u00fcrdigkeiten, Geschichte und Unterkunft - Urlaub &amp; Reisen","og_description":"Die Isle of Jura erreichen Sie mittels einer 5 min\u00fctigen F\u00e4hr\u00fcberquerung von Port Askaig auf Islay aus.&nbsp; Juras 367 Quadratkilometer bestehen haupts\u00e4chlich aus Gestein, Moorgebiet und Torfmooren. Diese wundersch\u00f6ne, ungez\u00e4hmte Insel ist einer der wildesten Orte Schottlands und hat eine Bev\u00f6lkerung von lediglich 200 Menschen, deren Anzahl bei weitem \u00fcbertroffen wird von den 5000 wilden [&hellip;]","og_url":"https:\/\/www.urlaubcornwall.de\/blog\/urlaub-insel-jura-sehenswuerdigkeiten-geschichte-und-unterkunft\/","og_site_name":"Urlaub &amp; Reisen","article_modified_time":"2024-05-29T14:12:34+00:00","og_image":[{"url":"https:\/\/www.urlaubcornwall.de\/blog\/wp-content\/uploads\/2024\/03\/schottland-highlands.jpg"}],"twitter_card":"summary","twitter_misc":{"Est. reading time":"3 minutes"},"schema":{"@context":"https:\/\/schema.org","@graph":[{"@type":"WebSite","@id":"https:\/\/www.urlaubcornwall.de\/blog\/#website","url":"https:\/\/www.urlaubcornwall.de\/blog\/","name":"Urlaub &amp; Reisen","description":"Urlaub, Reisen, Cornwall und S\u00fcdengland: eine perfekte Kombination","potentialAction":[{"@type":"SearchAction","target":{"@type":"EntryPoint","urlTemplate":"https:\/\/www.urlaubcornwall.de\/blog\/?s={search_term_string}"},"query-input":"required name=search_term_string"}],"inLanguage":"en-US"},{"@type":"WebPage","@id":"https:\/\/www.urlaubcornwall.de\/blog\/urlaub-insel-jura-sehenswuerdigkeiten-geschichte-und-unterkunft\/","url":"https:\/\/www.urlaubcornwall.de\/blog\/urlaub-insel-jura-sehenswuerdigkeiten-geschichte-und-unterkunft\/","name":"Urlaub Insel Jura: Sehensw\u00fcrdigkeiten, Geschichte und Unterkunft - Urlaub &amp; Reisen","isPartOf":{"@id":"https:\/\/www.urlaubcornwall.de\/blog\/#website"},"datePublished":"2016-11-19T16:55:48+00:00","dateModified":"2024-05-29T14:12:34+00:00","breadcrumb":{"@id":"https:\/\/www.urlaubcornwall.de\/blog\/urlaub-insel-jura-sehenswuerdigkeiten-geschichte-und-unterkunft\/#breadcrumb"},"inLanguage":"en-US","potentialAction":[{"@type":"ReadAction","target":["https:\/\/www.urlaubcornwall.de\/blog\/urlaub-insel-jura-sehenswuerdigkeiten-geschichte-und-unterkunft\/"]}]},{"@type":"BreadcrumbList","@id":"https:\/\/www.urlaubcornwall.de\/blog\/urlaub-insel-jura-sehenswuerdigkeiten-geschichte-und-unterkunft\/#breadcrumb","itemListElement":[{"@type":"ListItem","position":1,"name":"Home","item":"https:\/\/www.urlaubcornwall.de\/blog\/"},{"@type":"ListItem","position":2,"name":"Urlaub Insel Jura: Sehensw\u00fcrdigkeiten, Geschichte und Unterkunft"}]}]}},"_links":{"self":[{"href":"https:\/\/www.urlaubcornwall.de\/blog\/wp-json\/wp\/v2\/pages\/25469"}],"collection":[{"href":"https:\/\/www.urlaubcornwall.de\/blog\/wp-json\/wp\/v2\/pages"}],"about":[{"href":"https:\/\/www.urlaubcornwall.de\/blog\/wp-json\/wp\/v2\/types\/page"}],"author":[{"embeddable":true,"href":"https:\/\/www.urlaubcornwall.de\/blog\/wp-json\/wp\/v2\/users\/1"}],"replies":[{"embeddable":true,"href":"https:\/\/www.urlaubcornwall.de\/blog\/wp-json\/wp\/v2\/comments?post=25469"}],"version-history":[{"count":7,"href":"https:\/\/www.urlaubcornwall.de\/blog\/wp-json\/wp\/v2\/pages\/25469\/revisions"}],"predecessor-version":[{"id":50686,"href":"https:\/\/www.urlaubcornwall.de\/blog\/wp-json\/wp\/v2\/pages\/25469\/revisions\/50686"}],"wp:attachment":[{"href":"https:\/\/www.urlaubcornwall.de\/blog\/wp-json\/wp\/v2\/media?parent=25469"}],"curies":[{"name":"wp","href":"https:\/\/api.w.org\/{rel}","templated":true}]}}