{"id":25455,"date":"2016-11-19T16:03:50","date_gmt":"2016-11-19T16:03:50","guid":{"rendered":"https:\/\/www.urlaubcornwall.de\/blog\/?page_id=25455"},"modified":"2024-05-29T14:14:37","modified_gmt":"2024-05-29T14:14:37","slug":"urlaub-inseln-shetland-sehenswuerdigkeiten-geschichte-und-unterkunft","status":"publish","type":"page","link":"https:\/\/www.urlaubcornwall.de\/blog\/urlaub-inseln-shetland-sehenswuerdigkeiten-geschichte-und-unterkunft\/","title":{"rendered":"Urlaub Shetland Inseln: Sehensw\u00fcrdigkeiten, Geschichte und Unterkunft"},"content":{"rendered":"<p><a href=\"https:\/\/www.urlaubcornwall.de\/blog\/wp-content\/uploads\/2024\/05\/shettland-insel.jpg\"><img loading=\"lazy\" src=\"https:\/\/www.urlaubcornwall.de\/blog\/wp-content\/uploads\/2024\/05\/shettland-insel.jpg\" alt=\"shettland insel\" width=\"750\" height=\"485\" class=\"alignnone size-full wp-image-50687\" srcset=\"https:\/\/www.urlaubcornwall.de\/blog\/wp-content\/uploads\/2024\/05\/shettland-insel.jpg 750w, https:\/\/www.urlaubcornwall.de\/blog\/wp-content\/uploads\/2024\/05\/shettland-insel-300x194.jpg 300w\" sizes=\"(max-width: 750px) 100vw, 750px\" \/><\/a><br \/>\nShetland befindet sich 177km vor der <a href=\"https:\/\/www.urlaubcornwall.de\/blog\/entdecken-sie-schottland-britanniens-spektakulaerster-landschaft\/\">Nordostk\u00fcste Schottlands<\/a>; dieses Archipel besteht aus 100 Inseln, von denen 15 bewohnt sind. Die Shetland Inseln befinden sich n\u00e4her an Norwegen als am Festland Schottland, und der skandinavische Einfluss kann \u00fcberall gesehen werden. Es war norwegische Provinz, bis es 1469 Schottland geschenkt wurde anstatt einer Mitgift f\u00fcr eine d\u00e4nische Prinzessin.<\/p>\n<p style=\"text-align: right;\">\u00a9 Promote Shetland<\/p>\n<p><strong>Anreise nach Shetland:<\/strong> Es gibt Direktfl\u00fcge von <a href=\"https:\/\/www.urlaubcornwall.de\/blog\/urlaub-in-glasgow-sehenswuerdigkeiten-geschichte-und-unterkunft\/\">Glasgow<\/a>, <a href=\"https:\/\/www.urlaubcornwall.de\/blog\/reisetipps-fuer-edinburgh-unsere-top-10-sie-sie-sehen-und-erleben-sollten\/\">Edinburgh<\/a>, Aberdeen, Inverness und Kirkwall in Orkney, die weniger als 2 Stunden dauern, oder einen F\u00e4hrservice von Aberdeen, der 12 Stunden betr\u00e4gt.<\/p>\n<p><strong>Lerwick:<\/strong> Lerwick ist die Hauptstadt der Shetland Inseln und die einzige Stadt. Sie ist bekannt f\u00fcr ihr j\u00e4hrliches Winterfestival&nbsp; \u2018Up-Helly- Aa\u2019.&nbsp; Es ist Britanniens spektakul\u00e4rstes und gr\u00f6\u00dftes Feuerfestival und findet am letzten Dienstag im Januar statt; es ist die Adaption eines nordischen Festes, das das Ende der Weihnachtszeit und der langen Wintern\u00e4chte markiert. Es gibt eine Prozession von 1000 Lichtern, das brennende Replikat eines Wickinger-Langschiffs, Tanz und Party die ganze Nacht lang.<\/p>\n<p><script async src=\"https:\/\/pagead2.googlesyndication.com\/pagead\/js\/adsbygoogle.js?client=ca-pub-3901089389175725\"\n     crossorigin=\"anonymous\"><\/script><br \/>\n<!-- New UC --><br \/>\n<ins class=\"adsbygoogle\"\n     style=\"display:block\"\n     data-ad-client=\"ca-pub-3901089389175725\"\n     data-ad-slot=\"8080314818\"\n     data-ad-format=\"auto\"\n     data-full-width-responsive=\"true\"><\/ins><br \/>\n<script>\n     (adsbygoogle = window.adsbygoogle || []).push({});\n<\/script><\/p>\n<p><strong>Fairisle:<\/strong> In der Mitte zwischen Shetland und Orkney liegt Fairisle. Es ist bekannt f\u00fcr seine Strickwaren, sein Vogelleben und Wildblumen. Es ist eine von Britanniens abgelegensten unbewohnten Inseln, doch durchaus eines Besuches wert. Sie k\u00f6nnen mittels F\u00e4hre dorthin gelangen von Grutness aus am S\u00fcdende von Shetland, oder es gibt Fl\u00fcge vom Festland Shetland aus.<\/p>\n<p><a href=\"https:\/\/www.urlaubcornwall.de\/ferienhaeuser-fewos\/unterkunft\/Holiday\/75417-1-bedroom-bungalow-in-unst---75417.html\">Ferienhaus in Unst<\/a><\/p>\n<p><img loading=\"lazy\" class=\"aligncenter size-full wp-image-45055\" src=\"https:\/\/www.urlaubcornwall.de\/blog\/wp-content\/uploads\/2022\/09\/ferienhaus-unst-shetland.jpeg\" alt=\"ferienhaus unst shetland\" width=\"750\" height=\"563\" srcset=\"https:\/\/www.urlaubcornwall.de\/blog\/wp-content\/uploads\/2022\/09\/ferienhaus-unst-shetland.jpeg 750w, https:\/\/www.urlaubcornwall.de\/blog\/wp-content\/uploads\/2022\/09\/ferienhaus-unst-shetland-300x225.jpeg 300w\" sizes=\"(max-width: 750px) 100vw, 750px\" \/><\/p>\n<p><strong>Bressay und Noss:<\/strong> Bressay liegt \u00f6stlich von Lerwick, und lediglich eine kurze F\u00e4hrfahrt entfernt finden Sie &nbsp;Noss vor der Ostk\u00fcste von Bressay. Bressay ist das Zuhause f\u00fcr ungef\u00e4hr 400 Menschen, und sein ausgezeichneter nat\u00fcrlicher und gesch\u00fctzter Hafen hat Lerwick dazu verholfen, ein Hauptfischerhafen zu werden. Noss ist ein nationales Naturreservat und eine gro\u00dfartige Meeresvogelkolonie mit mehr als 100 000 Paaren br\u00fctender V\u00f6gel. Im Sommer k\u00f6nnen Besucher eine F\u00e4hre nehmen, um die V\u00f6gel und die wundersch\u00f6nen Wildblumen zu sehen.<\/p>\n<p><strong>Shetland Pferde:<\/strong> Urspr\u00fcnglich von den Shetland Inseln stammend, sind diese kleinen Pferde nur 107cm hoch und werden seit dem Bronzezeitalter auf den Inseln gehalten. Diese starken kleinen Ponys wurden dazu benutzt, W\u00e4gen zu ziehen, Torf und Kohle zu transportieren und das Farmland zu pfl\u00fcgen. Heute werden diese sanften, gutm\u00fctigen, widerstandsf\u00e4higen und intelligenten Ponys weltweit verkauft, um Kinder darauf reiten zu lassen.<\/p>\n<p><strong>St Ninians Insel:<\/strong> ist nicht wirklich eine Insel, sondern mit dem Festland Shetlands verbunden durch einen wundersch\u00f6nen nat\u00fcrlichen Sandsteg, der von Bigton aus begehbar ist. Der Strand ist sehr malerisch und einer der meist fotografierten Shetlands.<\/p>\n<div class=\"snippet\"> <a class=\"featured-item\" href=\" https:\/\/www.urlaubcornwall.de\/ferienhaeuser\/schottland.php\"> <span class=\"image-holder\" style=\"background-image: url(' https:\/\/www.urlaubcornwall.de\/blog\/wp-content\/uploads\/2019\/01\/urlaub-schottland-highlands-1.jpg ');\"><\/span> <span class=\"featured-content\"> \n<h2 class=\"featured-title\">Bei uns finden Sie Ferienh\u00e4user in Schottland zum Verlieben!<\/h2>\n<p class=\"featured-body\">Untenstehend finden Sie eine Auswahl an Ferienh\u00e4usern in Schottland. Hier finden Sie pers\u00f6nlich inspizierte Cottages entlang der schottischen K\u00fcste, in den schottischen Highlands und auf den Inseln&#8230;..<\/p>\n<\/span> <span class=\"featured-link-holder\"> <span class=\"featured-extra-info\"> \n<p>F\u00fcr Paare, Familien &#038; Gruppen<\/p>\n<\/span> \n<p class=\"featured-link\">DETAILS<\/p>\n<\/span> <\/a><\/div>\n","protected":false},"excerpt":{"rendered":"<p>Shetland befindet sich 177km vor der Nordostk\u00fcste Schottlands; dieses Archipel besteht aus 100 Inseln, von denen 15 bewohnt sind. Die Shetland Inseln befinden sich n\u00e4her an Norwegen als am Festland Schottland, und der skandinavische Einfluss kann \u00fcberall gesehen werden. Es war norwegische Provinz, bis es 1469 Schottland geschenkt wurde anstatt einer Mitgift f\u00fcr eine d\u00e4nische [&hellip;]<\/p>\n","protected":false},"author":1,"featured_media":0,"parent":0,"menu_order":0,"comment_status":"closed","ping_status":"closed","template":"single-four.php","meta":[],"acf":[],"yoast_head":"<!-- This site is optimized with the Yoast SEO plugin v19.4 - https:\/\/yoast.com\/wordpress\/plugins\/seo\/ -->\n<title>Urlaub Shetland Inseln: Sehensw\u00fcrdigkeiten, Geschichte und Unterkunft - Urlaub &amp; Reisen<\/title>\n<meta name=\"robots\" content=\"index, follow, max-snippet:-1, max-image-preview:large, max-video-preview:-1\" \/>\n<link rel=\"canonical\" href=\"https:\/\/www.urlaubcornwall.de\/blog\/urlaub-inseln-shetland-sehenswuerdigkeiten-geschichte-und-unterkunft\/\" \/>\n<meta property=\"og:locale\" content=\"en_US\" \/>\n<meta property=\"og:type\" content=\"article\" \/>\n<meta property=\"og:title\" content=\"Urlaub Shetland Inseln: Sehensw\u00fcrdigkeiten, Geschichte und Unterkunft - Urlaub &amp; Reisen\" \/>\n<meta property=\"og:description\" content=\"Shetland befindet sich 177km vor der Nordostk\u00fcste Schottlands; dieses Archipel besteht aus 100 Inseln, von denen 15 bewohnt sind. Die Shetland Inseln befinden sich n\u00e4her an Norwegen als am Festland Schottland, und der skandinavische Einfluss kann \u00fcberall gesehen werden. Es war norwegische Provinz, bis es 1469 Schottland geschenkt wurde anstatt einer Mitgift f\u00fcr eine d\u00e4nische [&hellip;]\" \/>\n<meta property=\"og:url\" content=\"https:\/\/www.urlaubcornwall.de\/blog\/urlaub-inseln-shetland-sehenswuerdigkeiten-geschichte-und-unterkunft\/\" \/>\n<meta property=\"og:site_name\" content=\"Urlaub &amp; Reisen\" \/>\n<meta property=\"article:modified_time\" content=\"2024-05-29T14:14:37+00:00\" \/>\n<meta property=\"og:image\" content=\"https:\/\/www.urlaubcornwall.de\/blog\/wp-content\/uploads\/2024\/05\/shettland-insel.jpg\" \/>\n<meta name=\"twitter:card\" content=\"summary\" \/>\n<meta name=\"twitter:label1\" content=\"Est. reading time\" \/>\n\t<meta name=\"twitter:data1\" content=\"3 minutes\" \/>\n<script type=\"application\/ld+json\" class=\"yoast-schema-graph\">{\"@context\":\"https:\/\/schema.org\",\"@graph\":[{\"@type\":\"WebSite\",\"@id\":\"https:\/\/www.urlaubcornwall.de\/blog\/#website\",\"url\":\"https:\/\/www.urlaubcornwall.de\/blog\/\",\"name\":\"Urlaub &amp; Reisen\",\"description\":\"Urlaub, Reisen, Cornwall und S\u00fcdengland: eine perfekte Kombination\",\"potentialAction\":[{\"@type\":\"SearchAction\",\"target\":{\"@type\":\"EntryPoint\",\"urlTemplate\":\"https:\/\/www.urlaubcornwall.de\/blog\/?s={search_term_string}\"},\"query-input\":\"required name=search_term_string\"}],\"inLanguage\":\"en-US\"},{\"@type\":\"WebPage\",\"@id\":\"https:\/\/www.urlaubcornwall.de\/blog\/urlaub-inseln-shetland-sehenswuerdigkeiten-geschichte-und-unterkunft\/\",\"url\":\"https:\/\/www.urlaubcornwall.de\/blog\/urlaub-inseln-shetland-sehenswuerdigkeiten-geschichte-und-unterkunft\/\",\"name\":\"Urlaub Shetland Inseln: Sehensw\u00fcrdigkeiten, Geschichte und Unterkunft - Urlaub &amp; Reisen\",\"isPartOf\":{\"@id\":\"https:\/\/www.urlaubcornwall.de\/blog\/#website\"},\"datePublished\":\"2016-11-19T16:03:50+00:00\",\"dateModified\":\"2024-05-29T14:14:37+00:00\",\"breadcrumb\":{\"@id\":\"https:\/\/www.urlaubcornwall.de\/blog\/urlaub-inseln-shetland-sehenswuerdigkeiten-geschichte-und-unterkunft\/#breadcrumb\"},\"inLanguage\":\"en-US\",\"potentialAction\":[{\"@type\":\"ReadAction\",\"target\":[\"https:\/\/www.urlaubcornwall.de\/blog\/urlaub-inseln-shetland-sehenswuerdigkeiten-geschichte-und-unterkunft\/\"]}]},{\"@type\":\"BreadcrumbList\",\"@id\":\"https:\/\/www.urlaubcornwall.de\/blog\/urlaub-inseln-shetland-sehenswuerdigkeiten-geschichte-und-unterkunft\/#breadcrumb\",\"itemListElement\":[{\"@type\":\"ListItem\",\"position\":1,\"name\":\"Home\",\"item\":\"https:\/\/www.urlaubcornwall.de\/blog\/\"},{\"@type\":\"ListItem\",\"position\":2,\"name\":\"Urlaub Shetland Inseln: Sehensw\u00fcrdigkeiten, Geschichte und Unterkunft\"}]}]}<\/script>\n<!-- \/ Yoast SEO plugin. -->","yoast_head_json":{"title":"Urlaub Shetland Inseln: Sehensw\u00fcrdigkeiten, Geschichte und Unterkunft - Urlaub &amp; Reisen","robots":{"index":"index","follow":"follow","max-snippet":"max-snippet:-1","max-image-preview":"max-image-preview:large","max-video-preview":"max-video-preview:-1"},"canonical":"https:\/\/www.urlaubcornwall.de\/blog\/urlaub-inseln-shetland-sehenswuerdigkeiten-geschichte-und-unterkunft\/","og_locale":"en_US","og_type":"article","og_title":"Urlaub Shetland Inseln: Sehensw\u00fcrdigkeiten, Geschichte und Unterkunft - Urlaub &amp; Reisen","og_description":"Shetland befindet sich 177km vor der Nordostk\u00fcste Schottlands; dieses Archipel besteht aus 100 Inseln, von denen 15 bewohnt sind. Die Shetland Inseln befinden sich n\u00e4her an Norwegen als am Festland Schottland, und der skandinavische Einfluss kann \u00fcberall gesehen werden. Es war norwegische Provinz, bis es 1469 Schottland geschenkt wurde anstatt einer Mitgift f\u00fcr eine d\u00e4nische [&hellip;]","og_url":"https:\/\/www.urlaubcornwall.de\/blog\/urlaub-inseln-shetland-sehenswuerdigkeiten-geschichte-und-unterkunft\/","og_site_name":"Urlaub &amp; Reisen","article_modified_time":"2024-05-29T14:14:37+00:00","og_image":[{"url":"https:\/\/www.urlaubcornwall.de\/blog\/wp-content\/uploads\/2024\/05\/shettland-insel.jpg"}],"twitter_card":"summary","twitter_misc":{"Est. reading time":"3 minutes"},"schema":{"@context":"https:\/\/schema.org","@graph":[{"@type":"WebSite","@id":"https:\/\/www.urlaubcornwall.de\/blog\/#website","url":"https:\/\/www.urlaubcornwall.de\/blog\/","name":"Urlaub &amp; Reisen","description":"Urlaub, Reisen, Cornwall und S\u00fcdengland: eine perfekte Kombination","potentialAction":[{"@type":"SearchAction","target":{"@type":"EntryPoint","urlTemplate":"https:\/\/www.urlaubcornwall.de\/blog\/?s={search_term_string}"},"query-input":"required name=search_term_string"}],"inLanguage":"en-US"},{"@type":"WebPage","@id":"https:\/\/www.urlaubcornwall.de\/blog\/urlaub-inseln-shetland-sehenswuerdigkeiten-geschichte-und-unterkunft\/","url":"https:\/\/www.urlaubcornwall.de\/blog\/urlaub-inseln-shetland-sehenswuerdigkeiten-geschichte-und-unterkunft\/","name":"Urlaub Shetland Inseln: Sehensw\u00fcrdigkeiten, Geschichte und Unterkunft - Urlaub &amp; Reisen","isPartOf":{"@id":"https:\/\/www.urlaubcornwall.de\/blog\/#website"},"datePublished":"2016-11-19T16:03:50+00:00","dateModified":"2024-05-29T14:14:37+00:00","breadcrumb":{"@id":"https:\/\/www.urlaubcornwall.de\/blog\/urlaub-inseln-shetland-sehenswuerdigkeiten-geschichte-und-unterkunft\/#breadcrumb"},"inLanguage":"en-US","potentialAction":[{"@type":"ReadAction","target":["https:\/\/www.urlaubcornwall.de\/blog\/urlaub-inseln-shetland-sehenswuerdigkeiten-geschichte-und-unterkunft\/"]}]},{"@type":"BreadcrumbList","@id":"https:\/\/www.urlaubcornwall.de\/blog\/urlaub-inseln-shetland-sehenswuerdigkeiten-geschichte-und-unterkunft\/#breadcrumb","itemListElement":[{"@type":"ListItem","position":1,"name":"Home","item":"https:\/\/www.urlaubcornwall.de\/blog\/"},{"@type":"ListItem","position":2,"name":"Urlaub Shetland Inseln: Sehensw\u00fcrdigkeiten, Geschichte und Unterkunft"}]}]}},"_links":{"self":[{"href":"https:\/\/www.urlaubcornwall.de\/blog\/wp-json\/wp\/v2\/pages\/25455"}],"collection":[{"href":"https:\/\/www.urlaubcornwall.de\/blog\/wp-json\/wp\/v2\/pages"}],"about":[{"href":"https:\/\/www.urlaubcornwall.de\/blog\/wp-json\/wp\/v2\/types\/page"}],"author":[{"embeddable":true,"href":"https:\/\/www.urlaubcornwall.de\/blog\/wp-json\/wp\/v2\/users\/1"}],"replies":[{"embeddable":true,"href":"https:\/\/www.urlaubcornwall.de\/blog\/wp-json\/wp\/v2\/comments?post=25455"}],"version-history":[{"count":12,"href":"https:\/\/www.urlaubcornwall.de\/blog\/wp-json\/wp\/v2\/pages\/25455\/revisions"}],"predecessor-version":[{"id":50688,"href":"https:\/\/www.urlaubcornwall.de\/blog\/wp-json\/wp\/v2\/pages\/25455\/revisions\/50688"}],"wp:attachment":[{"href":"https:\/\/www.urlaubcornwall.de\/blog\/wp-json\/wp\/v2\/media?parent=25455"}],"curies":[{"name":"wp","href":"https:\/\/api.w.org\/{rel}","templated":true}]}}