{"id":25440,"date":"2016-11-19T14:59:04","date_gmt":"2016-11-19T14:59:04","guid":{"rendered":"https:\/\/www.urlaubcornwall.de\/blog\/?page_id=25440"},"modified":"2024-05-29T14:19:39","modified_gmt":"2024-05-29T14:19:39","slug":"urlaub-in-peebles-schottischen-borders-sehenswuerdigkeiten-geschichte-und-unterkunft","status":"publish","type":"page","link":"https:\/\/www.urlaubcornwall.de\/blog\/urlaub-in-peebles-schottischen-borders-sehenswuerdigkeiten-geschichte-und-unterkunft\/","title":{"rendered":"Urlaub in Peebles &#038; Schottischen Borders: Sehensw\u00fcrdigkeiten, Geschichte und Unterkunft"},"content":{"rendered":"<p><a href=\"https:\/\/www.urlaubcornwall.de\/blog\/wp-content\/uploads\/2024\/05\/Peebles.jpg\"><img loading=\"lazy\" src=\"https:\/\/www.urlaubcornwall.de\/blog\/wp-content\/uploads\/2024\/05\/Peebles.jpg\" alt=\"Peebles\" width=\"750\" height=\"500\" class=\"alignnone size-full wp-image-50693\" srcset=\"https:\/\/www.urlaubcornwall.de\/blog\/wp-content\/uploads\/2024\/05\/Peebles.jpg 750w, https:\/\/www.urlaubcornwall.de\/blog\/wp-content\/uploads\/2024\/05\/Peebles-300x200.jpg 300w\" sizes=\"(max-width: 750px) 100vw, 750px\" \/><\/a><br \/>\nDie Stadt Peebles an der schottischen Grenze befindet sich an den Ufern des Flusses Tweed, lediglich &nbsp;30 Autominuten von <a href=\"https:\/\/www.urlaubcornwall.de\/blog\/reisetipps-fuer-edinburgh-unsere-top-10-sie-sie-sehen-und-erleben-sollten\/\">Edinburgh<\/a> und eine Stunde von <a href=\"https:\/\/www.urlaubcornwall.de\/blog\/urlaub-in-glasgow-sehenswuerdigkeiten-geschichte-und-unterkunft\/\">Glasgow<\/a> entfernt. Sie ist umgeben von einer spektakul\u00e4ren Landschaft, hat zahlreiche Caf\u00e9s, Gesch\u00e4fte, Veranstaltungen und Aktivit\u00e4ten im Freien.<\/p>\n<p>Es gibt zahlreiche Spazierwege um Peebles herum; diese idyllische Landschaft von heidebewachsenem Moorgebiet und gr\u00fcnen H\u00fcgeln bietet einige der besten H\u00fcgelwanderungen der Grenzregion. Der Fluss Tweed: ist weltbekannt f\u00fcr den Lachsfang; er ist einer der besten Lachsfl\u00fcsse der Welt. Neben Lachsen hat der Fluss Tweed ausgezeichnete braune Forellen und Meeresforellen.<\/p>\n<p>Traquair House: befindet sich ungef\u00e4hr 11km s\u00fcd\u00f6stlich von Peebles bei Innerleithen, es ist das \u00e4lteste, durchgehend bewohnte Haus <a href=\"https:\/\/www.urlaubcornwall.de\/blog\/entdecken-sie-schottland-britanniens-spektakulaerster-landschaft\/\">Schottlands<\/a>. Es ist keine Burg, jedoch eine befestigte Villa und reicht zur\u00fcck ins Jahr 1107, als es Jagdh\u00fctte f\u00fcr die K\u00f6nige und K\u00f6niginnen Schottlands war. Die derzeitige Gutsherrin von Traquair ist Catherine Maxwell Stuart, 21. Lady of Traquair, die hier mit ihrer Familie lebt. Das Haus und sein wundersch\u00f6nes Grundst\u00fcck mit Waldwegen sind der \u00d6ffentlichkeit von April bis November zug\u00e4nglich.<\/p>\n<div class=\"snippet\"> <a class=\"featured-item\" href=\" https:\/\/www.urlaubcornwall.de\/blog\/rundreisen-schottland\/\"> <span class=\"image-holder\" style=\"background-image: url(' https:\/\/www.urlaubcornwall.de\/blog\/wp-content\/uploads\/2019\/01\/urlaub-schottland-highlands.jpg ');\"><\/span> <span class=\"featured-content\"> \n<h2 class=\"featured-title\">Rundreise durch Schottland: mit dem Auto bereisen <\/h2>\n<p class=\"featured-body\">Urlaub in Schottland haben etwas f\u00fcr jeden Geschmack zu bieten \u2013 herrliche Sonnenunterg\u00e4nge \u00fcber magischen Inseln, wundersch\u00f6ne und dramatische K\u00fcstenstriche, tiefe, verborgene T\u00e4ler und eine unglaubliche Landschaft&#8230;<\/p>\n<\/span> <span class=\"featured-link-holder\"> <span class=\"featured-extra-info\"> \n<p>Ready Made Touren<\/p>\n<\/span> \n<p class=\"featured-link\">DETAILS<\/p>\n<\/span> <\/a><\/div>\n<p>Das Creative Peebles Festival:&nbsp; findet 11 Tage lang im Sp\u00e4tsommer statt und feiert die Arbeit von K\u00fcnstlern, Kunstgruppen, Musikern, Dichtern, Filmemachern und Handwerkern. Neben Vorf\u00fchrungen im Innenbereich und Workshops gibt es M\u00f6glichkeiten, die faszinierende Geschichte, Architektur, Natur und Landschaft von Peebles , sowie die Umgebung auf einer Reihe von Wanderungen, Reden und Touren kennenzulernen.<\/p>\n<p>Glentress Forest: hat mehr als 80km Mountainbiking-Pfade von Weltklasse im Herzen des Tweed Valley. Die Pfade sind unterschiedlich lang und unterschiedlich schwierig und R\u00e4der k\u00f6nnen gemietet werden. Es gibt auch f\u00fcnf Wanderpfade durch den Wald.<\/p>\n<p><script async src=\"https:\/\/pagead2.googlesyndication.com\/pagead\/js\/adsbygoogle.js?client=ca-pub-3901089389175725\"\n     crossorigin=\"anonymous\"><\/script><br \/>\n<!-- New UC --><br \/>\n<ins class=\"adsbygoogle\"\n     style=\"display:block\"\n     data-ad-client=\"ca-pub-3901089389175725\"\n     data-ad-slot=\"8080314818\"\n     data-ad-format=\"auto\"\n     data-full-width-responsive=\"true\"><\/ins><br \/>\n<script>\n     (adsbygoogle = window.adsbygoogle || []).push({});\n<\/script><\/p>\n<p>John Buchan: ist einer von Schottlands ber\u00fchmtesten Autoren, die bestbekannte seiner Geschichten ist \u2018The Thirty Nine Steps\u2019 , die auch verfilmt wurde. Das Museum in Peebles erkundet sein Leben und seine Erfahrungen. Sie k\u00f6nnen den Fu\u00dfstapfen von John Buchan folgen und dabei seine Lieblingsflecken voller Sch\u00f6nheit dieser Gegend sehen.<\/p>\n<p>Kailzie Gardens: befinden sich au\u00dferhalb der Stadt Peebles und sind das ganze Jahr sieben Tage die Woche \u00fcber ge\u00f6ffnet. Im Fr\u00fchling ist die Schau der Schneegl\u00f6ckchen, Narzissen und Sternhyazinthen herrlich. Der Fluss Tweed, der durch den Garten f\u00fchrt, bietet einen ausgezeichneten Lebensraum f\u00fcr V\u00f6gel wie den &nbsp;Eisvogel, Reiher, Austernf\u00e4nger und Enten. Die W\u00e4lder sind auch Heimat f\u00fcr rote Eichh\u00f6rnchen und Wild.<\/p>\n<div class=\"snippet\"> <a class=\"featured-item\" href=\" https:\/\/www.urlaubcornwall.de\/ferienhaeuser\/schottland.php\"> <span class=\"image-holder\" style=\"background-image: url(' https:\/\/www.urlaubcornwall.de\/blog\/wp-content\/uploads\/2019\/01\/urlaub-schottland-highlands-1.jpg ');\"><\/span> <span class=\"featured-content\"> \n<h2 class=\"featured-title\">Bei uns finden Sie Ferienh\u00e4user in Schottland zum Verlieben!<\/h2>\n<p class=\"featured-body\">Untenstehend finden Sie eine Auswahl an Ferienh\u00e4usern in Schottland. Hier finden Sie pers\u00f6nlich inspizierte Cottages entlang der schottischen K\u00fcste, in den schottischen Highlands und auf den Inseln&#8230;..<\/p>\n<\/span> <span class=\"featured-link-holder\"> <span class=\"featured-extra-info\"> \n<p>F\u00fcr Paare, Familien &#038; Gruppen<\/p>\n<\/span> \n<p class=\"featured-link\">DETAILS<\/p>\n<\/span> <\/a><\/div>\n<p style=\"text-align: center;\">UrlaubCornwall.de hat seinen Firmensitz in Cornwall in S\u00fcdwestengland und bietet Kunden im Deutsch sprechenden Europa Hilfe im Erstellen der perfekten Urlaubserfahrung hier. Wir haben ein Team Deutsch sprechender Experten, so dass wir eine <a href=\"https:\/\/www.urlaubcornwall.de\/rundreisen\/grossbritannien.php\">individuelle Urlaub in Gro\u00dfbritannien<\/a>.<\/p>\n","protected":false},"excerpt":{"rendered":"<p>Die Stadt Peebles an der schottischen Grenze befindet sich an den Ufern des Flusses Tweed, lediglich &nbsp;30 Autominuten von Edinburgh und eine Stunde von Glasgow entfernt. Sie ist umgeben von einer spektakul\u00e4ren Landschaft, hat zahlreiche Caf\u00e9s, Gesch\u00e4fte, Veranstaltungen und Aktivit\u00e4ten im Freien. Es gibt zahlreiche Spazierwege um Peebles herum; diese idyllische Landschaft von heidebewachsenem Moorgebiet [&hellip;]<\/p>\n","protected":false},"author":1,"featured_media":0,"parent":0,"menu_order":0,"comment_status":"closed","ping_status":"closed","template":"single-four.php","meta":[],"acf":[],"yoast_head":"<!-- This site is optimized with the Yoast SEO plugin v19.4 - https:\/\/yoast.com\/wordpress\/plugins\/seo\/ -->\n<title>Urlaub in Peebles &amp; Schottischen Borders: Sehensw\u00fcrdigkeiten, Geschichte und Unterkunft - Urlaub &amp; Reisen<\/title>\n<meta name=\"robots\" content=\"index, follow, max-snippet:-1, max-image-preview:large, max-video-preview:-1\" \/>\n<link rel=\"canonical\" href=\"https:\/\/www.urlaubcornwall.de\/blog\/urlaub-in-peebles-schottischen-borders-sehenswuerdigkeiten-geschichte-und-unterkunft\/\" \/>\n<meta property=\"og:locale\" content=\"en_US\" \/>\n<meta property=\"og:type\" content=\"article\" \/>\n<meta property=\"og:title\" content=\"Urlaub in Peebles &amp; Schottischen Borders: Sehensw\u00fcrdigkeiten, Geschichte und Unterkunft - Urlaub &amp; Reisen\" \/>\n<meta property=\"og:description\" content=\"Die Stadt Peebles an der schottischen Grenze befindet sich an den Ufern des Flusses Tweed, lediglich &nbsp;30 Autominuten von Edinburgh und eine Stunde von Glasgow entfernt. Sie ist umgeben von einer spektakul\u00e4ren Landschaft, hat zahlreiche Caf\u00e9s, Gesch\u00e4fte, Veranstaltungen und Aktivit\u00e4ten im Freien. Es gibt zahlreiche Spazierwege um Peebles herum; diese idyllische Landschaft von heidebewachsenem Moorgebiet [&hellip;]\" \/>\n<meta property=\"og:url\" content=\"https:\/\/www.urlaubcornwall.de\/blog\/urlaub-in-peebles-schottischen-borders-sehenswuerdigkeiten-geschichte-und-unterkunft\/\" \/>\n<meta property=\"og:site_name\" content=\"Urlaub &amp; Reisen\" \/>\n<meta property=\"article:modified_time\" content=\"2024-05-29T14:19:39+00:00\" \/>\n<meta property=\"og:image\" content=\"https:\/\/www.urlaubcornwall.de\/blog\/wp-content\/uploads\/2024\/05\/Peebles.jpg\" \/>\n<meta name=\"twitter:card\" content=\"summary\" \/>\n<meta name=\"twitter:label1\" content=\"Est. reading time\" \/>\n\t<meta name=\"twitter:data1\" content=\"3 minutes\" \/>\n<script type=\"application\/ld+json\" class=\"yoast-schema-graph\">{\"@context\":\"https:\/\/schema.org\",\"@graph\":[{\"@type\":\"WebSite\",\"@id\":\"https:\/\/www.urlaubcornwall.de\/blog\/#website\",\"url\":\"https:\/\/www.urlaubcornwall.de\/blog\/\",\"name\":\"Urlaub &amp; Reisen\",\"description\":\"Urlaub, Reisen, Cornwall und S\u00fcdengland: eine perfekte Kombination\",\"potentialAction\":[{\"@type\":\"SearchAction\",\"target\":{\"@type\":\"EntryPoint\",\"urlTemplate\":\"https:\/\/www.urlaubcornwall.de\/blog\/?s={search_term_string}\"},\"query-input\":\"required name=search_term_string\"}],\"inLanguage\":\"en-US\"},{\"@type\":\"WebPage\",\"@id\":\"https:\/\/www.urlaubcornwall.de\/blog\/urlaub-in-peebles-schottischen-borders-sehenswuerdigkeiten-geschichte-und-unterkunft\/\",\"url\":\"https:\/\/www.urlaubcornwall.de\/blog\/urlaub-in-peebles-schottischen-borders-sehenswuerdigkeiten-geschichte-und-unterkunft\/\",\"name\":\"Urlaub in Peebles & Schottischen Borders: Sehensw\u00fcrdigkeiten, Geschichte und Unterkunft - Urlaub &amp; Reisen\",\"isPartOf\":{\"@id\":\"https:\/\/www.urlaubcornwall.de\/blog\/#website\"},\"datePublished\":\"2016-11-19T14:59:04+00:00\",\"dateModified\":\"2024-05-29T14:19:39+00:00\",\"breadcrumb\":{\"@id\":\"https:\/\/www.urlaubcornwall.de\/blog\/urlaub-in-peebles-schottischen-borders-sehenswuerdigkeiten-geschichte-und-unterkunft\/#breadcrumb\"},\"inLanguage\":\"en-US\",\"potentialAction\":[{\"@type\":\"ReadAction\",\"target\":[\"https:\/\/www.urlaubcornwall.de\/blog\/urlaub-in-peebles-schottischen-borders-sehenswuerdigkeiten-geschichte-und-unterkunft\/\"]}]},{\"@type\":\"BreadcrumbList\",\"@id\":\"https:\/\/www.urlaubcornwall.de\/blog\/urlaub-in-peebles-schottischen-borders-sehenswuerdigkeiten-geschichte-und-unterkunft\/#breadcrumb\",\"itemListElement\":[{\"@type\":\"ListItem\",\"position\":1,\"name\":\"Home\",\"item\":\"https:\/\/www.urlaubcornwall.de\/blog\/\"},{\"@type\":\"ListItem\",\"position\":2,\"name\":\"Urlaub in Peebles &#038; Schottischen Borders: Sehensw\u00fcrdigkeiten, Geschichte und Unterkunft\"}]}]}<\/script>\n<!-- \/ Yoast SEO plugin. -->","yoast_head_json":{"title":"Urlaub in Peebles & Schottischen Borders: Sehensw\u00fcrdigkeiten, Geschichte und Unterkunft - Urlaub &amp; Reisen","robots":{"index":"index","follow":"follow","max-snippet":"max-snippet:-1","max-image-preview":"max-image-preview:large","max-video-preview":"max-video-preview:-1"},"canonical":"https:\/\/www.urlaubcornwall.de\/blog\/urlaub-in-peebles-schottischen-borders-sehenswuerdigkeiten-geschichte-und-unterkunft\/","og_locale":"en_US","og_type":"article","og_title":"Urlaub in Peebles & Schottischen Borders: Sehensw\u00fcrdigkeiten, Geschichte und Unterkunft - Urlaub &amp; Reisen","og_description":"Die Stadt Peebles an der schottischen Grenze befindet sich an den Ufern des Flusses Tweed, lediglich &nbsp;30 Autominuten von Edinburgh und eine Stunde von Glasgow entfernt. Sie ist umgeben von einer spektakul\u00e4ren Landschaft, hat zahlreiche Caf\u00e9s, Gesch\u00e4fte, Veranstaltungen und Aktivit\u00e4ten im Freien. Es gibt zahlreiche Spazierwege um Peebles herum; diese idyllische Landschaft von heidebewachsenem Moorgebiet [&hellip;]","og_url":"https:\/\/www.urlaubcornwall.de\/blog\/urlaub-in-peebles-schottischen-borders-sehenswuerdigkeiten-geschichte-und-unterkunft\/","og_site_name":"Urlaub &amp; Reisen","article_modified_time":"2024-05-29T14:19:39+00:00","og_image":[{"url":"https:\/\/www.urlaubcornwall.de\/blog\/wp-content\/uploads\/2024\/05\/Peebles.jpg"}],"twitter_card":"summary","twitter_misc":{"Est. reading time":"3 minutes"},"schema":{"@context":"https:\/\/schema.org","@graph":[{"@type":"WebSite","@id":"https:\/\/www.urlaubcornwall.de\/blog\/#website","url":"https:\/\/www.urlaubcornwall.de\/blog\/","name":"Urlaub &amp; Reisen","description":"Urlaub, Reisen, Cornwall und S\u00fcdengland: eine perfekte Kombination","potentialAction":[{"@type":"SearchAction","target":{"@type":"EntryPoint","urlTemplate":"https:\/\/www.urlaubcornwall.de\/blog\/?s={search_term_string}"},"query-input":"required name=search_term_string"}],"inLanguage":"en-US"},{"@type":"WebPage","@id":"https:\/\/www.urlaubcornwall.de\/blog\/urlaub-in-peebles-schottischen-borders-sehenswuerdigkeiten-geschichte-und-unterkunft\/","url":"https:\/\/www.urlaubcornwall.de\/blog\/urlaub-in-peebles-schottischen-borders-sehenswuerdigkeiten-geschichte-und-unterkunft\/","name":"Urlaub in Peebles & Schottischen Borders: Sehensw\u00fcrdigkeiten, Geschichte und Unterkunft - Urlaub &amp; Reisen","isPartOf":{"@id":"https:\/\/www.urlaubcornwall.de\/blog\/#website"},"datePublished":"2016-11-19T14:59:04+00:00","dateModified":"2024-05-29T14:19:39+00:00","breadcrumb":{"@id":"https:\/\/www.urlaubcornwall.de\/blog\/urlaub-in-peebles-schottischen-borders-sehenswuerdigkeiten-geschichte-und-unterkunft\/#breadcrumb"},"inLanguage":"en-US","potentialAction":[{"@type":"ReadAction","target":["https:\/\/www.urlaubcornwall.de\/blog\/urlaub-in-peebles-schottischen-borders-sehenswuerdigkeiten-geschichte-und-unterkunft\/"]}]},{"@type":"BreadcrumbList","@id":"https:\/\/www.urlaubcornwall.de\/blog\/urlaub-in-peebles-schottischen-borders-sehenswuerdigkeiten-geschichte-und-unterkunft\/#breadcrumb","itemListElement":[{"@type":"ListItem","position":1,"name":"Home","item":"https:\/\/www.urlaubcornwall.de\/blog\/"},{"@type":"ListItem","position":2,"name":"Urlaub in Peebles &#038; Schottischen Borders: Sehensw\u00fcrdigkeiten, Geschichte und Unterkunft"}]}]}},"_links":{"self":[{"href":"https:\/\/www.urlaubcornwall.de\/blog\/wp-json\/wp\/v2\/pages\/25440"}],"collection":[{"href":"https:\/\/www.urlaubcornwall.de\/blog\/wp-json\/wp\/v2\/pages"}],"about":[{"href":"https:\/\/www.urlaubcornwall.de\/blog\/wp-json\/wp\/v2\/types\/page"}],"author":[{"embeddable":true,"href":"https:\/\/www.urlaubcornwall.de\/blog\/wp-json\/wp\/v2\/users\/1"}],"replies":[{"embeddable":true,"href":"https:\/\/www.urlaubcornwall.de\/blog\/wp-json\/wp\/v2\/comments?post=25440"}],"version-history":[{"count":11,"href":"https:\/\/www.urlaubcornwall.de\/blog\/wp-json\/wp\/v2\/pages\/25440\/revisions"}],"predecessor-version":[{"id":50694,"href":"https:\/\/www.urlaubcornwall.de\/blog\/wp-json\/wp\/v2\/pages\/25440\/revisions\/50694"}],"wp:attachment":[{"href":"https:\/\/www.urlaubcornwall.de\/blog\/wp-json\/wp\/v2\/media?parent=25440"}],"curies":[{"name":"wp","href":"https:\/\/api.w.org\/{rel}","templated":true}]}}