{"id":25425,"date":"2016-11-19T10:46:18","date_gmt":"2016-11-19T10:46:18","guid":{"rendered":"https:\/\/www.urlaubcornwall.de\/blog\/?page_id=25425"},"modified":"2024-05-29T14:23:36","modified_gmt":"2024-05-29T14:23:36","slug":"urlaub-oban-an-der-westkueste-schottlands-sehenswuerdigkeiten-geschichte-und-unterkunft","status":"publish","type":"page","link":"https:\/\/www.urlaubcornwall.de\/blog\/urlaub-oban-an-der-westkueste-schottlands-sehenswuerdigkeiten-geschichte-und-unterkunft\/","title":{"rendered":"Urlaub Oban an der Westk\u00fcste Schottlands: Sehensw\u00fcrdigkeiten, Geschichte und Unterkunft"},"content":{"rendered":"<p><img loading=\"lazy\" class=\"aligncenter size-full wp-image-25426\" src=\"https:\/\/www.urlaubcornwall.de\/blog\/wp-content\/uploads\/2016\/11\/urlaub-oban-schottland.jpg\" alt=\"urlaub oban\" height=\"368\" width=\"748\" srcset=\"https:\/\/www.urlaubcornwall.de\/blog\/wp-content\/uploads\/2016\/11\/urlaub-oban-schottland.jpg 745w, https:\/\/www.urlaubcornwall.de\/blog\/wp-content\/uploads\/2016\/11\/urlaub-oban-schottland-300x148.jpg 300w\" sizes=\"(max-width: 748px) 100vw, 748px\" \/><\/p>\n<p>Oban an der <a href=\"https:\/\/www.urlaubcornwall.de\/reiseziel\/schottland.php\">Westk\u00fcste Schottlands<\/a> ist bekannt als das \u2018Tor zu den Inseln\u2019, sowie als \u2018Meeresfr\u00fcchtehauptstadt Schottlands\u2019. &nbsp;Diese beliebte Stadt hat eine gro\u00dfe Bannbreite an Hotels, Caf\u00e9s und preisgekr\u00f6nten Restaurants; sie ist auch die gr\u00f6\u00dfte Stadt in Argyll und auf den Inseln.<\/p>\n<p>Die Caledonian MacBrayne F\u00e4hren (CalMac) liegen in <a href=\"https:\/\/www.urlaubcornwall.de\/ferienhaeuser-fewos\/sco\/zentralschottland\/oban.html\">Oban<\/a>, und von hier aus gibt es F\u00e4hrverbindungen nach Mull, Colonsay, Barra, Coll, Lismore und Tiree. Sie k\u00f6nnen dann weitere Verbindungen zu anderen Inseln und der Westk\u00fcste Schottlands finden. Das Gew\u00e4sser um Oban ist ideal f\u00fcr Schalentiere, und die Austern und Miesmuscheln, die hier gedeihen, sollen die besten Schottlands sein. Es gibt in Oban derart viele Restaurants mit Meeresfr\u00fcchten auf der Speisekarte, dass Ihnen die Wahl schwerfallen wird.<\/p>\n<p>McCaig\u2019s Tower ist ein herausragendes Wahrzeichen Obans. Dieses granitne Geb\u00e4ude, das dem Kolosseum des Alten Rom gleicht, wurde vom einheimischen B\u00e4nker John McCaig zwischen 1890 und 1900 erbaut. Es wurde teilweise als Monument f\u00fcr seine Familie errichtet und auch dazu, f\u00fcr die einheimischen Steinmetze Arbeit zu schaffen. The Tower wurde nie vollendet; heute ist es ein \u00f6ffentlicher Garten mit herrlichem Blick \u00fcber die Oban Bay Richtung der Inseln.<\/p>\n<div class=\"snippet\"> <a class=\"featured-item\" href=\" https:\/\/www.urlaubcornwall.de\/blog\/rundreisen-schottland\/\"> <span class=\"image-holder\" style=\"background-image: url(' https:\/\/www.urlaubcornwall.de\/blog\/wp-content\/uploads\/2019\/01\/urlaub-schottland-highlands.jpg ');\"><\/span> <span class=\"featured-content\"> \n<h2 class=\"featured-title\">Rundreise durch Schottland: mit dem Auto bereisen <\/h2>\n<p class=\"featured-body\">Urlaub in Schottland haben etwas f\u00fcr jeden Geschmack zu bieten \u2013 herrliche Sonnenunterg\u00e4nge \u00fcber magischen Inseln, wundersch\u00f6ne und dramatische K\u00fcstenstriche, tiefe, verborgene T\u00e4ler und eine unglaubliche Landschaft&#8230;<\/p>\n<\/span> <span class=\"featured-link-holder\"> <span class=\"featured-extra-info\"> \n<p>Ready Made Touren<\/p>\n<\/span> \n<p class=\"featured-link\">DETAILS<\/p>\n<\/span> <\/a><\/div>\n<p>Es gibt zwei Burgen in Oban, Dunollie und Dunstaffnage. Dunstaffnage Castle mit Blick \u00fcber den Firth of Lorn ist eine der \u00e4ltesten Steinburgen Schottlands, um 1220 von Duncan MacDougall, \u2018King of the Isles\u2019, erbaut. Hier wurde Flora MacDonald in Gefangenschaft gehalten, nachdem sie Bonnie Prince Charlie 1746 zur Flucht verhalf. Die Burg ist das ganze Jahr \u00fcber ge\u00f6ffnet. <\/p>\n<p>Die Ruinen der Dunollie Burg waren einst Hochburg des schrecklichen MacDougall Klans, der 1000 Jahre lang \u00fcber weite Gebiete von Argyll herrschte. Heute gew\u00e4hrt die Burg mit ihrem Museum und dem Grundst\u00fcck Besuchern einen interessanten Einblick in die Geschichte der MacDougall Familie und das Leben an der Westk\u00fcste Schottlands.<\/p>\n<p>Die Oban Brennerei befindet sich im Herzen der Stadt und ist eine von Schottlands \u00e4ltesten Quellen des Single Malt Whiskys, 1794 gegr\u00fcndet. Die Brennerei ist das ganze Jahr \u00fcber f\u00fcr Touren und Geschmacksproben ge\u00f6ffnet.<\/p>\n<p><script async src=\"https:\/\/pagead2.googlesyndication.com\/pagead\/js\/adsbygoogle.js?client=ca-pub-3901089389175725\"\n     crossorigin=\"anonymous\"><\/script><br \/>\n<!-- New UC --><br \/>\n<ins class=\"adsbygoogle\"\n     style=\"display:block\"\n     data-ad-client=\"ca-pub-3901089389175725\"\n     data-ad-slot=\"8080314818\"\n     data-ad-format=\"auto\"\n     data-full-width-responsive=\"true\"><\/ins><br \/>\n<script>\n     (adsbygoogle = window.adsbygoogle || []).push({});\n<\/script><\/p>\n<p>Die Insel Kerrera vor der K\u00fcste Obans kann mittels Passagierf\u00e4hre erreicht werden; die Insel ist 7km lang und 2km breit und beherbergt einen Reichtum an Tierleben. Es gibt eine Robbenkolonie, Wildziegen, Adler, Wasserschildkr\u00f6ten, Delfine und Otter, die Besucher der friedvollen und wundersch\u00f6nen Insel sehen k\u00f6nnen. Die sich in Ruinen befindende Burg Gylen, die 1582 als Festung f\u00fcr den MacDougall Klan erbaut wurde, ist eines Besuches wert. Von der Burg aus, die das ganze Jahr \u00fcber ge\u00f6ffnet ist, haben Sie einen herrlichen Blick.<\/p>\n<div class=\"snippet\"> <a class=\"featured-item\" href=\" https:\/\/www.urlaubcornwall.de\/ferienhaeuser\/schottland.php\"> <span class=\"image-holder\" style=\"background-image: url(' https:\/\/www.urlaubcornwall.de\/blog\/wp-content\/uploads\/2019\/01\/urlaub-schottland-highlands-1.jpg ');\"><\/span> <span class=\"featured-content\"> \n<h2 class=\"featured-title\">Bei uns finden Sie Ferienh\u00e4user in Schottland zum Verlieben!<\/h2>\n<p class=\"featured-body\">Untenstehend finden Sie eine Auswahl an Ferienh\u00e4usern in Schottland. Hier finden Sie pers\u00f6nlich inspizierte Cottages entlang der schottischen K\u00fcste, in den schottischen Highlands und auf den Inseln&#8230;..<\/p>\n<\/span> <span class=\"featured-link-holder\"> <span class=\"featured-extra-info\"> \n<p>F\u00fcr Paare, Familien &#038; Gruppen<\/p>\n<\/span> \n<p class=\"featured-link\">DETAILS<\/p>\n<\/span> <\/a><\/div>\n<p style=\"text-align: center;\">UrlaubCornwall.de hat seinen Firmensitz in Cornwall in S\u00fcdwestengland und bietet Kunden im Deutsch sprechenden Europa Hilfe im Erstellen der perfekten Urlaubserfahrung hier. Wir haben ein Team Deutsch sprechender Experten, so dass wir eine <a href=\"https:\/\/www.urlaubcornwall.de\/rundreisen\/grossbritannien.php\">individuelle Urlaub in Gro\u00dfbritannien<\/a>.<\/p>\n","protected":false},"excerpt":{"rendered":"<p>Oban an der Westk\u00fcste Schottlands ist bekannt als das \u2018Tor zu den Inseln\u2019, sowie als \u2018Meeresfr\u00fcchtehauptstadt Schottlands\u2019. &nbsp;Diese beliebte Stadt hat eine gro\u00dfe Bannbreite an Hotels, Caf\u00e9s und preisgekr\u00f6nten Restaurants; sie ist auch die gr\u00f6\u00dfte Stadt in Argyll und auf den Inseln. Die Caledonian MacBrayne F\u00e4hren (CalMac) liegen in Oban, und von hier aus gibt [&hellip;]<\/p>\n","protected":false},"author":1,"featured_media":0,"parent":0,"menu_order":0,"comment_status":"closed","ping_status":"closed","template":"single-four.php","meta":[],"acf":[],"yoast_head":"<!-- This site is optimized with the Yoast SEO plugin v19.4 - https:\/\/yoast.com\/wordpress\/plugins\/seo\/ -->\n<title>Urlaub Oban an der Westk\u00fcste Schottlands: Sehensw\u00fcrdigkeiten, Geschichte und Unterkunft - Urlaub &amp; Reisen<\/title>\n<meta name=\"robots\" content=\"index, follow, max-snippet:-1, max-image-preview:large, max-video-preview:-1\" \/>\n<link rel=\"canonical\" href=\"https:\/\/www.urlaubcornwall.de\/blog\/urlaub-oban-an-der-westkueste-schottlands-sehenswuerdigkeiten-geschichte-und-unterkunft\/\" \/>\n<meta property=\"og:locale\" content=\"en_US\" \/>\n<meta property=\"og:type\" content=\"article\" \/>\n<meta property=\"og:title\" content=\"Urlaub Oban an der Westk\u00fcste Schottlands: Sehensw\u00fcrdigkeiten, Geschichte und Unterkunft - Urlaub &amp; Reisen\" \/>\n<meta property=\"og:description\" content=\"Oban an der Westk\u00fcste Schottlands ist bekannt als das \u2018Tor zu den Inseln\u2019, sowie als \u2018Meeresfr\u00fcchtehauptstadt Schottlands\u2019. &nbsp;Diese beliebte Stadt hat eine gro\u00dfe Bannbreite an Hotels, Caf\u00e9s und preisgekr\u00f6nten Restaurants; sie ist auch die gr\u00f6\u00dfte Stadt in Argyll und auf den Inseln. Die Caledonian MacBrayne F\u00e4hren (CalMac) liegen in Oban, und von hier aus gibt [&hellip;]\" \/>\n<meta property=\"og:url\" content=\"https:\/\/www.urlaubcornwall.de\/blog\/urlaub-oban-an-der-westkueste-schottlands-sehenswuerdigkeiten-geschichte-und-unterkunft\/\" \/>\n<meta property=\"og:site_name\" content=\"Urlaub &amp; Reisen\" \/>\n<meta property=\"article:modified_time\" content=\"2024-05-29T14:23:36+00:00\" \/>\n<meta property=\"og:image\" content=\"https:\/\/www.urlaubcornwall.de\/blog\/wp-content\/uploads\/2016\/11\/urlaub-oban-schottland.jpg\" \/>\n<meta name=\"twitter:card\" content=\"summary\" \/>\n<meta name=\"twitter:label1\" content=\"Est. reading time\" \/>\n\t<meta name=\"twitter:data1\" content=\"3 minutes\" \/>\n<script type=\"application\/ld+json\" class=\"yoast-schema-graph\">{\"@context\":\"https:\/\/schema.org\",\"@graph\":[{\"@type\":\"WebSite\",\"@id\":\"https:\/\/www.urlaubcornwall.de\/blog\/#website\",\"url\":\"https:\/\/www.urlaubcornwall.de\/blog\/\",\"name\":\"Urlaub &amp; Reisen\",\"description\":\"Urlaub, Reisen, Cornwall und S\u00fcdengland: eine perfekte Kombination\",\"potentialAction\":[{\"@type\":\"SearchAction\",\"target\":{\"@type\":\"EntryPoint\",\"urlTemplate\":\"https:\/\/www.urlaubcornwall.de\/blog\/?s={search_term_string}\"},\"query-input\":\"required name=search_term_string\"}],\"inLanguage\":\"en-US\"},{\"@type\":\"WebPage\",\"@id\":\"https:\/\/www.urlaubcornwall.de\/blog\/urlaub-oban-an-der-westkueste-schottlands-sehenswuerdigkeiten-geschichte-und-unterkunft\/\",\"url\":\"https:\/\/www.urlaubcornwall.de\/blog\/urlaub-oban-an-der-westkueste-schottlands-sehenswuerdigkeiten-geschichte-und-unterkunft\/\",\"name\":\"Urlaub Oban an der Westk\u00fcste Schottlands: Sehensw\u00fcrdigkeiten, Geschichte und Unterkunft - Urlaub &amp; Reisen\",\"isPartOf\":{\"@id\":\"https:\/\/www.urlaubcornwall.de\/blog\/#website\"},\"datePublished\":\"2016-11-19T10:46:18+00:00\",\"dateModified\":\"2024-05-29T14:23:36+00:00\",\"breadcrumb\":{\"@id\":\"https:\/\/www.urlaubcornwall.de\/blog\/urlaub-oban-an-der-westkueste-schottlands-sehenswuerdigkeiten-geschichte-und-unterkunft\/#breadcrumb\"},\"inLanguage\":\"en-US\",\"potentialAction\":[{\"@type\":\"ReadAction\",\"target\":[\"https:\/\/www.urlaubcornwall.de\/blog\/urlaub-oban-an-der-westkueste-schottlands-sehenswuerdigkeiten-geschichte-und-unterkunft\/\"]}]},{\"@type\":\"BreadcrumbList\",\"@id\":\"https:\/\/www.urlaubcornwall.de\/blog\/urlaub-oban-an-der-westkueste-schottlands-sehenswuerdigkeiten-geschichte-und-unterkunft\/#breadcrumb\",\"itemListElement\":[{\"@type\":\"ListItem\",\"position\":1,\"name\":\"Home\",\"item\":\"https:\/\/www.urlaubcornwall.de\/blog\/\"},{\"@type\":\"ListItem\",\"position\":2,\"name\":\"Urlaub Oban an der Westk\u00fcste Schottlands: Sehensw\u00fcrdigkeiten, Geschichte und Unterkunft\"}]}]}<\/script>\n<!-- \/ Yoast SEO plugin. -->","yoast_head_json":{"title":"Urlaub Oban an der Westk\u00fcste Schottlands: Sehensw\u00fcrdigkeiten, Geschichte und Unterkunft - Urlaub &amp; Reisen","robots":{"index":"index","follow":"follow","max-snippet":"max-snippet:-1","max-image-preview":"max-image-preview:large","max-video-preview":"max-video-preview:-1"},"canonical":"https:\/\/www.urlaubcornwall.de\/blog\/urlaub-oban-an-der-westkueste-schottlands-sehenswuerdigkeiten-geschichte-und-unterkunft\/","og_locale":"en_US","og_type":"article","og_title":"Urlaub Oban an der Westk\u00fcste Schottlands: Sehensw\u00fcrdigkeiten, Geschichte und Unterkunft - Urlaub &amp; Reisen","og_description":"Oban an der Westk\u00fcste Schottlands ist bekannt als das \u2018Tor zu den Inseln\u2019, sowie als \u2018Meeresfr\u00fcchtehauptstadt Schottlands\u2019. &nbsp;Diese beliebte Stadt hat eine gro\u00dfe Bannbreite an Hotels, Caf\u00e9s und preisgekr\u00f6nten Restaurants; sie ist auch die gr\u00f6\u00dfte Stadt in Argyll und auf den Inseln. Die Caledonian MacBrayne F\u00e4hren (CalMac) liegen in Oban, und von hier aus gibt [&hellip;]","og_url":"https:\/\/www.urlaubcornwall.de\/blog\/urlaub-oban-an-der-westkueste-schottlands-sehenswuerdigkeiten-geschichte-und-unterkunft\/","og_site_name":"Urlaub &amp; Reisen","article_modified_time":"2024-05-29T14:23:36+00:00","og_image":[{"url":"https:\/\/www.urlaubcornwall.de\/blog\/wp-content\/uploads\/2016\/11\/urlaub-oban-schottland.jpg"}],"twitter_card":"summary","twitter_misc":{"Est. reading time":"3 minutes"},"schema":{"@context":"https:\/\/schema.org","@graph":[{"@type":"WebSite","@id":"https:\/\/www.urlaubcornwall.de\/blog\/#website","url":"https:\/\/www.urlaubcornwall.de\/blog\/","name":"Urlaub &amp; Reisen","description":"Urlaub, Reisen, Cornwall und S\u00fcdengland: eine perfekte Kombination","potentialAction":[{"@type":"SearchAction","target":{"@type":"EntryPoint","urlTemplate":"https:\/\/www.urlaubcornwall.de\/blog\/?s={search_term_string}"},"query-input":"required name=search_term_string"}],"inLanguage":"en-US"},{"@type":"WebPage","@id":"https:\/\/www.urlaubcornwall.de\/blog\/urlaub-oban-an-der-westkueste-schottlands-sehenswuerdigkeiten-geschichte-und-unterkunft\/","url":"https:\/\/www.urlaubcornwall.de\/blog\/urlaub-oban-an-der-westkueste-schottlands-sehenswuerdigkeiten-geschichte-und-unterkunft\/","name":"Urlaub Oban an der Westk\u00fcste Schottlands: Sehensw\u00fcrdigkeiten, Geschichte und Unterkunft - Urlaub &amp; Reisen","isPartOf":{"@id":"https:\/\/www.urlaubcornwall.de\/blog\/#website"},"datePublished":"2016-11-19T10:46:18+00:00","dateModified":"2024-05-29T14:23:36+00:00","breadcrumb":{"@id":"https:\/\/www.urlaubcornwall.de\/blog\/urlaub-oban-an-der-westkueste-schottlands-sehenswuerdigkeiten-geschichte-und-unterkunft\/#breadcrumb"},"inLanguage":"en-US","potentialAction":[{"@type":"ReadAction","target":["https:\/\/www.urlaubcornwall.de\/blog\/urlaub-oban-an-der-westkueste-schottlands-sehenswuerdigkeiten-geschichte-und-unterkunft\/"]}]},{"@type":"BreadcrumbList","@id":"https:\/\/www.urlaubcornwall.de\/blog\/urlaub-oban-an-der-westkueste-schottlands-sehenswuerdigkeiten-geschichte-und-unterkunft\/#breadcrumb","itemListElement":[{"@type":"ListItem","position":1,"name":"Home","item":"https:\/\/www.urlaubcornwall.de\/blog\/"},{"@type":"ListItem","position":2,"name":"Urlaub Oban an der Westk\u00fcste Schottlands: Sehensw\u00fcrdigkeiten, Geschichte und Unterkunft"}]}]}},"_links":{"self":[{"href":"https:\/\/www.urlaubcornwall.de\/blog\/wp-json\/wp\/v2\/pages\/25425"}],"collection":[{"href":"https:\/\/www.urlaubcornwall.de\/blog\/wp-json\/wp\/v2\/pages"}],"about":[{"href":"https:\/\/www.urlaubcornwall.de\/blog\/wp-json\/wp\/v2\/types\/page"}],"author":[{"embeddable":true,"href":"https:\/\/www.urlaubcornwall.de\/blog\/wp-json\/wp\/v2\/users\/1"}],"replies":[{"embeddable":true,"href":"https:\/\/www.urlaubcornwall.de\/blog\/wp-json\/wp\/v2\/comments?post=25425"}],"version-history":[{"count":11,"href":"https:\/\/www.urlaubcornwall.de\/blog\/wp-json\/wp\/v2\/pages\/25425\/revisions"}],"predecessor-version":[{"id":50696,"href":"https:\/\/www.urlaubcornwall.de\/blog\/wp-json\/wp\/v2\/pages\/25425\/revisions\/50696"}],"wp:attachment":[{"href":"https:\/\/www.urlaubcornwall.de\/blog\/wp-json\/wp\/v2\/media?parent=25425"}],"curies":[{"name":"wp","href":"https:\/\/api.w.org\/{rel}","templated":true}]}}