{"id":25405,"date":"2016-11-18T15:25:52","date_gmt":"2016-11-18T15:25:52","guid":{"rendered":"https:\/\/www.urlaubcornwall.de\/blog\/?page_id=25405"},"modified":"2021-12-13T10:00:55","modified_gmt":"2021-12-13T10:00:55","slug":"urlaub-in-inverness-sehenswuerdigkeiten-geschichte-und-unterkunft","status":"publish","type":"page","link":"https:\/\/www.urlaubcornwall.de\/blog\/urlaub-in-inverness-sehenswuerdigkeiten-geschichte-und-unterkunft\/","title":{"rendered":"Urlaub in Inverness &#038; Loch Ness: Sehensw\u00fcrdigkeiten, Geschichte und Unterkunft"},"content":{"rendered":"<p><img loading=\"lazy\" class=\"aligncenter size-full wp-image-22907\" src=\"https:\/\/www.urlaubcornwall.de\/blog\/wp-content\/uploads\/2016\/01\/inverness-schloss.jpg\" alt=\"inverness_schloss_urlaub\" height=\"362\" width=\"748\"\/><\/p>\n<p>Wundersch\u00f6n gelegen am Moray Firth hat Inverness viele Attraktionen entlang des Ufers des Flusses Ness. Es ist eine kompakte kosmopolitische Stadt mit den <a href=\"https:\/\/www.urlaubcornwall.de\/blog\/entdecken-sie-schottland-britanniens-spektakulaerster-landschaft\/\">Highlands<\/a> vor der T\u00fcre und zahlreichen wundersch\u00f6nen Landschaften und Orten, die es zu besichtigen gilt.<\/p>\n<p>Inverness Schloss, das 1836 in rotem Sandstein erbaut wurde, hat Blick \u00fcber den Fluss Ness. Das Schloss ist der \u00d6ffentlichkeit nicht zug\u00e4nglich, doch Sie k\u00f6nnen im Grundst\u00fcck umhergehen.<\/p>\n<p><img loading=\"lazy\" class=\"aligncenter size-full wp-image-25406\" src=\"https:\/\/www.urlaubcornwall.de\/blog\/wp-content\/uploads\/2016\/11\/urlaub-Loch-ness.jpg\" alt=\"urlaub loch ness\" height=\"370\" width=\"745\" srcset=\"https:\/\/www.urlaubcornwall.de\/blog\/wp-content\/uploads\/2016\/11\/urlaub-Loch-ness.jpg 745w, https:\/\/www.urlaubcornwall.de\/blog\/wp-content\/uploads\/2016\/11\/urlaub-Loch-ness-300x149.jpg 300w\" sizes=\"(max-width: 745px) 100vw, 745px\" \/><\/p>\n<p><strong>Loch Ness:<\/strong> Eine Fahrt nach Inverness w\u00e4re nicht vollkommen ohne einen Besuch des Loch Ness mit dem gr\u00f6\u00dften Volumen an S\u00fc\u00dfwasser der Britischen Inseln, und es hat in der Tat mehr als s\u00e4mtliche Seen von England und Wales zusammen&#8230;..<\/p>\n<p><script async src=\"https:\/\/pagead2.googlesyndication.com\/pagead\/js\/adsbygoogle.js?client=ca-pub-3901089389175725\"\n     crossorigin=\"anonymous\"><\/script><br \/>\n<!-- New UC --><br \/>\n<ins class=\"adsbygoogle\"\n     style=\"display:block\"\n     data-ad-client=\"ca-pub-3901089389175725\"\n     data-ad-slot=\"8080314818\"\n     data-ad-format=\"auto\"\n     data-full-width-responsive=\"true\"><\/ins><br \/>\n<script>\n     (adsbygoogle = window.adsbygoogle || []).push({});\n<\/script><\/p>\n<p>Der See, der sich in wundersch\u00f6ner Lage befindet, ist seit langem schon in Geheimnisse geh\u00fcllt; im Jahre 565AD wurde zum ersten Mal das Loch Ness Monster gesichtet gem\u00e4\u00df eines Berichts von St Columba. Die ersten Fotos von \u2018Nessie\u2019 wurden 1934 gemacht, doch Wissenschaftler sind noch immer unentschieden ob ihrer Existenz. Machen Sie eine Bootsfahrt entlang des Loch Ness; und halten Sie unbedingt Ihre Kameras bereit!<\/p>\n<p><strong>Urquhart Castle:<\/strong> Schloss Urquhart ist eines der malerischsten Wahrzeichen Schottlands. Es befindet sich an den Ufern des Loch Ness beim Dorf Drumnadrochit und verf\u00fcgt \u00fcber einen gro\u00dfartigen Blick der L\u00e4nge des Sees entlang. Diese mittelalterliche Burg wurde 1692 gr\u00f6\u00dftenteils zerst\u00f6rt, so dass sie von den &nbsp;Jakobinern nicht genutzt werden konnte. Sie war einst eine von Schottlands gr\u00f6\u00dften Burgen und ist heute der \u00d6ffentlichkeit zug\u00e4nglich mit einem Besucherzentrum, wo Sie die 1000 Jahre alte Geschichte kennenlernen k\u00f6nnen.<\/p>\n<p><strong>Culloden:<\/strong> Die Schlacht von Culloden war die letzte Schlacht, die auf britischem Boden ausgetragen wurde; sie fand 1746 statt, und die Schlacht von Culloden war kurz doch sehr blutig, indem mehr als 1200 M\u00e4nner innerhalb einer Stunde get\u00f6tet wurden. Das preisgekr\u00f6nte Besucherzentrum hat eine interaktive Ausstellung, die die Schlacht zum Leben erweckt. Culloden ist nach wie vor ein bewegender und emotionaler Ort.<\/p>\n<p><strong>Beauly:<\/strong> Westlich von Inverness wird der Moray Firth zum Beauly Firth, in den der Fluss Beauly flie\u00dft, einer von Schottlands besten Lachsstr\u00f6men. Das Dorf Beauly wurde im 13. Jahrhundert von M\u00f6nchen gegr\u00fcndet, und die Ruinen der Abtei k\u00f6nnen in der Stadt gesehen werden, es gibt herrliche Spazierwege entlang des Flusses und durch den Glen und eine Menge Orte, um zu essen und zu trinken, so dass dies ein gro\u00dfartiger Tagesausflug sein kann.<\/p>\n<p style=\"text-align: center;\">UrlaubCornwall verf\u00fcgt <a href=\"https:\/\/www.urlaubcornwall.de\/ferienhaeuser-fewos\/sco\/nordhighlands-und-inseln\/inverness.html\">Ferienh\u00e4user und Ferienwohnungen in Inverness und Loch Ness<\/a> f\u00fcr Ihren <a href=\"https:\/\/www.urlaubcornwall.de\/blog\/urlaub-in-inverness-sehenswuerdigkeiten-geschichte-und-unterkunft\/\">Urlaub in Schottland<\/a>. Unterk\u00fcnfte der Spitzenklasse f\u00fcr 2 Personen, Familien und Gruppen mit 4, 6, 8, 10 oder 12 G\u00e4sten.<\/p>\n<h1 style=\"text-align: center;\"><strong>Bei uns finden Sie Ferienh\u00e4user zum Verlieben \u2013 so einfach ist das!<\/strong><\/h1>\n<p style=\"text-align: center;\"><a class=\"tidycta\" href=\"https:\/\/www.urlaubcornwall.de\/ferienhaeuser-fewos\/sco\/nordhighlands-und-inseln\/nordhighlands-und-inseln.html\">Suche Ferienh\u00e4user Inverness<\/a><\/p>\n<p style=\"text-align: center;\">UrlaubCornwall.de hat eine einzigartige Sammlung pers\u00f6nlich inspizierter Ferienh\u00e4user und Ferienwohnungen in Schottland und nun auch im gesamten Gro\u00dfbritannien.<\/p>\n<p style=\"text-align: center;\">UrlaubCornwall.de hat seinen Firmensitz in Cornwall in S\u00fcdwestengland und bietet Kunden im Deutsch sprechenden Europa Hilfe im Erstellen der perfekten Urlaubserfahrung hier. Wir haben ein Team Deutsch sprechender Experten, so dass wir eine <a href=\"https:\/\/www.urlaubcornwall.de\/rundreisen\/grossbritannien.php\">individuelle Urlaub in Gro\u00dfbritannien<\/a>.<\/p>\n","protected":false},"excerpt":{"rendered":"<p>Wundersch\u00f6n gelegen am Moray Firth hat Inverness viele Attraktionen entlang des Ufers des Flusses Ness. Es ist eine kompakte kosmopolitische Stadt mit den Highlands vor der T\u00fcre und zahlreichen wundersch\u00f6nen Landschaften und Orten, die es zu besichtigen gilt. Inverness Schloss, das 1836 in rotem Sandstein erbaut wurde, hat Blick \u00fcber den Fluss Ness. Das Schloss [&hellip;]<\/p>\n","protected":false},"author":1,"featured_media":0,"parent":0,"menu_order":0,"comment_status":"closed","ping_status":"closed","template":"single-four.php","meta":[],"acf":[],"yoast_head":"<!-- This site is optimized with the Yoast SEO plugin v19.4 - https:\/\/yoast.com\/wordpress\/plugins\/seo\/ -->\n<title>Urlaub in Inverness &amp; Loch Ness: Sehensw\u00fcrdigkeiten, Geschichte und Unterkunft - Urlaub &amp; Reisen<\/title>\n<meta name=\"robots\" content=\"index, follow, max-snippet:-1, max-image-preview:large, max-video-preview:-1\" \/>\n<link rel=\"canonical\" href=\"https:\/\/www.urlaubcornwall.de\/blog\/urlaub-in-inverness-sehenswuerdigkeiten-geschichte-und-unterkunft\/\" \/>\n<meta property=\"og:locale\" content=\"en_US\" \/>\n<meta property=\"og:type\" content=\"article\" \/>\n<meta property=\"og:title\" content=\"Urlaub in Inverness &amp; Loch Ness: Sehensw\u00fcrdigkeiten, Geschichte und Unterkunft - Urlaub &amp; Reisen\" \/>\n<meta property=\"og:description\" content=\"Wundersch\u00f6n gelegen am Moray Firth hat Inverness viele Attraktionen entlang des Ufers des Flusses Ness. Es ist eine kompakte kosmopolitische Stadt mit den Highlands vor der T\u00fcre und zahlreichen wundersch\u00f6nen Landschaften und Orten, die es zu besichtigen gilt. Inverness Schloss, das 1836 in rotem Sandstein erbaut wurde, hat Blick \u00fcber den Fluss Ness. Das Schloss [&hellip;]\" \/>\n<meta property=\"og:url\" content=\"https:\/\/www.urlaubcornwall.de\/blog\/urlaub-in-inverness-sehenswuerdigkeiten-geschichte-und-unterkunft\/\" \/>\n<meta property=\"og:site_name\" content=\"Urlaub &amp; Reisen\" \/>\n<meta property=\"article:modified_time\" content=\"2021-12-13T10:00:55+00:00\" \/>\n<meta property=\"og:image\" content=\"https:\/\/www.urlaubcornwall.de\/blog\/wp-content\/uploads\/2016\/01\/inverness-schloss.jpg\" \/>\n<meta name=\"twitter:card\" content=\"summary\" \/>\n<meta name=\"twitter:label1\" content=\"Est. reading time\" \/>\n\t<meta name=\"twitter:data1\" content=\"3 minutes\" \/>\n<script type=\"application\/ld+json\" class=\"yoast-schema-graph\">{\"@context\":\"https:\/\/schema.org\",\"@graph\":[{\"@type\":\"WebSite\",\"@id\":\"https:\/\/www.urlaubcornwall.de\/blog\/#website\",\"url\":\"https:\/\/www.urlaubcornwall.de\/blog\/\",\"name\":\"Urlaub &amp; Reisen\",\"description\":\"Urlaub, Reisen, Cornwall und S\u00fcdengland: eine perfekte Kombination\",\"potentialAction\":[{\"@type\":\"SearchAction\",\"target\":{\"@type\":\"EntryPoint\",\"urlTemplate\":\"https:\/\/www.urlaubcornwall.de\/blog\/?s={search_term_string}\"},\"query-input\":\"required name=search_term_string\"}],\"inLanguage\":\"en-US\"},{\"@type\":\"WebPage\",\"@id\":\"https:\/\/www.urlaubcornwall.de\/blog\/urlaub-in-inverness-sehenswuerdigkeiten-geschichte-und-unterkunft\/\",\"url\":\"https:\/\/www.urlaubcornwall.de\/blog\/urlaub-in-inverness-sehenswuerdigkeiten-geschichte-und-unterkunft\/\",\"name\":\"Urlaub in Inverness & Loch Ness: Sehensw\u00fcrdigkeiten, Geschichte und Unterkunft - Urlaub &amp; Reisen\",\"isPartOf\":{\"@id\":\"https:\/\/www.urlaubcornwall.de\/blog\/#website\"},\"datePublished\":\"2016-11-18T15:25:52+00:00\",\"dateModified\":\"2021-12-13T10:00:55+00:00\",\"breadcrumb\":{\"@id\":\"https:\/\/www.urlaubcornwall.de\/blog\/urlaub-in-inverness-sehenswuerdigkeiten-geschichte-und-unterkunft\/#breadcrumb\"},\"inLanguage\":\"en-US\",\"potentialAction\":[{\"@type\":\"ReadAction\",\"target\":[\"https:\/\/www.urlaubcornwall.de\/blog\/urlaub-in-inverness-sehenswuerdigkeiten-geschichte-und-unterkunft\/\"]}]},{\"@type\":\"BreadcrumbList\",\"@id\":\"https:\/\/www.urlaubcornwall.de\/blog\/urlaub-in-inverness-sehenswuerdigkeiten-geschichte-und-unterkunft\/#breadcrumb\",\"itemListElement\":[{\"@type\":\"ListItem\",\"position\":1,\"name\":\"Home\",\"item\":\"https:\/\/www.urlaubcornwall.de\/blog\/\"},{\"@type\":\"ListItem\",\"position\":2,\"name\":\"Urlaub in Inverness &#038; Loch Ness: Sehensw\u00fcrdigkeiten, Geschichte und Unterkunft\"}]}]}<\/script>\n<!-- \/ Yoast SEO plugin. -->","yoast_head_json":{"title":"Urlaub in Inverness & Loch Ness: Sehensw\u00fcrdigkeiten, Geschichte und Unterkunft - Urlaub &amp; Reisen","robots":{"index":"index","follow":"follow","max-snippet":"max-snippet:-1","max-image-preview":"max-image-preview:large","max-video-preview":"max-video-preview:-1"},"canonical":"https:\/\/www.urlaubcornwall.de\/blog\/urlaub-in-inverness-sehenswuerdigkeiten-geschichte-und-unterkunft\/","og_locale":"en_US","og_type":"article","og_title":"Urlaub in Inverness & Loch Ness: Sehensw\u00fcrdigkeiten, Geschichte und Unterkunft - Urlaub &amp; Reisen","og_description":"Wundersch\u00f6n gelegen am Moray Firth hat Inverness viele Attraktionen entlang des Ufers des Flusses Ness. Es ist eine kompakte kosmopolitische Stadt mit den Highlands vor der T\u00fcre und zahlreichen wundersch\u00f6nen Landschaften und Orten, die es zu besichtigen gilt. Inverness Schloss, das 1836 in rotem Sandstein erbaut wurde, hat Blick \u00fcber den Fluss Ness. Das Schloss [&hellip;]","og_url":"https:\/\/www.urlaubcornwall.de\/blog\/urlaub-in-inverness-sehenswuerdigkeiten-geschichte-und-unterkunft\/","og_site_name":"Urlaub &amp; Reisen","article_modified_time":"2021-12-13T10:00:55+00:00","og_image":[{"url":"https:\/\/www.urlaubcornwall.de\/blog\/wp-content\/uploads\/2016\/01\/inverness-schloss.jpg"}],"twitter_card":"summary","twitter_misc":{"Est. reading time":"3 minutes"},"schema":{"@context":"https:\/\/schema.org","@graph":[{"@type":"WebSite","@id":"https:\/\/www.urlaubcornwall.de\/blog\/#website","url":"https:\/\/www.urlaubcornwall.de\/blog\/","name":"Urlaub &amp; Reisen","description":"Urlaub, Reisen, Cornwall und S\u00fcdengland: eine perfekte Kombination","potentialAction":[{"@type":"SearchAction","target":{"@type":"EntryPoint","urlTemplate":"https:\/\/www.urlaubcornwall.de\/blog\/?s={search_term_string}"},"query-input":"required name=search_term_string"}],"inLanguage":"en-US"},{"@type":"WebPage","@id":"https:\/\/www.urlaubcornwall.de\/blog\/urlaub-in-inverness-sehenswuerdigkeiten-geschichte-und-unterkunft\/","url":"https:\/\/www.urlaubcornwall.de\/blog\/urlaub-in-inverness-sehenswuerdigkeiten-geschichte-und-unterkunft\/","name":"Urlaub in Inverness & Loch Ness: Sehensw\u00fcrdigkeiten, Geschichte und Unterkunft - Urlaub &amp; Reisen","isPartOf":{"@id":"https:\/\/www.urlaubcornwall.de\/blog\/#website"},"datePublished":"2016-11-18T15:25:52+00:00","dateModified":"2021-12-13T10:00:55+00:00","breadcrumb":{"@id":"https:\/\/www.urlaubcornwall.de\/blog\/urlaub-in-inverness-sehenswuerdigkeiten-geschichte-und-unterkunft\/#breadcrumb"},"inLanguage":"en-US","potentialAction":[{"@type":"ReadAction","target":["https:\/\/www.urlaubcornwall.de\/blog\/urlaub-in-inverness-sehenswuerdigkeiten-geschichte-und-unterkunft\/"]}]},{"@type":"BreadcrumbList","@id":"https:\/\/www.urlaubcornwall.de\/blog\/urlaub-in-inverness-sehenswuerdigkeiten-geschichte-und-unterkunft\/#breadcrumb","itemListElement":[{"@type":"ListItem","position":1,"name":"Home","item":"https:\/\/www.urlaubcornwall.de\/blog\/"},{"@type":"ListItem","position":2,"name":"Urlaub in Inverness &#038; Loch Ness: Sehensw\u00fcrdigkeiten, Geschichte und Unterkunft"}]}]}},"_links":{"self":[{"href":"https:\/\/www.urlaubcornwall.de\/blog\/wp-json\/wp\/v2\/pages\/25405"}],"collection":[{"href":"https:\/\/www.urlaubcornwall.de\/blog\/wp-json\/wp\/v2\/pages"}],"about":[{"href":"https:\/\/www.urlaubcornwall.de\/blog\/wp-json\/wp\/v2\/types\/page"}],"author":[{"embeddable":true,"href":"https:\/\/www.urlaubcornwall.de\/blog\/wp-json\/wp\/v2\/users\/1"}],"replies":[{"embeddable":true,"href":"https:\/\/www.urlaubcornwall.de\/blog\/wp-json\/wp\/v2\/comments?post=25405"}],"version-history":[{"count":8,"href":"https:\/\/www.urlaubcornwall.de\/blog\/wp-json\/wp\/v2\/pages\/25405\/revisions"}],"predecessor-version":[{"id":25857,"href":"https:\/\/www.urlaubcornwall.de\/blog\/wp-json\/wp\/v2\/pages\/25405\/revisions\/25857"}],"wp:attachment":[{"href":"https:\/\/www.urlaubcornwall.de\/blog\/wp-json\/wp\/v2\/media?parent=25405"}],"curies":[{"name":"wp","href":"https:\/\/api.w.org\/{rel}","templated":true}]}}