{"id":25276,"date":"2016-11-08T15:02:06","date_gmt":"2016-11-08T15:02:06","guid":{"rendered":"https:\/\/www.urlaubcornwall.de\/blog\/?page_id=25276"},"modified":"2024-05-29T12:41:20","modified_gmt":"2024-05-29T12:41:20","slug":"reisetipps-fuer-edinburgh-unsere-top-10-sie-sie-sehen-und-erleben-sollten","status":"publish","type":"page","link":"https:\/\/www.urlaubcornwall.de\/blog\/reisetipps-fuer-edinburgh-unsere-top-10-sie-sie-sehen-und-erleben-sollten\/","title":{"rendered":"Reisetipps f\u00fcr Edinburgh: Unsere Top 10, sie Sie sehen und erleben sollten."},"content":{"rendered":"<p><a href=\"https:\/\/www.urlaubcornwall.de\/blog\/wp-content\/uploads\/2024\/03\/Edinburgh-Castle-Edinburgh-schottland.jpg\"><img loading=\"lazy\" src=\"https:\/\/www.urlaubcornwall.de\/blog\/wp-content\/uploads\/2024\/03\/Edinburgh-Castle-Edinburgh-schottland.jpg\" alt=\"Edinburgh Castle, Edinburgh, schottland\" width=\"750\" height=\"500\" class=\"alignnone size-full wp-image-48015\" srcset=\"https:\/\/www.urlaubcornwall.de\/blog\/wp-content\/uploads\/2024\/03\/Edinburgh-Castle-Edinburgh-schottland.jpg 750w, https:\/\/www.urlaubcornwall.de\/blog\/wp-content\/uploads\/2024\/03\/Edinburgh-Castle-Edinburgh-schottland-300x200.jpg 300w\" sizes=\"(max-width: 750px) 100vw, 750px\" \/><\/a><\/p>\n<p>Die Hauptstadt <a href=\"https:\/\/www.urlaubcornwall.de\/blog\/entdecken-sie-schottland-britanniens-spektakulaerster-landschaft\/\">Schottlands<\/a> ist eine Stadt, die auf sieben H\u00fcgeln errichtet wurde, und Castle Rock, auf dem sich das Edinburgh Castle befindet, ist ein erloschener Vulkan. Schottlands Hauptstadt hat alles, was eine Hauptstadt haben sollte; eine Burg, einen k\u00f6niglichen Palast, nationale Kunstsammlungen, herrliche Museen, ausgezeichnete Einkaufsm\u00f6glichkeiten und feine Architektur. Mit wundervollem Blick hin zu den H\u00fcgeln der Umgebung und dem Firth of Forth gibt es f\u00fcr Besucher eine Menge zu tun in Edinburgh.<\/p>\n<p>Das Stadtzentrum besteht aus zwei Teilen; der Altstadt und der Neustadt. Die Altstadt wird &nbsp;dominiert vom Edinburgh Castle und deckt das Gebiet s\u00fcdlich und \u00f6stlich der Burg. Dieses Gebiet ist voller Geschichte und Kuriosit\u00e4ten; die Mietsh\u00e4user und \u00f6ffentlichen Geb\u00e4ude, die sich in den gepflasterten Stra\u00dfen befinden, haben viele Geschichten zu erz\u00e4hlen. Die Neustadt ist eine architektonische Herrlichkeit georgianischer Steinstadth\u00e4user, die sich halbmondf\u00f6rmig und in H\u00f6fen angesiedelt haben. Charlotte Square, designt von Robert Adam, gilt als Juwel der Neustadt. Princes Street, die Hauptstra\u00dfe, stellt die Abgrenzung zwischen den beiden Gebieten dar.<\/p>\n<p>Das Royal Edinburgh Military Tattoo findet jedes Jahr im August statt vor dem Edinburgh Castle.&nbsp; Es ist eine erstaunliche Darbietung milit\u00e4rischer Pr\u00e4zision in Tanz und Musik mit Hunderten von Dudelsackspielern, Trommlern, S\u00e4ngern und T\u00e4nzern, die hier aus der ganzen Welt zusammenkommen, um in dieser &nbsp;spektakul\u00e4ren Show aufzutreten.<\/p>\n<p><strong>Sehensw\u00fcrdigkeiten: 10 Dinge, die Sie in Edinburgh tun sollten<\/strong><\/p>\n<p>Edinburgh Castle ist eine weltbekannte Sehensw\u00fcrdigkeit und das ber\u00fchmteste aller schottischen Schl\u00f6sser. Der \u00e4lteste Teil ist die St Margarets Kapelle, die um 1130 erbaut wurde. Die Burg beherbergt die Kronjuwelen Schottlands, den Stein des Schicksals, das ber\u00fchmte Gewehr Mons Meg aus dem 15. Jahrhundert, das Nationale Kriegsmuseum Schottlands und die One O\u2019clock Gun.<\/p>\n<p>Die K\u00f6nigliche Jacht Britannia, die mehr als 40 Jahre lang der K\u00f6niglichen Familie geh\u00f6rte, liegt nun in Leith und ist eine von Schottlands besten Besucherattraktionen.<\/p>\n<p>Der Edinburgh Zoo, der 1913 \u00f6ffnete, befindet sich lediglich 10 Minuten vom Zentrum Edinburghs entfernt und ist anerkannt als einer der weltf\u00fchrenden Zoos und nimmt Teil an vielen Zuchtprogrammen zur Tiererhaltung.<\/p>\n<div class=\"snippet\"> <a class=\"featured-item\" href=\" https:\/\/www.urlaubcornwall.de\/blog\/rundreisen-schottland\/\"> <span class=\"image-holder\" style=\"background-image: url(' https:\/\/www.urlaubcornwall.de\/blog\/wp-content\/uploads\/2019\/01\/urlaub-schottland-highlands.jpg ');\"><\/span> <span class=\"featured-content\"> \n<h2 class=\"featured-title\">Rundreise durch Schottland: mit dem Auto bereisen <\/h2>\n<p class=\"featured-body\">Urlaub in Schottland haben etwas f\u00fcr jeden Geschmack zu bieten \u2013 herrliche Sonnenunterg\u00e4nge \u00fcber magischen Inseln, wundersch\u00f6ne und dramatische K\u00fcstenstriche, tiefe, verborgene T\u00e4ler und eine unglaubliche Landschaft&#8230;<\/p>\n<\/span> <span class=\"featured-link-holder\"> <span class=\"featured-extra-info\"> \n<p>Ready Made Touren<\/p>\n<\/span> \n<p class=\"featured-link\">DETAILS<\/p>\n<\/span> <\/a><\/div>\n<p>Palace of Holyroodhouse, dies ist die offizielle Residenz der K\u00f6nigin in Schottland und war bestbekannt als das Zuhause von Mary, K\u00f6nigin der Schotten. Dieser herrliche Palast, der sich am Ende von Edinburghs historischer Royal Mile befindet, ist das ganze Jahr \u00fcber der \u00d6ffentlichkeit zug\u00e4nglich.<\/p>\n<p><a href=\"https:\/\/www.urlaubcornwall.de\/blog\/wp-content\/uploads\/2024\/03\/whisky-schottland-1.jpg\"><img loading=\"lazy\" src=\"https:\/\/www.urlaubcornwall.de\/blog\/wp-content\/uploads\/2024\/03\/whisky-schottland-1.jpg\" alt=\"whisky schottland\" width=\"750\" height=\"500\" class=\"alignnone size-full wp-image-48023\" srcset=\"https:\/\/www.urlaubcornwall.de\/blog\/wp-content\/uploads\/2024\/03\/whisky-schottland-1.jpg 750w, https:\/\/www.urlaubcornwall.de\/blog\/wp-content\/uploads\/2024\/03\/whisky-schottland-1-300x200.jpg 300w\" sizes=\"(max-width: 750px) 100vw, 750px\" \/><\/a><\/p>\n<p>Die Scottish Whisky Experience nimmt Sie mit auf eine Tour durch eine Reproduktion einer Whiskybrennerei, wo Sie die Geheimnisse der verschiedenen Whiskyregionen erfahren und etwas von der weltgr\u00f6\u00dften Whiskysammlung probieren k\u00f6nnen.<\/p>\n<p>Arthur\u2019s Seat befindet sich im Holyrood Park, einem 259ha gro\u00dfen Park, der sich ans Holyrood House anschlie\u00dft. Arthur\u2019s Seat ist ein alter Vulkan und mit 251m \u00fcber dem Meeresspiegel der h\u00f6chste Punkt. Von hier aus haben Sie wundervollen Blick \u00fcber die Stadt.<\/p>\n<p>Der Royal Botanic Garden ist einer der feinsten botanischen G\u00e4rten der Welt, und die 29ha befinden sich lediglich 1,6km vom Stadtzentrum entfernt.<\/p>\n<p>Das Nationalmuseum Schottlands ist eine der Hauptbesucherattraktionen des UK; es beherbergt eine vielf\u00e4ltige Sammlung an mehr als 20 000 Kunstwerken aus der Natur, der Kunst, Wissenschaft und Technik, der Mode und des Designs.<\/p>\n<p>Calton Hill ist einer von Edinburghs H\u00fcgeln, direkt in der Mitte der Stadt. Mit seiner athenischen Akropolis, die \u00fcber Edinburgh aufragt, ist er nicht zu \u00fcbersehen. Mit der Errichtung der Akropolis, einem unvollendeten Monument, wurde 1816 begonnen als Gedenkst\u00e4tte f\u00fcr jene, die w\u00e4hrend der Napoleonischen Kriege ums Leben kamen.<\/p>\n<div class=\"snippet\"> <a class=\"featured-item\" href=\" https:\/\/www.urlaubcornwall.de\/ferienhaeuser\/schottland.php\"> <span class=\"image-holder\" style=\"background-image: url(' https:\/\/www.urlaubcornwall.de\/blog\/wp-content\/uploads\/2019\/01\/urlaub-schottland-highlands-1.jpg ');\"><\/span> <span class=\"featured-content\"> \n<h2 class=\"featured-title\">Bei uns finden Sie Ferienh\u00e4user in Schottland zum Verlieben!<\/h2>\n<p class=\"featured-body\">Untenstehend finden Sie eine Auswahl an Ferienh\u00e4usern in Schottland. Hier finden Sie pers\u00f6nlich inspizierte Cottages entlang der schottischen K\u00fcste, in den schottischen Highlands und auf den Inseln&#8230;..<\/p>\n<\/span> <span class=\"featured-link-holder\"> <span class=\"featured-extra-info\"> \n<p>F\u00fcr Paare, Familien &#038; Gruppen<\/p>\n<\/span> \n<p class=\"featured-link\">DETAILS<\/p>\n<\/span> <\/a><\/div>\n<p style=\"text-align: center;\">UrlaubCornwall.de hat eine einzigartige Sammlung <a href=\"https:\/\/www.urlaubcornwall.de\/ferienhaeuser\/schottland.php\">pers\u00f6nlich inspizierter Ferienh\u00e4user und Ferienwohnungen in Schottland<\/a> und nun auch im gesamten Gro\u00dfbritannien.<\/p>\n<p style=\"text-align: center;\">UrlaubCornwall.de hat seinen Firmensitz in Cornwall in S\u00fcdwestengland und bietet Kunden im Deutsch sprechenden Europa Hilfe im Erstellen der perfekten Urlaubserfahrung hier. Wir haben ein Team Deutsch sprechender Experten, so dass wir eine <a href=\"https:\/\/www.urlaubcornwall.de\/rundreisen\/grossbritannien.php\">individuelle Urlaub in Gro\u00dfbritannien<\/a>.<\/p>\n","protected":false},"excerpt":{"rendered":"<p>Die Hauptstadt Schottlands ist eine Stadt, die auf sieben H\u00fcgeln errichtet wurde, und Castle Rock, auf dem sich das Edinburgh Castle befindet, ist ein erloschener Vulkan. Schottlands Hauptstadt hat alles, was eine Hauptstadt haben sollte; eine Burg, einen k\u00f6niglichen Palast, nationale Kunstsammlungen, herrliche Museen, ausgezeichnete Einkaufsm\u00f6glichkeiten und feine Architektur. Mit wundervollem Blick hin zu den [&hellip;]<\/p>\n","protected":false},"author":1,"featured_media":0,"parent":0,"menu_order":0,"comment_status":"closed","ping_status":"closed","template":"single-four.php","meta":[],"acf":[],"yoast_head":"<!-- This site is optimized with the Yoast SEO plugin v19.4 - https:\/\/yoast.com\/wordpress\/plugins\/seo\/ -->\n<title>Reisetipps f\u00fcr Edinburgh: Unsere Top 10, sie Sie sehen und erleben sollten. - Urlaub &amp; Reisen<\/title>\n<meta name=\"robots\" content=\"index, follow, max-snippet:-1, max-image-preview:large, max-video-preview:-1\" \/>\n<link rel=\"canonical\" href=\"https:\/\/www.urlaubcornwall.de\/blog\/reisetipps-fuer-edinburgh-unsere-top-10-sie-sie-sehen-und-erleben-sollten\/\" \/>\n<meta property=\"og:locale\" content=\"en_US\" \/>\n<meta property=\"og:type\" content=\"article\" \/>\n<meta property=\"og:title\" content=\"Reisetipps f\u00fcr Edinburgh: Unsere Top 10, sie Sie sehen und erleben sollten. - Urlaub &amp; Reisen\" \/>\n<meta property=\"og:description\" content=\"Die Hauptstadt Schottlands ist eine Stadt, die auf sieben H\u00fcgeln errichtet wurde, und Castle Rock, auf dem sich das Edinburgh Castle befindet, ist ein erloschener Vulkan. Schottlands Hauptstadt hat alles, was eine Hauptstadt haben sollte; eine Burg, einen k\u00f6niglichen Palast, nationale Kunstsammlungen, herrliche Museen, ausgezeichnete Einkaufsm\u00f6glichkeiten und feine Architektur. Mit wundervollem Blick hin zu den [&hellip;]\" \/>\n<meta property=\"og:url\" content=\"https:\/\/www.urlaubcornwall.de\/blog\/reisetipps-fuer-edinburgh-unsere-top-10-sie-sie-sehen-und-erleben-sollten\/\" \/>\n<meta property=\"og:site_name\" content=\"Urlaub &amp; Reisen\" \/>\n<meta property=\"article:modified_time\" content=\"2024-05-29T12:41:20+00:00\" \/>\n<meta property=\"og:image\" content=\"https:\/\/www.urlaubcornwall.de\/blog\/wp-content\/uploads\/2024\/03\/Edinburgh-Castle-Edinburgh-schottland.jpg\" \/>\n<meta name=\"twitter:card\" content=\"summary\" \/>\n<meta name=\"twitter:label1\" content=\"Est. reading time\" \/>\n\t<meta name=\"twitter:data1\" content=\"4 minutes\" \/>\n<script type=\"application\/ld+json\" class=\"yoast-schema-graph\">{\"@context\":\"https:\/\/schema.org\",\"@graph\":[{\"@type\":\"WebSite\",\"@id\":\"https:\/\/www.urlaubcornwall.de\/blog\/#website\",\"url\":\"https:\/\/www.urlaubcornwall.de\/blog\/\",\"name\":\"Urlaub &amp; Reisen\",\"description\":\"Urlaub, Reisen, Cornwall und S\u00fcdengland: eine perfekte Kombination\",\"potentialAction\":[{\"@type\":\"SearchAction\",\"target\":{\"@type\":\"EntryPoint\",\"urlTemplate\":\"https:\/\/www.urlaubcornwall.de\/blog\/?s={search_term_string}\"},\"query-input\":\"required name=search_term_string\"}],\"inLanguage\":\"en-US\"},{\"@type\":\"WebPage\",\"@id\":\"https:\/\/www.urlaubcornwall.de\/blog\/reisetipps-fuer-edinburgh-unsere-top-10-sie-sie-sehen-und-erleben-sollten\/\",\"url\":\"https:\/\/www.urlaubcornwall.de\/blog\/reisetipps-fuer-edinburgh-unsere-top-10-sie-sie-sehen-und-erleben-sollten\/\",\"name\":\"Reisetipps f\u00fcr Edinburgh: Unsere Top 10, sie Sie sehen und erleben sollten. - Urlaub &amp; Reisen\",\"isPartOf\":{\"@id\":\"https:\/\/www.urlaubcornwall.de\/blog\/#website\"},\"datePublished\":\"2016-11-08T15:02:06+00:00\",\"dateModified\":\"2024-05-29T12:41:20+00:00\",\"breadcrumb\":{\"@id\":\"https:\/\/www.urlaubcornwall.de\/blog\/reisetipps-fuer-edinburgh-unsere-top-10-sie-sie-sehen-und-erleben-sollten\/#breadcrumb\"},\"inLanguage\":\"en-US\",\"potentialAction\":[{\"@type\":\"ReadAction\",\"target\":[\"https:\/\/www.urlaubcornwall.de\/blog\/reisetipps-fuer-edinburgh-unsere-top-10-sie-sie-sehen-und-erleben-sollten\/\"]}]},{\"@type\":\"BreadcrumbList\",\"@id\":\"https:\/\/www.urlaubcornwall.de\/blog\/reisetipps-fuer-edinburgh-unsere-top-10-sie-sie-sehen-und-erleben-sollten\/#breadcrumb\",\"itemListElement\":[{\"@type\":\"ListItem\",\"position\":1,\"name\":\"Home\",\"item\":\"https:\/\/www.urlaubcornwall.de\/blog\/\"},{\"@type\":\"ListItem\",\"position\":2,\"name\":\"Reisetipps f\u00fcr Edinburgh: Unsere Top 10, sie Sie sehen und erleben sollten.\"}]}]}<\/script>\n<!-- \/ Yoast SEO plugin. -->","yoast_head_json":{"title":"Reisetipps f\u00fcr Edinburgh: Unsere Top 10, sie Sie sehen und erleben sollten. - Urlaub &amp; Reisen","robots":{"index":"index","follow":"follow","max-snippet":"max-snippet:-1","max-image-preview":"max-image-preview:large","max-video-preview":"max-video-preview:-1"},"canonical":"https:\/\/www.urlaubcornwall.de\/blog\/reisetipps-fuer-edinburgh-unsere-top-10-sie-sie-sehen-und-erleben-sollten\/","og_locale":"en_US","og_type":"article","og_title":"Reisetipps f\u00fcr Edinburgh: Unsere Top 10, sie Sie sehen und erleben sollten. - Urlaub &amp; Reisen","og_description":"Die Hauptstadt Schottlands ist eine Stadt, die auf sieben H\u00fcgeln errichtet wurde, und Castle Rock, auf dem sich das Edinburgh Castle befindet, ist ein erloschener Vulkan. Schottlands Hauptstadt hat alles, was eine Hauptstadt haben sollte; eine Burg, einen k\u00f6niglichen Palast, nationale Kunstsammlungen, herrliche Museen, ausgezeichnete Einkaufsm\u00f6glichkeiten und feine Architektur. Mit wundervollem Blick hin zu den [&hellip;]","og_url":"https:\/\/www.urlaubcornwall.de\/blog\/reisetipps-fuer-edinburgh-unsere-top-10-sie-sie-sehen-und-erleben-sollten\/","og_site_name":"Urlaub &amp; Reisen","article_modified_time":"2024-05-29T12:41:20+00:00","og_image":[{"url":"https:\/\/www.urlaubcornwall.de\/blog\/wp-content\/uploads\/2024\/03\/Edinburgh-Castle-Edinburgh-schottland.jpg"}],"twitter_card":"summary","twitter_misc":{"Est. reading time":"4 minutes"},"schema":{"@context":"https:\/\/schema.org","@graph":[{"@type":"WebSite","@id":"https:\/\/www.urlaubcornwall.de\/blog\/#website","url":"https:\/\/www.urlaubcornwall.de\/blog\/","name":"Urlaub &amp; Reisen","description":"Urlaub, Reisen, Cornwall und S\u00fcdengland: eine perfekte Kombination","potentialAction":[{"@type":"SearchAction","target":{"@type":"EntryPoint","urlTemplate":"https:\/\/www.urlaubcornwall.de\/blog\/?s={search_term_string}"},"query-input":"required name=search_term_string"}],"inLanguage":"en-US"},{"@type":"WebPage","@id":"https:\/\/www.urlaubcornwall.de\/blog\/reisetipps-fuer-edinburgh-unsere-top-10-sie-sie-sehen-und-erleben-sollten\/","url":"https:\/\/www.urlaubcornwall.de\/blog\/reisetipps-fuer-edinburgh-unsere-top-10-sie-sie-sehen-und-erleben-sollten\/","name":"Reisetipps f\u00fcr Edinburgh: Unsere Top 10, sie Sie sehen und erleben sollten. - Urlaub &amp; Reisen","isPartOf":{"@id":"https:\/\/www.urlaubcornwall.de\/blog\/#website"},"datePublished":"2016-11-08T15:02:06+00:00","dateModified":"2024-05-29T12:41:20+00:00","breadcrumb":{"@id":"https:\/\/www.urlaubcornwall.de\/blog\/reisetipps-fuer-edinburgh-unsere-top-10-sie-sie-sehen-und-erleben-sollten\/#breadcrumb"},"inLanguage":"en-US","potentialAction":[{"@type":"ReadAction","target":["https:\/\/www.urlaubcornwall.de\/blog\/reisetipps-fuer-edinburgh-unsere-top-10-sie-sie-sehen-und-erleben-sollten\/"]}]},{"@type":"BreadcrumbList","@id":"https:\/\/www.urlaubcornwall.de\/blog\/reisetipps-fuer-edinburgh-unsere-top-10-sie-sie-sehen-und-erleben-sollten\/#breadcrumb","itemListElement":[{"@type":"ListItem","position":1,"name":"Home","item":"https:\/\/www.urlaubcornwall.de\/blog\/"},{"@type":"ListItem","position":2,"name":"Reisetipps f\u00fcr Edinburgh: Unsere Top 10, sie Sie sehen und erleben sollten."}]}]}},"_links":{"self":[{"href":"https:\/\/www.urlaubcornwall.de\/blog\/wp-json\/wp\/v2\/pages\/25276"}],"collection":[{"href":"https:\/\/www.urlaubcornwall.de\/blog\/wp-json\/wp\/v2\/pages"}],"about":[{"href":"https:\/\/www.urlaubcornwall.de\/blog\/wp-json\/wp\/v2\/types\/page"}],"author":[{"embeddable":true,"href":"https:\/\/www.urlaubcornwall.de\/blog\/wp-json\/wp\/v2\/users\/1"}],"replies":[{"embeddable":true,"href":"https:\/\/www.urlaubcornwall.de\/blog\/wp-json\/wp\/v2\/comments?post=25276"}],"version-history":[{"count":10,"href":"https:\/\/www.urlaubcornwall.de\/blog\/wp-json\/wp\/v2\/pages\/25276\/revisions"}],"predecessor-version":[{"id":50663,"href":"https:\/\/www.urlaubcornwall.de\/blog\/wp-json\/wp\/v2\/pages\/25276\/revisions\/50663"}],"wp:attachment":[{"href":"https:\/\/www.urlaubcornwall.de\/blog\/wp-json\/wp\/v2\/media?parent=25276"}],"curies":[{"name":"wp","href":"https:\/\/api.w.org\/{rel}","templated":true}]}}