{"id":25271,"date":"2016-11-08T14:15:17","date_gmt":"2016-11-08T14:15:17","guid":{"rendered":"https:\/\/www.urlaubcornwall.de\/blog\/?page_id=25271"},"modified":"2024-05-29T12:52:05","modified_gmt":"2024-05-29T12:52:05","slug":"urlaub-insel-arran-sehenswuerdigkeiten-geschichte-und-unterkunft","status":"publish","type":"page","link":"https:\/\/www.urlaubcornwall.de\/blog\/urlaub-insel-arran-sehenswuerdigkeiten-geschichte-und-unterkunft\/","title":{"rendered":"Urlaub Insel Arran: Sehensw\u00fcrdigkeiten, Geschichte und Unterkunft"},"content":{"rendered":"<p><a href=\"https:\/\/www.urlaubcornwall.de\/blog\/wp-content\/uploads\/2024\/05\/arran.jpg\"><img loading=\"lazy\" src=\"https:\/\/www.urlaubcornwall.de\/blog\/wp-content\/uploads\/2024\/05\/arran.jpg\" alt=\"arran\" width=\"750\" height=\"446\" class=\"alignnone size-full wp-image-50664\" srcset=\"https:\/\/www.urlaubcornwall.de\/blog\/wp-content\/uploads\/2024\/05\/arran.jpg 750w, https:\/\/www.urlaubcornwall.de\/blog\/wp-content\/uploads\/2024\/05\/arran-300x178.jpg 300w\" sizes=\"(max-width: 750px) 100vw, 750px\" \/><\/a><\/p>\n<p>Vor der K\u00fcste von Ayrshire gelegen, wird die Insel Arran h\u00e4ufig \u2018Miniaturenschottland\u2019 genannt mit ihren dramatischen Bergesgipfeln, windgesch\u00fctzten Str\u00e4nden, W\u00e4ldern und wundersch\u00f6ner K\u00fcste. Zur Insel k\u00f6nnen Sie mittels zweier Autof\u00e4hren gelangen, eine von Ardrossan auf dem Festland aus nach Brodick und eine von Claonaig auf der Halbinsel Kintyre, Arygll nach Lochranza.<\/p>\n<p><strong>Brodick Castle:<\/strong> Brodick Schloss befindet sich oberhalb der Stadt Brodick, unterhalb der hoch aufragenden Gipfel von Goatfell und mit Blick \u00fcber die Brodick Bay zum Firth of Clyde. Im Besitz des National Trust f\u00fcr <a href=\"https:\/\/www.urlaubcornwall.de\/blog\/entdecken-sie-schottland-britanniens-spektakulaerster-landschaft\/\">Schottland<\/a>, war dieses fundamentale \u2018Highland \u2018-Gut einst das Zuhause der Herzoge von Hamilton. Grund und G\u00e4rten sind entz\u00fcckend, mit Waldpfaden, Teichen voller Naturleben und Wasserf\u00e4llen. Die G\u00e4rten beherbergen drei nationale Sammlungen an Rhododendren, die nahezu in jedem Monat des Jahres bl\u00fchen. Die Parkanlage mit mehr als 16km an Pfaden erstreckt sich vom Meeresufer bis hinauf in die Bergesspitzen. Das Haus ist voller Sch\u00e4tze, mit einer eindrucksvollen Sammlung an Gem\u00e4lden, M\u00f6beln, Porzellan und Silber.<\/p>\n<p>Bei uns finden Sie Ferienh\u00e4user zum Verlieben &#8211; so einfach ist das! Pers\u00f6nlich inspizierte <a href=\"https:\/\/www.urlaubcornwall.de\/blog\/ferienhaeuser-ferienwohnungen-cottages-isle-of-arran\/\">Ferienh\u00e4user und Ferienwohnungen auf die Inseln Arran<\/a> f\u00fcr Ihren Urlaub.<\/p>\n<p><strong>Lochranza:<\/strong> Lochranza im Norden der Insel wird dominiert von der Burgruine, die sich auf Land befindet, das in die Bucht hinausragt. Mit den bergigen H\u00fcgeln dahinter, ist dies eine der spektakul\u00e4rsten Lagen der Insel. Auf Lochranza befindet sich auch die Arran Destilliere, die einzige Malzwhiskybrennerei der Insel. Das Besucherzentrum ist das ganze Jahr \u00fcber ge\u00f6ffnet, Sie machen eine F\u00fchrung und verkosten den Whisky.<\/p>\n<p><script async src=\"https:\/\/pagead2.googlesyndication.com\/pagead\/js\/adsbygoogle.js?client=ca-pub-3901089389175725\"\n     crossorigin=\"anonymous\"><\/script><br \/>\n<!-- New UC --><br \/>\n<ins class=\"adsbygoogle\"\n     style=\"display:block\"\n     data-ad-client=\"ca-pub-3901089389175725\"\n     data-ad-slot=\"8080314818\"\n     data-ad-format=\"auto\"\n     data-full-width-responsive=\"true\"><\/ins><br \/>\n<script>\n     (adsbygoogle = window.adsbygoogle || []).push({});\n<\/script><\/p>\n<p><strong>Goat Fell:<\/strong> Goat Fell ist der Berg auf der Insel Arran; sein h\u00f6chster Punkt liegt bei 874m. Er ist eine Herausforderung und dramatisch f\u00fcr Wanderer und Kletterer, doch an einem klaren Tag werden Sie belohnt mit spektakul\u00e4rem Blick hin\u00fcber zum Ben Lomond, Jura und der K\u00fcste Irlands.<\/p>\n<p><strong>Corrie:<\/strong> Das h\u00fcbsche Dorf Corrie befindet sich am Fu\u00dfe des Goat Fell in wundersch\u00f6ner K\u00fcstenlage. Das Dorf hat zwei H\u00e4fen, Corrie Port und Sandstone Quay; hier wurde Sandstein aus dem nahe gelegenen Steinbruch auf Dampfboote verladen, um zum Festland geschickt zu werden.<\/p>\n<p><strong>Golfen und Radfahren:<\/strong> Auf der Insel Arran gibt es sieben Golfpl\u00e4tze, etwas also f\u00fcr jeden Golfspieler. Sie k\u00f6nnen f\u00fcr \u00a399 einen Pass kaufen, der es Ihnen erm\u00f6glicht, sieben Runden Golf zu spielen, sowie Zugang gew\u00e4hrt zur Driving Range.<\/p>\n<p>Radfahren ist sehr beliebt auf der Insel Arran, und Sie k\u00f6nnen in Brodick R\u00e4der leihen f\u00fcr normales Radeln oder \u00dcberlandfahrten. Einige der Stra\u00dfen stellen eine Herausforderung dar und sind h\u00fcgelig, doch die K\u00fcstenstra\u00dfe von Machrie nach Lochranza ist \u00fcberwiegend flach und ruhig und somit eine herrliche Radfahrstrecke f\u00fcr jede Altersstufe und F\u00e4higkeit.<\/p>\n<p style=\"text-align: center;\">UrlaubCornwall verf\u00fcgt Ferienh\u00e4user und Ferienwohnungen in Insel Arran f\u00fcr Ihren <a href=\"https:\/\/www.urlaubcornwall.de\/reiseziel\/schottland.php\">Urlaub in Schottland<\/a>. Unterk\u00fcnfte der Spitzenklasse f\u00fcr 2 Personen, Familien und Gruppen mit 4, 6, 8, 10 oder 12 G\u00e4sten.<\/p>\n<p>\u00dcber 400 Ferienh\u00e4user, Cottages &amp; Ferienwohnungen in Schottland f\u00fcr Ihren Urlaub mit Selbstverpflegung.<\/p>\n<p style=\"text-align: center;\"><a class=\"tidycta\" href=\"https:\/\/www.urlaubcornwall.de\/ferienhaeuser\/schottland.php\">Ferienh\u00e4user in Schottland<\/a><\/p>\n","protected":false},"excerpt":{"rendered":"<p>Vor der K\u00fcste von Ayrshire gelegen, wird die Insel Arran h\u00e4ufig \u2018Miniaturenschottland\u2019 genannt mit ihren dramatischen Bergesgipfeln, windgesch\u00fctzten Str\u00e4nden, W\u00e4ldern und wundersch\u00f6ner K\u00fcste. Zur Insel k\u00f6nnen Sie mittels zweier Autof\u00e4hren gelangen, eine von Ardrossan auf dem Festland aus nach Brodick und eine von Claonaig auf der Halbinsel Kintyre, Arygll nach Lochranza. Brodick Castle: Brodick Schloss [&hellip;]<\/p>\n","protected":false},"author":1,"featured_media":0,"parent":0,"menu_order":0,"comment_status":"closed","ping_status":"closed","template":"single-four.php","meta":[],"acf":[],"yoast_head":"<!-- This site is optimized with the Yoast SEO plugin v19.4 - https:\/\/yoast.com\/wordpress\/plugins\/seo\/ -->\n<title>Urlaub Insel Arran: Sehensw\u00fcrdigkeiten, Geschichte und Unterkunft - Urlaub &amp; Reisen<\/title>\n<meta name=\"robots\" content=\"index, follow, max-snippet:-1, max-image-preview:large, max-video-preview:-1\" \/>\n<link rel=\"canonical\" href=\"https:\/\/www.urlaubcornwall.de\/blog\/urlaub-insel-arran-sehenswuerdigkeiten-geschichte-und-unterkunft\/\" \/>\n<meta property=\"og:locale\" content=\"en_US\" \/>\n<meta property=\"og:type\" content=\"article\" \/>\n<meta property=\"og:title\" content=\"Urlaub Insel Arran: Sehensw\u00fcrdigkeiten, Geschichte und Unterkunft - Urlaub &amp; Reisen\" \/>\n<meta property=\"og:description\" content=\"Vor der K\u00fcste von Ayrshire gelegen, wird die Insel Arran h\u00e4ufig \u2018Miniaturenschottland\u2019 genannt mit ihren dramatischen Bergesgipfeln, windgesch\u00fctzten Str\u00e4nden, W\u00e4ldern und wundersch\u00f6ner K\u00fcste. Zur Insel k\u00f6nnen Sie mittels zweier Autof\u00e4hren gelangen, eine von Ardrossan auf dem Festland aus nach Brodick und eine von Claonaig auf der Halbinsel Kintyre, Arygll nach Lochranza. Brodick Castle: Brodick Schloss [&hellip;]\" \/>\n<meta property=\"og:url\" content=\"https:\/\/www.urlaubcornwall.de\/blog\/urlaub-insel-arran-sehenswuerdigkeiten-geschichte-und-unterkunft\/\" \/>\n<meta property=\"og:site_name\" content=\"Urlaub &amp; Reisen\" \/>\n<meta property=\"article:modified_time\" content=\"2024-05-29T12:52:05+00:00\" \/>\n<meta property=\"og:image\" content=\"https:\/\/www.urlaubcornwall.de\/blog\/wp-content\/uploads\/2024\/05\/arran.jpg\" \/>\n<meta name=\"twitter:card\" content=\"summary\" \/>\n<meta name=\"twitter:label1\" content=\"Est. reading time\" \/>\n\t<meta name=\"twitter:data1\" content=\"3 minutes\" \/>\n<script type=\"application\/ld+json\" class=\"yoast-schema-graph\">{\"@context\":\"https:\/\/schema.org\",\"@graph\":[{\"@type\":\"WebSite\",\"@id\":\"https:\/\/www.urlaubcornwall.de\/blog\/#website\",\"url\":\"https:\/\/www.urlaubcornwall.de\/blog\/\",\"name\":\"Urlaub &amp; Reisen\",\"description\":\"Urlaub, Reisen, Cornwall und S\u00fcdengland: eine perfekte Kombination\",\"potentialAction\":[{\"@type\":\"SearchAction\",\"target\":{\"@type\":\"EntryPoint\",\"urlTemplate\":\"https:\/\/www.urlaubcornwall.de\/blog\/?s={search_term_string}\"},\"query-input\":\"required name=search_term_string\"}],\"inLanguage\":\"en-US\"},{\"@type\":\"WebPage\",\"@id\":\"https:\/\/www.urlaubcornwall.de\/blog\/urlaub-insel-arran-sehenswuerdigkeiten-geschichte-und-unterkunft\/\",\"url\":\"https:\/\/www.urlaubcornwall.de\/blog\/urlaub-insel-arran-sehenswuerdigkeiten-geschichte-und-unterkunft\/\",\"name\":\"Urlaub Insel Arran: Sehensw\u00fcrdigkeiten, Geschichte und Unterkunft - Urlaub &amp; Reisen\",\"isPartOf\":{\"@id\":\"https:\/\/www.urlaubcornwall.de\/blog\/#website\"},\"datePublished\":\"2016-11-08T14:15:17+00:00\",\"dateModified\":\"2024-05-29T12:52:05+00:00\",\"breadcrumb\":{\"@id\":\"https:\/\/www.urlaubcornwall.de\/blog\/urlaub-insel-arran-sehenswuerdigkeiten-geschichte-und-unterkunft\/#breadcrumb\"},\"inLanguage\":\"en-US\",\"potentialAction\":[{\"@type\":\"ReadAction\",\"target\":[\"https:\/\/www.urlaubcornwall.de\/blog\/urlaub-insel-arran-sehenswuerdigkeiten-geschichte-und-unterkunft\/\"]}]},{\"@type\":\"BreadcrumbList\",\"@id\":\"https:\/\/www.urlaubcornwall.de\/blog\/urlaub-insel-arran-sehenswuerdigkeiten-geschichte-und-unterkunft\/#breadcrumb\",\"itemListElement\":[{\"@type\":\"ListItem\",\"position\":1,\"name\":\"Home\",\"item\":\"https:\/\/www.urlaubcornwall.de\/blog\/\"},{\"@type\":\"ListItem\",\"position\":2,\"name\":\"Urlaub Insel Arran: Sehensw\u00fcrdigkeiten, Geschichte und Unterkunft\"}]}]}<\/script>\n<!-- \/ Yoast SEO plugin. -->","yoast_head_json":{"title":"Urlaub Insel Arran: Sehensw\u00fcrdigkeiten, Geschichte und Unterkunft - Urlaub &amp; Reisen","robots":{"index":"index","follow":"follow","max-snippet":"max-snippet:-1","max-image-preview":"max-image-preview:large","max-video-preview":"max-video-preview:-1"},"canonical":"https:\/\/www.urlaubcornwall.de\/blog\/urlaub-insel-arran-sehenswuerdigkeiten-geschichte-und-unterkunft\/","og_locale":"en_US","og_type":"article","og_title":"Urlaub Insel Arran: Sehensw\u00fcrdigkeiten, Geschichte und Unterkunft - Urlaub &amp; Reisen","og_description":"Vor der K\u00fcste von Ayrshire gelegen, wird die Insel Arran h\u00e4ufig \u2018Miniaturenschottland\u2019 genannt mit ihren dramatischen Bergesgipfeln, windgesch\u00fctzten Str\u00e4nden, W\u00e4ldern und wundersch\u00f6ner K\u00fcste. Zur Insel k\u00f6nnen Sie mittels zweier Autof\u00e4hren gelangen, eine von Ardrossan auf dem Festland aus nach Brodick und eine von Claonaig auf der Halbinsel Kintyre, Arygll nach Lochranza. Brodick Castle: Brodick Schloss [&hellip;]","og_url":"https:\/\/www.urlaubcornwall.de\/blog\/urlaub-insel-arran-sehenswuerdigkeiten-geschichte-und-unterkunft\/","og_site_name":"Urlaub &amp; Reisen","article_modified_time":"2024-05-29T12:52:05+00:00","og_image":[{"url":"https:\/\/www.urlaubcornwall.de\/blog\/wp-content\/uploads\/2024\/05\/arran.jpg"}],"twitter_card":"summary","twitter_misc":{"Est. reading time":"3 minutes"},"schema":{"@context":"https:\/\/schema.org","@graph":[{"@type":"WebSite","@id":"https:\/\/www.urlaubcornwall.de\/blog\/#website","url":"https:\/\/www.urlaubcornwall.de\/blog\/","name":"Urlaub &amp; Reisen","description":"Urlaub, Reisen, Cornwall und S\u00fcdengland: eine perfekte Kombination","potentialAction":[{"@type":"SearchAction","target":{"@type":"EntryPoint","urlTemplate":"https:\/\/www.urlaubcornwall.de\/blog\/?s={search_term_string}"},"query-input":"required name=search_term_string"}],"inLanguage":"en-US"},{"@type":"WebPage","@id":"https:\/\/www.urlaubcornwall.de\/blog\/urlaub-insel-arran-sehenswuerdigkeiten-geschichte-und-unterkunft\/","url":"https:\/\/www.urlaubcornwall.de\/blog\/urlaub-insel-arran-sehenswuerdigkeiten-geschichte-und-unterkunft\/","name":"Urlaub Insel Arran: Sehensw\u00fcrdigkeiten, Geschichte und Unterkunft - Urlaub &amp; Reisen","isPartOf":{"@id":"https:\/\/www.urlaubcornwall.de\/blog\/#website"},"datePublished":"2016-11-08T14:15:17+00:00","dateModified":"2024-05-29T12:52:05+00:00","breadcrumb":{"@id":"https:\/\/www.urlaubcornwall.de\/blog\/urlaub-insel-arran-sehenswuerdigkeiten-geschichte-und-unterkunft\/#breadcrumb"},"inLanguage":"en-US","potentialAction":[{"@type":"ReadAction","target":["https:\/\/www.urlaubcornwall.de\/blog\/urlaub-insel-arran-sehenswuerdigkeiten-geschichte-und-unterkunft\/"]}]},{"@type":"BreadcrumbList","@id":"https:\/\/www.urlaubcornwall.de\/blog\/urlaub-insel-arran-sehenswuerdigkeiten-geschichte-und-unterkunft\/#breadcrumb","itemListElement":[{"@type":"ListItem","position":1,"name":"Home","item":"https:\/\/www.urlaubcornwall.de\/blog\/"},{"@type":"ListItem","position":2,"name":"Urlaub Insel Arran: Sehensw\u00fcrdigkeiten, Geschichte und Unterkunft"}]}]}},"_links":{"self":[{"href":"https:\/\/www.urlaubcornwall.de\/blog\/wp-json\/wp\/v2\/pages\/25271"}],"collection":[{"href":"https:\/\/www.urlaubcornwall.de\/blog\/wp-json\/wp\/v2\/pages"}],"about":[{"href":"https:\/\/www.urlaubcornwall.de\/blog\/wp-json\/wp\/v2\/types\/page"}],"author":[{"embeddable":true,"href":"https:\/\/www.urlaubcornwall.de\/blog\/wp-json\/wp\/v2\/users\/1"}],"replies":[{"embeddable":true,"href":"https:\/\/www.urlaubcornwall.de\/blog\/wp-json\/wp\/v2\/comments?post=25271"}],"version-history":[{"count":11,"href":"https:\/\/www.urlaubcornwall.de\/blog\/wp-json\/wp\/v2\/pages\/25271\/revisions"}],"predecessor-version":[{"id":50665,"href":"https:\/\/www.urlaubcornwall.de\/blog\/wp-json\/wp\/v2\/pages\/25271\/revisions\/50665"}],"wp:attachment":[{"href":"https:\/\/www.urlaubcornwall.de\/blog\/wp-json\/wp\/v2\/media?parent=25271"}],"curies":[{"name":"wp","href":"https:\/\/api.w.org\/{rel}","templated":true}]}}