{"id":25265,"date":"2016-11-08T12:20:14","date_gmt":"2016-11-08T12:20:14","guid":{"rendered":"https:\/\/www.urlaubcornwall.de\/blog\/?page_id=25265"},"modified":"2024-05-30T11:15:58","modified_gmt":"2024-05-30T11:15:58","slug":"urlaub-in-glasgow-sehenswuerdigkeiten-geschichte-und-unterkunft","status":"publish","type":"page","link":"https:\/\/www.urlaubcornwall.de\/blog\/urlaub-in-glasgow-sehenswuerdigkeiten-geschichte-und-unterkunft\/","title":{"rendered":"Urlaub in Glasgow: Sehensw\u00fcrdigkeiten, Geschichte und Unterkunft"},"content":{"rendered":"<p><a href=\"https:\/\/www.urlaubcornwall.de\/blog\/wp-content\/uploads\/2024\/03\/Buchanan-Galleries-Glasgow.jpg\"><img loading=\"lazy\" src=\"https:\/\/www.urlaubcornwall.de\/blog\/wp-content\/uploads\/2024\/03\/Buchanan-Galleries-Glasgow.jpg\" alt=\"Buchanan Galleries, Glasgow\" width=\"750\" height=\"500\" class=\"alignnone size-full wp-image-48013\" srcset=\"https:\/\/www.urlaubcornwall.de\/blog\/wp-content\/uploads\/2024\/03\/Buchanan-Galleries-Glasgow.jpg 750w, https:\/\/www.urlaubcornwall.de\/blog\/wp-content\/uploads\/2024\/03\/Buchanan-Galleries-Glasgow-300x200.jpg 300w\" sizes=\"(max-width: 750px) 100vw, 750px\" \/><\/a><\/p>\n<p>Glasgow ist <a href=\"https:\/\/www.urlaubcornwall.de\/blog\/entdecken-sie-schottland-britanniens-spektakulaerster-landschaft\/\">Schottlands<\/a> gr\u00f6\u00dfte Stadt und bekannt f\u00fcr ihre Freundlichkeit, lebendige Kunst- und Unterhaltungsszene, erstklassische Einkaufsm\u00f6glichkeiten und hervorragende Museen und Galerien. 1999 wurde Glasgow im UK zur Stadt der Architektur und des Designs gew\u00e4hlt. Die Architektur der Stadt ist dominiert von eindrucksvollen viktorianischen Geb\u00e4uden, sowie den Designs von Schottlands ber\u00fchmtesten Architekten, Charles Rennie Mackintosh.<\/p>\n<p><script async src=\"https:\/\/pagead2.googlesyndication.com\/pagead\/js\/adsbygoogle.js?client=ca-pub-3901089389175725\"\n     crossorigin=\"anonymous\"><\/script><br \/>\n<!-- New UC --><br \/>\n<ins class=\"adsbygoogle\"\n     style=\"display:block\"\n     data-ad-client=\"ca-pub-3901089389175725\"\n     data-ad-slot=\"8080314818\"\n     data-ad-format=\"auto\"\n     data-full-width-responsive=\"true\"><\/ins><br \/>\n<script>\n     (adsbygoogle = window.adsbygoogle || []).push({});\n<\/script><\/p>\n<p><strong>People\u2019s Palace &amp; Wintergarten:<\/strong> Im historischen Glasgow Green gelegen, der \u00e4ltesten \u00f6ffentlichen Parkfl\u00e4che Glasgows; erz\u00e4hlt der People\u2019s Palace die Geschichte der Menschen Glasgows von den 1750ern bis zum heutigen Tage, und im Wintergarten k\u00f6nnen Sie zwischen &nbsp;exotischen Palmen und Pflanzen umher spazieren.<\/p>\n<p><strong>Glasgow School of Art:<\/strong> Eines der bekanntesten Geb\u00e4ude Glasgows ist die Glasgow School of Art; erbaut zwischen 1896-1906 gilt sie als eine von Charles Rennie Mackintoshs ber\u00fchmtesten Leistungen.&nbsp; Hier k\u00f6nnen Sie die Geschichte von Mackintosh kennenlernen und seinen Einfluss entdecken, den er auf die Welt der Architektur hatte.&nbsp; Ebenso nicht zu vernachl\u00e4ssigen sind die von Mackintosh inspirierten Willow Tearooms an der Sauchiehall Street oder Buchanan Street.<\/p>\n<div class=\"snippet\"> <a class=\"featured-item\" href=\" https:\/\/www.urlaubcornwall.de\/blog\/rundreisen-schottland\/\"> <span class=\"image-holder\" style=\"background-image: url(' https:\/\/www.urlaubcornwall.de\/blog\/wp-content\/uploads\/2019\/01\/urlaub-schottland-highlands.jpg ');\"><\/span> <span class=\"featured-content\"> \n<h2 class=\"featured-title\">Rundreise durch Schottland: mit dem Auto bereisen <\/h2>\n<p class=\"featured-body\">Urlaub in Schottland haben etwas f\u00fcr jeden Geschmack zu bieten \u2013 herrliche Sonnenunterg\u00e4nge \u00fcber magischen Inseln, wundersch\u00f6ne und dramatische K\u00fcstenstriche, tiefe, verborgene T\u00e4ler und eine unglaubliche Landschaft&#8230;<\/p>\n<\/span> <span class=\"featured-link-holder\"> <span class=\"featured-extra-info\"> \n<p>Ready Made Touren<\/p>\n<\/span> \n<p class=\"featured-link\">DETAILS<\/p>\n<\/span> <\/a><\/div>\n<p><strong>Pollok Country Park:<\/strong> Pollok Country Park ist der gr\u00f6\u00dfte Park der Stadt und beherbergt das Pollok House und die herrliche Burrell Sammlung. Pollok House war das angestammte Zuhause der Maxwell Familie und ist eines von Schottlands feinsten edwardianischen Landh\u00e4usern, bekannt f\u00fcr seine Architektur, luxuri\u00f6se Einrichtung und eine au\u00dferordentliche Sammlung spanischer Gem\u00e4lde. Es befindet sich im Besitz des National Trust f\u00fcr Schottland und ist das ganze Jahr \u00fcber ge\u00f6ffnet. &nbsp;Die Burrell Sammlung ist untergebracht in einer f\u00fcr diesen Zweck erbauten, preisgekr\u00f6nten Galerie. Die Sammlung von mehr als 8000 St\u00fccken wurde vom wohlhabenden Schiffsmagnaten, Sir William Burrell, \u00fcber einen Zeitraum von 80 Jahren hinweg gesammelt, und er \u00fcbergab sie 1944 der Stadt. Die Burrell Sammlung ist aufgrund von Restaurationsarbeiten bis 2020 geschlossen.<\/p>\n<p><script async src=\"https:\/\/pagead2.googlesyndication.com\/pagead\/js\/adsbygoogle.js?client=ca-pub-3901089389175725\"\n     crossorigin=\"anonymous\"><\/script><br \/>\n<!-- New UC --><br \/>\n<ins class=\"adsbygoogle\"\n     style=\"display:block\"\n     data-ad-client=\"ca-pub-3901089389175725\"\n     data-ad-slot=\"8080314818\"\n     data-ad-format=\"auto\"\n     data-full-width-responsive=\"true\"><\/ins><br \/>\n<script>\n     (adsbygoogle = window.adsbygoogle || []).push({});\n<\/script><\/p>\n<p><strong>Riverside Museum:<\/strong> Dieses preisgekr\u00f6nte Museum befindet sich an den Ufern des Flusses Clyde und beherbergt mehr als 3000 Objekte aus Glasgows Vergangenheit, einige der feinsten Autos und Fahrr\u00e4der der Welt und das Segelschiff Glenlee, das das einzige auf Clyde schwimmende Segelschiff ist. Das Museum ist eintrittsfrei und das ganze Jahr \u00fcber ge\u00f6ffnet.<\/p>\n<p><strong>Sightseeing Tours:<\/strong> Es gibt gef\u00fchrte Touren mit dem Bus mit offenem Oberdeck durch Glasgow, wobei Besucher an 28 Haltestellen in der Stadt ein- und aussteigen k\u00f6nnen; eine gro\u00dfartige M\u00f6glichkeit, um die Stadt in eigenem Schritttempo zu entdecken mit mehrsprachigen Kommentaren. F\u00fcr Kinder \u00fcber 6 Jahren gibt es die \u2018Ghoulish Glasgow\u2019 Geistergeschichten, historische Gruselgeschichten und Mythen erz\u00e4hlt von 2 freundlichen Geistern, \u2018Ingleramus and Emily\u2019.<\/p>\n<p><strong>Glasgow Cathedral:<\/strong> Die Kathedrale Glasgows wurde errichtet an der St\u00e4tte, wo St Kentigern, auch bekannt als St Mungo, im Jahre 612 AD bestattet wurde. Die herrliche Kathedrale ist die vollst\u00e4ndigste mittelalterliche Kathedrale, die auf dem schottischen Festland \u00fcberlebt hat und auch die Geburtsst\u00e4tte der Stadt Glasgow markiert.<\/p>\n<div class=\"snippet\"> <a class=\"featured-item\" href=\" https:\/\/www.urlaubcornwall.de\/ferienhaeuser\/schottland.php\"> <span class=\"image-holder\" style=\"background-image: url(' https:\/\/www.urlaubcornwall.de\/blog\/wp-content\/uploads\/2019\/01\/urlaub-schottland-highlands-1.jpg ');\"><\/span> <span class=\"featured-content\"> \n<h2 class=\"featured-title\">Bei uns finden Sie Ferienh\u00e4user in Schottland zum Verlieben!<\/h2>\n<p class=\"featured-body\">Untenstehend finden Sie eine Auswahl an Ferienh\u00e4usern in Schottland. Hier finden Sie pers\u00f6nlich inspizierte Cottages entlang der schottischen K\u00fcste, in den schottischen Highlands und auf den Inseln&#8230;..<\/p>\n<\/span> <span class=\"featured-link-holder\"> <span class=\"featured-extra-info\"> \n<p>F\u00fcr Paare, Familien &#038; Gruppen<\/p>\n<\/span> \n<p class=\"featured-link\">DETAILS<\/p>\n<\/span> <\/a><\/div>\n<p style=\"text-align: center;\">UrlaubCornwall.de hat seinen Firmensitz in Cornwall in S\u00fcdwestengland und bietet Kunden im Deutsch sprechenden Europa Hilfe im Erstellen der perfekten Urlaubserfahrung hier. Wir haben ein Team Deutsch sprechender Experten, so dass wir eine <a href=\"https:\/\/www.urlaubcornwall.de\/rundreisen\/grossbritannien.php\">individuelle Urlaub in Gro\u00dfbritannien<\/a>.<\/p>\n","protected":false},"excerpt":{"rendered":"<p>Glasgow ist Schottlands gr\u00f6\u00dfte Stadt und bekannt f\u00fcr ihre Freundlichkeit, lebendige Kunst- und Unterhaltungsszene, erstklassische Einkaufsm\u00f6glichkeiten und hervorragende Museen und Galerien. 1999 wurde Glasgow im UK zur Stadt der Architektur und des Designs gew\u00e4hlt. Die Architektur der Stadt ist dominiert von eindrucksvollen viktorianischen Geb\u00e4uden, sowie den Designs von Schottlands ber\u00fchmtesten Architekten, Charles Rennie Mackintosh. People\u2019s [&hellip;]<\/p>\n","protected":false},"author":1,"featured_media":0,"parent":0,"menu_order":0,"comment_status":"closed","ping_status":"closed","template":"single-four.php","meta":[],"acf":[],"yoast_head":"<!-- This site is optimized with the Yoast SEO plugin v19.4 - https:\/\/yoast.com\/wordpress\/plugins\/seo\/ -->\n<title>Urlaub in Glasgow: Sehensw\u00fcrdigkeiten, Geschichte und Unterkunft - Urlaub &amp; Reisen<\/title>\n<meta name=\"robots\" content=\"index, follow, max-snippet:-1, max-image-preview:large, max-video-preview:-1\" \/>\n<link rel=\"canonical\" href=\"https:\/\/www.urlaubcornwall.de\/blog\/urlaub-in-glasgow-sehenswuerdigkeiten-geschichte-und-unterkunft\/\" \/>\n<meta property=\"og:locale\" content=\"en_US\" \/>\n<meta property=\"og:type\" content=\"article\" \/>\n<meta property=\"og:title\" content=\"Urlaub in Glasgow: Sehensw\u00fcrdigkeiten, Geschichte und Unterkunft - Urlaub &amp; Reisen\" \/>\n<meta property=\"og:description\" content=\"Glasgow ist Schottlands gr\u00f6\u00dfte Stadt und bekannt f\u00fcr ihre Freundlichkeit, lebendige Kunst- und Unterhaltungsszene, erstklassische Einkaufsm\u00f6glichkeiten und hervorragende Museen und Galerien. 1999 wurde Glasgow im UK zur Stadt der Architektur und des Designs gew\u00e4hlt. Die Architektur der Stadt ist dominiert von eindrucksvollen viktorianischen Geb\u00e4uden, sowie den Designs von Schottlands ber\u00fchmtesten Architekten, Charles Rennie Mackintosh. People\u2019s [&hellip;]\" \/>\n<meta property=\"og:url\" content=\"https:\/\/www.urlaubcornwall.de\/blog\/urlaub-in-glasgow-sehenswuerdigkeiten-geschichte-und-unterkunft\/\" \/>\n<meta property=\"og:site_name\" content=\"Urlaub &amp; Reisen\" \/>\n<meta property=\"article:modified_time\" content=\"2024-05-30T11:15:58+00:00\" \/>\n<meta property=\"og:image\" content=\"https:\/\/www.urlaubcornwall.de\/blog\/wp-content\/uploads\/2024\/03\/Buchanan-Galleries-Glasgow.jpg\" \/>\n<meta name=\"twitter:card\" content=\"summary\" \/>\n<meta name=\"twitter:label1\" content=\"Est. reading time\" \/>\n\t<meta name=\"twitter:data1\" content=\"3 minutes\" \/>\n<script type=\"application\/ld+json\" class=\"yoast-schema-graph\">{\"@context\":\"https:\/\/schema.org\",\"@graph\":[{\"@type\":\"WebSite\",\"@id\":\"https:\/\/www.urlaubcornwall.de\/blog\/#website\",\"url\":\"https:\/\/www.urlaubcornwall.de\/blog\/\",\"name\":\"Urlaub &amp; Reisen\",\"description\":\"Urlaub, Reisen, Cornwall und S\u00fcdengland: eine perfekte Kombination\",\"potentialAction\":[{\"@type\":\"SearchAction\",\"target\":{\"@type\":\"EntryPoint\",\"urlTemplate\":\"https:\/\/www.urlaubcornwall.de\/blog\/?s={search_term_string}\"},\"query-input\":\"required name=search_term_string\"}],\"inLanguage\":\"en-US\"},{\"@type\":\"WebPage\",\"@id\":\"https:\/\/www.urlaubcornwall.de\/blog\/urlaub-in-glasgow-sehenswuerdigkeiten-geschichte-und-unterkunft\/\",\"url\":\"https:\/\/www.urlaubcornwall.de\/blog\/urlaub-in-glasgow-sehenswuerdigkeiten-geschichte-und-unterkunft\/\",\"name\":\"Urlaub in Glasgow: Sehensw\u00fcrdigkeiten, Geschichte und Unterkunft - Urlaub &amp; Reisen\",\"isPartOf\":{\"@id\":\"https:\/\/www.urlaubcornwall.de\/blog\/#website\"},\"datePublished\":\"2016-11-08T12:20:14+00:00\",\"dateModified\":\"2024-05-30T11:15:58+00:00\",\"breadcrumb\":{\"@id\":\"https:\/\/www.urlaubcornwall.de\/blog\/urlaub-in-glasgow-sehenswuerdigkeiten-geschichte-und-unterkunft\/#breadcrumb\"},\"inLanguage\":\"en-US\",\"potentialAction\":[{\"@type\":\"ReadAction\",\"target\":[\"https:\/\/www.urlaubcornwall.de\/blog\/urlaub-in-glasgow-sehenswuerdigkeiten-geschichte-und-unterkunft\/\"]}]},{\"@type\":\"BreadcrumbList\",\"@id\":\"https:\/\/www.urlaubcornwall.de\/blog\/urlaub-in-glasgow-sehenswuerdigkeiten-geschichte-und-unterkunft\/#breadcrumb\",\"itemListElement\":[{\"@type\":\"ListItem\",\"position\":1,\"name\":\"Home\",\"item\":\"https:\/\/www.urlaubcornwall.de\/blog\/\"},{\"@type\":\"ListItem\",\"position\":2,\"name\":\"Urlaub in Glasgow: Sehensw\u00fcrdigkeiten, Geschichte und Unterkunft\"}]}]}<\/script>\n<!-- \/ Yoast SEO plugin. -->","yoast_head_json":{"title":"Urlaub in Glasgow: Sehensw\u00fcrdigkeiten, Geschichte und Unterkunft - Urlaub &amp; Reisen","robots":{"index":"index","follow":"follow","max-snippet":"max-snippet:-1","max-image-preview":"max-image-preview:large","max-video-preview":"max-video-preview:-1"},"canonical":"https:\/\/www.urlaubcornwall.de\/blog\/urlaub-in-glasgow-sehenswuerdigkeiten-geschichte-und-unterkunft\/","og_locale":"en_US","og_type":"article","og_title":"Urlaub in Glasgow: Sehensw\u00fcrdigkeiten, Geschichte und Unterkunft - Urlaub &amp; Reisen","og_description":"Glasgow ist Schottlands gr\u00f6\u00dfte Stadt und bekannt f\u00fcr ihre Freundlichkeit, lebendige Kunst- und Unterhaltungsszene, erstklassische Einkaufsm\u00f6glichkeiten und hervorragende Museen und Galerien. 1999 wurde Glasgow im UK zur Stadt der Architektur und des Designs gew\u00e4hlt. Die Architektur der Stadt ist dominiert von eindrucksvollen viktorianischen Geb\u00e4uden, sowie den Designs von Schottlands ber\u00fchmtesten Architekten, Charles Rennie Mackintosh. People\u2019s [&hellip;]","og_url":"https:\/\/www.urlaubcornwall.de\/blog\/urlaub-in-glasgow-sehenswuerdigkeiten-geschichte-und-unterkunft\/","og_site_name":"Urlaub &amp; Reisen","article_modified_time":"2024-05-30T11:15:58+00:00","og_image":[{"url":"https:\/\/www.urlaubcornwall.de\/blog\/wp-content\/uploads\/2024\/03\/Buchanan-Galleries-Glasgow.jpg"}],"twitter_card":"summary","twitter_misc":{"Est. reading time":"3 minutes"},"schema":{"@context":"https:\/\/schema.org","@graph":[{"@type":"WebSite","@id":"https:\/\/www.urlaubcornwall.de\/blog\/#website","url":"https:\/\/www.urlaubcornwall.de\/blog\/","name":"Urlaub &amp; Reisen","description":"Urlaub, Reisen, Cornwall und S\u00fcdengland: eine perfekte Kombination","potentialAction":[{"@type":"SearchAction","target":{"@type":"EntryPoint","urlTemplate":"https:\/\/www.urlaubcornwall.de\/blog\/?s={search_term_string}"},"query-input":"required name=search_term_string"}],"inLanguage":"en-US"},{"@type":"WebPage","@id":"https:\/\/www.urlaubcornwall.de\/blog\/urlaub-in-glasgow-sehenswuerdigkeiten-geschichte-und-unterkunft\/","url":"https:\/\/www.urlaubcornwall.de\/blog\/urlaub-in-glasgow-sehenswuerdigkeiten-geschichte-und-unterkunft\/","name":"Urlaub in Glasgow: Sehensw\u00fcrdigkeiten, Geschichte und Unterkunft - Urlaub &amp; Reisen","isPartOf":{"@id":"https:\/\/www.urlaubcornwall.de\/blog\/#website"},"datePublished":"2016-11-08T12:20:14+00:00","dateModified":"2024-05-30T11:15:58+00:00","breadcrumb":{"@id":"https:\/\/www.urlaubcornwall.de\/blog\/urlaub-in-glasgow-sehenswuerdigkeiten-geschichte-und-unterkunft\/#breadcrumb"},"inLanguage":"en-US","potentialAction":[{"@type":"ReadAction","target":["https:\/\/www.urlaubcornwall.de\/blog\/urlaub-in-glasgow-sehenswuerdigkeiten-geschichte-und-unterkunft\/"]}]},{"@type":"BreadcrumbList","@id":"https:\/\/www.urlaubcornwall.de\/blog\/urlaub-in-glasgow-sehenswuerdigkeiten-geschichte-und-unterkunft\/#breadcrumb","itemListElement":[{"@type":"ListItem","position":1,"name":"Home","item":"https:\/\/www.urlaubcornwall.de\/blog\/"},{"@type":"ListItem","position":2,"name":"Urlaub in Glasgow: Sehensw\u00fcrdigkeiten, Geschichte und Unterkunft"}]}]}},"_links":{"self":[{"href":"https:\/\/www.urlaubcornwall.de\/blog\/wp-json\/wp\/v2\/pages\/25265"}],"collection":[{"href":"https:\/\/www.urlaubcornwall.de\/blog\/wp-json\/wp\/v2\/pages"}],"about":[{"href":"https:\/\/www.urlaubcornwall.de\/blog\/wp-json\/wp\/v2\/types\/page"}],"author":[{"embeddable":true,"href":"https:\/\/www.urlaubcornwall.de\/blog\/wp-json\/wp\/v2\/users\/1"}],"replies":[{"embeddable":true,"href":"https:\/\/www.urlaubcornwall.de\/blog\/wp-json\/wp\/v2\/comments?post=25265"}],"version-history":[{"count":15,"href":"https:\/\/www.urlaubcornwall.de\/blog\/wp-json\/wp\/v2\/pages\/25265\/revisions"}],"predecessor-version":[{"id":50965,"href":"https:\/\/www.urlaubcornwall.de\/blog\/wp-json\/wp\/v2\/pages\/25265\/revisions\/50965"}],"wp:attachment":[{"href":"https:\/\/www.urlaubcornwall.de\/blog\/wp-json\/wp\/v2\/media?parent=25265"}],"curies":[{"name":"wp","href":"https:\/\/api.w.org\/{rel}","templated":true}]}}