{"id":25260,"date":"2016-11-07T15:51:54","date_gmt":"2016-11-07T15:51:54","guid":{"rendered":"https:\/\/www.urlaubcornwall.de\/blog\/?page_id=25260"},"modified":"2024-05-29T12:53:02","modified_gmt":"2024-05-29T12:53:02","slug":"urlaub-in-fort-william-sehenswuerdigkeiten-geschichte-und-unterkunft","status":"publish","type":"page","link":"https:\/\/www.urlaubcornwall.de\/blog\/urlaub-in-fort-william-sehenswuerdigkeiten-geschichte-und-unterkunft\/","title":{"rendered":"Urlaub in Fort William: Sehensw\u00fcrdigkeiten, Geschichte und Unterkunft"},"content":{"rendered":"<p><a href=\"https:\/\/www.urlaubcornwall.de\/blog\/wp-content\/uploads\/2024\/03\/ferienhaus-fuer-gruppen-fort-william.jpg\"><img loading=\"lazy\" src=\"https:\/\/www.urlaubcornwall.de\/blog\/wp-content\/uploads\/2024\/03\/ferienhaus-fuer-gruppen-fort-william.jpg\" alt=\"ferienhaus fuer gruppen fort william\" width=\"750\" height=\"563\" class=\"alignnone size-full wp-image-48276\" srcset=\"https:\/\/www.urlaubcornwall.de\/blog\/wp-content\/uploads\/2024\/03\/ferienhaus-fuer-gruppen-fort-william.jpg 750w, https:\/\/www.urlaubcornwall.de\/blog\/wp-content\/uploads\/2024\/03\/ferienhaus-fuer-gruppen-fort-william-300x225.jpg 300w\" sizes=\"(max-width: 750px) 100vw, 750px\" \/><\/a><\/p>\n<p>Fort William ist eine von <a href=\"https:\/\/www.urlaubcornwall.de\/reiseziel\/schottland.php\">Schottlands<\/a> beliebtesten Touristenzielen, am Loch Linnhe und am Fu\u00dfe von Ben Nevis gelegen, dem h\u00f6chsten Berg des UK.<\/p>\n<p>Ben Nevis ist 1345m hoch und der h\u00f6chste aller Berge des UK, wenngleich nicht der schwierigste zu besteigen. Der Bergpfad wird vom Besucherzentrum aus in Glen Nevis erreicht, und die Wanderung betr\u00e4gt ungef\u00e4hr 8 Stunden, doch sollten Sie diese nie ohne die entsprechende Kleidung und Schuhwerk wagen und stets die Wettervorhersage beachten.<\/p>\n<p><strong>Jacobite Dampfeisenbahn:<\/strong> Diese 135km lange Rundfahrt mit der Dampfeisenbahn, die in den <a href=\"https:\/\/www.urlaubcornwall.de\/blog\/auf-den-spuren-van-harry-potter-urlaub-in-grossbritannien\/\">Harry Potter<\/a> Filmen der ber\u00fchmte Hogwarts Express war, beginnt in Fort William, h\u00e4lt am westlichsten Bahnhof Britanniens bei Arisaig, f\u00fchrt vorbei am tiefsten S\u00fc\u00dfwassersee Britanniens, Loch Morar, und dem k\u00fcrzesten Fluss Britanniens, River Morar, bevor sie am tiefsten Meereswassersee, Loch Nevis, ankommt. Das Ziel der Fahrt ist Mallaig, ein gesch\u00e4ftiger Hafen, von wo aus F\u00e4hren \u00fcbersetzen zur Isle of Skye und weiteren kleinen Inseln.<\/p>\n<p><script async src=\"https:\/\/pagead2.googlesyndication.com\/pagead\/js\/adsbygoogle.js?client=ca-pub-3901089389175725\"\n     crossorigin=\"anonymous\"><\/script><br \/>\n<!-- New UC --><br \/>\n<ins class=\"adsbygoogle\"\n     style=\"display:block\"\n     data-ad-client=\"ca-pub-3901089389175725\"\n     data-ad-slot=\"8080314818\"\n     data-ad-format=\"auto\"\n     data-full-width-responsive=\"true\"><\/ins><br \/>\n<script>\n     (adsbygoogle = window.adsbygoogle || []).push({});\n<\/script><\/p>\n<p><strong>Glen Coe:<\/strong> Glen Coe liegt malerisch an den Ufern des Loch Leven; es ist einer der wundersch\u00f6nsten Orte Schottlands und tauchte in zahlreichen Filmen auf, wie Harry Potter und James Bonds Skyfall. Doch Glen Coe hat eine dunkle Seite; denn hier massakrierten im Jahre 1692 die Campbells die Macdonalds. Das National Trust f\u00fcr Schottland Besucherzentrum erz\u00e4hlt die Geschichte dieses heimt\u00fcckischen Ereignisses. Neben der Geschichte der Gegend liefert das Besucherzentrum Informationen zur Landschaft und dem Tierleben.<\/p>\n<p><strong>Old Inverlochy Castle:<\/strong> Es ist nun eine Ruine, doch spielte Old Inverlochy Castle in der schottischen Geschichte eine wichtige Rolle. Zur\u00fcckreichend ins 13. Jahrhundert, hatte die Burg zuletzt Teil an der schottischen und englischen Geschichte w\u00e4hrend des B\u00fcrgerkriegs der 1640er.<\/p>\n<p><strong>Der Caledonian Kanal:<\/strong> Der Caledonian Kanal ist 97km lang und verbindet die Westk\u00fcste bei Fort William mit Inverness im Nordosten und wurde im 19. Jahrhundert vom schottischen Ingenieur Thomas Telford geschaffen. Neptuns Treppe bei Banavie in der N\u00e4he des Fort William ist eine Stufenschleuse und mit 8 Schleusen die l\u00e4ngste Britanniens. Es dauert ungef\u00e4hr 90 Minuten, um Boote 20m \u00fcber die 8 Schleusen zu heben. Der Caledonian Kanal ist beliebt f\u00fcr Segelurlaube, zum Angeln, Kajaken, Radfahren und um entlang des Leinpfades zu spazieren.<\/p>\n<div class=\"snippet\"> <a class=\"featured-item\" href=\" https:\/\/www.urlaubcornwall.de\/ferienhaeuser\/schottland.php\"> <span class=\"image-holder\" style=\"background-image: url(' https:\/\/www.urlaubcornwall.de\/blog\/wp-content\/uploads\/2019\/01\/urlaub-schottland-highlands-1.jpg ');\"><\/span> <span class=\"featured-content\"> \n<h2 class=\"featured-title\">Bei uns finden Sie Ferienh\u00e4user in Schottland zum Verlieben!<\/h2>\n<p class=\"featured-body\">Untenstehend finden Sie eine Auswahl an Ferienh\u00e4usern in Schottland. Hier finden Sie pers\u00f6nlich inspizierte Cottages entlang der schottischen K\u00fcste, in den schottischen Highlands und auf den Inseln&#8230;..<\/p>\n<\/span> <span class=\"featured-link-holder\"> <span class=\"featured-extra-info\"> \n<p>F\u00fcr Paare, Familien &#038; Gruppen<\/p>\n<\/span> \n<p class=\"featured-link\">DETAILS<\/p>\n<\/span> <\/a><\/div>\n<p style=\"text-align: center;\"><a class=\"tidycta\" href=\"https:\/\/www.urlaubcornwall.de\/ferienhaeuser-fewos\/sco\/nordhighlands-und-inseln\/fort-william.html\">Suche Ferienh\u00e4user Fort William<\/a><\/p>\n<p style=\"text-align: center;\">UrlaubCornwall.de hat eine einzigartige Sammlung <a href=\"https:\/\/www.urlaubcornwall.de\/ferienhaeuser-fewos\/sco\/nordhighlands-und-inseln\/nordhighlands-und-inseln.html\">pers\u00f6nlich inspizierter Ferienh\u00e4user und Ferienwohnungen in Schottland<\/a> und nun auch im gesamten Gro\u00dfbritannien.<\/p>\n<div class=\"snippet\"> <a class=\"featured-item\" href=\" https:\/\/www.urlaubcornwall.de\/blog\/rundreisen-schottland\/\"> <span class=\"image-holder\" style=\"background-image: url(' https:\/\/www.urlaubcornwall.de\/blog\/wp-content\/uploads\/2019\/01\/urlaub-schottland-highlands.jpg ');\"><\/span> <span class=\"featured-content\"> \n<h2 class=\"featured-title\">Rundreise durch Schottland: mit dem Auto bereisen <\/h2>\n<p class=\"featured-body\">Urlaub in Schottland haben etwas f\u00fcr jeden Geschmack zu bieten \u2013 herrliche Sonnenunterg\u00e4nge \u00fcber magischen Inseln, wundersch\u00f6ne und dramatische K\u00fcstenstriche, tiefe, verborgene T\u00e4ler und eine unglaubliche Landschaft&#8230;<\/p>\n<\/span> <span class=\"featured-link-holder\"> <span class=\"featured-extra-info\"> \n<p>Ready Made Touren<\/p>\n<\/span> \n<p class=\"featured-link\">DETAILS<\/p>\n<\/span> <\/a><\/div>\n","protected":false},"excerpt":{"rendered":"<p>Fort William ist eine von Schottlands beliebtesten Touristenzielen, am Loch Linnhe und am Fu\u00dfe von Ben Nevis gelegen, dem h\u00f6chsten Berg des UK. Ben Nevis ist 1345m hoch und der h\u00f6chste aller Berge des UK, wenngleich nicht der schwierigste zu besteigen. Der Bergpfad wird vom Besucherzentrum aus in Glen Nevis erreicht, und die Wanderung betr\u00e4gt [&hellip;]<\/p>\n","protected":false},"author":1,"featured_media":0,"parent":0,"menu_order":0,"comment_status":"closed","ping_status":"closed","template":"single-four.php","meta":[],"acf":[],"yoast_head":"<!-- This site is optimized with the Yoast SEO plugin v19.4 - https:\/\/yoast.com\/wordpress\/plugins\/seo\/ -->\n<title>Urlaub in Fort William: Sehensw\u00fcrdigkeiten, Geschichte und Unterkunft - Urlaub &amp; Reisen<\/title>\n<meta name=\"robots\" content=\"index, follow, max-snippet:-1, max-image-preview:large, max-video-preview:-1\" \/>\n<link rel=\"canonical\" href=\"https:\/\/www.urlaubcornwall.de\/blog\/urlaub-in-fort-william-sehenswuerdigkeiten-geschichte-und-unterkunft\/\" \/>\n<meta property=\"og:locale\" content=\"en_US\" \/>\n<meta property=\"og:type\" content=\"article\" \/>\n<meta property=\"og:title\" content=\"Urlaub in Fort William: Sehensw\u00fcrdigkeiten, Geschichte und Unterkunft - Urlaub &amp; Reisen\" \/>\n<meta property=\"og:description\" content=\"Fort William ist eine von Schottlands beliebtesten Touristenzielen, am Loch Linnhe und am Fu\u00dfe von Ben Nevis gelegen, dem h\u00f6chsten Berg des UK. Ben Nevis ist 1345m hoch und der h\u00f6chste aller Berge des UK, wenngleich nicht der schwierigste zu besteigen. Der Bergpfad wird vom Besucherzentrum aus in Glen Nevis erreicht, und die Wanderung betr\u00e4gt [&hellip;]\" \/>\n<meta property=\"og:url\" content=\"https:\/\/www.urlaubcornwall.de\/blog\/urlaub-in-fort-william-sehenswuerdigkeiten-geschichte-und-unterkunft\/\" \/>\n<meta property=\"og:site_name\" content=\"Urlaub &amp; Reisen\" \/>\n<meta property=\"article:modified_time\" content=\"2024-05-29T12:53:02+00:00\" \/>\n<meta property=\"og:image\" content=\"https:\/\/www.urlaubcornwall.de\/blog\/wp-content\/uploads\/2024\/03\/ferienhaus-fuer-gruppen-fort-william.jpg\" \/>\n<meta name=\"twitter:card\" content=\"summary\" \/>\n<meta name=\"twitter:label1\" content=\"Est. reading time\" \/>\n\t<meta name=\"twitter:data1\" content=\"3 minutes\" \/>\n<script type=\"application\/ld+json\" class=\"yoast-schema-graph\">{\"@context\":\"https:\/\/schema.org\",\"@graph\":[{\"@type\":\"WebSite\",\"@id\":\"https:\/\/www.urlaubcornwall.de\/blog\/#website\",\"url\":\"https:\/\/www.urlaubcornwall.de\/blog\/\",\"name\":\"Urlaub &amp; Reisen\",\"description\":\"Urlaub, Reisen, Cornwall und S\u00fcdengland: eine perfekte Kombination\",\"potentialAction\":[{\"@type\":\"SearchAction\",\"target\":{\"@type\":\"EntryPoint\",\"urlTemplate\":\"https:\/\/www.urlaubcornwall.de\/blog\/?s={search_term_string}\"},\"query-input\":\"required name=search_term_string\"}],\"inLanguage\":\"en-US\"},{\"@type\":\"WebPage\",\"@id\":\"https:\/\/www.urlaubcornwall.de\/blog\/urlaub-in-fort-william-sehenswuerdigkeiten-geschichte-und-unterkunft\/\",\"url\":\"https:\/\/www.urlaubcornwall.de\/blog\/urlaub-in-fort-william-sehenswuerdigkeiten-geschichte-und-unterkunft\/\",\"name\":\"Urlaub in Fort William: Sehensw\u00fcrdigkeiten, Geschichte und Unterkunft - Urlaub &amp; Reisen\",\"isPartOf\":{\"@id\":\"https:\/\/www.urlaubcornwall.de\/blog\/#website\"},\"datePublished\":\"2016-11-07T15:51:54+00:00\",\"dateModified\":\"2024-05-29T12:53:02+00:00\",\"breadcrumb\":{\"@id\":\"https:\/\/www.urlaubcornwall.de\/blog\/urlaub-in-fort-william-sehenswuerdigkeiten-geschichte-und-unterkunft\/#breadcrumb\"},\"inLanguage\":\"en-US\",\"potentialAction\":[{\"@type\":\"ReadAction\",\"target\":[\"https:\/\/www.urlaubcornwall.de\/blog\/urlaub-in-fort-william-sehenswuerdigkeiten-geschichte-und-unterkunft\/\"]}]},{\"@type\":\"BreadcrumbList\",\"@id\":\"https:\/\/www.urlaubcornwall.de\/blog\/urlaub-in-fort-william-sehenswuerdigkeiten-geschichte-und-unterkunft\/#breadcrumb\",\"itemListElement\":[{\"@type\":\"ListItem\",\"position\":1,\"name\":\"Home\",\"item\":\"https:\/\/www.urlaubcornwall.de\/blog\/\"},{\"@type\":\"ListItem\",\"position\":2,\"name\":\"Urlaub in Fort William: Sehensw\u00fcrdigkeiten, Geschichte und Unterkunft\"}]}]}<\/script>\n<!-- \/ Yoast SEO plugin. -->","yoast_head_json":{"title":"Urlaub in Fort William: Sehensw\u00fcrdigkeiten, Geschichte und Unterkunft - Urlaub &amp; Reisen","robots":{"index":"index","follow":"follow","max-snippet":"max-snippet:-1","max-image-preview":"max-image-preview:large","max-video-preview":"max-video-preview:-1"},"canonical":"https:\/\/www.urlaubcornwall.de\/blog\/urlaub-in-fort-william-sehenswuerdigkeiten-geschichte-und-unterkunft\/","og_locale":"en_US","og_type":"article","og_title":"Urlaub in Fort William: Sehensw\u00fcrdigkeiten, Geschichte und Unterkunft - Urlaub &amp; Reisen","og_description":"Fort William ist eine von Schottlands beliebtesten Touristenzielen, am Loch Linnhe und am Fu\u00dfe von Ben Nevis gelegen, dem h\u00f6chsten Berg des UK. Ben Nevis ist 1345m hoch und der h\u00f6chste aller Berge des UK, wenngleich nicht der schwierigste zu besteigen. Der Bergpfad wird vom Besucherzentrum aus in Glen Nevis erreicht, und die Wanderung betr\u00e4gt [&hellip;]","og_url":"https:\/\/www.urlaubcornwall.de\/blog\/urlaub-in-fort-william-sehenswuerdigkeiten-geschichte-und-unterkunft\/","og_site_name":"Urlaub &amp; Reisen","article_modified_time":"2024-05-29T12:53:02+00:00","og_image":[{"url":"https:\/\/www.urlaubcornwall.de\/blog\/wp-content\/uploads\/2024\/03\/ferienhaus-fuer-gruppen-fort-william.jpg"}],"twitter_card":"summary","twitter_misc":{"Est. reading time":"3 minutes"},"schema":{"@context":"https:\/\/schema.org","@graph":[{"@type":"WebSite","@id":"https:\/\/www.urlaubcornwall.de\/blog\/#website","url":"https:\/\/www.urlaubcornwall.de\/blog\/","name":"Urlaub &amp; Reisen","description":"Urlaub, Reisen, Cornwall und S\u00fcdengland: eine perfekte Kombination","potentialAction":[{"@type":"SearchAction","target":{"@type":"EntryPoint","urlTemplate":"https:\/\/www.urlaubcornwall.de\/blog\/?s={search_term_string}"},"query-input":"required name=search_term_string"}],"inLanguage":"en-US"},{"@type":"WebPage","@id":"https:\/\/www.urlaubcornwall.de\/blog\/urlaub-in-fort-william-sehenswuerdigkeiten-geschichte-und-unterkunft\/","url":"https:\/\/www.urlaubcornwall.de\/blog\/urlaub-in-fort-william-sehenswuerdigkeiten-geschichte-und-unterkunft\/","name":"Urlaub in Fort William: Sehensw\u00fcrdigkeiten, Geschichte und Unterkunft - Urlaub &amp; Reisen","isPartOf":{"@id":"https:\/\/www.urlaubcornwall.de\/blog\/#website"},"datePublished":"2016-11-07T15:51:54+00:00","dateModified":"2024-05-29T12:53:02+00:00","breadcrumb":{"@id":"https:\/\/www.urlaubcornwall.de\/blog\/urlaub-in-fort-william-sehenswuerdigkeiten-geschichte-und-unterkunft\/#breadcrumb"},"inLanguage":"en-US","potentialAction":[{"@type":"ReadAction","target":["https:\/\/www.urlaubcornwall.de\/blog\/urlaub-in-fort-william-sehenswuerdigkeiten-geschichte-und-unterkunft\/"]}]},{"@type":"BreadcrumbList","@id":"https:\/\/www.urlaubcornwall.de\/blog\/urlaub-in-fort-william-sehenswuerdigkeiten-geschichte-und-unterkunft\/#breadcrumb","itemListElement":[{"@type":"ListItem","position":1,"name":"Home","item":"https:\/\/www.urlaubcornwall.de\/blog\/"},{"@type":"ListItem","position":2,"name":"Urlaub in Fort William: Sehensw\u00fcrdigkeiten, Geschichte und Unterkunft"}]}]}},"_links":{"self":[{"href":"https:\/\/www.urlaubcornwall.de\/blog\/wp-json\/wp\/v2\/pages\/25260"}],"collection":[{"href":"https:\/\/www.urlaubcornwall.de\/blog\/wp-json\/wp\/v2\/pages"}],"about":[{"href":"https:\/\/www.urlaubcornwall.de\/blog\/wp-json\/wp\/v2\/types\/page"}],"author":[{"embeddable":true,"href":"https:\/\/www.urlaubcornwall.de\/blog\/wp-json\/wp\/v2\/users\/1"}],"replies":[{"embeddable":true,"href":"https:\/\/www.urlaubcornwall.de\/blog\/wp-json\/wp\/v2\/comments?post=25260"}],"version-history":[{"count":11,"href":"https:\/\/www.urlaubcornwall.de\/blog\/wp-json\/wp\/v2\/pages\/25260\/revisions"}],"predecessor-version":[{"id":50667,"href":"https:\/\/www.urlaubcornwall.de\/blog\/wp-json\/wp\/v2\/pages\/25260\/revisions\/50667"}],"wp:attachment":[{"href":"https:\/\/www.urlaubcornwall.de\/blog\/wp-json\/wp\/v2\/media?parent=25260"}],"curies":[{"name":"wp","href":"https:\/\/api.w.org\/{rel}","templated":true}]}}