{"id":25245,"date":"2016-11-06T16:25:20","date_gmt":"2016-11-06T16:25:20","guid":{"rendered":"https:\/\/www.urlaubcornwall.de\/blog\/?page_id=25245"},"modified":"2024-05-29T12:53:44","modified_gmt":"2024-05-29T12:53:44","slug":"urlaub-robert-burns-alloway-dumfries-sehenswuerdigkeiten-und-geschichte","status":"publish","type":"page","link":"https:\/\/www.urlaubcornwall.de\/blog\/urlaub-robert-burns-alloway-dumfries-sehenswuerdigkeiten-und-geschichte\/","title":{"rendered":"Urlaub Robert Burns: Alloway &#038; Dumfries Sehensw\u00fcrdigkeiten und Geschichte"},"content":{"rendered":"<p>In der westlichen Grenzregion befindet sich die historische Marktstadt Dumfries, h\u00e4ufig auch \u201cK\u00f6nigin des S\u00fcdens\u201d genannt. Die Stadt hat eine besondere Verbindung zu Robert Burns \u2013 Schottlands Nationaldichter.<\/p>\n<p>Robert Burns wurde in Alloway geboren, Ayr, verbrachte jedoch die meiste Zeit seines Lebens, w\u00e4hrend er schrieb, in Dumfries auf seiner Farm bei Ellisland, 9,7 km au\u00dferhalb der Stadt, wo er \u2018Tam O\u2019Shanter\u2019 schrieb und \u2018Auld Lang Syne\u2019 neu verfasste. Ellisland Farm ist nun der \u00d6ffentlichkeit zug\u00e4nglich mit gef\u00fchrten Touren. Sie sehen dort seine Originalschriftwerke und Besitzt\u00fcmer und spazieren am Fluss Nith auf dem Burns Walk entlang. Sie k\u00f6nnen auch einen Drink in seiner Lieblingskneipe, dem Globe Inn, genie\u00dfen.<\/p>\n<p>Dumfries Art Trail ist eine Ansammlung unabh\u00e4ngiger K\u00fcnstler, Galerien und Kunsthandwerksl\u00e4den, die sich allesamt innerhalb von 15 Gehminuten von der Hauptstra\u00dfe aus befinden. Der Kunstpfad ist das gesamte Jahr \u00fcber ge\u00f6ffnet mit besonderen Veranstaltungen und offenen Studiotagen.<\/p>\n<p>Caerlaverock Castle war eine von <a href=\"https:\/\/www.urlaubcornwall.de\/blog\/entdecken-sie-schottland-britanniens-spektakulaerster-landschaft\/\">Schottlands<\/a> gro\u00dfartigsten mittelalterlichen Festungen, in Dreiecksform errichtet mit Torhaus mit Zwillingst\u00fcrmen und einem Burggraben. Obwohl es heute eine Ruine ist, gibt es noch immer eine Menge zu erkunden, und Sie k\u00f6nnen einiges zur turbulenten Geschichte w\u00e4hrend der grenz\u00fcberschreitenden Schlachten mit England erfahren.<\/p>\n<p><script async src=\"https:\/\/pagead2.googlesyndication.com\/pagead\/js\/adsbygoogle.js?client=ca-pub-3901089389175725\"\n     crossorigin=\"anonymous\"><\/script><br \/>\n<!-- New UC --><br \/>\n<ins class=\"adsbygoogle\"\n     style=\"display:block\"\n     data-ad-client=\"ca-pub-3901089389175725\"\n     data-ad-slot=\"8080314818\"\n     data-ad-format=\"auto\"\n     data-full-width-responsive=\"true\"><\/ins><br \/>\n<script>\n     (adsbygoogle = window.adsbygoogle || []).push({});\n<\/script><\/p>\n<p>Caerlaverock Nationales Naturreservat: Das zerkl\u00fcftete und wundersch\u00f6ne Naturreservat am Nordufer des Solway Firth deckt 608 Hektar Salzwassers\u00fcmpfe. Es hat hervorragende Versteck- und Beobachtungsm\u00f6glichkeiten, um die riesige Anzahl an Wildv\u00f6geln zu beobachten, die hier \u00fcberwintern, einschlie\u00dflich zahlreicher Arten von G\u00e4nsen, Enten und Schw\u00e4nen.&nbsp; Den Sommer \u00fcber gibt es eine Vielfalt an Naturleben, V\u00f6geln, blumenbest\u00fcckten Wiesen und Orchideen. Das ganze Jahr \u00fcber ge\u00f6ffnet, ist dies eine unvergessliche Erfahrung.<\/p>\n<p>Gretna Green ist bekannt f\u00fcr seine Schmiede, wo Paare seit 1754 zum Heiraten herkommen, als die Heiratsgesetze \u00fcber der Grenze hinweg in England strenger wurden. Junge Paare konnten in Schottland ohne die Zustimmung ihrer Eltern heiraten, und laut schottischem Gesetz konnte nahezu jede Autorit\u00e4tsperson die Heiratszeremonie durchf\u00fchren, falls eine Eheerkl\u00e4rung vor zwei Zeugen stattgefunden hat. Die Schmiede wurden bekannt als \u2018Ambosspriester\u2019. &nbsp;Heute ist es noch immer aufgrund seiner romantischen Geschichte ein beliebter Heiratsort.<\/p>\n<p style=\"text-align: center;\">UrlaubCornwall verf\u00fcgt Ferienh\u00e4user und Ferienwohnungen in Alloway &#038; Dumfries f\u00fcr Ihren <a href=\"https:\/\/www.urlaubcornwall.de\/blog\/urlaub-in-fort-william-sehenswuerdigkeiten-geschichte-und-unterkunft\/\">Urlaub in Schottland<\/a>. Unterk\u00fcnfte der Spitzenklasse f\u00fcr 2 Personen, Familien und Gruppen mit 4, 6, 8, 10 oder 12 G\u00e4sten.<\/p>\n<h1 style=\"text-align: center;\"><strong>Bei uns finden Sie Ferienh\u00e4user zum Verlieben \u2013 so einfach ist das!<\/strong><\/h1>\n<p style=\"text-align: center;\"><a class=\"tidycta\" href=\"https:\/\/www.urlaubcornwall.de\/ferienhaeuser-fewos\/sco\/suedschottland\/suedschottland.html\">Suche Ferienh\u00e4user Dumfries<\/a><\/p>\n<p style=\"text-align: center;\">UrlaubCornwall.de hat eine einzigartige Sammlung pers\u00f6nlich inspizierter <a href=\"https:\/\/www.urlaubcornwall.de\/ferienhaeuser\/schottland.php\">Ferienh\u00e4user und Ferienwohnungen in Schottland<\/a> und nun auch im gesamten Gro\u00dfbritannien.<\/p>\n<p style=\"text-align: center;\">UrlaubCornwall.de hat seinen Firmensitz in Cornwall in S\u00fcdwestengland und bietet Kunden im Deutsch sprechenden Europa Hilfe im Erstellen der perfekten Urlaubserfahrung hier. Wir haben ein Team Deutsch sprechender Experten, so dass wir eine <a href=\"https:\/\/www.urlaubcornwall.de\/rundreisen\/grossbritannien.php\">individuelle Urlaub in Gro\u00dfbritannien<\/a>.<\/p>\n","protected":false},"excerpt":{"rendered":"<p>In der westlichen Grenzregion befindet sich die historische Marktstadt Dumfries, h\u00e4ufig auch \u201cK\u00f6nigin des S\u00fcdens\u201d genannt. Die Stadt hat eine besondere Verbindung zu Robert Burns \u2013 Schottlands Nationaldichter. Robert Burns wurde in Alloway geboren, Ayr, verbrachte jedoch die meiste Zeit seines Lebens, w\u00e4hrend er schrieb, in Dumfries auf seiner Farm bei Ellisland, 9,7 km au\u00dferhalb [&hellip;]<\/p>\n","protected":false},"author":1,"featured_media":0,"parent":0,"menu_order":0,"comment_status":"closed","ping_status":"closed","template":"single-four.php","meta":[],"acf":[],"yoast_head":"<!-- This site is optimized with the Yoast SEO plugin v19.4 - https:\/\/yoast.com\/wordpress\/plugins\/seo\/ -->\n<title>Urlaub Robert Burns: Alloway &amp; Dumfries Sehensw\u00fcrdigkeiten und Geschichte - Urlaub &amp; Reisen<\/title>\n<meta name=\"description\" content=\"In der westlichen Grenzregion befindet sich die historische Marktstadt Dumfries, h\u00e4ufig auch \u201cK\u00f6nigin des S\u00fcdens\u201d genannt\" \/>\n<meta name=\"robots\" content=\"index, follow, max-snippet:-1, max-image-preview:large, max-video-preview:-1\" \/>\n<link rel=\"canonical\" href=\"https:\/\/www.urlaubcornwall.de\/blog\/urlaub-robert-burns-alloway-dumfries-sehenswuerdigkeiten-und-geschichte\/\" \/>\n<meta property=\"og:locale\" content=\"en_US\" \/>\n<meta property=\"og:type\" content=\"article\" \/>\n<meta property=\"og:title\" content=\"Urlaub Robert Burns: Alloway &amp; Dumfries Sehensw\u00fcrdigkeiten und Geschichte - Urlaub &amp; Reisen\" \/>\n<meta property=\"og:description\" content=\"In der westlichen Grenzregion befindet sich die historische Marktstadt Dumfries, h\u00e4ufig auch \u201cK\u00f6nigin des S\u00fcdens\u201d genannt\" \/>\n<meta property=\"og:url\" content=\"https:\/\/www.urlaubcornwall.de\/blog\/urlaub-robert-burns-alloway-dumfries-sehenswuerdigkeiten-und-geschichte\/\" \/>\n<meta property=\"og:site_name\" content=\"Urlaub &amp; Reisen\" \/>\n<meta property=\"article:modified_time\" content=\"2024-05-29T12:53:44+00:00\" \/>\n<meta name=\"twitter:card\" content=\"summary\" \/>\n<meta name=\"twitter:label1\" content=\"Est. reading time\" \/>\n\t<meta name=\"twitter:data1\" content=\"3 minutes\" \/>\n<script type=\"application\/ld+json\" class=\"yoast-schema-graph\">{\"@context\":\"https:\/\/schema.org\",\"@graph\":[{\"@type\":\"WebSite\",\"@id\":\"https:\/\/www.urlaubcornwall.de\/blog\/#website\",\"url\":\"https:\/\/www.urlaubcornwall.de\/blog\/\",\"name\":\"Urlaub &amp; Reisen\",\"description\":\"Urlaub, Reisen, Cornwall und S\u00fcdengland: eine perfekte Kombination\",\"potentialAction\":[{\"@type\":\"SearchAction\",\"target\":{\"@type\":\"EntryPoint\",\"urlTemplate\":\"https:\/\/www.urlaubcornwall.de\/blog\/?s={search_term_string}\"},\"query-input\":\"required name=search_term_string\"}],\"inLanguage\":\"en-US\"},{\"@type\":\"WebPage\",\"@id\":\"https:\/\/www.urlaubcornwall.de\/blog\/urlaub-robert-burns-alloway-dumfries-sehenswuerdigkeiten-und-geschichte\/\",\"url\":\"https:\/\/www.urlaubcornwall.de\/blog\/urlaub-robert-burns-alloway-dumfries-sehenswuerdigkeiten-und-geschichte\/\",\"name\":\"Urlaub Robert Burns: Alloway & Dumfries Sehensw\u00fcrdigkeiten und Geschichte - Urlaub &amp; Reisen\",\"isPartOf\":{\"@id\":\"https:\/\/www.urlaubcornwall.de\/blog\/#website\"},\"datePublished\":\"2016-11-06T16:25:20+00:00\",\"dateModified\":\"2024-05-29T12:53:44+00:00\",\"description\":\"In der westlichen Grenzregion befindet sich die historische Marktstadt Dumfries, h\u00e4ufig auch \u201cK\u00f6nigin des S\u00fcdens\u201d genannt\",\"breadcrumb\":{\"@id\":\"https:\/\/www.urlaubcornwall.de\/blog\/urlaub-robert-burns-alloway-dumfries-sehenswuerdigkeiten-und-geschichte\/#breadcrumb\"},\"inLanguage\":\"en-US\",\"potentialAction\":[{\"@type\":\"ReadAction\",\"target\":[\"https:\/\/www.urlaubcornwall.de\/blog\/urlaub-robert-burns-alloway-dumfries-sehenswuerdigkeiten-und-geschichte\/\"]}]},{\"@type\":\"BreadcrumbList\",\"@id\":\"https:\/\/www.urlaubcornwall.de\/blog\/urlaub-robert-burns-alloway-dumfries-sehenswuerdigkeiten-und-geschichte\/#breadcrumb\",\"itemListElement\":[{\"@type\":\"ListItem\",\"position\":1,\"name\":\"Home\",\"item\":\"https:\/\/www.urlaubcornwall.de\/blog\/\"},{\"@type\":\"ListItem\",\"position\":2,\"name\":\"Urlaub Robert Burns: Alloway &#038; Dumfries Sehensw\u00fcrdigkeiten und Geschichte\"}]}]}<\/script>\n<!-- \/ Yoast SEO plugin. -->","yoast_head_json":{"title":"Urlaub Robert Burns: Alloway & Dumfries Sehensw\u00fcrdigkeiten und Geschichte - Urlaub &amp; Reisen","description":"In der westlichen Grenzregion befindet sich die historische Marktstadt Dumfries, h\u00e4ufig auch \u201cK\u00f6nigin des S\u00fcdens\u201d genannt","robots":{"index":"index","follow":"follow","max-snippet":"max-snippet:-1","max-image-preview":"max-image-preview:large","max-video-preview":"max-video-preview:-1"},"canonical":"https:\/\/www.urlaubcornwall.de\/blog\/urlaub-robert-burns-alloway-dumfries-sehenswuerdigkeiten-und-geschichte\/","og_locale":"en_US","og_type":"article","og_title":"Urlaub Robert Burns: Alloway & Dumfries Sehensw\u00fcrdigkeiten und Geschichte - Urlaub &amp; Reisen","og_description":"In der westlichen Grenzregion befindet sich die historische Marktstadt Dumfries, h\u00e4ufig auch \u201cK\u00f6nigin des S\u00fcdens\u201d genannt","og_url":"https:\/\/www.urlaubcornwall.de\/blog\/urlaub-robert-burns-alloway-dumfries-sehenswuerdigkeiten-und-geschichte\/","og_site_name":"Urlaub &amp; Reisen","article_modified_time":"2024-05-29T12:53:44+00:00","twitter_card":"summary","twitter_misc":{"Est. reading time":"3 minutes"},"schema":{"@context":"https:\/\/schema.org","@graph":[{"@type":"WebSite","@id":"https:\/\/www.urlaubcornwall.de\/blog\/#website","url":"https:\/\/www.urlaubcornwall.de\/blog\/","name":"Urlaub &amp; Reisen","description":"Urlaub, Reisen, Cornwall und S\u00fcdengland: eine perfekte Kombination","potentialAction":[{"@type":"SearchAction","target":{"@type":"EntryPoint","urlTemplate":"https:\/\/www.urlaubcornwall.de\/blog\/?s={search_term_string}"},"query-input":"required name=search_term_string"}],"inLanguage":"en-US"},{"@type":"WebPage","@id":"https:\/\/www.urlaubcornwall.de\/blog\/urlaub-robert-burns-alloway-dumfries-sehenswuerdigkeiten-und-geschichte\/","url":"https:\/\/www.urlaubcornwall.de\/blog\/urlaub-robert-burns-alloway-dumfries-sehenswuerdigkeiten-und-geschichte\/","name":"Urlaub Robert Burns: Alloway & Dumfries Sehensw\u00fcrdigkeiten und Geschichte - Urlaub &amp; Reisen","isPartOf":{"@id":"https:\/\/www.urlaubcornwall.de\/blog\/#website"},"datePublished":"2016-11-06T16:25:20+00:00","dateModified":"2024-05-29T12:53:44+00:00","description":"In der westlichen Grenzregion befindet sich die historische Marktstadt Dumfries, h\u00e4ufig auch \u201cK\u00f6nigin des S\u00fcdens\u201d genannt","breadcrumb":{"@id":"https:\/\/www.urlaubcornwall.de\/blog\/urlaub-robert-burns-alloway-dumfries-sehenswuerdigkeiten-und-geschichte\/#breadcrumb"},"inLanguage":"en-US","potentialAction":[{"@type":"ReadAction","target":["https:\/\/www.urlaubcornwall.de\/blog\/urlaub-robert-burns-alloway-dumfries-sehenswuerdigkeiten-und-geschichte\/"]}]},{"@type":"BreadcrumbList","@id":"https:\/\/www.urlaubcornwall.de\/blog\/urlaub-robert-burns-alloway-dumfries-sehenswuerdigkeiten-und-geschichte\/#breadcrumb","itemListElement":[{"@type":"ListItem","position":1,"name":"Home","item":"https:\/\/www.urlaubcornwall.de\/blog\/"},{"@type":"ListItem","position":2,"name":"Urlaub Robert Burns: Alloway &#038; Dumfries Sehensw\u00fcrdigkeiten und Geschichte"}]}]}},"_links":{"self":[{"href":"https:\/\/www.urlaubcornwall.de\/blog\/wp-json\/wp\/v2\/pages\/25245"}],"collection":[{"href":"https:\/\/www.urlaubcornwall.de\/blog\/wp-json\/wp\/v2\/pages"}],"about":[{"href":"https:\/\/www.urlaubcornwall.de\/blog\/wp-json\/wp\/v2\/types\/page"}],"author":[{"embeddable":true,"href":"https:\/\/www.urlaubcornwall.de\/blog\/wp-json\/wp\/v2\/users\/1"}],"replies":[{"embeddable":true,"href":"https:\/\/www.urlaubcornwall.de\/blog\/wp-json\/wp\/v2\/comments?post=25245"}],"version-history":[{"count":6,"href":"https:\/\/www.urlaubcornwall.de\/blog\/wp-json\/wp\/v2\/pages\/25245\/revisions"}],"predecessor-version":[{"id":50669,"href":"https:\/\/www.urlaubcornwall.de\/blog\/wp-json\/wp\/v2\/pages\/25245\/revisions\/50669"}],"wp:attachment":[{"href":"https:\/\/www.urlaubcornwall.de\/blog\/wp-json\/wp\/v2\/media?parent=25245"}],"curies":[{"name":"wp","href":"https:\/\/api.w.org\/{rel}","templated":true}]}}