{"id":25239,"date":"2016-11-06T16:03:01","date_gmt":"2016-11-06T16:03:01","guid":{"rendered":"https:\/\/www.urlaubcornwall.de\/blog\/?page_id=25239"},"modified":"2024-05-29T12:57:40","modified_gmt":"2024-05-29T12:57:40","slug":"urlaub-in-aviemore-cairngorms-nationalpark-sehenswuerdigkeiten-unterkunft-und-geschichte","status":"publish","type":"page","link":"https:\/\/www.urlaubcornwall.de\/blog\/urlaub-in-aviemore-cairngorms-nationalpark-sehenswuerdigkeiten-unterkunft-und-geschichte\/","title":{"rendered":"Urlaub in Aviemore &#038; Cairngorms Nationalpark: Sehensw\u00fcrdigkeiten, Unterkunft und Geschichte"},"content":{"rendered":"<p><a href=\"https:\/\/www.urlaubcornwall.de\/blog\/wp-content\/uploads\/2024\/05\/Cairngorms.jpg\"><img loading=\"lazy\" src=\"https:\/\/www.urlaubcornwall.de\/blog\/wp-content\/uploads\/2024\/05\/Cairngorms.jpg\" alt=\"Cairngorms\" width=\"750\" height=\"477\" class=\"alignnone size-full wp-image-50670\" srcset=\"https:\/\/www.urlaubcornwall.de\/blog\/wp-content\/uploads\/2024\/05\/Cairngorms.jpg 750w, https:\/\/www.urlaubcornwall.de\/blog\/wp-content\/uploads\/2024\/05\/Cairngorms-300x191.jpg 300w\" sizes=\"(max-width: 750px) 100vw, 750px\" \/><\/a><\/p>\n<p>Aviemore befindet sich im Herzen der Cairngorms, Britanniens h\u00f6chsten Bergen mit sechs Gipfeln, die \u00fcber 1220m hoch sind. Mit seinen Bergen, Seen, W\u00e4ldern ist der Cairngorms Nationalpark das ganze Jahr \u00fcber ein Urlaubsziel, und Aviemore ist die ideale Ausgangsbasis f\u00fcr einen Urlaub hier.<\/p>\n<p><strong>Cairngorms Nationalpark:<\/strong> Der Cairngorms Nationalpark ist im Winter ein beliebter Skiort mit Abfahrts- und Langlaufstrecken. Im Sommer ist er beliebt bei Bergsteigern und Felskletterern, auch gibt es Mountainbikestrecken, Ponypfade und Orientierungstrecken. Am Loch Morlich k\u00f6nnen Sie windsurfen. Es gibt dort einen Sandstrand und ein Wassersportzentrum. Die h\u00f6chste Seilbahn des UK befindet sich hier. Sie f\u00e4hrt t\u00e4glich und bringt Sie zum 1097m \u00fcber dem Meeresspiegel gelegenen Gipfel, von wo aus Sie einen Panoramablick \u00fcber den Nationalpark haben. Die Strathspey Dampfeisenbahnstrecke verl\u00e4uft 16km von Aviemore nach Broomhill, vorbei an Boat of Garten, eine unvergessliche Fahrt durch das schottische Hochland. Bei Loch an Eilein befindet sich eine Burg des 13. Jahrhunderts inmitten der wundersch\u00f6nen Bucht, die zu Britanniens besten Picknickpl\u00e4tzen z\u00e4hlt.<\/p>\n<p><script async src=\"https:\/\/pagead2.googlesyndication.com\/pagead\/js\/adsbygoogle.js?client=ca-pub-3901089389175725\"\n     crossorigin=\"anonymous\"><\/script><br \/>\n<!-- New UC --><br \/>\n<ins class=\"adsbygoogle\"\n     style=\"display:block\"\n     data-ad-client=\"ca-pub-3901089389175725\"\n     data-ad-slot=\"8080314818\"\n     data-ad-format=\"auto\"\n     data-full-width-responsive=\"true\"><\/ins><br \/>\n<script>\n     (adsbygoogle = window.adsbygoogle || []).push({});\n<\/script><\/p>\n<p><strong>Braemar:<\/strong> Braemar befindet sich an der \u00f6stlichen Seite des Cairngorms Nationalparks; in spektakul\u00e4rer Bergeslandschaft ist es beliebt bei Wanderern und Bergsteigern; es gibt mindestens 24 Munros \u2013 Berge, die wenigstens 914,4m hoch sind. Es gibt mehr als 104km Radwege und Fu\u00dfwege mit unterschiedlichem Schwierigkeitsgrad. Direkt au\u00dferhalb der Stadt gelegen, befindet sich Braemar Castle, eine Burg aus dem 17. Jahrhundert an den Ufern des Flusses Dee. Die Stadt ist auch Gastgeber der ber\u00fchmten Braemar Gathering und Highland Games, die normalerweise am ersten Samstag im September stattfinden und von der K\u00f6niglichen Familie besucht werden w\u00e4hrend ihres Sommerurlaubs auf Balmoral. In der N\u00e4he befindet sich der Berg Lochnagar, der bekannt wurde durch Prinz Charles, Prinz von Wales, als er seine Kindergeschichte \u2018The Old Man of Lochnagar\u2019 schrieb.<\/p>\n<p><strong>Grantown-on \u2013Spey:<\/strong> Diese kleine Stadt befindet sich am n\u00f6rdlichen Rand des Cairngorms Nationalparks und ist eine gro\u00dfartige Ausgangsbasis, um die Gegend zu erkunden und den &nbsp;112km langen Whisky Trail zu beginnen. Nahe gelegen befindet sich Tomintoul, das mit 354,7m h\u00f6chst gelegene Dorf der Cairngorms. Es ist ein perfektes Beispiel eines Highland Dorfes des 18. Jahrhunderts mit Dorfplatz und vielen georgianischen und viktorianischen Geb\u00e4uden.<\/p>\n<h1 style=\"text-align: center;\"><a href=\"https:\/\/www.urlaubcornwall.de\/ferienhaeuser-fewos\/sco\/nordhighlands-und-inseln\/aviemore.html\"><strong>Bei uns finden Sie Ferienh\u00e4user zum Verlieben \u2013 so einfach ist das!<\/strong><\/a><\/h1>\n<p style=\"text-align: center;\"><a class=\"tidycta\" href=\"https:\/\/www.urlaubcornwall.de\/ferienhaeuser-fewos\/sco\/nordhighlands-und-inseln\/aviemore.html\">Suche Ferienh\u00e4user Aviemore<\/a><\/p>\n<p style=\"text-align: center;\">UrlaubCornwall verf\u00fcgt Ferienh\u00e4user und Ferienwohnungen in Aviemore &amp; Cairngorms Nationalpark f\u00fcr Ihren <a href=\"https:\/\/www.urlaubcornwall.de\/ferienhaeuser\/schottland.php\">Urlaub in Schottland<\/a>. Unterk\u00fcnfte der Spitzenklasse f\u00fcr 2 Personen, Familien und Gruppen mit 4, 6, 8, 10 oder 12 G\u00e4sten.<\/p>\n\n<p style=\"text-align: center;\">UrlaubCornwall.de hat eine einzigartige Sammlung pers\u00f6nlich inspizierter Ferienh\u00e4user und Ferienwohnungen in Schottland und nun auch im gesamten Gro\u00dfbritannien.<\/p>\n<p style=\"text-align: center;\">UrlaubCornwall.de hat seinen Firmensitz in Cornwall in S\u00fcdwestengland und bietet Kunden im Deutsch sprechenden Europa Hilfe im Erstellen der perfekten Urlaubserfahrung hier. Wir haben ein Team Deutsch sprechender Experten, so dass wir eine <a href=\"https:\/\/www.urlaubcornwall.de\/rundreisen\/grossbritannien.php\">individuelle Urlaub in Gro\u00dfbritannien<\/a>.<\/p>\n","protected":false},"excerpt":{"rendered":"<p>Aviemore befindet sich im Herzen der Cairngorms, Britanniens h\u00f6chsten Bergen mit sechs Gipfeln, die \u00fcber 1220m hoch sind. Mit seinen Bergen, Seen, W\u00e4ldern ist der Cairngorms Nationalpark das ganze Jahr \u00fcber ein Urlaubsziel, und Aviemore ist die ideale Ausgangsbasis f\u00fcr einen Urlaub hier. Cairngorms Nationalpark: Der Cairngorms Nationalpark ist im Winter ein beliebter Skiort mit [&hellip;]<\/p>\n","protected":false},"author":1,"featured_media":0,"parent":0,"menu_order":0,"comment_status":"closed","ping_status":"closed","template":"single-four.php","meta":[],"acf":[],"yoast_head":"<!-- This site is optimized with the Yoast SEO plugin v19.4 - https:\/\/yoast.com\/wordpress\/plugins\/seo\/ -->\n<title>Urlaub in Aviemore &amp; Cairngorms Nationalpark: Sehensw\u00fcrdigkeiten, Unterkunft und Geschichte - Urlaub &amp; Reisen<\/title>\n<meta name=\"robots\" content=\"index, follow, max-snippet:-1, max-image-preview:large, max-video-preview:-1\" \/>\n<link rel=\"canonical\" href=\"https:\/\/www.urlaubcornwall.de\/blog\/urlaub-in-aviemore-cairngorms-nationalpark-sehenswuerdigkeiten-unterkunft-und-geschichte\/\" \/>\n<meta property=\"og:locale\" content=\"en_US\" \/>\n<meta property=\"og:type\" content=\"article\" \/>\n<meta property=\"og:title\" content=\"Urlaub in Aviemore &amp; Cairngorms Nationalpark: Sehensw\u00fcrdigkeiten, Unterkunft und Geschichte - Urlaub &amp; Reisen\" \/>\n<meta property=\"og:description\" content=\"Aviemore befindet sich im Herzen der Cairngorms, Britanniens h\u00f6chsten Bergen mit sechs Gipfeln, die \u00fcber 1220m hoch sind. Mit seinen Bergen, Seen, W\u00e4ldern ist der Cairngorms Nationalpark das ganze Jahr \u00fcber ein Urlaubsziel, und Aviemore ist die ideale Ausgangsbasis f\u00fcr einen Urlaub hier. Cairngorms Nationalpark: Der Cairngorms Nationalpark ist im Winter ein beliebter Skiort mit [&hellip;]\" \/>\n<meta property=\"og:url\" content=\"https:\/\/www.urlaubcornwall.de\/blog\/urlaub-in-aviemore-cairngorms-nationalpark-sehenswuerdigkeiten-unterkunft-und-geschichte\/\" \/>\n<meta property=\"og:site_name\" content=\"Urlaub &amp; Reisen\" \/>\n<meta property=\"article:modified_time\" content=\"2024-05-29T12:57:40+00:00\" \/>\n<meta property=\"og:image\" content=\"https:\/\/www.urlaubcornwall.de\/blog\/wp-content\/uploads\/2024\/05\/Cairngorms.jpg\" \/>\n<meta name=\"twitter:card\" content=\"summary\" \/>\n<meta name=\"twitter:label1\" content=\"Est. reading time\" \/>\n\t<meta name=\"twitter:data1\" content=\"3 minutes\" \/>\n<script type=\"application\/ld+json\" class=\"yoast-schema-graph\">{\"@context\":\"https:\/\/schema.org\",\"@graph\":[{\"@type\":\"WebSite\",\"@id\":\"https:\/\/www.urlaubcornwall.de\/blog\/#website\",\"url\":\"https:\/\/www.urlaubcornwall.de\/blog\/\",\"name\":\"Urlaub &amp; Reisen\",\"description\":\"Urlaub, Reisen, Cornwall und S\u00fcdengland: eine perfekte Kombination\",\"potentialAction\":[{\"@type\":\"SearchAction\",\"target\":{\"@type\":\"EntryPoint\",\"urlTemplate\":\"https:\/\/www.urlaubcornwall.de\/blog\/?s={search_term_string}\"},\"query-input\":\"required name=search_term_string\"}],\"inLanguage\":\"en-US\"},{\"@type\":\"WebPage\",\"@id\":\"https:\/\/www.urlaubcornwall.de\/blog\/urlaub-in-aviemore-cairngorms-nationalpark-sehenswuerdigkeiten-unterkunft-und-geschichte\/\",\"url\":\"https:\/\/www.urlaubcornwall.de\/blog\/urlaub-in-aviemore-cairngorms-nationalpark-sehenswuerdigkeiten-unterkunft-und-geschichte\/\",\"name\":\"Urlaub in Aviemore & Cairngorms Nationalpark: Sehensw\u00fcrdigkeiten, Unterkunft und Geschichte - Urlaub &amp; Reisen\",\"isPartOf\":{\"@id\":\"https:\/\/www.urlaubcornwall.de\/blog\/#website\"},\"datePublished\":\"2016-11-06T16:03:01+00:00\",\"dateModified\":\"2024-05-29T12:57:40+00:00\",\"breadcrumb\":{\"@id\":\"https:\/\/www.urlaubcornwall.de\/blog\/urlaub-in-aviemore-cairngorms-nationalpark-sehenswuerdigkeiten-unterkunft-und-geschichte\/#breadcrumb\"},\"inLanguage\":\"en-US\",\"potentialAction\":[{\"@type\":\"ReadAction\",\"target\":[\"https:\/\/www.urlaubcornwall.de\/blog\/urlaub-in-aviemore-cairngorms-nationalpark-sehenswuerdigkeiten-unterkunft-und-geschichte\/\"]}]},{\"@type\":\"BreadcrumbList\",\"@id\":\"https:\/\/www.urlaubcornwall.de\/blog\/urlaub-in-aviemore-cairngorms-nationalpark-sehenswuerdigkeiten-unterkunft-und-geschichte\/#breadcrumb\",\"itemListElement\":[{\"@type\":\"ListItem\",\"position\":1,\"name\":\"Home\",\"item\":\"https:\/\/www.urlaubcornwall.de\/blog\/\"},{\"@type\":\"ListItem\",\"position\":2,\"name\":\"Urlaub in Aviemore &#038; Cairngorms Nationalpark: Sehensw\u00fcrdigkeiten, Unterkunft und Geschichte\"}]}]}<\/script>\n<!-- \/ Yoast SEO plugin. -->","yoast_head_json":{"title":"Urlaub in Aviemore & Cairngorms Nationalpark: Sehensw\u00fcrdigkeiten, Unterkunft und Geschichte - Urlaub &amp; Reisen","robots":{"index":"index","follow":"follow","max-snippet":"max-snippet:-1","max-image-preview":"max-image-preview:large","max-video-preview":"max-video-preview:-1"},"canonical":"https:\/\/www.urlaubcornwall.de\/blog\/urlaub-in-aviemore-cairngorms-nationalpark-sehenswuerdigkeiten-unterkunft-und-geschichte\/","og_locale":"en_US","og_type":"article","og_title":"Urlaub in Aviemore & Cairngorms Nationalpark: Sehensw\u00fcrdigkeiten, Unterkunft und Geschichte - Urlaub &amp; Reisen","og_description":"Aviemore befindet sich im Herzen der Cairngorms, Britanniens h\u00f6chsten Bergen mit sechs Gipfeln, die \u00fcber 1220m hoch sind. Mit seinen Bergen, Seen, W\u00e4ldern ist der Cairngorms Nationalpark das ganze Jahr \u00fcber ein Urlaubsziel, und Aviemore ist die ideale Ausgangsbasis f\u00fcr einen Urlaub hier. Cairngorms Nationalpark: Der Cairngorms Nationalpark ist im Winter ein beliebter Skiort mit [&hellip;]","og_url":"https:\/\/www.urlaubcornwall.de\/blog\/urlaub-in-aviemore-cairngorms-nationalpark-sehenswuerdigkeiten-unterkunft-und-geschichte\/","og_site_name":"Urlaub &amp; Reisen","article_modified_time":"2024-05-29T12:57:40+00:00","og_image":[{"url":"https:\/\/www.urlaubcornwall.de\/blog\/wp-content\/uploads\/2024\/05\/Cairngorms.jpg"}],"twitter_card":"summary","twitter_misc":{"Est. reading time":"3 minutes"},"schema":{"@context":"https:\/\/schema.org","@graph":[{"@type":"WebSite","@id":"https:\/\/www.urlaubcornwall.de\/blog\/#website","url":"https:\/\/www.urlaubcornwall.de\/blog\/","name":"Urlaub &amp; Reisen","description":"Urlaub, Reisen, Cornwall und S\u00fcdengland: eine perfekte Kombination","potentialAction":[{"@type":"SearchAction","target":{"@type":"EntryPoint","urlTemplate":"https:\/\/www.urlaubcornwall.de\/blog\/?s={search_term_string}"},"query-input":"required name=search_term_string"}],"inLanguage":"en-US"},{"@type":"WebPage","@id":"https:\/\/www.urlaubcornwall.de\/blog\/urlaub-in-aviemore-cairngorms-nationalpark-sehenswuerdigkeiten-unterkunft-und-geschichte\/","url":"https:\/\/www.urlaubcornwall.de\/blog\/urlaub-in-aviemore-cairngorms-nationalpark-sehenswuerdigkeiten-unterkunft-und-geschichte\/","name":"Urlaub in Aviemore & Cairngorms Nationalpark: Sehensw\u00fcrdigkeiten, Unterkunft und Geschichte - Urlaub &amp; Reisen","isPartOf":{"@id":"https:\/\/www.urlaubcornwall.de\/blog\/#website"},"datePublished":"2016-11-06T16:03:01+00:00","dateModified":"2024-05-29T12:57:40+00:00","breadcrumb":{"@id":"https:\/\/www.urlaubcornwall.de\/blog\/urlaub-in-aviemore-cairngorms-nationalpark-sehenswuerdigkeiten-unterkunft-und-geschichte\/#breadcrumb"},"inLanguage":"en-US","potentialAction":[{"@type":"ReadAction","target":["https:\/\/www.urlaubcornwall.de\/blog\/urlaub-in-aviemore-cairngorms-nationalpark-sehenswuerdigkeiten-unterkunft-und-geschichte\/"]}]},{"@type":"BreadcrumbList","@id":"https:\/\/www.urlaubcornwall.de\/blog\/urlaub-in-aviemore-cairngorms-nationalpark-sehenswuerdigkeiten-unterkunft-und-geschichte\/#breadcrumb","itemListElement":[{"@type":"ListItem","position":1,"name":"Home","item":"https:\/\/www.urlaubcornwall.de\/blog\/"},{"@type":"ListItem","position":2,"name":"Urlaub in Aviemore &#038; Cairngorms Nationalpark: Sehensw\u00fcrdigkeiten, Unterkunft und Geschichte"}]}]}},"_links":{"self":[{"href":"https:\/\/www.urlaubcornwall.de\/blog\/wp-json\/wp\/v2\/pages\/25239"}],"collection":[{"href":"https:\/\/www.urlaubcornwall.de\/blog\/wp-json\/wp\/v2\/pages"}],"about":[{"href":"https:\/\/www.urlaubcornwall.de\/blog\/wp-json\/wp\/v2\/types\/page"}],"author":[{"embeddable":true,"href":"https:\/\/www.urlaubcornwall.de\/blog\/wp-json\/wp\/v2\/users\/1"}],"replies":[{"embeddable":true,"href":"https:\/\/www.urlaubcornwall.de\/blog\/wp-json\/wp\/v2\/comments?post=25239"}],"version-history":[{"count":10,"href":"https:\/\/www.urlaubcornwall.de\/blog\/wp-json\/wp\/v2\/pages\/25239\/revisions"}],"predecessor-version":[{"id":50671,"href":"https:\/\/www.urlaubcornwall.de\/blog\/wp-json\/wp\/v2\/pages\/25239\/revisions\/50671"}],"wp:attachment":[{"href":"https:\/\/www.urlaubcornwall.de\/blog\/wp-json\/wp\/v2\/media?parent=25239"}],"curies":[{"name":"wp","href":"https:\/\/api.w.org\/{rel}","templated":true}]}}