{"id":25130,"date":"2016-10-24T15:49:09","date_gmt":"2016-10-24T15:49:09","guid":{"rendered":"https:\/\/www.urlaubcornwall.de\/blog\/?page_id=25130"},"modified":"2019-04-01T08:50:31","modified_gmt":"2019-04-01T08:50:31","slug":"die-besten-sehenswuerdige-orte-staedte-und-urlaubsziele-im-sueden-englands","status":"publish","type":"page","link":"https:\/\/www.urlaubcornwall.de\/blog\/die-besten-sehenswuerdige-orte-staedte-und-urlaubsziele-im-sueden-englands\/","title":{"rendered":"Die besten Sehensw\u00fcrdige Orte, St\u00e4dte und Urlaubsziele im S\u00fcden Englands."},"content":{"rendered":"<p><img loading=\"lazy\" class=\"aligncenter size-full wp-image-24669\" src=\"https:\/\/www.urlaubcornwall.de\/blog\/wp-content\/uploads\/2016\/06\/urlaub-ilfracombe.jpg\" alt=\"urlaub england\" height=\"420\" width=\"745\" srcset=\"https:\/\/www.urlaubcornwall.de\/blog\/wp-content\/uploads\/2016\/06\/urlaub-ilfracombe.jpg 745w, https:\/\/www.urlaubcornwall.de\/blog\/wp-content\/uploads\/2016\/06\/urlaub-ilfracombe-300x169.jpg 300w\" sizes=\"(max-width: 745px) 100vw, 745px\" \/><\/p>\n<p style=\"text-align: center;\">Englands sch\u00f6nste Sehensw\u00fcrdigkeiten, Orte, St\u00e4dte und Urlaubsziele. Urlaub &amp; Reisen durch S\u00fcdengland: eine perfekte Kombination.<\/p>\n<h2 style=\"text-align: center;\">Urlaub und Rundreisen in Kent- Garten Englands<\/h2>\n<p style=\"text-align: center;\">Kent, der \u2018Garten Englands\u2019, mit seinen sanft gewellten H\u00fcgeln und reichlichen Obstg\u00e4rten ist bekannt f\u00fcr seine Hopfeng\u00e4rten und Trockenh\u00e4user, wie auch eine wachsende Winzerindustrie&#8230;&#8230; <a href=\"http:\/\/www.urlaubcornwall.de\/reiseziel\/kent.php\">[ Mehr ]<\/a><\/p>\n<h2 style=\"text-align: center;\">Urlaub und Rundreisen in Sussex- historische K\u00fcste<\/h2>\n<p style=\"text-align: center;\">Sussex ist bekannt f\u00fcr seine historische K\u00fcste, die wundersch\u00f6nen South Downs und sie umgebende Landschaft, sowie seine vielf\u00e4ltigen St\u00e4dte und Ortschaften&#8230;&#8230; <a href=\"http:\/\/www.urlaubcornwall.de\/reiseziel\/sussex.php\">[Mehr]<\/a><\/p>\n<h2 style=\"text-align: center;\">Dorset: Eine der geschichtstr\u00e4chtigsten Grafschaften Englands<\/h2>\n<p style=\"text-align: center;\">Die Grafschaft Dorset begeistert mit ihrer Sch\u00f6nheit, ihren Kontrasten und der atemberaubenden Landschaft. Dorset liegt im S\u00fcden Englands am Meer und seine K\u00fcstenlinie&#8230;.. <a href=\"http:\/\/www.urlaubcornwall.de\/reiseziel\/dorset.php\">[Mehr]<\/a><\/p>\n<h2 style=\"text-align: center;\">Urlaub &amp; Reisen in Devon<\/h2>\n<p style=\"text-align: center;\">Devon liegt in S\u00fcdwestengland und ist die einzige Grafschaft, die zwei v\u00f6llig voneinander getrennte K\u00fcstenlinien besitzt, n\u00e4mlich Norddevon und S\u00fcddevon, die sich beide durch wundersch\u00f6ne Sandstr\u00e4nde ausweisen&#8230;.. <a href=\"http:\/\/www.urlaubcornwall.de\/reiseziel\/devon.php\">[Mehr]<\/a><\/p>\n<h2 style=\"text-align: center;\">Cornwall: Ihr Traumurlaub beginnt hier!<\/h2>\n<p style=\"text-align: center;\">Cornwall ist unter deutschen Urlaubern das beliebteste Reiseziel in England und Gro\u00dfbritannien. Das ist auch kein Wunder, denn Cornwall hat alle Zutaten, die man f\u00fcr einen perfekten Urlaub braucht&#8230;.. <a href=\"http:\/\/www.urlaubcornwall.de\/reiseziel\/cornwall.php\">[Mehr]<\/a><\/p>\n<h1 style=\"text-align: center;\"><strong>Bei uns finden Sie Ferienh\u00e4user zum Verlieben \u2013 so einfach ist das!<\/strong><\/h1>\n<p style=\"text-align: center;\">UrlaubCornwall.de hat eine einzigartige Sammlung pers\u00f6nlich inspizierter Ferienh\u00e4user und Ferienwohnungen in Cornwall, <a href=\"https:\/\/www.urlaubcornwall.de\/ferienhaueser\/suedengland.php\">S\u00fcdengland<\/a> und nun auch im gesamten Gro\u00dfbritannien.<\/p>\n<p style=\"text-align: center;\"><a href=\"https:\/\/www.urlaubcornwall.de\/ferienhaeuser.php\">Suche Ferienh\u00e4user in S\u00fcdengland &gt;&gt;<\/a><\/p>\n<p style=\"text-align: center;\">\n<img loading=\"lazy\" class=\"aligncenter size-full wp-image-24644\" src=\"https:\/\/www.urlaubcornwall.de\/blog\/wp-content\/uploads\/2016\/06\/urlaub-und-sudengland_logo-final.jpg\" alt=\"\" height=\"380\" width=\"744\"\/><\/p>\n<h2 style=\"text-align: center;\">Unser Rundreisenservice<\/h2>\n<p style=\"text-align: center;\"><a href=\"http:\/\/www.urlaubcornwall.de\/\">UrlaubCornwall.de<\/a> ist ein in Cornwall ans\u00e4ssiges Unternehmen k\u00f6nnen wir uns mit 20 Jahren Erfahrung in der Organisation von Rundreisen durch <a href=\"https:\/\/www.urlaubcornwall.de\/blog\/reiseziel-kent\/\">Kent<\/a>, S\u00fcdwest und S\u00fcdengland r\u00fchmen.<\/p>\n","protected":false},"excerpt":{"rendered":"<p>Englands sch\u00f6nste Sehensw\u00fcrdigkeiten, Orte, St\u00e4dte und Urlaubsziele. Urlaub &amp; Reisen durch S\u00fcdengland: eine perfekte Kombination. Urlaub und Rundreisen in Kent- Garten Englands Kent, der \u2018Garten Englands\u2019, mit seinen sanft gewellten H\u00fcgeln und reichlichen Obstg\u00e4rten ist bekannt f\u00fcr seine Hopfeng\u00e4rten und Trockenh\u00e4user, wie auch eine wachsende Winzerindustrie&#8230;&#8230; [ Mehr ] Urlaub und Rundreisen in Sussex- historische [&hellip;]<\/p>\n","protected":false},"author":1,"featured_media":0,"parent":0,"menu_order":0,"comment_status":"closed","ping_status":"closed","template":"single-four.php","meta":[],"acf":[],"yoast_head":"<!-- This site is optimized with the Yoast SEO plugin v19.4 - https:\/\/yoast.com\/wordpress\/plugins\/seo\/ -->\n<title>Die besten Sehensw\u00fcrdige Orte, St\u00e4dte und Urlaubsziele im S\u00fcden Englands. - Urlaub &amp; Reisen<\/title>\n<meta name=\"robots\" content=\"index, follow, max-snippet:-1, max-image-preview:large, max-video-preview:-1\" \/>\n<link rel=\"canonical\" href=\"https:\/\/www.urlaubcornwall.de\/blog\/die-besten-sehenswuerdige-orte-staedte-und-urlaubsziele-im-sueden-englands\/\" \/>\n<meta property=\"og:locale\" content=\"en_US\" \/>\n<meta property=\"og:type\" content=\"article\" \/>\n<meta property=\"og:title\" content=\"Die besten Sehensw\u00fcrdige Orte, St\u00e4dte und Urlaubsziele im S\u00fcden Englands. - Urlaub &amp; Reisen\" \/>\n<meta property=\"og:description\" content=\"Englands sch\u00f6nste Sehensw\u00fcrdigkeiten, Orte, St\u00e4dte und Urlaubsziele. Urlaub &amp; Reisen durch S\u00fcdengland: eine perfekte Kombination. Urlaub und Rundreisen in Kent- Garten Englands Kent, der \u2018Garten Englands\u2019, mit seinen sanft gewellten H\u00fcgeln und reichlichen Obstg\u00e4rten ist bekannt f\u00fcr seine Hopfeng\u00e4rten und Trockenh\u00e4user, wie auch eine wachsende Winzerindustrie&#8230;&#8230; [ Mehr ] Urlaub und Rundreisen in Sussex- historische [&hellip;]\" \/>\n<meta property=\"og:url\" content=\"https:\/\/www.urlaubcornwall.de\/blog\/die-besten-sehenswuerdige-orte-staedte-und-urlaubsziele-im-sueden-englands\/\" \/>\n<meta property=\"og:site_name\" content=\"Urlaub &amp; Reisen\" \/>\n<meta property=\"article:modified_time\" content=\"2019-04-01T08:50:31+00:00\" \/>\n<meta property=\"og:image\" content=\"https:\/\/www.urlaubcornwall.de\/blog\/wp-content\/uploads\/2016\/06\/urlaub-ilfracombe.jpg\" \/>\n<meta name=\"twitter:card\" content=\"summary\" \/>\n<meta name=\"twitter:label1\" content=\"Est. reading time\" \/>\n\t<meta name=\"twitter:data1\" content=\"1 minute\" \/>\n<script type=\"application\/ld+json\" class=\"yoast-schema-graph\">{\"@context\":\"https:\/\/schema.org\",\"@graph\":[{\"@type\":\"WebSite\",\"@id\":\"https:\/\/www.urlaubcornwall.de\/blog\/#website\",\"url\":\"https:\/\/www.urlaubcornwall.de\/blog\/\",\"name\":\"Urlaub &amp; Reisen\",\"description\":\"Urlaub, Reisen, Cornwall und S\u00fcdengland: eine perfekte Kombination\",\"potentialAction\":[{\"@type\":\"SearchAction\",\"target\":{\"@type\":\"EntryPoint\",\"urlTemplate\":\"https:\/\/www.urlaubcornwall.de\/blog\/?s={search_term_string}\"},\"query-input\":\"required name=search_term_string\"}],\"inLanguage\":\"en-US\"},{\"@type\":\"WebPage\",\"@id\":\"https:\/\/www.urlaubcornwall.de\/blog\/die-besten-sehenswuerdige-orte-staedte-und-urlaubsziele-im-sueden-englands\/\",\"url\":\"https:\/\/www.urlaubcornwall.de\/blog\/die-besten-sehenswuerdige-orte-staedte-und-urlaubsziele-im-sueden-englands\/\",\"name\":\"Die besten Sehensw\u00fcrdige Orte, St\u00e4dte und Urlaubsziele im S\u00fcden Englands. - Urlaub &amp; Reisen\",\"isPartOf\":{\"@id\":\"https:\/\/www.urlaubcornwall.de\/blog\/#website\"},\"datePublished\":\"2016-10-24T15:49:09+00:00\",\"dateModified\":\"2019-04-01T08:50:31+00:00\",\"breadcrumb\":{\"@id\":\"https:\/\/www.urlaubcornwall.de\/blog\/die-besten-sehenswuerdige-orte-staedte-und-urlaubsziele-im-sueden-englands\/#breadcrumb\"},\"inLanguage\":\"en-US\",\"potentialAction\":[{\"@type\":\"ReadAction\",\"target\":[\"https:\/\/www.urlaubcornwall.de\/blog\/die-besten-sehenswuerdige-orte-staedte-und-urlaubsziele-im-sueden-englands\/\"]}]},{\"@type\":\"BreadcrumbList\",\"@id\":\"https:\/\/www.urlaubcornwall.de\/blog\/die-besten-sehenswuerdige-orte-staedte-und-urlaubsziele-im-sueden-englands\/#breadcrumb\",\"itemListElement\":[{\"@type\":\"ListItem\",\"position\":1,\"name\":\"Home\",\"item\":\"https:\/\/www.urlaubcornwall.de\/blog\/\"},{\"@type\":\"ListItem\",\"position\":2,\"name\":\"Die besten Sehensw\u00fcrdige Orte, St\u00e4dte und Urlaubsziele im S\u00fcden Englands.\"}]}]}<\/script>\n<!-- \/ Yoast SEO plugin. -->","yoast_head_json":{"title":"Die besten Sehensw\u00fcrdige Orte, St\u00e4dte und Urlaubsziele im S\u00fcden Englands. - Urlaub &amp; Reisen","robots":{"index":"index","follow":"follow","max-snippet":"max-snippet:-1","max-image-preview":"max-image-preview:large","max-video-preview":"max-video-preview:-1"},"canonical":"https:\/\/www.urlaubcornwall.de\/blog\/die-besten-sehenswuerdige-orte-staedte-und-urlaubsziele-im-sueden-englands\/","og_locale":"en_US","og_type":"article","og_title":"Die besten Sehensw\u00fcrdige Orte, St\u00e4dte und Urlaubsziele im S\u00fcden Englands. - Urlaub &amp; Reisen","og_description":"Englands sch\u00f6nste Sehensw\u00fcrdigkeiten, Orte, St\u00e4dte und Urlaubsziele. Urlaub &amp; Reisen durch S\u00fcdengland: eine perfekte Kombination. Urlaub und Rundreisen in Kent- Garten Englands Kent, der \u2018Garten Englands\u2019, mit seinen sanft gewellten H\u00fcgeln und reichlichen Obstg\u00e4rten ist bekannt f\u00fcr seine Hopfeng\u00e4rten und Trockenh\u00e4user, wie auch eine wachsende Winzerindustrie&#8230;&#8230; [ Mehr ] Urlaub und Rundreisen in Sussex- historische [&hellip;]","og_url":"https:\/\/www.urlaubcornwall.de\/blog\/die-besten-sehenswuerdige-orte-staedte-und-urlaubsziele-im-sueden-englands\/","og_site_name":"Urlaub &amp; Reisen","article_modified_time":"2019-04-01T08:50:31+00:00","og_image":[{"url":"https:\/\/www.urlaubcornwall.de\/blog\/wp-content\/uploads\/2016\/06\/urlaub-ilfracombe.jpg"}],"twitter_card":"summary","twitter_misc":{"Est. reading time":"1 minute"},"schema":{"@context":"https:\/\/schema.org","@graph":[{"@type":"WebSite","@id":"https:\/\/www.urlaubcornwall.de\/blog\/#website","url":"https:\/\/www.urlaubcornwall.de\/blog\/","name":"Urlaub &amp; Reisen","description":"Urlaub, Reisen, Cornwall und S\u00fcdengland: eine perfekte Kombination","potentialAction":[{"@type":"SearchAction","target":{"@type":"EntryPoint","urlTemplate":"https:\/\/www.urlaubcornwall.de\/blog\/?s={search_term_string}"},"query-input":"required name=search_term_string"}],"inLanguage":"en-US"},{"@type":"WebPage","@id":"https:\/\/www.urlaubcornwall.de\/blog\/die-besten-sehenswuerdige-orte-staedte-und-urlaubsziele-im-sueden-englands\/","url":"https:\/\/www.urlaubcornwall.de\/blog\/die-besten-sehenswuerdige-orte-staedte-und-urlaubsziele-im-sueden-englands\/","name":"Die besten Sehensw\u00fcrdige Orte, St\u00e4dte und Urlaubsziele im S\u00fcden Englands. - Urlaub &amp; Reisen","isPartOf":{"@id":"https:\/\/www.urlaubcornwall.de\/blog\/#website"},"datePublished":"2016-10-24T15:49:09+00:00","dateModified":"2019-04-01T08:50:31+00:00","breadcrumb":{"@id":"https:\/\/www.urlaubcornwall.de\/blog\/die-besten-sehenswuerdige-orte-staedte-und-urlaubsziele-im-sueden-englands\/#breadcrumb"},"inLanguage":"en-US","potentialAction":[{"@type":"ReadAction","target":["https:\/\/www.urlaubcornwall.de\/blog\/die-besten-sehenswuerdige-orte-staedte-und-urlaubsziele-im-sueden-englands\/"]}]},{"@type":"BreadcrumbList","@id":"https:\/\/www.urlaubcornwall.de\/blog\/die-besten-sehenswuerdige-orte-staedte-und-urlaubsziele-im-sueden-englands\/#breadcrumb","itemListElement":[{"@type":"ListItem","position":1,"name":"Home","item":"https:\/\/www.urlaubcornwall.de\/blog\/"},{"@type":"ListItem","position":2,"name":"Die besten Sehensw\u00fcrdige Orte, St\u00e4dte und Urlaubsziele im S\u00fcden Englands."}]}]}},"_links":{"self":[{"href":"https:\/\/www.urlaubcornwall.de\/blog\/wp-json\/wp\/v2\/pages\/25130"}],"collection":[{"href":"https:\/\/www.urlaubcornwall.de\/blog\/wp-json\/wp\/v2\/pages"}],"about":[{"href":"https:\/\/www.urlaubcornwall.de\/blog\/wp-json\/wp\/v2\/types\/page"}],"author":[{"embeddable":true,"href":"https:\/\/www.urlaubcornwall.de\/blog\/wp-json\/wp\/v2\/users\/1"}],"replies":[{"embeddable":true,"href":"https:\/\/www.urlaubcornwall.de\/blog\/wp-json\/wp\/v2\/comments?post=25130"}],"version-history":[{"count":7,"href":"https:\/\/www.urlaubcornwall.de\/blog\/wp-json\/wp\/v2\/pages\/25130\/revisions"}],"predecessor-version":[{"id":36932,"href":"https:\/\/www.urlaubcornwall.de\/blog\/wp-json\/wp\/v2\/pages\/25130\/revisions\/36932"}],"wp:attachment":[{"href":"https:\/\/www.urlaubcornwall.de\/blog\/wp-json\/wp\/v2\/media?parent=25130"}],"curies":[{"name":"wp","href":"https:\/\/api.w.org\/{rel}","templated":true}]}}