{"id":25128,"date":"2016-10-23T14:04:18","date_gmt":"2016-10-23T14:04:18","guid":{"rendered":"https:\/\/www.urlaubcornwall.de\/blog\/?page_id=25128"},"modified":"2024-05-28T13:53:31","modified_gmt":"2024-05-28T13:53:31","slug":"urlaub-in-oxford-unterkunft-sehenswuerdigkeiten-und-geschichte","status":"publish","type":"page","link":"https:\/\/www.urlaubcornwall.de\/blog\/urlaub-in-oxford-unterkunft-sehenswuerdigkeiten-und-geschichte\/","title":{"rendered":"Urlaub in Oxford: Unterkunft, Sehensw\u00fcrdigkeiten und Geschichte"},"content":{"rendered":"<p><a href=\"https:\/\/www.urlaubcornwall.de\/blog\/wp-content\/uploads\/2024\/03\/oxford.jpg\"><img loading=\"lazy\" src=\"https:\/\/www.urlaubcornwall.de\/blog\/wp-content\/uploads\/2024\/03\/oxford.jpg\" alt=\"oxford\" width=\"750\" height=\"431\" class=\"alignnone size-full wp-image-47819\" srcset=\"https:\/\/www.urlaubcornwall.de\/blog\/wp-content\/uploads\/2024\/03\/oxford.jpg 750w, https:\/\/www.urlaubcornwall.de\/blog\/wp-content\/uploads\/2024\/03\/oxford-300x172.jpg 300w\" sizes=\"(max-width: 750px) 100vw, 750px\" \/><\/a><\/p>\n<p>Die Stadt Oxford wird dominiert von ihrer Universit\u00e4t; <a href=\"https:\/\/www.urlaubcornwall.de\/ferienhaeuser-fewos\/eng\/oxfordshire\/oxfordshire.html\">die Universit\u00e4t Oxford<\/a> soll eine der besten der Welt sein und die \u00e4lteste in der englischsprachigen Welt. Die Universit\u00e4t wird erstmals erw\u00e4hnt in Aufzeichnungen des 12. Jahrhunderts, und heute besteht die Oxford Universit\u00e4t aus mehr als 40 Colleges in der ganzen Stadt. Einige der Geb\u00e4ude sind historisch und herrlich, wie die Bodleian Bibliothek aus dem 16. Jahrhundert, die sich anschlie\u00dfende mittelalterliche Divinity School und das Wren\u2019s Sheldonian Theater.&nbsp; Unter den spektakul\u00e4rsten Colleges befindet sich Christ Church, sein Turm, Tom Tower, wurde designt von Sir Christopher Wren und 1681-82 errichtet. Im Turm befindet sich die riesige Glocke Great Tom, die lauteste Glocke in Oxford. Sie ist Collegekapelle, sowie Oxfords Kathedrale. Sowohl Divinity School als auch das Christ Church College tauchen in den <a href=\"https:\/\/www.urlaubcornwall.de\/blog\/auf-den-spuren-van-harry-potter-urlaub-in-grossbritannien\/\">Harry Potter Filmen<\/a> auf.<\/p>\n<p><script async src=\"https:\/\/pagead2.googlesyndication.com\/pagead\/js\/adsbygoogle.js?client=ca-pub-3901089389175725\"\n     crossorigin=\"anonymous\"><\/script><br \/>\n<!-- New UC --><br \/>\n<ins class=\"adsbygoogle\"\n     style=\"display:block\"\n     data-ad-client=\"ca-pub-3901089389175725\"\n     data-ad-slot=\"8080314818\"\n     data-ad-format=\"auto\"\n     data-full-width-responsive=\"true\"><\/ins><br \/>\n<script>\n     (adsbygoogle = window.adsbygoogle || []).push({});\n<\/script><\/p>\n<p>Es gibt ausgezeichnete gef\u00fchrte Touren durch Oxford, w\u00e4hrend derer das Stadtzentrum und die Geb\u00e4ude der Universit\u00e4t besucht werden; es gibt auch Thementouren auf den Spuren von Harry Potter oder der Geb\u00e4ude und Wiesen, die Lewis Carroll dazu inspirierten, \u2018Alice im Wunderland\u2019 zu schreiben. Statt zu wandern, gibt es auch Fahrten mit dem offenen Doppeldeckerbus, die ungef\u00e4hr 60 Minuten dauern oder die M\u00f6glichkeit, ein Boot oder einen Kahn zu mieten f\u00fcr eine gem\u00fctliche Fahrt entlang des Flusses Thames. Das Stadtzentrum Oxford ist recht klein, doch gibt es eine Menge Shops, Restaurants und mehrere Theater; die historischen Geb\u00e4ude machen es zu einem beliebten Filmort f\u00fcr Filmproduzenten.<\/p>\n<div class=\"snippet\"> <a class=\"featured-item\" href=\"https:\/\/www.urlaubcornwall.de\/ferienhaeuser\/suedengland.php\"> <span class=\"image-holder\" style=\"background-image: url('https:\/\/www.urlaubcornwall.de\/blog\/wp-content\/uploads\/2024\/03\/ferienhaus-england-cornwall.jpg');\"><\/span> <span class=\"featured-content\"> \n<h2 class=\"featured-title\">Ferienh\u00e4user in S\u00fcdengland<\/h2>\n<p class=\"featured-body\">Bei uns finden Sie Ferienh\u00e4user zum Verlieben &#8211; so einfach ist das! Dank seiner langen Geschichte, der reizvollen Landschaften und seinen vielen Attraktionen ist S\u00fcdengland ein wahres Mekka f\u00fcr Urlauber&#8230;..<\/p><\/span> <span class=\"featured-link-holder\"> <span class=\"featured-extra-info\"> \n<p>Pers\u00f6nlich inspizierter Ferienh\u00e4user<\/p>\n<\/span> \n<p class=\"featured-link\">DETAILS<\/p>\n<\/span> <\/a><\/div>\n<p>Das Ashmolean Museum ist das \u00e4lteste Universit\u00e4tsmuseum der Welt; es wurde 1678-1683 erbaut, um die Kuriosit\u00e4ten zu beherbergen, die Elias Ashmole 1677 der Universit\u00e4t vermachte. Die Sammlungen im Museum sind au\u00dferordentlich vielf\u00e4ltig, von \u00e4gyptischen Mumien bis hin zu zeitgen\u00f6ssischer Kunst, einschlie\u00dflich der weltgr\u00f6\u00dften Sammlung an Raphael Zeichnungen, hervorragenden angels\u00e4chsischen Sch\u00e4tzen und der besten Sammlung an modernen chinesischen Gem\u00e4lden der Welt. Das Museum ist eintrittsfrei und von Dienstag bis Sonntag, sowie an Feiertagsmontagen ge\u00f6ffnet.<\/p>\n<p>Der botanische Garten der Universit\u00e4t Oxford ist der \u00e4lteste botanische Garten des &nbsp;UK, 1621 gegr\u00fcndet, um Pflanzen f\u00fcr medizinische Forschungsarbeiten zu z\u00fcchten. Er ist eines Besuches wert w\u00e4hrend einer Fahrt nach Oxford, das ganze Jahr \u00fcber ge\u00f6ffnet mit Familienpfaden und Aktivit\u00e4ten f\u00fcr die gesamte Familie.<\/p>\n<p><strong>In der N\u00e4he<\/strong><\/p>\n<p><img loading=\"lazy\" class=\"aligncenter size-full wp-image-47791\" src=\"https:\/\/www.urlaubcornwall.de\/blog\/wp-content\/uploads\/2024\/03\/blenheim-palace.jpg\" alt=\"blenheim palace\" width=\"750\" height=\"563\" srcset=\"https:\/\/www.urlaubcornwall.de\/blog\/wp-content\/uploads\/2024\/03\/blenheim-palace.jpg 750w, https:\/\/www.urlaubcornwall.de\/blog\/wp-content\/uploads\/2024\/03\/blenheim-palace-300x225.jpg 300w\" sizes=\"(max-width: 750px) 100vw, 750px\" \/><\/p>\n<p>Blenheim Palast, Woodstock, befindet sich acht Meilen von Oxford entfernt, war Geburtsst\u00e4tte von Sir Winston Churchill und ist nun eine UNESCO Weltkulturerbest\u00e4tte. Der Blenheim Palast wurde im fr\u00fchen 18. Jahrhundert erbaut und war das Zuhause des 1. Herzogs von Marlborough. Heute ist es das Zuhause des 12. Herzogs von Marlborough und seiner Familie. Eine Tour durch das Haus ist f\u00fcr Besucher ein inspirierendes Erlebnis, und die G\u00e4rten und der Park sind feinste Beispiele der Arbeit des ber\u00fchmten Landschaftdesigners Capability Brown.<\/p>\n<p>Abingdon: 9.5 km s\u00fcdlich von Oxford befindet sich die h\u00fcbsche Marktstadt Abingdon, der Marktplatz wurde gro\u00dfz\u00fcgig neu bepflastert, und unter den hervorragenden Geb\u00e4uden befindet sich die County Hall des 17. Jahrhunderts. Alles, was \u00fcbrig geblieben ist von der Abingdon Abtei, die im Jahre 675 gegr\u00fcndet wurde, ist der Torbogen aus dem 15. Jahrhundert, sowie die Lange Galerie, die freigelegt wurde von den M\u00e4nnern von Heinrich VIII. Es ist eines Besuches wert, um einen Einblick ins Klosterleben zu bekommen. Die Abteig\u00e4rten und Abteiwiesen f\u00fchren hinunter zum Abingdon Wehr am Fluss Thames. Sie k\u00f6nnen den Flussweg entlang spazieren nach Oxford oder eine Fahrt mit einem der Flusskreuzschiffe machen.<\/p>\n<p>The Vale of the White Horse: Das Tal des wei\u00dfen Pferdes verl\u00e4uft \u00f6stlich vom nahe gelegenen Swindon entlang des kleinen Flusses Ock, der bei Abingdon auf die Themse trifft. N\u00f6rdlich davon befinden sich die Berkshire Downs, wo bei Uffington in die Kreidefelsen ein wei\u00dfes Pferd eingeschnitzt ist. Man glaubt, dass das Pferd im Jahre 871AD geschnitzt wurde, um K\u00f6nig Alfreds Sieg \u00fcber die D\u00e4nen zu feiern, doch k\u00f6nnte es tats\u00e4chlich mehr als 2000 Jahre alt sein. Auf dem H\u00fcgel \u00fcber dem Pferd befindet sich Uffington Castle, eine Festung aus dem Eisenzeitalter. White Horse Hill wird vom National Trust betrieben, und es gibt gef\u00fchrte Wanderungen und herrlichen Blick von der Spitze des H\u00fcgels aus.<\/p>\n<div class=\"snippet\"> <a class=\"featured-item\" href=\"https:\/\/www.urlaubcornwall.de\/rundreisen\/cornwall-suedengland.php\"> <span class=\"image-holder\" style=\"background-image: url('https:\/\/www.urlaubcornwall.de\/blog\/wp-content\/uploads\/2019\/01\/DiTn0QVWsAIOgjG.jpg');\"><\/span> <span class=\"featured-content\"> \n<h2 class=\"featured-title\">Rundreisen Oxford &#038; S\u00fcdengland eine perfekte Kombination<\/h2>\n<p class=\"featured-body\">Die perfekte Reisem\u00f6glichkeit und erm\u00f6glicht es Ihnen, Entdeckungen zu machen und einen Urlaub im eigenen Schritttempo&#8230;.<\/p><\/span> <span class=\"featured-link-holder\"> <span class=\"featured-extra-info\"> \n<p>F\u00fcr Paare, Familien &#038; Gruppen<\/p>\n<\/span> \n<p class=\"featured-link\">DETAILS<\/p>\n<\/span> <\/a><\/div>\n<h1 style=\"text-align: center;\"><strong>Bei uns finden Sie Ferienh\u00e4user zum Verlieben \u2013 so einfach ist das!<\/strong><\/h1>\n<p style=\"text-align: center;\"><a class=\"tidycta\" href=\"https:\/\/www.urlaubcornwall.de\/ferienhaeuser-fewos\/eng\/oxfordshire\/oxfordshire.html\">Suche Ferienh\u00e4user Oxfordshire<\/a><\/p>\n<p style=\"text-align: center;\">UrlaubCornwall.de hat eine einzigartige Sammlung <a href=\"https:\/\/www.urlaubcornwall.de\/ferienhaeuser\/suedengland.php\">pers\u00f6nlich inspizierter Ferienh\u00e4user und Ferienwohnungen in England<\/a> und nun auch im gesamten Gro\u00dfbritannien.<\/p>\n<p style=\"text-align: center;\">UrlaubCornwall.de hat seinen Firmensitz in Cornwall in S\u00fcdwestengland und bietet Kunden im Deutsch sprechenden Europa Hilfe im Erstellen der perfekten Urlaubserfahrung hier. Wir haben ein Team Deutsch sprechender Experten, so dass wir eine <a href=\"https:\/\/www.urlaubcornwall.de\/rundreisen\/grossbritannien.php\">individuelle Urlaub in Gro\u00dfbritannien<\/a>.<\/p>\n","protected":false},"excerpt":{"rendered":"<p>Die Stadt Oxford wird dominiert von ihrer Universit\u00e4t; die Universit\u00e4t Oxford soll eine der besten der Welt sein und die \u00e4lteste in der englischsprachigen Welt. Die Universit\u00e4t wird erstmals erw\u00e4hnt in Aufzeichnungen des 12. Jahrhunderts, und heute besteht die Oxford Universit\u00e4t aus mehr als 40 Colleges in der ganzen Stadt. Einige der Geb\u00e4ude sind historisch [&hellip;]<\/p>\n","protected":false},"author":1,"featured_media":0,"parent":0,"menu_order":0,"comment_status":"closed","ping_status":"closed","template":"single-four.php","meta":[],"acf":[],"yoast_head":"<!-- This site is optimized with the Yoast SEO plugin v19.4 - https:\/\/yoast.com\/wordpress\/plugins\/seo\/ -->\n<title>Urlaub in Oxford: Unterkunft, Sehensw\u00fcrdigkeiten und Geschichte - Urlaub &amp; Reisen<\/title>\n<meta name=\"robots\" content=\"index, follow, max-snippet:-1, max-image-preview:large, max-video-preview:-1\" \/>\n<link rel=\"canonical\" href=\"https:\/\/www.urlaubcornwall.de\/blog\/urlaub-in-oxford-unterkunft-sehenswuerdigkeiten-und-geschichte\/\" \/>\n<meta property=\"og:locale\" content=\"en_US\" \/>\n<meta property=\"og:type\" content=\"article\" \/>\n<meta property=\"og:title\" content=\"Urlaub in Oxford: Unterkunft, Sehensw\u00fcrdigkeiten und Geschichte - Urlaub &amp; Reisen\" \/>\n<meta property=\"og:description\" content=\"Die Stadt Oxford wird dominiert von ihrer Universit\u00e4t; die Universit\u00e4t Oxford soll eine der besten der Welt sein und die \u00e4lteste in der englischsprachigen Welt. Die Universit\u00e4t wird erstmals erw\u00e4hnt in Aufzeichnungen des 12. Jahrhunderts, und heute besteht die Oxford Universit\u00e4t aus mehr als 40 Colleges in der ganzen Stadt. Einige der Geb\u00e4ude sind historisch [&hellip;]\" \/>\n<meta property=\"og:url\" content=\"https:\/\/www.urlaubcornwall.de\/blog\/urlaub-in-oxford-unterkunft-sehenswuerdigkeiten-und-geschichte\/\" \/>\n<meta property=\"og:site_name\" content=\"Urlaub &amp; Reisen\" \/>\n<meta property=\"article:modified_time\" content=\"2024-05-28T13:53:31+00:00\" \/>\n<meta property=\"og:image\" content=\"https:\/\/www.urlaubcornwall.de\/blog\/wp-content\/uploads\/2024\/03\/oxford.jpg\" \/>\n<meta name=\"twitter:card\" content=\"summary\" \/>\n<meta name=\"twitter:label1\" content=\"Est. reading time\" \/>\n\t<meta name=\"twitter:data1\" content=\"4 minutes\" \/>\n<script type=\"application\/ld+json\" class=\"yoast-schema-graph\">{\"@context\":\"https:\/\/schema.org\",\"@graph\":[{\"@type\":\"WebSite\",\"@id\":\"https:\/\/www.urlaubcornwall.de\/blog\/#website\",\"url\":\"https:\/\/www.urlaubcornwall.de\/blog\/\",\"name\":\"Urlaub &amp; Reisen\",\"description\":\"Urlaub, Reisen, Cornwall und S\u00fcdengland: eine perfekte Kombination\",\"potentialAction\":[{\"@type\":\"SearchAction\",\"target\":{\"@type\":\"EntryPoint\",\"urlTemplate\":\"https:\/\/www.urlaubcornwall.de\/blog\/?s={search_term_string}\"},\"query-input\":\"required name=search_term_string\"}],\"inLanguage\":\"en-US\"},{\"@type\":\"WebPage\",\"@id\":\"https:\/\/www.urlaubcornwall.de\/blog\/urlaub-in-oxford-unterkunft-sehenswuerdigkeiten-und-geschichte\/\",\"url\":\"https:\/\/www.urlaubcornwall.de\/blog\/urlaub-in-oxford-unterkunft-sehenswuerdigkeiten-und-geschichte\/\",\"name\":\"Urlaub in Oxford: Unterkunft, Sehensw\u00fcrdigkeiten und Geschichte - Urlaub &amp; Reisen\",\"isPartOf\":{\"@id\":\"https:\/\/www.urlaubcornwall.de\/blog\/#website\"},\"datePublished\":\"2016-10-23T14:04:18+00:00\",\"dateModified\":\"2024-05-28T13:53:31+00:00\",\"breadcrumb\":{\"@id\":\"https:\/\/www.urlaubcornwall.de\/blog\/urlaub-in-oxford-unterkunft-sehenswuerdigkeiten-und-geschichte\/#breadcrumb\"},\"inLanguage\":\"en-US\",\"potentialAction\":[{\"@type\":\"ReadAction\",\"target\":[\"https:\/\/www.urlaubcornwall.de\/blog\/urlaub-in-oxford-unterkunft-sehenswuerdigkeiten-und-geschichte\/\"]}]},{\"@type\":\"BreadcrumbList\",\"@id\":\"https:\/\/www.urlaubcornwall.de\/blog\/urlaub-in-oxford-unterkunft-sehenswuerdigkeiten-und-geschichte\/#breadcrumb\",\"itemListElement\":[{\"@type\":\"ListItem\",\"position\":1,\"name\":\"Home\",\"item\":\"https:\/\/www.urlaubcornwall.de\/blog\/\"},{\"@type\":\"ListItem\",\"position\":2,\"name\":\"Urlaub in Oxford: Unterkunft, Sehensw\u00fcrdigkeiten und Geschichte\"}]}]}<\/script>\n<!-- \/ Yoast SEO plugin. -->","yoast_head_json":{"title":"Urlaub in Oxford: Unterkunft, Sehensw\u00fcrdigkeiten und Geschichte - Urlaub &amp; Reisen","robots":{"index":"index","follow":"follow","max-snippet":"max-snippet:-1","max-image-preview":"max-image-preview:large","max-video-preview":"max-video-preview:-1"},"canonical":"https:\/\/www.urlaubcornwall.de\/blog\/urlaub-in-oxford-unterkunft-sehenswuerdigkeiten-und-geschichte\/","og_locale":"en_US","og_type":"article","og_title":"Urlaub in Oxford: Unterkunft, Sehensw\u00fcrdigkeiten und Geschichte - Urlaub &amp; Reisen","og_description":"Die Stadt Oxford wird dominiert von ihrer Universit\u00e4t; die Universit\u00e4t Oxford soll eine der besten der Welt sein und die \u00e4lteste in der englischsprachigen Welt. Die Universit\u00e4t wird erstmals erw\u00e4hnt in Aufzeichnungen des 12. Jahrhunderts, und heute besteht die Oxford Universit\u00e4t aus mehr als 40 Colleges in der ganzen Stadt. Einige der Geb\u00e4ude sind historisch [&hellip;]","og_url":"https:\/\/www.urlaubcornwall.de\/blog\/urlaub-in-oxford-unterkunft-sehenswuerdigkeiten-und-geschichte\/","og_site_name":"Urlaub &amp; Reisen","article_modified_time":"2024-05-28T13:53:31+00:00","og_image":[{"url":"https:\/\/www.urlaubcornwall.de\/blog\/wp-content\/uploads\/2024\/03\/oxford.jpg"}],"twitter_card":"summary","twitter_misc":{"Est. reading time":"4 minutes"},"schema":{"@context":"https:\/\/schema.org","@graph":[{"@type":"WebSite","@id":"https:\/\/www.urlaubcornwall.de\/blog\/#website","url":"https:\/\/www.urlaubcornwall.de\/blog\/","name":"Urlaub &amp; Reisen","description":"Urlaub, Reisen, Cornwall und S\u00fcdengland: eine perfekte Kombination","potentialAction":[{"@type":"SearchAction","target":{"@type":"EntryPoint","urlTemplate":"https:\/\/www.urlaubcornwall.de\/blog\/?s={search_term_string}"},"query-input":"required name=search_term_string"}],"inLanguage":"en-US"},{"@type":"WebPage","@id":"https:\/\/www.urlaubcornwall.de\/blog\/urlaub-in-oxford-unterkunft-sehenswuerdigkeiten-und-geschichte\/","url":"https:\/\/www.urlaubcornwall.de\/blog\/urlaub-in-oxford-unterkunft-sehenswuerdigkeiten-und-geschichte\/","name":"Urlaub in Oxford: Unterkunft, Sehensw\u00fcrdigkeiten und Geschichte - Urlaub &amp; Reisen","isPartOf":{"@id":"https:\/\/www.urlaubcornwall.de\/blog\/#website"},"datePublished":"2016-10-23T14:04:18+00:00","dateModified":"2024-05-28T13:53:31+00:00","breadcrumb":{"@id":"https:\/\/www.urlaubcornwall.de\/blog\/urlaub-in-oxford-unterkunft-sehenswuerdigkeiten-und-geschichte\/#breadcrumb"},"inLanguage":"en-US","potentialAction":[{"@type":"ReadAction","target":["https:\/\/www.urlaubcornwall.de\/blog\/urlaub-in-oxford-unterkunft-sehenswuerdigkeiten-und-geschichte\/"]}]},{"@type":"BreadcrumbList","@id":"https:\/\/www.urlaubcornwall.de\/blog\/urlaub-in-oxford-unterkunft-sehenswuerdigkeiten-und-geschichte\/#breadcrumb","itemListElement":[{"@type":"ListItem","position":1,"name":"Home","item":"https:\/\/www.urlaubcornwall.de\/blog\/"},{"@type":"ListItem","position":2,"name":"Urlaub in Oxford: Unterkunft, Sehensw\u00fcrdigkeiten und Geschichte"}]}]}},"_links":{"self":[{"href":"https:\/\/www.urlaubcornwall.de\/blog\/wp-json\/wp\/v2\/pages\/25128"}],"collection":[{"href":"https:\/\/www.urlaubcornwall.de\/blog\/wp-json\/wp\/v2\/pages"}],"about":[{"href":"https:\/\/www.urlaubcornwall.de\/blog\/wp-json\/wp\/v2\/types\/page"}],"author":[{"embeddable":true,"href":"https:\/\/www.urlaubcornwall.de\/blog\/wp-json\/wp\/v2\/users\/1"}],"replies":[{"embeddable":true,"href":"https:\/\/www.urlaubcornwall.de\/blog\/wp-json\/wp\/v2\/comments?post=25128"}],"version-history":[{"count":12,"href":"https:\/\/www.urlaubcornwall.de\/blog\/wp-json\/wp\/v2\/pages\/25128\/revisions"}],"predecessor-version":[{"id":50420,"href":"https:\/\/www.urlaubcornwall.de\/blog\/wp-json\/wp\/v2\/pages\/25128\/revisions\/50420"}],"wp:attachment":[{"href":"https:\/\/www.urlaubcornwall.de\/blog\/wp-json\/wp\/v2\/media?parent=25128"}],"curies":[{"name":"wp","href":"https:\/\/api.w.org\/{rel}","templated":true}]}}