{"id":25118,"date":"2016-10-23T13:17:29","date_gmt":"2016-10-23T13:17:29","guid":{"rendered":"https:\/\/www.urlaubcornwall.de\/blog\/?page_id=25118"},"modified":"2024-05-29T13:52:29","modified_gmt":"2024-05-29T13:52:29","slug":"urlaub-portsmouth-unterkunft-sehenswuerdigkeiten-und-geschichte","status":"publish","type":"page","link":"https:\/\/www.urlaubcornwall.de\/blog\/urlaub-portsmouth-unterkunft-sehenswuerdigkeiten-und-geschichte\/","title":{"rendered":"Urlaub Portsmouth: Unterkunft, Sehensw\u00fcrdigkeiten und Geschichte"},"content":{"rendered":"<p><a href=\"https:\/\/www.urlaubcornwall.de\/blog\/wp-content\/uploads\/2024\/05\/Portsmouth.jpg\"><img loading=\"lazy\" src=\"https:\/\/www.urlaubcornwall.de\/blog\/wp-content\/uploads\/2024\/05\/Portsmouth.jpg\" alt=\"Portsmouth\" width=\"750\" height=\"497\" class=\"alignnone size-full wp-image-50675\" srcset=\"https:\/\/www.urlaubcornwall.de\/blog\/wp-content\/uploads\/2024\/05\/Portsmouth.jpg 750w, https:\/\/www.urlaubcornwall.de\/blog\/wp-content\/uploads\/2024\/05\/Portsmouth-300x199.jpg 300w\" sizes=\"(max-width: 750px) 100vw, 750px\" \/><\/a><br \/>\nPortsmouth an der <a href=\"http:\/\/www.urlaubcornwall.de\/reiseziel\/suedkueste-england.php\">S\u00fcdk\u00fcste von Hampshire<\/a> ist die einzige gro\u00dfe Stadt des UK, die auf einer Insel errichtet wurde. Portsea Island ist verbunden mit dem Festland \u00fcber Stra\u00dfenbr\u00fccken, eine Eisenbahnbr\u00fccke und Fu\u00dfg\u00e4ngerbr\u00fccken. Portsmouth ist wohl bekannt f\u00fcr sein Seefahrtserbe und seine historische Werft. Von Portsmouth aus fahren F\u00e4hren zur Isle of Wight, nach Frankreich, Spanien und die Channel Islands.<\/p>\n<p>Die historische Werft befindet sich in der noch immer arbeitenden Marinebasis von Portsmouth. Sie bietet sich als gro\u00dfartiger Familienausflugstag an; hier sehen Sie eine fantastische Sammlung an Attraktionen, historischer Schiffe und Museen. Die Mary Rose, das Tudor-Kriegsschiff von Heinrich VIII, die HMS Victory, Nelsons Schiff, das f\u00fcr seine Beteiligung in der Schlacht von Trafalgar bekannt ist und HMS Warrior 1860, Britanniens erstes eisenverschaltes und gepanzertes Kriegsschiff, das der Stolz von K\u00f6nigin Viktorias Flotte war. Diese 3 Schiffe sind das ganze Jahr \u00fcber, au\u00dfer an Weihnachten, der \u00d6ffentlichkeit zug\u00e4nglich. Neben den Schiffen und Museen, k\u00f6nnen Sie auch auf eine 45min\u00fctige Tour um den Hafen herum gehen.<br \/>\n<a href=\"https:\/\/www.urlaubcornwall.de\/blog\/wp-content\/uploads\/2024\/05\/Portsmouth-hafen.jpg\"><img loading=\"lazy\" src=\"https:\/\/www.urlaubcornwall.de\/blog\/wp-content\/uploads\/2024\/05\/Portsmouth-hafen.jpg\" alt=\"Portsmouth hafen\" width=\"750\" height=\"499\" class=\"alignnone size-full wp-image-50674\" srcset=\"https:\/\/www.urlaubcornwall.de\/blog\/wp-content\/uploads\/2024\/05\/Portsmouth-hafen.jpg 750w, https:\/\/www.urlaubcornwall.de\/blog\/wp-content\/uploads\/2024\/05\/Portsmouth-hafen-300x200.jpg 300w\" sizes=\"(max-width: 750px) 100vw, 750px\" \/><\/a><br \/>\nSpinnaker Tower: Wegen des fantastischen Blicks \u00fcber die <a href=\"https:\/\/www.urlaubcornwall.de\/ferienhaeuser-fewos\/eng\/hampshire\/hampshire.html\">K\u00fcste und Landschaft von Portsmouth<\/a> herum, gehen Sie hoch zur Spitze des 170m hohen Spinnaker Turms. Das ganze Jahr \u00fcber ge\u00f6ffnet, ist dies Britanniens bester Aussichtsturm; mit einem Caf\u00e9 105m \u00fcber dem Hafen und einer Aussichtsplattform im Freien an der Spitze.<\/p>\n<div class=\"snippet\"> <a class=\"featured-item\" href=\"https:\/\/www.urlaubcornwall.de\/ferienhaeuser\/suedengland.php\"> <span class=\"image-holder\" style=\"background-image: url('https:\/\/www.urlaubcornwall.de\/blog\/wp-content\/uploads\/2024\/03\/ferienhaus-england-cornwall.jpg');\"><\/span> <span class=\"featured-content\"> \n<h2 class=\"featured-title\">Ferienh\u00e4user in S\u00fcdengland<\/h2>\n<p class=\"featured-body\">Bei uns finden Sie Ferienh\u00e4user zum Verlieben &#8211; so einfach ist das! Dank seiner langen Geschichte, der reizvollen Landschaften und seinen vielen Attraktionen ist S\u00fcdengland ein wahres Mekka f\u00fcr Urlauber&#8230;..<\/p><\/span> <span class=\"featured-link-holder\"> <span class=\"featured-extra-info\"> \n<p>Pers\u00f6nlich inspizierter Ferienh\u00e4user<\/p>\n<\/span> \n<p class=\"featured-link\">DETAILS<\/p>\n<\/span> <\/a><\/div>\n<p>Gunwharf Quay: Um einzukaufen, ist der Gunwharf Quay unschlagbar mit mehr als 90 Einkaufsgesch\u00e4ften, Restaurants, einem Kino mit mehreren Bildschirmen, einer Kegelbahn und einem Casino gibt es hier etwas f\u00fcr die gesamte Familie.<\/p>\n<p>Southsea Castle: Schloss Southsea wurde 1544 von Heinrich VIII errichtet, um die S\u00fcdk\u00fcste Englands zu sch\u00fctzen, es ist kostenfrei und von M\u00e4rz bis Oktober der \u00d6ffentlichkeit zug\u00e4nglich mit einem h\u00fcbschen Caf\u00e9 und kleiner Brauerei.<\/p>\n<p><script async src=\"https:\/\/pagead2.googlesyndication.com\/pagead\/js\/adsbygoogle.js?client=ca-pub-3901089389175725\"\n     crossorigin=\"anonymous\"><\/script><br \/>\n<!-- New UC --><br \/>\n<ins class=\"adsbygoogle\"\n     style=\"display:block\"\n     data-ad-client=\"ca-pub-3901089389175725\"\n     data-ad-slot=\"8080314818\"\n     data-ad-format=\"auto\"\n     data-full-width-responsive=\"true\"><\/ins><br \/>\n<script>\n     (adsbygoogle = window.adsbygoogle || []).push({});\n<\/script><\/p>\n<p>Charles Dickens Geburtsortsmuseum: Der ber\u00fchmte Schriftsteller Charles Dickens wurde 1812 in Portsmouth geboren. Das Reihenhaus, wo er geboren wurde, ist nun Museum und wurde wundersch\u00f6n restauriert, um zu zeigen, wie es einst war, als er hier lebte. Es ist von M\u00e4rz bis September ge\u00f6ffnet und Kinder unter 17 Jahren haben freien Zugang.<\/p>\n<p>Porchester Castle: Schloss Porchester ist eine mittelalterliche Burg, die \u00fcber lange Zeit hinweg den nat\u00fcrlichen Hafen von Portsmouth kontrollierte von ihrer Befehlsstellung \u00fcber dem Solent aus. Heute befindet sich die Burg im Besitz von English Heritage und sorgt f\u00fcr einen heiteren und historischen Tagesausflug f\u00fcr die gesamte Familie.<\/p>\n<div class=\"snippet\"> <a class=\"featured-item\" href=\"https:\/\/www.urlaubcornwall.de\/rundreisen\/cornwall-suedengland.php\"> <span class=\"image-holder\" style=\"background-image: url('https:\/\/www.urlaubcornwall.de\/blog\/wp-content\/uploads\/2019\/01\/DiTn0QVWsAIOgjG.jpg');\"><\/span> <span class=\"featured-content\"> \n<h2 class=\"featured-title\">Rundreisen &#038; Urlaub in S\u00fcdengland eine perfekte Kombination<\/h2>\n<p class=\"featured-body\">Die perfekte Reisem\u00f6glichkeit und erm\u00f6glicht es Ihnen, Entdeckungen zu machen und einen Urlaub im eigenen Schritttempo&#8230;.<\/p><\/span> <span class=\"featured-link-holder\"> <span class=\"featured-extra-info\"> \n<p>F\u00fcr Paare, Familien &#038; Gruppen<\/p>\n<\/span> \n<p class=\"featured-link\">DETAILS<\/p>\n<\/span> <\/a><\/div>\n<p style=\"text-align: center;\">UrlaubCornwall.de hat seinen Firmensitz in Cornwall in S\u00fcdwestengland und bietet Kunden im Deutsch sprechenden Europa Hilfe im Erstellen der perfekten Urlaubserfahrung hier. Wir haben ein Team Deutsch sprechender Experten, so dass wir eine <a href=\"https:\/\/www.urlaubcornwall.de\/rundreisen\/grossbritannien.php\">individuelle Urlaub in Gro\u00dfbritannien<\/a>.<\/p>\n\n","protected":false},"excerpt":{"rendered":"<p>Portsmouth an der S\u00fcdk\u00fcste von Hampshire ist die einzige gro\u00dfe Stadt des UK, die auf einer Insel errichtet wurde. Portsea Island ist verbunden mit dem Festland \u00fcber Stra\u00dfenbr\u00fccken, eine Eisenbahnbr\u00fccke und Fu\u00dfg\u00e4ngerbr\u00fccken. Portsmouth ist wohl bekannt f\u00fcr sein Seefahrtserbe und seine historische Werft. Von Portsmouth aus fahren F\u00e4hren zur Isle of Wight, nach Frankreich, Spanien [&hellip;]<\/p>\n","protected":false},"author":1,"featured_media":0,"parent":0,"menu_order":0,"comment_status":"closed","ping_status":"closed","template":"single-four.php","meta":{"_bos_mb_destination":[""]},"acf":[],"yoast_head":"<!-- This site is optimized with the Yoast SEO plugin v19.4 - https:\/\/yoast.com\/wordpress\/plugins\/seo\/ -->\n<title>Urlaub Portsmouth: Unterkunft, Sehensw\u00fcrdigkeiten und Geschichte - Urlaub &amp; Reisen<\/title>\n<meta name=\"robots\" content=\"index, follow, max-snippet:-1, max-image-preview:large, max-video-preview:-1\" \/>\n<link rel=\"canonical\" href=\"https:\/\/www.urlaubcornwall.de\/blog\/urlaub-portsmouth-unterkunft-sehenswuerdigkeiten-und-geschichte\/\" \/>\n<meta property=\"og:locale\" content=\"en_US\" \/>\n<meta property=\"og:type\" content=\"article\" \/>\n<meta property=\"og:title\" content=\"Urlaub Portsmouth: Unterkunft, Sehensw\u00fcrdigkeiten und Geschichte - Urlaub &amp; Reisen\" \/>\n<meta property=\"og:description\" content=\"Portsmouth an der S\u00fcdk\u00fcste von Hampshire ist die einzige gro\u00dfe Stadt des UK, die auf einer Insel errichtet wurde. Portsea Island ist verbunden mit dem Festland \u00fcber Stra\u00dfenbr\u00fccken, eine Eisenbahnbr\u00fccke und Fu\u00dfg\u00e4ngerbr\u00fccken. Portsmouth ist wohl bekannt f\u00fcr sein Seefahrtserbe und seine historische Werft. Von Portsmouth aus fahren F\u00e4hren zur Isle of Wight, nach Frankreich, Spanien [&hellip;]\" \/>\n<meta property=\"og:url\" content=\"https:\/\/www.urlaubcornwall.de\/blog\/urlaub-portsmouth-unterkunft-sehenswuerdigkeiten-und-geschichte\/\" \/>\n<meta property=\"og:site_name\" content=\"Urlaub &amp; Reisen\" \/>\n<meta property=\"article:modified_time\" content=\"2024-05-29T13:52:29+00:00\" \/>\n<meta property=\"og:image\" content=\"https:\/\/www.urlaubcornwall.de\/blog\/wp-content\/uploads\/2024\/05\/Portsmouth.jpg\" \/>\n<meta name=\"twitter:card\" content=\"summary\" \/>\n<meta name=\"twitter:label1\" content=\"Est. reading time\" \/>\n\t<meta name=\"twitter:data1\" content=\"3 minutes\" \/>\n<script type=\"application\/ld+json\" class=\"yoast-schema-graph\">{\"@context\":\"https:\/\/schema.org\",\"@graph\":[{\"@type\":\"WebSite\",\"@id\":\"https:\/\/www.urlaubcornwall.de\/blog\/#website\",\"url\":\"https:\/\/www.urlaubcornwall.de\/blog\/\",\"name\":\"Urlaub &amp; Reisen\",\"description\":\"Urlaub, Reisen, Cornwall und S\u00fcdengland: eine perfekte Kombination\",\"potentialAction\":[{\"@type\":\"SearchAction\",\"target\":{\"@type\":\"EntryPoint\",\"urlTemplate\":\"https:\/\/www.urlaubcornwall.de\/blog\/?s={search_term_string}\"},\"query-input\":\"required name=search_term_string\"}],\"inLanguage\":\"en-US\"},{\"@type\":\"WebPage\",\"@id\":\"https:\/\/www.urlaubcornwall.de\/blog\/urlaub-portsmouth-unterkunft-sehenswuerdigkeiten-und-geschichte\/\",\"url\":\"https:\/\/www.urlaubcornwall.de\/blog\/urlaub-portsmouth-unterkunft-sehenswuerdigkeiten-und-geschichte\/\",\"name\":\"Urlaub Portsmouth: Unterkunft, Sehensw\u00fcrdigkeiten und Geschichte - Urlaub &amp; Reisen\",\"isPartOf\":{\"@id\":\"https:\/\/www.urlaubcornwall.de\/blog\/#website\"},\"datePublished\":\"2016-10-23T13:17:29+00:00\",\"dateModified\":\"2024-05-29T13:52:29+00:00\",\"breadcrumb\":{\"@id\":\"https:\/\/www.urlaubcornwall.de\/blog\/urlaub-portsmouth-unterkunft-sehenswuerdigkeiten-und-geschichte\/#breadcrumb\"},\"inLanguage\":\"en-US\",\"potentialAction\":[{\"@type\":\"ReadAction\",\"target\":[\"https:\/\/www.urlaubcornwall.de\/blog\/urlaub-portsmouth-unterkunft-sehenswuerdigkeiten-und-geschichte\/\"]}]},{\"@type\":\"BreadcrumbList\",\"@id\":\"https:\/\/www.urlaubcornwall.de\/blog\/urlaub-portsmouth-unterkunft-sehenswuerdigkeiten-und-geschichte\/#breadcrumb\",\"itemListElement\":[{\"@type\":\"ListItem\",\"position\":1,\"name\":\"Home\",\"item\":\"https:\/\/www.urlaubcornwall.de\/blog\/\"},{\"@type\":\"ListItem\",\"position\":2,\"name\":\"Urlaub Portsmouth: Unterkunft, Sehensw\u00fcrdigkeiten und Geschichte\"}]}]}<\/script>\n<!-- \/ Yoast SEO plugin. -->","yoast_head_json":{"title":"Urlaub Portsmouth: Unterkunft, Sehensw\u00fcrdigkeiten und Geschichte - Urlaub &amp; Reisen","robots":{"index":"index","follow":"follow","max-snippet":"max-snippet:-1","max-image-preview":"max-image-preview:large","max-video-preview":"max-video-preview:-1"},"canonical":"https:\/\/www.urlaubcornwall.de\/blog\/urlaub-portsmouth-unterkunft-sehenswuerdigkeiten-und-geschichte\/","og_locale":"en_US","og_type":"article","og_title":"Urlaub Portsmouth: Unterkunft, Sehensw\u00fcrdigkeiten und Geschichte - Urlaub &amp; Reisen","og_description":"Portsmouth an der S\u00fcdk\u00fcste von Hampshire ist die einzige gro\u00dfe Stadt des UK, die auf einer Insel errichtet wurde. Portsea Island ist verbunden mit dem Festland \u00fcber Stra\u00dfenbr\u00fccken, eine Eisenbahnbr\u00fccke und Fu\u00dfg\u00e4ngerbr\u00fccken. Portsmouth ist wohl bekannt f\u00fcr sein Seefahrtserbe und seine historische Werft. Von Portsmouth aus fahren F\u00e4hren zur Isle of Wight, nach Frankreich, Spanien [&hellip;]","og_url":"https:\/\/www.urlaubcornwall.de\/blog\/urlaub-portsmouth-unterkunft-sehenswuerdigkeiten-und-geschichte\/","og_site_name":"Urlaub &amp; Reisen","article_modified_time":"2024-05-29T13:52:29+00:00","og_image":[{"url":"https:\/\/www.urlaubcornwall.de\/blog\/wp-content\/uploads\/2024\/05\/Portsmouth.jpg"}],"twitter_card":"summary","twitter_misc":{"Est. reading time":"3 minutes"},"schema":{"@context":"https:\/\/schema.org","@graph":[{"@type":"WebSite","@id":"https:\/\/www.urlaubcornwall.de\/blog\/#website","url":"https:\/\/www.urlaubcornwall.de\/blog\/","name":"Urlaub &amp; Reisen","description":"Urlaub, Reisen, Cornwall und S\u00fcdengland: eine perfekte Kombination","potentialAction":[{"@type":"SearchAction","target":{"@type":"EntryPoint","urlTemplate":"https:\/\/www.urlaubcornwall.de\/blog\/?s={search_term_string}"},"query-input":"required name=search_term_string"}],"inLanguage":"en-US"},{"@type":"WebPage","@id":"https:\/\/www.urlaubcornwall.de\/blog\/urlaub-portsmouth-unterkunft-sehenswuerdigkeiten-und-geschichte\/","url":"https:\/\/www.urlaubcornwall.de\/blog\/urlaub-portsmouth-unterkunft-sehenswuerdigkeiten-und-geschichte\/","name":"Urlaub Portsmouth: Unterkunft, Sehensw\u00fcrdigkeiten und Geschichte - Urlaub &amp; Reisen","isPartOf":{"@id":"https:\/\/www.urlaubcornwall.de\/blog\/#website"},"datePublished":"2016-10-23T13:17:29+00:00","dateModified":"2024-05-29T13:52:29+00:00","breadcrumb":{"@id":"https:\/\/www.urlaubcornwall.de\/blog\/urlaub-portsmouth-unterkunft-sehenswuerdigkeiten-und-geschichte\/#breadcrumb"},"inLanguage":"en-US","potentialAction":[{"@type":"ReadAction","target":["https:\/\/www.urlaubcornwall.de\/blog\/urlaub-portsmouth-unterkunft-sehenswuerdigkeiten-und-geschichte\/"]}]},{"@type":"BreadcrumbList","@id":"https:\/\/www.urlaubcornwall.de\/blog\/urlaub-portsmouth-unterkunft-sehenswuerdigkeiten-und-geschichte\/#breadcrumb","itemListElement":[{"@type":"ListItem","position":1,"name":"Home","item":"https:\/\/www.urlaubcornwall.de\/blog\/"},{"@type":"ListItem","position":2,"name":"Urlaub Portsmouth: Unterkunft, Sehensw\u00fcrdigkeiten und Geschichte"}]}]}},"_links":{"self":[{"href":"https:\/\/www.urlaubcornwall.de\/blog\/wp-json\/wp\/v2\/pages\/25118"}],"collection":[{"href":"https:\/\/www.urlaubcornwall.de\/blog\/wp-json\/wp\/v2\/pages"}],"about":[{"href":"https:\/\/www.urlaubcornwall.de\/blog\/wp-json\/wp\/v2\/types\/page"}],"author":[{"embeddable":true,"href":"https:\/\/www.urlaubcornwall.de\/blog\/wp-json\/wp\/v2\/users\/1"}],"replies":[{"embeddable":true,"href":"https:\/\/www.urlaubcornwall.de\/blog\/wp-json\/wp\/v2\/comments?post=25118"}],"version-history":[{"count":10,"href":"https:\/\/www.urlaubcornwall.de\/blog\/wp-json\/wp\/v2\/pages\/25118\/revisions"}],"predecessor-version":[{"id":50676,"href":"https:\/\/www.urlaubcornwall.de\/blog\/wp-json\/wp\/v2\/pages\/25118\/revisions\/50676"}],"wp:attachment":[{"href":"https:\/\/www.urlaubcornwall.de\/blog\/wp-json\/wp\/v2\/media?parent=25118"}],"curies":[{"name":"wp","href":"https:\/\/api.w.org\/{rel}","templated":true}]}}