{"id":25112,"date":"2016-10-22T14:45:56","date_gmt":"2016-10-22T14:45:56","guid":{"rendered":"https:\/\/www.urlaubcornwall.de\/blog\/?page_id=25112"},"modified":"2024-04-30T15:50:16","modified_gmt":"2024-04-30T15:50:16","slug":"urlaub-cheltenham-cotswolds-unterkunft-sehenswuerdigkeiten-und-geschichte","status":"publish","type":"page","link":"https:\/\/www.urlaubcornwall.de\/blog\/urlaub-cheltenham-cotswolds-unterkunft-sehenswuerdigkeiten-und-geschichte\/","title":{"rendered":"Urlaub in Cheltenham &#038; Cotswolds: Unterkunft, Sehensw\u00fcrdigkeiten und Geschichte"},"content":{"rendered":"<p><img loading=\"lazy\" class=\"aligncenter size-full wp-image-25113\" src=\"https:\/\/www.urlaubcornwall.de\/blog\/wp-content\/uploads\/2016\/10\/urlaub-cheltenham.jpg\" alt=\"urlaub-cheltenham\" height=\"431\" width=\"748\"\/><br \/>\nDie Regency Spa-Stadt <a href=\"https:\/\/www.urlaubcornwall.de\/ferienhaeuser-fewos\/eng\/gloucestershire\/cheltenham.html\">Cheltenham ist das kulturelle Zentrum der Cotswolds<\/a>. 1788 kam George III mit seiner Familie, um die Heilwasser zu probieren, und so wurde die Stadt bald Britanniens wichtigste Kurstadt. Noch heute k\u00f6nnen Sie im Pitville Pump Room, der 1825-30 erbaut wurde, Heilwasser probieren. Im Herzen der Stadt befindet sich die Promenade, eine goldene Terrasse, umgeben von eleganten Shops, Statuen, B\u00e4umen und Blumenbeeten. Die Cheltenham Kunstgalerie und Museum, The Wilson, hat eine hervorragende Sammlung an Kunst- und Handwerksausstellungsst\u00fccken.<\/p>\n<p>Im Sommer finden in Cheltenham eine Reihe an Festivals statt; das Cheltenham Internationale Musikfestival wurde 1945 gegr\u00fcndet und findet jedes Jahr im Juli statt. Das Literaturfestival begann1949 und ist eine der Hauptliteraturveranstaltungen des Landes und das am l\u00e4ngsten dauernde Literaturfestival der Welt. Es findet im Oktober statt. Das Cheltenham Jazz Festival und das Science Festival sind j\u00fcngeren Datums und ziehen Menschen aus der ganzen Welt an.<\/p>\n<p>Im M\u00e4rz findet ein Festival anderer Art statt an der ber\u00fchmten Rennstrecke au\u00dferhalb der Stadt; es ist ein Treffen, das im National Hunt Rennkalender vermerkt ist, mit ber\u00fchmten Pferderennen wie dem Cheltenham Gold Cup, Champion Hurdle, Queen Mother Champion Chase und World Hurdle.<\/p>\n<div class=\"snippet\"> <a class=\"featured-item\" href=\"https:\/\/www.urlaubcornwall.de\/ferienhaeuser\/suedengland.php\"> <span class=\"image-holder\" style=\"background-image: url('https:\/\/www.urlaubcornwall.de\/blog\/wp-content\/uploads\/2024\/03\/ferienhaus-england-cornwall.jpg');\"><\/span> <span class=\"featured-content\"> \n<h2 class=\"featured-title\">Ferienh\u00e4user in den Cotswolds &#038; durch S\u00fcdengland<\/h2>\n<p class=\"featured-body\">Bei uns finden Sie Ferienh\u00e4user zum Verlieben &#8211; so einfach ist das! Dank seiner langen Geschichte, der reizvollen Landschaften und seinen vielen Attraktionen ist S\u00fcdengland ein wahres Mekka f\u00fcr Urlauber&#8230;..<\/p><\/span> <span class=\"featured-link-holder\"> <span class=\"featured-extra-info\"> \n<p>Pers\u00f6nlich inspizierter Ferienh\u00e4user<\/p>\n<\/span> \n<p class=\"featured-link\">DETAILS<\/p>\n<\/span> <\/a><\/div>\n<p>Crickley Hill: 7km s\u00fcdlich von Cheltenham befindet sich Crickley Hill, ein Gebiet besonderer Natursch\u00f6nheit mit herrlichem Blick Richtung Gloucester, Cheltenham und die walisischen H\u00fcgel, sch\u00f6ne Spazierwege f\u00fcr die gesamte Familie in einem Gebiet, das reich ist an Wildblumen und Schmetterlingen.<\/p>\n<p><a href=\"https:\/\/www.urlaubcornwall.de\/blog\/wp-content\/uploads\/2024\/03\/snowshill-manor.jpg\"><img loading=\"lazy\" class=\"aligncenter size-full wp-image-47797\" src=\"https:\/\/www.urlaubcornwall.de\/blog\/wp-content\/uploads\/2024\/03\/snowshill-manor.jpg\" alt=\"snowshill manor\" width=\"750\" height=\"329\" srcset=\"https:\/\/www.urlaubcornwall.de\/blog\/wp-content\/uploads\/2024\/03\/snowshill-manor.jpg 750w, https:\/\/www.urlaubcornwall.de\/blog\/wp-content\/uploads\/2024\/03\/snowshill-manor-300x132.jpg 300w\" sizes=\"(max-width: 750px) 100vw, 750px\" \/><\/a><\/p>\n<p><strong>Snowshill Manor:<\/strong> ist ein Herrenhaus, vollgestopft mit au\u00dferordentlichen Sch\u00e4tzen, die Charles Wade w\u00e4hrend seines gesamten Lebens gesammelt hat. Der Garten ist der perfekte Ort, um zu entspannen und verborgene Ausblicke zu entdecken.<\/p>\n<p><script async src=\"https:\/\/pagead2.googlesyndication.com\/pagead\/js\/adsbygoogle.js?client=ca-pub-3901089389175725\"\n     crossorigin=\"anonymous\"><\/script><br \/>\n<!-- New UC --><br \/>\n<ins class=\"adsbygoogle\"\n     style=\"display:block\"\n     data-ad-client=\"ca-pub-3901089389175725\"\n     data-ad-slot=\"8080314818\"\n     data-ad-format=\"auto\"\n     data-full-width-responsive=\"true\"><\/ins><br \/>\n<script>\n     (adsbygoogle = window.adsbygoogle || []).push({});\n<\/script><\/p>\n<p><strong>Winchcombe:<\/strong> diese alte Sachsenstadt liegt in einem h\u00fcbschen Cotswold Tal in der Mitte zwischen Broadway und Cheltenham. In der N\u00e4he gelegen befinden sich Schloss Sudley und die Cheltenham Pferderennbahn.<\/p>\n<div class=\"snippet\"> <a class=\"featured-item\" href=\"https:\/\/www.urlaubcornwall.de\/rundreisen\/cornwall-suedengland.php\"> <span class=\"image-holder\" style=\"background-image: url('https:\/\/www.urlaubcornwall.de\/blog\/wp-content\/uploads\/2019\/01\/DiTn0QVWsAIOgjG.jpg');\"><\/span> <span class=\"featured-content\"> \n<h2 class=\"featured-title\">Cotswolds &#038; S\u00fcdengland eine perfekte Kombination<\/h2>\n<p class=\"featured-body\">Die perfekte Reisem\u00f6glichkeit und erm\u00f6glicht es Ihnen, Entdeckungen zu machen und einen Urlaub im eigenen Schritttempo&#8230;.<\/p><\/span> <span class=\"featured-link-holder\"> <span class=\"featured-extra-info\"> \n<p>Rundeisen f\u00fcr Paare, Familien &#038; Gruppen<\/p>\n<\/span> \n<p class=\"featured-link\">DETAILS<\/p>\n<\/span> <\/a><\/div>\n<p>UrlaubCornwall.de hat seinen Firmensitz in Cornwall in S\u00fcdwestengland und bietet Kunden im Deutsch sprechenden Europa Hilfe im Erstellen der perfekten Urlaubserfahrung hier. Wir haben ein Team Deutsch sprechender Experten, so dass wir eine <a href=\"https:\/\/www.urlaubcornwall.de\/rundreisen\/grossbritannien.php\">individuelle Urlaub in Gro\u00dfbritannien<\/a>.<\/p>\n","protected":false},"excerpt":{"rendered":"<p>Die Regency Spa-Stadt Cheltenham ist das kulturelle Zentrum der Cotswolds. 1788 kam George III mit seiner Familie, um die Heilwasser zu probieren, und so wurde die Stadt bald Britanniens wichtigste Kurstadt. Noch heute k\u00f6nnen Sie im Pitville Pump Room, der 1825-30 erbaut wurde, Heilwasser probieren. Im Herzen der Stadt befindet sich die Promenade, eine goldene [&hellip;]<\/p>\n","protected":false},"author":1,"featured_media":0,"parent":0,"menu_order":0,"comment_status":"closed","ping_status":"closed","template":"single-four.php","meta":[],"acf":[],"yoast_head":"<!-- This site is optimized with the Yoast SEO plugin v19.4 - https:\/\/yoast.com\/wordpress\/plugins\/seo\/ -->\n<title>Urlaub in Cheltenham &amp; Cotswolds: Unterkunft, Sehensw\u00fcrdigkeiten und Geschichte - Urlaub &amp; Reisen<\/title>\n<meta name=\"robots\" content=\"index, follow, max-snippet:-1, max-image-preview:large, max-video-preview:-1\" \/>\n<link rel=\"canonical\" href=\"https:\/\/www.urlaubcornwall.de\/blog\/urlaub-cheltenham-cotswolds-unterkunft-sehenswuerdigkeiten-und-geschichte\/\" \/>\n<meta property=\"og:locale\" content=\"en_US\" \/>\n<meta property=\"og:type\" content=\"article\" \/>\n<meta property=\"og:title\" content=\"Urlaub in Cheltenham &amp; Cotswolds: Unterkunft, Sehensw\u00fcrdigkeiten und Geschichte - Urlaub &amp; Reisen\" \/>\n<meta property=\"og:description\" content=\"Die Regency Spa-Stadt Cheltenham ist das kulturelle Zentrum der Cotswolds. 1788 kam George III mit seiner Familie, um die Heilwasser zu probieren, und so wurde die Stadt bald Britanniens wichtigste Kurstadt. Noch heute k\u00f6nnen Sie im Pitville Pump Room, der 1825-30 erbaut wurde, Heilwasser probieren. Im Herzen der Stadt befindet sich die Promenade, eine goldene [&hellip;]\" \/>\n<meta property=\"og:url\" content=\"https:\/\/www.urlaubcornwall.de\/blog\/urlaub-cheltenham-cotswolds-unterkunft-sehenswuerdigkeiten-und-geschichte\/\" \/>\n<meta property=\"og:site_name\" content=\"Urlaub &amp; Reisen\" \/>\n<meta property=\"article:modified_time\" content=\"2024-04-30T15:50:16+00:00\" \/>\n<meta property=\"og:image\" content=\"https:\/\/www.urlaubcornwall.de\/blog\/wp-content\/uploads\/2016\/10\/urlaub-cheltenham.jpg\" \/>\n<meta name=\"twitter:card\" content=\"summary\" \/>\n<meta name=\"twitter:label1\" content=\"Est. reading time\" \/>\n\t<meta name=\"twitter:data1\" content=\"3 minutes\" \/>\n<script type=\"application\/ld+json\" class=\"yoast-schema-graph\">{\"@context\":\"https:\/\/schema.org\",\"@graph\":[{\"@type\":\"WebSite\",\"@id\":\"https:\/\/www.urlaubcornwall.de\/blog\/#website\",\"url\":\"https:\/\/www.urlaubcornwall.de\/blog\/\",\"name\":\"Urlaub &amp; Reisen\",\"description\":\"Urlaub, Reisen, Cornwall und S\u00fcdengland: eine perfekte Kombination\",\"potentialAction\":[{\"@type\":\"SearchAction\",\"target\":{\"@type\":\"EntryPoint\",\"urlTemplate\":\"https:\/\/www.urlaubcornwall.de\/blog\/?s={search_term_string}\"},\"query-input\":\"required name=search_term_string\"}],\"inLanguage\":\"en-US\"},{\"@type\":\"WebPage\",\"@id\":\"https:\/\/www.urlaubcornwall.de\/blog\/urlaub-cheltenham-cotswolds-unterkunft-sehenswuerdigkeiten-und-geschichte\/\",\"url\":\"https:\/\/www.urlaubcornwall.de\/blog\/urlaub-cheltenham-cotswolds-unterkunft-sehenswuerdigkeiten-und-geschichte\/\",\"name\":\"Urlaub in Cheltenham & Cotswolds: Unterkunft, Sehensw\u00fcrdigkeiten und Geschichte - Urlaub &amp; Reisen\",\"isPartOf\":{\"@id\":\"https:\/\/www.urlaubcornwall.de\/blog\/#website\"},\"datePublished\":\"2016-10-22T14:45:56+00:00\",\"dateModified\":\"2024-04-30T15:50:16+00:00\",\"breadcrumb\":{\"@id\":\"https:\/\/www.urlaubcornwall.de\/blog\/urlaub-cheltenham-cotswolds-unterkunft-sehenswuerdigkeiten-und-geschichte\/#breadcrumb\"},\"inLanguage\":\"en-US\",\"potentialAction\":[{\"@type\":\"ReadAction\",\"target\":[\"https:\/\/www.urlaubcornwall.de\/blog\/urlaub-cheltenham-cotswolds-unterkunft-sehenswuerdigkeiten-und-geschichte\/\"]}]},{\"@type\":\"BreadcrumbList\",\"@id\":\"https:\/\/www.urlaubcornwall.de\/blog\/urlaub-cheltenham-cotswolds-unterkunft-sehenswuerdigkeiten-und-geschichte\/#breadcrumb\",\"itemListElement\":[{\"@type\":\"ListItem\",\"position\":1,\"name\":\"Home\",\"item\":\"https:\/\/www.urlaubcornwall.de\/blog\/\"},{\"@type\":\"ListItem\",\"position\":2,\"name\":\"Urlaub in Cheltenham &#038; Cotswolds: Unterkunft, Sehensw\u00fcrdigkeiten und Geschichte\"}]}]}<\/script>\n<!-- \/ Yoast SEO plugin. -->","yoast_head_json":{"title":"Urlaub in Cheltenham & Cotswolds: Unterkunft, Sehensw\u00fcrdigkeiten und Geschichte - Urlaub &amp; Reisen","robots":{"index":"index","follow":"follow","max-snippet":"max-snippet:-1","max-image-preview":"max-image-preview:large","max-video-preview":"max-video-preview:-1"},"canonical":"https:\/\/www.urlaubcornwall.de\/blog\/urlaub-cheltenham-cotswolds-unterkunft-sehenswuerdigkeiten-und-geschichte\/","og_locale":"en_US","og_type":"article","og_title":"Urlaub in Cheltenham & Cotswolds: Unterkunft, Sehensw\u00fcrdigkeiten und Geschichte - Urlaub &amp; Reisen","og_description":"Die Regency Spa-Stadt Cheltenham ist das kulturelle Zentrum der Cotswolds. 1788 kam George III mit seiner Familie, um die Heilwasser zu probieren, und so wurde die Stadt bald Britanniens wichtigste Kurstadt. Noch heute k\u00f6nnen Sie im Pitville Pump Room, der 1825-30 erbaut wurde, Heilwasser probieren. Im Herzen der Stadt befindet sich die Promenade, eine goldene [&hellip;]","og_url":"https:\/\/www.urlaubcornwall.de\/blog\/urlaub-cheltenham-cotswolds-unterkunft-sehenswuerdigkeiten-und-geschichte\/","og_site_name":"Urlaub &amp; Reisen","article_modified_time":"2024-04-30T15:50:16+00:00","og_image":[{"url":"https:\/\/www.urlaubcornwall.de\/blog\/wp-content\/uploads\/2016\/10\/urlaub-cheltenham.jpg"}],"twitter_card":"summary","twitter_misc":{"Est. reading time":"3 minutes"},"schema":{"@context":"https:\/\/schema.org","@graph":[{"@type":"WebSite","@id":"https:\/\/www.urlaubcornwall.de\/blog\/#website","url":"https:\/\/www.urlaubcornwall.de\/blog\/","name":"Urlaub &amp; Reisen","description":"Urlaub, Reisen, Cornwall und S\u00fcdengland: eine perfekte Kombination","potentialAction":[{"@type":"SearchAction","target":{"@type":"EntryPoint","urlTemplate":"https:\/\/www.urlaubcornwall.de\/blog\/?s={search_term_string}"},"query-input":"required name=search_term_string"}],"inLanguage":"en-US"},{"@type":"WebPage","@id":"https:\/\/www.urlaubcornwall.de\/blog\/urlaub-cheltenham-cotswolds-unterkunft-sehenswuerdigkeiten-und-geschichte\/","url":"https:\/\/www.urlaubcornwall.de\/blog\/urlaub-cheltenham-cotswolds-unterkunft-sehenswuerdigkeiten-und-geschichte\/","name":"Urlaub in Cheltenham & Cotswolds: Unterkunft, Sehensw\u00fcrdigkeiten und Geschichte - Urlaub &amp; Reisen","isPartOf":{"@id":"https:\/\/www.urlaubcornwall.de\/blog\/#website"},"datePublished":"2016-10-22T14:45:56+00:00","dateModified":"2024-04-30T15:50:16+00:00","breadcrumb":{"@id":"https:\/\/www.urlaubcornwall.de\/blog\/urlaub-cheltenham-cotswolds-unterkunft-sehenswuerdigkeiten-und-geschichte\/#breadcrumb"},"inLanguage":"en-US","potentialAction":[{"@type":"ReadAction","target":["https:\/\/www.urlaubcornwall.de\/blog\/urlaub-cheltenham-cotswolds-unterkunft-sehenswuerdigkeiten-und-geschichte\/"]}]},{"@type":"BreadcrumbList","@id":"https:\/\/www.urlaubcornwall.de\/blog\/urlaub-cheltenham-cotswolds-unterkunft-sehenswuerdigkeiten-und-geschichte\/#breadcrumb","itemListElement":[{"@type":"ListItem","position":1,"name":"Home","item":"https:\/\/www.urlaubcornwall.de\/blog\/"},{"@type":"ListItem","position":2,"name":"Urlaub in Cheltenham &#038; Cotswolds: Unterkunft, Sehensw\u00fcrdigkeiten und Geschichte"}]}]}},"_links":{"self":[{"href":"https:\/\/www.urlaubcornwall.de\/blog\/wp-json\/wp\/v2\/pages\/25112"}],"collection":[{"href":"https:\/\/www.urlaubcornwall.de\/blog\/wp-json\/wp\/v2\/pages"}],"about":[{"href":"https:\/\/www.urlaubcornwall.de\/blog\/wp-json\/wp\/v2\/types\/page"}],"author":[{"embeddable":true,"href":"https:\/\/www.urlaubcornwall.de\/blog\/wp-json\/wp\/v2\/users\/1"}],"replies":[{"embeddable":true,"href":"https:\/\/www.urlaubcornwall.de\/blog\/wp-json\/wp\/v2\/comments?post=25112"}],"version-history":[{"count":11,"href":"https:\/\/www.urlaubcornwall.de\/blog\/wp-json\/wp\/v2\/pages\/25112\/revisions"}],"predecessor-version":[{"id":50021,"href":"https:\/\/www.urlaubcornwall.de\/blog\/wp-json\/wp\/v2\/pages\/25112\/revisions\/50021"}],"wp:attachment":[{"href":"https:\/\/www.urlaubcornwall.de\/blog\/wp-json\/wp\/v2\/media?parent=25112"}],"curies":[{"name":"wp","href":"https:\/\/api.w.org\/{rel}","templated":true}]}}