{"id":25049,"date":"2016-09-18T13:55:18","date_gmt":"2016-09-18T13:55:18","guid":{"rendered":"https:\/\/www.urlaubcornwall.de\/blog\/?page_id=25049"},"modified":"2016-09-19T17:38:55","modified_gmt":"2016-09-19T17:38:55","slug":"warum-englisch-lernen-im-suedwesten-englands","status":"publish","type":"page","link":"https:\/\/www.urlaubcornwall.de\/blog\/warum-englisch-lernen-im-suedwesten-englands\/","title":{"rendered":"Warum Englisch lernen im S\u00fcdwesten Englands?"},"content":{"rendered":"<p><img loading=\"lazy\" class=\"aligncenter size-full wp-image-21111\" src=\"https:\/\/www.urlaubcornwall.de\/blog\/wp-content\/uploads\/2015\/10\/urlaub-plymouth.jpg\" alt=\"sprachreisen S\u00fcdengland\" width=\"740\" height=\"387\" srcset=\"https:\/\/www.urlaubcornwall.de\/blog\/wp-content\/uploads\/2015\/10\/urlaub-plymouth.jpg 740w, https:\/\/www.urlaubcornwall.de\/blog\/wp-content\/uploads\/2015\/10\/urlaub-plymouth-300x157.jpg 300w\" sizes=\"(max-width: 740px) 100vw, 740px\" \/><\/p>\n<p>Der <a href=\"http:\/\/www.urlaubcornwall.de\/sprachreisen.php\">S\u00fcdwesten Englands<\/a> ist f\u00fcr gr\u00fcne Landstriche, elegante St\u00e4dte, Mythen und Mysterien ber\u00fchmt. In einer Umfrage des englischen Magazins Country Life sollten die Engl\u00e4nder w\u00e4hlen in welcher Grafschaft sie als Engl\u00e4nder leben wollten. Oben auf der Liste war Devon, welches in S\u00fcd-West England gelegen ist.<\/p>\n<p>In der Region finden Sie St\u00e4dte wie Bristol und Bath, welche in der N\u00e4he von Wales liegen. Au\u00dferdem gibt es Exeter und Plymouth, welche sich etwas weiter s\u00fcdlich befinden.<\/p>\n<p><strong>Stadtleben<\/strong><\/p>\n<p>Der S\u00fcdwesten ist vielleicht f\u00fcr sein Gr\u00fcn und Outdoorleben bekannt, aber mit der Zeit hat es sich gewandelt.<br \/>\nIn Exeter und Bath finden Sie die besten Shoppingm\u00f6glichkeiten au\u00dferhalb Londons vor. Bristol ist ein wichtigstes kreatives Gesch\u00e4ftszentrum. Es gibt artistische Gemeinschaften in St. Ives, Totnes und Dartington und Newquay ist unzweifelhaft die Hauptstadt des Surfens in UK.<\/p>\n<p><strong>Erkundung<\/strong><\/p>\n<p>Zeitlos, hypnotisierende und faszinierend wirkt der S\u00fcdwesten Englands. Es ist nicht \u00fcberraschend, dass viele Autoren diese Region als Ort ihrer Geschichten ausgesucht haben.<\/p>\n<p>Die englische Riviera im S\u00fcden hat 22 Meilen K\u00fcstenline mit 20 Str\u00e4nden und Buchten, und der Fu\u00dfpfad an der S\u00fcdwestk\u00fcste ist eine fantastische M\u00f6glichkeit die dramatische Szenerie und einzigartige Tierwelt zu genie\u00dfen. Wasserratten k\u00f6nnen die Channel Islands entdecken, wo Sie die lebhaften Hauptst\u00e4dte Jerseys St. Hellier und Guernseys St Peter Port genie\u00dfen \u2013 und Routen an der K\u00fcste entlang, Str\u00e4nde und einzigartige Geschichte finden.<\/p>\n<p>Touristenattraktionen wie Stonehenge, B\u00e4der, r\u00f6mische B\u00e4der und das Cornwall Eden Projekt sollten Sie nicht verpassen. Und im Herzen von Devon liegt Dartmoor, eine gro\u00dfe und unber\u00fchrte Landschaft und einer der ersten Orte Gro\u00dfbritanniens, der als Nationalpark ausgewiesen worden ist.<br \/>\nDer S\u00fcdwesten hat eine gro\u00dfe Zahl Spezialit\u00e4ten f\u00fcr Essen und Getr\u00e4nke, die einen Blick wert sind. Neben den Meeresfr\u00fcchten gibt es Cornish Pastries, Cream Tea (Scones, Marmelade und Clotted Cream) und Scrumpy Cidre.<\/p>\n<p><strong>Lebensart<\/strong><\/p>\n<p>Einige Teile in der Region haben mehr Sonnenstunden als der Rest der Britischen Inseln. Torquay, Paignton und Brixham haben l\u00e4ngere Sommer und mildere Winter als der Rest Gro\u00dfbritanniens. Der S\u00fcdwesten ist gro\u00dfartig f\u00fcr Sportaktivit\u00e4ten im Freien. Es ist gr\u00fcn. Und die Schulen geh\u00f6ren zu den Besten im Land.<\/p>\n<p>Unsere <a href=\"http:\/\/www.urlaubcornwall.de\/sprachreisen.php\">Sprachschulen<\/a> befinden sich nicht nur in London, sondern \u00fcber S\u00fcdengland verteilt in einigen der beliebtesten K\u00fcstenst\u00e4dten wie Brighton, Eastbourne, Southampton, Bournemouth, Torquay und sogar in Cornwall. Tats\u00e4chlich k\u00f6nnen wir hunderte Kursformen in Gro\u00dfbritannien eingeschlossen Schottland und Wales anbieten.<\/p>\n","protected":false},"excerpt":{"rendered":"<p>Der S\u00fcdwesten Englands ist f\u00fcr gr\u00fcne Landstriche, elegante St\u00e4dte, Mythen und Mysterien ber\u00fchmt. In einer Umfrage des englischen Magazins Country Life sollten die Engl\u00e4nder w\u00e4hlen in welcher Grafschaft sie als Engl\u00e4nder leben wollten. Oben auf der Liste war Devon, welches in S\u00fcd-West England gelegen ist. In der Region finden Sie St\u00e4dte wie Bristol und Bath, [&hellip;]<\/p>\n","protected":false},"author":1,"featured_media":0,"parent":0,"menu_order":0,"comment_status":"closed","ping_status":"closed","template":"single-four.php","meta":[],"acf":[],"yoast_head":"<!-- This site is optimized with the Yoast SEO plugin v19.4 - https:\/\/yoast.com\/wordpress\/plugins\/seo\/ -->\n<title>Warum Englisch lernen im S\u00fcdwesten Englands? - Urlaub &amp; Reisen<\/title>\n<meta name=\"robots\" content=\"index, follow, max-snippet:-1, max-image-preview:large, max-video-preview:-1\" \/>\n<link rel=\"canonical\" href=\"https:\/\/www.urlaubcornwall.de\/blog\/warum-englisch-lernen-im-suedwesten-englands\/\" \/>\n<meta property=\"og:locale\" content=\"en_US\" \/>\n<meta property=\"og:type\" content=\"article\" \/>\n<meta property=\"og:title\" content=\"Warum Englisch lernen im S\u00fcdwesten Englands? - Urlaub &amp; Reisen\" \/>\n<meta property=\"og:description\" content=\"Der S\u00fcdwesten Englands ist f\u00fcr gr\u00fcne Landstriche, elegante St\u00e4dte, Mythen und Mysterien ber\u00fchmt. In einer Umfrage des englischen Magazins Country Life sollten die Engl\u00e4nder w\u00e4hlen in welcher Grafschaft sie als Engl\u00e4nder leben wollten. Oben auf der Liste war Devon, welches in S\u00fcd-West England gelegen ist. In der Region finden Sie St\u00e4dte wie Bristol und Bath, [&hellip;]\" \/>\n<meta property=\"og:url\" content=\"https:\/\/www.urlaubcornwall.de\/blog\/warum-englisch-lernen-im-suedwesten-englands\/\" \/>\n<meta property=\"og:site_name\" content=\"Urlaub &amp; Reisen\" \/>\n<meta property=\"article:modified_time\" content=\"2016-09-19T17:38:55+00:00\" \/>\n<meta property=\"og:image\" content=\"https:\/\/www.urlaubcornwall.de\/blog\/wp-content\/uploads\/2015\/10\/urlaub-plymouth.jpg\" \/>\n<meta name=\"twitter:card\" content=\"summary\" \/>\n<meta name=\"twitter:label1\" content=\"Est. reading time\" \/>\n\t<meta name=\"twitter:data1\" content=\"2 minutes\" \/>\n<script type=\"application\/ld+json\" class=\"yoast-schema-graph\">{\"@context\":\"https:\/\/schema.org\",\"@graph\":[{\"@type\":\"WebSite\",\"@id\":\"https:\/\/www.urlaubcornwall.de\/blog\/#website\",\"url\":\"https:\/\/www.urlaubcornwall.de\/blog\/\",\"name\":\"Urlaub &amp; Reisen\",\"description\":\"Urlaub, Reisen, Cornwall und S\u00fcdengland: eine perfekte Kombination\",\"potentialAction\":[{\"@type\":\"SearchAction\",\"target\":{\"@type\":\"EntryPoint\",\"urlTemplate\":\"https:\/\/www.urlaubcornwall.de\/blog\/?s={search_term_string}\"},\"query-input\":\"required name=search_term_string\"}],\"inLanguage\":\"en-US\"},{\"@type\":\"WebPage\",\"@id\":\"https:\/\/www.urlaubcornwall.de\/blog\/warum-englisch-lernen-im-suedwesten-englands\/\",\"url\":\"https:\/\/www.urlaubcornwall.de\/blog\/warum-englisch-lernen-im-suedwesten-englands\/\",\"name\":\"Warum Englisch lernen im S\u00fcdwesten Englands? - Urlaub &amp; Reisen\",\"isPartOf\":{\"@id\":\"https:\/\/www.urlaubcornwall.de\/blog\/#website\"},\"datePublished\":\"2016-09-18T13:55:18+00:00\",\"dateModified\":\"2016-09-19T17:38:55+00:00\",\"breadcrumb\":{\"@id\":\"https:\/\/www.urlaubcornwall.de\/blog\/warum-englisch-lernen-im-suedwesten-englands\/#breadcrumb\"},\"inLanguage\":\"en-US\",\"potentialAction\":[{\"@type\":\"ReadAction\",\"target\":[\"https:\/\/www.urlaubcornwall.de\/blog\/warum-englisch-lernen-im-suedwesten-englands\/\"]}]},{\"@type\":\"BreadcrumbList\",\"@id\":\"https:\/\/www.urlaubcornwall.de\/blog\/warum-englisch-lernen-im-suedwesten-englands\/#breadcrumb\",\"itemListElement\":[{\"@type\":\"ListItem\",\"position\":1,\"name\":\"Home\",\"item\":\"https:\/\/www.urlaubcornwall.de\/blog\/\"},{\"@type\":\"ListItem\",\"position\":2,\"name\":\"Warum Englisch lernen im S\u00fcdwesten Englands?\"}]}]}<\/script>\n<!-- \/ Yoast SEO plugin. -->","yoast_head_json":{"title":"Warum Englisch lernen im S\u00fcdwesten Englands? - Urlaub &amp; Reisen","robots":{"index":"index","follow":"follow","max-snippet":"max-snippet:-1","max-image-preview":"max-image-preview:large","max-video-preview":"max-video-preview:-1"},"canonical":"https:\/\/www.urlaubcornwall.de\/blog\/warum-englisch-lernen-im-suedwesten-englands\/","og_locale":"en_US","og_type":"article","og_title":"Warum Englisch lernen im S\u00fcdwesten Englands? - Urlaub &amp; Reisen","og_description":"Der S\u00fcdwesten Englands ist f\u00fcr gr\u00fcne Landstriche, elegante St\u00e4dte, Mythen und Mysterien ber\u00fchmt. In einer Umfrage des englischen Magazins Country Life sollten die Engl\u00e4nder w\u00e4hlen in welcher Grafschaft sie als Engl\u00e4nder leben wollten. Oben auf der Liste war Devon, welches in S\u00fcd-West England gelegen ist. In der Region finden Sie St\u00e4dte wie Bristol und Bath, [&hellip;]","og_url":"https:\/\/www.urlaubcornwall.de\/blog\/warum-englisch-lernen-im-suedwesten-englands\/","og_site_name":"Urlaub &amp; Reisen","article_modified_time":"2016-09-19T17:38:55+00:00","og_image":[{"url":"https:\/\/www.urlaubcornwall.de\/blog\/wp-content\/uploads\/2015\/10\/urlaub-plymouth.jpg"}],"twitter_card":"summary","twitter_misc":{"Est. reading time":"2 minutes"},"schema":{"@context":"https:\/\/schema.org","@graph":[{"@type":"WebSite","@id":"https:\/\/www.urlaubcornwall.de\/blog\/#website","url":"https:\/\/www.urlaubcornwall.de\/blog\/","name":"Urlaub &amp; Reisen","description":"Urlaub, Reisen, Cornwall und S\u00fcdengland: eine perfekte Kombination","potentialAction":[{"@type":"SearchAction","target":{"@type":"EntryPoint","urlTemplate":"https:\/\/www.urlaubcornwall.de\/blog\/?s={search_term_string}"},"query-input":"required name=search_term_string"}],"inLanguage":"en-US"},{"@type":"WebPage","@id":"https:\/\/www.urlaubcornwall.de\/blog\/warum-englisch-lernen-im-suedwesten-englands\/","url":"https:\/\/www.urlaubcornwall.de\/blog\/warum-englisch-lernen-im-suedwesten-englands\/","name":"Warum Englisch lernen im S\u00fcdwesten Englands? - Urlaub &amp; Reisen","isPartOf":{"@id":"https:\/\/www.urlaubcornwall.de\/blog\/#website"},"datePublished":"2016-09-18T13:55:18+00:00","dateModified":"2016-09-19T17:38:55+00:00","breadcrumb":{"@id":"https:\/\/www.urlaubcornwall.de\/blog\/warum-englisch-lernen-im-suedwesten-englands\/#breadcrumb"},"inLanguage":"en-US","potentialAction":[{"@type":"ReadAction","target":["https:\/\/www.urlaubcornwall.de\/blog\/warum-englisch-lernen-im-suedwesten-englands\/"]}]},{"@type":"BreadcrumbList","@id":"https:\/\/www.urlaubcornwall.de\/blog\/warum-englisch-lernen-im-suedwesten-englands\/#breadcrumb","itemListElement":[{"@type":"ListItem","position":1,"name":"Home","item":"https:\/\/www.urlaubcornwall.de\/blog\/"},{"@type":"ListItem","position":2,"name":"Warum Englisch lernen im S\u00fcdwesten Englands?"}]}]}},"_links":{"self":[{"href":"https:\/\/www.urlaubcornwall.de\/blog\/wp-json\/wp\/v2\/pages\/25049"}],"collection":[{"href":"https:\/\/www.urlaubcornwall.de\/blog\/wp-json\/wp\/v2\/pages"}],"about":[{"href":"https:\/\/www.urlaubcornwall.de\/blog\/wp-json\/wp\/v2\/types\/page"}],"author":[{"embeddable":true,"href":"https:\/\/www.urlaubcornwall.de\/blog\/wp-json\/wp\/v2\/users\/1"}],"replies":[{"embeddable":true,"href":"https:\/\/www.urlaubcornwall.de\/blog\/wp-json\/wp\/v2\/comments?post=25049"}],"version-history":[{"count":3,"href":"https:\/\/www.urlaubcornwall.de\/blog\/wp-json\/wp\/v2\/pages\/25049\/revisions"}],"predecessor-version":[{"id":25060,"href":"https:\/\/www.urlaubcornwall.de\/blog\/wp-json\/wp\/v2\/pages\/25049\/revisions\/25060"}],"wp:attachment":[{"href":"https:\/\/www.urlaubcornwall.de\/blog\/wp-json\/wp\/v2\/media?parent=25049"}],"curies":[{"name":"wp","href":"https:\/\/api.w.org\/{rel}","templated":true}]}}