{"id":25047,"date":"2016-09-18T13:52:36","date_gmt":"2016-09-18T13:52:36","guid":{"rendered":"https:\/\/www.urlaubcornwall.de\/blog\/?page_id=25047"},"modified":"2024-04-03T12:21:24","modified_gmt":"2024-04-03T12:21:24","slug":"warum-englisch-lernen-in-london","status":"publish","type":"page","link":"https:\/\/www.urlaubcornwall.de\/blog\/warum-englisch-lernen-in-london\/","title":{"rendered":"Warum Englisch lernen in London?"},"content":{"rendered":"<p><img loading=\"lazy\" class=\"aligncenter size-full wp-image-47843\" src=\"https:\/\/www.urlaubcornwall.de\/blog\/wp-content\/uploads\/2024\/03\/london-park.jpg\" alt=\"london park\" width=\"750\" height=\"500\" srcset=\"https:\/\/www.urlaubcornwall.de\/blog\/wp-content\/uploads\/2024\/03\/london-park.jpg 750w, https:\/\/www.urlaubcornwall.de\/blog\/wp-content\/uploads\/2024\/03\/london-park-300x200.jpg 300w\" sizes=\"(max-width: 750px) 100vw, 750px\" \/><\/p>\n<p>F\u00fcr Besucher ist London ein Paradies. Es ist voller kultureller Attraktionen: vom Museum und Galerien bis zu historischen Geb\u00e4uden, L\u00e4den und M\u00e4rkten. Es gibt Nachtleben und Unterhaltung und M\u00f6glichkeiten Lebensmittel aus allen Teilen der Welt zu probieren. Die Hauptstadt profitiert von einer multikulturellen Gesellschaft.<br \/>\nLondon bietet f\u00fcr jeden etwas. Es ist eine kosmopolitische Stadt voller verschiedener Einfl\u00fcsse und Vorlieben &#8211; so finden Sie sicher das Passende f\u00fcr sich. Der Ruf als eine der aufregendsten St\u00e4dte der Welt ist sicherlich verdient.<\/p>\n<p><strong>Lernen<\/strong><\/p>\n<p>London hat 8,5 Millionen Einwohner. Die Gr\u00f6\u00dfe kann Besucher schocken, aber das bedeutet auch eine wunderbare Auswahl f\u00fcr Englisch Sprachschulen f\u00fcr jeden, der sein Englisch verbessern will.<br \/>\nSie finden eine Schule, die zu Ihren Bed\u00fcrfnissen und Ihr Budget passt. Falls Sie die Lebendigkeit des Stadtzentrums suchen, werfen Sie einen Blick auf die zentralen Schulen Londons der Zone 1. Falls Sie lieber die Annehmlichkeiten Londons ohne Stress genie\u00dfen wollen, gibt es gro\u00dfartige Schulen in den Vororten der Zonen 2 bis 6.<br \/>\n<ins class=\"bookingaff\" data-aid=\"1702083\" data-target_aid=\"1702083\" data-prod=\"map\" data-width=\"100%\" data-height=\"590\" data-lang=\"ualng\" data-dest_id=\"0\" data-dest_type=\"landmark\" data-latitude=\"51.5073509\" data-longitude=\"-0.1277583\" data-mwhsb=\"1\"><br \/>\n    <!-- Anything inside will go away once widget is loaded. --><br \/>\n        <a href=\"\/\/www.booking.com?aid=1702083\"rel=\"nofollow\">Booking.com<\/a><br \/>\n<\/ins><br \/>\n<script type=\"text\/javascript\">\n    (function(d, sc, u) {\n      var s = d.createElement(sc), p = d.getElementsByTagName(sc)[0];\n      s.type = 'text\/javascript';\n      s.async = true;\n      s.src = u + '?v=' + (+new Date());\n      p.parentNode.insertBefore(s,p);\n      })(document, 'script', '\/\/aff.bstatic.com\/static\/affiliate_base\/js\/flexiproduct.js');\n<\/script><br \/>\n<strong>Stadtleben<\/strong><\/p>\n<p>London ist von alten und neuen Einfl\u00fcssen gepr\u00e4gt. Betrachten Sie die k\u00f6nigliche Geschichte am Tower of London, bekommen Sie Einblicke \u00fcber die Stadt auf dem London Eye, nehmen Sie etwas moderne Kunst im Tate Modern wahr, entspannen Sie beim klassischen Konzert oder verbringen Sie einen Abend in den Pubs, Bars oder Clubs. Die Hauptstadt bietet so viele Sehensw\u00fcrdigkeiten und Freizeitaktivit\u00e4ten \u2013 und die beste Nachricht: viele Attraktionen sind kostenlos.<\/p>\n<p><strong>Erkunden<\/strong><\/p>\n<p>Falls Sie gerne Zeit drau\u00dfen verbringen, werden Sie Londons \u00f6ffentliche Pl\u00e4tze mit \u00fcber 1.800 Parks lieben. Sie k\u00f6nnen wilde Rentiere im Richmond Park sehen, Golf in der Wimbledon Gemeinde spielen, im Hyde Park Boot fahren oder die Vielfalt der Musik bei einem der unz\u00e4hligen Festivals am Wochenende genie\u00dfen.<\/p>\n<p><strong>Leben<\/strong><\/p>\n<p>London kann teuer bei der Unterkunft sein, aber es gibt viele Varianten \u2013 von Residenzen \u00fcber Jugendherbergen bis zu Hotels. Gastfamilien sind in der Regel etwas weiter von den Sprachschulen entfernt als in anderen Regionen, aber das geh\u00f6rt zum Leben in einer solchen Gro\u00dfstadt dazu. Die Verkehrsanbindungen sind exzellent.<\/p>\n<p>Falls Ihr Aufenthalt \u00fcber einen l\u00e4ngeren Zeitraum dauert, kommt das Mieten einer Wohnung mit einer Gruppe mit internationalen Freunden oder britischen Studenten infrage.<\/p>\n<p>Essen kaufen und London zu genie\u00dfen kostet weniger, als Sie sich vielleicht vorstellen. Es gibt Caf\u00e9s, Restaurants, Bars und Gesch\u00e4fte f\u00fcr jedes Budget und viele Museen und Kunstgalerien kosten keinen Eintritt.<\/p>\n<p>Wie in jeder Gro\u00dfstadt sorgen sich einige Studenten \u00fcber die pers\u00f6nliche Sicherheit. Aber solange Sie die \u00fcblichen, vern\u00fcnftigen Vorkehrungen treffen ist diese Angst unbegr\u00fcndet.<\/p>\n<h1>Sprachreisen in London &gt;&gt;<\/h1>\n\n","protected":false},"excerpt":{"rendered":"<p>F\u00fcr Besucher ist London ein Paradies. Es ist voller kultureller Attraktionen: vom Museum und Galerien bis zu historischen Geb\u00e4uden, L\u00e4den und M\u00e4rkten. Es gibt Nachtleben und Unterhaltung und M\u00f6glichkeiten Lebensmittel aus allen Teilen der Welt zu probieren. Die Hauptstadt profitiert von einer multikulturellen Gesellschaft. London bietet f\u00fcr jeden etwas. Es ist eine kosmopolitische Stadt voller [&hellip;]<\/p>\n","protected":false},"author":1,"featured_media":0,"parent":0,"menu_order":0,"comment_status":"closed","ping_status":"closed","template":"single-four.php","meta":[],"acf":[],"yoast_head":"<!-- This site is optimized with the Yoast SEO plugin v19.4 - https:\/\/yoast.com\/wordpress\/plugins\/seo\/ -->\n<title>Warum Englisch lernen in London? - Urlaub &amp; Reisen<\/title>\n<meta name=\"robots\" content=\"index, follow, max-snippet:-1, max-image-preview:large, max-video-preview:-1\" \/>\n<link rel=\"canonical\" href=\"https:\/\/www.urlaubcornwall.de\/blog\/warum-englisch-lernen-in-london\/\" \/>\n<meta property=\"og:locale\" content=\"en_US\" \/>\n<meta property=\"og:type\" content=\"article\" \/>\n<meta property=\"og:title\" content=\"Warum Englisch lernen in London? - Urlaub &amp; Reisen\" \/>\n<meta property=\"og:description\" content=\"F\u00fcr Besucher ist London ein Paradies. Es ist voller kultureller Attraktionen: vom Museum und Galerien bis zu historischen Geb\u00e4uden, L\u00e4den und M\u00e4rkten. Es gibt Nachtleben und Unterhaltung und M\u00f6glichkeiten Lebensmittel aus allen Teilen der Welt zu probieren. Die Hauptstadt profitiert von einer multikulturellen Gesellschaft. London bietet f\u00fcr jeden etwas. Es ist eine kosmopolitische Stadt voller [&hellip;]\" \/>\n<meta property=\"og:url\" content=\"https:\/\/www.urlaubcornwall.de\/blog\/warum-englisch-lernen-in-london\/\" \/>\n<meta property=\"og:site_name\" content=\"Urlaub &amp; Reisen\" \/>\n<meta property=\"article:modified_time\" content=\"2024-04-03T12:21:24+00:00\" \/>\n<meta property=\"og:image\" content=\"https:\/\/www.urlaubcornwall.de\/blog\/wp-content\/uploads\/2024\/03\/london-park.jpg\" \/>\n<meta name=\"twitter:card\" content=\"summary\" \/>\n<meta name=\"twitter:label1\" content=\"Est. reading time\" \/>\n\t<meta name=\"twitter:data1\" content=\"3 minutes\" \/>\n<script type=\"application\/ld+json\" class=\"yoast-schema-graph\">{\"@context\":\"https:\/\/schema.org\",\"@graph\":[{\"@type\":\"WebSite\",\"@id\":\"https:\/\/www.urlaubcornwall.de\/blog\/#website\",\"url\":\"https:\/\/www.urlaubcornwall.de\/blog\/\",\"name\":\"Urlaub &amp; Reisen\",\"description\":\"Urlaub, Reisen, Cornwall und S\u00fcdengland: eine perfekte Kombination\",\"potentialAction\":[{\"@type\":\"SearchAction\",\"target\":{\"@type\":\"EntryPoint\",\"urlTemplate\":\"https:\/\/www.urlaubcornwall.de\/blog\/?s={search_term_string}\"},\"query-input\":\"required name=search_term_string\"}],\"inLanguage\":\"en-US\"},{\"@type\":\"WebPage\",\"@id\":\"https:\/\/www.urlaubcornwall.de\/blog\/warum-englisch-lernen-in-london\/\",\"url\":\"https:\/\/www.urlaubcornwall.de\/blog\/warum-englisch-lernen-in-london\/\",\"name\":\"Warum Englisch lernen in London? - Urlaub &amp; Reisen\",\"isPartOf\":{\"@id\":\"https:\/\/www.urlaubcornwall.de\/blog\/#website\"},\"datePublished\":\"2016-09-18T13:52:36+00:00\",\"dateModified\":\"2024-04-03T12:21:24+00:00\",\"breadcrumb\":{\"@id\":\"https:\/\/www.urlaubcornwall.de\/blog\/warum-englisch-lernen-in-london\/#breadcrumb\"},\"inLanguage\":\"en-US\",\"potentialAction\":[{\"@type\":\"ReadAction\",\"target\":[\"https:\/\/www.urlaubcornwall.de\/blog\/warum-englisch-lernen-in-london\/\"]}]},{\"@type\":\"BreadcrumbList\",\"@id\":\"https:\/\/www.urlaubcornwall.de\/blog\/warum-englisch-lernen-in-london\/#breadcrumb\",\"itemListElement\":[{\"@type\":\"ListItem\",\"position\":1,\"name\":\"Home\",\"item\":\"https:\/\/www.urlaubcornwall.de\/blog\/\"},{\"@type\":\"ListItem\",\"position\":2,\"name\":\"Warum Englisch lernen in London?\"}]}]}<\/script>\n<!-- \/ Yoast SEO plugin. -->","yoast_head_json":{"title":"Warum Englisch lernen in London? - Urlaub &amp; Reisen","robots":{"index":"index","follow":"follow","max-snippet":"max-snippet:-1","max-image-preview":"max-image-preview:large","max-video-preview":"max-video-preview:-1"},"canonical":"https:\/\/www.urlaubcornwall.de\/blog\/warum-englisch-lernen-in-london\/","og_locale":"en_US","og_type":"article","og_title":"Warum Englisch lernen in London? - Urlaub &amp; Reisen","og_description":"F\u00fcr Besucher ist London ein Paradies. Es ist voller kultureller Attraktionen: vom Museum und Galerien bis zu historischen Geb\u00e4uden, L\u00e4den und M\u00e4rkten. Es gibt Nachtleben und Unterhaltung und M\u00f6glichkeiten Lebensmittel aus allen Teilen der Welt zu probieren. Die Hauptstadt profitiert von einer multikulturellen Gesellschaft. London bietet f\u00fcr jeden etwas. Es ist eine kosmopolitische Stadt voller [&hellip;]","og_url":"https:\/\/www.urlaubcornwall.de\/blog\/warum-englisch-lernen-in-london\/","og_site_name":"Urlaub &amp; Reisen","article_modified_time":"2024-04-03T12:21:24+00:00","og_image":[{"url":"https:\/\/www.urlaubcornwall.de\/blog\/wp-content\/uploads\/2024\/03\/london-park.jpg"}],"twitter_card":"summary","twitter_misc":{"Est. reading time":"3 minutes"},"schema":{"@context":"https:\/\/schema.org","@graph":[{"@type":"WebSite","@id":"https:\/\/www.urlaubcornwall.de\/blog\/#website","url":"https:\/\/www.urlaubcornwall.de\/blog\/","name":"Urlaub &amp; Reisen","description":"Urlaub, Reisen, Cornwall und S\u00fcdengland: eine perfekte Kombination","potentialAction":[{"@type":"SearchAction","target":{"@type":"EntryPoint","urlTemplate":"https:\/\/www.urlaubcornwall.de\/blog\/?s={search_term_string}"},"query-input":"required name=search_term_string"}],"inLanguage":"en-US"},{"@type":"WebPage","@id":"https:\/\/www.urlaubcornwall.de\/blog\/warum-englisch-lernen-in-london\/","url":"https:\/\/www.urlaubcornwall.de\/blog\/warum-englisch-lernen-in-london\/","name":"Warum Englisch lernen in London? - Urlaub &amp; Reisen","isPartOf":{"@id":"https:\/\/www.urlaubcornwall.de\/blog\/#website"},"datePublished":"2016-09-18T13:52:36+00:00","dateModified":"2024-04-03T12:21:24+00:00","breadcrumb":{"@id":"https:\/\/www.urlaubcornwall.de\/blog\/warum-englisch-lernen-in-london\/#breadcrumb"},"inLanguage":"en-US","potentialAction":[{"@type":"ReadAction","target":["https:\/\/www.urlaubcornwall.de\/blog\/warum-englisch-lernen-in-london\/"]}]},{"@type":"BreadcrumbList","@id":"https:\/\/www.urlaubcornwall.de\/blog\/warum-englisch-lernen-in-london\/#breadcrumb","itemListElement":[{"@type":"ListItem","position":1,"name":"Home","item":"https:\/\/www.urlaubcornwall.de\/blog\/"},{"@type":"ListItem","position":2,"name":"Warum Englisch lernen in London?"}]}]}},"_links":{"self":[{"href":"https:\/\/www.urlaubcornwall.de\/blog\/wp-json\/wp\/v2\/pages\/25047"}],"collection":[{"href":"https:\/\/www.urlaubcornwall.de\/blog\/wp-json\/wp\/v2\/pages"}],"about":[{"href":"https:\/\/www.urlaubcornwall.de\/blog\/wp-json\/wp\/v2\/types\/page"}],"author":[{"embeddable":true,"href":"https:\/\/www.urlaubcornwall.de\/blog\/wp-json\/wp\/v2\/users\/1"}],"replies":[{"embeddable":true,"href":"https:\/\/www.urlaubcornwall.de\/blog\/wp-json\/wp\/v2\/comments?post=25047"}],"version-history":[{"count":9,"href":"https:\/\/www.urlaubcornwall.de\/blog\/wp-json\/wp\/v2\/pages\/25047\/revisions"}],"predecessor-version":[{"id":48814,"href":"https:\/\/www.urlaubcornwall.de\/blog\/wp-json\/wp\/v2\/pages\/25047\/revisions\/48814"}],"wp:attachment":[{"href":"https:\/\/www.urlaubcornwall.de\/blog\/wp-json\/wp\/v2\/media?parent=25047"}],"curies":[{"name":"wp","href":"https:\/\/api.w.org\/{rel}","templated":true}]}}