{"id":25045,"date":"2016-09-18T13:50:43","date_gmt":"2016-09-18T13:50:43","guid":{"rendered":"https:\/\/www.urlaubcornwall.de\/blog\/?page_id=25045"},"modified":"2024-03-15T11:41:41","modified_gmt":"2024-03-15T11:41:41","slug":"10-gruende-warum-sie-sich-fuer-das-englisch-lernen-in-uk-entscheiden-sollten","status":"publish","type":"page","link":"https:\/\/www.urlaubcornwall.de\/blog\/10-gruende-warum-sie-sich-fuer-das-englisch-lernen-in-uk-entscheiden-sollten\/","title":{"rendered":"10 Gr\u00fcnde warum Sie sich f\u00fcr das Englisch lernen in UK entscheiden sollten"},"content":{"rendered":"<p><img loading=\"lazy\" class=\"aligncenter size-full wp-image-24741\" src=\"https:\/\/www.urlaubcornwall.de\/blog\/wp-content\/uploads\/2016\/07\/rye.jpg\" alt=\"Englisch lernen in england\" width=\"740\" height=\"386\" srcset=\"https:\/\/www.urlaubcornwall.de\/blog\/wp-content\/uploads\/2016\/07\/rye.jpg 740w, https:\/\/www.urlaubcornwall.de\/blog\/wp-content\/uploads\/2016\/07\/rye-300x156.jpg 300w\" sizes=\"(max-width: 740px) 100vw, 740px\" \/><\/p>\n<p>1. Die gr\u00f6\u00dfte Auswahl f\u00fcr <a href=\"http:\/\/www.urlaubcornwall.de\/sprachreisen.php\">Sprachkurse in Englisch<\/a> weltweit.<\/p>\n<p>2. Weltweiter exzellenter Ruf f\u00fcr akademische Kurse<\/p>\n<p>3. Auf der ganzen Welt anerkannte und gesch\u00e4tzte Qualifikationen<\/p>\n<p>4. Akkreditierte Kurse mit sehr gutem Preis &#8211; Leistungsverh\u00e4ltnis<\/p>\n<p>5. Reiche Geschichte und Kultur<\/p>\n<p>6. Viele M\u00f6glichkeiten zu lernen und beruflichen Aufstieg zu erreichen<\/p>\n<p>7. Die Chance, das zu studieren und zu arbeiten, was Sie wollen<\/p>\n<p>8. Die M\u00f6glichkeit Freunde aus der ganzen Welt zu finden<\/p>\n<p>9. Gute Verkehrsverbindungen in UK und Europa<\/p>\n<p>10. Es ist Geburtsort und Heimat der Sprache Englisch<\/p>\n<p>Unsere <a href=\"http:\/\/www.urlaubcornwall.de\/sprachreisen.php\">Sprachschulen<\/a> befinden sich nicht nur in London, sondern \u00fcber S\u00fcdengland verteilt in einigen der beliebtesten K\u00fcstenst\u00e4dten wie Brighton, Eastbourne, Southampton, Bournemouth, Torquay und sogar in Cornwall. Tats\u00e4chlich k\u00f6nnen wir hunderte Kursformen in Gro\u00dfbritannien eingeschlossen Schottland und Wales anbieten.<\/p>\n","protected":false},"excerpt":{"rendered":"<p>1. Die gr\u00f6\u00dfte Auswahl f\u00fcr Sprachkurse in Englisch weltweit. 2. Weltweiter exzellenter Ruf f\u00fcr akademische Kurse 3. Auf der ganzen Welt anerkannte und gesch\u00e4tzte Qualifikationen 4. Akkreditierte Kurse mit sehr gutem Preis &#8211; Leistungsverh\u00e4ltnis 5. Reiche Geschichte und Kultur 6. Viele M\u00f6glichkeiten zu lernen und beruflichen Aufstieg zu erreichen 7. Die Chance, das zu studieren [&hellip;]<\/p>\n","protected":false},"author":1,"featured_media":0,"parent":0,"menu_order":0,"comment_status":"closed","ping_status":"closed","template":"single-four.php","meta":[],"acf":[],"yoast_head":"<!-- This site is optimized with the Yoast SEO plugin v19.4 - https:\/\/yoast.com\/wordpress\/plugins\/seo\/ -->\n<title>10 Gr\u00fcnde warum Sie sich f\u00fcr das Englisch lernen in UK entscheiden sollten - Urlaub &amp; Reisen<\/title>\n<meta name=\"robots\" content=\"index, follow, max-snippet:-1, max-image-preview:large, max-video-preview:-1\" \/>\n<link rel=\"canonical\" href=\"https:\/\/www.urlaubcornwall.de\/blog\/10-gruende-warum-sie-sich-fuer-das-englisch-lernen-in-uk-entscheiden-sollten\/\" \/>\n<meta property=\"og:locale\" content=\"en_US\" \/>\n<meta property=\"og:type\" content=\"article\" \/>\n<meta property=\"og:title\" content=\"10 Gr\u00fcnde warum Sie sich f\u00fcr das Englisch lernen in UK entscheiden sollten - Urlaub &amp; Reisen\" \/>\n<meta property=\"og:description\" content=\"1. Die gr\u00f6\u00dfte Auswahl f\u00fcr Sprachkurse in Englisch weltweit. 2. Weltweiter exzellenter Ruf f\u00fcr akademische Kurse 3. Auf der ganzen Welt anerkannte und gesch\u00e4tzte Qualifikationen 4. Akkreditierte Kurse mit sehr gutem Preis &#8211; Leistungsverh\u00e4ltnis 5. Reiche Geschichte und Kultur 6. Viele M\u00f6glichkeiten zu lernen und beruflichen Aufstieg zu erreichen 7. Die Chance, das zu studieren [&hellip;]\" \/>\n<meta property=\"og:url\" content=\"https:\/\/www.urlaubcornwall.de\/blog\/10-gruende-warum-sie-sich-fuer-das-englisch-lernen-in-uk-entscheiden-sollten\/\" \/>\n<meta property=\"og:site_name\" content=\"Urlaub &amp; Reisen\" \/>\n<meta property=\"article:modified_time\" content=\"2024-03-15T11:41:41+00:00\" \/>\n<meta property=\"og:image\" content=\"https:\/\/www.urlaubcornwall.de\/blog\/wp-content\/uploads\/2016\/07\/rye.jpg\" \/>\n<meta name=\"twitter:card\" content=\"summary\" \/>\n<meta name=\"twitter:label1\" content=\"Est. reading time\" \/>\n\t<meta name=\"twitter:data1\" content=\"1 minute\" \/>\n<script type=\"application\/ld+json\" class=\"yoast-schema-graph\">{\"@context\":\"https:\/\/schema.org\",\"@graph\":[{\"@type\":\"WebSite\",\"@id\":\"https:\/\/www.urlaubcornwall.de\/blog\/#website\",\"url\":\"https:\/\/www.urlaubcornwall.de\/blog\/\",\"name\":\"Urlaub &amp; Reisen\",\"description\":\"Urlaub, Reisen, Cornwall und S\u00fcdengland: eine perfekte Kombination\",\"potentialAction\":[{\"@type\":\"SearchAction\",\"target\":{\"@type\":\"EntryPoint\",\"urlTemplate\":\"https:\/\/www.urlaubcornwall.de\/blog\/?s={search_term_string}\"},\"query-input\":\"required name=search_term_string\"}],\"inLanguage\":\"en-US\"},{\"@type\":\"WebPage\",\"@id\":\"https:\/\/www.urlaubcornwall.de\/blog\/10-gruende-warum-sie-sich-fuer-das-englisch-lernen-in-uk-entscheiden-sollten\/\",\"url\":\"https:\/\/www.urlaubcornwall.de\/blog\/10-gruende-warum-sie-sich-fuer-das-englisch-lernen-in-uk-entscheiden-sollten\/\",\"name\":\"10 Gr\u00fcnde warum Sie sich f\u00fcr das Englisch lernen in UK entscheiden sollten - Urlaub &amp; Reisen\",\"isPartOf\":{\"@id\":\"https:\/\/www.urlaubcornwall.de\/blog\/#website\"},\"datePublished\":\"2016-09-18T13:50:43+00:00\",\"dateModified\":\"2024-03-15T11:41:41+00:00\",\"breadcrumb\":{\"@id\":\"https:\/\/www.urlaubcornwall.de\/blog\/10-gruende-warum-sie-sich-fuer-das-englisch-lernen-in-uk-entscheiden-sollten\/#breadcrumb\"},\"inLanguage\":\"en-US\",\"potentialAction\":[{\"@type\":\"ReadAction\",\"target\":[\"https:\/\/www.urlaubcornwall.de\/blog\/10-gruende-warum-sie-sich-fuer-das-englisch-lernen-in-uk-entscheiden-sollten\/\"]}]},{\"@type\":\"BreadcrumbList\",\"@id\":\"https:\/\/www.urlaubcornwall.de\/blog\/10-gruende-warum-sie-sich-fuer-das-englisch-lernen-in-uk-entscheiden-sollten\/#breadcrumb\",\"itemListElement\":[{\"@type\":\"ListItem\",\"position\":1,\"name\":\"Home\",\"item\":\"https:\/\/www.urlaubcornwall.de\/blog\/\"},{\"@type\":\"ListItem\",\"position\":2,\"name\":\"10 Gr\u00fcnde warum Sie sich f\u00fcr das Englisch lernen in UK entscheiden sollten\"}]}]}<\/script>\n<!-- \/ Yoast SEO plugin. -->","yoast_head_json":{"title":"10 Gr\u00fcnde warum Sie sich f\u00fcr das Englisch lernen in UK entscheiden sollten - Urlaub &amp; Reisen","robots":{"index":"index","follow":"follow","max-snippet":"max-snippet:-1","max-image-preview":"max-image-preview:large","max-video-preview":"max-video-preview:-1"},"canonical":"https:\/\/www.urlaubcornwall.de\/blog\/10-gruende-warum-sie-sich-fuer-das-englisch-lernen-in-uk-entscheiden-sollten\/","og_locale":"en_US","og_type":"article","og_title":"10 Gr\u00fcnde warum Sie sich f\u00fcr das Englisch lernen in UK entscheiden sollten - Urlaub &amp; Reisen","og_description":"1. Die gr\u00f6\u00dfte Auswahl f\u00fcr Sprachkurse in Englisch weltweit. 2. Weltweiter exzellenter Ruf f\u00fcr akademische Kurse 3. Auf der ganzen Welt anerkannte und gesch\u00e4tzte Qualifikationen 4. Akkreditierte Kurse mit sehr gutem Preis &#8211; Leistungsverh\u00e4ltnis 5. Reiche Geschichte und Kultur 6. Viele M\u00f6glichkeiten zu lernen und beruflichen Aufstieg zu erreichen 7. Die Chance, das zu studieren [&hellip;]","og_url":"https:\/\/www.urlaubcornwall.de\/blog\/10-gruende-warum-sie-sich-fuer-das-englisch-lernen-in-uk-entscheiden-sollten\/","og_site_name":"Urlaub &amp; Reisen","article_modified_time":"2024-03-15T11:41:41+00:00","og_image":[{"url":"https:\/\/www.urlaubcornwall.de\/blog\/wp-content\/uploads\/2016\/07\/rye.jpg"}],"twitter_card":"summary","twitter_misc":{"Est. reading time":"1 minute"},"schema":{"@context":"https:\/\/schema.org","@graph":[{"@type":"WebSite","@id":"https:\/\/www.urlaubcornwall.de\/blog\/#website","url":"https:\/\/www.urlaubcornwall.de\/blog\/","name":"Urlaub &amp; Reisen","description":"Urlaub, Reisen, Cornwall und S\u00fcdengland: eine perfekte Kombination","potentialAction":[{"@type":"SearchAction","target":{"@type":"EntryPoint","urlTemplate":"https:\/\/www.urlaubcornwall.de\/blog\/?s={search_term_string}"},"query-input":"required name=search_term_string"}],"inLanguage":"en-US"},{"@type":"WebPage","@id":"https:\/\/www.urlaubcornwall.de\/blog\/10-gruende-warum-sie-sich-fuer-das-englisch-lernen-in-uk-entscheiden-sollten\/","url":"https:\/\/www.urlaubcornwall.de\/blog\/10-gruende-warum-sie-sich-fuer-das-englisch-lernen-in-uk-entscheiden-sollten\/","name":"10 Gr\u00fcnde warum Sie sich f\u00fcr das Englisch lernen in UK entscheiden sollten - Urlaub &amp; Reisen","isPartOf":{"@id":"https:\/\/www.urlaubcornwall.de\/blog\/#website"},"datePublished":"2016-09-18T13:50:43+00:00","dateModified":"2024-03-15T11:41:41+00:00","breadcrumb":{"@id":"https:\/\/www.urlaubcornwall.de\/blog\/10-gruende-warum-sie-sich-fuer-das-englisch-lernen-in-uk-entscheiden-sollten\/#breadcrumb"},"inLanguage":"en-US","potentialAction":[{"@type":"ReadAction","target":["https:\/\/www.urlaubcornwall.de\/blog\/10-gruende-warum-sie-sich-fuer-das-englisch-lernen-in-uk-entscheiden-sollten\/"]}]},{"@type":"BreadcrumbList","@id":"https:\/\/www.urlaubcornwall.de\/blog\/10-gruende-warum-sie-sich-fuer-das-englisch-lernen-in-uk-entscheiden-sollten\/#breadcrumb","itemListElement":[{"@type":"ListItem","position":1,"name":"Home","item":"https:\/\/www.urlaubcornwall.de\/blog\/"},{"@type":"ListItem","position":2,"name":"10 Gr\u00fcnde warum Sie sich f\u00fcr das Englisch lernen in UK entscheiden sollten"}]}]}},"_links":{"self":[{"href":"https:\/\/www.urlaubcornwall.de\/blog\/wp-json\/wp\/v2\/pages\/25045"}],"collection":[{"href":"https:\/\/www.urlaubcornwall.de\/blog\/wp-json\/wp\/v2\/pages"}],"about":[{"href":"https:\/\/www.urlaubcornwall.de\/blog\/wp-json\/wp\/v2\/types\/page"}],"author":[{"embeddable":true,"href":"https:\/\/www.urlaubcornwall.de\/blog\/wp-json\/wp\/v2\/users\/1"}],"replies":[{"embeddable":true,"href":"https:\/\/www.urlaubcornwall.de\/blog\/wp-json\/wp\/v2\/comments?post=25045"}],"version-history":[{"count":5,"href":"https:\/\/www.urlaubcornwall.de\/blog\/wp-json\/wp\/v2\/pages\/25045\/revisions"}],"predecessor-version":[{"id":48287,"href":"https:\/\/www.urlaubcornwall.de\/blog\/wp-json\/wp\/v2\/pages\/25045\/revisions\/48287"}],"wp:attachment":[{"href":"https:\/\/www.urlaubcornwall.de\/blog\/wp-json\/wp\/v2\/media?parent=25045"}],"curies":[{"name":"wp","href":"https:\/\/api.w.org\/{rel}","templated":true}]}}