{"id":25043,"date":"2016-09-18T13:48:21","date_gmt":"2016-09-18T13:48:21","guid":{"rendered":"https:\/\/www.urlaubcornwall.de\/blog\/?page_id=25043"},"modified":"2016-09-19T17:34:21","modified_gmt":"2016-09-19T17:34:21","slug":"warum-englisch-lernen-in-england","status":"publish","type":"page","link":"https:\/\/www.urlaubcornwall.de\/blog\/warum-englisch-lernen-in-england\/","title":{"rendered":"Warum Englisch lernen in England?"},"content":{"rendered":"<p><img loading=\"lazy\" class=\"aligncenter size-full wp-image-23982\" src=\"https:\/\/www.urlaubcornwall.de\/blog\/wp-content\/uploads\/2016\/05\/urlaub-St-Ives-1.jpg\" alt=\"sprachurlaub england\" width=\"745\" height=\"297\" srcset=\"https:\/\/www.urlaubcornwall.de\/blog\/wp-content\/uploads\/2016\/05\/urlaub-St-Ives-1.jpg 745w, https:\/\/www.urlaubcornwall.de\/blog\/wp-content\/uploads\/2016\/05\/urlaub-St-Ives-1-300x120.jpg 300w\" sizes=\"(max-width: 745px) 100vw, 745px\" \/><\/p>\n<p>Rund 500.000 Menschen reisen jedes Jahr nach Gro\u00dfbritannien um Englisch zu lernen. Es ist die Heimat der englischen Sprache. Es bietet die beste <a href=\"http:\/\/www.urlaubcornwall.de\/sprachreisen.php\">Auswahl f\u00fcr Englischkurse<\/a> der ganzen Welt. Deren Qualit\u00e4t ist \u00fcberall anerkannt.<\/p>\n<p>Das Vereinigte K\u00f6nigreich ist au\u00dferdem ein aufregender Ort zum Leben mit einem reichen Mix aus Geschichte, Kultur, globalen Einfl\u00fcssen und M\u00f6glichkeiten zum Lernen um in jeder gew\u00fcnschten Karriereform voranzukommen.<br \/>\nWir bieten Sprachzentren in allen Regionen S\u00fcdenglands.<\/p>\n<p>Jeder Ort hat unterschiedliche Angebote zum Leben, Lernen und Geselligkeit. Wo immer Sie sich aufhalten, es gibt gute Verkehrsverbindungen um im United Kingdom herumzureisen und von Europa anzukommen.<\/p>\n","protected":false},"excerpt":{"rendered":"<p>Rund 500.000 Menschen reisen jedes Jahr nach Gro\u00dfbritannien um Englisch zu lernen. Es ist die Heimat der englischen Sprache. Es bietet die beste Auswahl f\u00fcr Englischkurse der ganzen Welt. Deren Qualit\u00e4t ist \u00fcberall anerkannt. Das Vereinigte K\u00f6nigreich ist au\u00dferdem ein aufregender Ort zum Leben mit einem reichen Mix aus Geschichte, Kultur, globalen Einfl\u00fcssen und M\u00f6glichkeiten [&hellip;]<\/p>\n","protected":false},"author":1,"featured_media":0,"parent":0,"menu_order":0,"comment_status":"closed","ping_status":"closed","template":"single-four.php","meta":[],"acf":[],"yoast_head":"<!-- This site is optimized with the Yoast SEO plugin v19.4 - https:\/\/yoast.com\/wordpress\/plugins\/seo\/ -->\n<title>Warum Englisch lernen in England? - Urlaub &amp; Reisen<\/title>\n<meta name=\"robots\" content=\"index, follow, max-snippet:-1, max-image-preview:large, max-video-preview:-1\" \/>\n<link rel=\"canonical\" href=\"https:\/\/www.urlaubcornwall.de\/blog\/warum-englisch-lernen-in-england\/\" \/>\n<meta property=\"og:locale\" content=\"en_US\" \/>\n<meta property=\"og:type\" content=\"article\" \/>\n<meta property=\"og:title\" content=\"Warum Englisch lernen in England? - Urlaub &amp; Reisen\" \/>\n<meta property=\"og:description\" content=\"Rund 500.000 Menschen reisen jedes Jahr nach Gro\u00dfbritannien um Englisch zu lernen. Es ist die Heimat der englischen Sprache. Es bietet die beste Auswahl f\u00fcr Englischkurse der ganzen Welt. Deren Qualit\u00e4t ist \u00fcberall anerkannt. Das Vereinigte K\u00f6nigreich ist au\u00dferdem ein aufregender Ort zum Leben mit einem reichen Mix aus Geschichte, Kultur, globalen Einfl\u00fcssen und M\u00f6glichkeiten [&hellip;]\" \/>\n<meta property=\"og:url\" content=\"https:\/\/www.urlaubcornwall.de\/blog\/warum-englisch-lernen-in-england\/\" \/>\n<meta property=\"og:site_name\" content=\"Urlaub &amp; Reisen\" \/>\n<meta property=\"article:modified_time\" content=\"2016-09-19T17:34:21+00:00\" \/>\n<meta property=\"og:image\" content=\"https:\/\/www.urlaubcornwall.de\/blog\/wp-content\/uploads\/2016\/05\/urlaub-St-Ives-1.jpg\" \/>\n<meta name=\"twitter:card\" content=\"summary\" \/>\n<meta name=\"twitter:label1\" content=\"Est. reading time\" \/>\n\t<meta name=\"twitter:data1\" content=\"1 minute\" \/>\n<script type=\"application\/ld+json\" class=\"yoast-schema-graph\">{\"@context\":\"https:\/\/schema.org\",\"@graph\":[{\"@type\":\"WebSite\",\"@id\":\"https:\/\/www.urlaubcornwall.de\/blog\/#website\",\"url\":\"https:\/\/www.urlaubcornwall.de\/blog\/\",\"name\":\"Urlaub &amp; Reisen\",\"description\":\"Urlaub, Reisen, Cornwall und S\u00fcdengland: eine perfekte Kombination\",\"potentialAction\":[{\"@type\":\"SearchAction\",\"target\":{\"@type\":\"EntryPoint\",\"urlTemplate\":\"https:\/\/www.urlaubcornwall.de\/blog\/?s={search_term_string}\"},\"query-input\":\"required name=search_term_string\"}],\"inLanguage\":\"en-US\"},{\"@type\":\"WebPage\",\"@id\":\"https:\/\/www.urlaubcornwall.de\/blog\/warum-englisch-lernen-in-england\/\",\"url\":\"https:\/\/www.urlaubcornwall.de\/blog\/warum-englisch-lernen-in-england\/\",\"name\":\"Warum Englisch lernen in England? - Urlaub &amp; Reisen\",\"isPartOf\":{\"@id\":\"https:\/\/www.urlaubcornwall.de\/blog\/#website\"},\"datePublished\":\"2016-09-18T13:48:21+00:00\",\"dateModified\":\"2016-09-19T17:34:21+00:00\",\"breadcrumb\":{\"@id\":\"https:\/\/www.urlaubcornwall.de\/blog\/warum-englisch-lernen-in-england\/#breadcrumb\"},\"inLanguage\":\"en-US\",\"potentialAction\":[{\"@type\":\"ReadAction\",\"target\":[\"https:\/\/www.urlaubcornwall.de\/blog\/warum-englisch-lernen-in-england\/\"]}]},{\"@type\":\"BreadcrumbList\",\"@id\":\"https:\/\/www.urlaubcornwall.de\/blog\/warum-englisch-lernen-in-england\/#breadcrumb\",\"itemListElement\":[{\"@type\":\"ListItem\",\"position\":1,\"name\":\"Home\",\"item\":\"https:\/\/www.urlaubcornwall.de\/blog\/\"},{\"@type\":\"ListItem\",\"position\":2,\"name\":\"Warum Englisch lernen in England?\"}]}]}<\/script>\n<!-- \/ Yoast SEO plugin. -->","yoast_head_json":{"title":"Warum Englisch lernen in England? - Urlaub &amp; Reisen","robots":{"index":"index","follow":"follow","max-snippet":"max-snippet:-1","max-image-preview":"max-image-preview:large","max-video-preview":"max-video-preview:-1"},"canonical":"https:\/\/www.urlaubcornwall.de\/blog\/warum-englisch-lernen-in-england\/","og_locale":"en_US","og_type":"article","og_title":"Warum Englisch lernen in England? - Urlaub &amp; Reisen","og_description":"Rund 500.000 Menschen reisen jedes Jahr nach Gro\u00dfbritannien um Englisch zu lernen. Es ist die Heimat der englischen Sprache. Es bietet die beste Auswahl f\u00fcr Englischkurse der ganzen Welt. Deren Qualit\u00e4t ist \u00fcberall anerkannt. Das Vereinigte K\u00f6nigreich ist au\u00dferdem ein aufregender Ort zum Leben mit einem reichen Mix aus Geschichte, Kultur, globalen Einfl\u00fcssen und M\u00f6glichkeiten [&hellip;]","og_url":"https:\/\/www.urlaubcornwall.de\/blog\/warum-englisch-lernen-in-england\/","og_site_name":"Urlaub &amp; Reisen","article_modified_time":"2016-09-19T17:34:21+00:00","og_image":[{"url":"https:\/\/www.urlaubcornwall.de\/blog\/wp-content\/uploads\/2016\/05\/urlaub-St-Ives-1.jpg"}],"twitter_card":"summary","twitter_misc":{"Est. reading time":"1 minute"},"schema":{"@context":"https:\/\/schema.org","@graph":[{"@type":"WebSite","@id":"https:\/\/www.urlaubcornwall.de\/blog\/#website","url":"https:\/\/www.urlaubcornwall.de\/blog\/","name":"Urlaub &amp; Reisen","description":"Urlaub, Reisen, Cornwall und S\u00fcdengland: eine perfekte Kombination","potentialAction":[{"@type":"SearchAction","target":{"@type":"EntryPoint","urlTemplate":"https:\/\/www.urlaubcornwall.de\/blog\/?s={search_term_string}"},"query-input":"required name=search_term_string"}],"inLanguage":"en-US"},{"@type":"WebPage","@id":"https:\/\/www.urlaubcornwall.de\/blog\/warum-englisch-lernen-in-england\/","url":"https:\/\/www.urlaubcornwall.de\/blog\/warum-englisch-lernen-in-england\/","name":"Warum Englisch lernen in England? - Urlaub &amp; Reisen","isPartOf":{"@id":"https:\/\/www.urlaubcornwall.de\/blog\/#website"},"datePublished":"2016-09-18T13:48:21+00:00","dateModified":"2016-09-19T17:34:21+00:00","breadcrumb":{"@id":"https:\/\/www.urlaubcornwall.de\/blog\/warum-englisch-lernen-in-england\/#breadcrumb"},"inLanguage":"en-US","potentialAction":[{"@type":"ReadAction","target":["https:\/\/www.urlaubcornwall.de\/blog\/warum-englisch-lernen-in-england\/"]}]},{"@type":"BreadcrumbList","@id":"https:\/\/www.urlaubcornwall.de\/blog\/warum-englisch-lernen-in-england\/#breadcrumb","itemListElement":[{"@type":"ListItem","position":1,"name":"Home","item":"https:\/\/www.urlaubcornwall.de\/blog\/"},{"@type":"ListItem","position":2,"name":"Warum Englisch lernen in England?"}]}]}},"_links":{"self":[{"href":"https:\/\/www.urlaubcornwall.de\/blog\/wp-json\/wp\/v2\/pages\/25043"}],"collection":[{"href":"https:\/\/www.urlaubcornwall.de\/blog\/wp-json\/wp\/v2\/pages"}],"about":[{"href":"https:\/\/www.urlaubcornwall.de\/blog\/wp-json\/wp\/v2\/types\/page"}],"author":[{"embeddable":true,"href":"https:\/\/www.urlaubcornwall.de\/blog\/wp-json\/wp\/v2\/users\/1"}],"replies":[{"embeddable":true,"href":"https:\/\/www.urlaubcornwall.de\/blog\/wp-json\/wp\/v2\/comments?post=25043"}],"version-history":[{"count":2,"href":"https:\/\/www.urlaubcornwall.de\/blog\/wp-json\/wp\/v2\/pages\/25043\/revisions"}],"predecessor-version":[{"id":25055,"href":"https:\/\/www.urlaubcornwall.de\/blog\/wp-json\/wp\/v2\/pages\/25043\/revisions\/25055"}],"wp:attachment":[{"href":"https:\/\/www.urlaubcornwall.de\/blog\/wp-json\/wp\/v2\/media?parent=25043"}],"curies":[{"name":"wp","href":"https:\/\/api.w.org\/{rel}","templated":true}]}}