{"id":25012,"date":"2016-09-03T08:54:58","date_gmt":"2016-09-03T08:54:58","guid":{"rendered":"https:\/\/www.urlaubcornwall.de\/blog\/?page_id=25012"},"modified":"2021-12-09T14:20:05","modified_gmt":"2021-12-09T14:20:05","slug":"weshalb-sie-william-und-kate-auf-die-scilly-inseln-folgen-sollten","status":"publish","type":"page","link":"https:\/\/www.urlaubcornwall.de\/blog\/weshalb-sie-william-und-kate-auf-die-scilly-inseln-folgen-sollten\/","title":{"rendered":"Weshalb Sie William und Kate auf die Scilly Inseln folgen sollten"},"content":{"rendered":"<p><img loading=\"lazy\" class=\"aligncenter size-full wp-image-25014\" src=\"https:\/\/www.urlaubcornwall.de\/blog\/wp-content\/uploads\/2016\/09\/kate-und-william-scilly-inseln.png\" alt=\"kate und william scilly inseln\" width=\"748\" height=\"495\" \/><\/p>\n<p>Herzog und Herzogin von Cambridge haben k\u00fcrzlich w\u00e4hrend einer Kurzreise eine der wundersch\u00f6nsten und friedlichsten Ecken Gro\u00dfbritanniens besucht \u2013 die <span style=\"text-decoration: underline;\"><strong><a href=\"http:\/\/www.urlaubcornwall.de\/Scilly-Inseln.php\">Scilly Inseln<\/a><\/strong><\/span>, die sich vor der K\u00fcste Cornwalls befinden.<\/p>\n<p><script async src=\"https:\/\/pagead2.googlesyndication.com\/pagead\/js\/adsbygoogle.js?client=ca-pub-3901089389175725\"\n     crossorigin=\"anonymous\"><\/script><br \/>\n<!-- New UC --><br \/>\n<ins class=\"adsbygoogle\"\n     style=\"display:block\"\n     data-ad-client=\"ca-pub-3901089389175725\"\n     data-ad-slot=\"8080314818\"\n     data-ad-format=\"auto\"\n     data-full-width-responsive=\"true\"><\/ins><br \/>\n<script>\n     (adsbygoogle = window.adsbygoogle || []).push({});\n<\/script><\/p>\n<p><img loading=\"lazy\" class=\"aligncenter size-full wp-image-34153\" src=\"https:\/\/www.urlaubcornwall.de\/blog\/wp-content\/uploads\/2018\/08\/wanderurlaub-scilly-inseln-isles.jpg\" alt=\"urlaub scilly inseln isles\" width=\"749\" height=\"489\" srcset=\"https:\/\/www.urlaubcornwall.de\/blog\/wp-content\/uploads\/2018\/08\/wanderurlaub-scilly-inseln-isles.jpg 749w, https:\/\/www.urlaubcornwall.de\/blog\/wp-content\/uploads\/2018\/08\/wanderurlaub-scilly-inseln-isles-300x196.jpg 300w\" sizes=\"(max-width: 749px) 100vw, 749px\" \/><\/p>\n<p>Die Scilly Inseln bieten eine ganz besondere Lebensqualit\u00e4t \u2013 einfacher, freundlich und friedlicher; eine Qualit\u00e4t, die in vielen anderen Teilen S\u00fcdenglands verlorengegangen ist. Hier lebt eine Bev\u00f6lkerung von 2200 Menschen, die sich gl\u00fccklich sch\u00e4tzen, dies ihr Zuhause nennen zu k\u00f6nnen. Es gibt f\u00fcnf bewohnte Inseln &#8211; <a href=\"https:\/\/www.urlaubcornwall.de\/blog\/scilly-inseln-st-marys\/\">St. Mary&#8217;s<\/a>, <a href=\"https:\/\/www.urlaubcornwall.de\/blog\/scilly-inseln-tresco\/\">Tresco<\/a>, <a href=\"https:\/\/www.urlaubcornwall.de\/blog\/scilly-inseln-st-martins\/\">St. Martin&#8217;s<\/a>, <a href=\"https:\/\/www.urlaubcornwall.de\/blog\/scilly-inseln-bryher\/\">Bryher<\/a> und <a href=\"https:\/\/www.urlaubcornwall.de\/blog\/scilly-inseln-st-agnes\/\">St. Agnes<\/a>, sowie zahlreiche unbewohnte Inseln, die es zu erkunden gibt. Jede Insel hat ihre eigenen Charakteristika. Scilly besticht auch mit einer unglaublich alten Geschichte und Arch\u00e4ologie neben atemberaubendem Meeresblick und zerkl\u00fcfteten, unber\u00fchrten K\u00fcsten.<\/p>\n<p>Die Inseln verf\u00fcgen \u00fcber wundersch\u00f6nste Sandstr\u00e4nde, die auf einer karibischen Insel sein k\u00f6nnten.<\/p>\n<p style=\"text-align: center;\"><a class=\"tidycta\" href=\"http:\/\/www.urlaubcornwall.de\/Scilly-Inseln.php\">Urlaub Scilly-Inseln <\/a><\/p>\n<p>Falls Sie dieses kleine Archipel selbst erkunden m\u00f6chten, so finden Sie hier <span style=\"text-decoration: underline;\"><a href=\"http:\/\/www.urlaubcornwall.de\/Scilly-Inseln.php\"><strong>unseren F\u00fchrer<\/strong><\/a><\/span> zum Besten, was es auf den Inseln gibt.<\/p>\n","protected":false},"excerpt":{"rendered":"<p>Herzog und Herzogin von Cambridge haben k\u00fcrzlich w\u00e4hrend einer Kurzreise eine der wundersch\u00f6nsten und friedlichsten Ecken Gro\u00dfbritanniens besucht \u2013 die Scilly Inseln, die sich vor der K\u00fcste Cornwalls befinden. Die Scilly Inseln bieten eine ganz besondere Lebensqualit\u00e4t \u2013 einfacher, freundlich und friedlicher; eine Qualit\u00e4t, die in vielen anderen Teilen S\u00fcdenglands verlorengegangen ist. Hier lebt eine [&hellip;]<\/p>\n","protected":false},"author":1,"featured_media":0,"parent":0,"menu_order":0,"comment_status":"closed","ping_status":"closed","template":"single-four.php","meta":[],"acf":[],"yoast_head":"<!-- This site is optimized with the Yoast SEO plugin v19.4 - https:\/\/yoast.com\/wordpress\/plugins\/seo\/ -->\n<title>Weshalb Sie William und Kate auf die Scilly Inseln folgen sollten - Urlaub &amp; Reisen<\/title>\n<meta name=\"robots\" content=\"index, follow, max-snippet:-1, max-image-preview:large, max-video-preview:-1\" \/>\n<link rel=\"canonical\" href=\"https:\/\/www.urlaubcornwall.de\/blog\/weshalb-sie-william-und-kate-auf-die-scilly-inseln-folgen-sollten\/\" \/>\n<meta property=\"og:locale\" content=\"en_US\" \/>\n<meta property=\"og:type\" content=\"article\" \/>\n<meta property=\"og:title\" content=\"Weshalb Sie William und Kate auf die Scilly Inseln folgen sollten - Urlaub &amp; Reisen\" \/>\n<meta property=\"og:description\" content=\"Herzog und Herzogin von Cambridge haben k\u00fcrzlich w\u00e4hrend einer Kurzreise eine der wundersch\u00f6nsten und friedlichsten Ecken Gro\u00dfbritanniens besucht \u2013 die Scilly Inseln, die sich vor der K\u00fcste Cornwalls befinden. Die Scilly Inseln bieten eine ganz besondere Lebensqualit\u00e4t \u2013 einfacher, freundlich und friedlicher; eine Qualit\u00e4t, die in vielen anderen Teilen S\u00fcdenglands verlorengegangen ist. Hier lebt eine [&hellip;]\" \/>\n<meta property=\"og:url\" content=\"https:\/\/www.urlaubcornwall.de\/blog\/weshalb-sie-william-und-kate-auf-die-scilly-inseln-folgen-sollten\/\" \/>\n<meta property=\"og:site_name\" content=\"Urlaub &amp; Reisen\" \/>\n<meta property=\"article:modified_time\" content=\"2021-12-09T14:20:05+00:00\" \/>\n<meta property=\"og:image\" content=\"https:\/\/www.urlaubcornwall.de\/blog\/wp-content\/uploads\/2016\/09\/kate-und-william-scilly-inseln.png\" \/>\n<meta name=\"twitter:card\" content=\"summary\" \/>\n<meta name=\"twitter:label1\" content=\"Est. reading time\" \/>\n\t<meta name=\"twitter:data1\" content=\"1 minute\" \/>\n<script type=\"application\/ld+json\" class=\"yoast-schema-graph\">{\"@context\":\"https:\/\/schema.org\",\"@graph\":[{\"@type\":\"WebSite\",\"@id\":\"https:\/\/www.urlaubcornwall.de\/blog\/#website\",\"url\":\"https:\/\/www.urlaubcornwall.de\/blog\/\",\"name\":\"Urlaub &amp; Reisen\",\"description\":\"Urlaub, Reisen, Cornwall und S\u00fcdengland: eine perfekte Kombination\",\"potentialAction\":[{\"@type\":\"SearchAction\",\"target\":{\"@type\":\"EntryPoint\",\"urlTemplate\":\"https:\/\/www.urlaubcornwall.de\/blog\/?s={search_term_string}\"},\"query-input\":\"required name=search_term_string\"}],\"inLanguage\":\"en-US\"},{\"@type\":\"WebPage\",\"@id\":\"https:\/\/www.urlaubcornwall.de\/blog\/weshalb-sie-william-und-kate-auf-die-scilly-inseln-folgen-sollten\/\",\"url\":\"https:\/\/www.urlaubcornwall.de\/blog\/weshalb-sie-william-und-kate-auf-die-scilly-inseln-folgen-sollten\/\",\"name\":\"Weshalb Sie William und Kate auf die Scilly Inseln folgen sollten - Urlaub &amp; Reisen\",\"isPartOf\":{\"@id\":\"https:\/\/www.urlaubcornwall.de\/blog\/#website\"},\"datePublished\":\"2016-09-03T08:54:58+00:00\",\"dateModified\":\"2021-12-09T14:20:05+00:00\",\"breadcrumb\":{\"@id\":\"https:\/\/www.urlaubcornwall.de\/blog\/weshalb-sie-william-und-kate-auf-die-scilly-inseln-folgen-sollten\/#breadcrumb\"},\"inLanguage\":\"en-US\",\"potentialAction\":[{\"@type\":\"ReadAction\",\"target\":[\"https:\/\/www.urlaubcornwall.de\/blog\/weshalb-sie-william-und-kate-auf-die-scilly-inseln-folgen-sollten\/\"]}]},{\"@type\":\"BreadcrumbList\",\"@id\":\"https:\/\/www.urlaubcornwall.de\/blog\/weshalb-sie-william-und-kate-auf-die-scilly-inseln-folgen-sollten\/#breadcrumb\",\"itemListElement\":[{\"@type\":\"ListItem\",\"position\":1,\"name\":\"Home\",\"item\":\"https:\/\/www.urlaubcornwall.de\/blog\/\"},{\"@type\":\"ListItem\",\"position\":2,\"name\":\"Weshalb Sie William und Kate auf die Scilly Inseln folgen sollten\"}]}]}<\/script>\n<!-- \/ Yoast SEO plugin. -->","yoast_head_json":{"title":"Weshalb Sie William und Kate auf die Scilly Inseln folgen sollten - Urlaub &amp; Reisen","robots":{"index":"index","follow":"follow","max-snippet":"max-snippet:-1","max-image-preview":"max-image-preview:large","max-video-preview":"max-video-preview:-1"},"canonical":"https:\/\/www.urlaubcornwall.de\/blog\/weshalb-sie-william-und-kate-auf-die-scilly-inseln-folgen-sollten\/","og_locale":"en_US","og_type":"article","og_title":"Weshalb Sie William und Kate auf die Scilly Inseln folgen sollten - Urlaub &amp; Reisen","og_description":"Herzog und Herzogin von Cambridge haben k\u00fcrzlich w\u00e4hrend einer Kurzreise eine der wundersch\u00f6nsten und friedlichsten Ecken Gro\u00dfbritanniens besucht \u2013 die Scilly Inseln, die sich vor der K\u00fcste Cornwalls befinden. Die Scilly Inseln bieten eine ganz besondere Lebensqualit\u00e4t \u2013 einfacher, freundlich und friedlicher; eine Qualit\u00e4t, die in vielen anderen Teilen S\u00fcdenglands verlorengegangen ist. Hier lebt eine [&hellip;]","og_url":"https:\/\/www.urlaubcornwall.de\/blog\/weshalb-sie-william-und-kate-auf-die-scilly-inseln-folgen-sollten\/","og_site_name":"Urlaub &amp; Reisen","article_modified_time":"2021-12-09T14:20:05+00:00","og_image":[{"url":"https:\/\/www.urlaubcornwall.de\/blog\/wp-content\/uploads\/2016\/09\/kate-und-william-scilly-inseln.png"}],"twitter_card":"summary","twitter_misc":{"Est. reading time":"1 minute"},"schema":{"@context":"https:\/\/schema.org","@graph":[{"@type":"WebSite","@id":"https:\/\/www.urlaubcornwall.de\/blog\/#website","url":"https:\/\/www.urlaubcornwall.de\/blog\/","name":"Urlaub &amp; Reisen","description":"Urlaub, Reisen, Cornwall und S\u00fcdengland: eine perfekte Kombination","potentialAction":[{"@type":"SearchAction","target":{"@type":"EntryPoint","urlTemplate":"https:\/\/www.urlaubcornwall.de\/blog\/?s={search_term_string}"},"query-input":"required name=search_term_string"}],"inLanguage":"en-US"},{"@type":"WebPage","@id":"https:\/\/www.urlaubcornwall.de\/blog\/weshalb-sie-william-und-kate-auf-die-scilly-inseln-folgen-sollten\/","url":"https:\/\/www.urlaubcornwall.de\/blog\/weshalb-sie-william-und-kate-auf-die-scilly-inseln-folgen-sollten\/","name":"Weshalb Sie William und Kate auf die Scilly Inseln folgen sollten - Urlaub &amp; Reisen","isPartOf":{"@id":"https:\/\/www.urlaubcornwall.de\/blog\/#website"},"datePublished":"2016-09-03T08:54:58+00:00","dateModified":"2021-12-09T14:20:05+00:00","breadcrumb":{"@id":"https:\/\/www.urlaubcornwall.de\/blog\/weshalb-sie-william-und-kate-auf-die-scilly-inseln-folgen-sollten\/#breadcrumb"},"inLanguage":"en-US","potentialAction":[{"@type":"ReadAction","target":["https:\/\/www.urlaubcornwall.de\/blog\/weshalb-sie-william-und-kate-auf-die-scilly-inseln-folgen-sollten\/"]}]},{"@type":"BreadcrumbList","@id":"https:\/\/www.urlaubcornwall.de\/blog\/weshalb-sie-william-und-kate-auf-die-scilly-inseln-folgen-sollten\/#breadcrumb","itemListElement":[{"@type":"ListItem","position":1,"name":"Home","item":"https:\/\/www.urlaubcornwall.de\/blog\/"},{"@type":"ListItem","position":2,"name":"Weshalb Sie William und Kate auf die Scilly Inseln folgen sollten"}]}]}},"_links":{"self":[{"href":"https:\/\/www.urlaubcornwall.de\/blog\/wp-json\/wp\/v2\/pages\/25012"}],"collection":[{"href":"https:\/\/www.urlaubcornwall.de\/blog\/wp-json\/wp\/v2\/pages"}],"about":[{"href":"https:\/\/www.urlaubcornwall.de\/blog\/wp-json\/wp\/v2\/types\/page"}],"author":[{"embeddable":true,"href":"https:\/\/www.urlaubcornwall.de\/blog\/wp-json\/wp\/v2\/users\/1"}],"replies":[{"embeddable":true,"href":"https:\/\/www.urlaubcornwall.de\/blog\/wp-json\/wp\/v2\/comments?post=25012"}],"version-history":[{"count":14,"href":"https:\/\/www.urlaubcornwall.de\/blog\/wp-json\/wp\/v2\/pages\/25012\/revisions"}],"predecessor-version":[{"id":44345,"href":"https:\/\/www.urlaubcornwall.de\/blog\/wp-json\/wp\/v2\/pages\/25012\/revisions\/44345"}],"wp:attachment":[{"href":"https:\/\/www.urlaubcornwall.de\/blog\/wp-json\/wp\/v2\/media?parent=25012"}],"curies":[{"name":"wp","href":"https:\/\/api.w.org\/{rel}","templated":true}]}}