{"id":24920,"date":"2016-08-08T14:34:58","date_gmt":"2016-08-08T14:34:58","guid":{"rendered":"https:\/\/www.urlaubcornwall.de\/blog\/?page_id=24920"},"modified":"2017-01-21T09:13:56","modified_gmt":"2017-01-21T09:13:56","slug":"unsere-beliebtesten-restaurants-und-cafes-entlang-des-kuestenpfades-in-cornwall","status":"publish","type":"page","link":"https:\/\/www.urlaubcornwall.de\/blog\/unsere-beliebtesten-restaurants-und-cafes-entlang-des-kuestenpfades-in-cornwall\/","title":{"rendered":"Unsere beliebtesten Restaurants und Caf\u00e9s entlang des K\u00fcstenpfades in Cornwall"},"content":{"rendered":"<p><img loading=\"lazy\" class=\"aligncenter size-full wp-image-24013\" src=\"https:\/\/www.urlaubcornwall.de\/blog\/wp-content\/uploads\/2016\/05\/hidden-hut-cornwall.jpg\" alt=\"hidden-hut-cornwall\" height=\"370\" width=\"745\"\/><\/p>\n<p>Wir dachten, es macht Spa\u00df und ist gleichzeitig informativ, unsere beliebtesten Speiselokale entlang des <a href=\"http:\/\/www.urlaubcornwall.de\/wanderurlaub\/cornwall.php\">S\u00fcdwestk\u00fcstenpfades in Cornwall<\/a> aufzulisten. Da ich in Feock lebe, bin ich offensichtlich S\u00fcdcornwall zugeneigt, und dies w\u00e4re ohne diese Voreingenommenheit dann ja keine pers\u00f6nlich zusammengestellte Liste!<\/p>\n<p>1) <a href=\"http:\/\/www.hiddenhut.co.uk\/\" rel=\"nofollow\">The Hidden Hut<\/a> \u2013 oberhalb des Porthcurnick Strandes bei Portscatho. Es ist ein wunderbares Strandcaf\u00e9, betrieben von Simon und Jemma. Neben herrlichen Speisen w\u00e4hrend des Tages (Meeresfr\u00fcchteplatte ist unser Lieblingsmittagessen), gibt es \u201eFestn\u00e4chte\u201c w\u00e4hrend des Sommers. Diese sind stets ausverkauft, das Essen ist immer ausgezeichnet (nicht immer dagegen das Wetter), doch wenn das Wetter mitspielt, gibt es keinen besseren Ort. Wir waren in diesem Sommer einige Male dort, an einem unvergesslichen Abend im Juli fuhren wir mit dem Boot hin\u00fcber, ankerten kurz vor dem Strand und schwammen hin, wunderbar.<\/p>\n<p>2) <a href=\"http:\/\/samscornwall.co.uk\/on-the-beach\/on-the-beach-home\/\" rel=\"nofollow\">Sam&#8217;s on the Beach<\/a> &#8211; Polkerris zwischen Par und Fowey. Es ist ein Fischrestaurant in der alten Rettungsbootstation mit Blick \u00fcber den Strand; es wird allem gerecht, und die Atmosph\u00e4re und das Essen sind ebenfalls ausgezeichnet. Es ist ein absolutes Muss f\u00fcr ein Mittagessen, wenn Sie diesen Abschnitt des K\u00fcstenpfades erwandern.<\/p>\n<p>3)&nbsp;<a href=\"http:\/\/benatsennen.com\/\" rel=\"nofollow\">Ben Tunnicliffe&#8217;s&nbsp;<\/a>&#8211; Sennen Cove. Ein Cafe und Restaurant, das Sie mit Ihren Wanderschuhen betreten k\u00f6nnen! Ein gro\u00dfartig geeigneter Ort f\u00fcr eine Kaffeepause, wenn Sie von &nbsp;St Just nach Porthcurno wandern oder f\u00fcr ein Abendessen, wenn Sie in Sennen bleiben. Perfekte Lage mit Blick \u00fcber den&nbsp; Strand, ein Familienbetrieb mit Schwerpunkt \u00f6rtlich angebauter Produkte. Das Bild zeigt mich, wie ich gerade ausgezeichneten Kaffee bezahlt habe.<\/p>\n<p>4) <a href=\"http:\/\/www.thewrightbrothers.co.uk\/ferryboat-inn.html\" rel=\"nofollow\">The Ferryboat Inn<\/a> \u2013 an der Helford Passage. Eine 300 Jahre alte&nbsp;Kneipe (h\u00fcbsch renoviert) in fantastischer Lage neben dem Fluss Helford und neben der F\u00e4hre, die K\u00fcstenwanderer \u00fcber diesen Flussabschnitt bringt. Das Gasthaus serviert ausgezeichnete Speisen, wobei die vor Ort angebauten Austern eine Spezialit\u00e4t darstellen. Das ist ein weiterer Ort, an den wir viele Male von St Mawes aus per Boot gefahren sind (es ist schneller als mit dem Auto).<\/p>\n<p>5) &nbsp;<a href=\"http:\/\/www.rickstein.com\/The-Seafood-Restaurant.html\" rel=\"nofollow\">The Seafood Restaurant<\/a> &#8211; in Padstow. &nbsp;Rick Steins&nbsp;Flaggschiffrestaurant in Padstow (er hat noch viele weitere mehr). Hier w\u00fcrden Sie nicht ohne Weiteres mit schmutzigen Stiefeln auf ein schnelles Mittagessen&nbsp;eintreten, doch wenn Sie in Padstow bleiben, ist dies ein feines Fischrestaurant, wo sie die Vielfalt feiern, die das umgebende Meer bietet. Wir waren erst einmal dort, und es wird uns in Erinnerung bleiben (nicht billig!).<\/p>\n<p>6) <a href=\"http:\/\/www.thecabinbeachcafe.co.uk\/\" rel=\"nofollow\">The Cabin Beach Caf\u00e9<\/a> &#8211; bei Perranuthnoe (bei Marazion). &nbsp;50 Yards vom K\u00fcstenpfad entfernt, doch auf dieser Liste gestattet, da es eine gute Stimmung verbreitet und ein idealer Ort f\u00fcr einen morgendlichen Kaffee und Kuchen ist, wenn Sie von Penzance nach Porthleven wandern.<\/p>\n<p>7) <a href=\"http:\/\/www.olivetreebude.co.uk\/\" rel=\"nofollow\">The Olive Tree Coffee House und Weinbar <\/a>\u2013 am Kanal in Bude gelegen. Dies ist der perfekte Ort f\u00fcr einen Kaffee oder ein Mittagessen oder Abendessen. \u00d6rtliche Produkte sind die Spezialit\u00e4t hier, sowie ausgezeichnete Weine, einige davon von Cornwalls eigenen und ausgezeichneten Weing\u00e4rten (<a href=\"https:\/\/www.camelvalley.com\/\">Camel Valley <\/a>und <a href=\"http:\/\/www.knightor.com\/\" rel=\"nofollow\">Knightor<\/a> sind unsere Favoriten).<\/p>\n","protected":false},"excerpt":{"rendered":"<p>Wir dachten, es macht Spa\u00df und ist gleichzeitig informativ, unsere beliebtesten Speiselokale entlang des S\u00fcdwestk\u00fcstenpfades in Cornwall aufzulisten. Da ich in Feock lebe, bin ich offensichtlich S\u00fcdcornwall zugeneigt, und dies w\u00e4re ohne diese Voreingenommenheit dann ja keine pers\u00f6nlich zusammengestellte Liste! 1) The Hidden Hut \u2013 oberhalb des Porthcurnick Strandes bei Portscatho. Es ist ein wunderbares [&hellip;]<\/p>\n","protected":false},"author":1,"featured_media":0,"parent":0,"menu_order":0,"comment_status":"closed","ping_status":"closed","template":"single-four.php","meta":[],"acf":[],"yoast_head":"<!-- This site is optimized with the Yoast SEO plugin v19.4 - https:\/\/yoast.com\/wordpress\/plugins\/seo\/ -->\n<title>Unsere beliebtesten Restaurants und Caf\u00e9s entlang des K\u00fcstenpfades in Cornwall - Urlaub &amp; Reisen<\/title>\n<meta name=\"robots\" content=\"index, follow, max-snippet:-1, max-image-preview:large, max-video-preview:-1\" \/>\n<link rel=\"canonical\" href=\"https:\/\/www.urlaubcornwall.de\/blog\/unsere-beliebtesten-restaurants-und-cafes-entlang-des-kuestenpfades-in-cornwall\/\" \/>\n<meta property=\"og:locale\" content=\"en_US\" \/>\n<meta property=\"og:type\" content=\"article\" \/>\n<meta property=\"og:title\" content=\"Unsere beliebtesten Restaurants und Caf\u00e9s entlang des K\u00fcstenpfades in Cornwall - Urlaub &amp; Reisen\" \/>\n<meta property=\"og:description\" content=\"Wir dachten, es macht Spa\u00df und ist gleichzeitig informativ, unsere beliebtesten Speiselokale entlang des S\u00fcdwestk\u00fcstenpfades in Cornwall aufzulisten. Da ich in Feock lebe, bin ich offensichtlich S\u00fcdcornwall zugeneigt, und dies w\u00e4re ohne diese Voreingenommenheit dann ja keine pers\u00f6nlich zusammengestellte Liste! 1) The Hidden Hut \u2013 oberhalb des Porthcurnick Strandes bei Portscatho. Es ist ein wunderbares [&hellip;]\" \/>\n<meta property=\"og:url\" content=\"https:\/\/www.urlaubcornwall.de\/blog\/unsere-beliebtesten-restaurants-und-cafes-entlang-des-kuestenpfades-in-cornwall\/\" \/>\n<meta property=\"og:site_name\" content=\"Urlaub &amp; Reisen\" \/>\n<meta property=\"article:modified_time\" content=\"2017-01-21T09:13:56+00:00\" \/>\n<meta property=\"og:image\" content=\"https:\/\/www.urlaubcornwall.de\/blog\/wp-content\/uploads\/2016\/05\/hidden-hut-cornwall.jpg\" \/>\n<meta name=\"twitter:card\" content=\"summary\" \/>\n<meta name=\"twitter:label1\" content=\"Est. reading time\" \/>\n\t<meta name=\"twitter:data1\" content=\"3 minutes\" \/>\n<script type=\"application\/ld+json\" class=\"yoast-schema-graph\">{\"@context\":\"https:\/\/schema.org\",\"@graph\":[{\"@type\":\"WebSite\",\"@id\":\"https:\/\/www.urlaubcornwall.de\/blog\/#website\",\"url\":\"https:\/\/www.urlaubcornwall.de\/blog\/\",\"name\":\"Urlaub &amp; Reisen\",\"description\":\"Urlaub, Reisen, Cornwall und S\u00fcdengland: eine perfekte Kombination\",\"potentialAction\":[{\"@type\":\"SearchAction\",\"target\":{\"@type\":\"EntryPoint\",\"urlTemplate\":\"https:\/\/www.urlaubcornwall.de\/blog\/?s={search_term_string}\"},\"query-input\":\"required name=search_term_string\"}],\"inLanguage\":\"en-US\"},{\"@type\":\"WebPage\",\"@id\":\"https:\/\/www.urlaubcornwall.de\/blog\/unsere-beliebtesten-restaurants-und-cafes-entlang-des-kuestenpfades-in-cornwall\/\",\"url\":\"https:\/\/www.urlaubcornwall.de\/blog\/unsere-beliebtesten-restaurants-und-cafes-entlang-des-kuestenpfades-in-cornwall\/\",\"name\":\"Unsere beliebtesten Restaurants und Caf\u00e9s entlang des K\u00fcstenpfades in Cornwall - Urlaub &amp; Reisen\",\"isPartOf\":{\"@id\":\"https:\/\/www.urlaubcornwall.de\/blog\/#website\"},\"datePublished\":\"2016-08-08T14:34:58+00:00\",\"dateModified\":\"2017-01-21T09:13:56+00:00\",\"breadcrumb\":{\"@id\":\"https:\/\/www.urlaubcornwall.de\/blog\/unsere-beliebtesten-restaurants-und-cafes-entlang-des-kuestenpfades-in-cornwall\/#breadcrumb\"},\"inLanguage\":\"en-US\",\"potentialAction\":[{\"@type\":\"ReadAction\",\"target\":[\"https:\/\/www.urlaubcornwall.de\/blog\/unsere-beliebtesten-restaurants-und-cafes-entlang-des-kuestenpfades-in-cornwall\/\"]}]},{\"@type\":\"BreadcrumbList\",\"@id\":\"https:\/\/www.urlaubcornwall.de\/blog\/unsere-beliebtesten-restaurants-und-cafes-entlang-des-kuestenpfades-in-cornwall\/#breadcrumb\",\"itemListElement\":[{\"@type\":\"ListItem\",\"position\":1,\"name\":\"Home\",\"item\":\"https:\/\/www.urlaubcornwall.de\/blog\/\"},{\"@type\":\"ListItem\",\"position\":2,\"name\":\"Unsere beliebtesten Restaurants und Caf\u00e9s entlang des K\u00fcstenpfades in Cornwall\"}]}]}<\/script>\n<!-- \/ Yoast SEO plugin. -->","yoast_head_json":{"title":"Unsere beliebtesten Restaurants und Caf\u00e9s entlang des K\u00fcstenpfades in Cornwall - Urlaub &amp; Reisen","robots":{"index":"index","follow":"follow","max-snippet":"max-snippet:-1","max-image-preview":"max-image-preview:large","max-video-preview":"max-video-preview:-1"},"canonical":"https:\/\/www.urlaubcornwall.de\/blog\/unsere-beliebtesten-restaurants-und-cafes-entlang-des-kuestenpfades-in-cornwall\/","og_locale":"en_US","og_type":"article","og_title":"Unsere beliebtesten Restaurants und Caf\u00e9s entlang des K\u00fcstenpfades in Cornwall - Urlaub &amp; Reisen","og_description":"Wir dachten, es macht Spa\u00df und ist gleichzeitig informativ, unsere beliebtesten Speiselokale entlang des S\u00fcdwestk\u00fcstenpfades in Cornwall aufzulisten. Da ich in Feock lebe, bin ich offensichtlich S\u00fcdcornwall zugeneigt, und dies w\u00e4re ohne diese Voreingenommenheit dann ja keine pers\u00f6nlich zusammengestellte Liste! 1) The Hidden Hut \u2013 oberhalb des Porthcurnick Strandes bei Portscatho. Es ist ein wunderbares [&hellip;]","og_url":"https:\/\/www.urlaubcornwall.de\/blog\/unsere-beliebtesten-restaurants-und-cafes-entlang-des-kuestenpfades-in-cornwall\/","og_site_name":"Urlaub &amp; Reisen","article_modified_time":"2017-01-21T09:13:56+00:00","og_image":[{"url":"https:\/\/www.urlaubcornwall.de\/blog\/wp-content\/uploads\/2016\/05\/hidden-hut-cornwall.jpg"}],"twitter_card":"summary","twitter_misc":{"Est. reading time":"3 minutes"},"schema":{"@context":"https:\/\/schema.org","@graph":[{"@type":"WebSite","@id":"https:\/\/www.urlaubcornwall.de\/blog\/#website","url":"https:\/\/www.urlaubcornwall.de\/blog\/","name":"Urlaub &amp; Reisen","description":"Urlaub, Reisen, Cornwall und S\u00fcdengland: eine perfekte Kombination","potentialAction":[{"@type":"SearchAction","target":{"@type":"EntryPoint","urlTemplate":"https:\/\/www.urlaubcornwall.de\/blog\/?s={search_term_string}"},"query-input":"required name=search_term_string"}],"inLanguage":"en-US"},{"@type":"WebPage","@id":"https:\/\/www.urlaubcornwall.de\/blog\/unsere-beliebtesten-restaurants-und-cafes-entlang-des-kuestenpfades-in-cornwall\/","url":"https:\/\/www.urlaubcornwall.de\/blog\/unsere-beliebtesten-restaurants-und-cafes-entlang-des-kuestenpfades-in-cornwall\/","name":"Unsere beliebtesten Restaurants und Caf\u00e9s entlang des K\u00fcstenpfades in Cornwall - Urlaub &amp; Reisen","isPartOf":{"@id":"https:\/\/www.urlaubcornwall.de\/blog\/#website"},"datePublished":"2016-08-08T14:34:58+00:00","dateModified":"2017-01-21T09:13:56+00:00","breadcrumb":{"@id":"https:\/\/www.urlaubcornwall.de\/blog\/unsere-beliebtesten-restaurants-und-cafes-entlang-des-kuestenpfades-in-cornwall\/#breadcrumb"},"inLanguage":"en-US","potentialAction":[{"@type":"ReadAction","target":["https:\/\/www.urlaubcornwall.de\/blog\/unsere-beliebtesten-restaurants-und-cafes-entlang-des-kuestenpfades-in-cornwall\/"]}]},{"@type":"BreadcrumbList","@id":"https:\/\/www.urlaubcornwall.de\/blog\/unsere-beliebtesten-restaurants-und-cafes-entlang-des-kuestenpfades-in-cornwall\/#breadcrumb","itemListElement":[{"@type":"ListItem","position":1,"name":"Home","item":"https:\/\/www.urlaubcornwall.de\/blog\/"},{"@type":"ListItem","position":2,"name":"Unsere beliebtesten Restaurants und Caf\u00e9s entlang des K\u00fcstenpfades in Cornwall"}]}]}},"_links":{"self":[{"href":"https:\/\/www.urlaubcornwall.de\/blog\/wp-json\/wp\/v2\/pages\/24920"}],"collection":[{"href":"https:\/\/www.urlaubcornwall.de\/blog\/wp-json\/wp\/v2\/pages"}],"about":[{"href":"https:\/\/www.urlaubcornwall.de\/blog\/wp-json\/wp\/v2\/types\/page"}],"author":[{"embeddable":true,"href":"https:\/\/www.urlaubcornwall.de\/blog\/wp-json\/wp\/v2\/users\/1"}],"replies":[{"embeddable":true,"href":"https:\/\/www.urlaubcornwall.de\/blog\/wp-json\/wp\/v2\/comments?post=24920"}],"version-history":[{"count":3,"href":"https:\/\/www.urlaubcornwall.de\/blog\/wp-json\/wp\/v2\/pages\/24920\/revisions"}],"predecessor-version":[{"id":26269,"href":"https:\/\/www.urlaubcornwall.de\/blog\/wp-json\/wp\/v2\/pages\/24920\/revisions\/26269"}],"wp:attachment":[{"href":"https:\/\/www.urlaubcornwall.de\/blog\/wp-json\/wp\/v2\/media?parent=24920"}],"curies":[{"name":"wp","href":"https:\/\/api.w.org\/{rel}","templated":true}]}}