{"id":24914,"date":"2016-08-08T14:28:41","date_gmt":"2016-08-08T14:28:41","guid":{"rendered":"https:\/\/www.urlaubcornwall.de\/blog\/?page_id=24914"},"modified":"2016-08-09T13:36:35","modified_gmt":"2016-08-09T13:36:35","slug":"flussmuendungsueberquerungen-des-suedwestkuestenpfades-faehren","status":"publish","type":"page","link":"https:\/\/www.urlaubcornwall.de\/blog\/flussmuendungsueberquerungen-des-suedwestkuestenpfades-faehren\/","title":{"rendered":"Flussm\u00fcndungs\u00fcberquerungen des S\u00fcdwestk\u00fcstenpfades &#8211; F\u00e4hren"},"content":{"rendered":"<p><img loading=\"lazy\" class=\"aligncenter size-full wp-image-22548\" src=\"https:\/\/www.urlaubcornwall.de\/blog\/wp-content\/uploads\/2016\/01\/king-harry-fahre.jpg\" alt=\"king harry fahre\" width=\"740\" height=\"400\" srcset=\"https:\/\/www.urlaubcornwall.de\/blog\/wp-content\/uploads\/2016\/01\/king-harry-fahre.jpg 740w, https:\/\/www.urlaubcornwall.de\/blog\/wp-content\/uploads\/2016\/01\/king-harry-fahre-300x162.jpg 300w\" sizes=\"(max-width: 740px) 100vw, 740px\" \/><\/p>\n<p>Hier finden all jene wichtige Informationen, die einen <a href=\"http:\/\/www.urlaubcornwall.de\/wanderurlaub\/cornwall.php\">Wanderurlaub entlang des S\u00fcdwestk\u00fcstenpfades<\/a> in Cornwall, Devon und Dorset planen m\u00f6chten. Entlang der Wegstrecke gibt es zahlreiche Fluss\u00fcberquerungen, und es ist f\u00fcr einen reibungslosen Ablauf unabdingbar zu planen, wann Sie dort jeweils ankommen.<\/p>\n<p><strong>Norddevon<\/strong><\/p>\n<p><strong>Von Instow nach Appledore: <\/strong>Von April bis Oktober 2 Stunden beiderseits der Flut; diese F\u00e4hrverbindung macht die Wanderung durch Bideford \u00fcberfl\u00fcssig. Schauen Sie deren Website an, um den Zeitplan zu erfahren. <a href=\"http:\/\/www.appledoreinstowferry.com\/timetable-fares.html\" rel=\"nofollow\">http:\/\/www.appledoreinstowferry.com\/timetable-fares.html<\/a><\/p>\n<p><strong>Cornwall:<\/strong><\/p>\n<p><strong>Von Padstow nach Rock:<\/strong>\u00a0 Das ganze Jahr \u00fcber gilt der Sommerzeitplan 08:00 Uhr bis 18:30 Uhr. Siehe <a href=\"http:\/\/www.padstow-harbour.co.uk\/phc_ferry.html\" rel=\"nofollow\">Padstow Harbour website<\/a> bez\u00fcglich der Details.<\/p>\n<p><strong>Von Newquay nach Crantock:<\/strong> Ende Mai bis Mitte September; 10:00 Uhr bis 18:00 Uhr. Diese F\u00e4hre verkehrt ungef\u00e4hr 3 Stunden beiderseits der Flut, zu den anderen Zeiten ist es m\u00f6glich, \u00fcber den Fluss Gannel zu wandern. Die F\u00e4hre f\u00e4hrt vom <a href=\"http:\/\/fernpit.co.uk\/ferry\/\" rel=\"nofollow\">Fern Pit Caf\u00e9<\/a> bei Newquay. Siehe deren Website bez\u00fcglich der Details.<\/p>\n<p><strong>Gillan Creek:<\/strong>\u00a0 1. April bis 31. Oktober.\u00a0Diese Bucht kann 1 Stunde lang beiderseits der Ebbe auf Trittsteinen durchwatet werden. Wenn die Steine bedeckt sind, gibt es manchmal einen <a href=\"http:\/\/www.sailawaystanthony.co.uk\/ferry\/\">F\u00e4hrservice auf Nachfrage<\/a>; halten Sie Ausschau nach einem entsprechenden Schild.<\/p>\n<p><strong>Helford River:<\/strong> \u00a01. April bis 31. Oktober; 09:30 Uhr bis 17:00 Uhr.\u00a0Dieser Service besteht auf Nachfrage und wird von den \u00a0<a href=\"http:\/\/helford-river-boats.co.uk\/theferry\" rel=\"nofollow\">Helford River Boats<\/a> auf der Seite der Helford Passage betrieben. T\u00e4gliche Updates bez\u00fcglich der F\u00e4hre finden Sie auf deren <a href=\"http:\/\/helford-river-boats.co.uk\/theferry\" rel=\"nofollow\">facebook page<\/a>.<\/p>\n<p><strong>Von Falmouth nach St Mawes:<\/strong> \u00a0Das ganze Jahr \u00fcber, 08:45 Uhr bis 17:15 Uhr.\u00a0 Diese F\u00e4hre f\u00e4hrt w\u00e4hrend der Sommerhochsaison alle 20 Minuten, in den Monaten au\u00dfer Juli und August dann alle 30 Minuten und dann w\u00e4hrend des Winters jede Stunde. Der Service kann gest\u00f6rt werden durch schlechtes Wetter und starke Ebbe. Siehe die <a href=\"http:\/\/www.falriver.co.uk\/getting-about\/ferries\/st-mawes-ferry?__blockUid=FalRiver_Public_Block_Article_Listing&amp;page=all\" rel=\"nofollow\">Fal River<\/a> Website bez\u00fcglich der jeweiligen Situation. Falls die F\u00e4hre nicht f\u00e4hrt, ist die beste Alternative ein Wassertaxi. Versuchen Sie es mit Mark von <a href=\"http:\/\/www.stmaweskayaks.co.uk\/water-taxi\" rel=\"nofollow\">St Mawes Water Taxi<\/a> oder <a href=\"http:\/\/www.falmouthwatertaxi.co.uk\/fwt\/index.asp\">Falmouth Water Taxi<\/a>. Eine weitere Alternative w\u00e4re eine einst\u00fcndige Taxifahrt mit <a href=\"http:\/\/www.falmouthtaxis.co.uk\/\" rel=\"nofollow\">Falmouth Taxis<\/a> 01326 212141<\/p>\n<p><strong>Von St Mawes nach Place:<\/strong> 1. April bis 1. November, 09:00 Uhr bis 17:30 Uhr.\u00a0Diese F\u00e4hre f\u00e4hrt alle 30 Minuten. Der Service kann durch starke Ebbe und Schlechtwetter gest\u00f6rt werden. Siehe die <a href=\"http:\/\/www.falriver.co.uk\/getting-about\/ferries\/place-ferry\/timetable\" rel=\"nofollow\">Fal River<\/a> Website bez\u00fcglich aktueller Nachrichten.<\/p>\n<p><strong>Von Fowey nach Polruan:<\/strong> Das ganze Jahr \u00fcber, 09:00 Uhr bis 23:00 Uhr (1. Mai bis 30. September) und 09:00 Uhr bis 21:00 Uhr (1. Oktober bis 30. April).\u00a0 Siehe <a href=\"http:\/\/www.ctomsandson.co.uk\/polruan-ferry\/ferry-fares-and-timetables\/\" rel=\"nofollow\">Polruan Ferry Website<\/a> bez\u00fcglich des vollst\u00e4ndigen Zeitplans.<\/p>\n<p><strong>Mount Edgcumbe nach Plymouth: (Cremyll Ferry)<\/strong> Das ganze Jahr \u00fcber 09:00 Uhr bis 18:30 Uhr, Siehe <a href=\"http:\/\/www.ctomsandson.co.uk\/polruan-ferry\/ferry-fares-and-timetables\/\" rel=\"nofollow\">Cremyll Ferry Website<\/a> bez\u00fcglich des vollst\u00e4ndigen Zeitplans.<\/p>\n<p><strong>S\u00fcddevon:<\/strong><\/p>\n<p><strong><u>Von Plymouth nach Mount Batten:<\/u><\/strong> Das ganze Jahr \u00fcber; 08:45 Uhr bis 23:00 Uhr (Ende April bis zur ersten Oktoberwoche), 08:45 Uhr bis 18:15 Uhr (f\u00fcr den Rest des Jahres). Siehe <a href=\"http:\/\/www.mountbattenferry.co.uk\/information.html\" rel=\"nofollow\">Mount Batten Ferry<\/a> bez\u00fcglich des vollst\u00e4ndigen Zeitplans.<\/p>\n<p><strong><u>River Yealm F\u00e4hre:<\/u><\/strong> 1. April bis Sp\u00e4tseptember, 7 Tage pro Woche, 10:00 Uhr bis 16:00 Uhr w\u00e4hrend der Schulferien, sonst 10:00 Uhr bis 12:00 Uhr und 15:00 Uhr bis 16:00 Uhr. Rufen Sie \u00a0Bill Gregor an 07817 132757 bez\u00fcglich n\u00e4herer Informationen.<\/p>\n<p><strong><u>River Erme:<\/u><\/strong>\u00a0 Es gibt keine F\u00e4hrverbindung, dieser Fluss kann mit Bedacht 1 Stunde lang beiderseits der Ebbe \u00fcberquert werden. Bei starken s\u00fcdlichen Winden ist eine \u00dcberquerung nicht m\u00f6glich.<\/p>\n<p><strong><u>River Avon: <\/u><\/strong>\u00a027. April bis 19. September (kein Sonntagsservice); 10:00 Uhr bis 11:00 Uhr und 15:00 Uhr bis 16:00 Uhr.\u00a0 Rufen Sie Marsh Dawes (Bootshaus) 01548 561196 an bez\u00fcglich n\u00e4herer Informationen.<\/p>\n<p><strong><u>Von Salcombe nach East Portlemouth:<\/u><\/strong>\u00a0 Das ganze Jahr \u00fcber; 08:30 Uhr bis 17:00 Uhr (19:00 Uhr im Juli und August). Tel 01548 842061 bez\u00fcglich n\u00e4herer Informationen.<\/p>\n<p><strong><u>Von Dartmouth nach Kingswear:<\/u><\/strong>\u00a0 Das ganze Jahr \u00fcber zwischen 08:00 Uhr und 22:30 Uhr. Siehe Website bez\u00fcglich n\u00e4herer Informationen <a href=\"http:\/\/www.dartmouthhigherferry.com\/\" rel=\"nofollow\">http:\/\/www.dartmouthhigherferry.com\/<\/a><\/p>\n<p><strong><u>Von Teign nach Shaldon:<\/u><\/strong>\u00a0 Das ganze Jahr \u00fcber; 08:00 Uhr bis 18:00 Uhr (Abendd\u00e4mmerung im Juli und August) auf Nachfrage.\u00a0 Siehe Website bez\u00fcglich n\u00e4herer Informationen <a href=\"http:\/\/www.teignmouthshaldonferry.co.uk\/\" rel=\"nofollow\">http:\/\/www.teignmouthshaldonferry.co.uk\/<\/a><\/p>\n<p><strong><u>Von Starcross nach Exmouth: <\/u><\/strong>\u00a028. M\u00e4rz bis 31. Oktober (10:00 Uhr bis 17:00 Uhr) Siehe <a href=\"http:\/\/www.exe2sea.co.uk\/ferry.shtml\" rel=\"nofollow\">Exe to Sea Cruises<\/a> Website bez\u00fcglich n\u00e4herer Informationen.<\/p>\n<p><strong>Dorset<\/strong><\/p>\n<p><strong><u>Von Shell Bay nach Sandbanks:<\/u><\/strong>\u00a0 (Poole Hafeneingang) Das ganze Jahr \u00fcber; 07:10 Uhr bis 23:10 Uhr. Siehe <a href=\"http:\/\/www.sandbanksferry.co.uk\/timetable.php\" rel=\"nofollow\">Bournemouth-Swanage Motor Road and Ferry Company<\/a> Website bez\u00fcglich n\u00e4herer Informationen.<\/p>\n","protected":false},"excerpt":{"rendered":"<p>Hier finden all jene wichtige Informationen, die einen Wanderurlaub entlang des S\u00fcdwestk\u00fcstenpfades in Cornwall, Devon und Dorset planen m\u00f6chten. Entlang der Wegstrecke gibt es zahlreiche Fluss\u00fcberquerungen, und es ist f\u00fcr einen reibungslosen Ablauf unabdingbar zu planen, wann Sie dort jeweils ankommen. Norddevon Von Instow nach Appledore: Von April bis Oktober 2 Stunden beiderseits der Flut; [&hellip;]<\/p>\n","protected":false},"author":1,"featured_media":0,"parent":0,"menu_order":0,"comment_status":"closed","ping_status":"closed","template":"single-four.php","meta":[],"acf":[],"yoast_head":"<!-- This site is optimized with the Yoast SEO plugin v19.4 - https:\/\/yoast.com\/wordpress\/plugins\/seo\/ -->\n<title>Flussm\u00fcndungs\u00fcberquerungen des S\u00fcdwestk\u00fcstenpfades - F\u00e4hren - Urlaub &amp; Reisen<\/title>\n<meta name=\"robots\" content=\"index, follow, max-snippet:-1, max-image-preview:large, max-video-preview:-1\" \/>\n<link rel=\"canonical\" href=\"https:\/\/www.urlaubcornwall.de\/blog\/flussmuendungsueberquerungen-des-suedwestkuestenpfades-faehren\/\" \/>\n<meta property=\"og:locale\" content=\"en_US\" \/>\n<meta property=\"og:type\" content=\"article\" \/>\n<meta property=\"og:title\" content=\"Flussm\u00fcndungs\u00fcberquerungen des S\u00fcdwestk\u00fcstenpfades - F\u00e4hren - Urlaub &amp; Reisen\" \/>\n<meta property=\"og:description\" content=\"Hier finden all jene wichtige Informationen, die einen Wanderurlaub entlang des S\u00fcdwestk\u00fcstenpfades in Cornwall, Devon und Dorset planen m\u00f6chten. Entlang der Wegstrecke gibt es zahlreiche Fluss\u00fcberquerungen, und es ist f\u00fcr einen reibungslosen Ablauf unabdingbar zu planen, wann Sie dort jeweils ankommen. Norddevon Von Instow nach Appledore: Von April bis Oktober 2 Stunden beiderseits der Flut; [&hellip;]\" \/>\n<meta property=\"og:url\" content=\"https:\/\/www.urlaubcornwall.de\/blog\/flussmuendungsueberquerungen-des-suedwestkuestenpfades-faehren\/\" \/>\n<meta property=\"og:site_name\" content=\"Urlaub &amp; Reisen\" \/>\n<meta property=\"article:modified_time\" content=\"2016-08-09T13:36:35+00:00\" \/>\n<meta property=\"og:image\" content=\"https:\/\/www.urlaubcornwall.de\/blog\/wp-content\/uploads\/2016\/01\/king-harry-fahre.jpg\" \/>\n<meta name=\"twitter:card\" content=\"summary\" \/>\n<meta name=\"twitter:label1\" content=\"Est. reading time\" \/>\n\t<meta name=\"twitter:data1\" content=\"3 minutes\" \/>\n<script type=\"application\/ld+json\" class=\"yoast-schema-graph\">{\"@context\":\"https:\/\/schema.org\",\"@graph\":[{\"@type\":\"WebSite\",\"@id\":\"https:\/\/www.urlaubcornwall.de\/blog\/#website\",\"url\":\"https:\/\/www.urlaubcornwall.de\/blog\/\",\"name\":\"Urlaub &amp; Reisen\",\"description\":\"Urlaub, Reisen, Cornwall und S\u00fcdengland: eine perfekte Kombination\",\"potentialAction\":[{\"@type\":\"SearchAction\",\"target\":{\"@type\":\"EntryPoint\",\"urlTemplate\":\"https:\/\/www.urlaubcornwall.de\/blog\/?s={search_term_string}\"},\"query-input\":\"required name=search_term_string\"}],\"inLanguage\":\"en-US\"},{\"@type\":\"WebPage\",\"@id\":\"https:\/\/www.urlaubcornwall.de\/blog\/flussmuendungsueberquerungen-des-suedwestkuestenpfades-faehren\/\",\"url\":\"https:\/\/www.urlaubcornwall.de\/blog\/flussmuendungsueberquerungen-des-suedwestkuestenpfades-faehren\/\",\"name\":\"Flussm\u00fcndungs\u00fcberquerungen des S\u00fcdwestk\u00fcstenpfades - F\u00e4hren - Urlaub &amp; Reisen\",\"isPartOf\":{\"@id\":\"https:\/\/www.urlaubcornwall.de\/blog\/#website\"},\"datePublished\":\"2016-08-08T14:28:41+00:00\",\"dateModified\":\"2016-08-09T13:36:35+00:00\",\"breadcrumb\":{\"@id\":\"https:\/\/www.urlaubcornwall.de\/blog\/flussmuendungsueberquerungen-des-suedwestkuestenpfades-faehren\/#breadcrumb\"},\"inLanguage\":\"en-US\",\"potentialAction\":[{\"@type\":\"ReadAction\",\"target\":[\"https:\/\/www.urlaubcornwall.de\/blog\/flussmuendungsueberquerungen-des-suedwestkuestenpfades-faehren\/\"]}]},{\"@type\":\"BreadcrumbList\",\"@id\":\"https:\/\/www.urlaubcornwall.de\/blog\/flussmuendungsueberquerungen-des-suedwestkuestenpfades-faehren\/#breadcrumb\",\"itemListElement\":[{\"@type\":\"ListItem\",\"position\":1,\"name\":\"Home\",\"item\":\"https:\/\/www.urlaubcornwall.de\/blog\/\"},{\"@type\":\"ListItem\",\"position\":2,\"name\":\"Flussm\u00fcndungs\u00fcberquerungen des S\u00fcdwestk\u00fcstenpfades &#8211; F\u00e4hren\"}]}]}<\/script>\n<!-- \/ Yoast SEO plugin. -->","yoast_head_json":{"title":"Flussm\u00fcndungs\u00fcberquerungen des S\u00fcdwestk\u00fcstenpfades - F\u00e4hren - Urlaub &amp; Reisen","robots":{"index":"index","follow":"follow","max-snippet":"max-snippet:-1","max-image-preview":"max-image-preview:large","max-video-preview":"max-video-preview:-1"},"canonical":"https:\/\/www.urlaubcornwall.de\/blog\/flussmuendungsueberquerungen-des-suedwestkuestenpfades-faehren\/","og_locale":"en_US","og_type":"article","og_title":"Flussm\u00fcndungs\u00fcberquerungen des S\u00fcdwestk\u00fcstenpfades - F\u00e4hren - Urlaub &amp; Reisen","og_description":"Hier finden all jene wichtige Informationen, die einen Wanderurlaub entlang des S\u00fcdwestk\u00fcstenpfades in Cornwall, Devon und Dorset planen m\u00f6chten. Entlang der Wegstrecke gibt es zahlreiche Fluss\u00fcberquerungen, und es ist f\u00fcr einen reibungslosen Ablauf unabdingbar zu planen, wann Sie dort jeweils ankommen. Norddevon Von Instow nach Appledore: Von April bis Oktober 2 Stunden beiderseits der Flut; [&hellip;]","og_url":"https:\/\/www.urlaubcornwall.de\/blog\/flussmuendungsueberquerungen-des-suedwestkuestenpfades-faehren\/","og_site_name":"Urlaub &amp; Reisen","article_modified_time":"2016-08-09T13:36:35+00:00","og_image":[{"url":"https:\/\/www.urlaubcornwall.de\/blog\/wp-content\/uploads\/2016\/01\/king-harry-fahre.jpg"}],"twitter_card":"summary","twitter_misc":{"Est. reading time":"3 minutes"},"schema":{"@context":"https:\/\/schema.org","@graph":[{"@type":"WebSite","@id":"https:\/\/www.urlaubcornwall.de\/blog\/#website","url":"https:\/\/www.urlaubcornwall.de\/blog\/","name":"Urlaub &amp; Reisen","description":"Urlaub, Reisen, Cornwall und S\u00fcdengland: eine perfekte Kombination","potentialAction":[{"@type":"SearchAction","target":{"@type":"EntryPoint","urlTemplate":"https:\/\/www.urlaubcornwall.de\/blog\/?s={search_term_string}"},"query-input":"required name=search_term_string"}],"inLanguage":"en-US"},{"@type":"WebPage","@id":"https:\/\/www.urlaubcornwall.de\/blog\/flussmuendungsueberquerungen-des-suedwestkuestenpfades-faehren\/","url":"https:\/\/www.urlaubcornwall.de\/blog\/flussmuendungsueberquerungen-des-suedwestkuestenpfades-faehren\/","name":"Flussm\u00fcndungs\u00fcberquerungen des S\u00fcdwestk\u00fcstenpfades - F\u00e4hren - Urlaub &amp; Reisen","isPartOf":{"@id":"https:\/\/www.urlaubcornwall.de\/blog\/#website"},"datePublished":"2016-08-08T14:28:41+00:00","dateModified":"2016-08-09T13:36:35+00:00","breadcrumb":{"@id":"https:\/\/www.urlaubcornwall.de\/blog\/flussmuendungsueberquerungen-des-suedwestkuestenpfades-faehren\/#breadcrumb"},"inLanguage":"en-US","potentialAction":[{"@type":"ReadAction","target":["https:\/\/www.urlaubcornwall.de\/blog\/flussmuendungsueberquerungen-des-suedwestkuestenpfades-faehren\/"]}]},{"@type":"BreadcrumbList","@id":"https:\/\/www.urlaubcornwall.de\/blog\/flussmuendungsueberquerungen-des-suedwestkuestenpfades-faehren\/#breadcrumb","itemListElement":[{"@type":"ListItem","position":1,"name":"Home","item":"https:\/\/www.urlaubcornwall.de\/blog\/"},{"@type":"ListItem","position":2,"name":"Flussm\u00fcndungs\u00fcberquerungen des S\u00fcdwestk\u00fcstenpfades &#8211; F\u00e4hren"}]}]}},"_links":{"self":[{"href":"https:\/\/www.urlaubcornwall.de\/blog\/wp-json\/wp\/v2\/pages\/24914"}],"collection":[{"href":"https:\/\/www.urlaubcornwall.de\/blog\/wp-json\/wp\/v2\/pages"}],"about":[{"href":"https:\/\/www.urlaubcornwall.de\/blog\/wp-json\/wp\/v2\/types\/page"}],"author":[{"embeddable":true,"href":"https:\/\/www.urlaubcornwall.de\/blog\/wp-json\/wp\/v2\/users\/1"}],"replies":[{"embeddable":true,"href":"https:\/\/www.urlaubcornwall.de\/blog\/wp-json\/wp\/v2\/comments?post=24914"}],"version-history":[{"count":3,"href":"https:\/\/www.urlaubcornwall.de\/blog\/wp-json\/wp\/v2\/pages\/24914\/revisions"}],"predecessor-version":[{"id":24933,"href":"https:\/\/www.urlaubcornwall.de\/blog\/wp-json\/wp\/v2\/pages\/24914\/revisions\/24933"}],"wp:attachment":[{"href":"https:\/\/www.urlaubcornwall.de\/blog\/wp-json\/wp\/v2\/media?parent=24914"}],"curies":[{"name":"wp","href":"https:\/\/api.w.org\/{rel}","templated":true}]}}