{"id":24904,"date":"2016-08-08T10:19:00","date_gmt":"2016-08-08T10:19:00","guid":{"rendered":"https:\/\/www.urlaubcornwall.de\/blog\/?page_id=24904"},"modified":"2016-08-08T10:53:40","modified_gmt":"2016-08-08T10:53:40","slug":"wandern-in-devon-von-minehead-nach-westwood-ho","status":"publish","type":"page","link":"https:\/\/www.urlaubcornwall.de\/blog\/wandern-in-devon-von-minehead-nach-westwood-ho\/","title":{"rendered":"Wandern in Devon: von Minehead nach Westwood Ho"},"content":{"rendered":"<p><img loading=\"lazy\" class=\"aligncenter size-full wp-image-24905\" src=\"https:\/\/www.urlaubcornwall.de\/blog\/wp-content\/uploads\/2016\/08\/woolacombe-strand.jpg\" alt=\"wandern devon woolacombe strand\" width=\"746\" height=\"362\" srcset=\"https:\/\/www.urlaubcornwall.de\/blog\/wp-content\/uploads\/2016\/08\/woolacombe-strand.jpg 746w, https:\/\/www.urlaubcornwall.de\/blog\/wp-content\/uploads\/2016\/08\/woolacombe-strand-300x146.jpg 300w\" sizes=\"(max-width: 746px) 100vw, 746px\" \/><br \/>\nEin wundervoll variantenreicher Abschnitt des <a href=\"http:\/\/www.urlaubcornwall.de\/wanderurlaub\/cornwall.php\">S\u00fcdwestk\u00fcstenpfades<\/a>, vom Start in Minehead und den hohen Klippen Exmoors bis zu den letzten beiden Tagen an riesigen Sandstr\u00e4nden und D\u00fcnen, sowie den Schlammb\u00e4nken und Flussm\u00fcndungen.<\/p>\n<p><strong>H\u00f6hepunkte:<\/strong><\/p>\n<ul>\n<li>\u00a0der h\u00f6chste Punkt des K\u00fcstenpfades &#8220;Great Hangman&#8221; mit 318m<\/li>\n<li>\u00a0spektakul\u00e4rer Klippenblick<\/li>\n<li>\u00a0Meeresfr\u00fcchte vor Ort und herrliche \u00f6rtlich gebraute Biere und Apfelpunsch.<\/li>\n<li>\u00a0goldene Sandstr\u00e4nde und wundervolle Flussm\u00fcndungen<\/li>\n<\/ul>\n<p><strong>Tag 1: <\/strong>Reise nach Minehead, wo Ihre erste \u00dcbernachtungsunterkunft gebucht wurde.<\/p>\n<p><strong>Tag 2<\/strong>: Wanderung von Minehead nach Porlock (9,5 Meilen)<\/p>\n<p>Eine interessante erste Wanderung an diesem isolierten Abschnitt des Pfades, wo die weite Ausdehnung Exmoors hinunterreicht zum Meer. Der letzte Abschnitt nach Porlock ist recht besonders, da es eine Mischung an Feldern und Sumpfland hinter einer Kieselbank ist.<\/p>\n<p><strong>Tag 3<\/strong>: Wanderung von Porlock nach Lynmouth (12,3 Meilen)<\/p>\n<p>Die Wanderung beginnt an bewaldeten Klippen. Wenn Sie die Grenze von Devon nach Somerset \u00fcberquert haben, \u00f6ffnen sich die Klippen mehr und gestatten Blick \u00fcber Lynton und Lynmouth.<\/p>\n<p><strong>Tag 4<\/strong>: Wanderung von Lynmouth nach Combe Martin (13,5 Meilen)<\/p>\n<p>Eine harte Tageswanderung an einem abgelegenen Abschnitt des Pfades. Es gibt felsige Klippen, die isolierte Bucht von Heddon&#8217;s Mouth und den h\u00f6chsten Punkt des K\u00fcstenpfades &#8220;Great Hangman\u201c mit seinen 244 Metern vertikaler Klippen.<\/p>\n<p><strong>Tag 5<\/strong>: Wanderung von Combe Martin nach Woolacoombe (12,6 Meilen)<\/p>\n<p>Nach der Isolation des vorhergehenden Tages verl\u00e4uft ein Abschnitt des heutigen Pfades entlang einer K\u00fcstenstra\u00dfe. Dort haben Sie noch immer spektakul\u00e4ren Blick \u00fcber dunkle, gef\u00e4hrliche Klippen und friedvolle felsige Einbuchtungen. Der enorme Strand\u00a0 Woolacombes zieht normalerweise Surfer an.<\/p>\n<p><strong>Tag 6<\/strong>: Wanderung von Woolacoombe nach Braunton (14,7 Meilen)<\/p>\n<p>Die erste Tagesh\u00e4lfte f\u00fchrt Sie \u00fcber den riesigen Sandstrand Woolacombes mit gro\u00dfen D\u00fcnen im Hintergrund. W\u00e4hrend der zweiten Tagesh\u00e4lfte erwandern Sie die Sandd\u00fcnen von Saunton Sands und die schlammigen B\u00e4nke des Flusses Taw; herrlich, um V\u00f6gel zu beobachten.<\/p>\n<p><strong>Tag 7<\/strong>: Wanderung von Braunton nach Instow (13,3 Meilen)<\/p>\n<p>Ein leichter letzter Tag, der \u00fcberwiegend den Ufern des Flusses Torridge folgt. Dabei gehen Sie vorbei am alten Hafen von Bideford und dem Fischerdorf Appledore.<\/p>\n<p><strong>Tag 8<\/strong>: Wanderung von Instow nach Westward Ho (11,8 Meilen)<\/p>\n<p><strong><u>ZUG\u00c4NGLICHKEIT:<\/u><\/strong><\/p>\n<p>Diese Wanderung kann zu jeder Jahreszeit unternommen werden, doch aufgrund der Launen des Wetters empfehlen wir f\u00fcr gew\u00f6hnlich M\u00e4rz bis Oktober. Einige Pfadabschnitte k\u00f6nnen bei starkem Wind gef\u00e4hrlich sein.<\/p>\n<p><strong><u>PREISE<\/u><\/strong><u>:\u00a0<\/u><\/p>\n<p>7 Tage Wanderroute (8 N\u00e4chte Unterkunft) ab \u00a3675 pro Person<\/p>\n<p>Unser Team organisiert gern die perfekte Wandertour in Cornwall f\u00fcr Sie. Besuchen Sie die Website unseres <a href=\"http:\/\/www.urlaubcornwall.de\/wanderurlaub\/cornwall.php\"><span style=\"text-decoration: underline;\"><strong>Teams in Cornwall<\/strong><\/span> <\/a>oder schicken Sie uns eine <span style=\"text-decoration: underline;\"><strong><a href=\"http:\/\/www.urlaubcornwall.de\/wanderurlaub\/anfrage.php\">Anfrage.<\/a><\/strong><\/span><\/p>\n","protected":false},"excerpt":{"rendered":"<p>Ein wundervoll variantenreicher Abschnitt des S\u00fcdwestk\u00fcstenpfades, vom Start in Minehead und den hohen Klippen Exmoors bis zu den letzten beiden Tagen an riesigen Sandstr\u00e4nden und D\u00fcnen, sowie den Schlammb\u00e4nken und Flussm\u00fcndungen. H\u00f6hepunkte: \u00a0der h\u00f6chste Punkt des K\u00fcstenpfades &#8220;Great Hangman&#8221; mit 318m \u00a0spektakul\u00e4rer Klippenblick \u00a0Meeresfr\u00fcchte vor Ort und herrliche \u00f6rtlich gebraute Biere und Apfelpunsch. \u00a0goldene Sandstr\u00e4nde [&hellip;]<\/p>\n","protected":false},"author":1,"featured_media":0,"parent":0,"menu_order":0,"comment_status":"closed","ping_status":"closed","template":"single-four.php","meta":[],"acf":[],"yoast_head":"<!-- This site is optimized with the Yoast SEO plugin v19.4 - https:\/\/yoast.com\/wordpress\/plugins\/seo\/ -->\n<title>Wandern in Devon: von Minehead nach Westwood Ho - Urlaub &amp; Reisen<\/title>\n<meta name=\"robots\" content=\"index, follow, max-snippet:-1, max-image-preview:large, max-video-preview:-1\" \/>\n<link rel=\"canonical\" href=\"https:\/\/www.urlaubcornwall.de\/blog\/wandern-in-devon-von-minehead-nach-westwood-ho\/\" \/>\n<meta property=\"og:locale\" content=\"en_US\" \/>\n<meta property=\"og:type\" content=\"article\" \/>\n<meta property=\"og:title\" content=\"Wandern in Devon: von Minehead nach Westwood Ho - Urlaub &amp; Reisen\" \/>\n<meta property=\"og:description\" content=\"Ein wundervoll variantenreicher Abschnitt des S\u00fcdwestk\u00fcstenpfades, vom Start in Minehead und den hohen Klippen Exmoors bis zu den letzten beiden Tagen an riesigen Sandstr\u00e4nden und D\u00fcnen, sowie den Schlammb\u00e4nken und Flussm\u00fcndungen. H\u00f6hepunkte: \u00a0der h\u00f6chste Punkt des K\u00fcstenpfades &#8220;Great Hangman&#8221; mit 318m \u00a0spektakul\u00e4rer Klippenblick \u00a0Meeresfr\u00fcchte vor Ort und herrliche \u00f6rtlich gebraute Biere und Apfelpunsch. \u00a0goldene Sandstr\u00e4nde [&hellip;]\" \/>\n<meta property=\"og:url\" content=\"https:\/\/www.urlaubcornwall.de\/blog\/wandern-in-devon-von-minehead-nach-westwood-ho\/\" \/>\n<meta property=\"og:site_name\" content=\"Urlaub &amp; Reisen\" \/>\n<meta property=\"article:modified_time\" content=\"2016-08-08T10:53:40+00:00\" \/>\n<meta property=\"og:image\" content=\"https:\/\/www.urlaubcornwall.de\/blog\/wp-content\/uploads\/2016\/08\/woolacombe-strand.jpg\" \/>\n<meta name=\"twitter:card\" content=\"summary\" \/>\n<meta name=\"twitter:label1\" content=\"Est. reading time\" \/>\n\t<meta name=\"twitter:data1\" content=\"2 minutes\" \/>\n<script type=\"application\/ld+json\" class=\"yoast-schema-graph\">{\"@context\":\"https:\/\/schema.org\",\"@graph\":[{\"@type\":\"WebSite\",\"@id\":\"https:\/\/www.urlaubcornwall.de\/blog\/#website\",\"url\":\"https:\/\/www.urlaubcornwall.de\/blog\/\",\"name\":\"Urlaub &amp; Reisen\",\"description\":\"Urlaub, Reisen, Cornwall und S\u00fcdengland: eine perfekte Kombination\",\"potentialAction\":[{\"@type\":\"SearchAction\",\"target\":{\"@type\":\"EntryPoint\",\"urlTemplate\":\"https:\/\/www.urlaubcornwall.de\/blog\/?s={search_term_string}\"},\"query-input\":\"required name=search_term_string\"}],\"inLanguage\":\"en-US\"},{\"@type\":\"WebPage\",\"@id\":\"https:\/\/www.urlaubcornwall.de\/blog\/wandern-in-devon-von-minehead-nach-westwood-ho\/\",\"url\":\"https:\/\/www.urlaubcornwall.de\/blog\/wandern-in-devon-von-minehead-nach-westwood-ho\/\",\"name\":\"Wandern in Devon: von Minehead nach Westwood Ho - Urlaub &amp; Reisen\",\"isPartOf\":{\"@id\":\"https:\/\/www.urlaubcornwall.de\/blog\/#website\"},\"datePublished\":\"2016-08-08T10:19:00+00:00\",\"dateModified\":\"2016-08-08T10:53:40+00:00\",\"breadcrumb\":{\"@id\":\"https:\/\/www.urlaubcornwall.de\/blog\/wandern-in-devon-von-minehead-nach-westwood-ho\/#breadcrumb\"},\"inLanguage\":\"en-US\",\"potentialAction\":[{\"@type\":\"ReadAction\",\"target\":[\"https:\/\/www.urlaubcornwall.de\/blog\/wandern-in-devon-von-minehead-nach-westwood-ho\/\"]}]},{\"@type\":\"BreadcrumbList\",\"@id\":\"https:\/\/www.urlaubcornwall.de\/blog\/wandern-in-devon-von-minehead-nach-westwood-ho\/#breadcrumb\",\"itemListElement\":[{\"@type\":\"ListItem\",\"position\":1,\"name\":\"Home\",\"item\":\"https:\/\/www.urlaubcornwall.de\/blog\/\"},{\"@type\":\"ListItem\",\"position\":2,\"name\":\"Wandern in Devon: von Minehead nach Westwood Ho\"}]}]}<\/script>\n<!-- \/ Yoast SEO plugin. -->","yoast_head_json":{"title":"Wandern in Devon: von Minehead nach Westwood Ho - Urlaub &amp; Reisen","robots":{"index":"index","follow":"follow","max-snippet":"max-snippet:-1","max-image-preview":"max-image-preview:large","max-video-preview":"max-video-preview:-1"},"canonical":"https:\/\/www.urlaubcornwall.de\/blog\/wandern-in-devon-von-minehead-nach-westwood-ho\/","og_locale":"en_US","og_type":"article","og_title":"Wandern in Devon: von Minehead nach Westwood Ho - Urlaub &amp; Reisen","og_description":"Ein wundervoll variantenreicher Abschnitt des S\u00fcdwestk\u00fcstenpfades, vom Start in Minehead und den hohen Klippen Exmoors bis zu den letzten beiden Tagen an riesigen Sandstr\u00e4nden und D\u00fcnen, sowie den Schlammb\u00e4nken und Flussm\u00fcndungen. H\u00f6hepunkte: \u00a0der h\u00f6chste Punkt des K\u00fcstenpfades &#8220;Great Hangman&#8221; mit 318m \u00a0spektakul\u00e4rer Klippenblick \u00a0Meeresfr\u00fcchte vor Ort und herrliche \u00f6rtlich gebraute Biere und Apfelpunsch. \u00a0goldene Sandstr\u00e4nde [&hellip;]","og_url":"https:\/\/www.urlaubcornwall.de\/blog\/wandern-in-devon-von-minehead-nach-westwood-ho\/","og_site_name":"Urlaub &amp; Reisen","article_modified_time":"2016-08-08T10:53:40+00:00","og_image":[{"url":"https:\/\/www.urlaubcornwall.de\/blog\/wp-content\/uploads\/2016\/08\/woolacombe-strand.jpg"}],"twitter_card":"summary","twitter_misc":{"Est. reading time":"2 minutes"},"schema":{"@context":"https:\/\/schema.org","@graph":[{"@type":"WebSite","@id":"https:\/\/www.urlaubcornwall.de\/blog\/#website","url":"https:\/\/www.urlaubcornwall.de\/blog\/","name":"Urlaub &amp; Reisen","description":"Urlaub, Reisen, Cornwall und S\u00fcdengland: eine perfekte Kombination","potentialAction":[{"@type":"SearchAction","target":{"@type":"EntryPoint","urlTemplate":"https:\/\/www.urlaubcornwall.de\/blog\/?s={search_term_string}"},"query-input":"required name=search_term_string"}],"inLanguage":"en-US"},{"@type":"WebPage","@id":"https:\/\/www.urlaubcornwall.de\/blog\/wandern-in-devon-von-minehead-nach-westwood-ho\/","url":"https:\/\/www.urlaubcornwall.de\/blog\/wandern-in-devon-von-minehead-nach-westwood-ho\/","name":"Wandern in Devon: von Minehead nach Westwood Ho - Urlaub &amp; Reisen","isPartOf":{"@id":"https:\/\/www.urlaubcornwall.de\/blog\/#website"},"datePublished":"2016-08-08T10:19:00+00:00","dateModified":"2016-08-08T10:53:40+00:00","breadcrumb":{"@id":"https:\/\/www.urlaubcornwall.de\/blog\/wandern-in-devon-von-minehead-nach-westwood-ho\/#breadcrumb"},"inLanguage":"en-US","potentialAction":[{"@type":"ReadAction","target":["https:\/\/www.urlaubcornwall.de\/blog\/wandern-in-devon-von-minehead-nach-westwood-ho\/"]}]},{"@type":"BreadcrumbList","@id":"https:\/\/www.urlaubcornwall.de\/blog\/wandern-in-devon-von-minehead-nach-westwood-ho\/#breadcrumb","itemListElement":[{"@type":"ListItem","position":1,"name":"Home","item":"https:\/\/www.urlaubcornwall.de\/blog\/"},{"@type":"ListItem","position":2,"name":"Wandern in Devon: von Minehead nach Westwood Ho"}]}]}},"_links":{"self":[{"href":"https:\/\/www.urlaubcornwall.de\/blog\/wp-json\/wp\/v2\/pages\/24904"}],"collection":[{"href":"https:\/\/www.urlaubcornwall.de\/blog\/wp-json\/wp\/v2\/pages"}],"about":[{"href":"https:\/\/www.urlaubcornwall.de\/blog\/wp-json\/wp\/v2\/types\/page"}],"author":[{"embeddable":true,"href":"https:\/\/www.urlaubcornwall.de\/blog\/wp-json\/wp\/v2\/users\/1"}],"replies":[{"embeddable":true,"href":"https:\/\/www.urlaubcornwall.de\/blog\/wp-json\/wp\/v2\/comments?post=24904"}],"version-history":[{"count":3,"href":"https:\/\/www.urlaubcornwall.de\/blog\/wp-json\/wp\/v2\/pages\/24904\/revisions"}],"predecessor-version":[{"id":24913,"href":"https:\/\/www.urlaubcornwall.de\/blog\/wp-json\/wp\/v2\/pages\/24904\/revisions\/24913"}],"wp:attachment":[{"href":"https:\/\/www.urlaubcornwall.de\/blog\/wp-json\/wp\/v2\/media?parent=24904"}],"curies":[{"name":"wp","href":"https:\/\/api.w.org\/{rel}","templated":true}]}}